{"id":16746,"date":"2018-05-03T14:23:32","date_gmt":"2018-05-03T13:23:32","guid":{"rendered":"https:\/\/lottohoy.com\/faq-om-online-lotteri\/"},"modified":"2018-05-03T14:23:32","modified_gmt":"2018-05-03T13:23:32","slug":"faq-om-online-lotteri","status":"publish","type":"page","link":"https:\/\/lottohoy.com\/da\/faq-om-online-lotteri\/","title":{"rendered":"FAQ om online-lotteri"},"content":{"rendered":"<p>Vi lever i en ny tid, og traditioner bliver overg\u00e5et af innovationer. Alt \u00e6ndrer sig, og alt bliver hurtigere og nemmere, s\u00e5 du kan opn\u00e5 mere og f\u00e5 mest muligt ud af livet.<\/p>\n<p>Det g\u00e6lder ogs\u00e5 lotteriet, og i dag er det muligt for alle over hele verden at <a href=\"https:\/\/lottohoy.com\/play\/\"><strong>spille online<\/strong><\/a> -lotteri via internettet.<\/p>\n<h2><b>Hvad er online lotteri?<\/b><\/h2>\n<p><strong>Onlinelotteriet<\/strong> er stadig det \u00bbtypiske\u00ab lotteri, bortset fra at k\u00f8bene foretages online via internettet. N\u00e6sten alle lotterier i verden er tilg\u00e6ngelige fra hvor som helst i verden!<\/p>\n<p>Uanset hvor du er, vil du kunne spille de mest kendte lotterier fra den anden side af jorden. Samme pr\u00e6mier, samme muligheder. En spiller fra Filippinerne kan spille det amerikanske <a href=\"https:\/\/lottohoy.com\/play\/mega-millions\/\"><strong>MegaMillions-lotteri<\/strong><\/a>, eller en canadisk spiller kan .<\/p>\n<h2>Hvordan g\u00f8r man krav p\u00e5 pr\u00e6miepenge?<\/h2>\n<p>I tilf\u00e6lde af et helt eller delvist match med kombinationen af dine valgte tal eller kugler med det <a href=\"https:\/\/lottohoy.com\/results\/\"><strong>officielle lotteriresultat<\/strong><\/a>, der er spillet, deponeres den tilsvarende pr\u00e6mie direkte p\u00e5 brugerens konto. Disse midler er tilg\u00e6ngelige fra det \u00f8jeblik.<\/p>\n<h2>Kan lotteriet spilles online?<\/h2>\n<p>Selvf\u00f8lgelig, det er meget nemt. Du skal blot <a href=\"https:\/\/lottohoy.com\/signup\/\"><strong>tilmelde dig LottoHoy<\/strong><\/a> med din mobil, b\u00e6rbare eller station\u00e6re computer og begynde at spille dine yndlingsspil, uanset hvor du befinder dig.<\/p>\n<h2><b>S\u00e5dan k\u00f8ber du lodsedler online<\/b><\/h2>\n<p>N\u00e5r du g\u00e5r ind p\u00e5 LottoHoy, skal du v\u00e6lge det lotteri, du vil spille i. F\u00f8lg instruktionerne for at v\u00e6lge din kombination, og udfyld s\u00e5 mange kolonner, som du vil.<\/p>\n<p>Derefter skal du bare foretage betalingen med en af de forskellige betalingsmetoder, vi tilbyder, og loddet eller lodderne vil straks v\u00e6re dine.<\/p>\n<h2><b>Hvilket online-lotteri er bedst?<\/b><\/h2>\n<p>Hvert lotteri har sine fordele, du skal bare finde det, der tilbyder de funktioner, der passer bedst til dig. .<\/p>\n<p>Visse lotterier har <a href=\"https:\/\/lottohoy.com\/jackpots\/\"><strong>store jackpots<\/strong><\/a> til vindere i den f\u00f8rste kategori, hvor tidligere jackpots uden vindere er blevet akkumuleret. Nogle har n\u00e5et bel\u00f8b p\u00e5 op til 10 cifre (<del>den st\u00f8rste jackpot til dato var <\/del><strong><del>1,5 milliarder dollars<\/del><\/strong>). Det var i oktober 2023, men i dag er dette tal blevet overskredet ved 2 lejligheder, hvor de to amerikanske lotterier er dem, der har de st\u00f8rste pr\u00e6mier indtil i dag, den f\u00f8rste dag i \u00e5r 2025.<\/p>\n<p><strong>Powerball-lotteriet med en rekord p\u00e5 2.040 mio. dollars og Megamillions-lotteriet med 1.602 mio. dollars.<\/strong><\/p>\n<p>Der er flere lotterier, der fordeler pr\u00e6mietr\u00e6kninger mellem forskellige kategorier, s\u00e5 der kan v\u00e6re mange flere vindere med mindre bel\u00f8b.<\/p>\n","protected":false},"excerpt":{"rendered":"<p>Vi lever i en ny tid, og traditioner bliver overg\u00e5et af innovationer. Alt \u00e6ndrer sig, og alt bliver hurtigere og nemmere, s\u00e5 du kan opn\u00e5 mere og f\u00e5 mest muligt ud af livet. Det g\u00e6lder ogs\u00e5 lotteriet, og i dag er det muligt for alle over hele verden at spille online -lotteri via internettet. Hvad [&hellip;]<\/p>\n","protected":false},"author":2,"featured_media":0,"parent":0,"menu_order":3,"comment_status":"closed","ping_status":"closed","template":"Information.php","meta":{"_et_pb_use_builder":"","_et_pb_old_content":"","_et_gb_content_width":"","exclude_from_search":false,"footnotes":""},"class_list":["post-16746","page","type-page","status-publish","hentry"],"yoast_head":"<!-- This site is optimized with the Yoast SEO plugin v23.7 - https:\/\/yoast.com\/wordpress\/plugins\/seo\/ -->\n<title>Ofte stillede sp\u00f8rgsm\u00e5l om onlinelotteri - Lottohoy<\/title>\n<meta name=\"description\" content=\"Alt hvad du har brug for at vide om onlinelotteri! Find svaret p\u00e5 de oftest stillede sp\u00f8rgsm\u00e5l, og g\u00f8r dine dr\u00f8mme til virkelighed hos Lottohoy.\" \/>\n<meta name=\"robots\" content=\"index, follow, max-snippet:-1, max-image-preview:large, max-video-preview:-1\" \/>\n<link rel=\"canonical\" href=\"https:\/\/lottohoy.com\/da\/faq-om-online-lotteri\/\" \/>\n<meta property=\"og:locale\" content=\"da_DK\" \/>\n<meta property=\"og:type\" content=\"article\" \/>\n<meta property=\"og:title\" content=\"Ofte stillede sp\u00f8rgsm\u00e5l om onlinelotteri - Lottohoy\" \/>\n<meta property=\"og:description\" content=\"Alt hvad du har brug for at vide om onlinelotteri! Find svaret p\u00e5 de oftest stillede sp\u00f8rgsm\u00e5l, og g\u00f8r dine dr\u00f8mme til virkelighed hos Lottohoy.\" \/>\n<meta property=\"og:url\" content=\"https:\/\/lottohoy.com\/da\/faq-om-online-lotteri\/\" \/>\n<meta property=\"og:site_name\" content=\"Lottohoy\" \/>\n<meta name=\"twitter:card\" content=\"summary_large_image\" \/>\n<meta name=\"twitter:label1\" content=\"Estimeret l\u00e6setid\" \/>\n\t<meta name=\"twitter:data1\" content=\"2 minutter\" \/>\n<script type=\"application\/ld+json\" class=\"yoast-schema-graph\">{\"@context\":\"https:\/\/schema.org\",\"@graph\":[{\"@type\":\"WebPage\",\"@id\":\"https:\/\/lottohoy.com\/da\/faq-om-online-lotteri\/\",\"url\":\"https:\/\/lottohoy.com\/da\/faq-om-online-lotteri\/\",\"name\":\"Ofte stillede sp\u00f8rgsm\u00e5l om onlinelotteri - Lottohoy\",\"isPartOf\":{\"@id\":\"https:\/\/lottohoy.com\/da\/#website\"},\"datePublished\":\"2018-05-03T13:23:32+00:00\",\"dateModified\":\"2018-05-03T13:23:32+00:00\",\"description\":\"Alt hvad du har brug for at vide om onlinelotteri! Find svaret p\u00e5 de oftest stillede sp\u00f8rgsm\u00e5l, og g\u00f8r dine dr\u00f8mme til virkelighed hos Lottohoy.\",\"breadcrumb\":{\"@id\":\"https:\/\/lottohoy.com\/da\/faq-om-online-lotteri\/#breadcrumb\"},\"inLanguage\":\"da-DK\",\"potentialAction\":[{\"@type\":\"ReadAction\",\"target\":[\"https:\/\/lottohoy.com\/da\/faq-om-online-lotteri\/\"]}]},{\"@type\":\"BreadcrumbList\",\"@id\":\"https:\/\/lottohoy.com\/da\/faq-om-online-lotteri\/#breadcrumb\",\"itemListElement\":[{\"@type\":\"ListItem\",\"position\":1,\"name\":\"Home\",\"item\":\"https:\/\/lottohoy.com\/da\/\"},{\"@type\":\"ListItem\",\"position\":2,\"name\":\"FAQ om online-lotteri\"}]},{\"@type\":\"WebSite\",\"@id\":\"https:\/\/lottohoy.com\/da\/#website\",\"url\":\"https:\/\/lottohoy.com\/da\/\",\"name\":\"Lottohoy\",\"description\":\"\",\"potentialAction\":[{\"@type\":\"SearchAction\",\"target\":{\"@type\":\"EntryPoint\",\"urlTemplate\":\"https:\/\/lottohoy.com\/da\/?s={search_term_string}\"},\"query-input\":{\"@type\":\"PropertyValueSpecification\",\"valueRequired\":true,\"valueName\":\"search_term_string\"}}],\"inLanguage\":\"da-DK\"}]}<\/script>\n<!-- \/ Yoast SEO plugin. -->","yoast_head_json":{"title":"Ofte stillede sp\u00f8rgsm\u00e5l om onlinelotteri - Lottohoy","description":"Alt hvad du har brug for at vide om onlinelotteri! Find svaret p\u00e5 de oftest stillede sp\u00f8rgsm\u00e5l, og g\u00f8r dine dr\u00f8mme til virkelighed hos Lottohoy.","robots":{"index":"index","follow":"follow","max-snippet":"max-snippet:-1","max-image-preview":"max-image-preview:large","max-video-preview":"max-video-preview:-1"},"canonical":"https:\/\/lottohoy.com\/da\/faq-om-online-lotteri\/","og_locale":"da_DK","og_type":"article","og_title":"Ofte stillede sp\u00f8rgsm\u00e5l om onlinelotteri - Lottohoy","og_description":"Alt hvad du har brug for at vide om onlinelotteri! Find svaret p\u00e5 de oftest stillede sp\u00f8rgsm\u00e5l, og g\u00f8r dine dr\u00f8mme til virkelighed hos Lottohoy.","og_url":"https:\/\/lottohoy.com\/da\/faq-om-online-lotteri\/","og_site_name":"Lottohoy","twitter_card":"summary_large_image","twitter_misc":{"Estimeret l\u00e6setid":"2 minutter"},"schema":{"@context":"https:\/\/schema.org","@graph":[{"@type":"WebPage","@id":"https:\/\/lottohoy.com\/da\/faq-om-online-lotteri\/","url":"https:\/\/lottohoy.com\/da\/faq-om-online-lotteri\/","name":"Ofte stillede sp\u00f8rgsm\u00e5l om onlinelotteri - Lottohoy","isPartOf":{"@id":"https:\/\/lottohoy.com\/da\/#website"},"datePublished":"2018-05-03T13:23:32+00:00","dateModified":"2018-05-03T13:23:32+00:00","description":"Alt hvad du har brug for at vide om onlinelotteri! Find svaret p\u00e5 de oftest stillede sp\u00f8rgsm\u00e5l, og g\u00f8r dine dr\u00f8mme til virkelighed hos Lottohoy.","breadcrumb":{"@id":"https:\/\/lottohoy.com\/da\/faq-om-online-lotteri\/#breadcrumb"},"inLanguage":"da-DK","potentialAction":[{"@type":"ReadAction","target":["https:\/\/lottohoy.com\/da\/faq-om-online-lotteri\/"]}]},{"@type":"BreadcrumbList","@id":"https:\/\/lottohoy.com\/da\/faq-om-online-lotteri\/#breadcrumb","itemListElement":[{"@type":"ListItem","position":1,"name":"Home","item":"https:\/\/lottohoy.com\/da\/"},{"@type":"ListItem","position":2,"name":"FAQ om online-lotteri"}]},{"@type":"WebSite","@id":"https:\/\/lottohoy.com\/da\/#website","url":"https:\/\/lottohoy.com\/da\/","name":"Lottohoy","description":"","potentialAction":[{"@type":"SearchAction","target":{"@type":"EntryPoint","urlTemplate":"https:\/\/lottohoy.com\/da\/?s={search_term_string}"},"query-input":{"@type":"PropertyValueSpecification","valueRequired":true,"valueName":"search_term_string"}}],"inLanguage":"da-DK"}]}},"_links":{"self":[{"href":"https:\/\/lottohoy.com\/da\/wp-json\/wp\/v2\/pages\/16746","targetHints":{"allow":["GET"]}}],"collection":[{"href":"https:\/\/lottohoy.com\/da\/wp-json\/wp\/v2\/pages"}],"about":[{"href":"https:\/\/lottohoy.com\/da\/wp-json\/wp\/v2\/types\/page"}],"author":[{"embeddable":true,"href":"https:\/\/lottohoy.com\/da\/wp-json\/wp\/v2\/users\/2"}],"replies":[{"embeddable":true,"href":"https:\/\/lottohoy.com\/da\/wp-json\/wp\/v2\/comments?post=16746"}],"version-history":[{"count":0,"href":"https:\/\/lottohoy.com\/da\/wp-json\/wp\/v2\/pages\/16746\/revisions"}],"wp:attachment":[{"href":"https:\/\/lottohoy.com\/da\/wp-json\/wp\/v2\/media?parent=16746"}],"curies":[{"name":"wp","href":"https:\/\/api.w.org\/{rel}","templated":true}]}}