{"id":16736,"date":"2018-08-23T10:30:41","date_gmt":"2018-08-23T09:30:41","guid":{"rendered":"https:\/\/lottohoy.com\/spil\/spil-loerdagslotto\/"},"modified":"2018-08-23T10:30:41","modified_gmt":"2018-08-23T09:30:41","slug":"spil-loerdagslotto","status":"publish","type":"page","link":"https:\/\/lottohoy.com\/da\/spil\/spil-loerdagslotto\/","title":{"rendered":"Spil l\u00f8rdagslotto"},"content":{"rendered":"<p>For at fuldende den ugentlige r\u00e6kke af lodtr\u00e6kninger i Australien blev Saturday Lotto skabt. Dette er et spil, der i \u00f8jeblikket ligner europ\u00e6iske lotterier og best\u00e5r af et system med bolde, der tr\u00e6kkes fra en tromle, for at etablere en kombination af seks tal.<\/p>\n<p>Dette lotteri har en r\u00e6kke ekstraordin\u00e6re lodtr\u00e6kninger, kaldet \u00bbsuperdraw\u00ab med en pr\u00e6mie p\u00e5 op til AUD $ 20.000.000, der realiseres hver sjette eller syvende almindelige lodtr\u00e6kning.<\/p>\n<p>Derudover har de ogs\u00e5 andre s\u00e6rlige lodtr\u00e6kninger, \u00bbmegadraw\u00ab, som regel omkring jul og nyt\u00e5r, med en ansl\u00e5et jackpot p\u00e5 op til AUD $ 30.000.000.<\/p>\n<h2><strong>S\u00e5dan spiller du Saturday Lotto i Australien<\/strong><\/h2>\n<p>For at spille p\u00e5 Saturday Lotto skal spilleren v\u00e6lge seks tal fra tabellen, der best\u00e5r af 45 nummererede felter fra henholdsvis 1 til 45.<\/p>\n<p>N\u00e5r lodtr\u00e6kningen finder sted, udtr\u00e6kkes seks hovedkugler plus to ekstra, der kaldes \u00bbkomplement\u00e6re\u00ab. Disse kugler har den funktion at tilf\u00f8je et plus til vinderne af den anden og femte kategori. Det er vigtigt at matche disse to kugler sammen med mindst en af hovedkuglerne for at kvalificere sig til pr\u00e6mien i sjette kategori.<\/p>\n<h2><strong>Hvorn\u00e5r er der lodtr\u00e6kning til Saturday Lotto AU?<\/strong><\/h2>\n<p>Der afholdes en enkelt ugentlig lodtr\u00e6kning hver l\u00f8rdag kl. 20.30 australsk lokal tid. Billetsalget lukker en time f\u00f8r lodtr\u00e6kningen, og n\u00e5r lodtr\u00e6kningen er f\u00e6rdig, gen\u00e5bnes salget til n\u00e6ste uges lodtr\u00e6kning.<\/p>\n<h2><strong>Hvor meget koster l\u00f8rdagslotto?<\/strong><\/h2>\n<p>Hos LottoHoy kan du spille l\u00f8rdagslotto fra \u20ac1,50 pr. spillet kolonne. (Dette bel\u00f8b kan variere afh\u00e6ngigt af dollarkursen i forhold til euroen). Denne lave pris g\u00f8r det til en af de mest attraktive at spille hver uge.<\/p>\n<h2><strong>S\u00e5dan k\u00f8ber du l\u00f8rdagslotto<\/strong><\/h2>\n<p>Hvis du ikke er bosiddende i Australien eller ikke kan v\u00e6re i landet fysisk, er det nemt og praktisk at k\u00f8be lotteriet via vores online platform.<\/p>\n<p>Du skal bare f\u00f8lge disse trin:<\/p>\n<ol>\n<li>G\u00e5 ind p\u00e5 Saturday Lotto-spillesiden.<\/li>\n<li>I hver kolonne eller linje skal du v\u00e6lge seks tal blandt de 45 tilg\u00e6ngelige.<\/li>\n<li>Du kan udvide antallet af kolonner ved at klikke p\u00e5 \u00bb<strong>Flere linjer<\/strong>\u00ab.<\/li>\n<li>Klik derefter p\u00e5 \u00bbForts\u00e6t\u00ab for at komme til betalingssiden.<\/li>\n<li>P\u00e5 betalingssk\u00e6rmen vises en bred vifte af betalingsmetoder, lige fra kredit- \/ betalingskort og velkendte systemer som Skrill eller Neteller og en lang liste over andre betalingsmetoder.<\/li>\n<\/ol>\n","protected":false},"excerpt":{"rendered":"<p>For at fuldende den ugentlige r\u00e6kke af lodtr\u00e6kninger i Australien blev Saturday Lotto skabt. Dette er et spil, der i \u00f8jeblikket ligner europ\u00e6iske lotterier og best\u00e5r af et system med bolde, der tr\u00e6kkes fra en tromle, for at etablere en kombination af seks tal. Dette lotteri har en r\u00e6kke ekstraordin\u00e6re lodtr\u00e6kninger, kaldet \u00bbsuperdraw\u00ab med en [&hellip;]<\/p>\n","protected":false},"author":2,"featured_media":0,"parent":16579,"menu_order":19,"comment_status":"closed","ping_status":"closed","template":"saturday-lotto.php","meta":{"_et_pb_use_builder":"","_et_pb_old_content":"","_et_gb_content_width":"","exclude_from_search":false,"footnotes":""},"class_list":["post-16736","page","type-page","status-publish","hentry"],"yoast_head":"<!-- This site is optimized with the Yoast SEO plugin v23.7 - https:\/\/yoast.com\/wordpress\/plugins\/seo\/ -->\n<title>Spil Saturday Lotto online - Vind den australske jackpot i dag!<\/title>\n<meta name=\"description\" content=\"For at lave et Saturday Lotto-spil skal du v\u00e6lge dine 6 yndlingstal fra tabellen, der best\u00e5r af 45. Spil nu og bliv million\u00e6r i dag!\" \/>\n<meta name=\"robots\" content=\"index, follow, max-snippet:-1, max-image-preview:large, max-video-preview:-1\" \/>\n<link rel=\"canonical\" href=\"https:\/\/lottohoy.com\/da\/spil\/spil-loerdagslotto\/\" \/>\n<meta property=\"og:locale\" content=\"da_DK\" \/>\n<meta property=\"og:type\" content=\"article\" \/>\n<meta property=\"og:title\" content=\"Spil Saturday Lotto online - Vind den australske jackpot i dag!\" \/>\n<meta property=\"og:description\" content=\"For at lave et Saturday Lotto-spil skal du v\u00e6lge dine 6 yndlingstal fra tabellen, der best\u00e5r af 45. Spil nu og bliv million\u00e6r i dag!\" \/>\n<meta property=\"og:url\" content=\"https:\/\/lottohoy.com\/da\/spil\/spil-loerdagslotto\/\" \/>\n<meta property=\"og:site_name\" content=\"Lottohoy\" \/>\n<meta name=\"twitter:card\" content=\"summary_large_image\" \/>\n<meta name=\"twitter:label1\" content=\"Estimeret l\u00e6setid\" \/>\n\t<meta name=\"twitter:data1\" content=\"2 minutter\" \/>\n<script type=\"application\/ld+json\" class=\"yoast-schema-graph\">{\"@context\":\"https:\/\/schema.org\",\"@graph\":[{\"@type\":\"WebPage\",\"@id\":\"https:\/\/lottohoy.com\/da\/spil\/spil-loerdagslotto\/\",\"url\":\"https:\/\/lottohoy.com\/da\/spil\/spil-loerdagslotto\/\",\"name\":\"Spil Saturday Lotto online - Vind den australske jackpot i dag!\",\"isPartOf\":{\"@id\":\"https:\/\/lottohoy.com\/da\/#website\"},\"datePublished\":\"2018-08-23T09:30:41+00:00\",\"dateModified\":\"2018-08-23T09:30:41+00:00\",\"description\":\"For at lave et Saturday Lotto-spil skal du v\u00e6lge dine 6 yndlingstal fra tabellen, der best\u00e5r af 45. Spil nu og bliv million\u00e6r i dag!\",\"breadcrumb\":{\"@id\":\"https:\/\/lottohoy.com\/da\/spil\/spil-loerdagslotto\/#breadcrumb\"},\"inLanguage\":\"da-DK\",\"potentialAction\":[{\"@type\":\"ReadAction\",\"target\":[\"https:\/\/lottohoy.com\/da\/spil\/spil-loerdagslotto\/\"]}]},{\"@type\":\"BreadcrumbList\",\"@id\":\"https:\/\/lottohoy.com\/da\/spil\/spil-loerdagslotto\/#breadcrumb\",\"itemListElement\":[{\"@type\":\"ListItem\",\"position\":1,\"name\":\"Home\",\"item\":\"https:\/\/lottohoy.com\/da\/\"},{\"@type\":\"ListItem\",\"position\":2,\"name\":\"Spil lotteri online\",\"item\":\"https:\/\/lottohoy.com\/da\/spil\/\"},{\"@type\":\"ListItem\",\"position\":3,\"name\":\"Spil l\u00f8rdagslotto\"}]},{\"@type\":\"WebSite\",\"@id\":\"https:\/\/lottohoy.com\/da\/#website\",\"url\":\"https:\/\/lottohoy.com\/da\/\",\"name\":\"Lottohoy\",\"description\":\"\",\"potentialAction\":[{\"@type\":\"SearchAction\",\"target\":{\"@type\":\"EntryPoint\",\"urlTemplate\":\"https:\/\/lottohoy.com\/da\/?s={search_term_string}\"},\"query-input\":{\"@type\":\"PropertyValueSpecification\",\"valueRequired\":true,\"valueName\":\"search_term_string\"}}],\"inLanguage\":\"da-DK\"}]}<\/script>\n<!-- \/ Yoast SEO plugin. -->","yoast_head_json":{"title":"Spil Saturday Lotto online - Vind den australske jackpot i dag!","description":"For at lave et Saturday Lotto-spil skal du v\u00e6lge dine 6 yndlingstal fra tabellen, der best\u00e5r af 45. Spil nu og bliv million\u00e6r i dag!","robots":{"index":"index","follow":"follow","max-snippet":"max-snippet:-1","max-image-preview":"max-image-preview:large","max-video-preview":"max-video-preview:-1"},"canonical":"https:\/\/lottohoy.com\/da\/spil\/spil-loerdagslotto\/","og_locale":"da_DK","og_type":"article","og_title":"Spil Saturday Lotto online - Vind den australske jackpot i dag!","og_description":"For at lave et Saturday Lotto-spil skal du v\u00e6lge dine 6 yndlingstal fra tabellen, der best\u00e5r af 45. Spil nu og bliv million\u00e6r i dag!","og_url":"https:\/\/lottohoy.com\/da\/spil\/spil-loerdagslotto\/","og_site_name":"Lottohoy","twitter_card":"summary_large_image","twitter_misc":{"Estimeret l\u00e6setid":"2 minutter"},"schema":{"@context":"https:\/\/schema.org","@graph":[{"@type":"WebPage","@id":"https:\/\/lottohoy.com\/da\/spil\/spil-loerdagslotto\/","url":"https:\/\/lottohoy.com\/da\/spil\/spil-loerdagslotto\/","name":"Spil Saturday Lotto online - Vind den australske jackpot i dag!","isPartOf":{"@id":"https:\/\/lottohoy.com\/da\/#website"},"datePublished":"2018-08-23T09:30:41+00:00","dateModified":"2018-08-23T09:30:41+00:00","description":"For at lave et Saturday Lotto-spil skal du v\u00e6lge dine 6 yndlingstal fra tabellen, der best\u00e5r af 45. Spil nu og bliv million\u00e6r i dag!","breadcrumb":{"@id":"https:\/\/lottohoy.com\/da\/spil\/spil-loerdagslotto\/#breadcrumb"},"inLanguage":"da-DK","potentialAction":[{"@type":"ReadAction","target":["https:\/\/lottohoy.com\/da\/spil\/spil-loerdagslotto\/"]}]},{"@type":"BreadcrumbList","@id":"https:\/\/lottohoy.com\/da\/spil\/spil-loerdagslotto\/#breadcrumb","itemListElement":[{"@type":"ListItem","position":1,"name":"Home","item":"https:\/\/lottohoy.com\/da\/"},{"@type":"ListItem","position":2,"name":"Spil lotteri online","item":"https:\/\/lottohoy.com\/da\/spil\/"},{"@type":"ListItem","position":3,"name":"Spil l\u00f8rdagslotto"}]},{"@type":"WebSite","@id":"https:\/\/lottohoy.com\/da\/#website","url":"https:\/\/lottohoy.com\/da\/","name":"Lottohoy","description":"","potentialAction":[{"@type":"SearchAction","target":{"@type":"EntryPoint","urlTemplate":"https:\/\/lottohoy.com\/da\/?s={search_term_string}"},"query-input":{"@type":"PropertyValueSpecification","valueRequired":true,"valueName":"search_term_string"}}],"inLanguage":"da-DK"}]}},"_links":{"self":[{"href":"https:\/\/lottohoy.com\/da\/wp-json\/wp\/v2\/pages\/16736","targetHints":{"allow":["GET"]}}],"collection":[{"href":"https:\/\/lottohoy.com\/da\/wp-json\/wp\/v2\/pages"}],"about":[{"href":"https:\/\/lottohoy.com\/da\/wp-json\/wp\/v2\/types\/page"}],"author":[{"embeddable":true,"href":"https:\/\/lottohoy.com\/da\/wp-json\/wp\/v2\/users\/2"}],"replies":[{"embeddable":true,"href":"https:\/\/lottohoy.com\/da\/wp-json\/wp\/v2\/comments?post=16736"}],"version-history":[{"count":0,"href":"https:\/\/lottohoy.com\/da\/wp-json\/wp\/v2\/pages\/16736\/revisions"}],"up":[{"embeddable":true,"href":"https:\/\/lottohoy.com\/da\/wp-json\/wp\/v2\/pages\/16579"}],"wp:attachment":[{"href":"https:\/\/lottohoy.com\/da\/wp-json\/wp\/v2\/media?parent=16736"}],"curies":[{"name":"wp","href":"https:\/\/api.w.org\/{rel}","templated":true}]}}