{"id":16733,"date":"2018-08-22T10:27:06","date_gmt":"2018-08-22T09:27:06","guid":{"rendered":"https:\/\/lottohoy.com\/spil\/spil-powerball-au\/"},"modified":"2018-08-22T10:27:06","modified_gmt":"2018-08-22T09:27:06","slug":"spil-powerball-au","status":"publish","type":"page","link":"https:\/\/lottohoy.com\/da\/spil\/spil-powerball-au\/","title":{"rendered":"Spil Powerball AU"},"content":{"rendered":"<p>Powerball AU blev oprettet i 1996 og er officielt overv\u00e5get af den australske regering, selvom det drives af Tatts Group.<\/p>\n<p>I april 2018 blev der foretaget en betydelig \u00e6ndring i reglerne for at tilpasse sig udbuddet af andre verdenslotterier og p\u00e5 den m\u00e5de \u00f8ge sandsynligheden for at vinde st\u00f8rre jackpots.<\/p>\n<p>Du m\u00e5 ikke forveksle AU Powerball med US Powerball, for selv om de har ligheder, er der betydelige forskelle.<\/p>\n<p>Nogle fordele, der er v\u00e6rd at tage i betragtning, n\u00e5r du spiller p\u00e5 Powerball AU, er:<\/p>\n<ul>\n<li>Der tilbageholdes ikke skat af pr\u00e6mierne<\/li>\n<li>Vinderne modtager de samlede pr\u00e6miepenge, mens US Powerball tillader opkr\u00e6vning i annuiteter, eller hvis du v\u00e6lger en enkelt betaling, skal du st\u00e5 over for et betydeligt bel\u00f8b af f\u00f8derale, statslige og provinsielle skatter.<\/li>\n<li>Systemet med fordeling af pr\u00e6mier for lavere kategorier st\u00e5r i forhold til indsamlingen i stedet for at angive faste bel\u00f8b som i USA.<\/li>\n<\/ul>\n<h2><strong>Hvordan spiller man Australia PowerBall?<\/strong><\/h2>\n<p>Som mange lotterispil baseret p\u00e5 tal best\u00e5r PowerBall AU af to forskellige sektioner i hver spilkolonne:<\/p>\n<p>Den f\u00f8rste best\u00e5r af tal mellem 1 og 35 inklusive, hvor du skal v\u00e6lge syv tal. Nederst er den anden sektion, hvor vi skal v\u00e6lge Powerball-nummeret mellem 1 og 20.<\/p>\n<p>For at kvalificere sig til en minimumspr\u00e6mie skal spilleren ramme to tal og powerball.<\/p>\n<h2><strong>Hvorn\u00e5r tr\u00e6kkes den australske PowerBall?<\/strong><\/h2>\n<p>Der er kun \u00e9n ugentlig tr\u00e6kning, og den afholdes hver torsdag kl. 21.30 lokal tid. Billetsalget lukker en time f\u00f8r lodtr\u00e6kningen, og n\u00e5r lodtr\u00e6kningen er afsluttet, \u00e5bnes det igen for n\u00e6ste uges lodtr\u00e6kning.<\/p>\n<h2><strong>Hvor meget koster Australia PowerBall?<\/strong><\/h2>\n<p>I LottoHoy kan du spille den australske Powerball fra \u20ac 2 pr. kolonne. I dette lotteri er det obligatorisk at spille mindst fire kolonner. (Dette bel\u00f8b kan variere afh\u00e6ngigt af dollarkursen i forhold til euroen).<\/p>\n<h2><strong>S\u00e5dan spiller du AU&#8217;s PowerBall<\/strong><\/h2>\n<p>Det er virkelig nemt og brugervenligt at k\u00f8be Australia&#8217;s PowerBall-lodder og deltage i alle lodtr\u00e6kninger via vores online platform.<\/p>\n<p>N\u00e5r vi g\u00e5r ind p\u00e5 spilsiden, har platformen fem kolonner (<em>ogs\u00e5 kaldet linjer<\/em>), men du kan udvide s\u00e5 mange gange, som du \u00f8nsker, ved blot at klikke p\u00e5 feltet \u00bb<strong>Flere linjer<\/strong>\u00ab.<\/p>\n<p>Du kan placere en indsats p\u00e5 hver kolonne og udfylde s\u00e5 mange kolonner, som du vil. For at indstille indsatsen skal jeg markere syv felter i hver kolonne i den f\u00f8rste gruppe og et rundt felt i den anden gruppe.<\/p>\n<p>Du har ogs\u00e5 mulighed for at lade systemet selv v\u00e6lge tilf\u00e6ldige kombinationer for spilleren. Dette tilf\u00e6ldige valg foretages ved at f\u00f8re mark\u00f8ren hen over kolonnen, og der vises en boks \u00f8verst, hvor der st\u00e5r \u00bbQuick Selection\u00ab.<\/p>\n<p>N\u00e5r det \u00f8nskede antal kolonner (indsatser) er placeret, vises en gr\u00f8n boks med ordet \u00bbForts\u00e6t\u00ab. Hvis du klikker p\u00e5 den, kommer du til sk\u00e6rmbilledet for overholdelse af regler, hvor du forts\u00e6tter med betalingen ved at klikke i feltet \u00bbBetal nu\u00ab.<\/p>\n<p>En ny sk\u00e6rm viser dig de tilg\u00e6ngelige betalingsmetoder. Fra kreditkort og systemer kendt som Skrill eller Neteller til en bred vifte af metoder, herunder kryptovalutaer.<\/p>\n","protected":false},"excerpt":{"rendered":"<p>Powerball AU blev oprettet i 1996 og er officielt overv\u00e5get af den australske regering, selvom det drives af Tatts Group. I april 2018 blev der foretaget en betydelig \u00e6ndring i reglerne for at tilpasse sig udbuddet af andre verdenslotterier og p\u00e5 den m\u00e5de \u00f8ge sandsynligheden for at vinde st\u00f8rre jackpots. Du m\u00e5 ikke forveksle AU [&hellip;]<\/p>\n","protected":false},"author":2,"featured_media":0,"parent":16579,"menu_order":17,"comment_status":"closed","ping_status":"closed","template":"powerball-au.php","meta":{"_et_pb_use_builder":"","_et_pb_old_content":"","_et_gb_content_width":"","exclude_from_search":false,"footnotes":""},"class_list":["post-16733","page","type-page","status-publish","hentry"],"yoast_head":"<!-- This site is optimized with the Yoast SEO plugin v23.7 - https:\/\/yoast.com\/wordpress\/plugins\/seo\/ -->\n<title>Spil PowerBall AU - Vind jackpotten i den australske lotto<\/title>\n<meta name=\"description\" content=\"V\u00e6lg dine 7 favoritnumre fra 1 til og med 35, og v\u00e6lg Powerball-nummeret fra 1 til 20. S\u00e5 nemt er det at blive million\u00e6r!\" \/>\n<meta name=\"robots\" content=\"index, follow, max-snippet:-1, max-image-preview:large, max-video-preview:-1\" \/>\n<link rel=\"canonical\" href=\"https:\/\/lottohoy.com\/da\/spil\/spil-powerball-au\/\" \/>\n<meta property=\"og:locale\" content=\"da_DK\" \/>\n<meta property=\"og:type\" content=\"article\" \/>\n<meta property=\"og:title\" content=\"Spil PowerBall AU - Vind jackpotten i den australske lotto\" \/>\n<meta property=\"og:description\" content=\"V\u00e6lg dine 7 favoritnumre fra 1 til og med 35, og v\u00e6lg Powerball-nummeret fra 1 til 20. S\u00e5 nemt er det at blive million\u00e6r!\" \/>\n<meta property=\"og:url\" content=\"https:\/\/lottohoy.com\/da\/spil\/spil-powerball-au\/\" \/>\n<meta property=\"og:site_name\" content=\"Lottohoy\" \/>\n<meta name=\"twitter:card\" content=\"summary_large_image\" \/>\n<meta name=\"twitter:label1\" content=\"Estimeret l\u00e6setid\" \/>\n\t<meta name=\"twitter:data1\" content=\"3 minutter\" \/>\n<script type=\"application\/ld+json\" class=\"yoast-schema-graph\">{\"@context\":\"https:\/\/schema.org\",\"@graph\":[{\"@type\":\"WebPage\",\"@id\":\"https:\/\/lottohoy.com\/da\/spil\/spil-powerball-au\/\",\"url\":\"https:\/\/lottohoy.com\/da\/spil\/spil-powerball-au\/\",\"name\":\"Spil PowerBall AU - Vind jackpotten i den australske lotto\",\"isPartOf\":{\"@id\":\"https:\/\/lottohoy.com\/da\/#website\"},\"datePublished\":\"2018-08-22T09:27:06+00:00\",\"dateModified\":\"2018-08-22T09:27:06+00:00\",\"description\":\"V\u00e6lg dine 7 favoritnumre fra 1 til og med 35, og v\u00e6lg Powerball-nummeret fra 1 til 20. S\u00e5 nemt er det at blive million\u00e6r!\",\"breadcrumb\":{\"@id\":\"https:\/\/lottohoy.com\/da\/spil\/spil-powerball-au\/#breadcrumb\"},\"inLanguage\":\"da-DK\",\"potentialAction\":[{\"@type\":\"ReadAction\",\"target\":[\"https:\/\/lottohoy.com\/da\/spil\/spil-powerball-au\/\"]}]},{\"@type\":\"BreadcrumbList\",\"@id\":\"https:\/\/lottohoy.com\/da\/spil\/spil-powerball-au\/#breadcrumb\",\"itemListElement\":[{\"@type\":\"ListItem\",\"position\":1,\"name\":\"Home\",\"item\":\"https:\/\/lottohoy.com\/da\/\"},{\"@type\":\"ListItem\",\"position\":2,\"name\":\"Spil lotteri online\",\"item\":\"https:\/\/lottohoy.com\/da\/spil\/\"},{\"@type\":\"ListItem\",\"position\":3,\"name\":\"Spil Powerball AU\"}]},{\"@type\":\"WebSite\",\"@id\":\"https:\/\/lottohoy.com\/da\/#website\",\"url\":\"https:\/\/lottohoy.com\/da\/\",\"name\":\"Lottohoy\",\"description\":\"\",\"potentialAction\":[{\"@type\":\"SearchAction\",\"target\":{\"@type\":\"EntryPoint\",\"urlTemplate\":\"https:\/\/lottohoy.com\/da\/?s={search_term_string}\"},\"query-input\":{\"@type\":\"PropertyValueSpecification\",\"valueRequired\":true,\"valueName\":\"search_term_string\"}}],\"inLanguage\":\"da-DK\"}]}<\/script>\n<!-- \/ Yoast SEO plugin. -->","yoast_head_json":{"title":"Spil PowerBall AU - Vind jackpotten i den australske lotto","description":"V\u00e6lg dine 7 favoritnumre fra 1 til og med 35, og v\u00e6lg Powerball-nummeret fra 1 til 20. S\u00e5 nemt er det at blive million\u00e6r!","robots":{"index":"index","follow":"follow","max-snippet":"max-snippet:-1","max-image-preview":"max-image-preview:large","max-video-preview":"max-video-preview:-1"},"canonical":"https:\/\/lottohoy.com\/da\/spil\/spil-powerball-au\/","og_locale":"da_DK","og_type":"article","og_title":"Spil PowerBall AU - Vind jackpotten i den australske lotto","og_description":"V\u00e6lg dine 7 favoritnumre fra 1 til og med 35, og v\u00e6lg Powerball-nummeret fra 1 til 20. S\u00e5 nemt er det at blive million\u00e6r!","og_url":"https:\/\/lottohoy.com\/da\/spil\/spil-powerball-au\/","og_site_name":"Lottohoy","twitter_card":"summary_large_image","twitter_misc":{"Estimeret l\u00e6setid":"3 minutter"},"schema":{"@context":"https:\/\/schema.org","@graph":[{"@type":"WebPage","@id":"https:\/\/lottohoy.com\/da\/spil\/spil-powerball-au\/","url":"https:\/\/lottohoy.com\/da\/spil\/spil-powerball-au\/","name":"Spil PowerBall AU - Vind jackpotten i den australske lotto","isPartOf":{"@id":"https:\/\/lottohoy.com\/da\/#website"},"datePublished":"2018-08-22T09:27:06+00:00","dateModified":"2018-08-22T09:27:06+00:00","description":"V\u00e6lg dine 7 favoritnumre fra 1 til og med 35, og v\u00e6lg Powerball-nummeret fra 1 til 20. S\u00e5 nemt er det at blive million\u00e6r!","breadcrumb":{"@id":"https:\/\/lottohoy.com\/da\/spil\/spil-powerball-au\/#breadcrumb"},"inLanguage":"da-DK","potentialAction":[{"@type":"ReadAction","target":["https:\/\/lottohoy.com\/da\/spil\/spil-powerball-au\/"]}]},{"@type":"BreadcrumbList","@id":"https:\/\/lottohoy.com\/da\/spil\/spil-powerball-au\/#breadcrumb","itemListElement":[{"@type":"ListItem","position":1,"name":"Home","item":"https:\/\/lottohoy.com\/da\/"},{"@type":"ListItem","position":2,"name":"Spil lotteri online","item":"https:\/\/lottohoy.com\/da\/spil\/"},{"@type":"ListItem","position":3,"name":"Spil Powerball AU"}]},{"@type":"WebSite","@id":"https:\/\/lottohoy.com\/da\/#website","url":"https:\/\/lottohoy.com\/da\/","name":"Lottohoy","description":"","potentialAction":[{"@type":"SearchAction","target":{"@type":"EntryPoint","urlTemplate":"https:\/\/lottohoy.com\/da\/?s={search_term_string}"},"query-input":{"@type":"PropertyValueSpecification","valueRequired":true,"valueName":"search_term_string"}}],"inLanguage":"da-DK"}]}},"_links":{"self":[{"href":"https:\/\/lottohoy.com\/da\/wp-json\/wp\/v2\/pages\/16733","targetHints":{"allow":["GET"]}}],"collection":[{"href":"https:\/\/lottohoy.com\/da\/wp-json\/wp\/v2\/pages"}],"about":[{"href":"https:\/\/lottohoy.com\/da\/wp-json\/wp\/v2\/types\/page"}],"author":[{"embeddable":true,"href":"https:\/\/lottohoy.com\/da\/wp-json\/wp\/v2\/users\/2"}],"replies":[{"embeddable":true,"href":"https:\/\/lottohoy.com\/da\/wp-json\/wp\/v2\/comments?post=16733"}],"version-history":[{"count":0,"href":"https:\/\/lottohoy.com\/da\/wp-json\/wp\/v2\/pages\/16733\/revisions"}],"up":[{"embeddable":true,"href":"https:\/\/lottohoy.com\/da\/wp-json\/wp\/v2\/pages\/16579"}],"wp:attachment":[{"href":"https:\/\/lottohoy.com\/da\/wp-json\/wp\/v2\/media?parent=16733"}],"curies":[{"name":"wp","href":"https:\/\/api.w.org\/{rel}","templated":true}]}}