{"id":16724,"date":"2020-08-10T15:56:27","date_gmt":"2020-08-10T14:56:27","guid":{"rendered":"https:\/\/lottohoy.com\/spil\/spil-mega-sena\/"},"modified":"2020-08-10T15:56:27","modified_gmt":"2020-08-10T14:56:27","slug":"spil-mega-sena","status":"publish","type":"page","link":"https:\/\/lottohoy.com\/da\/spil\/spil-mega-sena\/","title":{"rendered":"Spil Mega Sena"},"content":{"rendered":"<h2>Spil Mega Sena online<\/h2>\n<p>Mega-Sena er det st\u00f8rste lotteri i Brasilien og i hele Sydamerika. Det er organiseret af den f\u00f8derale bank Caixa Economica siden marts 1996.<\/p>\n<p>For at spille Mega Sena-lotteriet online kan spilleren g\u00f8re det direkte gennem lotteriplatforme som vores. For at spille Mega Sena er det n\u00f8dvendigt at v\u00e6re over 18 \u00e5r gammel, hvilket kr\u00e6ves af arrang\u00f8ren.<\/p>\n<p>N\u00e5r du g\u00e5r ind p\u00e5 Mega Sena-spillesiden via vores platform, vises en skabelon med forskellige kolonner (ogs\u00e5 kaldet linjer), hvor du skal angive det spil, du vil lave (hver kolonne eller linje svarer til et v\u00e6ddem\u00e5l). Disse f\u00f8rste kolonner kan forst\u00f8rres ved at klikke p\u00e5 boksen FLERE LINJER, og der vises andre kolonner, hvor du kan placere flere indsatser p\u00e5 det samme spil.<\/p>\n<p>Dette kan gentages lige s\u00e5 mange gange, som der er kolonner eller linjer, man \u00f8nsker at spille p\u00e5.<\/p>\n<p>For at placere en indsats p\u00e5 en kolonne skal 6 af de 60 felter i det f\u00f8rste felt v\u00e6re markeret.<\/p>\n<p>Dette tr\u00e6k kan foretages manuelt, dvs. ved at markere direkte p\u00e5 hvert af de tal, som du \u00f8nsker skal v\u00e6re en del af din spilkombination. Og hvis du \u00f8nsker det, kan du ogs\u00e5 lade systemet selv v\u00e6lge v\u00e6ddem\u00e5lskombinationen p\u00e5 en tilf\u00e6ldig m\u00e5de.<\/p>\n<p>Hvis v\u00e6ddem\u00e5let g\u00e5r hjem, krediteres pr\u00e6miebel\u00f8bet automatisk til brugerkontoen.<\/p>\n<h2>Hvilke dage afholdes lodtr\u00e6kningerne?<\/h2>\n<p>Mega Sena fejrer to lodtr\u00e6kninger hver uge, onsdage og l\u00f8rdage kl. 20:00 lokal tid. (UTC-3)<\/p>\n<p>Online-billetadgangen er officielt lukket ca. 3 timer f\u00f8r det officielle tidspunkt for og \u00e5bner igen ved slutningen af lodtr\u00e6kningen, for at validere billetter til nye lodtr\u00e6kninger.<\/p>\n<h2>Fordele ved at k\u00f8be Mega Sena online<\/h2>\n<p>Der er mange fordele ved at spille p\u00e5 Mega Sena online via vores platform, som giver spillere fra hele verden mulighed for at k\u00f8be deres kuponer, uanset hvilket land de bor i.<\/p>\n<p>Blandt mange andre er dette nogle af de vigtigste fordele ved at spille gennem LottoHoy:<\/p>\n<ul>\n<li>Sikkerhed i transaktionerne.<\/li>\n<li>Adgang 24\/7 hver dag \u00e5ret rundt til k\u00f8b og v\u00e6ddem\u00e5l. .<\/li>\n<li>K\u00f8b dine kuponer fra hvor som helst i verden, uden k\u00f8er eller rejser.<\/li>\n<li>Med onlinek\u00f8b undg\u00e5s tab eller fejlplacering, billetten forbliver altid sikkert p\u00e5 brugerens konto.<\/li>\n<li>De vundne pr\u00e6mier indtastes straks p\u00e5 din brugerkonto og er tilg\u00e6ngelige fra f\u00f8rste \u00f8jeblik, efter fejringen af lodtr\u00e6kningen, og n\u00e5r de officielle resultater er offentliggjort, indtastes de vundne pr\u00e6miebel\u00f8b p\u00e5 brugerkontoen.<\/li>\n<li>Bliv informeret om de akkumulerede jackpots og ekstraordin\u00e6re lodtr\u00e6kninger.<\/li>\n<\/ul>\n","protected":false},"excerpt":{"rendered":"<p>Spil Mega Sena online Mega-Sena er det st\u00f8rste lotteri i Brasilien og i hele Sydamerika. Det er organiseret af den f\u00f8derale bank Caixa Economica siden marts 1996. For at spille Mega Sena-lotteriet online kan spilleren g\u00f8re det direkte gennem lotteriplatforme som vores. For at spille Mega Sena er det n\u00f8dvendigt at v\u00e6re over 18 \u00e5r [&hellip;]<\/p>\n","protected":false},"author":2,"featured_media":0,"parent":16579,"menu_order":16,"comment_status":"closed","ping_status":"closed","template":"megasena.php","meta":{"_et_pb_use_builder":"","_et_pb_old_content":"","_et_gb_content_width":"","exclude_from_search":false,"footnotes":""},"class_list":["post-16724","page","type-page","status-publish","hentry"],"yoast_head":"<!-- This site is optimized with the Yoast SEO plugin v23.7 - https:\/\/yoast.com\/wordpress\/plugins\/seo\/ -->\n<title>Spil Mega Sena-lotteriet online - LottoHoy.com<\/title>\n<meta name=\"description\" content=\"Spil p\u00e5 et hvilket som helst tidspunkt af dagen eller natten, spil Mega Sena-lotteriet online, uden at st\u00e5 i k\u00f8 og uden at skulle rejse\" \/>\n<meta name=\"robots\" content=\"index, follow, max-snippet:-1, max-image-preview:large, max-video-preview:-1\" \/>\n<link rel=\"canonical\" href=\"https:\/\/lottohoy.com\/da\/spil\/spil-mega-sena\/\" \/>\n<meta property=\"og:locale\" content=\"da_DK\" \/>\n<meta property=\"og:type\" content=\"article\" \/>\n<meta property=\"og:title\" content=\"Spil Mega Sena-lotteriet online - LottoHoy.com\" \/>\n<meta property=\"og:description\" content=\"Spil p\u00e5 et hvilket som helst tidspunkt af dagen eller natten, spil Mega Sena-lotteriet online, uden at st\u00e5 i k\u00f8 og uden at skulle rejse\" \/>\n<meta property=\"og:url\" content=\"https:\/\/lottohoy.com\/da\/spil\/spil-mega-sena\/\" \/>\n<meta property=\"og:site_name\" content=\"Lottohoy\" \/>\n<meta name=\"twitter:card\" content=\"summary_large_image\" \/>\n<meta name=\"twitter:label1\" content=\"Estimeret l\u00e6setid\" \/>\n\t<meta name=\"twitter:data1\" content=\"2 minutter\" \/>\n<script type=\"application\/ld+json\" class=\"yoast-schema-graph\">{\"@context\":\"https:\/\/schema.org\",\"@graph\":[{\"@type\":\"WebPage\",\"@id\":\"https:\/\/lottohoy.com\/da\/spil\/spil-mega-sena\/\",\"url\":\"https:\/\/lottohoy.com\/da\/spil\/spil-mega-sena\/\",\"name\":\"Spil Mega Sena-lotteriet online - LottoHoy.com\",\"isPartOf\":{\"@id\":\"https:\/\/lottohoy.com\/da\/#website\"},\"datePublished\":\"2020-08-10T14:56:27+00:00\",\"dateModified\":\"2020-08-10T14:56:27+00:00\",\"description\":\"Spil p\u00e5 et hvilket som helst tidspunkt af dagen eller natten, spil Mega Sena-lotteriet online, uden at st\u00e5 i k\u00f8 og uden at skulle rejse\",\"breadcrumb\":{\"@id\":\"https:\/\/lottohoy.com\/da\/spil\/spil-mega-sena\/#breadcrumb\"},\"inLanguage\":\"da-DK\",\"potentialAction\":[{\"@type\":\"ReadAction\",\"target\":[\"https:\/\/lottohoy.com\/da\/spil\/spil-mega-sena\/\"]}]},{\"@type\":\"BreadcrumbList\",\"@id\":\"https:\/\/lottohoy.com\/da\/spil\/spil-mega-sena\/#breadcrumb\",\"itemListElement\":[{\"@type\":\"ListItem\",\"position\":1,\"name\":\"Home\",\"item\":\"https:\/\/lottohoy.com\/da\/\"},{\"@type\":\"ListItem\",\"position\":2,\"name\":\"Spil lotteri online\",\"item\":\"https:\/\/lottohoy.com\/da\/spil\/\"},{\"@type\":\"ListItem\",\"position\":3,\"name\":\"Spil Mega Sena\"}]},{\"@type\":\"WebSite\",\"@id\":\"https:\/\/lottohoy.com\/da\/#website\",\"url\":\"https:\/\/lottohoy.com\/da\/\",\"name\":\"Lottohoy\",\"description\":\"\",\"potentialAction\":[{\"@type\":\"SearchAction\",\"target\":{\"@type\":\"EntryPoint\",\"urlTemplate\":\"https:\/\/lottohoy.com\/da\/?s={search_term_string}\"},\"query-input\":{\"@type\":\"PropertyValueSpecification\",\"valueRequired\":true,\"valueName\":\"search_term_string\"}}],\"inLanguage\":\"da-DK\"}]}<\/script>\n<!-- \/ Yoast SEO plugin. -->","yoast_head_json":{"title":"Spil Mega Sena-lotteriet online - LottoHoy.com","description":"Spil p\u00e5 et hvilket som helst tidspunkt af dagen eller natten, spil Mega Sena-lotteriet online, uden at st\u00e5 i k\u00f8 og uden at skulle rejse","robots":{"index":"index","follow":"follow","max-snippet":"max-snippet:-1","max-image-preview":"max-image-preview:large","max-video-preview":"max-video-preview:-1"},"canonical":"https:\/\/lottohoy.com\/da\/spil\/spil-mega-sena\/","og_locale":"da_DK","og_type":"article","og_title":"Spil Mega Sena-lotteriet online - LottoHoy.com","og_description":"Spil p\u00e5 et hvilket som helst tidspunkt af dagen eller natten, spil Mega Sena-lotteriet online, uden at st\u00e5 i k\u00f8 og uden at skulle rejse","og_url":"https:\/\/lottohoy.com\/da\/spil\/spil-mega-sena\/","og_site_name":"Lottohoy","twitter_card":"summary_large_image","twitter_misc":{"Estimeret l\u00e6setid":"2 minutter"},"schema":{"@context":"https:\/\/schema.org","@graph":[{"@type":"WebPage","@id":"https:\/\/lottohoy.com\/da\/spil\/spil-mega-sena\/","url":"https:\/\/lottohoy.com\/da\/spil\/spil-mega-sena\/","name":"Spil Mega Sena-lotteriet online - LottoHoy.com","isPartOf":{"@id":"https:\/\/lottohoy.com\/da\/#website"},"datePublished":"2020-08-10T14:56:27+00:00","dateModified":"2020-08-10T14:56:27+00:00","description":"Spil p\u00e5 et hvilket som helst tidspunkt af dagen eller natten, spil Mega Sena-lotteriet online, uden at st\u00e5 i k\u00f8 og uden at skulle rejse","breadcrumb":{"@id":"https:\/\/lottohoy.com\/da\/spil\/spil-mega-sena\/#breadcrumb"},"inLanguage":"da-DK","potentialAction":[{"@type":"ReadAction","target":["https:\/\/lottohoy.com\/da\/spil\/spil-mega-sena\/"]}]},{"@type":"BreadcrumbList","@id":"https:\/\/lottohoy.com\/da\/spil\/spil-mega-sena\/#breadcrumb","itemListElement":[{"@type":"ListItem","position":1,"name":"Home","item":"https:\/\/lottohoy.com\/da\/"},{"@type":"ListItem","position":2,"name":"Spil lotteri online","item":"https:\/\/lottohoy.com\/da\/spil\/"},{"@type":"ListItem","position":3,"name":"Spil Mega Sena"}]},{"@type":"WebSite","@id":"https:\/\/lottohoy.com\/da\/#website","url":"https:\/\/lottohoy.com\/da\/","name":"Lottohoy","description":"","potentialAction":[{"@type":"SearchAction","target":{"@type":"EntryPoint","urlTemplate":"https:\/\/lottohoy.com\/da\/?s={search_term_string}"},"query-input":{"@type":"PropertyValueSpecification","valueRequired":true,"valueName":"search_term_string"}}],"inLanguage":"da-DK"}]}},"_links":{"self":[{"href":"https:\/\/lottohoy.com\/da\/wp-json\/wp\/v2\/pages\/16724","targetHints":{"allow":["GET"]}}],"collection":[{"href":"https:\/\/lottohoy.com\/da\/wp-json\/wp\/v2\/pages"}],"about":[{"href":"https:\/\/lottohoy.com\/da\/wp-json\/wp\/v2\/types\/page"}],"author":[{"embeddable":true,"href":"https:\/\/lottohoy.com\/da\/wp-json\/wp\/v2\/users\/2"}],"replies":[{"embeddable":true,"href":"https:\/\/lottohoy.com\/da\/wp-json\/wp\/v2\/comments?post=16724"}],"version-history":[{"count":0,"href":"https:\/\/lottohoy.com\/da\/wp-json\/wp\/v2\/pages\/16724\/revisions"}],"up":[{"embeddable":true,"href":"https:\/\/lottohoy.com\/da\/wp-json\/wp\/v2\/pages\/16579"}],"wp:attachment":[{"href":"https:\/\/lottohoy.com\/da\/wp-json\/wp\/v2\/media?parent=16724"}],"curies":[{"name":"wp","href":"https:\/\/api.w.org\/{rel}","templated":true}]}}