{"id":16721,"date":"2020-08-10T21:38:27","date_gmt":"2020-08-10T20:38:27","guid":{"rendered":"https:\/\/lottohoy.com\/spil\/spil-lotto-america\/"},"modified":"2020-08-10T21:38:27","modified_gmt":"2020-08-10T20:38:27","slug":"spil-lotto-america","status":"publish","type":"page","link":"https:\/\/lottohoy.com\/da\/spil\/spil-lotto-america\/","title":{"rendered":"Spil Lotto America"},"content":{"rendered":"<h2>Hvordan spiller man Lotto America online?<\/h2>\n<p>Spilkolonnen best\u00e5r af 52 felter nummereret fra 1 til 52, for hovednumrene, og et andet felt nummereret fra henholdsvis 1 til 10, for stjernekuglen (Lotto America Star Ball)<\/p>\n<p>Spilleren skal v\u00e6lge 5 hovednumre mellem 1 og 52 og et andet mellem dem, der er anf\u00f8rt fra 1 til 10 for stjernekuglen.<\/p>\n<p>Dette valg kan g\u00f8res manuelt ved at v\u00e6lge og markere de 5+1 numre i den kombination, der skal spilles, eller ved at v\u00e6lge feltet \u00bbHurtigvalg\u00ab, der vises, n\u00e5r mark\u00f8ren f\u00f8res hen over toppen af kolonnen, og dermed lade systemet selv v\u00e6lge den kombination, der skal spilles, tilf\u00e6ldigt.<\/p>\n<h2>Hvilke dage spiller man Lotto America?<\/h2>\n<p>Lotto America-tr\u00e6kninger afholdes i Tallahassee, Florida, hver onsdag og l\u00f8rdag omkring kl. 23.15 \/ 22.15 lokal tid, afh\u00e6ngigt af staten.<\/p>\n<p>Online billetsalg lukker generelt 2 timer f\u00f8r lodtr\u00e6kningen af hensyn til platformens administration og sikkerhed hos de samarbejdende agenter.<\/p>\n<h2>Hvor meget koster Lotto America-billetter?<\/h2>\n<p>Hos Lottohoy kan du k\u00f8be dine officielle Lotto America-billetter fra s\u00e5 lidt som 2 \u20ac, (Dette bel\u00f8b kan variere afh\u00e6ngigt af dollar\/euro-kursen).<\/p>\n<h2>S\u00e5dan k\u00f8ber du Lotto America online<\/h2>\n<p>Det er virkelig nemt og bekvemt at k\u00f8be lodder og spille Lotto America-lotteriet via vores online platform.<\/p>\n<p>P\u00e5 Lotto America-spillesiden kan du placere enhver indsats, du \u00f8nsker. Der vises en skabelon med 5 kolonner (ogs\u00e5 kaldet linjer), men du kan udvide den s\u00e5 mange gange, du \u00f8nsker, ved blot at klikke p\u00e5 feltet \u00bbFlere linjer\u00ab.<\/p>\n<p>I hver kolonne skal du afkrydse 5 felter mellem 1 og 51 og 1 mellem 1 og 10 i feltet nedenfor.<\/p>\n<p>Dette valg kan foretages manuelt ved at afkrydse hvert felt, eller ved at lade systemet v\u00e6lge en tilf\u00e6ldig kombination.<\/p>\n<p>Ved at klikke p\u00e5 \u00bbForts\u00e6t\u00ab kommer du til betalingssiden. Spilleren kan bekr\u00e6fte eller tilf\u00f8je flere lodder til sine indsatser.<\/p>\n<h2>Pr\u00e6mier i Lotto America<\/h2>\n<p>Der antages en minimumsjackpot p\u00e5 2.000.000 dollars, som akkumuleres til efterf\u00f8lgende tegninger, hvis der ikke er nogen f\u00f8rsteklasses vindere.<\/p>\n<p>Der er 9 pr\u00e6miekategorier<\/p>\n<p>&#8211; Den f\u00f8rste kategori, for dem, der matcher den komplette vinderkombination (5 hovedtal + Star Ball).<\/p>\n<p>&#8211; Anden kategori, for dem, der matcher de 5 hovednumre<\/p>\n<p>&#8211; Tredje kategori, for de 4 hovednumre + Star Ball<\/p>\n<p>&#8211; Fjerde kategori, for dem, der har 4 hovednumre<\/p>\n<p>&#8211; Femte kategori. For vindere af 3 hovednumre + Star Ball<\/p>\n<p>&#8211; Sjette kategori. For de heldige vindere med 3 numre,<\/p>\n<p>&#8211; Syvende kategori. For 2 hovednumre + Star Ball<\/p>\n<p>&#8211; Ottende kategori. For 1 hovednummer + Star Ball-vindere<\/p>\n<p>&#8211; Niende kategori: For dem, der kun har Star Ball<\/p>\n","protected":false},"excerpt":{"rendered":"<p>Hvordan spiller man Lotto America online? Spilkolonnen best\u00e5r af 52 felter nummereret fra 1 til 52, for hovednumrene, og et andet felt nummereret fra henholdsvis 1 til 10, for stjernekuglen (Lotto America Star Ball) Spilleren skal v\u00e6lge 5 hovednumre mellem 1 og 52 og et andet mellem dem, der er anf\u00f8rt fra 1 til 10 [&hellip;]<\/p>\n","protected":false},"author":2,"featured_media":0,"parent":16579,"menu_order":15,"comment_status":"closed","ping_status":"closed","template":"lotto-america.php","meta":{"_et_pb_use_builder":"","_et_pb_old_content":"","_et_gb_content_width":"","exclude_from_search":false,"footnotes":""},"class_list":["post-16721","page","type-page","status-publish","hentry"],"yoast_head":"<!-- This site is optimized with the Yoast SEO plugin v23.7 - https:\/\/yoast.com\/wordpress\/plugins\/seo\/ -->\n<title>Spil Lotto America, et USA-lotteri - LottoHoy.com<\/title>\n<meta name=\"description\" content=\"Blandt det store udvalg af USA-lotterier foresl\u00e5r vi at spille Lotto America, og nyde dets 9 kategorier af pr\u00e6mier\" \/>\n<meta name=\"robots\" content=\"index, follow, max-snippet:-1, max-image-preview:large, max-video-preview:-1\" \/>\n<link rel=\"canonical\" href=\"https:\/\/lottohoy.com\/da\/spil\/spil-lotto-america\/\" \/>\n<meta property=\"og:locale\" content=\"da_DK\" \/>\n<meta property=\"og:type\" content=\"article\" \/>\n<meta property=\"og:title\" content=\"Spil Lotto America, et USA-lotteri - LottoHoy.com\" \/>\n<meta property=\"og:description\" content=\"Blandt det store udvalg af USA-lotterier foresl\u00e5r vi at spille Lotto America, og nyde dets 9 kategorier af pr\u00e6mier\" \/>\n<meta property=\"og:url\" content=\"https:\/\/lottohoy.com\/da\/spil\/spil-lotto-america\/\" \/>\n<meta property=\"og:site_name\" content=\"Lottohoy\" \/>\n<meta name=\"twitter:card\" content=\"summary_large_image\" \/>\n<meta name=\"twitter:label1\" content=\"Estimeret l\u00e6setid\" \/>\n\t<meta name=\"twitter:data1\" content=\"2 minutter\" \/>\n<script type=\"application\/ld+json\" class=\"yoast-schema-graph\">{\"@context\":\"https:\/\/schema.org\",\"@graph\":[{\"@type\":\"WebPage\",\"@id\":\"https:\/\/lottohoy.com\/da\/spil\/spil-lotto-america\/\",\"url\":\"https:\/\/lottohoy.com\/da\/spil\/spil-lotto-america\/\",\"name\":\"Spil Lotto America, et USA-lotteri - LottoHoy.com\",\"isPartOf\":{\"@id\":\"https:\/\/lottohoy.com\/da\/#website\"},\"datePublished\":\"2020-08-10T20:38:27+00:00\",\"dateModified\":\"2020-08-10T20:38:27+00:00\",\"description\":\"Blandt det store udvalg af USA-lotterier foresl\u00e5r vi at spille Lotto America, og nyde dets 9 kategorier af pr\u00e6mier\",\"breadcrumb\":{\"@id\":\"https:\/\/lottohoy.com\/da\/spil\/spil-lotto-america\/#breadcrumb\"},\"inLanguage\":\"da-DK\",\"potentialAction\":[{\"@type\":\"ReadAction\",\"target\":[\"https:\/\/lottohoy.com\/da\/spil\/spil-lotto-america\/\"]}]},{\"@type\":\"BreadcrumbList\",\"@id\":\"https:\/\/lottohoy.com\/da\/spil\/spil-lotto-america\/#breadcrumb\",\"itemListElement\":[{\"@type\":\"ListItem\",\"position\":1,\"name\":\"Home\",\"item\":\"https:\/\/lottohoy.com\/da\/\"},{\"@type\":\"ListItem\",\"position\":2,\"name\":\"Spil lotteri online\",\"item\":\"https:\/\/lottohoy.com\/da\/spil\/\"},{\"@type\":\"ListItem\",\"position\":3,\"name\":\"Spil Lotto America\"}]},{\"@type\":\"WebSite\",\"@id\":\"https:\/\/lottohoy.com\/da\/#website\",\"url\":\"https:\/\/lottohoy.com\/da\/\",\"name\":\"Lottohoy\",\"description\":\"\",\"potentialAction\":[{\"@type\":\"SearchAction\",\"target\":{\"@type\":\"EntryPoint\",\"urlTemplate\":\"https:\/\/lottohoy.com\/da\/?s={search_term_string}\"},\"query-input\":{\"@type\":\"PropertyValueSpecification\",\"valueRequired\":true,\"valueName\":\"search_term_string\"}}],\"inLanguage\":\"da-DK\"}]}<\/script>\n<!-- \/ Yoast SEO plugin. -->","yoast_head_json":{"title":"Spil Lotto America, et USA-lotteri - LottoHoy.com","description":"Blandt det store udvalg af USA-lotterier foresl\u00e5r vi at spille Lotto America, og nyde dets 9 kategorier af pr\u00e6mier","robots":{"index":"index","follow":"follow","max-snippet":"max-snippet:-1","max-image-preview":"max-image-preview:large","max-video-preview":"max-video-preview:-1"},"canonical":"https:\/\/lottohoy.com\/da\/spil\/spil-lotto-america\/","og_locale":"da_DK","og_type":"article","og_title":"Spil Lotto America, et USA-lotteri - LottoHoy.com","og_description":"Blandt det store udvalg af USA-lotterier foresl\u00e5r vi at spille Lotto America, og nyde dets 9 kategorier af pr\u00e6mier","og_url":"https:\/\/lottohoy.com\/da\/spil\/spil-lotto-america\/","og_site_name":"Lottohoy","twitter_card":"summary_large_image","twitter_misc":{"Estimeret l\u00e6setid":"2 minutter"},"schema":{"@context":"https:\/\/schema.org","@graph":[{"@type":"WebPage","@id":"https:\/\/lottohoy.com\/da\/spil\/spil-lotto-america\/","url":"https:\/\/lottohoy.com\/da\/spil\/spil-lotto-america\/","name":"Spil Lotto America, et USA-lotteri - LottoHoy.com","isPartOf":{"@id":"https:\/\/lottohoy.com\/da\/#website"},"datePublished":"2020-08-10T20:38:27+00:00","dateModified":"2020-08-10T20:38:27+00:00","description":"Blandt det store udvalg af USA-lotterier foresl\u00e5r vi at spille Lotto America, og nyde dets 9 kategorier af pr\u00e6mier","breadcrumb":{"@id":"https:\/\/lottohoy.com\/da\/spil\/spil-lotto-america\/#breadcrumb"},"inLanguage":"da-DK","potentialAction":[{"@type":"ReadAction","target":["https:\/\/lottohoy.com\/da\/spil\/spil-lotto-america\/"]}]},{"@type":"BreadcrumbList","@id":"https:\/\/lottohoy.com\/da\/spil\/spil-lotto-america\/#breadcrumb","itemListElement":[{"@type":"ListItem","position":1,"name":"Home","item":"https:\/\/lottohoy.com\/da\/"},{"@type":"ListItem","position":2,"name":"Spil lotteri online","item":"https:\/\/lottohoy.com\/da\/spil\/"},{"@type":"ListItem","position":3,"name":"Spil Lotto America"}]},{"@type":"WebSite","@id":"https:\/\/lottohoy.com\/da\/#website","url":"https:\/\/lottohoy.com\/da\/","name":"Lottohoy","description":"","potentialAction":[{"@type":"SearchAction","target":{"@type":"EntryPoint","urlTemplate":"https:\/\/lottohoy.com\/da\/?s={search_term_string}"},"query-input":{"@type":"PropertyValueSpecification","valueRequired":true,"valueName":"search_term_string"}}],"inLanguage":"da-DK"}]}},"_links":{"self":[{"href":"https:\/\/lottohoy.com\/da\/wp-json\/wp\/v2\/pages\/16721","targetHints":{"allow":["GET"]}}],"collection":[{"href":"https:\/\/lottohoy.com\/da\/wp-json\/wp\/v2\/pages"}],"about":[{"href":"https:\/\/lottohoy.com\/da\/wp-json\/wp\/v2\/types\/page"}],"author":[{"embeddable":true,"href":"https:\/\/lottohoy.com\/da\/wp-json\/wp\/v2\/users\/2"}],"replies":[{"embeddable":true,"href":"https:\/\/lottohoy.com\/da\/wp-json\/wp\/v2\/comments?post=16721"}],"version-history":[{"count":0,"href":"https:\/\/lottohoy.com\/da\/wp-json\/wp\/v2\/pages\/16721\/revisions"}],"up":[{"embeddable":true,"href":"https:\/\/lottohoy.com\/da\/wp-json\/wp\/v2\/pages\/16579"}],"wp:attachment":[{"href":"https:\/\/lottohoy.com\/da\/wp-json\/wp\/v2\/media?parent=16721"}],"curies":[{"name":"wp","href":"https:\/\/api.w.org\/{rel}","templated":true}]}}