{"id":16712,"date":"2020-08-10T22:50:30","date_gmt":"2020-08-10T21:50:30","guid":{"rendered":"https:\/\/lottohoy.com\/spil\/spil-lotto-6aus49\/"},"modified":"2025-04-08T15:40:17","modified_gmt":"2025-04-08T14:40:17","slug":"spil-lotto-6aus49","status":"publish","type":"page","link":"https:\/\/lottohoy.com\/da\/spil\/spil-lotto-6aus49\/","title":{"rendered":"Spil Lotto 6aus49"},"content":{"rendered":"<h2>Spil Lotto 6aus49 online<\/h2>\n<p>6aus49 er det mest kendte lotteri i Tyskland, ogs\u00e5 kendt som den tyske lotto. Reglerne er meget enkle, spillerne skal v\u00e6lge fra et bord best\u00e5ende af 49 felter, nummereret fra 1 til 49, de 6 numre i hovedkombinationen plus et s\u00e6rligt bonusnummer kendt som Superzahl, fra en liste nummereret fra 0 til 9.<\/p>\n<p>Udtr\u00e6kningen af disse tal foretages af to maskiner. Fra den f\u00f8rste maskine udtr\u00e6kkes de nummererede kugler (6 hovednumre), og fra den anden maskine udtr\u00e6kkes en kugle for at bestemme S\u00fapezahl-nummeret.<\/p>\n<h2>Hvordan spiller man 6aus49 online?<\/h2>\n<p>Det er virkelig nemt at spille tysk lotto 6aus49 online, du skal bare oprette en brugerkonto p\u00e5 LottoHoy for at f\u00e5 adgang til alle oplysninger om betalinger, abonnementer, k\u00f8bte kuponer, statistikker osv. og for at v\u00e6lge de tr\u00e6kninger, du vil spille.<\/p>\n<p>P\u00e5 den samme spilside er der fem kolonner med indsatser (ogs\u00e5 kaldet linjer), hver af de 5 kolonner har felter nummereret fra 1 til 49), og du kan udfylde s\u00e5 mange, som du vil. Hver kolonne henviser til et enkelt v\u00e6ddem\u00e5l, hvis pris er 2,50 \u20ac.<\/p>\n<p>Det er i disse kolonner eller linjer med 49 tal, at den \u00f8nskede kombination skal v\u00e6lges, idet det antages, at 6 tal skal markeres for et enkelt spil.<\/p>\n<p>Systemet giver os mulighed for at udfylde disse felter manuelt eller gennem hurtigvalgsmuligheden, som vises over hvert br\u00e6t, og lade systemet selv p\u00e5 en tilf\u00e6ldig m\u00e5de v\u00e6lge kombinationen af vores indsats.<\/p>\n<p>N\u00e5r valget af tal i en eller flere kolonner er gjort, skal du g\u00e5 til feltet FORTS\u00c6T og forts\u00e6tte til betalingen. S\u00e5 enkelt er det.<\/p>\n<h2>Hvilke pr\u00e6mier uddeler 6aus49?<\/h2>\n<p>Lotto 6aus49 har ni forskellige pr\u00e6mieniveauer. For at vinde jackpotten skal du matche alle seks hovedtal og Superzahl. Dine samlede odds for at vinde en Lotto 6aus 9-pr\u00e6mie er 1 ud af 31. Den tyske lotto giver en meget god chance for at vinde.<\/p>\n<p>Der er ni kategorier for <a href=\"https:\/\/lottohoy.com\/da\/resultater-af-lotterier\/lotto-6aus49-resultater\/\">6aus49-resultater<\/a><\/p>\n<p>&#8211; F\u00f8rste kategori: For vindere af 6 tal + Superzahl.<\/p>\n<p>&#8211; Anden kategori: 6 hits af hovedkombinationen.<\/p>\n<p>&#8211; Tredje kategori: 5 kombinationshits + Superzahl.<\/p>\n<p>&#8211; Fjerde kategori: 5 hits af kombinationen.<\/p>\n<p>&#8211; Femte kategori: 4 kombinationshits + Superzahl.<\/p>\n<p>&#8211; Sjette kategori: 4 hits hovedkombination.<\/p>\n<p>&#8211; Syvende kategori: 3 hits + Superzahl.<\/p>\n<p>&#8211; Ottende kategori: 3 hits.<\/p>\n<p>&#8211; Niende kategori: 2 hits + Superzahl.<\/p>\n<h2>Hvorn\u00e5r bliver 6aus49 udloddet?<\/h2>\n<p>Udtr\u00e6kningen af 6aus49-lotteriet finder sted hver onsdag kl. 18:25 (CET) og om l\u00f8rdagen kl. 19:25 (CET).<\/p>\n<p>For at spille lotto 6aus49 online er adgangen til k\u00f8b lukket 2 timer f\u00f8r udtr\u00e6kningen af hensyn til administration og sikkerhed.<\/p>\n<h2>Hvor meget koster det at spille 6aus49?<\/h2>\n<p>Prisen p\u00e5 hver 6aus49-billet i LottoHoy er fra 2,50 Euro og inkluderer alle omkostninger til h\u00e5ndtering og k\u00f8bsstyring gennem officielle s\u00e6lgere og \/ eller lignende.<\/p>\n","protected":false},"excerpt":{"rendered":"<p>Spil Lotto 6aus49 online 6aus49 er det mest kendte lotteri i Tyskland, ogs\u00e5 kendt som den tyske lotto. Reglerne er meget enkle, spillerne skal v\u00e6lge fra et bord best\u00e5ende af 49 felter, nummereret fra 1 til 49, de 6 numre i hovedkombinationen plus et s\u00e6rligt bonusnummer kendt som Superzahl, fra en liste nummereret fra 0 [&hellip;]<\/p>\n","protected":false},"author":2,"featured_media":0,"parent":16579,"menu_order":13,"comment_status":"closed","ping_status":"closed","template":"lotto-german.php","meta":{"_et_pb_use_builder":"","_et_pb_old_content":"","_et_gb_content_width":"","exclude_from_search":false,"footnotes":""},"class_list":["post-16712","page","type-page","status-publish","hentry"],"yoast_head":"<!-- This site is optimized with the Yoast SEO plugin v23.7 - https:\/\/yoast.com\/wordpress\/plugins\/seo\/ -->\n<title>Spil Lotto 6aus49, tysk lotteri - LottoHoy.com<\/title>\n<meta name=\"description\" content=\"Et interessant alternativ er at spille lotto 6aus49, det tyske lotteri, der genererer nye heldige og glade vindere hver uge.\" \/>\n<meta name=\"robots\" content=\"index, follow, max-snippet:-1, max-image-preview:large, max-video-preview:-1\" \/>\n<link rel=\"canonical\" href=\"https:\/\/lottohoy.com\/da\/spil\/spil-lotto-6aus49\/\" \/>\n<meta property=\"og:locale\" content=\"da_DK\" \/>\n<meta property=\"og:type\" content=\"article\" \/>\n<meta property=\"og:title\" content=\"Spil Lotto 6aus49, tysk lotteri - LottoHoy.com\" \/>\n<meta property=\"og:description\" content=\"Et interessant alternativ er at spille lotto 6aus49, det tyske lotteri, der genererer nye heldige og glade vindere hver uge.\" \/>\n<meta property=\"og:url\" content=\"https:\/\/lottohoy.com\/da\/spil\/spil-lotto-6aus49\/\" \/>\n<meta property=\"og:site_name\" content=\"Lottohoy\" \/>\n<meta property=\"article:modified_time\" content=\"2025-04-08T14:40:17+00:00\" \/>\n<meta name=\"twitter:card\" content=\"summary_large_image\" \/>\n<meta name=\"twitter:label1\" content=\"Estimeret l\u00e6setid\" \/>\n\t<meta name=\"twitter:data1\" content=\"3 minutter\" \/>\n<script type=\"application\/ld+json\" class=\"yoast-schema-graph\">{\"@context\":\"https:\/\/schema.org\",\"@graph\":[{\"@type\":\"WebPage\",\"@id\":\"https:\/\/lottohoy.com\/da\/spil\/spil-lotto-6aus49\/\",\"url\":\"https:\/\/lottohoy.com\/da\/spil\/spil-lotto-6aus49\/\",\"name\":\"Spil Lotto 6aus49, tysk lotteri - LottoHoy.com\",\"isPartOf\":{\"@id\":\"https:\/\/lottohoy.com\/da\/#website\"},\"datePublished\":\"2020-08-10T21:50:30+00:00\",\"dateModified\":\"2025-04-08T14:40:17+00:00\",\"description\":\"Et interessant alternativ er at spille lotto 6aus49, det tyske lotteri, der genererer nye heldige og glade vindere hver uge.\",\"breadcrumb\":{\"@id\":\"https:\/\/lottohoy.com\/da\/spil\/spil-lotto-6aus49\/#breadcrumb\"},\"inLanguage\":\"da-DK\",\"potentialAction\":[{\"@type\":\"ReadAction\",\"target\":[\"https:\/\/lottohoy.com\/da\/spil\/spil-lotto-6aus49\/\"]}]},{\"@type\":\"BreadcrumbList\",\"@id\":\"https:\/\/lottohoy.com\/da\/spil\/spil-lotto-6aus49\/#breadcrumb\",\"itemListElement\":[{\"@type\":\"ListItem\",\"position\":1,\"name\":\"Home\",\"item\":\"https:\/\/lottohoy.com\/da\/\"},{\"@type\":\"ListItem\",\"position\":2,\"name\":\"Spil lotteri online\",\"item\":\"https:\/\/lottohoy.com\/da\/spil\/\"},{\"@type\":\"ListItem\",\"position\":3,\"name\":\"Spil Lotto 6aus49\"}]},{\"@type\":\"WebSite\",\"@id\":\"https:\/\/lottohoy.com\/da\/#website\",\"url\":\"https:\/\/lottohoy.com\/da\/\",\"name\":\"Lottohoy\",\"description\":\"\",\"potentialAction\":[{\"@type\":\"SearchAction\",\"target\":{\"@type\":\"EntryPoint\",\"urlTemplate\":\"https:\/\/lottohoy.com\/da\/?s={search_term_string}\"},\"query-input\":{\"@type\":\"PropertyValueSpecification\",\"valueRequired\":true,\"valueName\":\"search_term_string\"}}],\"inLanguage\":\"da-DK\"}]}<\/script>\n<!-- \/ Yoast SEO plugin. -->","yoast_head_json":{"title":"Spil Lotto 6aus49, tysk lotteri - LottoHoy.com","description":"Et interessant alternativ er at spille lotto 6aus49, det tyske lotteri, der genererer nye heldige og glade vindere hver uge.","robots":{"index":"index","follow":"follow","max-snippet":"max-snippet:-1","max-image-preview":"max-image-preview:large","max-video-preview":"max-video-preview:-1"},"canonical":"https:\/\/lottohoy.com\/da\/spil\/spil-lotto-6aus49\/","og_locale":"da_DK","og_type":"article","og_title":"Spil Lotto 6aus49, tysk lotteri - LottoHoy.com","og_description":"Et interessant alternativ er at spille lotto 6aus49, det tyske lotteri, der genererer nye heldige og glade vindere hver uge.","og_url":"https:\/\/lottohoy.com\/da\/spil\/spil-lotto-6aus49\/","og_site_name":"Lottohoy","article_modified_time":"2025-04-08T14:40:17+00:00","twitter_card":"summary_large_image","twitter_misc":{"Estimeret l\u00e6setid":"3 minutter"},"schema":{"@context":"https:\/\/schema.org","@graph":[{"@type":"WebPage","@id":"https:\/\/lottohoy.com\/da\/spil\/spil-lotto-6aus49\/","url":"https:\/\/lottohoy.com\/da\/spil\/spil-lotto-6aus49\/","name":"Spil Lotto 6aus49, tysk lotteri - LottoHoy.com","isPartOf":{"@id":"https:\/\/lottohoy.com\/da\/#website"},"datePublished":"2020-08-10T21:50:30+00:00","dateModified":"2025-04-08T14:40:17+00:00","description":"Et interessant alternativ er at spille lotto 6aus49, det tyske lotteri, der genererer nye heldige og glade vindere hver uge.","breadcrumb":{"@id":"https:\/\/lottohoy.com\/da\/spil\/spil-lotto-6aus49\/#breadcrumb"},"inLanguage":"da-DK","potentialAction":[{"@type":"ReadAction","target":["https:\/\/lottohoy.com\/da\/spil\/spil-lotto-6aus49\/"]}]},{"@type":"BreadcrumbList","@id":"https:\/\/lottohoy.com\/da\/spil\/spil-lotto-6aus49\/#breadcrumb","itemListElement":[{"@type":"ListItem","position":1,"name":"Home","item":"https:\/\/lottohoy.com\/da\/"},{"@type":"ListItem","position":2,"name":"Spil lotteri online","item":"https:\/\/lottohoy.com\/da\/spil\/"},{"@type":"ListItem","position":3,"name":"Spil Lotto 6aus49"}]},{"@type":"WebSite","@id":"https:\/\/lottohoy.com\/da\/#website","url":"https:\/\/lottohoy.com\/da\/","name":"Lottohoy","description":"","potentialAction":[{"@type":"SearchAction","target":{"@type":"EntryPoint","urlTemplate":"https:\/\/lottohoy.com\/da\/?s={search_term_string}"},"query-input":{"@type":"PropertyValueSpecification","valueRequired":true,"valueName":"search_term_string"}}],"inLanguage":"da-DK"}]}},"_links":{"self":[{"href":"https:\/\/lottohoy.com\/da\/wp-json\/wp\/v2\/pages\/16712","targetHints":{"allow":["GET"]}}],"collection":[{"href":"https:\/\/lottohoy.com\/da\/wp-json\/wp\/v2\/pages"}],"about":[{"href":"https:\/\/lottohoy.com\/da\/wp-json\/wp\/v2\/types\/page"}],"author":[{"embeddable":true,"href":"https:\/\/lottohoy.com\/da\/wp-json\/wp\/v2\/users\/2"}],"replies":[{"embeddable":true,"href":"https:\/\/lottohoy.com\/da\/wp-json\/wp\/v2\/comments?post=16712"}],"version-history":[{"count":2,"href":"https:\/\/lottohoy.com\/da\/wp-json\/wp\/v2\/pages\/16712\/revisions"}],"predecessor-version":[{"id":18342,"href":"https:\/\/lottohoy.com\/da\/wp-json\/wp\/v2\/pages\/16712\/revisions\/18342"}],"up":[{"embeddable":true,"href":"https:\/\/lottohoy.com\/da\/wp-json\/wp\/v2\/pages\/16579"}],"wp:attachment":[{"href":"https:\/\/lottohoy.com\/da\/wp-json\/wp\/v2\/media?parent=16712"}],"curies":[{"name":"wp","href":"https:\/\/api.w.org\/{rel}","templated":true}]}}