{"id":16707,"date":"2019-03-22T15:50:45","date_gmt":"2019-03-22T15:50:45","guid":{"rendered":"https:\/\/lottohoy.com\/?page_id=16707"},"modified":"2025-03-25T10:28:04","modified_gmt":"2025-03-25T10:28:04","slug":"spil-fransk-lotto","status":"publish","type":"page","link":"https:\/\/lottohoy.com\/da\/spil\/spil-fransk-lotto\/","title":{"rendered":"Spil fransk lotto"},"content":{"rendered":"<h2>Spil fransk lotto online<\/h2>\n<p>Det franske lotteri er et af de mest popul\u00e6re spil, der udbydes af Fran\u00e7aise des Jeux (FDJ), som er operat\u00f8r af alle lotterispil i Frankrig.<\/p>\n<p>Ligesom de fleste lotterier verden over er det franske lotto forbeholdt spillere i deres lovlige alder. I dette tilf\u00e6lde har Frankrig fastsat en aldersgr\u00e6nse p\u00e5 18 \u00e5r for at kunne deltage og vinde pr\u00e6mier i alle sine spil.<\/p>\n<h2>S\u00e5dan spiller du den franske lotto<\/h2>\n<p>For at spille den franske lotto online er der grundl\u00e6ggende to muligheder: G\u00f8r det direkte via La Fran\u00e7aise des Jeux&#8217; hjemmeside i Frankrig eller via LottoHoy.<\/p>\n<p>N\u00e5r man g\u00e5r ind p\u00e5 den franske Lotto-spilleside via LottoHoy.com, vises en skabelon med fem kolonner eller spillelinjer, hvor hver kolonne svarer til en indsats. Til disse fem f\u00f8rste kolonner kan der tilf\u00f8jes flere ved at klikke p\u00e5 knappen MORE LINES, og der vises yderligere fem kolonner, hvor du kan placere flere indsatser p\u00e5 det samme spil.<\/p>\n<p>Dette kan gentages lige s\u00e5 mange gange som antallet af kolonner eller linjer, du \u00f8nsker at satse p\u00e5.<\/p>\n<p>For at placere indsatsen i en kolonne skal du <strong>v\u00e6lge fem af de 49 numre, der vises i den f\u00f8rste kvadrant, og et andet nummer i den anden boks mellem cirklerne med numrene 1 til 10.<\/strong><\/p>\n<p>Dette kan g\u00f8res manuelt ved at markere direkte p\u00e5 hvert af de tal, du vil have til at v\u00e6re en del af din spilkombination. Derudover kan du, hvis du \u00f8nsker det, lade systemet selv v\u00e6lge kombinationen tilf\u00e6ldigt.<\/p>\n<p>Hvis v\u00e6ddem\u00e5let g\u00e5r hjem, inds\u00e6ttes pr\u00e6miebel\u00f8bet automatisk p\u00e5 brugerens konto.<\/p>\n<h2>Hvilke dage spilles den franske lotto?<\/h2>\n<p>Den franske lottotr\u00e6kning afholdes tre gange om ugen: mandag, onsdag og l\u00f8rdag kl. 20.35 lokal tid.<\/p>\n<p>Billetindgangen lukkes officielt kl. 18.00 lokal tid og \u00e5bnes igen ved slutningen af tr\u00e6kningen for at acceptere billetter til nye tr\u00e6kninger.<\/p>\n<h2>Fordele ved at k\u00f8be fransk Lotto online<\/h2>\n<p>Der er mange fordele ved at spille p\u00e5 fransk lotto online, is\u00e6r n\u00e5r man tager forbrugertrends og den involverede lethed i betragtning.<\/p>\n<p>Blandt mange andre er dette nogle af de vigtigste fordele ved at spille gennem LottoHoy:<\/p>\n<ul>\n<li>Sikkerhed i transaktioner.<\/li>\n<li>Mulighed for at f\u00e5 adgang 24\/7 hver dag \u00e5ret rundt til k\u00f8b og v\u00e6ddem\u00e5l.<\/li>\n<li>K\u00f8b dine kuponer fra hvor som helst i verden, uden k\u00f8er eller rejser.<\/li>\n<li>Med online k\u00f8b er billetten altid sikker p\u00e5 din brugerkonto.<\/li>\n<li>De vundne pr\u00e6mier inds\u00e6ttes straks p\u00e5 din brugerkonto efter gennemf\u00f8relsen af lodtr\u00e6kningen, og n\u00e5r <a href=\"https:\/\/lottohoy.com\/results\/lotto-fr\/\"><strong>resultaterne af French Lotto<\/strong><\/a> er offentliggjort.<\/li>\n<li>Bliv informeret om rollovers og ekstraordin\u00e6re lodtr\u00e6kninger.<\/li>\n<\/ul>\n","protected":false},"excerpt":{"rendered":"<p>Spil fransk lotto online Det franske lotteri er et af de mest popul\u00e6re spil, der udbydes af Fran\u00e7aise des Jeux (FDJ), som er operat\u00f8r af alle lotterispil i Frankrig. Ligesom de fleste lotterier verden over er det franske lotto forbeholdt spillere i deres lovlige alder. I dette tilf\u00e6lde har Frankrig fastsat en aldersgr\u00e6nse p\u00e5 18 [&hellip;]<\/p>\n","protected":false},"author":7,"featured_media":0,"parent":16579,"menu_order":12,"comment_status":"closed","ping_status":"closed","template":"lotto-fr.php","meta":{"_et_pb_use_builder":"","_et_pb_old_content":"","_et_gb_content_width":"","exclude_from_search":false,"footnotes":""},"class_list":["post-16707","page","type-page","status-publish","hentry"],"yoast_head":"<!-- This site is optimized with the Yoast SEO plugin v23.7 - https:\/\/yoast.com\/wordpress\/plugins\/seo\/ -->\n<title>Spil French Lotto online, det st\u00f8rste lotteri i Frankrig<\/title>\n<meta name=\"description\" content=\"Endelig tilg\u00e6ngelig p\u00e5 LottoHoy, Frankrigs vigtigste lotteri. K\u00f8b dine kuponer hvor som helst og f\u00f8l sp\u00e6ndingen ved at vinde i French Lotto.\" \/>\n<meta name=\"robots\" content=\"index, follow, max-snippet:-1, max-image-preview:large, max-video-preview:-1\" \/>\n<link rel=\"canonical\" href=\"https:\/\/lottohoy.com\/da\/spil\/spil-fransk-lotto\/\" \/>\n<meta property=\"og:locale\" content=\"da_DK\" \/>\n<meta property=\"og:type\" content=\"article\" \/>\n<meta property=\"og:title\" content=\"Spil French Lotto online, det st\u00f8rste lotteri i Frankrig\" \/>\n<meta property=\"og:description\" content=\"Endelig tilg\u00e6ngelig p\u00e5 LottoHoy, Frankrigs vigtigste lotteri. K\u00f8b dine kuponer hvor som helst og f\u00f8l sp\u00e6ndingen ved at vinde i French Lotto.\" \/>\n<meta property=\"og:url\" content=\"https:\/\/lottohoy.com\/da\/spil\/spil-fransk-lotto\/\" \/>\n<meta property=\"og:site_name\" content=\"Lottohoy\" \/>\n<meta property=\"article:modified_time\" content=\"2025-03-25T10:28:04+00:00\" \/>\n<meta name=\"twitter:card\" content=\"summary_large_image\" \/>\n<meta name=\"twitter:label1\" content=\"Estimeret l\u00e6setid\" \/>\n\t<meta name=\"twitter:data1\" content=\"2 minutter\" \/>\n<script type=\"application\/ld+json\" class=\"yoast-schema-graph\">{\"@context\":\"https:\/\/schema.org\",\"@graph\":[{\"@type\":\"WebPage\",\"@id\":\"https:\/\/lottohoy.com\/da\/spil\/spil-fransk-lotto\/\",\"url\":\"https:\/\/lottohoy.com\/da\/spil\/spil-fransk-lotto\/\",\"name\":\"Spil French Lotto online, det st\u00f8rste lotteri i Frankrig\",\"isPartOf\":{\"@id\":\"https:\/\/lottohoy.com\/da\/#website\"},\"datePublished\":\"2019-03-22T15:50:45+00:00\",\"dateModified\":\"2025-03-25T10:28:04+00:00\",\"description\":\"Endelig tilg\u00e6ngelig p\u00e5 LottoHoy, Frankrigs vigtigste lotteri. K\u00f8b dine kuponer hvor som helst og f\u00f8l sp\u00e6ndingen ved at vinde i French Lotto.\",\"breadcrumb\":{\"@id\":\"https:\/\/lottohoy.com\/da\/spil\/spil-fransk-lotto\/#breadcrumb\"},\"inLanguage\":\"da-DK\",\"potentialAction\":[{\"@type\":\"ReadAction\",\"target\":[\"https:\/\/lottohoy.com\/da\/spil\/spil-fransk-lotto\/\"]}]},{\"@type\":\"BreadcrumbList\",\"@id\":\"https:\/\/lottohoy.com\/da\/spil\/spil-fransk-lotto\/#breadcrumb\",\"itemListElement\":[{\"@type\":\"ListItem\",\"position\":1,\"name\":\"Home\",\"item\":\"https:\/\/lottohoy.com\/da\/\"},{\"@type\":\"ListItem\",\"position\":2,\"name\":\"Spil lotteri online\",\"item\":\"https:\/\/lottohoy.com\/da\/spil\/\"},{\"@type\":\"ListItem\",\"position\":3,\"name\":\"Spil fransk lotto\"}]},{\"@type\":\"WebSite\",\"@id\":\"https:\/\/lottohoy.com\/da\/#website\",\"url\":\"https:\/\/lottohoy.com\/da\/\",\"name\":\"Lottohoy\",\"description\":\"\",\"potentialAction\":[{\"@type\":\"SearchAction\",\"target\":{\"@type\":\"EntryPoint\",\"urlTemplate\":\"https:\/\/lottohoy.com\/da\/?s={search_term_string}\"},\"query-input\":{\"@type\":\"PropertyValueSpecification\",\"valueRequired\":true,\"valueName\":\"search_term_string\"}}],\"inLanguage\":\"da-DK\"}]}<\/script>\n<!-- \/ Yoast SEO plugin. -->","yoast_head_json":{"title":"Spil French Lotto online, det st\u00f8rste lotteri i Frankrig","description":"Endelig tilg\u00e6ngelig p\u00e5 LottoHoy, Frankrigs vigtigste lotteri. K\u00f8b dine kuponer hvor som helst og f\u00f8l sp\u00e6ndingen ved at vinde i French Lotto.","robots":{"index":"index","follow":"follow","max-snippet":"max-snippet:-1","max-image-preview":"max-image-preview:large","max-video-preview":"max-video-preview:-1"},"canonical":"https:\/\/lottohoy.com\/da\/spil\/spil-fransk-lotto\/","og_locale":"da_DK","og_type":"article","og_title":"Spil French Lotto online, det st\u00f8rste lotteri i Frankrig","og_description":"Endelig tilg\u00e6ngelig p\u00e5 LottoHoy, Frankrigs vigtigste lotteri. K\u00f8b dine kuponer hvor som helst og f\u00f8l sp\u00e6ndingen ved at vinde i French Lotto.","og_url":"https:\/\/lottohoy.com\/da\/spil\/spil-fransk-lotto\/","og_site_name":"Lottohoy","article_modified_time":"2025-03-25T10:28:04+00:00","twitter_card":"summary_large_image","twitter_misc":{"Estimeret l\u00e6setid":"2 minutter"},"schema":{"@context":"https:\/\/schema.org","@graph":[{"@type":"WebPage","@id":"https:\/\/lottohoy.com\/da\/spil\/spil-fransk-lotto\/","url":"https:\/\/lottohoy.com\/da\/spil\/spil-fransk-lotto\/","name":"Spil French Lotto online, det st\u00f8rste lotteri i Frankrig","isPartOf":{"@id":"https:\/\/lottohoy.com\/da\/#website"},"datePublished":"2019-03-22T15:50:45+00:00","dateModified":"2025-03-25T10:28:04+00:00","description":"Endelig tilg\u00e6ngelig p\u00e5 LottoHoy, Frankrigs vigtigste lotteri. K\u00f8b dine kuponer hvor som helst og f\u00f8l sp\u00e6ndingen ved at vinde i French Lotto.","breadcrumb":{"@id":"https:\/\/lottohoy.com\/da\/spil\/spil-fransk-lotto\/#breadcrumb"},"inLanguage":"da-DK","potentialAction":[{"@type":"ReadAction","target":["https:\/\/lottohoy.com\/da\/spil\/spil-fransk-lotto\/"]}]},{"@type":"BreadcrumbList","@id":"https:\/\/lottohoy.com\/da\/spil\/spil-fransk-lotto\/#breadcrumb","itemListElement":[{"@type":"ListItem","position":1,"name":"Home","item":"https:\/\/lottohoy.com\/da\/"},{"@type":"ListItem","position":2,"name":"Spil lotteri online","item":"https:\/\/lottohoy.com\/da\/spil\/"},{"@type":"ListItem","position":3,"name":"Spil fransk lotto"}]},{"@type":"WebSite","@id":"https:\/\/lottohoy.com\/da\/#website","url":"https:\/\/lottohoy.com\/da\/","name":"Lottohoy","description":"","potentialAction":[{"@type":"SearchAction","target":{"@type":"EntryPoint","urlTemplate":"https:\/\/lottohoy.com\/da\/?s={search_term_string}"},"query-input":{"@type":"PropertyValueSpecification","valueRequired":true,"valueName":"search_term_string"}}],"inLanguage":"da-DK"}]}},"_links":{"self":[{"href":"https:\/\/lottohoy.com\/da\/wp-json\/wp\/v2\/pages\/16707","targetHints":{"allow":["GET"]}}],"collection":[{"href":"https:\/\/lottohoy.com\/da\/wp-json\/wp\/v2\/pages"}],"about":[{"href":"https:\/\/lottohoy.com\/da\/wp-json\/wp\/v2\/types\/page"}],"author":[{"embeddable":true,"href":"https:\/\/lottohoy.com\/da\/wp-json\/wp\/v2\/users\/7"}],"replies":[{"embeddable":true,"href":"https:\/\/lottohoy.com\/da\/wp-json\/wp\/v2\/comments?post=16707"}],"version-history":[{"count":1,"href":"https:\/\/lottohoy.com\/da\/wp-json\/wp\/v2\/pages\/16707\/revisions"}],"predecessor-version":[{"id":16708,"href":"https:\/\/lottohoy.com\/da\/wp-json\/wp\/v2\/pages\/16707\/revisions\/16708"}],"up":[{"embeddable":true,"href":"https:\/\/lottohoy.com\/da\/wp-json\/wp\/v2\/pages\/16579"}],"wp:attachment":[{"href":"https:\/\/lottohoy.com\/da\/wp-json\/wp\/v2\/media?parent=16707"}],"curies":[{"name":"wp","href":"https:\/\/api.w.org\/{rel}","templated":true}]}}