{"id":16693,"date":"2020-08-10T17:04:41","date_gmt":"2020-08-10T16:04:41","guid":{"rendered":"https:\/\/lottohoy.com\/spil\/play-set-for-life-uk\/"},"modified":"2020-08-10T17:04:41","modified_gmt":"2020-08-10T16:04:41","slug":"play-set-for-life-uk","status":"publish","type":"page","link":"https:\/\/lottohoy.com\/da\/spil\/play-set-for-life-uk\/","title":{"rendered":"Play Set For Life (UK)"},"content":{"rendered":"<h2>Spil Set for Life (UK)<\/h2>\n<p>Set for Life er et lotteri fra The National Lottery, der drives af Camelot og giver de bedste spillere chancen for at vinde 10.000 pund om m\u00e5neden i 30 \u00e5r. Men for ikke-britiske spillere vil Camelot give et samlet kontant alternativ svarende til, hvad du ville have v\u00e6ret n\u00f8dt til at betale i livrente eller det akkumulerede bel\u00f8b for den tr\u00e6kning i din f\u00f8rste kategori M\u00e5den at spille p\u00e5 er meget enkel, spillerne skal v\u00e6lge fra en tabel best\u00e5ende af 47 firkanter, nummereret fra 1 til 47, de 5 numre i hovedkombinationen, plus et s\u00e6rligt bonusnummer kendt som Life Ball fra en liste nummereret fra 1 til 10<\/p>\n<h2>Hvordan spiller man Set for Life (UK) online?<\/h2>\n<p>Det er virkelig nemt at spille Set for Life (UK) online, du skal bare oprette en brugerkonto p\u00e5 LottoHoy for at kunne f\u00e5 adgang til alle oplysninger om indsamlinger, betalinger, abonnementer, k\u00f8bte billetter, statistikker osv. P\u00e5 spilsiden vises fem kolonner med v\u00e6ddem\u00e5l (ogs\u00e5 kaldet linjer), hver af de 5 kolonner har felter nummereret fra 1 til 47 som hovednumre, og v\u00e6lg et andet nummer nederst i kolonnen med cirklerne nummereret fra 1 til 10), og du kan udfylde s\u00e5 mange kolonner eller linjer med v\u00e6ddem\u00e5l, som du \u00f8nsker. Ved at klikke p\u00e5 boksen \u00bbflere linjer\u00ab kommer der yderligere fem kolonner frem og s\u00e5 videre, indtil du \u00f8nsker det. Hver kolonne henviser til et enkelt v\u00e6ddem\u00e5l, hvis pris er 4 euro, afh\u00e6ngigt af vekselkursen med det britiske pund Systemet giver dig mulighed for at udfylde disse felter manuelt eller ved hj\u00e6lp af hurtigvalgfeltet, som vises over hver tavle, og lade systemet selv tilf\u00e6ldigt v\u00e6lge kombinationen af vores v\u00e6ddem\u00e5l. N\u00e5r valget af tal i en eller flere kolonner er foretaget, skal du g\u00e5 til feltet FORTS\u00c6T og forts\u00e6tte med at betale det samme. S\u00e5 enkelt er det.<\/p>\n<h2>Hvilke pr\u00e6mier uddeler Set for Life (UK)?<\/h2>\n<p>Set for Life (UK) har otte (8) forskellige pr\u00e6miekategorier. For at vinde hovedpr\u00e6mien skal du matche de fem \u00f8verste tal og Life Ball. Der er otte kategorier for Set for Life (UK)-resultater &#8211; F\u00f8rste kategori: For de 5 tal + Life Ball &#8211; Anden kategori: 5 hovedkombinationsplader &#8211; Tredje kategori: 4 kombinationshits + Life Ball &#8211; Fjerde kategori: 4 hits af kombinationen. &#8211; Femte kategori: 3 kombinationshits + Life Ball &#8211; Sjette kategori: 3 hits hovedkombination &#8211; Syvende kategori: 2 hits + Life Ball &#8211; Ottende kategori: 2 hits<\/p>\n<h2>Hvorn\u00e5r bliver Set for Life (UK) udloddet?<\/h2>\n<p>Normalt afholdes Set for Life (UK) lodtr\u00e6kninger hver mandag og torsdag, begge kl. 20:00 GMT For onlinesalget er adgangen til k\u00f8b lukket 2 timer f\u00f8r fejringen af lodtr\u00e6kningerne, af hensyn til administration og sikkerhed.<\/p>\n<h2>Hvor meget koster det at spille Set for Life (UK)?<\/h2>\n<p>Prisen p\u00e5 hver Set for Life (UK) billet i LottoHoy er fra 4 \u20ac og inkluderer alle omkostninger ved h\u00e5ndtering og styring af k\u00f8b gennem officielle leverand\u00f8rer og \/ eller lignende.<\/p>\n","protected":false},"excerpt":{"rendered":"<p>Spil Set for Life (UK) Set for Life er et lotteri fra The National Lottery, der drives af Camelot og giver de bedste spillere chancen for at vinde 10.000 pund om m\u00e5neden i 30 \u00e5r. Men for ikke-britiske spillere vil Camelot give et samlet kontant alternativ svarende til, hvad du ville have v\u00e6ret n\u00f8dt til [&hellip;]<\/p>\n","protected":false},"author":2,"featured_media":0,"parent":16579,"menu_order":11,"comment_status":"closed","ping_status":"closed","template":"set-for-life.php","meta":{"_et_pb_use_builder":"","_et_pb_old_content":"","_et_gb_content_width":"","exclude_from_search":false,"footnotes":""},"class_list":["post-16693","page","type-page","status-publish","hentry"],"yoast_head":"<!-- This site is optimized with the Yoast SEO plugin v23.7 - https:\/\/yoast.com\/wordpress\/plugins\/seo\/ -->\n<title>Bliv heldig ved at spille Set For Life-lotteri (UK) -LottoHoy.com<\/title>\n<meta name=\"description\" content=\"Du kan nemt v\u00e6lge tal og spille Set for Life (UK) online i alle de lodtr\u00e6kninger, du \u00f8nsker, uden at g\u00e5 glip af noget.\" \/>\n<meta name=\"robots\" content=\"index, follow, max-snippet:-1, max-image-preview:large, max-video-preview:-1\" \/>\n<link rel=\"canonical\" href=\"https:\/\/lottohoy.com\/da\/spil\/play-set-for-life-uk\/\" \/>\n<meta property=\"og:locale\" content=\"da_DK\" \/>\n<meta property=\"og:type\" content=\"article\" \/>\n<meta property=\"og:title\" content=\"Bliv heldig ved at spille Set For Life-lotteri (UK) -LottoHoy.com\" \/>\n<meta property=\"og:description\" content=\"Du kan nemt v\u00e6lge tal og spille Set for Life (UK) online i alle de lodtr\u00e6kninger, du \u00f8nsker, uden at g\u00e5 glip af noget.\" \/>\n<meta property=\"og:url\" content=\"https:\/\/lottohoy.com\/da\/spil\/play-set-for-life-uk\/\" \/>\n<meta property=\"og:site_name\" content=\"Lottohoy\" \/>\n<meta name=\"twitter:card\" content=\"summary_large_image\" \/>\n<meta name=\"twitter:label1\" content=\"Estimeret l\u00e6setid\" \/>\n\t<meta name=\"twitter:data1\" content=\"2 minutter\" \/>\n<script type=\"application\/ld+json\" class=\"yoast-schema-graph\">{\"@context\":\"https:\/\/schema.org\",\"@graph\":[{\"@type\":\"WebPage\",\"@id\":\"https:\/\/lottohoy.com\/da\/spil\/play-set-for-life-uk\/\",\"url\":\"https:\/\/lottohoy.com\/da\/spil\/play-set-for-life-uk\/\",\"name\":\"Bliv heldig ved at spille Set For Life-lotteri (UK) -LottoHoy.com\",\"isPartOf\":{\"@id\":\"https:\/\/lottohoy.com\/da\/#website\"},\"datePublished\":\"2020-08-10T16:04:41+00:00\",\"dateModified\":\"2020-08-10T16:04:41+00:00\",\"description\":\"Du kan nemt v\u00e6lge tal og spille Set for Life (UK) online i alle de lodtr\u00e6kninger, du \u00f8nsker, uden at g\u00e5 glip af noget.\",\"breadcrumb\":{\"@id\":\"https:\/\/lottohoy.com\/da\/spil\/play-set-for-life-uk\/#breadcrumb\"},\"inLanguage\":\"da-DK\",\"potentialAction\":[{\"@type\":\"ReadAction\",\"target\":[\"https:\/\/lottohoy.com\/da\/spil\/play-set-for-life-uk\/\"]}]},{\"@type\":\"BreadcrumbList\",\"@id\":\"https:\/\/lottohoy.com\/da\/spil\/play-set-for-life-uk\/#breadcrumb\",\"itemListElement\":[{\"@type\":\"ListItem\",\"position\":1,\"name\":\"Home\",\"item\":\"https:\/\/lottohoy.com\/da\/\"},{\"@type\":\"ListItem\",\"position\":2,\"name\":\"Spil lotteri online\",\"item\":\"https:\/\/lottohoy.com\/da\/spil\/\"},{\"@type\":\"ListItem\",\"position\":3,\"name\":\"Play Set For Life (UK)\"}]},{\"@type\":\"WebSite\",\"@id\":\"https:\/\/lottohoy.com\/da\/#website\",\"url\":\"https:\/\/lottohoy.com\/da\/\",\"name\":\"Lottohoy\",\"description\":\"\",\"potentialAction\":[{\"@type\":\"SearchAction\",\"target\":{\"@type\":\"EntryPoint\",\"urlTemplate\":\"https:\/\/lottohoy.com\/da\/?s={search_term_string}\"},\"query-input\":{\"@type\":\"PropertyValueSpecification\",\"valueRequired\":true,\"valueName\":\"search_term_string\"}}],\"inLanguage\":\"da-DK\"}]}<\/script>\n<!-- \/ Yoast SEO plugin. -->","yoast_head_json":{"title":"Bliv heldig ved at spille Set For Life-lotteri (UK) -LottoHoy.com","description":"Du kan nemt v\u00e6lge tal og spille Set for Life (UK) online i alle de lodtr\u00e6kninger, du \u00f8nsker, uden at g\u00e5 glip af noget.","robots":{"index":"index","follow":"follow","max-snippet":"max-snippet:-1","max-image-preview":"max-image-preview:large","max-video-preview":"max-video-preview:-1"},"canonical":"https:\/\/lottohoy.com\/da\/spil\/play-set-for-life-uk\/","og_locale":"da_DK","og_type":"article","og_title":"Bliv heldig ved at spille Set For Life-lotteri (UK) -LottoHoy.com","og_description":"Du kan nemt v\u00e6lge tal og spille Set for Life (UK) online i alle de lodtr\u00e6kninger, du \u00f8nsker, uden at g\u00e5 glip af noget.","og_url":"https:\/\/lottohoy.com\/da\/spil\/play-set-for-life-uk\/","og_site_name":"Lottohoy","twitter_card":"summary_large_image","twitter_misc":{"Estimeret l\u00e6setid":"2 minutter"},"schema":{"@context":"https:\/\/schema.org","@graph":[{"@type":"WebPage","@id":"https:\/\/lottohoy.com\/da\/spil\/play-set-for-life-uk\/","url":"https:\/\/lottohoy.com\/da\/spil\/play-set-for-life-uk\/","name":"Bliv heldig ved at spille Set For Life-lotteri (UK) -LottoHoy.com","isPartOf":{"@id":"https:\/\/lottohoy.com\/da\/#website"},"datePublished":"2020-08-10T16:04:41+00:00","dateModified":"2020-08-10T16:04:41+00:00","description":"Du kan nemt v\u00e6lge tal og spille Set for Life (UK) online i alle de lodtr\u00e6kninger, du \u00f8nsker, uden at g\u00e5 glip af noget.","breadcrumb":{"@id":"https:\/\/lottohoy.com\/da\/spil\/play-set-for-life-uk\/#breadcrumb"},"inLanguage":"da-DK","potentialAction":[{"@type":"ReadAction","target":["https:\/\/lottohoy.com\/da\/spil\/play-set-for-life-uk\/"]}]},{"@type":"BreadcrumbList","@id":"https:\/\/lottohoy.com\/da\/spil\/play-set-for-life-uk\/#breadcrumb","itemListElement":[{"@type":"ListItem","position":1,"name":"Home","item":"https:\/\/lottohoy.com\/da\/"},{"@type":"ListItem","position":2,"name":"Spil lotteri online","item":"https:\/\/lottohoy.com\/da\/spil\/"},{"@type":"ListItem","position":3,"name":"Play Set For Life (UK)"}]},{"@type":"WebSite","@id":"https:\/\/lottohoy.com\/da\/#website","url":"https:\/\/lottohoy.com\/da\/","name":"Lottohoy","description":"","potentialAction":[{"@type":"SearchAction","target":{"@type":"EntryPoint","urlTemplate":"https:\/\/lottohoy.com\/da\/?s={search_term_string}"},"query-input":{"@type":"PropertyValueSpecification","valueRequired":true,"valueName":"search_term_string"}}],"inLanguage":"da-DK"}]}},"_links":{"self":[{"href":"https:\/\/lottohoy.com\/da\/wp-json\/wp\/v2\/pages\/16693","targetHints":{"allow":["GET"]}}],"collection":[{"href":"https:\/\/lottohoy.com\/da\/wp-json\/wp\/v2\/pages"}],"about":[{"href":"https:\/\/lottohoy.com\/da\/wp-json\/wp\/v2\/types\/page"}],"author":[{"embeddable":true,"href":"https:\/\/lottohoy.com\/da\/wp-json\/wp\/v2\/users\/2"}],"replies":[{"embeddable":true,"href":"https:\/\/lottohoy.com\/da\/wp-json\/wp\/v2\/comments?post=16693"}],"version-history":[{"count":0,"href":"https:\/\/lottohoy.com\/da\/wp-json\/wp\/v2\/pages\/16693\/revisions"}],"up":[{"embeddable":true,"href":"https:\/\/lottohoy.com\/da\/wp-json\/wp\/v2\/pages\/16579"}],"wp:attachment":[{"href":"https:\/\/lottohoy.com\/da\/wp-json\/wp\/v2\/media?parent=16693"}],"curies":[{"name":"wp","href":"https:\/\/api.w.org\/{rel}","templated":true}]}}