{"id":16687,"date":"2020-08-10T17:39:45","date_gmt":"2020-08-10T16:39:45","guid":{"rendered":"https:\/\/lottohoy.com\/spil\/spil-thunderball\/"},"modified":"2020-08-10T17:39:45","modified_gmt":"2020-08-10T16:39:45","slug":"spil-thunderball","status":"publish","type":"page","link":"https:\/\/lottohoy.com\/da\/spil\/spil-thunderball\/","title":{"rendered":"Spil Thunderball"},"content":{"rendered":"<h2>Spil Thunderball online<\/h2>\n<p>Thunderball er et atypisk lotteri med en fast pr\u00e6mie p\u00e5 500.000 pund til hver af topvinderne, som drives af The National Lottery gennem Camelot. For at spille Thunderball-lotteriet online kan du bruge en online lotteriplatform som vores, som giver al den bekvemmelighed, der er hjemme, og p\u00e5lideligheden af data og transaktioner, der er krypteret af sikkerhedshensyn. Som i langt de fleste lotterier kr\u00e6ves det, at den person, der spiller, er myndig for at kunne g\u00f8re krav p\u00e5 pr\u00e6mierne, hvis det er tilf\u00e6ldet. N\u00e5r du g\u00e5r ind p\u00e5 Thunderball-spillesiden via vores platform, vises en skabelon med forskellige kolonner, hvor du kan placere dine indsatser, vi kalder dem ogs\u00e5 spillelinjer. Hver kolonne eller linje svarer til en indsats. Disse f\u00f8rste kolonner kan forst\u00f8rres ved at klikke p\u00e5 boksen MORE LINES, og der vises andre kolonner, hvor du kan placere flere indsatser p\u00e5 det samme spil. Dette kan gentages lige s\u00e5 mange gange som det antal kolonner eller linjer, du \u00f8nsker at satse p\u00e5. For at placere et v\u00e6ddem\u00e5l p\u00e5 en kolonne skal 5 af de 39 felter i det f\u00f8rste felt markeres plus et antal cirkler nummereret mellem 1 og 14 V\u00e6ddem\u00e5let kan foretages p\u00e5 to m\u00e5der, manuelt, dvs. ved direkte at markere feltet for hvert tal, som du vil have til at v\u00e6re en del af din v\u00e6ddem\u00e5lskombination. Eller, hvis du \u00f8nsker det, kan du lade systemet selv v\u00e6lge v\u00e6ddem\u00e5lskombinationen tilf\u00e6ldigt ved at f\u00f8re mark\u00f8ren hen over toppen af kolonnen, hvor der vises en boks med teksten \u00bbhurtigt valg\u00ab, og klikke p\u00e5 boksen I tilf\u00e6lde af at v\u00e6ddem\u00e5let tildeles, krediteres pr\u00e6miebel\u00f8bet automatisk til brugerkontoen.<\/p>\n<h2>Hvorn\u00e5r bliver Thunderball udloddet?<\/h2>\n<p>Oprindeligt var der kun en lodtr\u00e6kning om l\u00f8rdagen, nu tr\u00e6kkes Thunderball hver tirsdag, onsdag, fredag og l\u00f8rdag kl. 20:00 GMT Adgangen til onlinebilletter via vores platform lukker ca. 2 timer f\u00f8r det officielle tidspunkt for lodtr\u00e6kningen og \u00e5bner igen ved slutningen af lodtr\u00e6kningen for at validere billetter til den n\u00e6ste lodtr\u00e6kning.<\/p>\n<h2>Hvad er fordelene ved at k\u00f8be Thunderball online?<\/h2>\n<p>K\u00f8b Thunderball online, gennem vores platform, giver spillere fra hele verden mulighed for at k\u00f8be deres billetter, uanset hvilket land de bor i og fra enhver situation, med en simpel internetforbindelse og gennem enhver enhed, tablet, mobil eller pc Blandt mange andre er dette nogle af de vigtigste fordele ved at spille gennem LottoHoy: &#8211; Sikkerhed i alle \u00f8konomiske transaktioner og datatransaktioner &#8211; 24\/7 adgang hver dag \u00e5ret rundt til dine k\u00f8b og v\u00e6ddem\u00e5l. &#8211; K\u00f8b dine kuponer fra hvor som helst i verden, uden k\u00f8er eller rejser og n\u00e5r som helst p\u00e5 dagen eller natten &#8211; Med onlinek\u00f8bet undg\u00e5s tab eller fejlplacering, kuponen forbliver altid sikkert p\u00e5 brugerens konto, og den officielle kupon i sikkerhedskameraet. &#8211; De vundne pr\u00e6mier inds\u00e6ttes straks p\u00e5 brugerkontoen og er tilg\u00e6ngelige fra f\u00f8rste \u00f8jeblik. N\u00e5r lodtr\u00e6kningen har fundet sted, og de officielle resultater er blevet offentliggjort, inds\u00e6ttes de vundne pr\u00e6miebel\u00f8b p\u00e5 brugerkontoen. &#8211; Bliv informeret om de akkumulerede jackpots og ekstraordin\u00e6re lodtr\u00e6kninger.<\/p>\n","protected":false},"excerpt":{"rendered":"<p>Spil Thunderball online Thunderball er et atypisk lotteri med en fast pr\u00e6mie p\u00e5 500.000 pund til hver af topvinderne, som drives af The National Lottery gennem Camelot. For at spille Thunderball-lotteriet online kan du bruge en online lotteriplatform som vores, som giver al den bekvemmelighed, der er hjemme, og p\u00e5lideligheden af data og transaktioner, der [&hellip;]<\/p>\n","protected":false},"author":2,"featured_media":0,"parent":16579,"menu_order":10,"comment_status":"closed","ping_status":"closed","template":"thunderball.php","meta":{"_et_pb_use_builder":"","_et_pb_old_content":"","_et_gb_content_width":"","exclude_from_search":false,"footnotes":""},"class_list":["post-16687","page","type-page","status-publish","hentry"],"yoast_head":"<!-- This site is optimized with the Yoast SEO plugin v23.7 - https:\/\/yoast.com\/wordpress\/plugins\/seo\/ -->\n<title>Spil p\u00e5 Thunderball-lotteriet online - Lottohoy.com<\/title>\n<meta name=\"description\" content=\"At spille dette lotteri online g\u00f8r det nemt for mange spillere at f\u00e5 adgang til deres faste pr\u00e6mier i alle kategorier\" \/>\n<meta name=\"robots\" content=\"index, follow, max-snippet:-1, max-image-preview:large, max-video-preview:-1\" \/>\n<link rel=\"canonical\" href=\"https:\/\/lottohoy.com\/da\/spil\/spil-thunderball\/\" \/>\n<meta property=\"og:locale\" content=\"da_DK\" \/>\n<meta property=\"og:type\" content=\"article\" \/>\n<meta property=\"og:title\" content=\"Spil p\u00e5 Thunderball-lotteriet online - Lottohoy.com\" \/>\n<meta property=\"og:description\" content=\"At spille dette lotteri online g\u00f8r det nemt for mange spillere at f\u00e5 adgang til deres faste pr\u00e6mier i alle kategorier\" \/>\n<meta property=\"og:url\" content=\"https:\/\/lottohoy.com\/da\/spil\/spil-thunderball\/\" \/>\n<meta property=\"og:site_name\" content=\"Lottohoy\" \/>\n<meta name=\"twitter:card\" content=\"summary_large_image\" \/>\n<meta name=\"twitter:label1\" content=\"Estimeret l\u00e6setid\" \/>\n\t<meta name=\"twitter:data1\" content=\"3 minutter\" \/>\n<script type=\"application\/ld+json\" class=\"yoast-schema-graph\">{\"@context\":\"https:\/\/schema.org\",\"@graph\":[{\"@type\":\"WebPage\",\"@id\":\"https:\/\/lottohoy.com\/da\/spil\/spil-thunderball\/\",\"url\":\"https:\/\/lottohoy.com\/da\/spil\/spil-thunderball\/\",\"name\":\"Spil p\u00e5 Thunderball-lotteriet online - Lottohoy.com\",\"isPartOf\":{\"@id\":\"https:\/\/lottohoy.com\/da\/#website\"},\"datePublished\":\"2020-08-10T16:39:45+00:00\",\"dateModified\":\"2020-08-10T16:39:45+00:00\",\"description\":\"At spille dette lotteri online g\u00f8r det nemt for mange spillere at f\u00e5 adgang til deres faste pr\u00e6mier i alle kategorier\",\"breadcrumb\":{\"@id\":\"https:\/\/lottohoy.com\/da\/spil\/spil-thunderball\/#breadcrumb\"},\"inLanguage\":\"da-DK\",\"potentialAction\":[{\"@type\":\"ReadAction\",\"target\":[\"https:\/\/lottohoy.com\/da\/spil\/spil-thunderball\/\"]}]},{\"@type\":\"BreadcrumbList\",\"@id\":\"https:\/\/lottohoy.com\/da\/spil\/spil-thunderball\/#breadcrumb\",\"itemListElement\":[{\"@type\":\"ListItem\",\"position\":1,\"name\":\"Home\",\"item\":\"https:\/\/lottohoy.com\/da\/\"},{\"@type\":\"ListItem\",\"position\":2,\"name\":\"Spil lotteri online\",\"item\":\"https:\/\/lottohoy.com\/da\/spil\/\"},{\"@type\":\"ListItem\",\"position\":3,\"name\":\"Spil Thunderball\"}]},{\"@type\":\"WebSite\",\"@id\":\"https:\/\/lottohoy.com\/da\/#website\",\"url\":\"https:\/\/lottohoy.com\/da\/\",\"name\":\"Lottohoy\",\"description\":\"\",\"potentialAction\":[{\"@type\":\"SearchAction\",\"target\":{\"@type\":\"EntryPoint\",\"urlTemplate\":\"https:\/\/lottohoy.com\/da\/?s={search_term_string}\"},\"query-input\":{\"@type\":\"PropertyValueSpecification\",\"valueRequired\":true,\"valueName\":\"search_term_string\"}}],\"inLanguage\":\"da-DK\"}]}<\/script>\n<!-- \/ Yoast SEO plugin. -->","yoast_head_json":{"title":"Spil p\u00e5 Thunderball-lotteriet online - Lottohoy.com","description":"At spille dette lotteri online g\u00f8r det nemt for mange spillere at f\u00e5 adgang til deres faste pr\u00e6mier i alle kategorier","robots":{"index":"index","follow":"follow","max-snippet":"max-snippet:-1","max-image-preview":"max-image-preview:large","max-video-preview":"max-video-preview:-1"},"canonical":"https:\/\/lottohoy.com\/da\/spil\/spil-thunderball\/","og_locale":"da_DK","og_type":"article","og_title":"Spil p\u00e5 Thunderball-lotteriet online - Lottohoy.com","og_description":"At spille dette lotteri online g\u00f8r det nemt for mange spillere at f\u00e5 adgang til deres faste pr\u00e6mier i alle kategorier","og_url":"https:\/\/lottohoy.com\/da\/spil\/spil-thunderball\/","og_site_name":"Lottohoy","twitter_card":"summary_large_image","twitter_misc":{"Estimeret l\u00e6setid":"3 minutter"},"schema":{"@context":"https:\/\/schema.org","@graph":[{"@type":"WebPage","@id":"https:\/\/lottohoy.com\/da\/spil\/spil-thunderball\/","url":"https:\/\/lottohoy.com\/da\/spil\/spil-thunderball\/","name":"Spil p\u00e5 Thunderball-lotteriet online - Lottohoy.com","isPartOf":{"@id":"https:\/\/lottohoy.com\/da\/#website"},"datePublished":"2020-08-10T16:39:45+00:00","dateModified":"2020-08-10T16:39:45+00:00","description":"At spille dette lotteri online g\u00f8r det nemt for mange spillere at f\u00e5 adgang til deres faste pr\u00e6mier i alle kategorier","breadcrumb":{"@id":"https:\/\/lottohoy.com\/da\/spil\/spil-thunderball\/#breadcrumb"},"inLanguage":"da-DK","potentialAction":[{"@type":"ReadAction","target":["https:\/\/lottohoy.com\/da\/spil\/spil-thunderball\/"]}]},{"@type":"BreadcrumbList","@id":"https:\/\/lottohoy.com\/da\/spil\/spil-thunderball\/#breadcrumb","itemListElement":[{"@type":"ListItem","position":1,"name":"Home","item":"https:\/\/lottohoy.com\/da\/"},{"@type":"ListItem","position":2,"name":"Spil lotteri online","item":"https:\/\/lottohoy.com\/da\/spil\/"},{"@type":"ListItem","position":3,"name":"Spil Thunderball"}]},{"@type":"WebSite","@id":"https:\/\/lottohoy.com\/da\/#website","url":"https:\/\/lottohoy.com\/da\/","name":"Lottohoy","description":"","potentialAction":[{"@type":"SearchAction","target":{"@type":"EntryPoint","urlTemplate":"https:\/\/lottohoy.com\/da\/?s={search_term_string}"},"query-input":{"@type":"PropertyValueSpecification","valueRequired":true,"valueName":"search_term_string"}}],"inLanguage":"da-DK"}]}},"_links":{"self":[{"href":"https:\/\/lottohoy.com\/da\/wp-json\/wp\/v2\/pages\/16687","targetHints":{"allow":["GET"]}}],"collection":[{"href":"https:\/\/lottohoy.com\/da\/wp-json\/wp\/v2\/pages"}],"about":[{"href":"https:\/\/lottohoy.com\/da\/wp-json\/wp\/v2\/types\/page"}],"author":[{"embeddable":true,"href":"https:\/\/lottohoy.com\/da\/wp-json\/wp\/v2\/users\/2"}],"replies":[{"embeddable":true,"href":"https:\/\/lottohoy.com\/da\/wp-json\/wp\/v2\/comments?post=16687"}],"version-history":[{"count":0,"href":"https:\/\/lottohoy.com\/da\/wp-json\/wp\/v2\/pages\/16687\/revisions"}],"up":[{"embeddable":true,"href":"https:\/\/lottohoy.com\/da\/wp-json\/wp\/v2\/pages\/16579"}],"wp:attachment":[{"href":"https:\/\/lottohoy.com\/da\/wp-json\/wp\/v2\/media?parent=16687"}],"curies":[{"name":"wp","href":"https:\/\/api.w.org\/{rel}","templated":true}]}}