{"id":16684,"date":"2018-05-03T14:23:28","date_gmt":"2018-05-03T13:23:28","guid":{"rendered":"https:\/\/lottohoy.com\/spil\/spil-britisk-lotteri\/"},"modified":"2018-05-03T14:23:28","modified_gmt":"2018-05-03T13:23:28","slug":"spil-britisk-lotteri","status":"publish","type":"page","link":"https:\/\/lottohoy.com\/da\/spil\/spil-britisk-lotteri\/","title":{"rendered":"Spil britisk lotteri"},"content":{"rendered":"<h2><strong>Spil Lotto UK online<\/strong><\/h2>\n<p>UK Lotto er det nationale lotteri i Storbritannien, og reglerne angiver, at de, der er over 18 \u00e5r, er berettigede til at spille og indsamle pr\u00e6mier og skal bo i Storbritannien eller Isle of Man. Heldigvis er det ogs\u00e5 muligt at spille dette lotteri via onlineplatforme som LottoHoy.com.<\/p>\n<p>I tilf\u00e6lde af at man vinder, bliver pr\u00e6miebel\u00f8bet automatisk indsat p\u00e5 brugerkontoen, og hvis det er et meget h\u00f8jt bel\u00f8b, tilbyder vi al den n\u00f8dvendige st\u00f8tte til at kunne hente pr\u00e6mien p\u00e5 den enkleste m\u00e5de.<\/p>\n<h2><strong>Hvordan spiller man UK Lotto online?<\/strong><\/h2>\n<p>F\u00f8rst og fremmest skal du \u00e5bne UK Lotto-spillesiden, hvor du vil se en r\u00e6kke med fem spillekuponer. Hver af dem har 59 felter, der er nummereret fra 1 til 59.<\/p>\n<p>For at lave et v\u00e6ddem\u00e5l skal du v\u00e6lge seks af de 59 numre, der tilbydes, og gentage denne handling i s\u00e5 mange kolonner, som du vil spille. Prisen for en enkelt indsats er 4,06 EUR.<\/p>\n<p>Hver kolonne svarer til et v\u00e6ddem\u00e5l, og derfor vil det bel\u00f8b, der skal betales, v\u00e6re resultatet af at gange v\u00e6ddem\u00e5lets st\u00f8rrelse med antallet af spillede blokke.<\/p>\n<h2><strong>Hvilke dage tr\u00e6kkes der UK Lotto?<\/strong><\/h2>\n<p>De britiske lottotr\u00e6kninger afholdes hver onsdag kl. 20.00 GMT og l\u00f8rdage kl. 20.30 GMT. Billetsalget lukker officielt kl. 19:30 GMT.<\/p>\n<h2><strong>Fordele ved at spille britisk lotto online<\/strong><\/h2>\n<p>Der er mange fordele ved at k\u00f8be Lotto UK online, is\u00e6r i betragtning af de nye forbrugertendenser og den lethed, det indeb\u00e6rer.<\/p>\n<p>Dette er nogle af de vigtigste fordele ved at spille p\u00e5 LottoHoy:<\/p>\n<ul>\n<li>Sikkerhed i transaktioner med HTTPS-protokol.<\/li>\n<li>Du kan k\u00f8be kuponer 24\/7 hver dag \u00e5ret rundt. Det er ikke l\u00e6ngere n\u00f8dvendigt at bekymre sig, om salgsstedernes \u00e5bningstider.<\/li>\n<li>Hvor som helst, uden k\u00f8er eller uden at forlade huset. Du skal blot have en mobil enhed, en tablet eller en computer med internetforbindelse. Der er ingen geografiske barrierer for at spille UK Lotto.<\/li>\n<li>Med onlinek\u00f8b mister du aldrig kuponen, den vil altid v\u00e6re p\u00e5 din konto. Via vores platform holder du ikke kun styr p\u00e5 den k\u00f8bte kupon, men i tilf\u00e6lde af at du vinder, bliver du straks informeret via din brugerkonto.<\/li>\n<li>Du modtager straks de vundne pr\u00e6mier p\u00e5 din brugerkonto. N\u00e5r lodtr\u00e6kningen er gennemf\u00f8rt, og n\u00e5r de tilsvarende officielle <a href=\"https:\/\/lottohoy.com\/results\/lotto-uk\/\"><strong>resultater af den britiske lotto<\/strong><\/a> er blevet offentliggjort, vil det vundne bel\u00f8b blive indsat p\u00e5 din brugerkonto.<\/li>\n<li>Hold dig orienteret om de akkumulerede jackpots og ekstraordin\u00e6re tr\u00e6kninger. P\u00e5 denne m\u00e5de kan du p\u00e5 forh\u00e5nd kende de vigtigste jackpots, og du kan justere din indsats for at f\u00e5 en supermillion\u00e6rjackpot.<\/li>\n<\/ul>\n","protected":false},"excerpt":{"rendered":"<p>Spil Lotto UK online UK Lotto er det nationale lotteri i Storbritannien, og reglerne angiver, at de, der er over 18 \u00e5r, er berettigede til at spille og indsamle pr\u00e6mier og skal bo i Storbritannien eller Isle of Man. Heldigvis er det ogs\u00e5 muligt at spille dette lotteri via onlineplatforme som LottoHoy.com. I tilf\u00e6lde af [&hellip;]<\/p>\n","protected":false},"author":2,"featured_media":0,"parent":16579,"menu_order":9,"comment_status":"closed","ping_status":"closed","template":"lotto-uk.php","meta":{"_et_pb_use_builder":"","_et_pb_old_content":"","_et_gb_content_width":"","exclude_from_search":false,"footnotes":""},"class_list":["post-16684","page","type-page","status-publish","hentry"],"yoast_head":"<!-- This site is optimized with the Yoast SEO plugin v23.7 - https:\/\/yoast.com\/wordpress\/plugins\/seo\/ -->\n<title>Spil britisk lotteri online - Storbritanniens st\u00f8rste lotto - LottoHoy<\/title>\n<meta name=\"description\" content=\"V\u00e6lg bare 6 af de 59 numre, der tilbydes, og i s\u00e5 mange kolonner, som du gerne vil spille. Spil sikkert p\u00e5 Lottohoy og bliv den n\u00e6ste million\u00e6r!\" \/>\n<meta name=\"robots\" content=\"index, follow, max-snippet:-1, max-image-preview:large, max-video-preview:-1\" \/>\n<link rel=\"canonical\" href=\"https:\/\/lottohoy.com\/da\/spil\/spil-britisk-lotteri\/\" \/>\n<meta property=\"og:locale\" content=\"da_DK\" \/>\n<meta property=\"og:type\" content=\"article\" \/>\n<meta property=\"og:title\" content=\"Spil britisk lotteri online - Storbritanniens st\u00f8rste lotto - LottoHoy\" \/>\n<meta property=\"og:description\" content=\"V\u00e6lg bare 6 af de 59 numre, der tilbydes, og i s\u00e5 mange kolonner, som du gerne vil spille. Spil sikkert p\u00e5 Lottohoy og bliv den n\u00e6ste million\u00e6r!\" \/>\n<meta property=\"og:url\" content=\"https:\/\/lottohoy.com\/da\/spil\/spil-britisk-lotteri\/\" \/>\n<meta property=\"og:site_name\" content=\"Lottohoy\" \/>\n<meta name=\"twitter:card\" content=\"summary_large_image\" \/>\n<meta name=\"twitter:label1\" content=\"Estimeret l\u00e6setid\" \/>\n\t<meta name=\"twitter:data1\" content=\"2 minutter\" \/>\n<script type=\"application\/ld+json\" class=\"yoast-schema-graph\">{\"@context\":\"https:\/\/schema.org\",\"@graph\":[{\"@type\":\"WebPage\",\"@id\":\"https:\/\/lottohoy.com\/da\/spil\/spil-britisk-lotteri\/\",\"url\":\"https:\/\/lottohoy.com\/da\/spil\/spil-britisk-lotteri\/\",\"name\":\"Spil britisk lotteri online - Storbritanniens st\u00f8rste lotto - LottoHoy\",\"isPartOf\":{\"@id\":\"https:\/\/lottohoy.com\/da\/#website\"},\"datePublished\":\"2018-05-03T13:23:28+00:00\",\"dateModified\":\"2018-05-03T13:23:28+00:00\",\"description\":\"V\u00e6lg bare 6 af de 59 numre, der tilbydes, og i s\u00e5 mange kolonner, som du gerne vil spille. Spil sikkert p\u00e5 Lottohoy og bliv den n\u00e6ste million\u00e6r!\",\"breadcrumb\":{\"@id\":\"https:\/\/lottohoy.com\/da\/spil\/spil-britisk-lotteri\/#breadcrumb\"},\"inLanguage\":\"da-DK\",\"potentialAction\":[{\"@type\":\"ReadAction\",\"target\":[\"https:\/\/lottohoy.com\/da\/spil\/spil-britisk-lotteri\/\"]}]},{\"@type\":\"BreadcrumbList\",\"@id\":\"https:\/\/lottohoy.com\/da\/spil\/spil-britisk-lotteri\/#breadcrumb\",\"itemListElement\":[{\"@type\":\"ListItem\",\"position\":1,\"name\":\"Home\",\"item\":\"https:\/\/lottohoy.com\/da\/\"},{\"@type\":\"ListItem\",\"position\":2,\"name\":\"Spil lotteri online\",\"item\":\"https:\/\/lottohoy.com\/da\/spil\/\"},{\"@type\":\"ListItem\",\"position\":3,\"name\":\"Spil britisk lotteri\"}]},{\"@type\":\"WebSite\",\"@id\":\"https:\/\/lottohoy.com\/da\/#website\",\"url\":\"https:\/\/lottohoy.com\/da\/\",\"name\":\"Lottohoy\",\"description\":\"\",\"potentialAction\":[{\"@type\":\"SearchAction\",\"target\":{\"@type\":\"EntryPoint\",\"urlTemplate\":\"https:\/\/lottohoy.com\/da\/?s={search_term_string}\"},\"query-input\":{\"@type\":\"PropertyValueSpecification\",\"valueRequired\":true,\"valueName\":\"search_term_string\"}}],\"inLanguage\":\"da-DK\"}]}<\/script>\n<!-- \/ Yoast SEO plugin. -->","yoast_head_json":{"title":"Spil britisk lotteri online - Storbritanniens st\u00f8rste lotto - LottoHoy","description":"V\u00e6lg bare 6 af de 59 numre, der tilbydes, og i s\u00e5 mange kolonner, som du gerne vil spille. Spil sikkert p\u00e5 Lottohoy og bliv den n\u00e6ste million\u00e6r!","robots":{"index":"index","follow":"follow","max-snippet":"max-snippet:-1","max-image-preview":"max-image-preview:large","max-video-preview":"max-video-preview:-1"},"canonical":"https:\/\/lottohoy.com\/da\/spil\/spil-britisk-lotteri\/","og_locale":"da_DK","og_type":"article","og_title":"Spil britisk lotteri online - Storbritanniens st\u00f8rste lotto - LottoHoy","og_description":"V\u00e6lg bare 6 af de 59 numre, der tilbydes, og i s\u00e5 mange kolonner, som du gerne vil spille. Spil sikkert p\u00e5 Lottohoy og bliv den n\u00e6ste million\u00e6r!","og_url":"https:\/\/lottohoy.com\/da\/spil\/spil-britisk-lotteri\/","og_site_name":"Lottohoy","twitter_card":"summary_large_image","twitter_misc":{"Estimeret l\u00e6setid":"2 minutter"},"schema":{"@context":"https:\/\/schema.org","@graph":[{"@type":"WebPage","@id":"https:\/\/lottohoy.com\/da\/spil\/spil-britisk-lotteri\/","url":"https:\/\/lottohoy.com\/da\/spil\/spil-britisk-lotteri\/","name":"Spil britisk lotteri online - Storbritanniens st\u00f8rste lotto - LottoHoy","isPartOf":{"@id":"https:\/\/lottohoy.com\/da\/#website"},"datePublished":"2018-05-03T13:23:28+00:00","dateModified":"2018-05-03T13:23:28+00:00","description":"V\u00e6lg bare 6 af de 59 numre, der tilbydes, og i s\u00e5 mange kolonner, som du gerne vil spille. Spil sikkert p\u00e5 Lottohoy og bliv den n\u00e6ste million\u00e6r!","breadcrumb":{"@id":"https:\/\/lottohoy.com\/da\/spil\/spil-britisk-lotteri\/#breadcrumb"},"inLanguage":"da-DK","potentialAction":[{"@type":"ReadAction","target":["https:\/\/lottohoy.com\/da\/spil\/spil-britisk-lotteri\/"]}]},{"@type":"BreadcrumbList","@id":"https:\/\/lottohoy.com\/da\/spil\/spil-britisk-lotteri\/#breadcrumb","itemListElement":[{"@type":"ListItem","position":1,"name":"Home","item":"https:\/\/lottohoy.com\/da\/"},{"@type":"ListItem","position":2,"name":"Spil lotteri online","item":"https:\/\/lottohoy.com\/da\/spil\/"},{"@type":"ListItem","position":3,"name":"Spil britisk lotteri"}]},{"@type":"WebSite","@id":"https:\/\/lottohoy.com\/da\/#website","url":"https:\/\/lottohoy.com\/da\/","name":"Lottohoy","description":"","potentialAction":[{"@type":"SearchAction","target":{"@type":"EntryPoint","urlTemplate":"https:\/\/lottohoy.com\/da\/?s={search_term_string}"},"query-input":{"@type":"PropertyValueSpecification","valueRequired":true,"valueName":"search_term_string"}}],"inLanguage":"da-DK"}]}},"_links":{"self":[{"href":"https:\/\/lottohoy.com\/da\/wp-json\/wp\/v2\/pages\/16684","targetHints":{"allow":["GET"]}}],"collection":[{"href":"https:\/\/lottohoy.com\/da\/wp-json\/wp\/v2\/pages"}],"about":[{"href":"https:\/\/lottohoy.com\/da\/wp-json\/wp\/v2\/types\/page"}],"author":[{"embeddable":true,"href":"https:\/\/lottohoy.com\/da\/wp-json\/wp\/v2\/users\/2"}],"replies":[{"embeddable":true,"href":"https:\/\/lottohoy.com\/da\/wp-json\/wp\/v2\/comments?post=16684"}],"version-history":[{"count":0,"href":"https:\/\/lottohoy.com\/da\/wp-json\/wp\/v2\/pages\/16684\/revisions"}],"up":[{"embeddable":true,"href":"https:\/\/lottohoy.com\/da\/wp-json\/wp\/v2\/pages\/16579"}],"wp:attachment":[{"href":"https:\/\/lottohoy.com\/da\/wp-json\/wp\/v2\/media?parent=16684"}],"curies":[{"name":"wp","href":"https:\/\/api.w.org\/{rel}","templated":true}]}}