{"id":16671,"date":"2018-08-21T10:08:33","date_gmt":"2018-08-21T09:08:33","guid":{"rendered":"https:\/\/lottohoy.com\/spil\/spil-la-primitiva\/"},"modified":"2025-04-08T12:14:54","modified_gmt":"2025-04-08T11:14:54","slug":"spil-la-primitiva","status":"publish","type":"page","link":"https:\/\/lottohoy.com\/da\/spil\/spil-la-primitiva\/","title":{"rendered":"Spil La Primitiva"},"content":{"rendered":"<p>Det, vi i dag kender som \u00bbLa primitiva\u00ab, er det \u00e6ldste lotterispil i Spanien. Siden det blev oprettet i 1763, har det udviklet sig meget lig det nuv\u00e6rende system, hvor man kan v\u00e6lge mellem fire numre ud af i alt 90. Af den grund blev det kendt som \u00bbLotteri med tal\u00ab. Dette lotteri blev endeligt kaldt La Primitiva, som et resultat af oprettelsen af et nyt lotteri, der blev markedsf\u00f8rt gennem billetter, der havde trykt et nummer, som de deltog i lodtr\u00e6kningen med. vi kender det i dag som det nationale lotteri. I 1862 besluttede regeringen at undertrykke de tidligere Primitiva-lodtr\u00e6kninger for at l\u00e6gge st\u00f8rre v\u00e6gt p\u00e5 lotteriet med numre, da det havde en stor accept; og det ville ikke v\u00e6re f\u00f8r mere end et \u00e5rhundrede efter, i 1985, da Primitiva-lotteriet kom tilbage til livet med hj\u00e6lp fra <b><strong>Loter\u00edas y Apuestas del Estado (LAE)<\/strong><\/b>, det organ, der er ansvarligt for lotterier i Spanien.<\/p>\n<h2>Variationer i reglerne til dato<\/h2>\n<ul>\n<li>La Primitiva gik fra en ugentlig udtr\u00e6kning til to udtr\u00e6kninger (<i><em>torsdag og l\u00f8rdag, siden maj 1990<\/em><\/i>).<\/li>\n<li>Den oprindelige pris var 25 Ptas. (ca. \u20ac 0,15) og er steget lidt efter lidt op til den nuv\u00e6rende pris.<\/li>\n<li>I 1991 blev den ekstra bold \u00bb<b><strong>reimbursement<\/strong><\/b>\u00ab oprettet.<\/li>\n<li>I 2012 blev der tilf\u00f8jet endnu en chance for at spille i lodtr\u00e6kningen om Primitiva med en valgfri lodtr\u00e6kning forbundet med den samme billet til Primitiva, \u00bb<b><strong>Jokeren<\/strong><\/b>.<\/li>\n<\/ul>\n<h2>S\u00e5dan spiller du Primitiva<\/h2>\n<p>For at spille Primitiva skal du kun v\u00e6lge seks tal i en kolonne best\u00e5ende af i alt 49 (nummereret fra 1 til 49). Der er flere m\u00e5der at placere et v\u00e6ddem\u00e5l p\u00e5: Enkelt, flere og reducerede v\u00e6ddem\u00e5l.<\/p>\n<ul>\n<li><b><strong>Enkeltindsats: <\/strong><\/b>Brug s\u00e5 mange spillekolonner, du vil, med mindst 1 og h\u00f8jst 8 kolonner. N\u00e5r du spiller online, kan du satse p\u00e5 s\u00e5 mange kolonner, som spilleren \u00f8nsker.<\/li>\n<li><b><strong>Multiple bet: <\/strong><\/b>I dette tilf\u00e6lde bruges kun den f\u00f8rste kolonne p\u00e5 kuponen, og du kan v\u00e6lge mellem 7 og 11 numre. Jo flere tal der er markeret, jo flere v\u00e6ddem\u00e5l deltager du i.<\/li>\n<li><b><strong>Reduceret<\/strong><\/b> indsats: Denne indsats leveres af selve systemet og bruges normalt udelukkende p\u00e5 den fysiske kupon.<\/li>\n<\/ul>\n<p>En enkelt indsats hos Lottohoy koster kun 2,00 euro.<\/p>\n<h3>Hvordan fungerer Primitiva-lodtr\u00e6kningen?<\/h3>\n<p>Lodtr\u00e6kningen foreg\u00e5r ved hj\u00e6lp af to tromler. I en af tromlerne er der 49 nummererede kugler, hvorfra de 6 numre udvindes til den vindende kombination, plus en syvende kugle, der kaldes \u00bbden komplement\u00e6re\u00ab. Dette komplement\u00e6re nummer er ikke valgt p\u00e5 kuponen, og som navnet antyder, tjener det til at supplere de indsatser, der matcher fem af de seks numre i den vindende kombination. Pr\u00e6mie til den anden kategori af fem numre plus det supplerende. Refusionskuglen udvindes fra den anden tromle. Dette tilbagebetalingsnummer tjener udelukkende til at bel\u00f8nne de spillere, der rammer dette nummer, og modtager som pr\u00e6mie bel\u00f8bet for den enkelte indsats.<\/p>\n<h2>Hvorn\u00e5r spilles La Primitiva?<\/h2>\n<p>Primitiva spilles to gange om ugen, p\u00e5 torsdage og l\u00f8rdage. Tr\u00e6kningen finder sted kl. 21.40 spansk tid ved en offentlig ceremoni i Loter\u00edas y Apuestas del Estado (LAE) tr\u00e6kningslokale i Madrid. Primitivas regler giver mulighed for at \u00e6ndre stedet, datoen og tidspunktet for afholdelsen af en lodtr\u00e6kning eller en \u00e6ndring af datoer.<\/p>\n<h2>Hvor meget koster en Primitiva-billet?<\/h2>\n<p>Hos LottoHoy kan du spille Primitiva fra en startpris p\u00e5 2,5 \u20ac pr. kolonne. Selvom det officielt kun er indbyggere i Spanien, der har adgang til dette spil, kan du i dag via onlineplatforme k\u00f8be kuponer og deltage i lodtr\u00e6kningerne fra alle lande.<\/p>\n<h2>Hvordan k\u00f8ber man La Primitiva online?<\/h2>\n<p>K\u00f8b og deltagelse i Primitiva-lodtr\u00e6kninger via vores platform er meget enkelt, nemt og bekvemt. N\u00e5r du g\u00e5r ind p\u00e5 spilsiden, kan du placere det eller de v\u00e6ddem\u00e5l, du \u00f8nsker, ved hj\u00e6lp af de kolonner (ogs\u00e5 kaldet linjer), der vises. Til at begynde med vises der fem kolonner, men de kan udvides s\u00e5 mange gange som \u00f8nsket ved at klikke p\u00e5 feltet \u00bb<b><strong>Flere linjer<\/strong><\/b>\u00ab. I hver kolonne v\u00e6lges seks tal til at konfigurere dit spil. Denne kombination kan g\u00f8res manuelt eller ved at lade systemet selv v\u00e6lge en tilf\u00e6ldig kombination for spilleren. Dette tilf\u00e6ldige valg foretages ved at placere mark\u00f8ren p\u00e5 kolonnen, og en \u00f8vre boks, der angiver \u00bbhurtigt valg\u00ab, vises. N\u00e5r antallet af kolonner (indsatser) er bestemt, og spilleren er klar til at spille, vises en gr\u00f8n \u00bbforts\u00e6t\u00ab-boks. N\u00e5r man er i indk\u00f8bskurven, vises en ny sk\u00e6rm, der viser en r\u00e6kke betalingsmetoder: fra kreditkort og systemer kendt som Skrill eller Neteller til en lang r\u00e6kke nationale betalingsmetoder, herunder gennem kryptovalutaer.<\/p>\n<h2>Pr\u00e6mier i Primitiva<\/h2>\n<p>Femoghalvtreds procent af hver lodtr\u00e6kningsindsamling g\u00e5r til betaling af pr\u00e6mier, 10 % er bestemt til betaling af refusion, og af de resterende 35 % vil det bel\u00f8b, der svarer til den faste betaling p\u00e5 8 \u20ac, blive adskilt for hver femte kategorivinder, og resten fordeles mellem de fire hovedkategorier plus specialkategorien.<\/p>\n<ul>\n<li>En <b><strong>s\u00e6rlig kategori<\/strong><\/b> for dem, der rammer den komplette vinderkombination (seks tal + refusionen). Denne kategori tager cirka 6,18% af indt\u00e6gterne plus bel\u00f8bet for den akkumulerede pulje, hvis der er nogen. Et minimum p\u00e5 to millioner euro er garanteret.<\/li>\n<li><b><strong>F\u00f8rste kategori<\/strong><\/b>, for vinderne af hovedkombinationen af de seks tal. Til denne kategori er 12,04% af indsamlingen bestemt, som vil blive fordelt blandt alle succesfulde brugere af denne kategori.<\/li>\n<li><b><strong>Anden kategori<\/strong><\/b>, for fem matchende numre plus det supplerende. I denne kategori fordeles vinderne 1,80% af samlingen.<\/li>\n<li><b><strong>Tredje kategori<\/strong><\/b>, for vinderne af fem numre, de deler 3,91%.<\/li>\n<li><b><strong>Fjerde kategori<\/strong><\/b>, for vinderne af fire numre, de deler 6,32%.<\/li>\n<li><b><strong>Femte kategori<\/strong><\/b>, for vinderne af tre numre, har en fast pr\u00e6mie p\u00e5 \u20ac 8 hver, og det svarer til ca. 14,12% af indsamlingen.<\/li>\n<li><b><strong>Refusionen<\/strong><\/b>, for vinderne af det nummer, der betragtes som en refusion, blev der oprettet en fond med 10% af indsamlingen af hver lodtr\u00e6kning for at foretage den faste betaling svarende til bel\u00f8bet for et simpelt v\u00e6ddem\u00e5l.<\/li>\n<\/ul>\n<p>Bel\u00f8bet for de opn\u00e5ede pr\u00e6mier indtastes direkte p\u00e5 de registrerede brugeres konti.<\/p>\n","protected":false},"excerpt":{"rendered":"<p>Det, vi i dag kender som \u00bbLa primitiva\u00ab, er det \u00e6ldste lotterispil i Spanien. Siden det blev oprettet i 1763, har det udviklet sig meget lig det nuv\u00e6rende system, hvor man kan v\u00e6lge mellem fire numre ud af i alt 90. Af den grund blev det kendt som \u00bbLotteri med tal\u00ab. Dette lotteri blev endeligt [&hellip;]<\/p>\n","protected":false},"author":2,"featured_media":0,"parent":16579,"menu_order":6,"comment_status":"closed","ping_status":"closed","template":"la-primitiva.php","meta":{"_et_pb_use_builder":"","_et_pb_old_content":"","_et_gb_content_width":"","exclude_from_search":false,"footnotes":""},"class_list":["post-16671","page","type-page","status-publish","hentry"],"yoast_head":"<!-- This site is optimized with the Yoast SEO plugin v23.7 - https:\/\/yoast.com\/wordpress\/plugins\/seo\/ -->\n<title>Spil La Primitiva online - spansk onlinelotteri - Lottohoy<\/title>\n<meta name=\"description\" content=\"For at spille Primitiva skal du kun v\u00e6lge 6 numre i en kolonne, der best\u00e5r af i alt 49 (nummereret fra 1 til 49). Spil nu og vind!\" \/>\n<meta name=\"robots\" content=\"index, follow, max-snippet:-1, max-image-preview:large, max-video-preview:-1\" \/>\n<link rel=\"canonical\" href=\"https:\/\/lottohoy.com\/da\/spil\/spil-la-primitiva\/\" \/>\n<meta property=\"og:locale\" content=\"da_DK\" \/>\n<meta property=\"og:type\" content=\"article\" \/>\n<meta property=\"og:title\" content=\"Spil La Primitiva online - spansk onlinelotteri - Lottohoy\" \/>\n<meta property=\"og:description\" content=\"For at spille Primitiva skal du kun v\u00e6lge 6 numre i en kolonne, der best\u00e5r af i alt 49 (nummereret fra 1 til 49). Spil nu og vind!\" \/>\n<meta property=\"og:url\" content=\"https:\/\/lottohoy.com\/da\/spil\/spil-la-primitiva\/\" \/>\n<meta property=\"og:site_name\" content=\"Lottohoy\" \/>\n<meta property=\"article:modified_time\" content=\"2025-04-08T11:14:54+00:00\" \/>\n<meta name=\"twitter:card\" content=\"summary_large_image\" \/>\n<meta name=\"twitter:label1\" content=\"Estimeret l\u00e6setid\" \/>\n\t<meta name=\"twitter:data1\" content=\"6 minutter\" \/>\n<script type=\"application\/ld+json\" class=\"yoast-schema-graph\">{\"@context\":\"https:\/\/schema.org\",\"@graph\":[{\"@type\":\"WebPage\",\"@id\":\"https:\/\/lottohoy.com\/da\/spil\/spil-la-primitiva\/\",\"url\":\"https:\/\/lottohoy.com\/da\/spil\/spil-la-primitiva\/\",\"name\":\"Spil La Primitiva online - spansk onlinelotteri - Lottohoy\",\"isPartOf\":{\"@id\":\"https:\/\/lottohoy.com\/da\/#website\"},\"datePublished\":\"2018-08-21T09:08:33+00:00\",\"dateModified\":\"2025-04-08T11:14:54+00:00\",\"description\":\"For at spille Primitiva skal du kun v\u00e6lge 6 numre i en kolonne, der best\u00e5r af i alt 49 (nummereret fra 1 til 49). Spil nu og vind!\",\"breadcrumb\":{\"@id\":\"https:\/\/lottohoy.com\/da\/spil\/spil-la-primitiva\/#breadcrumb\"},\"inLanguage\":\"da-DK\",\"potentialAction\":[{\"@type\":\"ReadAction\",\"target\":[\"https:\/\/lottohoy.com\/da\/spil\/spil-la-primitiva\/\"]}]},{\"@type\":\"BreadcrumbList\",\"@id\":\"https:\/\/lottohoy.com\/da\/spil\/spil-la-primitiva\/#breadcrumb\",\"itemListElement\":[{\"@type\":\"ListItem\",\"position\":1,\"name\":\"Home\",\"item\":\"https:\/\/lottohoy.com\/da\/\"},{\"@type\":\"ListItem\",\"position\":2,\"name\":\"Spil lotteri online\",\"item\":\"https:\/\/lottohoy.com\/da\/spil\/\"},{\"@type\":\"ListItem\",\"position\":3,\"name\":\"Spil La Primitiva\"}]},{\"@type\":\"WebSite\",\"@id\":\"https:\/\/lottohoy.com\/da\/#website\",\"url\":\"https:\/\/lottohoy.com\/da\/\",\"name\":\"Lottohoy\",\"description\":\"\",\"potentialAction\":[{\"@type\":\"SearchAction\",\"target\":{\"@type\":\"EntryPoint\",\"urlTemplate\":\"https:\/\/lottohoy.com\/da\/?s={search_term_string}\"},\"query-input\":{\"@type\":\"PropertyValueSpecification\",\"valueRequired\":true,\"valueName\":\"search_term_string\"}}],\"inLanguage\":\"da-DK\"}]}<\/script>\n<!-- \/ Yoast SEO plugin. -->","yoast_head_json":{"title":"Spil La Primitiva online - spansk onlinelotteri - Lottohoy","description":"For at spille Primitiva skal du kun v\u00e6lge 6 numre i en kolonne, der best\u00e5r af i alt 49 (nummereret fra 1 til 49). Spil nu og vind!","robots":{"index":"index","follow":"follow","max-snippet":"max-snippet:-1","max-image-preview":"max-image-preview:large","max-video-preview":"max-video-preview:-1"},"canonical":"https:\/\/lottohoy.com\/da\/spil\/spil-la-primitiva\/","og_locale":"da_DK","og_type":"article","og_title":"Spil La Primitiva online - spansk onlinelotteri - Lottohoy","og_description":"For at spille Primitiva skal du kun v\u00e6lge 6 numre i en kolonne, der best\u00e5r af i alt 49 (nummereret fra 1 til 49). Spil nu og vind!","og_url":"https:\/\/lottohoy.com\/da\/spil\/spil-la-primitiva\/","og_site_name":"Lottohoy","article_modified_time":"2025-04-08T11:14:54+00:00","twitter_card":"summary_large_image","twitter_misc":{"Estimeret l\u00e6setid":"6 minutter"},"schema":{"@context":"https:\/\/schema.org","@graph":[{"@type":"WebPage","@id":"https:\/\/lottohoy.com\/da\/spil\/spil-la-primitiva\/","url":"https:\/\/lottohoy.com\/da\/spil\/spil-la-primitiva\/","name":"Spil La Primitiva online - spansk onlinelotteri - Lottohoy","isPartOf":{"@id":"https:\/\/lottohoy.com\/da\/#website"},"datePublished":"2018-08-21T09:08:33+00:00","dateModified":"2025-04-08T11:14:54+00:00","description":"For at spille Primitiva skal du kun v\u00e6lge 6 numre i en kolonne, der best\u00e5r af i alt 49 (nummereret fra 1 til 49). Spil nu og vind!","breadcrumb":{"@id":"https:\/\/lottohoy.com\/da\/spil\/spil-la-primitiva\/#breadcrumb"},"inLanguage":"da-DK","potentialAction":[{"@type":"ReadAction","target":["https:\/\/lottohoy.com\/da\/spil\/spil-la-primitiva\/"]}]},{"@type":"BreadcrumbList","@id":"https:\/\/lottohoy.com\/da\/spil\/spil-la-primitiva\/#breadcrumb","itemListElement":[{"@type":"ListItem","position":1,"name":"Home","item":"https:\/\/lottohoy.com\/da\/"},{"@type":"ListItem","position":2,"name":"Spil lotteri online","item":"https:\/\/lottohoy.com\/da\/spil\/"},{"@type":"ListItem","position":3,"name":"Spil La Primitiva"}]},{"@type":"WebSite","@id":"https:\/\/lottohoy.com\/da\/#website","url":"https:\/\/lottohoy.com\/da\/","name":"Lottohoy","description":"","potentialAction":[{"@type":"SearchAction","target":{"@type":"EntryPoint","urlTemplate":"https:\/\/lottohoy.com\/da\/?s={search_term_string}"},"query-input":{"@type":"PropertyValueSpecification","valueRequired":true,"valueName":"search_term_string"}}],"inLanguage":"da-DK"}]}},"_links":{"self":[{"href":"https:\/\/lottohoy.com\/da\/wp-json\/wp\/v2\/pages\/16671","targetHints":{"allow":["GET"]}}],"collection":[{"href":"https:\/\/lottohoy.com\/da\/wp-json\/wp\/v2\/pages"}],"about":[{"href":"https:\/\/lottohoy.com\/da\/wp-json\/wp\/v2\/types\/page"}],"author":[{"embeddable":true,"href":"https:\/\/lottohoy.com\/da\/wp-json\/wp\/v2\/users\/2"}],"replies":[{"embeddable":true,"href":"https:\/\/lottohoy.com\/da\/wp-json\/wp\/v2\/comments?post=16671"}],"version-history":[{"count":1,"href":"https:\/\/lottohoy.com\/da\/wp-json\/wp\/v2\/pages\/16671\/revisions"}],"predecessor-version":[{"id":18338,"href":"https:\/\/lottohoy.com\/da\/wp-json\/wp\/v2\/pages\/16671\/revisions\/18338"}],"up":[{"embeddable":true,"href":"https:\/\/lottohoy.com\/da\/wp-json\/wp\/v2\/pages\/16579"}],"wp:attachment":[{"href":"https:\/\/lottohoy.com\/da\/wp-json\/wp\/v2\/media?parent=16671"}],"curies":[{"name":"wp","href":"https:\/\/api.w.org\/{rel}","templated":true}]}}