{"id":16665,"date":"2019-02-13T18:44:38","date_gmt":"2019-02-13T18:44:38","guid":{"rendered":"https:\/\/lottohoy.com\/spil\/spil-el-gordo-de-la-primitiva\/"},"modified":"2025-04-08T12:11:09","modified_gmt":"2025-04-08T11:11:09","slug":"spil-el-gordo-de-la-primitiva","status":"publish","type":"page","link":"https:\/\/lottohoy.com\/da\/spil\/spil-el-gordo-de-la-primitiva\/","title":{"rendered":"Spil El Gordo de la Primitiva"},"content":{"rendered":"<h2>Spil el Gordo online<\/h2>\n<p>Den <sup>31<\/sup>. oktober 1993 fandt den f\u00f8rste Gordo de la Primitiva-lodtr\u00e6kning sted, en lodtr\u00e6kning, der i \u00f8jeblikket afholdes hver s\u00f8ndag, selvom de f\u00f8rste lodtr\u00e6kninger kun blev afholdt en gang om m\u00e5neden, den sidste s\u00f8ndag i m\u00e5neden. Denne lodtr\u00e6kningsstruktur blev bevaret indtil lodtr\u00e6kningen den <sup>12<\/sup>. oktober 1997. I dag er det meget enkelt at spille Gordo de la Primitiva online. Vi giver dig mulighed for at k\u00f8be dine lodder hver dag i ugen, 24 timer i d\u00f8gnet.<\/p>\n<h2>Hvordan spiller man Gordo de la Primitiva?<\/h2>\n<p>At spille el Gordo best\u00e5r i at v\u00e6lge fem numre fra en tabel med 54 positioner nummereret fra 1 til 54. Derudover er det n\u00f8dvendigt at v\u00e6lge et n\u00f8gletal fra en anden tabel med numrene 0 til 9. Der er grundl\u00e6ggende to m\u00e5der at spille el Gordo p\u00e5: det simple bet og det multiple bet. Den <b><strong>enkle indsats<\/strong><\/b> best\u00e5r i at v\u00e6lge fem numre fra den f\u00f8rste tabel, der indeholder 54 felter med numrene 1 til 54, og et n\u00f8gletal (ogs\u00e5 kaldet refusion) fra en anden tabel, der tilbyder billetten og indeholder 10 nummererede felter fra 0 til 9. En kupon koster kun 3 EUR, hvis du k\u00f8ber den p\u00e5 Lottohoy. Dette n\u00f8glenummer eller refusion er f\u00e6lles for alle v\u00e6ddem\u00e5l eller blokke, der s\u00e6ttes i spil p\u00e5 enkeltbilletten. <b><strong>Multipelindsatsen <\/strong><\/b>foretages udelukkende i den f\u00f8rste blok p\u00e5 kuponen, og du kan markere mindst 6 felter og h\u00f8jst 11 i den f\u00f8rste tabel plus n\u00f8glenummeret eller refusionen i den vedh\u00e6ftede tabel. N\u00e5r du udfylder et multiple bet, vil antallet af numre, der er markeret, v\u00e6re direkte knyttet til de v\u00e6ddem\u00e5l, der foretages, og deres omkostninger.<\/p>\n<table style=\"width: 211px\">\n<tbody>\n<tr>\n<td style=\"width: 71.46875px\"><b>Opkaldte<\/b><\/td>\n<td style=\"width: 123.546875px\"><b>samlede indsatser<\/b><\/td>\n<\/tr>\n<tr>\n<td style=\"width: 71.46875px\">6<\/td>\n<td style=\"width: 123.546875px\">6<\/td>\n<\/tr>\n<tr>\n<td style=\"width: 71.46875px\">7<\/td>\n<td style=\"width: 123.546875px\">21<\/td>\n<\/tr>\n<tr>\n<td style=\"width: 71.46875px\">8<\/td>\n<td style=\"width: 123.546875px\">56<\/td>\n<\/tr>\n<tr>\n<td style=\"width: 71.46875px\">9<\/td>\n<td style=\"width: 123.546875px\">126<\/td>\n<\/tr>\n<tr>\n<td style=\"width: 71.46875px\">10<\/td>\n<td style=\"width: 123.546875px\">252<\/td>\n<\/tr>\n<tr>\n<td style=\"width: 71.46875px\">11<\/td>\n<td style=\"width: 123.546875px\">462<\/td>\n<\/tr>\n<\/tbody>\n<\/table>\n<h2>Hvilken dag tr\u00e6kkes el Gordo de la Primitiva?<\/h2>\n<p>El Gordo de la Primitiva har en enkelt ugentlig lodtr\u00e6kning hver s\u00f8ndag og finder sted kl. 21.30 (CET) i Madrid. For at f\u00e5 adgang til disse lodtr\u00e6kninger skal du tage hensyn til cut-off-tiderne. Hvis du spiller online, er den normaliserede tidsplan omkring kl. 13.00 afh\u00e6ngigt af det land, hvor det spilles (anbefales at konsultere tidligere).<\/p>\n<h2>Spil Gordo de la Primitiva online<\/h2>\n<p>At spille Gordo de la Primitiva online har mange fordele sammenlignet med det traditionelle spil, hvor man validerer loddet p\u00e5 en fysisk lotteriadministration. Med fremkomsten af nye teknologier er mange aktiviteter blevet lettet for at opn\u00e5 komfort, vinde tid og sikkerhed. Oddsene for at vinde en pr\u00e6mie i Gordo de la Primitiva ved at spille online er n\u00f8jagtig de samme som ved at k\u00f8be en fysisk lodseddel i en lotteriadministration, og online lotteriplatforme som vores g\u00f8r det meget nemt. Du skal blot oprette en brugerkonto p\u00e5 LottoHoy og p\u00e5 den m\u00e5de f\u00e5 adgang til alle oplysninger om indsamlinger og betalinger med total sikkerhed. N\u00e5r du g\u00e5r ind i Gordo de la Primitivas spilsektion p\u00e5 vores platform, er der \u00f8verst en menulinje med fire muligheder:<\/p>\n<ul>\n<li><b><strong>Spil Gordo de la Primitiva<\/strong><\/b>: Sektion, hvor du kan v\u00e6lge dine yndlingsnumre i alle de kolonner, du \u00f8nsker. I princippet vises fem kolonner, men din indsats kan udvides til s\u00e5 mange kolonner, som du \u00f8nsker, blot ved at klikke p\u00e5 boksen under den f\u00f8rste kolonne, hvor der st\u00e5r \u00bbflere linjer\u00ab.<\/li>\n<li><b><strong>Resultater af Gordo de la Primitiva:<\/strong><\/b> Med oplysninger om den sidste tr\u00e6kning holdt den vindende kombination, og fordelingen af pr\u00e6mier i de forskellige kategorier. Du kan ogs\u00e5 f\u00e5 adgang til oplysninger om tidligere lodtr\u00e6kninger og bel\u00f8bene for deres pr\u00e6mier.<\/li>\n<li><b><strong>Oplysninger om Gordo de la Primitiva:<\/strong><\/b> Alle oplysninger relateret til dette spil, pr\u00e6miekategorierne, procentsatserne for indsamling tildelt hver kategori og mulighederne for fortjeneste i hver kategori.<\/li>\n<li><b><strong>Nyheder om Gordo de la Primitiva<\/strong><\/b>: Alt om nyhederne om denne type lotteri.<\/li>\n<\/ul>\n<p>Lige nedenfor vises den f\u00f8rste spillelinje, der best\u00e5r af fem kolonner (eller lodder). Du kan spille en enkelt kolonne eller s\u00e5 mange, du vil, du kan endda tilf\u00f8je flere r\u00e6kker og spille flere numre. Hver af kolonnerne eller r\u00e6kkerne er nummereret fra 1 til 54, og det er her, den \u00f8nskede forudsigelse skal foretages, med udgangspunkt i at der <b><strong>skal markeres fem felter eller tal <\/strong><\/b>for et enkelt tr\u00e6k. Systemet giver dig mulighed for at udfylde disse felter manuelt med dine yndlingstal eller ved hj\u00e6lp af den hurtige valgmulighed, der vises over hver tabel. P\u00e5 denne m\u00e5de er det selve systemet, der tilf\u00e6ldigt v\u00e6lger den kombination, der skal spilles.<\/p>\n","protected":false},"excerpt":{"rendered":"<p>Spil el Gordo online Den 31. oktober 1993 fandt den f\u00f8rste Gordo de la Primitiva-lodtr\u00e6kning sted, en lodtr\u00e6kning, der i \u00f8jeblikket afholdes hver s\u00f8ndag, selvom de f\u00f8rste lodtr\u00e6kninger kun blev afholdt en gang om m\u00e5neden, den sidste s\u00f8ndag i m\u00e5neden. Denne lodtr\u00e6kningsstruktur blev bevaret indtil lodtr\u00e6kningen den 12. oktober 1997. I dag er det meget [&hellip;]<\/p>\n","protected":false},"author":2,"featured_media":0,"parent":16579,"menu_order":6,"comment_status":"closed","ping_status":"closed","template":"el-gordo.php","meta":{"_et_pb_use_builder":"","_et_pb_old_content":"","_et_gb_content_width":"","exclude_from_search":false,"footnotes":""},"class_list":["post-16665","page","type-page","status-publish","hentry"],"yoast_head":"<!-- This site is optimized with the Yoast SEO plugin v23.7 - https:\/\/yoast.com\/wordpress\/plugins\/seo\/ -->\n<title>Spansk lotteri online<\/title>\n<meta name=\"description\" content=\"Spil nu El Gordo de La Primitiva, en af Spaniens mest ber\u00f8mte lodtr\u00e6kninger med fantastiske pr\u00e6mier og jackpots, der kan \u00e6ndre dit liv for altid.\" \/>\n<meta name=\"robots\" content=\"index, follow, max-snippet:-1, max-image-preview:large, max-video-preview:-1\" \/>\n<link rel=\"canonical\" href=\"https:\/\/lottohoy.com\/da\/spil\/spil-el-gordo-de-la-primitiva\/\" \/>\n<meta property=\"og:locale\" content=\"da_DK\" \/>\n<meta property=\"og:type\" content=\"article\" \/>\n<meta property=\"og:title\" content=\"Spansk lotteri online\" \/>\n<meta property=\"og:description\" content=\"Spil nu El Gordo de La Primitiva, en af Spaniens mest ber\u00f8mte lodtr\u00e6kninger med fantastiske pr\u00e6mier og jackpots, der kan \u00e6ndre dit liv for altid.\" \/>\n<meta property=\"og:url\" content=\"https:\/\/lottohoy.com\/da\/spil\/spil-el-gordo-de-la-primitiva\/\" \/>\n<meta property=\"og:site_name\" content=\"Lottohoy\" \/>\n<meta property=\"article:modified_time\" content=\"2025-04-08T11:11:09+00:00\" \/>\n<meta name=\"twitter:card\" content=\"summary_large_image\" \/>\n<meta name=\"twitter:label1\" content=\"Estimeret l\u00e6setid\" \/>\n\t<meta name=\"twitter:data1\" content=\"4 minutter\" \/>\n<script type=\"application\/ld+json\" class=\"yoast-schema-graph\">{\"@context\":\"https:\/\/schema.org\",\"@graph\":[{\"@type\":\"WebPage\",\"@id\":\"https:\/\/lottohoy.com\/da\/spil\/spil-el-gordo-de-la-primitiva\/\",\"url\":\"https:\/\/lottohoy.com\/da\/spil\/spil-el-gordo-de-la-primitiva\/\",\"name\":\"Spansk lotteri online\",\"isPartOf\":{\"@id\":\"https:\/\/lottohoy.com\/da\/#website\"},\"datePublished\":\"2019-02-13T18:44:38+00:00\",\"dateModified\":\"2025-04-08T11:11:09+00:00\",\"description\":\"Spil nu El Gordo de La Primitiva, en af Spaniens mest ber\u00f8mte lodtr\u00e6kninger med fantastiske pr\u00e6mier og jackpots, der kan \u00e6ndre dit liv for altid.\",\"breadcrumb\":{\"@id\":\"https:\/\/lottohoy.com\/da\/spil\/spil-el-gordo-de-la-primitiva\/#breadcrumb\"},\"inLanguage\":\"da-DK\",\"potentialAction\":[{\"@type\":\"ReadAction\",\"target\":[\"https:\/\/lottohoy.com\/da\/spil\/spil-el-gordo-de-la-primitiva\/\"]}]},{\"@type\":\"BreadcrumbList\",\"@id\":\"https:\/\/lottohoy.com\/da\/spil\/spil-el-gordo-de-la-primitiva\/#breadcrumb\",\"itemListElement\":[{\"@type\":\"ListItem\",\"position\":1,\"name\":\"Home\",\"item\":\"https:\/\/lottohoy.com\/da\/\"},{\"@type\":\"ListItem\",\"position\":2,\"name\":\"Spil lotteri online\",\"item\":\"https:\/\/lottohoy.com\/da\/spil\/\"},{\"@type\":\"ListItem\",\"position\":3,\"name\":\"Spil El Gordo de la Primitiva\"}]},{\"@type\":\"WebSite\",\"@id\":\"https:\/\/lottohoy.com\/da\/#website\",\"url\":\"https:\/\/lottohoy.com\/da\/\",\"name\":\"Lottohoy\",\"description\":\"\",\"potentialAction\":[{\"@type\":\"SearchAction\",\"target\":{\"@type\":\"EntryPoint\",\"urlTemplate\":\"https:\/\/lottohoy.com\/da\/?s={search_term_string}\"},\"query-input\":{\"@type\":\"PropertyValueSpecification\",\"valueRequired\":true,\"valueName\":\"search_term_string\"}}],\"inLanguage\":\"da-DK\"}]}<\/script>\n<!-- \/ Yoast SEO plugin. -->","yoast_head_json":{"title":"Spansk lotteri online","description":"Spil nu El Gordo de La Primitiva, en af Spaniens mest ber\u00f8mte lodtr\u00e6kninger med fantastiske pr\u00e6mier og jackpots, der kan \u00e6ndre dit liv for altid.","robots":{"index":"index","follow":"follow","max-snippet":"max-snippet:-1","max-image-preview":"max-image-preview:large","max-video-preview":"max-video-preview:-1"},"canonical":"https:\/\/lottohoy.com\/da\/spil\/spil-el-gordo-de-la-primitiva\/","og_locale":"da_DK","og_type":"article","og_title":"Spansk lotteri online","og_description":"Spil nu El Gordo de La Primitiva, en af Spaniens mest ber\u00f8mte lodtr\u00e6kninger med fantastiske pr\u00e6mier og jackpots, der kan \u00e6ndre dit liv for altid.","og_url":"https:\/\/lottohoy.com\/da\/spil\/spil-el-gordo-de-la-primitiva\/","og_site_name":"Lottohoy","article_modified_time":"2025-04-08T11:11:09+00:00","twitter_card":"summary_large_image","twitter_misc":{"Estimeret l\u00e6setid":"4 minutter"},"schema":{"@context":"https:\/\/schema.org","@graph":[{"@type":"WebPage","@id":"https:\/\/lottohoy.com\/da\/spil\/spil-el-gordo-de-la-primitiva\/","url":"https:\/\/lottohoy.com\/da\/spil\/spil-el-gordo-de-la-primitiva\/","name":"Spansk lotteri online","isPartOf":{"@id":"https:\/\/lottohoy.com\/da\/#website"},"datePublished":"2019-02-13T18:44:38+00:00","dateModified":"2025-04-08T11:11:09+00:00","description":"Spil nu El Gordo de La Primitiva, en af Spaniens mest ber\u00f8mte lodtr\u00e6kninger med fantastiske pr\u00e6mier og jackpots, der kan \u00e6ndre dit liv for altid.","breadcrumb":{"@id":"https:\/\/lottohoy.com\/da\/spil\/spil-el-gordo-de-la-primitiva\/#breadcrumb"},"inLanguage":"da-DK","potentialAction":[{"@type":"ReadAction","target":["https:\/\/lottohoy.com\/da\/spil\/spil-el-gordo-de-la-primitiva\/"]}]},{"@type":"BreadcrumbList","@id":"https:\/\/lottohoy.com\/da\/spil\/spil-el-gordo-de-la-primitiva\/#breadcrumb","itemListElement":[{"@type":"ListItem","position":1,"name":"Home","item":"https:\/\/lottohoy.com\/da\/"},{"@type":"ListItem","position":2,"name":"Spil lotteri online","item":"https:\/\/lottohoy.com\/da\/spil\/"},{"@type":"ListItem","position":3,"name":"Spil El Gordo de la Primitiva"}]},{"@type":"WebSite","@id":"https:\/\/lottohoy.com\/da\/#website","url":"https:\/\/lottohoy.com\/da\/","name":"Lottohoy","description":"","potentialAction":[{"@type":"SearchAction","target":{"@type":"EntryPoint","urlTemplate":"https:\/\/lottohoy.com\/da\/?s={search_term_string}"},"query-input":{"@type":"PropertyValueSpecification","valueRequired":true,"valueName":"search_term_string"}}],"inLanguage":"da-DK"}]}},"_links":{"self":[{"href":"https:\/\/lottohoy.com\/da\/wp-json\/wp\/v2\/pages\/16665","targetHints":{"allow":["GET"]}}],"collection":[{"href":"https:\/\/lottohoy.com\/da\/wp-json\/wp\/v2\/pages"}],"about":[{"href":"https:\/\/lottohoy.com\/da\/wp-json\/wp\/v2\/types\/page"}],"author":[{"embeddable":true,"href":"https:\/\/lottohoy.com\/da\/wp-json\/wp\/v2\/users\/2"}],"replies":[{"embeddable":true,"href":"https:\/\/lottohoy.com\/da\/wp-json\/wp\/v2\/comments?post=16665"}],"version-history":[{"count":2,"href":"https:\/\/lottohoy.com\/da\/wp-json\/wp\/v2\/pages\/16665\/revisions"}],"predecessor-version":[{"id":18337,"href":"https:\/\/lottohoy.com\/da\/wp-json\/wp\/v2\/pages\/16665\/revisions\/18337"}],"up":[{"embeddable":true,"href":"https:\/\/lottohoy.com\/da\/wp-json\/wp\/v2\/pages\/16579"}],"wp:attachment":[{"href":"https:\/\/lottohoy.com\/da\/wp-json\/wp\/v2\/media?parent=16665"}],"curies":[{"name":"wp","href":"https:\/\/api.w.org\/{rel}","templated":true}]}}