{"id":16659,"date":"2018-05-03T14:23:27","date_gmt":"2018-05-03T13:23:27","guid":{"rendered":"https:\/\/lottohoy.com\/spil\/spil-superenalotto\/"},"modified":"2018-05-03T14:23:27","modified_gmt":"2018-05-03T13:23:27","slug":"spil-superenalotto","status":"publish","type":"page","link":"https:\/\/lottohoy.com\/da\/spil\/spil-superenalotto\/","title":{"rendered":"Spil SuperEnalotto"},"content":{"rendered":"<p>Det er virkelig nemt at spille SuperEnalotto online, du skal bare oprette en brugerkonto i LottoHoy for at f\u00e5 adgang til alle oplysninger om spil, betalinger, abonnementer, k\u00f8bte billetter, statistikker osv. P\u00e5 samme side er der fem kolonner (kuponer), hver af disse fem kolonner har felter nummereret fra 1 til 90, og du kan udfylde s\u00e5 mange, som du vil. Du skal bare v\u00e6lge seks tal for et enkelt v\u00e6ddem\u00e5l. Platformen giver os mulighed for manuelt at udfylde disse felter eller bruge quick pick-funktionen og lade systemet selv v\u00e6lge kombinationen af vores v\u00e6ddem\u00e5l tilf\u00e6ldigt. N\u00e5r valget af tal er foretaget, skal du g\u00e5 til knappen FORTS\u00c6T og forts\u00e6tte til betalingen. S\u00e5 enkelt er det.<\/p>\n<h2><b><strong>SuperEnalotto jackpot<\/strong><\/b><\/h2>\n<p>SuperEnalotto har en garanteret minimumsjackpot p\u00e5 \u20ac2.000.000 (2 millioner euro). Det kan virke som en lille garanti, men den stiger hurtigt, da 60% af de indsamlede midler ved hver udtr\u00e6kning afs\u00e6ttes til pr\u00e6mier. Et af de vigtigste kendetegn ved dette lotteri er, at der ikke er noget loft over hovedpr\u00e6mien. Dette kombineret med det faktum, at jackpotten stiger hurtigt, skaber meget interessante multimillion\u00e6r-jackpots.<\/p>\n<h2><b><strong>Opdeling af SuperEnalotto-pr\u00e6mier<\/strong><\/b><\/h2>\n<p>SuperEnalotto har forskellige pr\u00e6mieniveauer, op til i alt 15, mellem hovedpr\u00e6mierne, Super Star og Instant Win-pr\u00e6mierne. Det samlede bel\u00f8b for de pr\u00e6mier, der skal fordeles, varierer alt efter de indsamlede bel\u00f8b. Her vil vi fokusere p\u00e5 hovedpr\u00e6mierne, som man kan f\u00e5 adgang til fra onlineplatformen. Se den f\u00f8lgende tabel:<\/p>\n<h2><b><strong>S\u00e5dan vinder du SuperEnalotto<\/strong><\/b><\/h2>\n<p>Vi har samlet de mest nyttige tricks og r\u00e5d til at \u00f8ge dine chancer for at vinde SuperEnalotto. Der er ingen magisk strategi, men du vil helt sikkert blive glad for resultaterne af disse trin:<\/p>\n<ul>\n<li>Balancer lige og ulige tal: Bland dine tal mellem lige og ulige, da kun 3% af de kombinationer, der har vundet, alle var lige eller alle ulige.<\/li>\n<li>Bland h\u00f8je og lave tal: Fokuser ikke kun p\u00e5 lave tal (som datoer), det g\u00f8r de fleste.<\/li>\n<li>Spil med afbalancerede tal: V\u00e6lg dine tal, og l\u00e6g dem alle sammen, resultatet skal v\u00e6re mellem 140 og 240. Omkring 70 procent af tidligere vinderkombinationer var afbalancerede.<\/li>\n<li>V\u00e6lg ikke fortl\u00f8bende sekvenser af tal.<\/li>\n<li>Undg\u00e5 tidligere vindende sekvenser: Hvis din kombination er blevet bel\u00f8nnet for nylig, s\u00e5 pr\u00f8v at v\u00e6lge en ny.<\/li>\n<li>Tjek de mest hyppige tal: Du kan bes\u00f8ge vores <a href=\"https:\/\/lottohoy.com\/results\/superenalotto\/\"><b><strong>SuperEnalotto-resultatside<\/strong><\/b><\/a> for at se, hvilke tal der er blevet valgt oftest.<\/li>\n<\/ul>\n<h2><b><strong>Hvem kan spille SuperEnalotto?<\/strong><\/b><\/h2>\n<p>Spillere fra hele verden er velkomne til at spille SuperEnalotto hos LottoHoy. Det er ikke n\u00f8dvendigt at v\u00e6re i Italien for at spille i en fysisk butik. Nu kan du k\u00f8be dine officielle kuponer hos os. En simpel kupon koster kun 3,00 euro, s\u00e5 hvorfor ikke pr\u00f8ve lykken?<\/p>\n","protected":false},"excerpt":{"rendered":"<p>Det er virkelig nemt at spille SuperEnalotto online, du skal bare oprette en brugerkonto i LottoHoy for at f\u00e5 adgang til alle oplysninger om spil, betalinger, abonnementer, k\u00f8bte billetter, statistikker osv. P\u00e5 samme side er der fem kolonner (kuponer), hver af disse fem kolonner har felter nummereret fra 1 til 90, og du kan udfylde [&hellip;]<\/p>\n","protected":false},"author":2,"featured_media":0,"parent":16579,"menu_order":5,"comment_status":"closed","ping_status":"closed","template":"superenalotto.php","meta":{"_et_pb_use_builder":"","_et_pb_old_content":"","_et_gb_content_width":"","exclude_from_search":false,"footnotes":""},"class_list":["post-16659","page","type-page","status-publish","hentry"],"yoast_head":"<!-- This site is optimized with the Yoast SEO plugin v23.7 - https:\/\/yoast.com\/wordpress\/plugins\/seo\/ -->\n<title>Spil SuperEnalotto online - Italiens st\u00f8rste lotteri - LottoHoy<\/title>\n<meta name=\"description\" content=\"Det kunne ikke v\u00e6re nemmere at spille Superenalotto. Bare tilmeld dig, v\u00e6lg dine yndlingstal og bliv den n\u00e6ste million\u00e6r! ??\" \/>\n<meta name=\"robots\" content=\"index, follow, max-snippet:-1, max-image-preview:large, max-video-preview:-1\" \/>\n<link rel=\"canonical\" href=\"https:\/\/lottohoy.com\/da\/spil\/spil-superenalotto\/\" \/>\n<meta property=\"og:locale\" content=\"da_DK\" \/>\n<meta property=\"og:type\" content=\"article\" \/>\n<meta property=\"og:title\" content=\"Spil SuperEnalotto online - Italiens st\u00f8rste lotteri - LottoHoy\" \/>\n<meta property=\"og:description\" content=\"Det kunne ikke v\u00e6re nemmere at spille Superenalotto. Bare tilmeld dig, v\u00e6lg dine yndlingstal og bliv den n\u00e6ste million\u00e6r! ??\" \/>\n<meta property=\"og:url\" content=\"https:\/\/lottohoy.com\/da\/spil\/spil-superenalotto\/\" \/>\n<meta property=\"og:site_name\" content=\"Lottohoy\" \/>\n<meta name=\"twitter:card\" content=\"summary_large_image\" \/>\n<meta name=\"twitter:label1\" content=\"Estimeret l\u00e6setid\" \/>\n\t<meta name=\"twitter:data1\" content=\"2 minutter\" \/>\n<script type=\"application\/ld+json\" class=\"yoast-schema-graph\">{\"@context\":\"https:\/\/schema.org\",\"@graph\":[{\"@type\":\"WebPage\",\"@id\":\"https:\/\/lottohoy.com\/da\/spil\/spil-superenalotto\/\",\"url\":\"https:\/\/lottohoy.com\/da\/spil\/spil-superenalotto\/\",\"name\":\"Spil SuperEnalotto online - Italiens st\u00f8rste lotteri - LottoHoy\",\"isPartOf\":{\"@id\":\"https:\/\/lottohoy.com\/da\/#website\"},\"datePublished\":\"2018-05-03T13:23:27+00:00\",\"dateModified\":\"2018-05-03T13:23:27+00:00\",\"description\":\"Det kunne ikke v\u00e6re nemmere at spille Superenalotto. Bare tilmeld dig, v\u00e6lg dine yndlingstal og bliv den n\u00e6ste million\u00e6r! ??\",\"breadcrumb\":{\"@id\":\"https:\/\/lottohoy.com\/da\/spil\/spil-superenalotto\/#breadcrumb\"},\"inLanguage\":\"da-DK\",\"potentialAction\":[{\"@type\":\"ReadAction\",\"target\":[\"https:\/\/lottohoy.com\/da\/spil\/spil-superenalotto\/\"]}]},{\"@type\":\"BreadcrumbList\",\"@id\":\"https:\/\/lottohoy.com\/da\/spil\/spil-superenalotto\/#breadcrumb\",\"itemListElement\":[{\"@type\":\"ListItem\",\"position\":1,\"name\":\"Home\",\"item\":\"https:\/\/lottohoy.com\/da\/\"},{\"@type\":\"ListItem\",\"position\":2,\"name\":\"Spil lotteri online\",\"item\":\"https:\/\/lottohoy.com\/da\/spil\/\"},{\"@type\":\"ListItem\",\"position\":3,\"name\":\"Spil SuperEnalotto\"}]},{\"@type\":\"WebSite\",\"@id\":\"https:\/\/lottohoy.com\/da\/#website\",\"url\":\"https:\/\/lottohoy.com\/da\/\",\"name\":\"Lottohoy\",\"description\":\"\",\"potentialAction\":[{\"@type\":\"SearchAction\",\"target\":{\"@type\":\"EntryPoint\",\"urlTemplate\":\"https:\/\/lottohoy.com\/da\/?s={search_term_string}\"},\"query-input\":{\"@type\":\"PropertyValueSpecification\",\"valueRequired\":true,\"valueName\":\"search_term_string\"}}],\"inLanguage\":\"da-DK\"}]}<\/script>\n<!-- \/ Yoast SEO plugin. -->","yoast_head_json":{"title":"Spil SuperEnalotto online - Italiens st\u00f8rste lotteri - LottoHoy","description":"Det kunne ikke v\u00e6re nemmere at spille Superenalotto. Bare tilmeld dig, v\u00e6lg dine yndlingstal og bliv den n\u00e6ste million\u00e6r! ??","robots":{"index":"index","follow":"follow","max-snippet":"max-snippet:-1","max-image-preview":"max-image-preview:large","max-video-preview":"max-video-preview:-1"},"canonical":"https:\/\/lottohoy.com\/da\/spil\/spil-superenalotto\/","og_locale":"da_DK","og_type":"article","og_title":"Spil SuperEnalotto online - Italiens st\u00f8rste lotteri - LottoHoy","og_description":"Det kunne ikke v\u00e6re nemmere at spille Superenalotto. Bare tilmeld dig, v\u00e6lg dine yndlingstal og bliv den n\u00e6ste million\u00e6r! ??","og_url":"https:\/\/lottohoy.com\/da\/spil\/spil-superenalotto\/","og_site_name":"Lottohoy","twitter_card":"summary_large_image","twitter_misc":{"Estimeret l\u00e6setid":"2 minutter"},"schema":{"@context":"https:\/\/schema.org","@graph":[{"@type":"WebPage","@id":"https:\/\/lottohoy.com\/da\/spil\/spil-superenalotto\/","url":"https:\/\/lottohoy.com\/da\/spil\/spil-superenalotto\/","name":"Spil SuperEnalotto online - Italiens st\u00f8rste lotteri - LottoHoy","isPartOf":{"@id":"https:\/\/lottohoy.com\/da\/#website"},"datePublished":"2018-05-03T13:23:27+00:00","dateModified":"2018-05-03T13:23:27+00:00","description":"Det kunne ikke v\u00e6re nemmere at spille Superenalotto. Bare tilmeld dig, v\u00e6lg dine yndlingstal og bliv den n\u00e6ste million\u00e6r! ??","breadcrumb":{"@id":"https:\/\/lottohoy.com\/da\/spil\/spil-superenalotto\/#breadcrumb"},"inLanguage":"da-DK","potentialAction":[{"@type":"ReadAction","target":["https:\/\/lottohoy.com\/da\/spil\/spil-superenalotto\/"]}]},{"@type":"BreadcrumbList","@id":"https:\/\/lottohoy.com\/da\/spil\/spil-superenalotto\/#breadcrumb","itemListElement":[{"@type":"ListItem","position":1,"name":"Home","item":"https:\/\/lottohoy.com\/da\/"},{"@type":"ListItem","position":2,"name":"Spil lotteri online","item":"https:\/\/lottohoy.com\/da\/spil\/"},{"@type":"ListItem","position":3,"name":"Spil SuperEnalotto"}]},{"@type":"WebSite","@id":"https:\/\/lottohoy.com\/da\/#website","url":"https:\/\/lottohoy.com\/da\/","name":"Lottohoy","description":"","potentialAction":[{"@type":"SearchAction","target":{"@type":"EntryPoint","urlTemplate":"https:\/\/lottohoy.com\/da\/?s={search_term_string}"},"query-input":{"@type":"PropertyValueSpecification","valueRequired":true,"valueName":"search_term_string"}}],"inLanguage":"da-DK"}]}},"_links":{"self":[{"href":"https:\/\/lottohoy.com\/da\/wp-json\/wp\/v2\/pages\/16659","targetHints":{"allow":["GET"]}}],"collection":[{"href":"https:\/\/lottohoy.com\/da\/wp-json\/wp\/v2\/pages"}],"about":[{"href":"https:\/\/lottohoy.com\/da\/wp-json\/wp\/v2\/types\/page"}],"author":[{"embeddable":true,"href":"https:\/\/lottohoy.com\/da\/wp-json\/wp\/v2\/users\/2"}],"replies":[{"embeddable":true,"href":"https:\/\/lottohoy.com\/da\/wp-json\/wp\/v2\/comments?post=16659"}],"version-history":[{"count":0,"href":"https:\/\/lottohoy.com\/da\/wp-json\/wp\/v2\/pages\/16659\/revisions"}],"up":[{"embeddable":true,"href":"https:\/\/lottohoy.com\/da\/wp-json\/wp\/v2\/pages\/16579"}],"wp:attachment":[{"href":"https:\/\/lottohoy.com\/da\/wp-json\/wp\/v2\/media?parent=16659"}],"curies":[{"name":"wp","href":"https:\/\/api.w.org\/{rel}","templated":true}]}}