{"id":16651,"date":"2018-05-03T14:23:25","date_gmt":"2018-05-03T13:23:25","guid":{"rendered":"https:\/\/lottohoy.com\/spil\/spil-eurojackpot\/"},"modified":"2025-04-08T12:00:25","modified_gmt":"2025-04-08T11:00:25","slug":"spil-eurojackpot","status":"publish","type":"page","link":"https:\/\/lottohoy.com\/da\/spil\/spil-eurojackpot\/","title":{"rendered":"Spil Eurojackpot"},"content":{"rendered":"<h2><b><strong>Hvordan spiller man Eurojackpot?<\/strong><\/b><\/h2>\n<p><b><strong>Eurojackpot-lotteriet<\/strong><\/b> er et af de st\u00f8rste lotterier i Europa og er et spil, der minder meget om <a href=\"\/\/lottohoy.com\/play\/euromillions\/\u00ab\"><b><strong>EuroMillions-lotteriet<\/strong><\/b><\/a>. Det best\u00e5r i at v\u00e6lge mindst 5 tal, nummereret fra 1 til 50. Der skal ogs\u00e5 v\u00e6lges 2 ekstra tal, kaldet \u00bbsoles\u00ab, p\u00e5 den anden del af kuponen, som er nummereret fra 1 til 12. Jo flere tal og s\u00e5ler du rammer, jo <b><strong>st\u00f8rre er den pr\u00e6mie, du vinder<\/strong><\/b>. Den f\u00f8rste kategoripr\u00e6mie tildeles kuponen med fem tal og to soles (<a href=\"https:\/\/lottohoy.com\/jackpots\/\"><b><strong>jackpotpr\u00e6mien<\/strong><\/b><\/a>), og derefter er der andre 11 kategorier af mindre pr\u00e6mier. <b><strong>Eurojackpot<\/strong><\/b> er et europ\u00e6isk lotteri, der spilles af 18 deltagende lande: Tyskland, Kroatien, Danmark, Slovakiet, Slovenien, Spanien, Estland, Finland, Ungarn, Italien, Island, Litauen, Letland, Norge, Holland, Polen, Tjekkiet og Sverige. Og nu kan alle lotterispillere spille hjemmefra.<\/p>\n<h2><b><strong>Hvor meget koster Eurojackpot-lodder?<\/strong><\/b><\/h2>\n<p>Du kan k\u00f8be lodder til <b><strong>Eurojackpot<\/strong><\/b> online fra en startpris p\u00e5 <b><strong>3,95 \u20ac<\/strong><\/b> pr. lod. Hos LottoHoy tilbyder vi den bedste internetpris for at spille p\u00e5 den mest sikre platform. <a href=\"https:\/\/lottohoy.com\/signup\/\"><b><strong>\u00c5bn din konto<\/strong><\/b><\/a> nu, og begynd at k\u00f8be officielle lodder og spille Eurojackpot.<\/p>\n<h2><b><strong>S\u00e5dan vinder du p\u00e5 Eurojackpot<\/strong><\/b><\/h2>\n<p>Der er ingen strategi, der kan garantere, at du bliver den n\u00e6ste Eurojackpot-vinder. N\u00e5r det er sagt, kan du f\u00f8lge nogle enkle r\u00e5d, der vil \u00f8ge dine chancer for at vinde og ramme en af pr\u00e6mierne:<\/p>\n<ul>\n<li style=\"list-style-type: none\">\n<ul>\n<li><b><strong>Bland lige og ulige tal<\/strong><\/b>: Kombinationer af lige eller ulige tal tr\u00e6kkes sj\u00e6ldent, statistisk set mindre end 3 %.<\/li>\n<\/ul>\n<\/li>\n<\/ul>\n<ul>\n<li style=\"list-style-type: none\">\n<ul>\n<li><b><strong>Lottotalgrupper<\/strong><\/b>: Undg\u00e5 at v\u00e6lge alle tal, der tilh\u00f8rer den samme gruppe (20&#8217;erne, 30&#8217;erne &#8230;). Du kan endda tjekke med den gruppe, der er blevet trukket oftere.<\/li>\n<\/ul>\n<\/li>\n<\/ul>\n<ul>\n<li style=\"list-style-type: none\">\n<ul>\n<li>Tjek de <b><strong>hyppigste numre<\/strong><\/b>: Du kan tjekke vores <a href=\"https:\/\/lottohoy.com\/results\/eurojackpot\/\"><b><strong>Eurojackpot-resultatside<\/strong><\/b><\/a> og udtr\u00e6kke listen over de tal, der er blevet valgt oftest.<\/li>\n<li><b><strong>Summen af dine tal<\/strong><\/b>: N\u00e5r du har valgt dine fem tal, skal du s\u00f8rge for at l\u00e6gge dem sammen, og at summen af dem alle ligger mellem 90 og 160. Halvfjerds procent af de vindende kombinationer falder inden for dette interval.<\/li>\n<\/ul>\n<\/li>\n<\/ul>\n<ul>\n<li style=\"list-style-type: none\">\n<ul>\n<li><b><strong>Bland h\u00f8je og lave tal<\/strong><\/b>: Fireogtres procent af de vindende kombinationer har en blanding af to lave tal og tre h\u00f8je tal, eller omvendt.<\/li>\n<li>Kig efter de mest almindelige fortl\u00f8bende og de mest almindelige ikke-fortl\u00f8bende kombinationer.<\/li>\n<li><\/li>\n<\/ul>\n<\/li>\n<\/ul>\n<h2><b><strong>Spil Eurojackpot online<\/strong><\/b><\/h2>\n<p>Det er meget enkelt at spille <b><strong>p\u00e5 Eurojackpot-lodtr\u00e6kningen<\/strong><\/b>. Du skal kun v\u00e6lge dine fem yndlingstal mellem 1 og 50 og de to andre tal mellem 1 og 12 (kaldet \u00bbsoles\u00ab). P\u00e5 <a href=\"https:\/\/lottohoy.com\/play\/eurojackpot\/\"><b><strong>siden<\/strong><\/b><\/a> med <a href=\"https:\/\/lottohoy.com\/play\/eurojackpot\/\"><b><strong>Eurojackpot<\/strong><\/b><\/a> har vi fem indledende kolonner pr. linje (kan udvides til otte ved hj\u00e6lp af indstillingen FLERE LINJER).<\/p>\n<p>Niveau #x + x Pr\u00e6mie aprox<\/p>\n<table class=\"table table-results-detailed aligncenter\">\n<tbody>\n<tr>\n<td><strong>Niveau<\/strong><\/td>\n<td><strong>#x+x<\/strong><\/td>\n<td><strong>Praemie aprox<\/strong><\/td>\n<\/tr>\n<tr>\n<td>I<\/td>\n<td>5+2<\/td>\n<td>Jackpot<\/td>\n<\/tr>\n<tr>\n<td>II<\/td>\n<td>5+1<\/td>\n<td>811.146\u20ac<\/td>\n<\/tr>\n<tr>\n<td>III<\/td>\n<td>5+0<\/td>\n<td>150.558\u20ac<\/td>\n<\/tr>\n<tr>\n<td>IV<\/td>\n<td>4+2<\/td>\n<td>4.733\u20ac<\/td>\n<\/tr>\n<tr>\n<td>V<\/td>\n<td>4+1<\/td>\n<td>249\u20ac<\/td>\n<\/tr>\n<tr>\n<td>VI<\/td>\n<td>4+0<\/td>\n<td>111\u20ac<\/td>\n<\/tr>\n<tr>\n<td>VII<\/td>\n<td>3+2<\/td>\n<td>61\u20ac<\/td>\n<\/tr>\n<tr>\n<td>VIII<\/td>\n<td>2+2<\/td>\n<td>22\u20ac<\/td>\n<\/tr>\n<tr>\n<td>IX<\/td>\n<td>3+1<\/td>\n<td>18\u20ac<\/td>\n<\/tr>\n<tr>\n<td>X<\/td>\n<td>3+0<\/td>\n<td>15\u20ac<\/td>\n<\/tr>\n<tr>\n<td>XI<\/td>\n<td>1+2<\/td>\n<td>10\u20ac<\/td>\n<\/tr>\n<tr>\n<td>XII<\/td>\n<td>2+1<\/td>\n<td>8\u20ac<\/td>\n<\/tr>\n<\/tbody>\n<\/table>\n<p>Du kan v\u00e6lge numrene i din kombination <b><strong>manuelt eller lade systemet v\u00e6lge dem tilf\u00e6ldigt<\/strong><\/b> ved hj\u00e6lp af den hurtige funktion, vi har udviklet. Hvis du kun v\u00e6lger \u00e9n kolonne, spiller du et enkelt spil, s\u00e5 husk at spille s\u00e5 mange kolonner, som du vil. Nu kan du ogs\u00e5 v\u00e6lge, hvor mange tr\u00e6kninger du vil spille, fra 1 tr\u00e6kning op til 16, s\u00e5 du ikke g\u00e5r glip af en chance for at vinde en af de st\u00f8rste jackpots i de europ\u00e6iske lotterier. N\u00e5r du har valgt den eller de kolonner, du \u00f8nsker at deltage i, skal du blot <b><strong>klikke p\u00e5 forts\u00e6t<\/strong><\/b> og forts\u00e6tte med at betale for dine Eurojackpot-kuponer.<\/p>\n<h3>Flere v\u00e6ddem\u00e5l hos Eurojackpot<\/h3>\n<p>Til forskel fra det enkle spil, hvor 5 + 2 numre markeres i hver af de kolonner eller kuponer, du vil spille i, vil der i det multiple spil kun blive brugt den f\u00f8rste kolonne p\u00e5 kuponen, og 5, 6, 7, 8, 9 eller 10 numre vil blive markeret i felterne mellem 1 og 50 i hovedmatrixen. Du kan ogs\u00e5 markere 2, 3, 4 eller 5 tal i den f\u00f8rste kolonne, men fra den sekund\u00e6re matrix, solene. F\u00f8lgende tabel viser de mulige kombinationer og de samlede indsatser, der udg\u00f8r hver kombination af tal og sole.<\/p>\n<table summary=\"apuestas autorizadas euromillones\" width=\"384\">\n<thead>\n<tr>\n<th class=\"centrov\" rowspan=\"2\">Stars<\/th>\n<th colspan=\"6\">Numbers<\/th>\n<\/tr>\n<tr>\n<th class=\"clnumero\">5<\/th>\n<th class=\"clnumero\">6<\/th>\n<th class=\"clnumero\">7<\/th>\n<th class=\"clnumero\">8<\/th>\n<th class=\"clnumero\">9<\/th>\n<th class=\"clnumero\">10<\/th>\n<\/tr>\n<\/thead>\n<tbody>\n<tr>\n<td class=\"clestrella\">2<\/td>\n<td>\u2013<\/td>\n<td>6<\/td>\n<td>21<\/td>\n<td>56<\/td>\n<td>126<\/td>\n<td>252<\/td>\n<\/tr>\n<tr>\n<td class=\"clestrella\">3<\/td>\n<td>3<\/td>\n<td>18<\/td>\n<td>63<\/td>\n<td>168<\/td>\n<td>378<\/td>\n<td>756<\/td>\n<\/tr>\n<tr>\n<td class=\"clestrella\">4<\/td>\n<td>6<\/td>\n<td>36<\/td>\n<td>126<\/td>\n<td>336<\/td>\n<td>756<\/td>\n<td>1.512<\/td>\n<\/tr>\n<tr>\n<td class=\"clestrella\">5<\/td>\n<td>10<\/td>\n<td>60<\/td>\n<td>210<\/td>\n<td>560<\/td>\n<td>1.260<\/td>\n<td>2.520<\/td>\n<\/tr>\n<\/tbody>\n<\/table>\n<h1><b><strong>Eurojackpot-jackpots<\/strong><\/b><\/h1>\n<p>Eurojackpot-lotterispillet fasts\u00e6tter en minimumsjackpot p\u00e5 10 millioner euro til udbetaling af f\u00f8rsteklasses pr\u00e6mier. Ligeledes angiver reglerne, at pr\u00e6mien for f\u00f8rste kategori med akkumulerede jackpots ikke kan overstige 120 millioner euro. Hvis dette bel\u00f8b overskrides i en tr\u00e6kning, vil det overskredne bel\u00f8b blive brugt til at \u00f8ge pr\u00e6mien til den anden kategori af pr\u00e6mier. Hvis der i 12 p\u00e5 hinanden f\u00f8lgende tr\u00e6kninger ikke er nogen f\u00f8rsteklasses vinder, vil den samlede jackpot, der er akkumuleret indtil denne dato, blive uddelt p\u00e5 obligatorisk basis i den n\u00e6ste tr\u00e6kning. Den f\u00f8rste Eurojackpot-jackpot blev vundet af en tysk statsborger den 11. maj 2012, som tog det flotte bel\u00f8b p\u00e5 19,2 millioner euro med sig hjem.<\/p>\n<p>* Fredag den 6. december 2024 \u20ac120.000.000 * Tirsdag den 4. juni 2024 \u20ac120.000.000 * Tirsdag den 23. april 2024 \u20ac120.000.000 * Tirsdag den 16. januar 2024 \u20ac120.000.000 * Fredag den 23. juni 2023 \u20ac120.000.000 * Tirsdag den 8. november 2022 \u20ac120.000.000 * Fredag den 22. juli 2022 \u20ac120.000.000 * Fredag den 13. august 2021 \u20ac90.000.000<\/p>\n<p>Nedenfor er nogle af de st\u00f8rste lotterijackpots tildelt fra Eurojackpot:Og ogs\u00e5 spillere fra Argentina, Brasilien, Chile, Costa Rica, El Salvador, Honduras, Panama, Paraguay, Peru, Uruguay, Venezuela &#8230; er allerede en del af LottoHoy.com-familien. Vores tjenester er tilg\u00e6ngelige for spillere i Latinamerika, for at give dem mulighed for at deltage i forskellige verdenslotterier, og ogs\u00e5 Eurojackpot-lotteriet. Nu kan du k\u00f8be dine lodder og spille online i Eurojackpot-lotteriet, blive en af vinderne og f\u00e5 millioner af euro med jackpotpr\u00e6mien.<\/p>\n","protected":false},"excerpt":{"rendered":"<p>Hvordan spiller man Eurojackpot? Eurojackpot-lotteriet er et af de st\u00f8rste lotterier i Europa og er et spil, der minder meget om EuroMillions-lotteriet. Det best\u00e5r i at v\u00e6lge mindst 5 tal, nummereret fra 1 til 50. Der skal ogs\u00e5 v\u00e6lges 2 ekstra tal, kaldet \u00bbsoles\u00ab, p\u00e5 den anden del af kuponen, som er nummereret fra 1 [&hellip;]<\/p>\n","protected":false},"author":2,"featured_media":0,"parent":16579,"menu_order":4,"comment_status":"closed","ping_status":"closed","template":"eurojackpot.php","meta":{"_et_pb_use_builder":"","_et_pb_old_content":"","_et_gb_content_width":"","exclude_from_search":false,"footnotes":""},"class_list":["post-16651","page","type-page","status-publish","hentry"],"yoast_head":"<!-- This site is optimized with the Yoast SEO plugin v23.7 - https:\/\/yoast.com\/wordpress\/plugins\/seo\/ -->\n<title>Eurojackpot - Spil Eurojackpot online - nemt og hurtigt!<\/title>\n<meta name=\"description\" content=\"V\u00e6lg mindst 5 tal og to \u00bbsoles\u00ab, og f\u00e5 din kupon til den n\u00e6ste Eurojackpot-tr\u00e6kning. Du kan vinde fantastiske pr\u00e6mier!\" \/>\n<meta name=\"robots\" content=\"index, follow, max-snippet:-1, max-image-preview:large, max-video-preview:-1\" \/>\n<link rel=\"canonical\" href=\"https:\/\/lottohoy.com\/da\/spil\/spil-eurojackpot\/\" \/>\n<meta property=\"og:locale\" content=\"da_DK\" \/>\n<meta property=\"og:type\" content=\"article\" \/>\n<meta property=\"og:title\" content=\"Eurojackpot - Spil Eurojackpot online - nemt og hurtigt!\" \/>\n<meta property=\"og:description\" content=\"V\u00e6lg mindst 5 tal og to \u00bbsoles\u00ab, og f\u00e5 din kupon til den n\u00e6ste Eurojackpot-tr\u00e6kning. Du kan vinde fantastiske pr\u00e6mier!\" \/>\n<meta property=\"og:url\" content=\"https:\/\/lottohoy.com\/da\/spil\/spil-eurojackpot\/\" \/>\n<meta property=\"og:site_name\" content=\"Lottohoy\" \/>\n<meta property=\"article:modified_time\" content=\"2025-04-08T11:00:25+00:00\" \/>\n<meta name=\"twitter:card\" content=\"summary_large_image\" \/>\n<meta name=\"twitter:label1\" content=\"Estimeret l\u00e6setid\" \/>\n\t<meta name=\"twitter:data1\" content=\"6 minutter\" \/>\n<script type=\"application\/ld+json\" class=\"yoast-schema-graph\">{\"@context\":\"https:\/\/schema.org\",\"@graph\":[{\"@type\":\"WebPage\",\"@id\":\"https:\/\/lottohoy.com\/da\/spil\/spil-eurojackpot\/\",\"url\":\"https:\/\/lottohoy.com\/da\/spil\/spil-eurojackpot\/\",\"name\":\"Eurojackpot - Spil Eurojackpot online - nemt og hurtigt!\",\"isPartOf\":{\"@id\":\"https:\/\/lottohoy.com\/da\/#website\"},\"datePublished\":\"2018-05-03T13:23:25+00:00\",\"dateModified\":\"2025-04-08T11:00:25+00:00\",\"description\":\"V\u00e6lg mindst 5 tal og to \u00bbsoles\u00ab, og f\u00e5 din kupon til den n\u00e6ste Eurojackpot-tr\u00e6kning. Du kan vinde fantastiske pr\u00e6mier!\",\"breadcrumb\":{\"@id\":\"https:\/\/lottohoy.com\/da\/spil\/spil-eurojackpot\/#breadcrumb\"},\"inLanguage\":\"da-DK\",\"potentialAction\":[{\"@type\":\"ReadAction\",\"target\":[\"https:\/\/lottohoy.com\/da\/spil\/spil-eurojackpot\/\"]}]},{\"@type\":\"BreadcrumbList\",\"@id\":\"https:\/\/lottohoy.com\/da\/spil\/spil-eurojackpot\/#breadcrumb\",\"itemListElement\":[{\"@type\":\"ListItem\",\"position\":1,\"name\":\"Home\",\"item\":\"https:\/\/lottohoy.com\/da\/\"},{\"@type\":\"ListItem\",\"position\":2,\"name\":\"Spil lotteri online\",\"item\":\"https:\/\/lottohoy.com\/da\/spil\/\"},{\"@type\":\"ListItem\",\"position\":3,\"name\":\"Spil Eurojackpot\"}]},{\"@type\":\"WebSite\",\"@id\":\"https:\/\/lottohoy.com\/da\/#website\",\"url\":\"https:\/\/lottohoy.com\/da\/\",\"name\":\"Lottohoy\",\"description\":\"\",\"potentialAction\":[{\"@type\":\"SearchAction\",\"target\":{\"@type\":\"EntryPoint\",\"urlTemplate\":\"https:\/\/lottohoy.com\/da\/?s={search_term_string}\"},\"query-input\":{\"@type\":\"PropertyValueSpecification\",\"valueRequired\":true,\"valueName\":\"search_term_string\"}}],\"inLanguage\":\"da-DK\"}]}<\/script>\n<!-- \/ Yoast SEO plugin. -->","yoast_head_json":{"title":"Eurojackpot - Spil Eurojackpot online - nemt og hurtigt!","description":"V\u00e6lg mindst 5 tal og to \u00bbsoles\u00ab, og f\u00e5 din kupon til den n\u00e6ste Eurojackpot-tr\u00e6kning. Du kan vinde fantastiske pr\u00e6mier!","robots":{"index":"index","follow":"follow","max-snippet":"max-snippet:-1","max-image-preview":"max-image-preview:large","max-video-preview":"max-video-preview:-1"},"canonical":"https:\/\/lottohoy.com\/da\/spil\/spil-eurojackpot\/","og_locale":"da_DK","og_type":"article","og_title":"Eurojackpot - Spil Eurojackpot online - nemt og hurtigt!","og_description":"V\u00e6lg mindst 5 tal og to \u00bbsoles\u00ab, og f\u00e5 din kupon til den n\u00e6ste Eurojackpot-tr\u00e6kning. Du kan vinde fantastiske pr\u00e6mier!","og_url":"https:\/\/lottohoy.com\/da\/spil\/spil-eurojackpot\/","og_site_name":"Lottohoy","article_modified_time":"2025-04-08T11:00:25+00:00","twitter_card":"summary_large_image","twitter_misc":{"Estimeret l\u00e6setid":"6 minutter"},"schema":{"@context":"https:\/\/schema.org","@graph":[{"@type":"WebPage","@id":"https:\/\/lottohoy.com\/da\/spil\/spil-eurojackpot\/","url":"https:\/\/lottohoy.com\/da\/spil\/spil-eurojackpot\/","name":"Eurojackpot - Spil Eurojackpot online - nemt og hurtigt!","isPartOf":{"@id":"https:\/\/lottohoy.com\/da\/#website"},"datePublished":"2018-05-03T13:23:25+00:00","dateModified":"2025-04-08T11:00:25+00:00","description":"V\u00e6lg mindst 5 tal og to \u00bbsoles\u00ab, og f\u00e5 din kupon til den n\u00e6ste Eurojackpot-tr\u00e6kning. Du kan vinde fantastiske pr\u00e6mier!","breadcrumb":{"@id":"https:\/\/lottohoy.com\/da\/spil\/spil-eurojackpot\/#breadcrumb"},"inLanguage":"da-DK","potentialAction":[{"@type":"ReadAction","target":["https:\/\/lottohoy.com\/da\/spil\/spil-eurojackpot\/"]}]},{"@type":"BreadcrumbList","@id":"https:\/\/lottohoy.com\/da\/spil\/spil-eurojackpot\/#breadcrumb","itemListElement":[{"@type":"ListItem","position":1,"name":"Home","item":"https:\/\/lottohoy.com\/da\/"},{"@type":"ListItem","position":2,"name":"Spil lotteri online","item":"https:\/\/lottohoy.com\/da\/spil\/"},{"@type":"ListItem","position":3,"name":"Spil Eurojackpot"}]},{"@type":"WebSite","@id":"https:\/\/lottohoy.com\/da\/#website","url":"https:\/\/lottohoy.com\/da\/","name":"Lottohoy","description":"","potentialAction":[{"@type":"SearchAction","target":{"@type":"EntryPoint","urlTemplate":"https:\/\/lottohoy.com\/da\/?s={search_term_string}"},"query-input":{"@type":"PropertyValueSpecification","valueRequired":true,"valueName":"search_term_string"}}],"inLanguage":"da-DK"}]}},"_links":{"self":[{"href":"https:\/\/lottohoy.com\/da\/wp-json\/wp\/v2\/pages\/16651","targetHints":{"allow":["GET"]}}],"collection":[{"href":"https:\/\/lottohoy.com\/da\/wp-json\/wp\/v2\/pages"}],"about":[{"href":"https:\/\/lottohoy.com\/da\/wp-json\/wp\/v2\/types\/page"}],"author":[{"embeddable":true,"href":"https:\/\/lottohoy.com\/da\/wp-json\/wp\/v2\/users\/2"}],"replies":[{"embeddable":true,"href":"https:\/\/lottohoy.com\/da\/wp-json\/wp\/v2\/comments?post=16651"}],"version-history":[{"count":3,"href":"https:\/\/lottohoy.com\/da\/wp-json\/wp\/v2\/pages\/16651\/revisions"}],"predecessor-version":[{"id":18335,"href":"https:\/\/lottohoy.com\/da\/wp-json\/wp\/v2\/pages\/16651\/revisions\/18335"}],"up":[{"embeddable":true,"href":"https:\/\/lottohoy.com\/da\/wp-json\/wp\/v2\/pages\/16579"}],"wp:attachment":[{"href":"https:\/\/lottohoy.com\/da\/wp-json\/wp\/v2\/media?parent=16651"}],"curies":[{"name":"wp","href":"https:\/\/api.w.org\/{rel}","templated":true}]}}