{"id":16637,"date":"2024-11-04T05:24:53","date_gmt":"2024-11-04T05:24:53","guid":{"rendered":"https:\/\/lottohoy.com\/privatlivspolitik\/"},"modified":"2024-11-04T05:24:53","modified_gmt":"2024-11-04T05:24:53","slug":"privatlivspolitik","status":"publish","type":"page","link":"https:\/\/lottohoy.com\/da\/privatlivspolitik\/","title":{"rendered":"Privatlivspolitik"},"content":{"rendered":"<p>Lottohoys privatlivspolitik (herefter kaldet privatlivspolitikken) g\u00e6lder for hjemmesiden lottohoy.com (herefter kaldet hjemmesiden), der drives af LLL World Marketing Limited, Peiraios 30, 1. sal, kontor 1, 2023 Strovolos, Nicosia &#8211; Cypern. Ved at bruge vores hjemmeside accepterer du f\u00f8lgende privatlivspolitik samt vores brugsbetingelser.<\/p>\n<h2>De oplysninger, vi indsamler<\/h2>\n<p>N\u00e5r du bruger webstedet, indsamler vi f\u00f8lgende oplysninger:<\/p>\n<h2>\u00c5bent indsamlet fra dig<\/h2>\n<p>N\u00e5r du opretter en brugerkonto, oplyser du din e-mailadresse, som bruges til at identificere din konto og til at udf\u00f8re den valgfrie aktivering. E-mailadressen bruges ogs\u00e5 til at g\u00f8re det muligt for p\u00e5mindelsen om adgangskoden at udf\u00f8re sin funktion.<\/p>\n<p>Vi kan ogs\u00e5 bruge din e-mailadresse og dit telefonnummer til at sende meddelelser om webstedets funktion (herunder de meddelelser, der kr\u00e6ves i henhold til loven), nyheder om webstedet, oplysninger om produkter og tjenester, der er inkluderet p\u00e5 webstedet, samt til andre markedsf\u00f8ringsform\u00e5l, herunder tredjepartsprodukter eller -tjenester, som du m\u00e5ske er interesseret i (i det f\u00f8lgende ben\u00e6vnt meddelelser). Du kan til enhver tid stoppe med at modtage markedsf\u00f8ringsrelaterede meddelelser ved at bruge annulleringslinket, der er inkluderet i hver e-mail, vi sender, eller ved at kontakte os via de tilg\u00e6ngelige kontaktmidler: e-mail, telefon eller kontaktformular.<\/p>\n<p>N\u00e5r du har oprettet en konto, kan du udfylde din profil med f\u00f8lgende data: fornavn, efternavn, bop\u00e6lsadresse, f\u00f8dselsdato, telefonnummer og tidszone. Disse oplysninger bruges til at forbedre processen med betalinger, indbetalinger og udbetalinger, til tilpasning af hjemmesiden (herunder meddelelser) samt til at h\u00e5ndtere gevinster p\u00e5 over 2.500 USD i overensstemmelse med afsnit 3.5 i brugsbetingelserne.<\/p>\n<p>Vi kan ogs\u00e5 f\u00f8re et register over data, som du frivilligt har givet os for at kontakte os via kontaktformularen, en telefonsamtale, en postmeddelelse, Facebook, Twitter eller andre kontaktmidler, herunder navn, e-mailadresse, telefonnummer og postadresse. Det er n\u00f8dvendigt at oplyse dit navn og din e-mailadresse for at kunne sende en besked via kontaktformularen.<\/p>\n<p>Kontakt med os via sociale medier som Facebook eller Twitter b\u00f8r ikke betragtes som officiel. Vi forbeholder os ret til ikke at svare p\u00e5 meddelelser, der er sendt via disse kontaktformer, og informerer dig samtidig om, at vi vil g\u00f8re vores bedste for at svare p\u00e5 dem. For at f\u00e5 detaljerede oplysninger om de data, der indsamles af de sociale medier, der er n\u00e6vnt ovenfor, skal man g\u00f8re sig bekendt med f\u00f8lgende dokumenter:<\/p>\n<p>Facebook: privatlivspolitik og vilk\u00e5r og politikker;<\/p>\n<p>Twitter: privatlivspolitik og servicevilk\u00e5r.<\/p>\n<p>Vi behandler ogs\u00e5 betalingskortdata (nummer, udl\u00f8bsdato, for- og efternavn p\u00e5 indehaveren, CVV-kode) for at udf\u00f8re betalingskortbetalingsprocessen &#8211; <a href=\"https:\/\/lottohoy.xyz\/terms-and-conditions\/\">l\u00e6s mere<\/a>.<\/p>\n<h2>Ikke indsamlet \u00e5bent<\/h2>\n<p>N\u00e5r du bruger webstedet, indsamler vi automatisk specifikke oplysninger og bruger dem til at h\u00e5ndtere webstedets hovedfunktioner, tilpasse webstedet (herunder meddelelser), overv\u00e5ge den indg\u00e5ende trafik og opretholde sikkerheden. Det omfatter blandt andet:<\/p>\n<p>IP-adresse;<\/p>\n<p>-headers sendt af browseren, is\u00e6r \u00bbUser-Agent\u00ab, \u00bbAccept-Language\u00ab og \u00bbReferer\u00ab, som indeholder oplysninger som browserens type, version og sprog, operativsystemets type og version og den webadresse, som webstedet blev fundet gennem;<\/p>\n<p>-systemtid;<\/p>\n<p>-HTTP-anmodninger;<\/p>\n<p>-cookies-filer gemt i redfoxlotto.com-dom\u00e6net eller underdom\u00e6ner.<\/p>\n<p>Vi kan ogs\u00e5 bruge IP-adressen til at indsamle og behandle oplysninger om din faktiske placering for at forbedre dataopdateringsprocessen samt tilpasse webstedet (herunder notifikationer).<\/p>\n<p>Nogle af de data, der automatisk stilles til r\u00e5dighed af webbrowsere, gemmes i serverlogfiler, herunder fulde HTTP-anmodninger, tidspunkt for deres ankomst, IP-adresse og URL-adresser, der er relateret til en anmodning.<\/p>\n<p>Hjemmesidens funktion bruger din browsers cache. Det g\u00f8r det muligt at optimere tiden for indl\u00e6sning af webstedet samt g\u00f8re det lettere at bruge webstedet ved at gemme data mellem sessioner, selv efter genstart af browseren.<\/p>\n<p>De oplysninger, der ikke indsamles \u00e5bent, omfatter blandt andet f\u00f8lgende data, der bruges til at h\u00e5ndtere og forbedre betalingsprocessen:<\/p>\n<p>&#8211; e-mailadresse, personlige data (fornavn, efternavn, adresse, kontaktoplysninger) og transaktions-ID til at udf\u00f8re betalinger; med dit udtrykkelige samtykke gemmer vi ogs\u00e5 ikke-f\u00f8lsomme data om de betalingskort, du bruger, for at g\u00f8re yderligere betalinger hurtigere; -e-mailadresse, dato, status, bel\u00f8b og transaktions-ID, der bruges eller genereres til at udf\u00f8re tpay.com-betalinger;<\/p>\n<p>e-mailadresse, brugerkonto-ID, status, bel\u00f8b og transaktions-ID brugt eller genereret til at udf\u00f8re Skrill-betalinger;<\/p>\n<p>e-mailadresse, brugerkonto-ID, personlige data (fornavn, efternavn, adresse, f\u00f8dselsdato, k\u00f8n, kontaktoplysninger, kontosaldo, kontosprog og valuta) og faktureringsdata, der bruges eller genereres til at udf\u00f8re Neteller-betalinger;<\/p>\n<p>-destinations-bitcoin-adresse og transaktions-ID brugt eller genereret til at udf\u00f8re betalinger;<\/p>\n<p>e-mailadresse, telefon, land og transaktions-ID, der bruges eller genereres til at udf\u00f8re Sofort-betalinger.<\/p>\n<p>For at f\u00e5 flere oplysninger om de data, der indsamles under betalinger, opfordrer vi dig til at g\u00f8re dig bekendt med fortrolighedspolitikkerne for forskellige betalingsgateways (<a href=\"https:\/\/lottohoy.xyz\/terms-and-conditions\/\">f\u00e5 mere<\/a> at vide).<\/p>\n<p>De oplysninger, der ikke indsamles \u00e5bent, bruges ogs\u00e5 af tredjepartstjenester (<a href=\"https:\/\/lottohoy.xyz\/terms-and-conditions\/\">l\u00e6s mere<\/a>).<\/p>\n<h2>Tredjepartstjenester<\/h2>\n<p>Statistik, reklame og sikkerhed<\/p>\n<p>For at h\u00e5ndtere webstedets sikkerhed samt indsamle og analysere oplysninger om dets funktion bruger vi f\u00f8lgende tredjepartstjenester:<\/p>\n<p>Google Analytics &#8211; til at overv\u00e5ge trafikken og f\u00f8re detaljerede statistikker, der giver os mulighed for at identificere kilderne til bes\u00f8g og analysere webstedets funktion;<\/p>\n<p>Google reCAPTCHA &#8211; for at forbedre hjemmesidens sikkerhed ved at beskytte mod automatiserede scripts;<\/p>\n<p>Facebook Pixel &#8211; for at overv\u00e5ge trafikken og f\u00f8re detaljerede statistikker, der giver os mulighed for at skabe bedre reklamekampagner.<\/p>\n<p>Ovenst\u00e5ende tjenester indsamler og bruger oplysninger for at fungere korrekt. For at f\u00e5 oplysninger om de data, der indsamles af Google-tjenester, opfordrer vi dig til at g\u00f8re dig bekendt med Googles servicevilk\u00e5r og Googles privatlivspolitik. For at f\u00e5 oplysninger om de data, der indsamles af Facebook-tjenester, opfordrer vi dig til at g\u00f8re dig bekendt med Facebooks politikker.<\/p>\n<h2>Betalinger<\/h2>\n<p>Vi gemmer ikke detaljerede data om betalingskort i vores databaser. Til opbevaring af betalingskortdata bruger vi tredjeparts betalingsgateways, der overholder kravene i PCI-DSS-sikkerhedsstandarderne (Payment Card Industry Data Security Standard). Vores databaser gemmer kun referencer til betalingskort, der er gemt i tredjeparts betalingsgateways. De referencer, vi gemmer, indeholder kun ikke-f\u00f8lsomme data om betalingskort: udl\u00f8bsdato, for- og efternavn p\u00e5 indehaveren og de sidste fire cifre i kortnummeret. Betalingskortdata bruges og gemmes kun med dit udtrykkelige samtykke. Du kan til enhver tid slette henvisningerne til de gemte betalingskort. Betalingskortdata slettes ogs\u00e5 fra en bestemt tredjeparts betalingsgateway, forudsat at den stiller en s\u00e5dan funktion til r\u00e5dighed. Man skal huske, at det m\u00e5ske ikke er muligt at slette dataene helt p\u00e5 grund af den m\u00e5de, en bestemt betalingsgateway fungerer p\u00e5. Detaljerede oplysninger om den type data, der gemmes af de betalingsgateways, vi bruger, kan findes i de forskellige betalingsgateways&#8217; privatlivspolitikker og brugsbetingelser &#8211; l\u00e6s mere. Sletning af gemte betalingskortdata annullerer ikke de p\u00e5begyndte transaktioner.<\/p>\n<p>For at udf\u00f8re ovenst\u00e5ende behandler vi betalingskortdata, der leveres via de formularer, der er tilg\u00e6ngelige p\u00e5 webstedet. Denne behandling er i fuld overensstemmelse med kravene i PCI-DSS (Payment Card Industry Data Security Standard). Alle de betalingsdata, du angiver, sendes via en krypteret SSL-forbindelse (Secure Socket Layer).<\/p>\n<p>Vi informerer dig om, at vi for at beskytte dine data tr\u00e6ffer alle n\u00f8dvendige foranstaltninger for at sikre, at dine data ikke g\u00e5r tabt ved et uheld, misbruges, offentligg\u00f8res eller p\u00e5 nogen m\u00e5de \u00e6ndres eller \u00f8del\u00e6gges. Vi beskytter dem ogs\u00e5 mod uautoriseret adgang.<\/p>\n<p>For at f\u00e5 detaljerede oplysninger om de data, der indsamles af forskellige betalingsgateways, skal man g\u00f8re sig bekendt med de tilh\u00f8rende dokumenter, der findes p\u00e5 de p\u00e5g\u00e6ldende betalingsgateways websteder.<\/p>\n<h2>Delte data<\/h2>\n<p>Vi stiller ikke dine data til r\u00e5dighed for virksomheder, organisationer eller andre tredjeparter med f\u00f8lgende undtagelser:<\/p>\n<p>-hvis vi har modtaget dit udtrykkelige samtykke til at stille dem til r\u00e5dighed;<\/p>\n<p>-vi kan sende dine data til p\u00e5lidelige enheder, der behandler dem til vores behov og til form\u00e5l, der udelukkende er defineret af os, samtidig med at vi opretholder den h\u00f8jeste fortrolighed og informationssikkerhed, is\u00e6r de virksomheder, der er en del af vores gruppe eller vores forretningspartnere;<\/p>\n<p>-n\u00e5r vi anser det for berettiget at overholde den lov, vi er underlagt;<\/p>\n<p>-analysere sikkerhedsbrud p\u00e5 hjemmesiden, opdage og forebygge bedrageri og forbedre sikkerheden og andre tekniske forhold;<\/p>\n<p>-Vi kan ogs\u00e5 dele data, der ikke kan bruges til entydigt at identificere en person, til form\u00e5l som at vise de seneste gevinster eller offentligg\u00f8re generelle statistikker om brugen af webstedet.<\/p>\n<h2>Datasikkerhed<\/h2>\n<p>Vi g\u00f8r vores bedste for at sikre, at dine data opbevares sikkert. I henhold til vores sikkerhedspolitik gemmer vi ikke adgangskoder i almindelig tekst. Vi bruger de nyeste standarder og anbefalinger for at sikre, at vores brugeres data og konti er helt sikre, herunder bl.a:<\/p>\n<p>-regelm\u00e6ssig opdatering af serveren;<\/p>\n<p>-\u00f8jeblikkelig implementering af sikkerhedsopdateringer;<\/p>\n<p>-opfyldelse af alle krav til sikkerhedsstandarder defineret af PCI-DSS for den enhed, der behandler betalingskortdata;<\/p>\n<p>-h\u00e5ndh\u00e6velse og brug af sikre forbindelser, hvor det er muligt;<\/p>\n<p>-kontrol af niveauerne for adgang til data, der kun er tilg\u00e6ngelige for personer, virksomheder eller organisationer, der har brug for adgang til dem; s\u00e5danne enheder er ogs\u00e5 forpligtet til at opretholde streng fortrolighed eller f\u00e5 alvorlige konsekvenser;<\/p>\n<p>-beskyttelse mod uautoriseret adgang, automatiserede angrebsblokke og overordnet overv\u00e5gning af webstedsaktivitet.<\/p>\n<h2>Sletning af data<\/h2>\n<p>Sletning af dine profildata er ikke ensbetydende med, at de slettes helt fra vores system. De n\u00e6vnte data kan stadig v\u00e6re gemt i systemer og filer med sikkerhedskopier i op til et \u00e5rs tid. Sikkerhedskopier gemmes p\u00e5 grund af deres betydning og f\u00f8lsomhed ogs\u00e5 p\u00e5 andre servere, der ejes af os og vedligeholdes af os og af tredjepartsfirmaer, der driver vores servere i henhold til separate aftaler. Dine data i sikkerhedskopier kan kun bruges til at gendanne dem i s\u00e6rlige tilf\u00e6lde, der kr\u00e6ver brug af sikkerhedskopier. \u00c6ndringer af dine profildata, der foretages mellem datoen for oprettelse af en sikkerhedskopi og datoen for gendannelse af den, vil g\u00e5 tabt, hvilket du vil f\u00e5 udtrykkelig besked om.<\/p>\n<p>Du kan slette din brugerkonto ved at kontakte os skriftligt. Den slettede kontos data vil blive opbevaret for at forhindre, at forbindelsen mellem kontoen og de udf\u00f8rte transaktioner samt andre handlinger, som du har udf\u00f8rt i systemet, g\u00e5r tabt. P\u00e5 din udtrykkelige anmodning kan vi slette dine profildata helt fra systemet ved at erstatte dem med anonyme data, selvom det ikke sletter dataene for de udf\u00f8rte transaktioner.<\/p>\n<h2>Aldersbegr\u00e6nsninger<\/h2>\n<p>Vores hjemmeside er rettet mod personer over 18 \u00e5r. Vi indsamler eller bruger aldrig bevidst data fra personer, som vi ved ikke opfylder vores alderskriterier. N\u00e5r vi opdager, at en person under 18 \u00e5r har oprettet en konto p\u00e5 vores hjemmeside, g\u00f8r vi vores bedste for at slette deres data fra vores system.<\/p>\n<h2>Begr\u00e6nsninger i privatlivspolitikken<\/h2>\n<p>Denne privatlivspolitik g\u00e6lder ikke for de tjenester, der tilbydes af vores partnere eller andre enheder med reklamer og\/eller henvisninger til vores websted, og den g\u00e6lder heller ikke for andre websteder, som vores websted har henvisninger til. Man skal g\u00f8re sig bekendt med deres privatlivspolitikker og brugsbetingelser separat.<\/p>\n<h2>Politik for cookies<\/h2>\n<p>For at bruge de vigtigste funktioner p\u00e5 webstedet er det n\u00f8dvendigt at aktivere cookies i ens webbrowser. Du kan indstille din browser til ikke at tillade cookies, hvis du \u00f8nsker det, selv om det vil g\u00f8re brugen af vores websted meget begr\u00e6nset.<\/p>\n<p>Se dokumentationen til din webbrowser for at finde ud af, hvordan du deaktiverer cookies.<\/p>\n<h2>\u00c6ndringer<\/h2>\n<p>Vi g\u00f8r vores bedste for at opdatere denne privatlivspolitik l\u00f8bende. I tilf\u00e6lde af v\u00e6sentlige \u00e6ndringer, is\u00e6r dem, der omfatter \u00f8gede begr\u00e6nsninger af adgangen til dine data eller udvidelse af omfanget af deling af dem, vil vi underrette dig om \u00e6ndringerne elektronisk ved at sende en besked til din e-mailadresse, selvom vi forbeholder os ret til at foretage \u00e6ndringer i denne privatlivspolitik p\u00e5 en helt diskret m\u00e5de uden forudg\u00e5ende varsel. Det er dit eget ansvar at sikre dig, at der er foretaget \u00e6ndringer i denne fortrolighedspolitik eller i brugsbetingelserne. Enhver brug af webstedet, efter at der er foretaget \u00e6ndringer i fortrolighedspolitikken eller brugsbetingelserne, vil blive betragtet som accept af dem. Du kan til enhver tid gennemg\u00e5 dine data eller slette dem i overensstemmelse med og inden for det omfang, der er defineret i denne privatlivspolitik.<\/p>\n<h3>Kontakt til os<\/h3>\n<p>Hvis du har sp\u00f8rgsm\u00e5l til denne fortrolighedspolitik, kan du kontakte os via de tilg\u00e6ngelige kontaktmidler (e-mail, kontaktformular).<\/p>\n<p>Privatlivspolitik<\/p>\n","protected":false},"excerpt":{"rendered":"<p>Lottohoys privatlivspolitik (herefter kaldet privatlivspolitikken) g\u00e6lder for hjemmesiden lottohoy.com (herefter kaldet hjemmesiden), der drives af LLL World Marketing Limited, Peiraios 30, 1. sal, kontor 1, 2023 Strovolos, Nicosia &#8211; Cypern. Ved at bruge vores hjemmeside accepterer du f\u00f8lgende privatlivspolitik samt vores brugsbetingelser. De oplysninger, vi indsamler N\u00e5r du bruger webstedet, indsamler vi f\u00f8lgende oplysninger: \u00c5bent [&hellip;]<\/p>\n","protected":false},"author":1,"featured_media":0,"parent":0,"menu_order":0,"comment_status":"closed","ping_status":"closed","template":"","meta":{"_et_pb_use_builder":"","_et_pb_old_content":"","_et_gb_content_width":"","exclude_from_search":false,"footnotes":""},"class_list":["post-16637","page","type-page","status-publish","hentry"],"yoast_head":"<!-- This site is optimized with the Yoast SEO plugin v23.7 - https:\/\/yoast.com\/wordpress\/plugins\/seo\/ -->\n<title>Privatlivspolitik - Lottohoy<\/title>\n<meta name=\"robots\" content=\"index, follow, max-snippet:-1, max-image-preview:large, max-video-preview:-1\" \/>\n<link rel=\"canonical\" href=\"https:\/\/lottohoy.com\/da\/privatlivspolitik\/\" \/>\n<meta property=\"og:locale\" content=\"da_DK\" \/>\n<meta property=\"og:type\" content=\"article\" \/>\n<meta property=\"og:title\" content=\"Privatlivspolitik - Lottohoy\" \/>\n<meta property=\"og:description\" content=\"Lottohoys privatlivspolitik (herefter kaldet privatlivspolitikken) g\u00e6lder for hjemmesiden lottohoy.com (herefter kaldet hjemmesiden), der drives af LLL World Marketing Limited, Peiraios 30, 1. sal, kontor 1, 2023 Strovolos, Nicosia &#8211; Cypern. Ved at bruge vores hjemmeside accepterer du f\u00f8lgende privatlivspolitik samt vores brugsbetingelser. De oplysninger, vi indsamler N\u00e5r du bruger webstedet, indsamler vi f\u00f8lgende oplysninger: \u00c5bent [&hellip;]\" \/>\n<meta property=\"og:url\" content=\"https:\/\/lottohoy.com\/da\/privatlivspolitik\/\" \/>\n<meta property=\"og:site_name\" content=\"Lottohoy\" \/>\n<meta name=\"twitter:card\" content=\"summary_large_image\" \/>\n<meta name=\"twitter:label1\" content=\"Estimeret l\u00e6setid\" \/>\n\t<meta name=\"twitter:data1\" content=\"10 minutter\" \/>\n<script type=\"application\/ld+json\" class=\"yoast-schema-graph\">{\"@context\":\"https:\/\/schema.org\",\"@graph\":[{\"@type\":\"WebPage\",\"@id\":\"https:\/\/lottohoy.com\/da\/privatlivspolitik\/\",\"url\":\"https:\/\/lottohoy.com\/da\/privatlivspolitik\/\",\"name\":\"Privatlivspolitik - Lottohoy\",\"isPartOf\":{\"@id\":\"https:\/\/lottohoy.com\/da\/#website\"},\"datePublished\":\"2024-11-04T05:24:53+00:00\",\"dateModified\":\"2024-11-04T05:24:53+00:00\",\"breadcrumb\":{\"@id\":\"https:\/\/lottohoy.com\/da\/privatlivspolitik\/#breadcrumb\"},\"inLanguage\":\"da-DK\",\"potentialAction\":[{\"@type\":\"ReadAction\",\"target\":[\"https:\/\/lottohoy.com\/da\/privatlivspolitik\/\"]}]},{\"@type\":\"BreadcrumbList\",\"@id\":\"https:\/\/lottohoy.com\/da\/privatlivspolitik\/#breadcrumb\",\"itemListElement\":[{\"@type\":\"ListItem\",\"position\":1,\"name\":\"Home\",\"item\":\"https:\/\/lottohoy.com\/da\/\"},{\"@type\":\"ListItem\",\"position\":2,\"name\":\"Privatlivspolitik\"}]},{\"@type\":\"WebSite\",\"@id\":\"https:\/\/lottohoy.com\/da\/#website\",\"url\":\"https:\/\/lottohoy.com\/da\/\",\"name\":\"Lottohoy\",\"description\":\"\",\"potentialAction\":[{\"@type\":\"SearchAction\",\"target\":{\"@type\":\"EntryPoint\",\"urlTemplate\":\"https:\/\/lottohoy.com\/da\/?s={search_term_string}\"},\"query-input\":{\"@type\":\"PropertyValueSpecification\",\"valueRequired\":true,\"valueName\":\"search_term_string\"}}],\"inLanguage\":\"da-DK\"}]}<\/script>\n<!-- \/ Yoast SEO plugin. -->","yoast_head_json":{"title":"Privatlivspolitik - Lottohoy","robots":{"index":"index","follow":"follow","max-snippet":"max-snippet:-1","max-image-preview":"max-image-preview:large","max-video-preview":"max-video-preview:-1"},"canonical":"https:\/\/lottohoy.com\/da\/privatlivspolitik\/","og_locale":"da_DK","og_type":"article","og_title":"Privatlivspolitik - Lottohoy","og_description":"Lottohoys privatlivspolitik (herefter kaldet privatlivspolitikken) g\u00e6lder for hjemmesiden lottohoy.com (herefter kaldet hjemmesiden), der drives af LLL World Marketing Limited, Peiraios 30, 1. sal, kontor 1, 2023 Strovolos, Nicosia &#8211; Cypern. Ved at bruge vores hjemmeside accepterer du f\u00f8lgende privatlivspolitik samt vores brugsbetingelser. De oplysninger, vi indsamler N\u00e5r du bruger webstedet, indsamler vi f\u00f8lgende oplysninger: \u00c5bent [&hellip;]","og_url":"https:\/\/lottohoy.com\/da\/privatlivspolitik\/","og_site_name":"Lottohoy","twitter_card":"summary_large_image","twitter_misc":{"Estimeret l\u00e6setid":"10 minutter"},"schema":{"@context":"https:\/\/schema.org","@graph":[{"@type":"WebPage","@id":"https:\/\/lottohoy.com\/da\/privatlivspolitik\/","url":"https:\/\/lottohoy.com\/da\/privatlivspolitik\/","name":"Privatlivspolitik - Lottohoy","isPartOf":{"@id":"https:\/\/lottohoy.com\/da\/#website"},"datePublished":"2024-11-04T05:24:53+00:00","dateModified":"2024-11-04T05:24:53+00:00","breadcrumb":{"@id":"https:\/\/lottohoy.com\/da\/privatlivspolitik\/#breadcrumb"},"inLanguage":"da-DK","potentialAction":[{"@type":"ReadAction","target":["https:\/\/lottohoy.com\/da\/privatlivspolitik\/"]}]},{"@type":"BreadcrumbList","@id":"https:\/\/lottohoy.com\/da\/privatlivspolitik\/#breadcrumb","itemListElement":[{"@type":"ListItem","position":1,"name":"Home","item":"https:\/\/lottohoy.com\/da\/"},{"@type":"ListItem","position":2,"name":"Privatlivspolitik"}]},{"@type":"WebSite","@id":"https:\/\/lottohoy.com\/da\/#website","url":"https:\/\/lottohoy.com\/da\/","name":"Lottohoy","description":"","potentialAction":[{"@type":"SearchAction","target":{"@type":"EntryPoint","urlTemplate":"https:\/\/lottohoy.com\/da\/?s={search_term_string}"},"query-input":{"@type":"PropertyValueSpecification","valueRequired":true,"valueName":"search_term_string"}}],"inLanguage":"da-DK"}]}},"_links":{"self":[{"href":"https:\/\/lottohoy.com\/da\/wp-json\/wp\/v2\/pages\/16637","targetHints":{"allow":["GET"]}}],"collection":[{"href":"https:\/\/lottohoy.com\/da\/wp-json\/wp\/v2\/pages"}],"about":[{"href":"https:\/\/lottohoy.com\/da\/wp-json\/wp\/v2\/types\/page"}],"author":[{"embeddable":true,"href":"https:\/\/lottohoy.com\/da\/wp-json\/wp\/v2\/users\/1"}],"replies":[{"embeddable":true,"href":"https:\/\/lottohoy.com\/da\/wp-json\/wp\/v2\/comments?post=16637"}],"version-history":[{"count":0,"href":"https:\/\/lottohoy.com\/da\/wp-json\/wp\/v2\/pages\/16637\/revisions"}],"wp:attachment":[{"href":"https:\/\/lottohoy.com\/da\/wp-json\/wp\/v2\/media?parent=16637"}],"curies":[{"name":"wp","href":"https:\/\/api.w.org\/{rel}","templated":true}]}}