{"id":16628,"date":"2018-05-03T14:23:26","date_gmt":"2018-05-03T13:23:26","guid":{"rendered":"https:\/\/lottohoy.com\/spil\/spil-euromillions\/"},"modified":"2025-06-13T16:24:32","modified_gmt":"2025-06-13T15:24:32","slug":"spil-euromillions","status":"publish","type":"page","link":"https:\/\/lottohoy.com\/da\/spil\/spil-euromillions\/","title":{"rendered":"Spil EuroMillions"},"content":{"rendered":"<h2>Spil Euromillions online<\/h2>\n<p>Euromillions er det lotteri, som de fleste spiller i Europa. Det er organiseret af de ni \u00a0organer, der er ansvarlige for lotterierne i: Spanien (Statslotteri og Gambling), Frankrig (La Fran\u00e7aise des Jeux) og Det Forenede Kongerige (National Lottery), som var de tre pionerer, som nogle m\u00e5neder senere fik f\u00f8lgeskab af: \u00d8strig, Belgien, Irland, Luxembourg, Portugal og Schweiz.<\/p>\n<p>Det er tydeligt, at tiderne skrider frem, og nye teknologier muligg\u00f8r mange mere komfortable, tidsbesparende og sikre aktiviteter. I denne forstand tilbyder vi chancen for at spille Euromillions-lotteriet online gennem vores platform, og nyder godt af de fordele, dette medf\u00f8rer.<\/p>\n<p>Oddsene for at vinde en pr\u00e6mie ved at k\u00f8be din Euromillions-seddel, inklusive de <a href=\"https:\/\/lottohoy.com\/da\/lotteri-jackpots\/\">store jackpots<\/a> p\u00e5 millioner af euro, er n\u00f8jagtig de samme, n\u00e5r du spiller online, som ved at g\u00f8re det gennem en fysisk lottokupon k\u00f8bt hos en autoriseret lotteriadministration.<\/p>\n<h2>Hvordan spiller man Euromillions online?<\/h2>\n<p>At spille Euromillions online er virkelig nemt;<a href=\"https:\/\/lottohoy.com\/da\/registrering\/\"> opret blot en brugerkonto<\/a> i LottoHoy, og du vil have adgang til alle oplysninger om opkr\u00e6vninger, betalinger, abonnementer, statistik og du kan foretage dine Euromillions-v\u00e6ddem\u00e5l.<\/p>\n<h2>\u00d8verst i dette afsnit vil du se en menulinje med fire muligheder:<\/h2>\n<p>Spil Euromillions : Sektion, hvor du kan v\u00e6lge dine yndlingsnumre.<br \/>\n<a href=\"https:\/\/lottohoy.com\/da\/resultater-af-lotterier\/euromillions-resultater\/\">Euromillions resultater<\/a>: Med information om den sidste lodtr\u00e6kning, vinderkombinationen og fordelingen af \u200b\u200bpr\u00e6mier i de forskellige kategorier. Du kan ogs\u00e5 f\u00e5 adgang til oplysninger om tidligere tr\u00e6kninger og bel\u00f8bene for deres pr\u00e6mier.<br \/>\nEuromillions information: Alle informationer relateret til dette spil, kategorierne af pr\u00e6mier, procentdelen af \u200b\u200bsamlingen tildelt til hver kategori og mulighederne for at vinde lodtr\u00e6kningen i hver kategori.<br \/>\nEuromillions nyheder: Alt om denne type lotteri.<\/p>\n<p>Nedenfor er den f\u00f8rste spillelinje, der best\u00e5r af fem kolonner (eller billetter). Du kan spille en enkelt kolonne eller s\u00e5 mange du vil, du kan endda tilf\u00f8je flere r\u00e6kker, hvis du vil spille flere numre.<\/p>\n<p>Hver af Euromillions-billetterne koster 4,25 EURO og er nummereret fra 1 til 50, og lige under er 12 andre kasser reserveret til stjernerne.<\/p>\n<p>P\u00e5 disse tavler med 50 tal og 12 stjerner skal du lave din \u00f8nskede forudsigelse, startende fra bunden, hvor du skal markere fem felter eller tal og to stjerner for et simpelt tr\u00e6k.<br \/>\nSystemet giver os mulighed for at udfylde disse felter manuelt med dine yndlingsnumre, eller gennem den hurtige valgmulighed, der vises over hver tavle. P\u00e5 denne m\u00e5de v\u00e6lger systemet selv tilf\u00e6ldigt den kombination, du vil spille med.<\/p>\n<p>Som du ved, er dette det st\u00f8rste lotteri i Europa og det, der uddeler flest pr\u00e6mier. Derfor er det vigtigt at kende de forskellige typer Euromillions-v\u00e6ddem\u00e5l, du kan foretage for at \u00f8ge dine chancer for at vinde den st\u00f8rste pr\u00e6mie.<br \/>\nDer er flere spiltilstande:<\/p>\n<h2>Simpelt Euromillions-v\u00e6ddem\u00e5l<\/h2>\n<p>Den simple indsats best\u00e5r i at bruge hvert br\u00e6t eller kolonne p\u00e5 en enheds m\u00e5de til at placere et v\u00e6ddem\u00e5l. Det er simpelthen n\u00f8dvendigt at markere fem firkanter eller tal og to stjerner.<br \/>\nDu kan udfylde s\u00e5 mange kolonner eller billetter, som du vil, for at foretage indsatser. Derudover har du mulighed for at tilf\u00f8je flere linjer. Den simple indstilling af Euromillions koster 4,25 \u20ac, n\u00e5r du spiller hos Lottohoy.<\/p>\n<h2>Euromillions multiple v\u00e6ddem\u00e5l<\/h2>\n<p>For at placere flere v\u00e6ddem\u00e5l skal du blot udfylde hver kolonne med minimum seks tal og op til et maksimum p\u00e5 10 tal og fra to stjerner til maksimalt seks.<br \/>\nN\u00f8jagtig det samme som i tilf\u00e6lde af enkeltv\u00e6ddem\u00e5l, ogs\u00e5 i tilf\u00e6lde af flere Euromillions-v\u00e6ddem\u00e5l kan du v\u00e6lge, at systemet tilf\u00e6ldigt v\u00e6lger spil.<br \/>\nMange spillere bruger flere indsatser for at \u00f8ge deres chancer for at vinde lodtr\u00e6kningen eller i det mindste vinde.<\/p>\n<h2>Hvor meget koster Euromillions multiple bet?<\/h2>\n<p>De samlede indsatser, der kan spilles, kommer fra kombinationen af \u200b\u200bforudsigelserne i tabellen med tal og stjerner nedenfor:<\/p>\n<p>Euromillions multiple bet<br \/>\nStjerner numre<br \/>\n5 6 7 8 9 10<br \/>\n2 &#8211; 6 21 56 126 252<br \/>\n3 3 18 63 168 378 756<br \/>\n4 6 36 126 336 756 1.512<br \/>\n5 10 60 210 560 1.260 2.520<\/p>\n<p>Den resulterende pris er at gange det resulterende antal v\u00e6ddem\u00e5l med enhedsbel\u00f8bet for hvert v\u00e6ddem\u00e5l.<\/p>\n<h2>Her er nogle eksempler:<\/h2>\n<p>En kombination af 7 numre og 3 stjerner svarer til 63 indsatser.<br \/>\nEn kombination af 9 numre og 5 stjerner svarer til 1.260 indsatser.<br \/>\nReduceret indsats for Euromillions<\/p>\n<p>Det reducerede indsatssystem for Euromillions best\u00e5r af noget s\u00e5 simpelt som at lede efter kombinationer, der giver os mulighed for at spille flere numre for f\u00e6rre penge.<\/p>\n<h2>De mulige reduktioner er f\u00f8lgende:<\/h2>\n<p>At markere 10 tal og 2 stjerner, svarer til 14 indsatser (med hensyn til 252 direkte).<br \/>\nTast 10 numre og 4 stjerner svarer til 28 indsatser (sammenlignet med 1512 direkte).<br \/>\nOpkald til 10 numre og 4 stjerner svarer til 84 indsatser (sammenlignet med 1512 direkte).<br \/>\nOpkald til 12 numre og 3 stjerner svarer til 114 indsatser (sammenlignet med 2376 direkte).<br \/>\nOpkald til 15 numre og 4 stjerner svarer til 30 indsatser (sammenlignet med 18018 direkte).<\/p>\n<h2>Hvilke dage tr\u00e6kkes der i Euromillions-lotteriet?<\/h2>\n<p>Euromillions-lodtr\u00e6kningenafholdes hver tirsdag og fredag \u200b\u200bkl. 21:30 (central europ\u00e6isk tid) og afholdes fra Paris, der tr\u00e6kker vinderkombinationen og den f\u00e6lles kontrol for alle deltagende lande.<\/p>\n<p>Du kan deltage i lodtr\u00e6kningen ved at k\u00f8be v\u00e6ddem\u00e5let eller v\u00e6ddem\u00e5lene op til en time f\u00f8r lodtr\u00e6kningens afslutning. Du kan ogs\u00e5 spille to tr\u00e6kninger gennem et ugentligt abonnement eller for alle de Euromillions-tr\u00e6kninger, du \u00f8nsker.<\/p>\n<p>Utilgiveligt skal det f\u00f8rste v\u00e6ddem\u00e5l af disse tr\u00e6kninger valideres en time f\u00f8r datoen for det f\u00f8rste af dem, mens resten af \u200b\u200btr\u00e6kningerne vil blive valideret automatisk, og du beh\u00f8ver ikke l\u00e6ngere bekymre dig om andet.<\/p>\n<p>Den vindende kombination best\u00e5r af to faser: Den ene m\u00e5de er at matche de fem numre svarende til fem kugler nummereret mellem 1 og 50 placeret i en stortromme, og en anden m\u00e5de er at matche yderligere to tal svarende til stjernerne p\u00e5 en anden speciel stortromme, som ogs\u00e5 er nummereret fra 1 til 12.<\/p>\n<p>Det vil sige, for at opn\u00e5 den vindende kombination i dens f\u00f8rste kategori, er det n\u00f8dvendigt at g\u00e6tte de i alt syv tegn (fem tal plus to stjerner).<\/p>\n<h2>Hvorn\u00e5r er Euromillions deadline?<\/h2>\n<p>Der er to ugentlige Euromillions-lodtr\u00e6kninger, tirsdage og fredage, som afholdes kl. 20:30 GMT. En time f\u00f8r, kl. 19:30 GMT, er adgangen til billetter til lodtr\u00e6kningen for den dag lukket (tirsdag eller fredag \u200b\u200bEuromillions).<\/p>\n<p>N\u00e5r lodtr\u00e6kningen har fundet sted, og de vindende v\u00e6ddem\u00e5l er blevet afsl\u00f8ret, fra kl. 22:00 accepterer organisationen igen k\u00f8bet og valideringen af \u200b\u200bbilletter til de f\u00f8lgende tr\u00e6kninger.<br \/>\nEn af Euromillions online fordele er, at den er \u00e5ben 24\/7, og kan spilles p\u00e5 ethvert tidspunkt af dagen.<\/p>\n<p>Du kan ogs\u00e5 foretage k\u00f8bet p\u00e5 en tilbagevendende basis for forskellige tr\u00e6kninger, uden at skulle justere til en given dag og lodtr\u00e6kning.<\/p>\n<p>I betragtning af arrang\u00f8rens tidsplan, vil k\u00f8bet og den tilsvarende Euromillions-billet blive valideret til n\u00e6ste lodtr\u00e6kning, hvis k\u00f8bet foretages uden for den maksimale tid, der er forudset for en lodtr\u00e6kning, men under samme betingelser.<\/p>\n<h2>Fordele ved at k\u00f8be Euromillions billetter online<\/h2>\n<p>For hver dag, der g\u00e5r, bliver fordelene ved at<a href=\"https:\/\/lottohoy.com\/da\/\"> spille online lotteri<\/a> mere tydelige, og det skyldes p\u00e5 den ene side forbrugernes tendens og nye vaner, og p\u00e5 den anden side den bekvemmelighed og fordele, som denne m\u00e5de letter.<\/p>\n<p>Det eneste krav er at have mindst den lovlige alder for at spille i dit bop\u00e6lsland. I de fleste lande er denne alder 18 eller 21 \u00e5r.<\/p>\n<p>Der er mange fordele ved at k\u00f8be Euromillions online. Her er nogle af dem:<\/p>\n<p>Sikkerhed i transaktioner: Det sikre k\u00f8b tilbydes via HTTPS:\/\/-protokollen, idet du husker, at &#8220;s&#8221; angiver, at det er et sikkert websted. Det er vigtigt at bekr\u00e6fte dette punkt.<\/p>\n<p>Forskellige betalingssystemer og refusioner med fuld tillid, tilg\u00e6ngelige n\u00e5r det passer dig.<\/p>\n<p>Du kan k\u00f8be lodsedler 24\/7 alle dage \u00e5ret rundt: Det vil ikke v\u00e6re n\u00f8dvendigt at v\u00e6re opm\u00e6rksom p\u00e5 \u00e5bnings- og lukketider for lotteriadministrationerne. N\u00e5r du spiller online, er dit vindue \u00e5bent 24 timer i d\u00f8gnet, alle dage hele \u00e5ret.<\/p>\n<p>Fra hvor som helst, uden k\u00f8er eller forskydninger: Du skal blot have en mobilenhed, en tablet eller desktop med internetforbindelse og hvor som helst. Der er ikke flere geografiske barrierer for at spille Euromillions.<\/p>\n<h2>Du mister aldrig din billet, den forbliver altid p\u00e5 din konto.<\/h2>\n<p>Du modtager straks de vundne pr\u00e6mier p\u00e5 din brugerkonto: Efter tr\u00e6kningen og n\u00e5r den tilsvarende kontrol er udf\u00f8rt, vil de vundne bel\u00f8b blive krediteret din brugerkonto.<\/p>\n<p>Bliv informeret om akkumulerede jackpots og ekstraordin\u00e6re tr\u00e6kninger: Enten via vores hjemmeside eller via e-mail. P\u00e5 denne m\u00e5de vil du p\u00e5 forh\u00e5nd kunne kende de vigtigste jackpots, og du vil kunne justere din indsats for at f\u00e5 en <a href=\"https:\/\/lottohoy.com\/da\/lotteri-jackpots\/\">super million\u00e6r jackpot.<\/a><\/p>\n<p>Hold dig orienteret om resultaterne af Euromillions-tr\u00e6kninger automatisk takket v\u00e6re vores e-mail-informationssystem.<\/p>\n","protected":false},"excerpt":{"rendered":"<p>Spil Euromillions online Euromillions er det lotteri, som de fleste spiller i Europa. Det er organiseret af de ni \u00a0organer, der er ansvarlige for lotterierne i: Spanien (Statslotteri og Gambling), Frankrig (La Fran\u00e7aise des Jeux) og Det Forenede Kongerige (National Lottery), som var de tre pionerer, som nogle m\u00e5neder senere fik f\u00f8lgeskab af: \u00d8strig, Belgien, [&hellip;]<\/p>\n","protected":false},"author":2,"featured_media":0,"parent":16579,"menu_order":3,"comment_status":"closed","ping_status":"closed","template":"euromillions-at.php","meta":{"_et_pb_use_builder":"","_et_pb_old_content":"","_et_gb_content_width":"","exclude_from_search":false,"footnotes":""},"class_list":["post-16628","page","type-page","status-publish","hentry"],"yoast_head":"<!-- This site is optimized with the Yoast SEO plugin v23.7 - https:\/\/yoast.com\/wordpress\/plugins\/seo\/ -->\n<title>\u25b7 Spil Euromillions nu | Online lotterikuponer - LottoHoy<\/title>\n<meta name=\"description\" content=\"Hos LottoHoy kan du k\u00f8be dine Euromillions billetter til den mest overkommelige pris. Spil Euromillions online p\u00e5 en 100 % sikker platform.\" \/>\n<meta name=\"robots\" content=\"index, follow, max-snippet:-1, max-image-preview:large, max-video-preview:-1\" \/>\n<link rel=\"canonical\" href=\"https:\/\/lottohoy.com\/da\/spil\/spil-euromillions\/\" \/>\n<meta property=\"og:locale\" content=\"da_DK\" \/>\n<meta property=\"og:type\" content=\"article\" \/>\n<meta property=\"og:title\" content=\"\u25b7 Spil Euromillions nu | Online lotterikuponer - LottoHoy\" \/>\n<meta property=\"og:description\" content=\"Hos LottoHoy kan du k\u00f8be dine Euromillions billetter til den mest overkommelige pris. Spil Euromillions online p\u00e5 en 100 % sikker platform.\" \/>\n<meta property=\"og:url\" content=\"https:\/\/lottohoy.com\/da\/spil\/spil-euromillions\/\" \/>\n<meta property=\"og:site_name\" content=\"Lottohoy\" \/>\n<meta property=\"article:modified_time\" content=\"2025-06-13T15:24:32+00:00\" \/>\n<meta name=\"twitter:card\" content=\"summary_large_image\" \/>\n<meta name=\"twitter:label1\" content=\"Estimeret l\u00e6setid\" \/>\n\t<meta name=\"twitter:data1\" content=\"7 minutter\" \/>\n<script type=\"application\/ld+json\" class=\"yoast-schema-graph\">{\"@context\":\"https:\/\/schema.org\",\"@graph\":[{\"@type\":\"WebPage\",\"@id\":\"https:\/\/lottohoy.com\/da\/spil\/spil-euromillions\/\",\"url\":\"https:\/\/lottohoy.com\/da\/spil\/spil-euromillions\/\",\"name\":\"\u25b7 Spil Euromillions nu | Online lotterikuponer - LottoHoy\",\"isPartOf\":{\"@id\":\"https:\/\/lottohoy.com\/da\/#website\"},\"datePublished\":\"2018-05-03T13:23:26+00:00\",\"dateModified\":\"2025-06-13T15:24:32+00:00\",\"description\":\"Hos LottoHoy kan du k\u00f8be dine Euromillions billetter til den mest overkommelige pris. Spil Euromillions online p\u00e5 en 100 % sikker platform.\",\"breadcrumb\":{\"@id\":\"https:\/\/lottohoy.com\/da\/spil\/spil-euromillions\/#breadcrumb\"},\"inLanguage\":\"da-DK\",\"potentialAction\":[{\"@type\":\"ReadAction\",\"target\":[\"https:\/\/lottohoy.com\/da\/spil\/spil-euromillions\/\"]}]},{\"@type\":\"BreadcrumbList\",\"@id\":\"https:\/\/lottohoy.com\/da\/spil\/spil-euromillions\/#breadcrumb\",\"itemListElement\":[{\"@type\":\"ListItem\",\"position\":1,\"name\":\"Home\",\"item\":\"https:\/\/lottohoy.com\/da\/\"},{\"@type\":\"ListItem\",\"position\":2,\"name\":\"Spil lotteri online\",\"item\":\"https:\/\/lottohoy.com\/da\/spil\/\"},{\"@type\":\"ListItem\",\"position\":3,\"name\":\"Spil EuroMillions\"}]},{\"@type\":\"WebSite\",\"@id\":\"https:\/\/lottohoy.com\/da\/#website\",\"url\":\"https:\/\/lottohoy.com\/da\/\",\"name\":\"Lottohoy\",\"description\":\"\",\"potentialAction\":[{\"@type\":\"SearchAction\",\"target\":{\"@type\":\"EntryPoint\",\"urlTemplate\":\"https:\/\/lottohoy.com\/da\/?s={search_term_string}\"},\"query-input\":{\"@type\":\"PropertyValueSpecification\",\"valueRequired\":true,\"valueName\":\"search_term_string\"}}],\"inLanguage\":\"da-DK\"}]}<\/script>\n<!-- \/ Yoast SEO plugin. -->","yoast_head_json":{"title":"\u25b7 Spil Euromillions nu | Online lotterikuponer - LottoHoy","description":"Hos LottoHoy kan du k\u00f8be dine Euromillions billetter til den mest overkommelige pris. Spil Euromillions online p\u00e5 en 100 % sikker platform.","robots":{"index":"index","follow":"follow","max-snippet":"max-snippet:-1","max-image-preview":"max-image-preview:large","max-video-preview":"max-video-preview:-1"},"canonical":"https:\/\/lottohoy.com\/da\/spil\/spil-euromillions\/","og_locale":"da_DK","og_type":"article","og_title":"\u25b7 Spil Euromillions nu | Online lotterikuponer - LottoHoy","og_description":"Hos LottoHoy kan du k\u00f8be dine Euromillions billetter til den mest overkommelige pris. Spil Euromillions online p\u00e5 en 100 % sikker platform.","og_url":"https:\/\/lottohoy.com\/da\/spil\/spil-euromillions\/","og_site_name":"Lottohoy","article_modified_time":"2025-06-13T15:24:32+00:00","twitter_card":"summary_large_image","twitter_misc":{"Estimeret l\u00e6setid":"7 minutter"},"schema":{"@context":"https:\/\/schema.org","@graph":[{"@type":"WebPage","@id":"https:\/\/lottohoy.com\/da\/spil\/spil-euromillions\/","url":"https:\/\/lottohoy.com\/da\/spil\/spil-euromillions\/","name":"\u25b7 Spil Euromillions nu | Online lotterikuponer - LottoHoy","isPartOf":{"@id":"https:\/\/lottohoy.com\/da\/#website"},"datePublished":"2018-05-03T13:23:26+00:00","dateModified":"2025-06-13T15:24:32+00:00","description":"Hos LottoHoy kan du k\u00f8be dine Euromillions billetter til den mest overkommelige pris. Spil Euromillions online p\u00e5 en 100 % sikker platform.","breadcrumb":{"@id":"https:\/\/lottohoy.com\/da\/spil\/spil-euromillions\/#breadcrumb"},"inLanguage":"da-DK","potentialAction":[{"@type":"ReadAction","target":["https:\/\/lottohoy.com\/da\/spil\/spil-euromillions\/"]}]},{"@type":"BreadcrumbList","@id":"https:\/\/lottohoy.com\/da\/spil\/spil-euromillions\/#breadcrumb","itemListElement":[{"@type":"ListItem","position":1,"name":"Home","item":"https:\/\/lottohoy.com\/da\/"},{"@type":"ListItem","position":2,"name":"Spil lotteri online","item":"https:\/\/lottohoy.com\/da\/spil\/"},{"@type":"ListItem","position":3,"name":"Spil EuroMillions"}]},{"@type":"WebSite","@id":"https:\/\/lottohoy.com\/da\/#website","url":"https:\/\/lottohoy.com\/da\/","name":"Lottohoy","description":"","potentialAction":[{"@type":"SearchAction","target":{"@type":"EntryPoint","urlTemplate":"https:\/\/lottohoy.com\/da\/?s={search_term_string}"},"query-input":{"@type":"PropertyValueSpecification","valueRequired":true,"valueName":"search_term_string"}}],"inLanguage":"da-DK"}]}},"_links":{"self":[{"href":"https:\/\/lottohoy.com\/da\/wp-json\/wp\/v2\/pages\/16628","targetHints":{"allow":["GET"]}}],"collection":[{"href":"https:\/\/lottohoy.com\/da\/wp-json\/wp\/v2\/pages"}],"about":[{"href":"https:\/\/lottohoy.com\/da\/wp-json\/wp\/v2\/types\/page"}],"author":[{"embeddable":true,"href":"https:\/\/lottohoy.com\/da\/wp-json\/wp\/v2\/users\/2"}],"replies":[{"embeddable":true,"href":"https:\/\/lottohoy.com\/da\/wp-json\/wp\/v2\/comments?post=16628"}],"version-history":[{"count":3,"href":"https:\/\/lottohoy.com\/da\/wp-json\/wp\/v2\/pages\/16628\/revisions"}],"predecessor-version":[{"id":20497,"href":"https:\/\/lottohoy.com\/da\/wp-json\/wp\/v2\/pages\/16628\/revisions\/20497"}],"up":[{"embeddable":true,"href":"https:\/\/lottohoy.com\/da\/wp-json\/wp\/v2\/pages\/16579"}],"wp:attachment":[{"href":"https:\/\/lottohoy.com\/da\/wp-json\/wp\/v2\/media?parent=16628"}],"curies":[{"name":"wp","href":"https:\/\/api.w.org\/{rel}","templated":true}]}}