{"id":16622,"date":"2018-05-03T14:23:26","date_gmt":"2018-05-03T13:23:26","guid":{"rendered":"https:\/\/lottohoy.com\/spil\/spil-mega-millions\/"},"modified":"2025-05-27T16:44:27","modified_gmt":"2025-05-27T15:44:27","slug":"spil-mega-millions","status":"publish","type":"page","link":"https:\/\/lottohoy.com\/da\/spil\/spil-mega-millions\/","title":{"rendered":"Spil Mega Millions"},"content":{"rendered":"<h1 data-start=\"166\" data-end=\"197\"><strong data-start=\"168\" data-end=\"197\">Spil Mega Millions online<\/strong><\/h1>\n<p data-start=\"199\" data-end=\"454\">Lottoen <strong data-start=\"207\" data-end=\"224\">Mega Millions<\/strong>, sammen med <a href=\"https:\/\/lottohoy.com\/da\/spil\/powerball\/\"><strong data-start=\"237\" data-end=\"250\">Powerball<\/strong><\/a>, er en af de lotterier, der uddeler de st\u00f8rste pr\u00e6mier til vindere i f\u00f8rste kategori. Og nu, med det nye opdaterede spilsystem, kan gevinsterne i de lavere kategorier ogs\u00e5 blive <strong data-start=\"429\" data-end=\"453\">eksponentielt st\u00f8rre<\/strong>.<\/p>\n<p data-start=\"456\" data-end=\"660\">I denne nye fase har alle kuponer automatisk en <strong data-start=\"504\" data-end=\"521\">multiplikator<\/strong>, som tilf\u00e6ldigt v\u00e6lges af systemet. Det betyder, at pr\u00e6mier (undtagen jackpotten) kan blive ganget med <strong data-start=\"625\" data-end=\"659\">x2, x3, x4, x5 eller endda x10<\/strong>.<\/p>\n<p data-start=\"662\" data-end=\"913\">Via <strong data-start=\"666\" data-end=\"722\"><a class=\"\" href=\"https:\/\/lottohoy.com\/da\/spil\/\" target=\"_new\" rel=\"noopener\" data-start=\"668\" data-end=\"720\">LottoHoy<\/a><\/strong> kan du spille online og drage fordel af deres fordele: <strong data-start=\"778\" data-end=\"801\">sikre transaktioner<\/strong>, <strong data-start=\"803\" data-end=\"838\">hurtig og effektiv kundesupport<\/strong>, og det bedste af det hele \u2013 <strong data-start=\"868\" data-end=\"898\">du beh\u00f8ver ikke v\u00e6re i USA<\/strong> for at spille.<\/p>\n<p data-start=\"915\" data-end=\"1115\">At spille Mega Millions er meget enkelt: v\u00e6lg <strong data-start=\"961\" data-end=\"985\">5 tal mellem 1 og 70<\/strong> og \u00e9t s\u00e6rligt tal kaldet <strong data-start=\"1011\" data-end=\"1024\">Mega Ball<\/strong> mellem 1 og 25. Du beh\u00f8ver blot internetadgang og en enhed \u2013 mobil, tablet eller computer.<\/p>\n<p data-start=\"1117\" data-end=\"1216\">Prisen for en enkel indsats er <strong data-start=\"1148\" data-end=\"1159\">11 EURO<\/strong> (bel\u00f8bet kan variere afh\u00e6ngigt af USD\/EUR valutakursen).<\/p>\n<p data-start=\"1218\" data-end=\"1348\">Det vigtigste er, at <strong data-start=\"1239\" data-end=\"1272\">gevinster op til ca. $\/\u20ac2.500<\/strong> automatisk bliver <strong data-start=\"1291\" data-end=\"1320\">indsat p\u00e5 brugerens konto<\/strong>, og er straks tilg\u00e6ngelige.<\/p>\n<h2 data-start=\"1355\" data-end=\"1385\"><strong data-start=\"1358\" data-end=\"1385\">Mega Millions gevinster<\/strong><\/h2>\n<p data-start=\"1387\" data-end=\"1542\">Startpr\u00e6mien for jackpot-vindere i Mega Millions (5 tal + Mega Ball) er minimum <strong data-start=\"1467\" data-end=\"1491\">20 millioner dollars<\/strong>. Den aktuelle jackpot er <strong data-start=\"1517\" data-end=\"1541\">50 millioner dollars<\/strong>.<\/p>\n<p data-start=\"1544\" data-end=\"1711\">Bel\u00f8bet stiger afh\u00e6ngigt af, hvor mange penge der samles ind til tr\u00e6kningen. Hvis der ikke er nogen vinder i f\u00f8rste kategori, <strong data-start=\"1670\" data-end=\"1710\">overf\u00f8res bel\u00f8bet til n\u00e6ste tr\u00e6kning<\/strong>.<\/p>\n<p data-start=\"1713\" data-end=\"1835\">I mods\u00e6tning til andre lotterier har Mega Millions <strong data-start=\"1764\" data-end=\"1790\">ingen maksimum jackpot<\/strong>, s\u00e5 bel\u00f8bene kan n\u00e5 <strong data-start=\"1811\" data-end=\"1834\">astronomiske h\u00f8jder<\/strong>.<\/p>\n<p data-start=\"1837\" data-end=\"1933\">Ud over jackpotten har Mega Millions <strong data-start=\"1874\" data-end=\"1903\">8 faste gevinstkategorier<\/strong> med pr\u00e6cist definerede bel\u00f8b.<\/p>\n<div class=\"_tableContainer_16hzy_1\">\n<div class=\"_tableWrapper_16hzy_14 group flex w-fit flex-col-reverse\">\n<table class=\"w-fit min-w-(--thread-content-width)\" style=\"width: 243px\" data-start=\"1977\" data-end=\"2458\">\n<thead data-start=\"1977\" data-end=\"2019\">\n<tr data-start=\"1977\" data-end=\"2019\">\n<th style=\"width: 59.6406px\" data-start=\"1977\" data-end=\"1988\" data-col-size=\"sm\">Kategori<\/th>\n<th style=\"width: 64.125px\" data-start=\"1988\" data-end=\"2002\" data-col-size=\"sm\">Rigtige tal<\/th>\n<th style=\"width: 97.2344px\" data-start=\"2002\" data-end=\"2019\" data-col-size=\"sm\">Gevinst<\/th>\n<\/tr>\n<\/thead>\n<tbody data-start=\"2063\" data-end=\"2458\">\n<tr data-start=\"2063\" data-end=\"2106\">\n<td style=\"width: 59.6406px\" data-start=\"2063\" data-end=\"2074\" data-col-size=\"sm\">I<\/td>\n<td style=\"width: 64.125px\" data-col-size=\"sm\" data-start=\"2074\" data-end=\"2088\">5 + 1<\/td>\n<td style=\"width: 97.2344px\" data-col-size=\"sm\" data-start=\"2088\" data-end=\"2106\">Jackpot<\/td>\n<\/tr>\n<tr data-start=\"2107\" data-end=\"2150\">\n<td style=\"width: 59.6406px\" data-start=\"2107\" data-end=\"2118\" data-col-size=\"sm\">II<\/td>\n<td style=\"width: 64.125px\" data-col-size=\"sm\" data-start=\"2118\" data-end=\"2132\">5 + 0<\/td>\n<td style=\"width: 97.2344px\" data-col-size=\"sm\" data-start=\"2132\" data-end=\"2150\">$1.000.000<\/td>\n<\/tr>\n<tr data-start=\"2151\" data-end=\"2194\">\n<td style=\"width: 59.6406px\" data-start=\"2151\" data-end=\"2162\" data-col-size=\"sm\">III<\/td>\n<td style=\"width: 64.125px\" data-col-size=\"sm\" data-start=\"2162\" data-end=\"2176\">4 + 1<\/td>\n<td style=\"width: 97.2344px\" data-col-size=\"sm\" data-start=\"2176\" data-end=\"2194\">$10.000<\/td>\n<\/tr>\n<tr data-start=\"2195\" data-end=\"2238\">\n<td style=\"width: 59.6406px\" data-start=\"2195\" data-end=\"2206\" data-col-size=\"sm\">IV<\/td>\n<td style=\"width: 64.125px\" data-col-size=\"sm\" data-start=\"2206\" data-end=\"2220\">4 + 0<\/td>\n<td style=\"width: 97.2344px\" data-col-size=\"sm\" data-start=\"2220\" data-end=\"2238\">$500<\/td>\n<\/tr>\n<tr data-start=\"2239\" data-end=\"2282\">\n<td style=\"width: 59.6406px\" data-start=\"2239\" data-end=\"2250\" data-col-size=\"sm\">V<\/td>\n<td style=\"width: 64.125px\" data-col-size=\"sm\" data-start=\"2250\" data-end=\"2264\">3 + 1<\/td>\n<td style=\"width: 97.2344px\" data-col-size=\"sm\" data-start=\"2264\" data-end=\"2282\">$200<\/td>\n<\/tr>\n<tr data-start=\"2283\" data-end=\"2326\">\n<td style=\"width: 59.6406px\" data-start=\"2283\" data-end=\"2294\" data-col-size=\"sm\">VI<\/td>\n<td style=\"width: 64.125px\" data-col-size=\"sm\" data-start=\"2294\" data-end=\"2308\">3 + 0<\/td>\n<td style=\"width: 97.2344px\" data-col-size=\"sm\" data-start=\"2308\" data-end=\"2326\">$10<\/td>\n<\/tr>\n<tr data-start=\"2327\" data-end=\"2370\">\n<td style=\"width: 59.6406px\" data-start=\"2327\" data-end=\"2338\" data-col-size=\"sm\">VII<\/td>\n<td style=\"width: 64.125px\" data-col-size=\"sm\" data-start=\"2338\" data-end=\"2352\">2 + 1<\/td>\n<td style=\"width: 97.2344px\" data-col-size=\"sm\" data-start=\"2352\" data-end=\"2370\">$10<\/td>\n<\/tr>\n<tr data-start=\"2371\" data-end=\"2414\">\n<td style=\"width: 59.6406px\" data-start=\"2371\" data-end=\"2382\" data-col-size=\"sm\">VIII<\/td>\n<td style=\"width: 64.125px\" data-col-size=\"sm\" data-start=\"2382\" data-end=\"2396\">1 + 1<\/td>\n<td style=\"width: 97.2344px\" data-col-size=\"sm\" data-start=\"2396\" data-end=\"2414\">$7<\/td>\n<\/tr>\n<tr data-start=\"2415\" data-end=\"2458\">\n<td style=\"width: 59.6406px\" data-start=\"2415\" data-end=\"2426\" data-col-size=\"sm\">IX<\/td>\n<td style=\"width: 64.125px\" data-col-size=\"sm\" data-start=\"2426\" data-end=\"2440\">0 + 1<\/td>\n<td style=\"width: 97.2344px\" data-col-size=\"sm\" data-start=\"2440\" data-end=\"2458\">$5<\/td>\n<\/tr>\n<\/tbody>\n<\/table>\n<div class=\"sticky end-(--thread-content-margin) h-0 self-end select-none\">\n<div class=\"absolute end-0 flex items-end\"><\/div>\n<\/div>\n<\/div>\n<\/div>\n<p data-start=\"2460\" data-end=\"2642\">Og nu, fra <strong data-start=\"2471\" data-end=\"2485\">april 2025<\/strong>, anvendes der en <strong data-start=\"2503\" data-end=\"2531\">automatisk multiplikator<\/strong> p\u00e5 hver kupon, hvilket betyder, at kategorier <strong data-start=\"2578\" data-end=\"2591\">II til IX<\/strong> kan blive ganget med <strong data-start=\"2613\" data-end=\"2641\">x2, x3, x4, x5 eller x10<\/strong>.<\/p>\n<p data-start=\"2644\" data-end=\"2762\">For eksempel, en pr\u00e6mie i anden kategori p\u00e5 <strong data-start=\"2688\" data-end=\"2702\">$1.000.000<\/strong> kan med en <strong data-start=\"2714\" data-end=\"2735\">x10 multiplikator<\/strong> blive til <strong data-start=\"2746\" data-end=\"2761\">$10.000.000<\/strong>.<\/p>\n<p data-start=\"2764\" data-end=\"2843\">Eller en gevinst i kategori IV p\u00e5 $500 kan stige til $1.000 eller endda $5.000.<\/p>\n<h2 data-start=\"2850\" data-end=\"2888\"><strong data-start=\"2853\" data-end=\"2888\">Millionjackpots i Mega Millions<\/strong><\/h2>\n<p data-start=\"2890\" data-end=\"3051\">Som n\u00e6vnt, hvis ingen vinder jackpotten, <strong data-start=\"2931\" data-end=\"2979\">overf\u00f8res den til n\u00e6ste tr\u00e6kning uden gr\u00e6nse<\/strong>. Det har f\u00f8rt til nogle ekstremt store pr\u00e6mier. Her er nogle eksempler:<\/p>\n<ul data-start=\"3053\" data-end=\"3373\">\n<li data-start=\"3053\" data-end=\"3106\">\n<p data-start=\"3055\" data-end=\"3106\">$1,602 milliarder (Mega Millions): 9. august 2023<\/p>\n<\/li>\n<li data-start=\"3107\" data-end=\"3179\">\n<p data-start=\"3109\" data-end=\"3179\">$1,537 milliarder (Mega Millions): 23. oktober 2018 \u2013 South Carolina<\/p>\n<\/li>\n<li data-start=\"3180\" data-end=\"3242\">\n<p data-start=\"3182\" data-end=\"3242\">$1,348 milliarder (Mega Millions): 13. januar 2023 \u2013 Maine<\/p>\n<\/li>\n<li data-start=\"3243\" data-end=\"3306\">\n<p data-start=\"3245\" data-end=\"3306\">$1,337 milliarder (Mega Millions): 29. juli 2022 \u2013 Illinois<\/p>\n<\/li>\n<li data-start=\"3307\" data-end=\"3373\">\n<p data-start=\"3309\" data-end=\"3373\">$1,250 milliarder (Mega Millions): tr\u00e6kning den 4. august 2023<\/p>\n<\/li>\n<\/ul>\n<p data-start=\"3375\" data-end=\"3475\">Du kan se alle <a href=\"https:\/\/lottohoy.com\/da\/resultater-af-lotterier\/mega-millions-resultater\/\"><strong data-start=\"3390\" data-end=\"3418\">Mega Millions resultater<\/strong><\/a> her:<\/p>\n<h2 data-start=\"3482\" data-end=\"3519\"><strong data-start=\"3485\" data-end=\"3519\">Hvorn\u00e5r tr\u00e6kkes Mega Millions?<\/strong><\/h2>\n<p data-start=\"3521\" data-end=\"3619\">Mega Millions tr\u00e6kkes hver <strong data-start=\"3548\" data-end=\"3595\">tirsdag og fredag kl. 23:00 EST (03:00 GMT)<\/strong> i <strong data-start=\"3598\" data-end=\"3618\">Atlanta, Georgia<\/strong>.<\/p>\n<p data-start=\"3621\" data-end=\"3743\">Normalt lukker salget \u00e9n time f\u00f8r tr\u00e6kningen, men hvis du spiller online, b\u00f8r du tjekke tidsfristen direkte p\u00e5 platformen.<\/p>\n<h2 data-start=\"3750\" data-end=\"3783\"><strong data-start=\"3753\" data-end=\"3783\">Hvad koster Mega Millions?<\/strong><\/h2>\n<p data-start=\"3785\" data-end=\"3942\">P\u00e5 vores platform starter prisen for en Mega Millions-indsats fra <strong data-start=\"3851\" data-end=\"3858\">\u20ac11<\/strong>, hvilket giver dig muligheden for at vinde jackpots p\u00e5 <strong data-start=\"3914\" data-end=\"3941\">flere millioner dollars<\/strong>.<\/p>\n<p data-start=\"3944\" data-end=\"4109\">Bel\u00f8bet kan variere afh\u00e6ngigt af <strong data-start=\"3977\" data-end=\"4001\">USD\/EUR valutakursen<\/strong> og antallet af valgte linjer. Du kan tilf\u00f8je s\u00e5 mange linjer, du vil, og dermed <strong data-start=\"4082\" data-end=\"4108\">\u00f8ge dine vinderchancer<\/strong>.<\/p>\n<p data-start=\"4111\" data-end=\"4300\">For at k\u00f8be din Mega Millions-kupon skal du blot registrere dig p\u00e5 <strong data-start=\"4178\" data-end=\"4254\"><a class=\"\" href=\"https:\/\/lottohoy.com\/da\/registrering\/\" target=\"_new\" rel=\"noopener\" data-start=\"4180\" data-end=\"4252\">LottoHoy<\/a><\/strong> og v\u00e6lge dine yndlingstal. Hvad venter du p\u00e5?<\/p>\n","protected":false},"excerpt":{"rendered":"<p>Spil Mega Millions online Lottoen Mega Millions, sammen med Powerball, er en af de lotterier, der uddeler de st\u00f8rste pr\u00e6mier til vindere i f\u00f8rste kategori. Og nu, med det nye opdaterede spilsystem, kan gevinsterne i de lavere kategorier ogs\u00e5 blive eksponentielt st\u00f8rre. I denne nye fase har alle kuponer automatisk en multiplikator, som tilf\u00e6ldigt v\u00e6lges [&hellip;]<\/p>\n","protected":false},"author":2,"featured_media":0,"parent":16579,"menu_order":2,"comment_status":"closed","ping_status":"closed","template":"megamillion.php","meta":{"_et_pb_use_builder":"","_et_pb_old_content":"","_et_gb_content_width":"","exclude_from_search":false,"footnotes":""},"class_list":["post-16622","page","type-page","status-publish","hentry"],"yoast_head":"<!-- This site is optimized with the Yoast SEO plugin v23.7 - https:\/\/yoast.com\/wordpress\/plugins\/seo\/ -->\n<title>Spil Mega Millions Online - Nemt og 100 % sikkert - Lottohoy<\/title>\n<meta name=\"description\" content=\"MegaMillions er lotteriet, der tilbyder nogle af de st\u00f8rste pr\u00e6mier. Hos LottoHoy kan du spille Megamillions online og vinde stort. Pr\u00f8v det nu!\" \/>\n<meta name=\"robots\" content=\"index, follow, max-snippet:-1, max-image-preview:large, max-video-preview:-1\" \/>\n<link rel=\"canonical\" href=\"https:\/\/lottohoy.com\/da\/spil\/spil-mega-millions\/\" \/>\n<meta property=\"og:locale\" content=\"da_DK\" \/>\n<meta property=\"og:type\" content=\"article\" \/>\n<meta property=\"og:title\" content=\"Spil Mega Millions Online - Nemt og 100 % sikkert - Lottohoy\" \/>\n<meta property=\"og:description\" content=\"MegaMillions er lotteriet, der tilbyder nogle af de st\u00f8rste pr\u00e6mier. Hos LottoHoy kan du spille Megamillions online og vinde stort. Pr\u00f8v det nu!\" \/>\n<meta property=\"og:url\" content=\"https:\/\/lottohoy.com\/da\/spil\/spil-mega-millions\/\" \/>\n<meta property=\"og:site_name\" content=\"Lottohoy\" \/>\n<meta property=\"article:modified_time\" content=\"2025-05-27T15:44:27+00:00\" \/>\n<meta name=\"twitter:card\" content=\"summary_large_image\" \/>\n<meta name=\"twitter:label1\" content=\"Estimeret l\u00e6setid\" \/>\n\t<meta name=\"twitter:data1\" content=\"3 minutter\" \/>\n<script type=\"application\/ld+json\" class=\"yoast-schema-graph\">{\"@context\":\"https:\/\/schema.org\",\"@graph\":[{\"@type\":\"WebPage\",\"@id\":\"https:\/\/lottohoy.com\/da\/spil\/spil-mega-millions\/\",\"url\":\"https:\/\/lottohoy.com\/da\/spil\/spil-mega-millions\/\",\"name\":\"Spil Mega Millions Online - Nemt og 100 % sikkert - Lottohoy\",\"isPartOf\":{\"@id\":\"https:\/\/lottohoy.com\/da\/#website\"},\"datePublished\":\"2018-05-03T13:23:26+00:00\",\"dateModified\":\"2025-05-27T15:44:27+00:00\",\"description\":\"MegaMillions er lotteriet, der tilbyder nogle af de st\u00f8rste pr\u00e6mier. Hos LottoHoy kan du spille Megamillions online og vinde stort. Pr\u00f8v det nu!\",\"breadcrumb\":{\"@id\":\"https:\/\/lottohoy.com\/da\/spil\/spil-mega-millions\/#breadcrumb\"},\"inLanguage\":\"da-DK\",\"potentialAction\":[{\"@type\":\"ReadAction\",\"target\":[\"https:\/\/lottohoy.com\/da\/spil\/spil-mega-millions\/\"]}]},{\"@type\":\"BreadcrumbList\",\"@id\":\"https:\/\/lottohoy.com\/da\/spil\/spil-mega-millions\/#breadcrumb\",\"itemListElement\":[{\"@type\":\"ListItem\",\"position\":1,\"name\":\"Home\",\"item\":\"https:\/\/lottohoy.com\/da\/\"},{\"@type\":\"ListItem\",\"position\":2,\"name\":\"Spil lotteri online\",\"item\":\"https:\/\/lottohoy.com\/da\/spil\/\"},{\"@type\":\"ListItem\",\"position\":3,\"name\":\"Spil Mega Millions\"}]},{\"@type\":\"WebSite\",\"@id\":\"https:\/\/lottohoy.com\/da\/#website\",\"url\":\"https:\/\/lottohoy.com\/da\/\",\"name\":\"Lottohoy\",\"description\":\"\",\"potentialAction\":[{\"@type\":\"SearchAction\",\"target\":{\"@type\":\"EntryPoint\",\"urlTemplate\":\"https:\/\/lottohoy.com\/da\/?s={search_term_string}\"},\"query-input\":{\"@type\":\"PropertyValueSpecification\",\"valueRequired\":true,\"valueName\":\"search_term_string\"}}],\"inLanguage\":\"da-DK\"}]}<\/script>\n<!-- \/ Yoast SEO plugin. -->","yoast_head_json":{"title":"Spil Mega Millions Online - Nemt og 100 % sikkert - Lottohoy","description":"MegaMillions er lotteriet, der tilbyder nogle af de st\u00f8rste pr\u00e6mier. Hos LottoHoy kan du spille Megamillions online og vinde stort. Pr\u00f8v det nu!","robots":{"index":"index","follow":"follow","max-snippet":"max-snippet:-1","max-image-preview":"max-image-preview:large","max-video-preview":"max-video-preview:-1"},"canonical":"https:\/\/lottohoy.com\/da\/spil\/spil-mega-millions\/","og_locale":"da_DK","og_type":"article","og_title":"Spil Mega Millions Online - Nemt og 100 % sikkert - Lottohoy","og_description":"MegaMillions er lotteriet, der tilbyder nogle af de st\u00f8rste pr\u00e6mier. Hos LottoHoy kan du spille Megamillions online og vinde stort. Pr\u00f8v det nu!","og_url":"https:\/\/lottohoy.com\/da\/spil\/spil-mega-millions\/","og_site_name":"Lottohoy","article_modified_time":"2025-05-27T15:44:27+00:00","twitter_card":"summary_large_image","twitter_misc":{"Estimeret l\u00e6setid":"3 minutter"},"schema":{"@context":"https:\/\/schema.org","@graph":[{"@type":"WebPage","@id":"https:\/\/lottohoy.com\/da\/spil\/spil-mega-millions\/","url":"https:\/\/lottohoy.com\/da\/spil\/spil-mega-millions\/","name":"Spil Mega Millions Online - Nemt og 100 % sikkert - Lottohoy","isPartOf":{"@id":"https:\/\/lottohoy.com\/da\/#website"},"datePublished":"2018-05-03T13:23:26+00:00","dateModified":"2025-05-27T15:44:27+00:00","description":"MegaMillions er lotteriet, der tilbyder nogle af de st\u00f8rste pr\u00e6mier. Hos LottoHoy kan du spille Megamillions online og vinde stort. Pr\u00f8v det nu!","breadcrumb":{"@id":"https:\/\/lottohoy.com\/da\/spil\/spil-mega-millions\/#breadcrumb"},"inLanguage":"da-DK","potentialAction":[{"@type":"ReadAction","target":["https:\/\/lottohoy.com\/da\/spil\/spil-mega-millions\/"]}]},{"@type":"BreadcrumbList","@id":"https:\/\/lottohoy.com\/da\/spil\/spil-mega-millions\/#breadcrumb","itemListElement":[{"@type":"ListItem","position":1,"name":"Home","item":"https:\/\/lottohoy.com\/da\/"},{"@type":"ListItem","position":2,"name":"Spil lotteri online","item":"https:\/\/lottohoy.com\/da\/spil\/"},{"@type":"ListItem","position":3,"name":"Spil Mega Millions"}]},{"@type":"WebSite","@id":"https:\/\/lottohoy.com\/da\/#website","url":"https:\/\/lottohoy.com\/da\/","name":"Lottohoy","description":"","potentialAction":[{"@type":"SearchAction","target":{"@type":"EntryPoint","urlTemplate":"https:\/\/lottohoy.com\/da\/?s={search_term_string}"},"query-input":{"@type":"PropertyValueSpecification","valueRequired":true,"valueName":"search_term_string"}}],"inLanguage":"da-DK"}]}},"_links":{"self":[{"href":"https:\/\/lottohoy.com\/da\/wp-json\/wp\/v2\/pages\/16622","targetHints":{"allow":["GET"]}}],"collection":[{"href":"https:\/\/lottohoy.com\/da\/wp-json\/wp\/v2\/pages"}],"about":[{"href":"https:\/\/lottohoy.com\/da\/wp-json\/wp\/v2\/types\/page"}],"author":[{"embeddable":true,"href":"https:\/\/lottohoy.com\/da\/wp-json\/wp\/v2\/users\/2"}],"replies":[{"embeddable":true,"href":"https:\/\/lottohoy.com\/da\/wp-json\/wp\/v2\/comments?post=16622"}],"version-history":[{"count":6,"href":"https:\/\/lottohoy.com\/da\/wp-json\/wp\/v2\/pages\/16622\/revisions"}],"predecessor-version":[{"id":19913,"href":"https:\/\/lottohoy.com\/da\/wp-json\/wp\/v2\/pages\/16622\/revisions\/19913"}],"up":[{"embeddable":true,"href":"https:\/\/lottohoy.com\/da\/wp-json\/wp\/v2\/pages\/16579"}],"wp:attachment":[{"href":"https:\/\/lottohoy.com\/da\/wp-json\/wp\/v2\/media?parent=16622"}],"curies":[{"name":"wp","href":"https:\/\/api.w.org\/{rel}","templated":true}]}}