{"id":16617,"date":"2018-05-03T14:23:27","date_gmt":"2018-05-03T13:23:27","guid":{"rendered":"https:\/\/lottohoy.com\/?page_id=16617"},"modified":"2025-04-08T11:32:36","modified_gmt":"2025-04-08T10:32:36","slug":"powerball","status":"publish","type":"page","link":"https:\/\/lottohoy.com\/da\/spil\/powerball\/","title":{"rendered":"Spil Powerball"},"content":{"rendered":"<h2>S\u00e5dan spiller du Powerball<\/h2>\n<p>At spille Powerball-lotto er virkelig simpelt, du beh\u00f8ver kun at v\u00e6lge fem tal mellem 1 og 69, og derefter et ekstra tal (kaldet Powerball) mellem 1 og 26.<\/p>\n<p>Men lad os g\u00e5 i detaljer; den f\u00f8rste ting du skal g\u00f8re er at \u00e5bne en konto hos LottoHoy. N\u00e5r du er registreret, kan du k\u00f8be dine officielle lotterisedler online ved at f\u00f8lge disse instruktioner:<\/p>\n<p>I spilafsnittet er der en linje eller r\u00e6kke sammensat af 5 kolonner. Hver af disse kolonner er en Powerball-billet.<br \/>\nEn enkeltbillet koster kun\u00a03,50 EURO, hvilket er en af \u200b\u200bde bedste priser, du finder online. (Dette bel\u00f8b kan variere afh\u00e6ngigt af valutakursen p\u00e5 dollaren i forhold til euroen.<br \/>\n\u00d8verst i kolonnen skal du v\u00e6lge fem tal\u00a0fra felterne nummereret fra 1 til 69.<br \/>\nI den nederste del af den n\u00e6vnte tabel er der yderligere 26 numre, hvoraf vi skal v\u00e6lge et. Dette nummer er Powerball.<\/p>\n<p>Hvis du foretr\u00e6kker det, kan du ogs\u00e5 bruge\u00a0Quick Pick-mulighederne, s\u00e5 kombinationen v\u00e6lges tilf\u00e6ldigt af systemet selv.<\/p>\n<p>Husk, at hvis du vil k\u00f8be mere end fem billetter ad gangen, kan du tilf\u00f8je alle de r\u00e6kker, du skal bruge, ved at klikke p\u00e5 knappen &#8220;Flere linjer&#8221;. Husk, at jo flere numre du spiller, jo st\u00f8rre sandsynlighed har du for at vinde jackpotten.<\/p>\n<h2>Powerball draw dage<\/h2>\n<p>USA Powerball-lodtr\u00e6kningerne afholdes hver onsdag og l\u00f8rdag kl. 22:59 ET-tid (torsdag og s\u00f8ndag kl. 4:59 CET). Billetsalget holder \u00e5bent indtil 3 timer f\u00f8r lodtr\u00e6kningen starter.<\/p>\n<p>Lige efter lodtr\u00e6kningen er afsluttet, vil du v\u00e6re i stand til at tjekke de officielle Powerball-resultater\u00a0og modtage dine gevinster direkte p\u00e5 din spillerkonto.<\/p>\n<h2>Hvor meget er Powerball jackpotten?<\/h2>\n<p>Powerball-jackpotten opdateres lige efter hver tr\u00e6kning, og du kan til enhver tid tjekke den p\u00e5 vores hjemmeside.<\/p>\n<p>Minimumsjackpotten for Powerball er\u00a0$40.000.000, hvilket er langt st\u00f8rre end den maksimale jackpot p\u00e5 andre lotterier.<\/p>\n<p>Hvis der efter lodtr\u00e6kningen ikke er nogen vindere p\u00e5 den f\u00f8rste kategori eller toppr\u00e6mien, vil jackpotbel\u00f8bet rulle over til n\u00e6ste tr\u00e6kning. Da der ikke er nogen maksimal jackpot, er det ret ofte at se en ny rekord jackpot<\/p>\n<p>Niveau #x + x pr\u00e6mie<br \/>\nI 5+1 Jackpot<br \/>\nII 5+0 1.000.000$<br \/>\nIII 4+1 50.000$<br \/>\nIV 4+0 100$<br \/>\nV 3+1 100$<br \/>\nVI 3+0 7$<br \/>\nVII 2+1 7$<br \/>\nVIII 1+1 4$<br \/>\nIX 0+1 4$<\/p>\n<p>Den estimerede jackpot-pr\u00e6mie er det eneste bel\u00f8b, der ruller over, de andre Powerball-pr\u00e6mier har et fast bel\u00f8b.<\/p>\n<h2>S\u00e5dan vinder du Powerball-lotteriet<\/h2>\n<p>Der er ingen metoder, der kan garantere en sejr, men du kan f\u00f8lge nogle enkle trin, der kan hj\u00e6lpe dig med at \u00f8ge dine chancer for at blive en af \u200b\u200bPowerball-vinderne:<\/p>\n<p>Bland\u00a0lave og h\u00f8je tal.<br \/>\nBrug ikke datoer\u00a0som tal. Mange mennesker g\u00f8r dette.<br \/>\nUnders\u00f8g, hvilke numre der hyppigst forekommer p\u00e5 vores\u00a0PowerBall-resultatside.<br \/>\nBalance mellem ulige og lige tal.<br \/>\nUndg\u00e5 kombinationer, der allerede er\u00a0valgt.<br \/>\nBrug muligheden for hurtig valg.<\/p>\n<p>Spil s\u00e5 mange billetter som muligt for at \u00f8ge dine odds for at vinde hver onsdag og l\u00f8rdag.<\/p>\n<h2>K\u00f8b Powerball online<\/h2>\n<p>Du kan k\u00f8be Powerball-kuponer p\u00e5 LottoHoy.com, vi er en lotterioperat\u00f8r. En enkelt Powerball-billet koster 3,95\u20ac, og alle billetter k\u00f8bes gennem officielle agenter i autoriserede virksomheder.<\/p>\n<h2>At k\u00f8be Powerball online\u00a0har mange fordele sammenlignet med det fysiske k\u00f8b:<\/h2>\n<p>Det er ikke n\u00f8dvendigt at rejse til virksomheden.<br \/>\nDu beh\u00f8ver ikke bekymre dig om \u00e5bnings- og lukketider. Den er \u00e5ben 24 timer i d\u00f8gnet og 7 dage om ugen.<br \/>\nSikkerhed for at holde\u00a0din billet sikker\u00a0s\u00e5 den ikke g\u00e5r tabt eller glemmes.<br \/>\nDu kan f\u00e5 din\u00a0Powerball-billet\u00a0fra ethvert land, blot ved at have en internetforbindelse og enten med mobil, tablet eller computer.<br \/>\nPr\u00e6mier udbetales direkte til din spillerkonto.<br \/>\nDu kan have tilf\u00e6ldige kombinationer ved at bruge det hurtige valg.<\/p>\n<p>At spille\u00a0Powerball online kunne ikke v\u00e6re nemmere. Pr\u00f8v lykken nu og bliv en af \u200b\u200bde heldige vindere!<\/p>\n","protected":false},"excerpt":{"rendered":"<p>S\u00e5dan spiller du Powerball At spille Powerball-lotto er virkelig simpelt, du beh\u00f8ver kun at v\u00e6lge fem tal mellem 1 og 69, og derefter et ekstra tal (kaldet Powerball) mellem 1 og 26. Men lad os g\u00e5 i detaljer; den f\u00f8rste ting du skal g\u00f8re er at \u00e5bne en konto hos LottoHoy. N\u00e5r du er registreret, [&hellip;]<\/p>\n","protected":false},"author":7,"featured_media":0,"parent":16579,"menu_order":1,"comment_status":"closed","ping_status":"closed","template":"powerball-usa.php","meta":{"_et_pb_use_builder":"","_et_pb_old_content":"","_et_gb_content_width":"","exclude_from_search":false,"footnotes":""},"class_list":["post-16617","page","type-page","status-publish","hentry"],"yoast_head":"<!-- This site is optimized with the Yoast SEO plugin v23.7 - https:\/\/yoast.com\/wordpress\/plugins\/seo\/ -->\n<title>\u25b7 Spil Powerball online | Hvor som helst, n\u00e5r som helst - LottoHoy<\/title>\n<meta name=\"description\" content=\"At spille Powerball er enkelt: V\u00e6lg 5 tal mellem 1 og 69, og derefter et ekstra tal (kaldet Powerball) mellem 1 og 26. F\u00e5 din Porweball-billet nu!\" \/>\n<meta name=\"robots\" content=\"index, follow, max-snippet:-1, max-image-preview:large, max-video-preview:-1\" \/>\n<link rel=\"canonical\" href=\"https:\/\/lottohoy.com\/da\/spil\/powerball\/\" \/>\n<meta property=\"og:locale\" content=\"da_DK\" \/>\n<meta property=\"og:type\" content=\"article\" \/>\n<meta property=\"og:title\" content=\"\u25b7 Spil Powerball online | Hvor som helst, n\u00e5r som helst - LottoHoy\" \/>\n<meta property=\"og:description\" content=\"At spille Powerball er enkelt: V\u00e6lg 5 tal mellem 1 og 69, og derefter et ekstra tal (kaldet Powerball) mellem 1 og 26. F\u00e5 din Porweball-billet nu!\" \/>\n<meta property=\"og:url\" content=\"https:\/\/lottohoy.com\/da\/spil\/powerball\/\" \/>\n<meta property=\"og:site_name\" content=\"Lottohoy\" \/>\n<meta property=\"article:modified_time\" content=\"2025-04-08T10:32:36+00:00\" \/>\n<meta name=\"twitter:card\" content=\"summary_large_image\" \/>\n<meta name=\"twitter:label1\" content=\"Estimeret l\u00e6setid\" \/>\n\t<meta name=\"twitter:data1\" content=\"4 minutter\" \/>\n<script type=\"application\/ld+json\" class=\"yoast-schema-graph\">{\"@context\":\"https:\/\/schema.org\",\"@graph\":[{\"@type\":\"WebPage\",\"@id\":\"https:\/\/lottohoy.com\/da\/spil\/powerball\/\",\"url\":\"https:\/\/lottohoy.com\/da\/spil\/powerball\/\",\"name\":\"\u25b7 Spil Powerball online | Hvor som helst, n\u00e5r som helst - LottoHoy\",\"isPartOf\":{\"@id\":\"https:\/\/lottohoy.com\/da\/#website\"},\"datePublished\":\"2018-05-03T13:23:27+00:00\",\"dateModified\":\"2025-04-08T10:32:36+00:00\",\"description\":\"At spille Powerball er enkelt: V\u00e6lg 5 tal mellem 1 og 69, og derefter et ekstra tal (kaldet Powerball) mellem 1 og 26. F\u00e5 din Porweball-billet nu!\",\"breadcrumb\":{\"@id\":\"https:\/\/lottohoy.com\/da\/spil\/powerball\/#breadcrumb\"},\"inLanguage\":\"da-DK\",\"potentialAction\":[{\"@type\":\"ReadAction\",\"target\":[\"https:\/\/lottohoy.com\/da\/spil\/powerball\/\"]}]},{\"@type\":\"BreadcrumbList\",\"@id\":\"https:\/\/lottohoy.com\/da\/spil\/powerball\/#breadcrumb\",\"itemListElement\":[{\"@type\":\"ListItem\",\"position\":1,\"name\":\"Home\",\"item\":\"https:\/\/lottohoy.com\/da\/\"},{\"@type\":\"ListItem\",\"position\":2,\"name\":\"Spil lotteri online\",\"item\":\"https:\/\/lottohoy.com\/da\/spil\/\"},{\"@type\":\"ListItem\",\"position\":3,\"name\":\"Spil Powerball\"}]},{\"@type\":\"WebSite\",\"@id\":\"https:\/\/lottohoy.com\/da\/#website\",\"url\":\"https:\/\/lottohoy.com\/da\/\",\"name\":\"Lottohoy\",\"description\":\"\",\"potentialAction\":[{\"@type\":\"SearchAction\",\"target\":{\"@type\":\"EntryPoint\",\"urlTemplate\":\"https:\/\/lottohoy.com\/da\/?s={search_term_string}\"},\"query-input\":{\"@type\":\"PropertyValueSpecification\",\"valueRequired\":true,\"valueName\":\"search_term_string\"}}],\"inLanguage\":\"da-DK\"}]}<\/script>\n<!-- \/ Yoast SEO plugin. -->","yoast_head_json":{"title":"\u25b7 Spil Powerball online | Hvor som helst, n\u00e5r som helst - LottoHoy","description":"At spille Powerball er enkelt: V\u00e6lg 5 tal mellem 1 og 69, og derefter et ekstra tal (kaldet Powerball) mellem 1 og 26. F\u00e5 din Porweball-billet nu!","robots":{"index":"index","follow":"follow","max-snippet":"max-snippet:-1","max-image-preview":"max-image-preview:large","max-video-preview":"max-video-preview:-1"},"canonical":"https:\/\/lottohoy.com\/da\/spil\/powerball\/","og_locale":"da_DK","og_type":"article","og_title":"\u25b7 Spil Powerball online | Hvor som helst, n\u00e5r som helst - LottoHoy","og_description":"At spille Powerball er enkelt: V\u00e6lg 5 tal mellem 1 og 69, og derefter et ekstra tal (kaldet Powerball) mellem 1 og 26. F\u00e5 din Porweball-billet nu!","og_url":"https:\/\/lottohoy.com\/da\/spil\/powerball\/","og_site_name":"Lottohoy","article_modified_time":"2025-04-08T10:32:36+00:00","twitter_card":"summary_large_image","twitter_misc":{"Estimeret l\u00e6setid":"4 minutter"},"schema":{"@context":"https:\/\/schema.org","@graph":[{"@type":"WebPage","@id":"https:\/\/lottohoy.com\/da\/spil\/powerball\/","url":"https:\/\/lottohoy.com\/da\/spil\/powerball\/","name":"\u25b7 Spil Powerball online | Hvor som helst, n\u00e5r som helst - LottoHoy","isPartOf":{"@id":"https:\/\/lottohoy.com\/da\/#website"},"datePublished":"2018-05-03T13:23:27+00:00","dateModified":"2025-04-08T10:32:36+00:00","description":"At spille Powerball er enkelt: V\u00e6lg 5 tal mellem 1 og 69, og derefter et ekstra tal (kaldet Powerball) mellem 1 og 26. F\u00e5 din Porweball-billet nu!","breadcrumb":{"@id":"https:\/\/lottohoy.com\/da\/spil\/powerball\/#breadcrumb"},"inLanguage":"da-DK","potentialAction":[{"@type":"ReadAction","target":["https:\/\/lottohoy.com\/da\/spil\/powerball\/"]}]},{"@type":"BreadcrumbList","@id":"https:\/\/lottohoy.com\/da\/spil\/powerball\/#breadcrumb","itemListElement":[{"@type":"ListItem","position":1,"name":"Home","item":"https:\/\/lottohoy.com\/da\/"},{"@type":"ListItem","position":2,"name":"Spil lotteri online","item":"https:\/\/lottohoy.com\/da\/spil\/"},{"@type":"ListItem","position":3,"name":"Spil Powerball"}]},{"@type":"WebSite","@id":"https:\/\/lottohoy.com\/da\/#website","url":"https:\/\/lottohoy.com\/da\/","name":"Lottohoy","description":"","potentialAction":[{"@type":"SearchAction","target":{"@type":"EntryPoint","urlTemplate":"https:\/\/lottohoy.com\/da\/?s={search_term_string}"},"query-input":{"@type":"PropertyValueSpecification","valueRequired":true,"valueName":"search_term_string"}}],"inLanguage":"da-DK"}]}},"_links":{"self":[{"href":"https:\/\/lottohoy.com\/da\/wp-json\/wp\/v2\/pages\/16617","targetHints":{"allow":["GET"]}}],"collection":[{"href":"https:\/\/lottohoy.com\/da\/wp-json\/wp\/v2\/pages"}],"about":[{"href":"https:\/\/lottohoy.com\/da\/wp-json\/wp\/v2\/types\/page"}],"author":[{"embeddable":true,"href":"https:\/\/lottohoy.com\/da\/wp-json\/wp\/v2\/users\/7"}],"replies":[{"embeddable":true,"href":"https:\/\/lottohoy.com\/da\/wp-json\/wp\/v2\/comments?post=16617"}],"version-history":[{"count":3,"href":"https:\/\/lottohoy.com\/da\/wp-json\/wp\/v2\/pages\/16617\/revisions"}],"predecessor-version":[{"id":18328,"href":"https:\/\/lottohoy.com\/da\/wp-json\/wp\/v2\/pages\/16617\/revisions\/18328"}],"up":[{"embeddable":true,"href":"https:\/\/lottohoy.com\/da\/wp-json\/wp\/v2\/pages\/16579"}],"wp:attachment":[{"href":"https:\/\/lottohoy.com\/da\/wp-json\/wp\/v2\/media?parent=16617"}],"curies":[{"name":"wp","href":"https:\/\/api.w.org\/{rel}","templated":true}]}}