{"id":16598,"date":"2018-05-03T14:23:31","date_gmt":"2018-05-03T13:23:31","guid":{"rendered":"https:\/\/lottohoy.com\/?page_id=16598"},"modified":"2025-04-02T12:12:36","modified_gmt":"2025-04-02T11:12:36","slug":"koeb-lodsedler-og-vind-verdens-stoerste-jackpots","status":"publish","type":"page","link":"https:\/\/lottohoy.com\/da\/","title":{"rendered":"K\u00f8b lodsedler og vind verdens st\u00f8rste jackpots"},"content":{"rendered":"<h1>K\u00f8b lodsedler og vind verdens st\u00f8rste jackpots<\/h1>\n<p>At spille verdens lotterier og g\u00f8re det hjemmefra, p\u00e5 arbejdet, i bussen eller under alle omst\u00e6ndigheder &#8230; blot ved at have en internetforbindelse, \u00e5bner op for en r\u00e6kke muligheder for at vinde millionpr\u00e6mier.<\/p>\n<p>Hvis du aldrig har spillet lotterier online f\u00f8r, tilbyder<a href=\"https:\/\/lottohoy.com\/da\/spil\/\"> lottohoy.com<\/a> dig nu og herfra muligheden for at f\u00e5 adgang til verdens lotterier, der spiller de <a href=\"https:\/\/lottohoy.com\/da\/lotteri-jackpots\/\">st\u00f8rste jackpots<\/a> i hver tr\u00e6kning.<\/p>\n<p>Spil dit lokale lotteri, eller spil et hvilket som helst lotteri i verden?<\/p>\n<p>Nogle gange kan det v\u00e6re rart at g\u00e5 hen til dit s\u00e6dvanlige sted, hvor du k\u00f8ber den billet for at spille det lokale lotteri, og have den billet i h\u00e6nderne for at tjekke p\u00e5 dagen for lodtr\u00e6kningen, om du har vundet nogen pr\u00e6mier.<\/p>\n<p>Men endnu bedre, i dag tilbyder internettet dig gennem platforme som vores mulighed for at forts\u00e6tte med at spille de samme lokale lotterier og \u00e5bne op for en bredere vifte af muligheder, f\u00e5 adgang til internationale lotterier, der tilbyder ekstraordin\u00e6re milliongevinster, der nogle gange overstiger en milliard.<\/p>\n<p>Hvis du tilf\u00f8jer trygheden ved at kunne spille en hvilken som helst lodtr\u00e6kning p\u00e5 forh\u00e5nd, blive informeret om de vundne pr\u00e6mier, og afh\u00e6ngigt af det vundne bel\u00f8b, sendes bel\u00f8bene direkte til din konto &#8211; har du lyst til at spille med<a href=\"https:\/\/lottohoy.com\/da\/spil\/\"> lottohoy.com<\/a>?<\/p>\n<p>Det er lige meget hvilket land du bor i for at spille lotterier online.<\/p>\n<p>N\u00e5r du k\u00f8ber lotterisedler online, er det lige meget, hvilket land du bor i. Der er ingen grund til at rejse for at k\u00f8be en lottokupon i et fremmed land.<\/p>\n<p>Vi betjener kunder fra n\u00e6sten alle lande med vores globale service.<\/p>\n<h3>S\u00e5dan fungerer online lotteriseddeltjenesten<\/h3>\n<p>P\u00e5 <a href=\"https:\/\/lottohoy.com\/da\/spil\/\">lottohoy.com<\/a> kan du se en r\u00e6kke forskellige lotterispil fra hele verden. Du kan v\u00e6lge dem, du vil spille, og k\u00f8be dem online. Det er meget nemmere, end du m\u00e5ske tror.<\/p>\n<h2>Du kan v\u00e6lge alt, der er relateret til din lottokupon:<\/h2>\n<p>\u2022 V\u00e6lg det lotteri, der tilbyder den h\u00f8jeste jackpot, hvis du \u00f8nsker det<\/p>\n<p>\u2022 V\u00e6lg tallene manuelt, eller lad systemet v\u00e6lge en tilf\u00e6ldig kombination for dig.<\/p>\n<p>\u2022 Du kan spille s\u00e5 mange indsatser (linjer) med de kombinationer, du \u00f8nsker<\/p>\n<p>\u2022 Du kan v\u00e6lge mellem at spille et enkelt tr\u00e6k eller i flere tr\u00e6k i tr\u00e6k<\/p>\n<p>Superlotterier med jackpots p\u00e5 flere hundrede millioner<\/p>\n<p>Lotterier som den amerikanske <a href=\"https:\/\/lottohoy.com\/da\/spil\/powerball\/\">Powerball<\/a> eller <a href=\"https:\/\/lottohoy.com\/da\/spil\/spil-mega-millions\/\">MegaMillions<\/a>, de europ\u00e6iske <a href=\"https:\/\/lottohoy.com\/da\/spil\/spil-euromillions\/\">Euromillions,<\/a> <a href=\"https:\/\/lottohoy.com\/da\/spil\/spil-eurojackpot\/\">Eurojackpot<\/a> og <a href=\"https:\/\/lottohoy.com\/da\/spil\/spil-superenalotto\/\">SuperEnalotto<\/a> Italian.<\/p>\n<p>Vidste du, at den hidtil st\u00f8rste Powerball-pr\u00e6mie var $2,04 milliarder og blev vundet i 2022? Det kan virke som en dr\u00f8m, at vinde en pr\u00e6mie til en v\u00e6rdi af hundreder af millioner, men det er en realitet!<\/p>\n<h2>Du kan sikkert stille dig selv mange sp\u00f8rgsm\u00e5l:<\/h2>\n<p>\u2022 Skal du altid g\u00e5 efter den h\u00f8jeste jackpot?<\/p>\n<p>\u2022 Er v\u00e6rdien af \u200b\u200bden h\u00f8jeste jackpot det eneste kriterium, n\u00e5r man v\u00e6lger hvilket lotteri, der skal spilles online?<\/p>\n<p>\u2022 Men hvad nu hvis andenrangspr\u00e6mien er stor nok til at \u00e6ndre dit liv?<\/p>\n<p>\u2022 Nogle jackpots vokser s\u00e5 store, fordi de er sv\u00e6re at vinde. Hvad hvis chancerne for at vinde en andenrangspr\u00e6mie var meget bedre end chancerne for at vinde jackpotten i et hvilket som helst lotteri?<\/p>\n<p>\u2022 Er der andre faktorer, man skal overveje, n\u00e5r man spiller lotterier online?<\/p>\n<p>Ikke alle lotterier har samme odds for at vinde. Det giver god mening at lede efter de st\u00f8rste jackpots, men det giver ogs\u00e5 mening at tjekke, hvor du bliver tilbudt de bedste odds for at vinde en stor pr\u00e6mie.<\/p>\n<p>Vi har en bred vifte af lotterier at spille for enhver smag.<br \/>\nNyd at pr\u00f8ve noget nyt, spil du m\u00e5ske aldrig har set eller h\u00f8rt om f\u00f8r. Du kan blive overrasket over alle de muligheder, vi tilbyder.<\/p>\n<h2>Hvordan fungerer den service, der tilbydes af lottohoy.com?<\/h2>\n<p>N\u00e5r du har oprettet din flytning eller de flytninger, du \u00f8nsker, skal du blot bekr\u00e6fte bestillingen og foretage betalingen online (der er flere muligheder for online betaling)<\/p>\n<p>Hvis du ikke har oprettet din brugerkonto tidligere, skal du oprette og bekr\u00e6fte den under denne proces ved hj\u00e6lp af en gyldig e-mailadresse og adgangskode til efterf\u00f8lgende logins.<\/p>\n<p>S\u00e5 snart din ordre er bekr\u00e6ftet, og betalingen er bekr\u00e6ftet, vil en af \u200b\u200bvores agenter forts\u00e6tte med at k\u00f8be lotteriet\/lotteriet i det land, hvor lodtr\u00e6kningen afholdes.<\/p>\n<p>En scanning af din billet vil derefter blive indl\u00e6st p\u00e5 din brugerkonto.<\/p>\n<p>Denne handling kr\u00e6ver noget tid at blive behandlet, og for at scanningen er synlig p\u00e5 din konto. Du kan til enhver tid konsultere din brugerkonto i sektionen &#8220;mine billetter&#8221;, hvor du kan tjekke din ordre og de numre, du har valgt.<\/p>\n<p>N\u00e5r lodtr\u00e6kningen er gennemf\u00f8rt, vil vinderdata v\u00e6re tilg\u00e6ngelige, og dine matchende numre og, hvis det er relevant, bel\u00f8bene for den opn\u00e5ede pr\u00e6mie vil fremg\u00e5 af din konto.<\/p>\n<h2>Okay, hvad s\u00e5 hvis jeg vinder?<\/h2>\n<p>At tage sig af vores kunder over hele verden, n\u00e5r de vinder, er en vigtig del af vores online billetservice.<\/p>\n<p>Du beh\u00f8ver ikke at bo i det land, hvor lotteriet afholdes. Vi k\u00f8ber simpelthen billetterne til dig lokalt, som om du tilbragte en ferie i det land! At sikre, at du bliver betalt, n\u00e5r du vinder, er ogs\u00e5 en del af vores online billetservice.<\/p>\n<p>Pr\u00e6miegevinster op til ca. \u20ac\/$2500 udbetales og krediteres direkte til din bruger\/<br \/>\nspillerkonto og er umiddelbart tilg\u00e6ngelige to anmode om en tilbagetr\u00e6kning eller at bruge til k\u00f8b af efterf\u00f8lgende tr\u00e6kninger af et af lotterierne.<\/p>\n<p>For st\u00f8rre gevinster vil vores kundeservice give dig vores VIP-service til vindere.<\/p>\n<p>Er du i tvivl, er denne service helt lovlig, og vi r\u00e5dgiver og hj\u00e6lper dig med inkasso.<\/p>\n<p>Din pr\u00e6mie vil blive udbetalt fuldt ud, og ingen gebyrer eller provisioner vil nogensinde blive trukket fra dine gevinster, undtagen skattereglerne i lotterilandet og i dit bop\u00e6lsland.<\/p>\n<p>I nogle ekstraordin\u00e6re tilf\u00e6lde kan der opst\u00e5 omkostninger til indsamlingsadministration i tilf\u00e6lde af, at vinderen ikke er i stand til at rejse til det land, der betaler pr\u00e6mien, og en person eller virksomhed, der er beh\u00f8rigt akkrediteret til at g\u00f8re det, skal gribe ind p\u00e5 hans\/hendes vegne.<\/p>\n<p>P\u00e5 lottohoy.com kan du finde information og tips til at spille de bedste online lotterier.<\/p>\n<p>Du kan finde det hele lige her p\u00e5 vores hjemmeside. Ikke alene giver vi dig de n\u00f8jagtige odds og regler for hvert lotteri, men vi har ogs\u00e5 artikler om alle mulige forskellige aspekter af lotteriet.<\/p>\n<p>Vi r\u00e5der dig til at forbedre dine chancer for at vinde, og du vil ogs\u00e5 finde de seneste resultater og et arkiv over de seneste resultater fra alle lotterierne p\u00e5 vores hjemmeside.<\/p>\n","protected":false},"excerpt":{"rendered":"<p>K\u00f8b lodsedler og vind verdens st\u00f8rste jackpots At spille verdens lotterier og g\u00f8re det hjemmefra, p\u00e5 arbejdet, i bussen eller under alle omst\u00e6ndigheder &#8230; blot ved at have en internetforbindelse, \u00e5bner op for en r\u00e6kke muligheder for at vinde millionpr\u00e6mier. Hvis du aldrig har spillet lotterier online f\u00f8r, tilbyder lottohoy.com dig nu og herfra muligheden [&hellip;]<\/p>\n","protected":false},"author":7,"featured_media":0,"parent":0,"menu_order":1,"comment_status":"closed","ping_status":"closed","template":"lotto.php","meta":{"_et_pb_use_builder":"","_et_pb_old_content":"","_et_gb_content_width":"","exclude_from_search":false,"footnotes":""},"class_list":["post-16598","page","type-page","status-publish","hentry"],"yoast_head":"<!-- This site is optimized with the Yoast SEO plugin v23.7 - https:\/\/yoast.com\/wordpress\/plugins\/seo\/ -->\n<title>LottoHoy - K\u00f8b internationale lotterier online - sikkert og hurtigt!<\/title>\n<meta name=\"description\" content=\"K\u00f8b de mest popul\u00e6re lotterier hos LottoHoy. Vind de st\u00f8rste jackpots i EuroMillions, Powerball, Megamillions og mange flere \u2713 Hurtigt, nemt og sikkert!\" \/>\n<meta name=\"robots\" content=\"index, follow, max-snippet:-1, max-image-preview:large, max-video-preview:-1\" \/>\n<link rel=\"canonical\" href=\"https:\/\/lottohoy.com\/da\/\" \/>\n<meta property=\"og:locale\" content=\"da_DK\" \/>\n<meta property=\"og:type\" content=\"article\" \/>\n<meta property=\"og:title\" content=\"LottoHoy - K\u00f8b internationale lotterier online - sikkert og hurtigt!\" \/>\n<meta property=\"og:description\" content=\"K\u00f8b de mest popul\u00e6re lotterier hos LottoHoy. Vind de st\u00f8rste jackpots i EuroMillions, Powerball, Megamillions og mange flere \u2713 Hurtigt, nemt og sikkert!\" \/>\n<meta property=\"og:url\" content=\"https:\/\/lottohoy.com\/da\/\" \/>\n<meta property=\"og:site_name\" content=\"Lottohoy\" \/>\n<meta property=\"article:modified_time\" content=\"2025-04-02T11:12:36+00:00\" \/>\n<meta name=\"twitter:card\" content=\"summary_large_image\" \/>\n<meta name=\"twitter:label1\" content=\"Estimeret l\u00e6setid\" \/>\n\t<meta name=\"twitter:data1\" content=\"6 minutter\" \/>\n<script type=\"application\/ld+json\" class=\"yoast-schema-graph\">{\"@context\":\"https:\/\/schema.org\",\"@graph\":[{\"@type\":\"WebPage\",\"@id\":\"https:\/\/lottohoy.com\/da\/\",\"url\":\"https:\/\/lottohoy.com\/da\/\",\"name\":\"LottoHoy - K\u00f8b internationale lotterier online - sikkert og hurtigt!\",\"isPartOf\":{\"@id\":\"https:\/\/lottohoy.com\/da\/#website\"},\"datePublished\":\"2018-05-03T13:23:31+00:00\",\"dateModified\":\"2025-04-02T11:12:36+00:00\",\"description\":\"K\u00f8b de mest popul\u00e6re lotterier hos LottoHoy. Vind de st\u00f8rste jackpots i EuroMillions, Powerball, Megamillions og mange flere \u2713 Hurtigt, nemt og sikkert!\",\"breadcrumb\":{\"@id\":\"https:\/\/lottohoy.com\/da\/#breadcrumb\"},\"inLanguage\":\"da-DK\",\"potentialAction\":[{\"@type\":\"ReadAction\",\"target\":[\"https:\/\/lottohoy.com\/da\/\"]}]},{\"@type\":\"BreadcrumbList\",\"@id\":\"https:\/\/lottohoy.com\/da\/#breadcrumb\",\"itemListElement\":[{\"@type\":\"ListItem\",\"position\":1,\"name\":\"Home\",\"item\":\"https:\/\/lottohoy.com\/da\/\"},{\"@type\":\"ListItem\",\"position\":2,\"name\":\"K\u00f8b lodsedler og vind verdens st\u00f8rste jackpots\"}]},{\"@type\":\"WebSite\",\"@id\":\"https:\/\/lottohoy.com\/da\/#website\",\"url\":\"https:\/\/lottohoy.com\/da\/\",\"name\":\"Lottohoy\",\"description\":\"\",\"potentialAction\":[{\"@type\":\"SearchAction\",\"target\":{\"@type\":\"EntryPoint\",\"urlTemplate\":\"https:\/\/lottohoy.com\/da\/?s={search_term_string}\"},\"query-input\":{\"@type\":\"PropertyValueSpecification\",\"valueRequired\":true,\"valueName\":\"search_term_string\"}}],\"inLanguage\":\"da-DK\"}]}<\/script>\n<!-- \/ Yoast SEO plugin. -->","yoast_head_json":{"title":"LottoHoy - K\u00f8b internationale lotterier online - sikkert og hurtigt!","description":"K\u00f8b de mest popul\u00e6re lotterier hos LottoHoy. Vind de st\u00f8rste jackpots i EuroMillions, Powerball, Megamillions og mange flere \u2713 Hurtigt, nemt og sikkert!","robots":{"index":"index","follow":"follow","max-snippet":"max-snippet:-1","max-image-preview":"max-image-preview:large","max-video-preview":"max-video-preview:-1"},"canonical":"https:\/\/lottohoy.com\/da\/","og_locale":"da_DK","og_type":"article","og_title":"LottoHoy - K\u00f8b internationale lotterier online - sikkert og hurtigt!","og_description":"K\u00f8b de mest popul\u00e6re lotterier hos LottoHoy. Vind de st\u00f8rste jackpots i EuroMillions, Powerball, Megamillions og mange flere \u2713 Hurtigt, nemt og sikkert!","og_url":"https:\/\/lottohoy.com\/da\/","og_site_name":"Lottohoy","article_modified_time":"2025-04-02T11:12:36+00:00","twitter_card":"summary_large_image","twitter_misc":{"Estimeret l\u00e6setid":"6 minutter"},"schema":{"@context":"https:\/\/schema.org","@graph":[{"@type":"WebPage","@id":"https:\/\/lottohoy.com\/da\/","url":"https:\/\/lottohoy.com\/da\/","name":"LottoHoy - K\u00f8b internationale lotterier online - sikkert og hurtigt!","isPartOf":{"@id":"https:\/\/lottohoy.com\/da\/#website"},"datePublished":"2018-05-03T13:23:31+00:00","dateModified":"2025-04-02T11:12:36+00:00","description":"K\u00f8b de mest popul\u00e6re lotterier hos LottoHoy. Vind de st\u00f8rste jackpots i EuroMillions, Powerball, Megamillions og mange flere \u2713 Hurtigt, nemt og sikkert!","breadcrumb":{"@id":"https:\/\/lottohoy.com\/da\/#breadcrumb"},"inLanguage":"da-DK","potentialAction":[{"@type":"ReadAction","target":["https:\/\/lottohoy.com\/da\/"]}]},{"@type":"BreadcrumbList","@id":"https:\/\/lottohoy.com\/da\/#breadcrumb","itemListElement":[{"@type":"ListItem","position":1,"name":"Home","item":"https:\/\/lottohoy.com\/da\/"},{"@type":"ListItem","position":2,"name":"K\u00f8b lodsedler og vind verdens st\u00f8rste jackpots"}]},{"@type":"WebSite","@id":"https:\/\/lottohoy.com\/da\/#website","url":"https:\/\/lottohoy.com\/da\/","name":"Lottohoy","description":"","potentialAction":[{"@type":"SearchAction","target":{"@type":"EntryPoint","urlTemplate":"https:\/\/lottohoy.com\/da\/?s={search_term_string}"},"query-input":{"@type":"PropertyValueSpecification","valueRequired":true,"valueName":"search_term_string"}}],"inLanguage":"da-DK"}]}},"_links":{"self":[{"href":"https:\/\/lottohoy.com\/da\/wp-json\/wp\/v2\/pages\/16598","targetHints":{"allow":["GET"]}}],"collection":[{"href":"https:\/\/lottohoy.com\/da\/wp-json\/wp\/v2\/pages"}],"about":[{"href":"https:\/\/lottohoy.com\/da\/wp-json\/wp\/v2\/types\/page"}],"author":[{"embeddable":true,"href":"https:\/\/lottohoy.com\/da\/wp-json\/wp\/v2\/users\/7"}],"replies":[{"embeddable":true,"href":"https:\/\/lottohoy.com\/da\/wp-json\/wp\/v2\/comments?post=16598"}],"version-history":[{"count":6,"href":"https:\/\/lottohoy.com\/da\/wp-json\/wp\/v2\/pages\/16598\/revisions"}],"predecessor-version":[{"id":17904,"href":"https:\/\/lottohoy.com\/da\/wp-json\/wp\/v2\/pages\/16598\/revisions\/17904"}],"wp:attachment":[{"href":"https:\/\/lottohoy.com\/da\/wp-json\/wp\/v2\/media?parent=16598"}],"curies":[{"name":"wp","href":"https:\/\/api.w.org\/{rel}","templated":true}]}}