{"id":16485,"date":"2024-11-16T10:47:26","date_gmt":"2024-11-16T10:47:26","guid":{"rendered":"https:\/\/lottohoy.com\/kontakt\/"},"modified":"2025-04-01T17:18:42","modified_gmt":"2025-04-01T16:18:42","slug":"kontakt","status":"publish","type":"page","link":"https:\/\/lottohoy.com\/da\/kontakt\/","title":{"rendered":"Kontakt"},"content":{"rendered":"<h1>Kontakt<\/h1>\n<h2>Har du brug for st\u00f8tte? S\u00e5 kontakt os!<\/h2>\n<p>Vi vil med gl\u00e6de hj\u00e6lpe dig 24\/7. Tjek vores <a href=\"https:\/\/lottohoy.com\/da\/ofte-stillede-spoergsmaal-hjaelpecenter\/\">FAQ &#8211; Help Center-sektion<\/a> for at se, om dit sp\u00f8rgsm\u00e5l ikke allerede er blevet besvaret.<\/p>\n<div class=\"wpforms-container wpforms-container-full wpforms-render-modern\" id=\"wpforms-12619\"><form id=\"wpforms-form-12619\" class=\"wpforms-validate wpforms-form wpforms-ajax-form\" data-formid=\"12619\" method=\"post\" enctype=\"multipart\/form-data\" action=\"\/da\/wp-json\/wp\/v2\/pages\/16485\" data-token=\"ca1061f13ab20dc75b9680759dc06c99\" data-token-time=\"1777291945\"><noscript class=\"wpforms-error-noscript\">Please enable JavaScript in your browser to complete this form.<\/noscript><div class=\"wpforms-hidden\" id=\"wpforms-error-noscript\">Please enable JavaScript in your browser to complete this form.<\/div><div class=\"wpforms-field-container\"><div id=\"wpforms-12619-field_1-container\" class=\"wpforms-field wpforms-field-name\" data-field-id=\"1\"><fieldset><legend class=\"wpforms-field-label\">Name <span class=\"wpforms-required-label\" aria-hidden=\"true\">*<\/span><\/legend><div class=\"wpforms-field-row wpforms-field-medium\"><div class=\"wpforms-field-row-block wpforms-first wpforms-one-half\"><input type=\"text\" id=\"wpforms-12619-field_1\" class=\"wpforms-field-name-first wpforms-field-required\" name=\"wpforms[fields][1][first]\" aria-errormessage=\"wpforms-12619-field_1-error\" required><label for=\"wpforms-12619-field_1\" class=\"wpforms-field-sublabel after\">First<\/label><\/div><div class=\"wpforms-field-row-block wpforms-one-half\"><input type=\"text\" id=\"wpforms-12619-field_1-last\" class=\"wpforms-field-name-last wpforms-field-required\" name=\"wpforms[fields][1][last]\" aria-errormessage=\"wpforms-12619-field_1-last-error\" required><label for=\"wpforms-12619-field_1-last\" class=\"wpforms-field-sublabel after\">Last<\/label><\/div><\/div><\/fieldset><\/div><div id=\"wpforms-12619-field_2-container\" class=\"wpforms-field wpforms-field-email\" data-field-id=\"2\"><label class=\"wpforms-field-label\" for=\"wpforms-12619-field_2\">Email <span class=\"wpforms-required-label\" aria-hidden=\"true\">*<\/span><\/label><input type=\"email\" id=\"wpforms-12619-field_2\" class=\"wpforms-field-medium wpforms-field-required\" name=\"wpforms[fields][2]\" spellcheck=\"false\" aria-errormessage=\"wpforms-12619-field_2-error\" required><\/div><div id=\"wpforms-12619-field_5-container\" class=\"wpforms-field wpforms-field-text\" data-field-id=\"5\"><label class=\"wpforms-field-label\" for=\"wpforms-12619-field_5\">Subject <span class=\"wpforms-required-label\" aria-hidden=\"true\">*<\/span><\/label><input type=\"text\" id=\"wpforms-12619-field_5\" class=\"wpforms-field-medium wpforms-field-required\" name=\"wpforms[fields][5]\" aria-errormessage=\"wpforms-12619-field_5-error\" required><\/div><div id=\"wpforms-12619-field_3-container\" class=\"wpforms-field wpforms-field-textarea\" data-field-id=\"3\"><label class=\"wpforms-field-label\" for=\"wpforms-12619-field_3\">Comment or Message<\/label><textarea id=\"wpforms-12619-field_3\" class=\"wpforms-field-medium\" name=\"wpforms[fields][3]\" aria-errormessage=\"wpforms-12619-field_3-error\" ><\/textarea><\/div><\/div><!-- .wpforms-field-container --><div class=\"wpforms-recaptcha-container wpforms-is-recaptcha wpforms-is-recaptcha-type-v3\" ><input type=\"hidden\" name=\"wpforms[recaptcha]\" value=\"\"><\/div><div class=\"wpforms-submit-container\" ><input type=\"hidden\" name=\"wpforms[id]\" value=\"12619\"><input type=\"hidden\" name=\"page_title\" value=\"\"><input type=\"hidden\" name=\"page_url\" value=\"https:\/\/lottohoy.com\/da\/wp-json\/wp\/v2\/pages\/16485\"><button type=\"submit\" name=\"wpforms[submit]\" id=\"wpforms-submit-12619\" class=\"wpforms-submit\" data-alt-text=\"Sending...\" data-submit-text=\"Submit\" aria-live=\"assertive\" value=\"wpforms-submit\">Submit<\/button><img loading=\"lazy\" decoding=\"async\" src=\"https:\/\/lottohoy.com\/wp-content\/plugins\/wpforms-lite.1.9.2.2\/assets\/images\/submit-spin.svg\" class=\"wpforms-submit-spinner\" style=\"display: none;\" width=\"26\" height=\"26\" alt=\"Loading\"><\/div><\/form><\/div>  <!-- .wpforms-container -->\n<h2>Vores placering<\/h2>\n<p>LLL World Marketing Limited, Peiraios 30, 1. sal, kontor 1, 2023 Strovolos, Nikosia-Cyprus.<\/p>\n","protected":false},"excerpt":{"rendered":"<p>Kontakt Har du brug for st\u00f8tte? S\u00e5 kontakt os! Vi vil med gl\u00e6de hj\u00e6lpe dig 24\/7. Tjek vores FAQ &#8211; Help Center-sektion for at se, om dit sp\u00f8rgsm\u00e5l ikke allerede er blevet besvaret. Vores placering LLL World Marketing Limited, Peiraios 30, 1. sal, kontor 1, 2023 Strovolos, Nikosia-Cyprus.<\/p>\n","protected":false},"author":2,"featured_media":0,"parent":0,"menu_order":0,"comment_status":"closed","ping_status":"closed","template":"","meta":{"_et_pb_use_builder":"off","_et_pb_old_content":"","_et_gb_content_width":"","exclude_from_search":false,"footnotes":""},"class_list":["post-16485","page","type-page","status-publish","hentry"],"yoast_head":"<!-- This site is optimized with the Yoast SEO plugin v23.7 - https:\/\/yoast.com\/wordpress\/plugins\/seo\/ -->\n<title>Kontakt - Lottohoy<\/title>\n<meta name=\"description\" content=\"Hvis du har brug for at kontakte os, hvis du har brug for at l\u00f8se sp\u00f8rgsm\u00e5l eller har problemer med platformen, s\u00e5 brug denne formular\" \/>\n<meta name=\"robots\" content=\"index, follow, max-snippet:-1, max-image-preview:large, max-video-preview:-1\" \/>\n<link rel=\"canonical\" href=\"https:\/\/lottohoy.com\/da\/kontakt\/\" \/>\n<meta property=\"og:locale\" content=\"da_DK\" \/>\n<meta property=\"og:type\" content=\"article\" \/>\n<meta property=\"og:title\" content=\"Kontakt - Lottohoy\" \/>\n<meta property=\"og:description\" content=\"Hvis du har brug for at kontakte os, hvis du har brug for at l\u00f8se sp\u00f8rgsm\u00e5l eller har problemer med platformen, s\u00e5 brug denne formular\" \/>\n<meta property=\"og:url\" content=\"https:\/\/lottohoy.com\/da\/kontakt\/\" \/>\n<meta property=\"og:site_name\" content=\"Lottohoy\" \/>\n<meta property=\"article:modified_time\" content=\"2025-04-01T16:18:42+00:00\" \/>\n<meta name=\"twitter:card\" content=\"summary_large_image\" \/>\n<meta name=\"twitter:label1\" content=\"Estimeret l\u00e6setid\" \/>\n\t<meta name=\"twitter:data1\" content=\"1 minut\" \/>\n<script type=\"application\/ld+json\" class=\"yoast-schema-graph\">{\"@context\":\"https:\/\/schema.org\",\"@graph\":[{\"@type\":\"WebPage\",\"@id\":\"https:\/\/lottohoy.com\/da\/kontakt\/\",\"url\":\"https:\/\/lottohoy.com\/da\/kontakt\/\",\"name\":\"Kontakt - Lottohoy\",\"isPartOf\":{\"@id\":\"https:\/\/lottohoy.com\/da\/#website\"},\"datePublished\":\"2024-11-16T10:47:26+00:00\",\"dateModified\":\"2025-04-01T16:18:42+00:00\",\"description\":\"Hvis du har brug for at kontakte os, hvis du har brug for at l\u00f8se sp\u00f8rgsm\u00e5l eller har problemer med platformen, s\u00e5 brug denne formular\",\"breadcrumb\":{\"@id\":\"https:\/\/lottohoy.com\/da\/kontakt\/#breadcrumb\"},\"inLanguage\":\"da-DK\",\"potentialAction\":[{\"@type\":\"ReadAction\",\"target\":[\"https:\/\/lottohoy.com\/da\/kontakt\/\"]}]},{\"@type\":\"BreadcrumbList\",\"@id\":\"https:\/\/lottohoy.com\/da\/kontakt\/#breadcrumb\",\"itemListElement\":[{\"@type\":\"ListItem\",\"position\":1,\"name\":\"Home\",\"item\":\"https:\/\/lottohoy.com\/da\/\"},{\"@type\":\"ListItem\",\"position\":2,\"name\":\"Kontakt\"}]},{\"@type\":\"WebSite\",\"@id\":\"https:\/\/lottohoy.com\/da\/#website\",\"url\":\"https:\/\/lottohoy.com\/da\/\",\"name\":\"Lottohoy\",\"description\":\"\",\"potentialAction\":[{\"@type\":\"SearchAction\",\"target\":{\"@type\":\"EntryPoint\",\"urlTemplate\":\"https:\/\/lottohoy.com\/da\/?s={search_term_string}\"},\"query-input\":{\"@type\":\"PropertyValueSpecification\",\"valueRequired\":true,\"valueName\":\"search_term_string\"}}],\"inLanguage\":\"da-DK\"}]}<\/script>\n<!-- \/ Yoast SEO plugin. -->","yoast_head_json":{"title":"Kontakt - Lottohoy","description":"Hvis du har brug for at kontakte os, hvis du har brug for at l\u00f8se sp\u00f8rgsm\u00e5l eller har problemer med platformen, s\u00e5 brug denne formular","robots":{"index":"index","follow":"follow","max-snippet":"max-snippet:-1","max-image-preview":"max-image-preview:large","max-video-preview":"max-video-preview:-1"},"canonical":"https:\/\/lottohoy.com\/da\/kontakt\/","og_locale":"da_DK","og_type":"article","og_title":"Kontakt - Lottohoy","og_description":"Hvis du har brug for at kontakte os, hvis du har brug for at l\u00f8se sp\u00f8rgsm\u00e5l eller har problemer med platformen, s\u00e5 brug denne formular","og_url":"https:\/\/lottohoy.com\/da\/kontakt\/","og_site_name":"Lottohoy","article_modified_time":"2025-04-01T16:18:42+00:00","twitter_card":"summary_large_image","twitter_misc":{"Estimeret l\u00e6setid":"1 minut"},"schema":{"@context":"https:\/\/schema.org","@graph":[{"@type":"WebPage","@id":"https:\/\/lottohoy.com\/da\/kontakt\/","url":"https:\/\/lottohoy.com\/da\/kontakt\/","name":"Kontakt - Lottohoy","isPartOf":{"@id":"https:\/\/lottohoy.com\/da\/#website"},"datePublished":"2024-11-16T10:47:26+00:00","dateModified":"2025-04-01T16:18:42+00:00","description":"Hvis du har brug for at kontakte os, hvis du har brug for at l\u00f8se sp\u00f8rgsm\u00e5l eller har problemer med platformen, s\u00e5 brug denne formular","breadcrumb":{"@id":"https:\/\/lottohoy.com\/da\/kontakt\/#breadcrumb"},"inLanguage":"da-DK","potentialAction":[{"@type":"ReadAction","target":["https:\/\/lottohoy.com\/da\/kontakt\/"]}]},{"@type":"BreadcrumbList","@id":"https:\/\/lottohoy.com\/da\/kontakt\/#breadcrumb","itemListElement":[{"@type":"ListItem","position":1,"name":"Home","item":"https:\/\/lottohoy.com\/da\/"},{"@type":"ListItem","position":2,"name":"Kontakt"}]},{"@type":"WebSite","@id":"https:\/\/lottohoy.com\/da\/#website","url":"https:\/\/lottohoy.com\/da\/","name":"Lottohoy","description":"","potentialAction":[{"@type":"SearchAction","target":{"@type":"EntryPoint","urlTemplate":"https:\/\/lottohoy.com\/da\/?s={search_term_string}"},"query-input":{"@type":"PropertyValueSpecification","valueRequired":true,"valueName":"search_term_string"}}],"inLanguage":"da-DK"}]}},"_links":{"self":[{"href":"https:\/\/lottohoy.com\/da\/wp-json\/wp\/v2\/pages\/16485","targetHints":{"allow":["GET"]}}],"collection":[{"href":"https:\/\/lottohoy.com\/da\/wp-json\/wp\/v2\/pages"}],"about":[{"href":"https:\/\/lottohoy.com\/da\/wp-json\/wp\/v2\/types\/page"}],"author":[{"embeddable":true,"href":"https:\/\/lottohoy.com\/da\/wp-json\/wp\/v2\/users\/2"}],"replies":[{"embeddable":true,"href":"https:\/\/lottohoy.com\/da\/wp-json\/wp\/v2\/comments?post=16485"}],"version-history":[{"count":3,"href":"https:\/\/lottohoy.com\/da\/wp-json\/wp\/v2\/pages\/16485\/revisions"}],"predecessor-version":[{"id":17821,"href":"https:\/\/lottohoy.com\/da\/wp-json\/wp\/v2\/pages\/16485\/revisions\/17821"}],"wp:attachment":[{"href":"https:\/\/lottohoy.com\/da\/wp-json\/wp\/v2\/media?parent=16485"}],"curies":[{"name":"wp","href":"https:\/\/api.w.org\/{rel}","templated":true}]}}