{"id":20644,"date":"2025-06-13T13:21:53","date_gmt":"2025-06-13T12:21:53","guid":{"rendered":"https:\/\/lottohoy.com\/?page_id=20644"},"modified":"2025-06-14T18:33:39","modified_gmt":"2025-06-14T17:33:39","slug":"informace-o-loterii-euromillions-uk","status":"publish","type":"page","link":"https:\/\/lottohoy.com\/cs\/nejcastejsi-dotazy-k-online-loterii\/informace-o-loterii-euromillions-uk\/","title":{"rendered":"Informace o loterii Euromillions UK"},"content":{"rendered":"<h1>EuroMillions UK. Nej\u010dast\u011bj\u0161\u00ed dotazy o pravidlech, v\u00fdhr\u00e1ch a losov\u00e1n\u00ed<\/h1>\n<p data-start=\"327\" data-end=\"565\">EuroMillions UK je n\u00e1rodn\u00ed verze obl\u00edben\u00e9 evropsk\u00e9 loterie, kter\u00e1 se kon\u00e1 <strong data-start=\"401\" data-end=\"451\">ka\u017ed\u00e9 \u00fater\u00fd a p\u00e1tek ve 21:30 (pa\u0159\u00ed\u017esk\u00e9ho \u010dasu)<\/strong>. Jde o <strong data-start=\"459\" data-end=\"499\">nejv\u011bt\u0161\u00ed nadn\u00e1rodn\u00ed loterii v Evrop\u011b<\/strong>, kter\u00e1 sdru\u017euje miliony hr\u00e1\u010d\u016f a vypl\u00e1c\u00ed jedny z nejvy\u0161\u0161\u00edch v\u00fdher.<\/p>\n<p data-start=\"567\" data-end=\"842\">Prvn\u00ed slosov\u00e1n\u00ed prob\u011bhlo <strong data-start=\"592\" data-end=\"610\">13. \u00fanora 2004<\/strong>, kdy ji zah\u00e1jily n\u00e1rodn\u00ed loterie Velk\u00e9 Brit\u00e1nie (National Lottery), Francie (La Fran\u00e7aise des Jeux) a \u0160pan\u011blska (Loter\u00edas y Apuestas del Estado). Pozd\u011bji se p\u0159ipojily i Rakousko, Belgie, Irsko, Lucembursko, Portugalsko a \u0160v\u00fdcarsko.<\/p>\n<p data-start=\"844\" data-end=\"1021\">Loterie vznikla po zaveden\u00ed eura (\u20ac) jako spole\u010dn\u00e9ho evropsk\u00e9ho platidla a pl\u00e1novala se v\u00edce ne\u017e deset let jako jednotn\u00e1 hra pro v\u00edce ne\u017e <strong data-start=\"982\" data-end=\"1020\">500 milion\u016f obyvatel Evropsk\u00e9 unie<\/strong>.<\/p>\n<p data-start=\"1023\" data-end=\"1144\">Minim\u00e1ln\u00ed garantovan\u00fd jackpot je <strong data-start=\"1056\" data-end=\"1074\">17 milion\u016f eur<\/strong>, kter\u00fd se od roku 2020 m\u016f\u017ee postupn\u011b nav\u00fd\u0161it a\u017e na <strong data-start=\"1126\" data-end=\"1143\">250 milion\u016f \u20ac<\/strong>.<\/p>\n<h2 data-start=\"1151\" data-end=\"1182\">Co je UK Millionaire Maker?<\/h2>\n<p data-start=\"1184\" data-end=\"1457\">UK Millionaire Maker je <strong data-start=\"1208\" data-end=\"1231\">doprovodn\u00e9 losov\u00e1n\u00ed<\/strong>, kter\u00e9 je <strong data-start=\"1242\" data-end=\"1295\">automaticky sou\u010d\u00e1st\u00ed ka\u017ed\u00e9ho losu EuroMillions UK<\/strong>. Ka\u017ed\u00fd tiket obdr\u017e\u00ed unik\u00e1tn\u00ed alfanumerick\u00fd k\u00f3d (\u010dty\u0159i p\u00edsmena + p\u011bt \u010d\u00edslic), kter\u00fd zaru\u010duje, \u017ee <strong data-start=\"1392\" data-end=\"1443\">v ka\u017ed\u00e9m slosov\u00e1n\u00ed n\u011bkdo vyhraje 1 milion liber<\/strong> (\u00a31,000,000).<\/p>\n<p data-start=\"1459\" data-end=\"1572\">Nav\u00edc se pravideln\u011b konaj\u00ed speci\u00e1ln\u00ed promo losov\u00e1n\u00ed, p\u0159i kter\u00fdch se <strong data-start=\"1527\" data-end=\"1571\">v\u00edce hr\u00e1\u010d\u016f st\u00e1v\u00e1 milion\u00e1\u0159i v jeden ve\u010der<\/strong>.<\/p>\n<h2 data-start=\"1579\" data-end=\"1612\">Jak se hraje EuroMillions UK?<\/h2>\n<p data-start=\"1614\" data-end=\"1689\">Pravidla jsou stejn\u00e1 jako ve v\u0161ech ostatn\u00edch z\u00fa\u010dastn\u011bn\u00fdch zem\u00edch. Vyberete:<\/p>\n<ul data-start=\"1691\" data-end=\"1757\">\n<li data-start=\"1691\" data-end=\"1717\">\n<p data-start=\"1693\" data-end=\"1717\"><strong data-start=\"1693\" data-end=\"1715\">5 \u010d\u00edsel od 1 do 50<\/strong><\/p>\n<\/li>\n<li data-start=\"1718\" data-end=\"1757\">\n<p data-start=\"1720\" data-end=\"1757\"><strong data-start=\"1720\" data-end=\"1757\">2 hv\u011bzdy (Lucky Stars) od 1 do 12<\/strong><\/p>\n<\/li>\n<\/ul>\n<p data-start=\"1759\" data-end=\"1820\">\u010c\u00edm v\u00edce \u010d\u00edsel a hv\u011bzd uhodnete, <strong data-start=\"1792\" data-end=\"1819\">t\u00edm vy\u0161\u0161\u00ed je va\u0161e v\u00fdhra<\/strong>.<\/p>\n<p data-start=\"1822\" data-end=\"2153\">Na str\u00e1nce <a class=\"\" href=\"https:\/\/lottohoy.com\/cs\/hrat\/\" target=\"_new\" rel=\"noopener\" data-start=\"1833\" data-end=\"1888\">LottoHoy<\/a> si m\u016f\u017eete zvolit vlastn\u00ed \u010d\u00edsla nebo pou\u017e\u00edt funkci <strong data-start=\"1939\" data-end=\"1974\">Rychl\u00fd v\u00fdb\u011br (SELECCI\u00d3N R\u00c1PIDA)<\/strong>. M\u016f\u017eete p\u0159id\u00e1vat \u0159\u00e1dky p\u0159es tla\u010d\u00edtko <strong data-start=\"2012\" data-end=\"2026\">V\u00cdCE \u0158\u00c1DK\u016e<\/strong>. V prav\u00e9m doln\u00edm rohu se zobraz\u00ed celkov\u00e1 cena s\u00e1zenky a kliknut\u00edm na <strong data-start=\"2096\" data-end=\"2122\">POKRA\u010cOVAT (CONTINUAR)<\/strong> p\u0159ejdete k potvrzen\u00ed a platb\u011b.<\/p>\n<h2 data-start=\"2160\" data-end=\"2190\">Cena s\u00e1zky EuroMillions UK<\/h2>\n<p data-start=\"2192\" data-end=\"2353\">Cena se m\u016f\u017ee li\u0161it dle zem\u011b a m\u011bny. Pokud hrajete p\u0159es <strong data-start=\"2247\" data-end=\"2259\">LottoHoy<\/strong>, standardn\u00ed s\u00e1zka EuroMillions UK v\u010detn\u011b \u00fa\u010dasti na <strong data-start=\"2311\" data-end=\"2335\">UK Millionaire Maker<\/strong> stoj\u00ed <strong data-start=\"2342\" data-end=\"2352\">6,75 \u20ac<\/strong>.<\/p>\n<p data-start=\"2355\" data-end=\"2486\">Tato \u010d\u00e1stka zahrnuje i mo\u017enost vyhr\u00e1t \u00a31 000 000 pomoc\u00ed unik\u00e1tn\u00edho k\u00f3du, a to <strong data-start=\"2433\" data-end=\"2485\">i v p\u0159\u00edpad\u011b, \u017ee va\u0161e \u010d\u00edseln\u00e1 kombinace nevyhr\u00e1la<\/strong>.<\/p>\n<h2 data-start=\"2493\" data-end=\"2538\">Dal\u0161\u00ed speci\u00e1ln\u00ed slosov\u00e1n\u00ed (pouze offline)<\/h2>\n<p data-start=\"2540\" data-end=\"2698\">N\u011bkter\u00e9 zem\u011b nab\u00edzej\u00ed <strong data-start=\"2562\" data-end=\"2595\">speci\u00e1ln\u00ed dopl\u0148kov\u00e1 slosov\u00e1n\u00ed<\/strong>, kter\u00e1 mohou b\u00fdt bu\u010f zahrnuta v cen\u011b tiketu, nebo zpoplatn\u011bna zvl\u00e1\u0161\u0165. N\u00ed\u017ee jsou nejv\u00fdznamn\u011bj\u0161\u00ed z nich:<\/p>\n<h3 data-start=\"2705\" data-end=\"2748\">D\u00e9\u0161\u0165 milion\u00e1\u0159\u016f<\/h3>\n<p data-start=\"2750\" data-end=\"2947\">Zvl\u00e1\u0161tn\u00ed slosov\u00e1n\u00ed, p\u0159i kter\u00e9m je <strong data-start=\"2784\" data-end=\"2834\">vygenerov\u00e1no n\u011bkolik nov\u00fdch milion\u00e1\u0159\u016f najednou<\/strong>. V\u0161ichni hr\u00e1\u010di se platn\u00fdm tiketem jsou automaticky za\u0159azeni do losov\u00e1n\u00ed, kde jsou v\u00fdhern\u00ed k\u00f3dy losov\u00e1ny n\u00e1hodn\u011b.<\/p>\n<h3 data-start=\"3065\" data-end=\"3102\">Super losov\u00e1n\u00ed<\/h3>\n<p data-start=\"3104\" data-end=\"3298\">Speci\u00e1ln\u00ed jackpot s garantovanou v\u00fd\u0161\u00ed, kter\u00fd od roku 2020 prob\u00edh\u00e1 <strong data-start=\"3170\" data-end=\"3182\">3\u00d7 ro\u010dn\u011b<\/strong> s v\u00fdhrami od <strong data-start=\"3196\" data-end=\"3215\">130 milion\u016f eur<\/strong>. Jackpot se p\u0159ev\u00e1d\u00ed d\u00e1le, pokud jej nikdo nevyhraje, a\u017e do v\u00fd\u0161e <strong data-start=\"3280\" data-end=\"3297\">250 milion\u016f \u20ac<\/strong>.<\/p>\n<h3 data-start=\"3405\" data-end=\"3452\">Speci\u00e1ln\u00ed p\u00e1te\u010dn\u00ed losov\u00e1n\u00ed (Big Friday)<\/h3>\n<p data-start=\"3454\" data-end=\"3667\">Tak\u00e9 zn\u00e1m\u00e9 jako Big Friday. Nab\u00edz\u00ed <strong data-start=\"3489\" data-end=\"3525\">dev\u00edtim\u00edstn\u00fd garantovan\u00fd jackpot<\/strong>, funguje podle b\u011b\u017en\u00fdch pravidel, ale je financov\u00e1n z p\u0159\u00edd\u011blu 4,8 % z hlavn\u00edho fondu. Po osmi p\u0159evodech se p\u0159id\u00e1v\u00e1 21 % do posilovac\u00edho fondu.<\/p>\n<h2 data-start=\"3674\" data-end=\"3708\">\u0160ance na v\u00fdhru EuroMillions UK<\/h2>\n<p data-start=\"3710\" data-end=\"3866\">Zde naleznete tabulku se <strong data-start=\"3735\" data-end=\"3791\">\u0161ancemi na v\u00fdhru ve v\u0161ech 13 ofici\u00e1ln\u00edch kategori\u00edch<\/strong>. M\u016f\u017eete je kombinovat s v\u00fdsledky p\u0159edchoz\u00edch losov\u00e1n\u00ed pro lep\u0161\u00ed strategii.<\/p>\n<p data-start=\"3868\" data-end=\"3996\"><a href=\"https:\/\/lottohoy.com\/cs\/vysledky-loterie\/\">Statistiky a v\u00fdsledky:<\/a><br data-start=\"3893\" data-end=\"3896\" \/><\/p>\n","protected":false},"excerpt":{"rendered":"<p>EuroMillions UK. Nej\u010dast\u011bj\u0161\u00ed dotazy o pravidlech, v\u00fdhr\u00e1ch a losov\u00e1n\u00ed EuroMillions UK je n\u00e1rodn\u00ed verze obl\u00edben\u00e9 evropsk\u00e9 loterie, kter\u00e1 se kon\u00e1 ka\u017ed\u00e9 \u00fater\u00fd a p\u00e1tek ve 21:30 (pa\u0159\u00ed\u017esk\u00e9ho \u010dasu). Jde o nejv\u011bt\u0161\u00ed nadn\u00e1rodn\u00ed loterii v Evrop\u011b, kter\u00e1 sdru\u017euje miliony hr\u00e1\u010d\u016f a vypl\u00e1c\u00ed jedny z nejvy\u0161\u0161\u00edch v\u00fdher. Prvn\u00ed slosov\u00e1n\u00ed prob\u011bhlo 13. \u00fanora 2004, kdy ji zah\u00e1jily n\u00e1rodn\u00ed [&hellip;]<\/p>\n","protected":false},"author":8,"featured_media":0,"parent":16747,"menu_order":0,"comment_status":"closed","ping_status":"closed","template":"euromillions-info.php","meta":{"_et_pb_use_builder":"","_et_pb_old_content":"","_et_gb_content_width":"","exclude_from_search":false,"footnotes":""},"class_list":["post-20644","page","type-page","status-publish","hentry"],"yoast_head":"<!-- This site is optimized with the Yoast SEO plugin v23.7 - https:\/\/yoast.com\/wordpress\/plugins\/seo\/ -->\n<title>N\u00e1pov\u011bda k EuroMillions UK \u2013 Odpov\u011bdi na \u010dast\u00e9 ot\u00e1zky<\/title>\n<meta name=\"description\" content=\"Zjist\u011bte, jak funguje EuroMillions UK. Odpov\u011bdi na ot\u00e1zky ohledn\u011b pravidel, Millionaire Makeru a \u0161anc\u00ed na v\u00fdhru a\u017e 250 milion\u016f \u20ac.\" \/>\n<meta name=\"robots\" content=\"index, follow, max-snippet:-1, max-image-preview:large, max-video-preview:-1\" \/>\n<link rel=\"canonical\" href=\"https:\/\/lottohoy.com\/cs\/nejcastejsi-dotazy-k-online-loterii\/informace-o-loterii-euromillions-uk\/\" \/>\n<meta property=\"og:locale\" content=\"cs_CZ\" \/>\n<meta property=\"og:type\" content=\"article\" \/>\n<meta property=\"og:title\" content=\"N\u00e1pov\u011bda k EuroMillions UK \u2013 Odpov\u011bdi na \u010dast\u00e9 ot\u00e1zky\" \/>\n<meta property=\"og:description\" content=\"Zjist\u011bte, jak funguje EuroMillions UK. Odpov\u011bdi na ot\u00e1zky ohledn\u011b pravidel, Millionaire Makeru a \u0161anc\u00ed na v\u00fdhru a\u017e 250 milion\u016f \u20ac.\" \/>\n<meta property=\"og:url\" content=\"https:\/\/lottohoy.com\/cs\/nejcastejsi-dotazy-k-online-loterii\/informace-o-loterii-euromillions-uk\/\" \/>\n<meta property=\"og:site_name\" content=\"Lottohoy\" \/>\n<meta property=\"article:modified_time\" content=\"2025-06-14T17:33:39+00:00\" \/>\n<meta name=\"twitter:card\" content=\"summary_large_image\" \/>\n<meta name=\"twitter:label1\" content=\"Odhadovan\u00e1 doba \u010dten\u00ed\" \/>\n\t<meta name=\"twitter:data1\" content=\"3 minuty\" \/>\n<script type=\"application\/ld+json\" class=\"yoast-schema-graph\">{\"@context\":\"https:\/\/schema.org\",\"@graph\":[{\"@type\":\"WebPage\",\"@id\":\"https:\/\/lottohoy.com\/cs\/nejcastejsi-dotazy-k-online-loterii\/informace-o-loterii-euromillions-uk\/\",\"url\":\"https:\/\/lottohoy.com\/cs\/nejcastejsi-dotazy-k-online-loterii\/informace-o-loterii-euromillions-uk\/\",\"name\":\"N\u00e1pov\u011bda k EuroMillions UK \u2013 Odpov\u011bdi na \u010dast\u00e9 ot\u00e1zky\",\"isPartOf\":{\"@id\":\"https:\/\/lottohoy.com\/cs\/#website\"},\"datePublished\":\"2025-06-13T12:21:53+00:00\",\"dateModified\":\"2025-06-14T17:33:39+00:00\",\"description\":\"Zjist\u011bte, jak funguje EuroMillions UK. Odpov\u011bdi na ot\u00e1zky ohledn\u011b pravidel, Millionaire Makeru a \u0161anc\u00ed na v\u00fdhru a\u017e 250 milion\u016f \u20ac.\",\"breadcrumb\":{\"@id\":\"https:\/\/lottohoy.com\/cs\/nejcastejsi-dotazy-k-online-loterii\/informace-o-loterii-euromillions-uk\/#breadcrumb\"},\"inLanguage\":\"cs\",\"potentialAction\":[{\"@type\":\"ReadAction\",\"target\":[\"https:\/\/lottohoy.com\/cs\/nejcastejsi-dotazy-k-online-loterii\/informace-o-loterii-euromillions-uk\/\"]}]},{\"@type\":\"BreadcrumbList\",\"@id\":\"https:\/\/lottohoy.com\/cs\/nejcastejsi-dotazy-k-online-loterii\/informace-o-loterii-euromillions-uk\/#breadcrumb\",\"itemListElement\":[{\"@type\":\"ListItem\",\"position\":1,\"name\":\"Home\",\"item\":\"https:\/\/lottohoy.com\/cs\/\"},{\"@type\":\"ListItem\",\"position\":2,\"name\":\"Informace o loterii\",\"item\":\"https:\/\/lottohoy.com\/cs\/nejcastejsi-dotazy-k-online-loterii\/\"},{\"@type\":\"ListItem\",\"position\":3,\"name\":\"Informace o loterii Euromillions UK\"}]},{\"@type\":\"WebSite\",\"@id\":\"https:\/\/lottohoy.com\/cs\/#website\",\"url\":\"https:\/\/lottohoy.com\/cs\/\",\"name\":\"Lottohoy\",\"description\":\"\",\"potentialAction\":[{\"@type\":\"SearchAction\",\"target\":{\"@type\":\"EntryPoint\",\"urlTemplate\":\"https:\/\/lottohoy.com\/cs\/?s={search_term_string}\"},\"query-input\":{\"@type\":\"PropertyValueSpecification\",\"valueRequired\":true,\"valueName\":\"search_term_string\"}}],\"inLanguage\":\"cs\"}]}<\/script>\n<!-- \/ Yoast SEO plugin. -->","yoast_head_json":{"title":"N\u00e1pov\u011bda k EuroMillions UK \u2013 Odpov\u011bdi na \u010dast\u00e9 ot\u00e1zky","description":"Zjist\u011bte, jak funguje EuroMillions UK. Odpov\u011bdi na ot\u00e1zky ohledn\u011b pravidel, Millionaire Makeru a \u0161anc\u00ed na v\u00fdhru a\u017e 250 milion\u016f \u20ac.","robots":{"index":"index","follow":"follow","max-snippet":"max-snippet:-1","max-image-preview":"max-image-preview:large","max-video-preview":"max-video-preview:-1"},"canonical":"https:\/\/lottohoy.com\/cs\/nejcastejsi-dotazy-k-online-loterii\/informace-o-loterii-euromillions-uk\/","og_locale":"cs_CZ","og_type":"article","og_title":"N\u00e1pov\u011bda k EuroMillions UK \u2013 Odpov\u011bdi na \u010dast\u00e9 ot\u00e1zky","og_description":"Zjist\u011bte, jak funguje EuroMillions UK. Odpov\u011bdi na ot\u00e1zky ohledn\u011b pravidel, Millionaire Makeru a \u0161anc\u00ed na v\u00fdhru a\u017e 250 milion\u016f \u20ac.","og_url":"https:\/\/lottohoy.com\/cs\/nejcastejsi-dotazy-k-online-loterii\/informace-o-loterii-euromillions-uk\/","og_site_name":"Lottohoy","article_modified_time":"2025-06-14T17:33:39+00:00","twitter_card":"summary_large_image","twitter_misc":{"Odhadovan\u00e1 doba \u010dten\u00ed":"3 minuty"},"schema":{"@context":"https:\/\/schema.org","@graph":[{"@type":"WebPage","@id":"https:\/\/lottohoy.com\/cs\/nejcastejsi-dotazy-k-online-loterii\/informace-o-loterii-euromillions-uk\/","url":"https:\/\/lottohoy.com\/cs\/nejcastejsi-dotazy-k-online-loterii\/informace-o-loterii-euromillions-uk\/","name":"N\u00e1pov\u011bda k EuroMillions UK \u2013 Odpov\u011bdi na \u010dast\u00e9 ot\u00e1zky","isPartOf":{"@id":"https:\/\/lottohoy.com\/cs\/#website"},"datePublished":"2025-06-13T12:21:53+00:00","dateModified":"2025-06-14T17:33:39+00:00","description":"Zjist\u011bte, jak funguje EuroMillions UK. Odpov\u011bdi na ot\u00e1zky ohledn\u011b pravidel, Millionaire Makeru a \u0161anc\u00ed na v\u00fdhru a\u017e 250 milion\u016f \u20ac.","breadcrumb":{"@id":"https:\/\/lottohoy.com\/cs\/nejcastejsi-dotazy-k-online-loterii\/informace-o-loterii-euromillions-uk\/#breadcrumb"},"inLanguage":"cs","potentialAction":[{"@type":"ReadAction","target":["https:\/\/lottohoy.com\/cs\/nejcastejsi-dotazy-k-online-loterii\/informace-o-loterii-euromillions-uk\/"]}]},{"@type":"BreadcrumbList","@id":"https:\/\/lottohoy.com\/cs\/nejcastejsi-dotazy-k-online-loterii\/informace-o-loterii-euromillions-uk\/#breadcrumb","itemListElement":[{"@type":"ListItem","position":1,"name":"Home","item":"https:\/\/lottohoy.com\/cs\/"},{"@type":"ListItem","position":2,"name":"Informace o loterii","item":"https:\/\/lottohoy.com\/cs\/nejcastejsi-dotazy-k-online-loterii\/"},{"@type":"ListItem","position":3,"name":"Informace o loterii Euromillions UK"}]},{"@type":"WebSite","@id":"https:\/\/lottohoy.com\/cs\/#website","url":"https:\/\/lottohoy.com\/cs\/","name":"Lottohoy","description":"","potentialAction":[{"@type":"SearchAction","target":{"@type":"EntryPoint","urlTemplate":"https:\/\/lottohoy.com\/cs\/?s={search_term_string}"},"query-input":{"@type":"PropertyValueSpecification","valueRequired":true,"valueName":"search_term_string"}}],"inLanguage":"cs"}]}},"_links":{"self":[{"href":"https:\/\/lottohoy.com\/cs\/wp-json\/wp\/v2\/pages\/20644","targetHints":{"allow":["GET"]}}],"collection":[{"href":"https:\/\/lottohoy.com\/cs\/wp-json\/wp\/v2\/pages"}],"about":[{"href":"https:\/\/lottohoy.com\/cs\/wp-json\/wp\/v2\/types\/page"}],"author":[{"embeddable":true,"href":"https:\/\/lottohoy.com\/cs\/wp-json\/wp\/v2\/users\/8"}],"replies":[{"embeddable":true,"href":"https:\/\/lottohoy.com\/cs\/wp-json\/wp\/v2\/comments?post=20644"}],"version-history":[{"count":1,"href":"https:\/\/lottohoy.com\/cs\/wp-json\/wp\/v2\/pages\/20644\/revisions"}],"predecessor-version":[{"id":20645,"href":"https:\/\/lottohoy.com\/cs\/wp-json\/wp\/v2\/pages\/20644\/revisions\/20645"}],"up":[{"embeddable":true,"href":"https:\/\/lottohoy.com\/cs\/wp-json\/wp\/v2\/pages\/16747"}],"wp:attachment":[{"href":"https:\/\/lottohoy.com\/cs\/wp-json\/wp\/v2\/media?parent=20644"}],"curies":[{"name":"wp","href":"https:\/\/api.w.org\/{rel}","templated":true}]}}