{"id":20589,"date":"2025-06-13T13:21:14","date_gmt":"2025-06-13T12:21:14","guid":{"rendered":"https:\/\/lottohoy.com\/?page_id=20589"},"modified":"2025-06-14T16:19:57","modified_gmt":"2025-06-14T15:19:57","slug":"vysledky-euromillions-uk","status":"publish","type":"page","link":"https:\/\/lottohoy.com\/cs\/vysledky-loterie\/vysledky-euromillions-uk\/","title":{"rendered":"V\u00fdsledky EuroMillions UK"},"content":{"rendered":"<h1 data-start=\"264\" data-end=\"319\">Aktu\u00e1ln\u00ed v\u00fdsledky EuroMillions UK \u2013 Zkontrolujte sv\u016fj tiket ihned<\/h1>\n<p data-start=\"321\" data-end=\"516\">Chcete-li zkontrolovat v\u00fdsledky losov\u00e1n\u00ed EuroMillions UK \u2014 v\u010detn\u011b v\u00fdhern\u00edho k\u00f3du <strong data-start=\"402\" data-end=\"426\">UK Millionaire Maker<\/strong> \u2014 jednodu\u0161e porovnejte \u010d\u00edsla na sv\u00e9 s\u00e1zence s v\u00fdhern\u00ed kombinac\u00ed uvedenou na t\u00e9to str\u00e1nce.<\/p>\n<p data-start=\"518\" data-end=\"695\">Pokud jste si tiket zakoupili offline, d\u016frazn\u011b doporu\u010dujeme zkontrolovat v\u00fdsledky v\u00edcekr\u00e1t. Nen\u00ed neobvykl\u00e9, \u017ee hr\u00e1\u010di omylem vyhod\u00ed v\u00fdhern\u00ed tiket a p\u0159ijdou tak o milionov\u00e9 v\u00fdhry.<\/p>\n<p data-start=\"697\" data-end=\"863\">Na LottoHoy si nav\u00edc m\u016f\u017eete zobrazit <strong data-start=\"734\" data-end=\"754\">aktu\u00e1ln\u00ed jackpot<\/strong>, v\u00fdherce v jednotliv\u00fdch kategori\u00edch a v\u00fdsledky star\u00e9 a\u017e <strong data-start=\"811\" data-end=\"824\">24 m\u011bs\u00edc\u016f<\/strong>, co\u017e v\u00e1m umo\u017en\u00ed ov\u011b\u0159it i star\u0161\u00ed s\u00e1zky.<\/p>\n<h2 data-start=\"870\" data-end=\"933\">V\u00fdhody kontroly v\u00fdsledk\u016f EuroMillions UK online na LottoHoy<\/h2>\n<p data-start=\"935\" data-end=\"1074\">Po vytvo\u0159en\u00ed bezplatn\u00e9ho u\u017eivatelsk\u00e9ho \u00fa\u010dtu na na\u0161\u00ed platform\u011b okam\u017eit\u011b zjist\u00edte, zda jste vyhr\u00e1li \u2014 bez nutnosti ru\u010dn\u011b vyhled\u00e1vat v\u00fdsledky.<\/p>\n<p data-start=\"1076\" data-end=\"1252\">Pokud je va\u0161e v\u00fdhra v \u00fatern\u00edm nebo p\u00e1te\u010dn\u00edm slosov\u00e1n\u00ed <strong data-start=\"1132\" data-end=\"1157\">2 500 \u20ac \/ \u00a3 nebo m\u00e9n\u011b<\/strong>, bude v\u00e1m \u010d\u00e1stka <strong data-start=\"1175\" data-end=\"1199\">automaticky p\u0159ips\u00e1na<\/strong> na v\u00e1\u0161 \u00fa\u010det a ihned k dispozici k pou\u017eit\u00ed \u010di v\u00fdb\u011bru.<\/p>\n<p data-start=\"1254\" data-end=\"1452\">V p\u0159\u00edpad\u011b vy\u0161\u0161\u00edch v\u00fdher v\u00e1s bude kontaktovat n\u00e1\u0161 pr\u00e1vn\u00ed t\u00fdm, kter\u00fd v\u00e1s <strong data-start=\"1329\" data-end=\"1373\">provede cel\u00fdm procesem ov\u011b\u0159en\u00ed a v\u00fdplaty<\/strong>. Nab\u00edz\u00edme <strong data-start=\"1384\" data-end=\"1416\">osobn\u00ed a d\u016fv\u011brn\u00e9 poradenstv\u00ed<\/strong>, kter\u00e9 v\u00e1m zajist\u00ed bezpe\u010dn\u00fd pr\u016fb\u011bh.<\/p>\n<h2 data-start=\"1459\" data-end=\"1494\">Rozd\u011blen\u00ed v\u00fdher EuroMillions UK<\/h2>\n<p data-start=\"1496\" data-end=\"1653\">N\u00ed\u017ee naleznete tabulku s <strong data-start=\"1521\" data-end=\"1580\">v\u00fdhern\u00ed kombinac\u00ed z posledn\u00edho losov\u00e1n\u00ed EuroMillions UK<\/strong> a <strong data-start=\"1583\" data-end=\"1603\">rozd\u011blen\u00edm v\u00fdher<\/strong> pro v\u0161ech <strong data-start=\"1614\" data-end=\"1652\">13 ofici\u00e1ln\u00edch v\u00fdhern\u00edch kategori\u00ed<\/strong>.<\/p>\n<p data-start=\"1655\" data-end=\"1671\">Tabulka ukazuje:<\/p>\n<ul data-start=\"1673\" data-end=\"1862\">\n<li data-start=\"1673\" data-end=\"1736\">\n<p data-start=\"1675\" data-end=\"1736\">Kolik \u010d\u00edsel a hv\u011bzd je pot\u0159eba pro ka\u017edou v\u00fdhern\u00ed kategorii<\/p>\n<\/li>\n<li data-start=\"1737\" data-end=\"1771\">\n<p data-start=\"1739\" data-end=\"1771\">Po\u010det v\u00fdherc\u016f v dan\u00e9 kategorii<\/p>\n<\/li>\n<li data-start=\"1772\" data-end=\"1862\">\n<p data-start=\"1774\" data-end=\"1862\">V\u00fd\u0161i v\u00fdher v <strong data-start=\"1787\" data-end=\"1801\">eur\u00e1ch (\u20ac)<\/strong> pro ka\u017ed\u00e9ho v\u00edt\u011bze <em data-start=\"1821\" data-end=\"1862\">(v\u00fdplata prob\u00edh\u00e1 v britsk\u00fdch libr\u00e1ch \u00a3)<\/em><\/p>\n<\/li>\n<\/ul>\n<p data-start=\"1864\" data-end=\"1981\">\ud83d\udc49 <a href=\"https:\/\/lottohoy.com\/cs\/loterijni-jackpoty\/\">Historii jackpot\u016f<\/a> si m\u016f\u017eete prohl\u00e9dnout zde:<\/p>\n<p data-start=\"1983\" data-end=\"2160\">\ud83d\udc49 Je\u0161t\u011b nem\u00e1te \u00fa\u010det? <a href=\"https:\/\/lottohoy.com\/cs\/registrace\/\">Zaregistrujte se<\/a> zdarma zde:<\/p>\n<h1><\/h1>\n","protected":false},"excerpt":{"rendered":"<p>Aktu\u00e1ln\u00ed v\u00fdsledky EuroMillions UK \u2013 Zkontrolujte sv\u016fj tiket ihned Chcete-li zkontrolovat v\u00fdsledky losov\u00e1n\u00ed EuroMillions UK \u2014 v\u010detn\u011b v\u00fdhern\u00edho k\u00f3du UK Millionaire Maker \u2014 jednodu\u0161e porovnejte \u010d\u00edsla na sv\u00e9 s\u00e1zence s v\u00fdhern\u00ed kombinac\u00ed uvedenou na t\u00e9to str\u00e1nce. Pokud jste si tiket zakoupili offline, d\u016frazn\u011b doporu\u010dujeme zkontrolovat v\u00fdsledky v\u00edcekr\u00e1t. Nen\u00ed neobvykl\u00e9, \u017ee hr\u00e1\u010di omylem vyhod\u00ed v\u00fdhern\u00ed tiket [&hellip;]<\/p>\n","protected":false},"author":8,"featured_media":0,"parent":16887,"menu_order":0,"comment_status":"closed","ping_status":"closed","template":"euromillions-results.php","meta":{"_et_pb_use_builder":"","_et_pb_old_content":"","_et_gb_content_width":"","exclude_from_search":false,"footnotes":""},"class_list":["post-20589","page","type-page","status-publish","hentry"],"yoast_head":"<!-- This site is optimized with the Yoast SEO plugin v23.7 - https:\/\/yoast.com\/wordpress\/plugins\/seo\/ -->\n<title>V\u00fdsledky EuroMillions UK online \u2013 Zjist\u011bte ihned, zda jste vyhr\u00e1li<\/title>\n<meta name=\"description\" content=\"Zkontrolujte v\u00fdsledky EuroMillions UK online. Porovnejte sv\u016fj tiket a ihned zjist\u011bte, zda jste vyhr\u00e1li. V\u00fdsledky a\u017e 24 m\u011bs\u00edc\u016f zp\u011btn\u011b na LottoHoy.\" \/>\n<meta name=\"robots\" content=\"index, follow, max-snippet:-1, max-image-preview:large, max-video-preview:-1\" \/>\n<link rel=\"canonical\" href=\"https:\/\/lottohoy.com\/cs\/vysledky-loterie\/vysledky-euromillions-uk\/\" \/>\n<meta property=\"og:locale\" content=\"cs_CZ\" \/>\n<meta property=\"og:type\" content=\"article\" \/>\n<meta property=\"og:title\" content=\"V\u00fdsledky EuroMillions UK online \u2013 Zjist\u011bte ihned, zda jste vyhr\u00e1li\" \/>\n<meta property=\"og:description\" content=\"Zkontrolujte v\u00fdsledky EuroMillions UK online. Porovnejte sv\u016fj tiket a ihned zjist\u011bte, zda jste vyhr\u00e1li. V\u00fdsledky a\u017e 24 m\u011bs\u00edc\u016f zp\u011btn\u011b na LottoHoy.\" \/>\n<meta property=\"og:url\" content=\"https:\/\/lottohoy.com\/cs\/vysledky-loterie\/vysledky-euromillions-uk\/\" \/>\n<meta property=\"og:site_name\" content=\"Lottohoy\" \/>\n<meta property=\"article:modified_time\" content=\"2025-06-14T15:19:57+00:00\" \/>\n<meta name=\"twitter:card\" content=\"summary_large_image\" \/>\n<meta name=\"twitter:label1\" content=\"Odhadovan\u00e1 doba \u010dten\u00ed\" \/>\n\t<meta name=\"twitter:data1\" content=\"2 minuty\" \/>\n<script type=\"application\/ld+json\" class=\"yoast-schema-graph\">{\"@context\":\"https:\/\/schema.org\",\"@graph\":[{\"@type\":\"WebPage\",\"@id\":\"https:\/\/lottohoy.com\/cs\/vysledky-loterie\/vysledky-euromillions-uk\/\",\"url\":\"https:\/\/lottohoy.com\/cs\/vysledky-loterie\/vysledky-euromillions-uk\/\",\"name\":\"V\u00fdsledky EuroMillions UK online \u2013 Zjist\u011bte ihned, zda jste vyhr\u00e1li\",\"isPartOf\":{\"@id\":\"https:\/\/lottohoy.com\/cs\/#website\"},\"datePublished\":\"2025-06-13T12:21:14+00:00\",\"dateModified\":\"2025-06-14T15:19:57+00:00\",\"description\":\"Zkontrolujte v\u00fdsledky EuroMillions UK online. Porovnejte sv\u016fj tiket a ihned zjist\u011bte, zda jste vyhr\u00e1li. V\u00fdsledky a\u017e 24 m\u011bs\u00edc\u016f zp\u011btn\u011b na LottoHoy.\",\"breadcrumb\":{\"@id\":\"https:\/\/lottohoy.com\/cs\/vysledky-loterie\/vysledky-euromillions-uk\/#breadcrumb\"},\"inLanguage\":\"cs\",\"potentialAction\":[{\"@type\":\"ReadAction\",\"target\":[\"https:\/\/lottohoy.com\/cs\/vysledky-loterie\/vysledky-euromillions-uk\/\"]}]},{\"@type\":\"BreadcrumbList\",\"@id\":\"https:\/\/lottohoy.com\/cs\/vysledky-loterie\/vysledky-euromillions-uk\/#breadcrumb\",\"itemListElement\":[{\"@type\":\"ListItem\",\"position\":1,\"name\":\"Home\",\"item\":\"https:\/\/lottohoy.com\/cs\/\"},{\"@type\":\"ListItem\",\"position\":2,\"name\":\"V\u00fdsledky loterie\",\"item\":\"https:\/\/lottohoy.com\/cs\/vysledky-loterie\/\"},{\"@type\":\"ListItem\",\"position\":3,\"name\":\"V\u00fdsledky EuroMillions UK\"}]},{\"@type\":\"WebSite\",\"@id\":\"https:\/\/lottohoy.com\/cs\/#website\",\"url\":\"https:\/\/lottohoy.com\/cs\/\",\"name\":\"Lottohoy\",\"description\":\"\",\"potentialAction\":[{\"@type\":\"SearchAction\",\"target\":{\"@type\":\"EntryPoint\",\"urlTemplate\":\"https:\/\/lottohoy.com\/cs\/?s={search_term_string}\"},\"query-input\":{\"@type\":\"PropertyValueSpecification\",\"valueRequired\":true,\"valueName\":\"search_term_string\"}}],\"inLanguage\":\"cs\"}]}<\/script>\n<!-- \/ Yoast SEO plugin. -->","yoast_head_json":{"title":"V\u00fdsledky EuroMillions UK online \u2013 Zjist\u011bte ihned, zda jste vyhr\u00e1li","description":"Zkontrolujte v\u00fdsledky EuroMillions UK online. Porovnejte sv\u016fj tiket a ihned zjist\u011bte, zda jste vyhr\u00e1li. V\u00fdsledky a\u017e 24 m\u011bs\u00edc\u016f zp\u011btn\u011b na LottoHoy.","robots":{"index":"index","follow":"follow","max-snippet":"max-snippet:-1","max-image-preview":"max-image-preview:large","max-video-preview":"max-video-preview:-1"},"canonical":"https:\/\/lottohoy.com\/cs\/vysledky-loterie\/vysledky-euromillions-uk\/","og_locale":"cs_CZ","og_type":"article","og_title":"V\u00fdsledky EuroMillions UK online \u2013 Zjist\u011bte ihned, zda jste vyhr\u00e1li","og_description":"Zkontrolujte v\u00fdsledky EuroMillions UK online. Porovnejte sv\u016fj tiket a ihned zjist\u011bte, zda jste vyhr\u00e1li. V\u00fdsledky a\u017e 24 m\u011bs\u00edc\u016f zp\u011btn\u011b na LottoHoy.","og_url":"https:\/\/lottohoy.com\/cs\/vysledky-loterie\/vysledky-euromillions-uk\/","og_site_name":"Lottohoy","article_modified_time":"2025-06-14T15:19:57+00:00","twitter_card":"summary_large_image","twitter_misc":{"Odhadovan\u00e1 doba \u010dten\u00ed":"2 minuty"},"schema":{"@context":"https:\/\/schema.org","@graph":[{"@type":"WebPage","@id":"https:\/\/lottohoy.com\/cs\/vysledky-loterie\/vysledky-euromillions-uk\/","url":"https:\/\/lottohoy.com\/cs\/vysledky-loterie\/vysledky-euromillions-uk\/","name":"V\u00fdsledky EuroMillions UK online \u2013 Zjist\u011bte ihned, zda jste vyhr\u00e1li","isPartOf":{"@id":"https:\/\/lottohoy.com\/cs\/#website"},"datePublished":"2025-06-13T12:21:14+00:00","dateModified":"2025-06-14T15:19:57+00:00","description":"Zkontrolujte v\u00fdsledky EuroMillions UK online. Porovnejte sv\u016fj tiket a ihned zjist\u011bte, zda jste vyhr\u00e1li. V\u00fdsledky a\u017e 24 m\u011bs\u00edc\u016f zp\u011btn\u011b na LottoHoy.","breadcrumb":{"@id":"https:\/\/lottohoy.com\/cs\/vysledky-loterie\/vysledky-euromillions-uk\/#breadcrumb"},"inLanguage":"cs","potentialAction":[{"@type":"ReadAction","target":["https:\/\/lottohoy.com\/cs\/vysledky-loterie\/vysledky-euromillions-uk\/"]}]},{"@type":"BreadcrumbList","@id":"https:\/\/lottohoy.com\/cs\/vysledky-loterie\/vysledky-euromillions-uk\/#breadcrumb","itemListElement":[{"@type":"ListItem","position":1,"name":"Home","item":"https:\/\/lottohoy.com\/cs\/"},{"@type":"ListItem","position":2,"name":"V\u00fdsledky loterie","item":"https:\/\/lottohoy.com\/cs\/vysledky-loterie\/"},{"@type":"ListItem","position":3,"name":"V\u00fdsledky EuroMillions UK"}]},{"@type":"WebSite","@id":"https:\/\/lottohoy.com\/cs\/#website","url":"https:\/\/lottohoy.com\/cs\/","name":"Lottohoy","description":"","potentialAction":[{"@type":"SearchAction","target":{"@type":"EntryPoint","urlTemplate":"https:\/\/lottohoy.com\/cs\/?s={search_term_string}"},"query-input":{"@type":"PropertyValueSpecification","valueRequired":true,"valueName":"search_term_string"}}],"inLanguage":"cs"}]}},"_links":{"self":[{"href":"https:\/\/lottohoy.com\/cs\/wp-json\/wp\/v2\/pages\/20589","targetHints":{"allow":["GET"]}}],"collection":[{"href":"https:\/\/lottohoy.com\/cs\/wp-json\/wp\/v2\/pages"}],"about":[{"href":"https:\/\/lottohoy.com\/cs\/wp-json\/wp\/v2\/types\/page"}],"author":[{"embeddable":true,"href":"https:\/\/lottohoy.com\/cs\/wp-json\/wp\/v2\/users\/8"}],"replies":[{"embeddable":true,"href":"https:\/\/lottohoy.com\/cs\/wp-json\/wp\/v2\/comments?post=20589"}],"version-history":[{"count":1,"href":"https:\/\/lottohoy.com\/cs\/wp-json\/wp\/v2\/pages\/20589\/revisions"}],"predecessor-version":[{"id":20590,"href":"https:\/\/lottohoy.com\/cs\/wp-json\/wp\/v2\/pages\/20589\/revisions\/20590"}],"up":[{"embeddable":true,"href":"https:\/\/lottohoy.com\/cs\/wp-json\/wp\/v2\/pages\/16887"}],"wp:attachment":[{"href":"https:\/\/lottohoy.com\/cs\/wp-json\/wp\/v2\/media?parent=20589"}],"curies":[{"name":"wp","href":"https:\/\/api.w.org\/{rel}","templated":true}]}}