{"id":20517,"date":"2025-06-13T12:40:52","date_gmt":"2025-06-13T11:40:52","guid":{"rendered":"https:\/\/lottohoy.com\/?page_id=20517"},"modified":"2025-06-14T12:11:27","modified_gmt":"2025-06-14T11:11:27","slug":"hrat-euromillions-uk","status":"publish","type":"page","link":"https:\/\/lottohoy.com\/cs\/hrat\/hrat-euromillions-uk\/","title":{"rendered":"Hr\u00e1t EuroMillions UK"},"content":{"rendered":"<h1 data-start=\"252\" data-end=\"283\">Hr\u00e1t EuroMillions UK \u2013 \u00davod<\/h1>\n<p data-start=\"285\" data-end=\"705\">EuroMillions je loterijn\u00ed hra, kterou spravuje ka\u017ed\u00e1 z\u00fa\u010dastn\u011bn\u00e1 zem\u011b nez\u00e1visle.<br data-start=\"364\" data-end=\"367\" \/>Vznikla v roce 2004 z iniciativy francouzsk\u00e9 spole\u010dnosti \u201eFran\u00e7aise des Jeux\u201c, \u0161pan\u011blsk\u00e9 loterie \u201eLoter\u00edas y Apuestas del Estado\u201c a britsk\u00e9 \u201eCamelot\u201c. Pozd\u011bji se p\u0159idaly i ofici\u00e1ln\u00ed loterie dal\u0161\u00edch evropsk\u00fdch zem\u00ed a\u017e do celkov\u00e9ho po\u010dtu 9 (Francie, \u0160pan\u011blsko, Velk\u00e1 Brit\u00e1nie, Rakousko, Belgie, Irsko, Lucembursko, Portugalsko a \u0160v\u00fdcarsko).<\/p>\n<p data-start=\"707\" data-end=\"878\">Po brexitu Spojen\u00e9 kr\u00e1lovstv\u00ed opustilo Evropskou unii, ale nad\u00e1le se \u00fa\u010dastn\u00ed EuroMillions podle stejn\u00fdch pravidel jako ostatn\u00ed zem\u011b, s mal\u00fdmi odli\u0161nostmi. (V\u00edce informac\u00ed)<\/p>\n<p data-start=\"880\" data-end=\"1083\">V r\u00e1mci b\u011b\u017en\u00e9 hry EuroMillions zahrnuje tiket ve Spojen\u00e9m kr\u00e1lovstv\u00ed tak\u00e9 \u00fa\u010dast v UK Millionaire Maker \u2013 h\u0159e s unik\u00e1tn\u00edm k\u00f3dem, ve kter\u00e9 je v ka\u017ed\u00e9m losov\u00e1n\u00ed jist\u00fd v\u00fdherce s pevn\u00fdm jackpotem 1 000 000 \u00a3.<\/p>\n<h2 data-start=\"1090\" data-end=\"1135\">Jak hr\u00e1t tento tiket EuroMillions online?<\/h2>\n<p data-start=\"1137\" data-end=\"1392\">Je to velmi jednoduch\u00e9. Nejprve si vytvo\u0159te u\u017eivatelsk\u00fd \u00fa\u010det na <a class=\"\" href=\"https:\/\/lottohoy.com\/cs\/registrace\/\" target=\"_new\" rel=\"noopener\" data-start=\"1201\" data-end=\"1236\">lottohoy.com<\/a>, abyste z\u00edskali p\u0159\u00edstup ke v\u0161em funkc\u00edm platformy: Hern\u00ed konzole, informace o loterii, v\u00fdsledky v\u0161ech losov\u00e1n\u00ed a zpravodajsk\u00e1 sekce s aktu\u00e1ln\u00edmi novinkami.<\/p>\n<p data-start=\"1394\" data-end=\"1563\">Na hern\u00ed konzoli najdete 5 tabulek (ka\u017ed\u00e1 p\u0159edstavuje jednu s\u00e1zku) s dostupn\u00fdmi \u010d\u00edsly rozd\u011blen\u00fdmi na dv\u011b \u010d\u00e1sti: hlavn\u00ed \u010d\u00edsla (1\u201350) a dopl\u0148kov\u00e1 \u010d\u00edsla nebo hv\u011bzdy (1\u201312).<\/p>\n<p data-start=\"1565\" data-end=\"1661\">Svoji kombinaci m\u016f\u017eete vyplnit ru\u010dn\u011b v\u00fdb\u011brem \u010d\u00edsel, nebo ji nechat vygenerovat syst\u00e9mem n\u00e1hodn\u011b.<\/p>\n<p data-start=\"1663\" data-end=\"1701\">Je d\u016fle\u017eit\u00e9 zn\u00e1t r\u016fzn\u00e9 zp\u016fsoby s\u00e1zen\u00ed:<\/p>\n<h3 data-start=\"1708\" data-end=\"1744\">Jednoduch\u00e1 s\u00e1zka EuroMillions UK<\/h3>\n<p data-start=\"1746\" data-end=\"1883\">Ka\u017ed\u00e1 tabulka p\u0159edstavuje jednu samostatnou s\u00e1zku.<br data-start=\"1796\" data-end=\"1799\" \/>Mus\u00edte ozna\u010dit 5 \u010d\u00edsel z rozmez\u00ed 1\u201350 a nav\u00edc 2 hv\u011bzdy z doln\u00ed \u010d\u00e1sti tabulky (1\u201312).<\/p>\n<h3 data-start=\"1890\" data-end=\"1927\">Kombinovan\u00e1 s\u00e1zka EuroMillions UK<\/h3>\n<p data-start=\"1929\" data-end=\"2101\">P\u0159i hran\u00ed online prost\u0159ednictv\u00edm na\u0161\u00ed platformy zat\u00edm nen\u00ed mo\u017en\u00e9 zadat kombinovanou s\u00e1zku, ale&#8230;<br data-start=\"2026\" data-end=\"2029\" \/>Na\u0161i v\u00fdvoj\u00e1\u0159i pracuj\u00ed na tom, aby tuto mo\u017enost co nejd\u0159\u00edve zp\u0159\u00edstupnili.<\/p>\n<p data-start=\"2103\" data-end=\"2253\">Pro va\u0161i informaci \u2013 p\u0159i offline h\u0159e to mo\u017en\u00e9 je.<br data-start=\"2152\" data-end=\"2155\" \/>Kombinovan\u00e1 s\u00e1zka se zad\u00e1v\u00e1 v prvn\u00ed tabulce ozna\u010den\u00edm 6\u201310 hlavn\u00edch \u010d\u00edsel a 2\u20136 dopl\u0148kov\u00fdch hv\u011bzd.<\/p>\n<p data-start=\"2255\" data-end=\"2417\">\u010c\u00edm v\u00edce kombinac\u00ed, t\u00edm vy\u0161\u0161\u00ed bude celkov\u00e1 cena tiketu.<br data-start=\"2310\" data-end=\"2313\" \/>N\u00ed\u017ee uv\u00e1d\u00edme tabulku pro lep\u0161\u00ed orientaci \u2013 sta\u010d\u00ed vyn\u00e1sobit cenu jedn\u00e9 jednoduch\u00e9 s\u00e1zky po\u010dtem kombinac\u00ed:<\/p>\n<div class=\"_tableContainer_16hzy_1\">\n<div class=\"_tableWrapper_16hzy_14 group flex w-fit flex-col-reverse\">\n<table class=\"w-fit min-w-(--thread-content-width)\" data-start=\"2419\" data-end=\"2772\">\n<thead data-start=\"2419\" data-end=\"2477\">\n<tr data-start=\"2419\" data-end=\"2477\">\n<th data-start=\"2419\" data-end=\"2436\" data-col-size=\"sm\">Hv\u011bzdy \\ \u010c\u00edsla<\/th>\n<th data-start=\"2436\" data-end=\"2441\" data-col-size=\"sm\">5<\/th>\n<th data-start=\"2441\" data-end=\"2446\" data-col-size=\"sm\">6<\/th>\n<th data-start=\"2446\" data-end=\"2452\" data-col-size=\"sm\">7<\/th>\n<th data-start=\"2452\" data-end=\"2459\" data-col-size=\"sm\">8<\/th>\n<th data-start=\"2459\" data-end=\"2467\" data-col-size=\"sm\">9<\/th>\n<th data-start=\"2467\" data-end=\"2477\" data-col-size=\"sm\">10<\/th>\n<\/tr>\n<\/thead>\n<tbody data-start=\"2537\" data-end=\"2772\">\n<tr data-start=\"2537\" data-end=\"2595\">\n<td data-start=\"2537\" data-end=\"2554\" data-col-size=\"sm\">2<\/td>\n<td data-col-size=\"sm\" data-start=\"2554\" data-end=\"2559\">\u2013<\/td>\n<td data-col-size=\"sm\" data-start=\"2559\" data-end=\"2564\">6<\/td>\n<td data-col-size=\"sm\" data-start=\"2564\" data-end=\"2570\">21<\/td>\n<td data-col-size=\"sm\" data-start=\"2570\" data-end=\"2577\">56<\/td>\n<td data-col-size=\"sm\" data-start=\"2577\" data-end=\"2585\">126<\/td>\n<td data-col-size=\"sm\" data-start=\"2585\" data-end=\"2595\">252<\/td>\n<\/tr>\n<tr data-start=\"2596\" data-end=\"2654\">\n<td data-start=\"2596\" data-end=\"2613\" data-col-size=\"sm\">3<\/td>\n<td data-col-size=\"sm\" data-start=\"2613\" data-end=\"2618\">3<\/td>\n<td data-col-size=\"sm\" data-start=\"2618\" data-end=\"2623\">18<\/td>\n<td data-col-size=\"sm\" data-start=\"2623\" data-end=\"2629\">63<\/td>\n<td data-col-size=\"sm\" data-start=\"2629\" data-end=\"2636\">168<\/td>\n<td data-col-size=\"sm\" data-start=\"2636\" data-end=\"2644\">378<\/td>\n<td data-col-size=\"sm\" data-start=\"2644\" data-end=\"2654\">756<\/td>\n<\/tr>\n<tr data-start=\"2655\" data-end=\"2713\">\n<td data-start=\"2655\" data-end=\"2672\" data-col-size=\"sm\">4<\/td>\n<td data-col-size=\"sm\" data-start=\"2672\" data-end=\"2677\">6<\/td>\n<td data-col-size=\"sm\" data-start=\"2677\" data-end=\"2682\">36<\/td>\n<td data-col-size=\"sm\" data-start=\"2682\" data-end=\"2688\">126<\/td>\n<td data-col-size=\"sm\" data-start=\"2688\" data-end=\"2695\">336<\/td>\n<td data-col-size=\"sm\" data-start=\"2695\" data-end=\"2703\">756<\/td>\n<td data-col-size=\"sm\" data-start=\"2703\" data-end=\"2713\">1 512<\/td>\n<\/tr>\n<tr data-start=\"2714\" data-end=\"2772\">\n<td data-start=\"2714\" data-end=\"2731\" data-col-size=\"sm\">5<\/td>\n<td data-col-size=\"sm\" data-start=\"2731\" data-end=\"2736\">10<\/td>\n<td data-col-size=\"sm\" data-start=\"2736\" data-end=\"2741\">60<\/td>\n<td data-col-size=\"sm\" data-start=\"2741\" data-end=\"2747\">210<\/td>\n<td data-col-size=\"sm\" data-start=\"2747\" data-end=\"2754\">560<\/td>\n<td data-col-size=\"sm\" data-start=\"2754\" data-end=\"2762\">1 260<\/td>\n<td data-col-size=\"sm\" data-start=\"2762\" data-end=\"2772\">2 520<\/td>\n<\/tr>\n<\/tbody>\n<\/table>\n<div class=\"sticky end-(--thread-content-margin) h-0 self-end select-none\">\n<div class=\"absolute end-0 flex items-end\"><\/div>\n<\/div>\n<\/div>\n<\/div>\n<h3 data-start=\"2779\" data-end=\"2815\">Redukovan\u00e1 s\u00e1zka EuroMillions UK<\/h3>\n<p data-start=\"2817\" data-end=\"2919\">Stejn\u011b jako v p\u0159edchoz\u00edm p\u0159\u00edpad\u011b je tato mo\u017enost dostupn\u00e1 pouze offline. Uv\u00e1d\u00edme ji zde pro informaci.<\/p>\n<p data-start=\"2921\" data-end=\"3056\">Tento zp\u016fsob hry kombinuje jednoduch\u00e9 i kombinovan\u00e9 s\u00e1zky \u2013 hr\u00e1\u010d tak m\u016f\u017ee na jedin\u00e9m tiketu zahrnout v\u00edce kombinac\u00ed se sd\u00edlen\u00fdmi \u010d\u00edsly.<\/p>\n<p data-start=\"3058\" data-end=\"3067\">P\u0159\u00edklady:<\/p>\n<ul data-start=\"3069\" data-end=\"3377\">\n<li data-start=\"3069\" data-end=\"3133\">\n<p data-start=\"3071\" data-end=\"3133\">10 \u010d\u00edsel a 2 hv\u011bzdy = 14 s\u00e1zek (oproti 252 pln\u00fdm kombinac\u00edm)<\/p>\n<\/li>\n<li data-start=\"3134\" data-end=\"3194\">\n<p data-start=\"3136\" data-end=\"3194\">10 \u010d\u00edsel a 4 hv\u011bzdy = 28 s\u00e1zek (oproti 1 512 kombinac\u00edm)<\/p>\n<\/li>\n<li data-start=\"3195\" data-end=\"3255\">\n<p data-start=\"3197\" data-end=\"3255\">10 \u010d\u00edsel a 3 hv\u011bzdy = 84 s\u00e1zek (oproti 1 512 kombinac\u00edm)<\/p>\n<\/li>\n<li data-start=\"3256\" data-end=\"3317\">\n<p data-start=\"3258\" data-end=\"3317\">12 \u010d\u00edsel a 3 hv\u011bzdy = 114 s\u00e1zek (oproti 2 376 kombinac\u00edm)<\/p>\n<\/li>\n<li data-start=\"3318\" data-end=\"3377\">\n<p data-start=\"3320\" data-end=\"3377\">15 \u010d\u00edsel a 4 hv\u011bzdy = 30 s\u00e1zek (oproti 18 018 kombinac\u00edm)<\/p>\n<\/li>\n<\/ul>\n<h3 data-start=\"3384\" data-end=\"3422\">Kdy prob\u00edh\u00e1 losov\u00e1n\u00ed EuroMillions?<\/h3>\n<p data-start=\"3424\" data-end=\"3551\">Jeliko\u017e jde o jednotnou evropskou loterii, losov\u00e1n\u00ed EuroMillions prob\u00edh\u00e1 v\u017edy v \u00fater\u00fd a p\u00e1tek ve 21:30 (st\u0159edoevropsk\u00e9ho \u010dasu).<\/p>\n<p data-start=\"3553\" data-end=\"3714\">Na\u0161e platforma uzav\u00edr\u00e1 n\u00e1kupn\u00ed mo\u017enost n\u011bkolik hodin p\u0159ed losov\u00e1n\u00edm (ozn\u00e1meno na hern\u00ed obrazovce), aby na\u0161i z\u00e1stupci mohli zakoupit tikety v jednotliv\u00fdch zem\u00edch.<\/p>\n<p data-start=\"3716\" data-end=\"3834\">Pokud nakoup\u00edte mimo stanovenou dobu, v\u00e1\u0161 tiket bude platn\u00fd pro n\u00e1sleduj\u00edc\u00ed losov\u00e1n\u00ed \u2013 podm\u00ednky v\u0161ak z\u016fst\u00e1vaj\u00ed stejn\u00e9.<\/p>\n<p data-start=\"3836\" data-end=\"3954\">Pokud si zvol\u00edte opakovanou hru, prvn\u00ed tiket mus\u00ed b\u00fdt potvrzen p\u0159ed uz\u00e1v\u011brkou, ostatn\u00ed u\u017e budou zakoupeny automaticky.<\/p>\n<h3 data-start=\"3961\" data-end=\"4005\">V\u00fdhody online n\u00e1kupu tiket\u016f EuroMillions<\/h3>\n<p data-start=\"4007\" data-end=\"4056\">Nov\u00e9 zvyky a pohodl\u00ed p\u0159in\u00e1\u0161\u00ed v\u00fdhody online hran\u00ed:<\/p>\n<ul data-start=\"4058\" data-end=\"4646\">\n<li data-start=\"4058\" data-end=\"4137\">\n<p data-start=\"4060\" data-end=\"4137\"><strong data-start=\"4060\" data-end=\"4090\">V\u011bt\u0161\u00ed bezpe\u010dnost transakc\u00ed<\/strong>: Zabezpe\u010den\u00fd protokol HTTPS:\/\/ \u2013 ov\u011b\u0159te si ho.<\/p>\n<\/li>\n<li data-start=\"4138\" data-end=\"4197\">\n<p data-start=\"4140\" data-end=\"4197\"><strong data-start=\"4140\" data-end=\"4175\">\u0160irok\u00e9 mo\u017enosti plateb a v\u00fdb\u011br\u016f<\/strong> s d\u016fv\u011brou a pohodl\u00edm.<\/p>\n<\/li>\n<li data-start=\"4198\" data-end=\"4269\">\n<p data-start=\"4200\" data-end=\"4269\"><strong data-start=\"4200\" data-end=\"4232\">N\u00e1kup 24\/7, ka\u017ed\u00fd den v roce<\/strong>: Nen\u00ed t\u0159eba sledovat otev\u00edrac\u00ed dobu.<\/p>\n<\/li>\n<li data-start=\"4270\" data-end=\"4339\">\n<p data-start=\"4272\" data-end=\"4339\"><strong data-start=\"4272\" data-end=\"4309\">Bez front a cestov\u00e1n\u00ed \u2013 odkudkoli<\/strong>: Sta\u010d\u00ed p\u0159ipojen\u00ed k internetu.<\/p>\n<\/li>\n<li data-start=\"4340\" data-end=\"4400\">\n<p data-start=\"4342\" data-end=\"4400\"><strong data-start=\"4342\" data-end=\"4372\">\u017d\u00e1dn\u00e9 riziko ztr\u00e1ty tiketu<\/strong>: V\u0161e ulo\u017eeno na va\u0161em \u00fa\u010dtu.<\/p>\n<\/li>\n<li data-start=\"4401\" data-end=\"4466\">\n<p data-start=\"4403\" data-end=\"4466\"><strong data-start=\"4403\" data-end=\"4441\">V\u00fdhry p\u0159ips\u00e1ny automaticky na \u00fa\u010det<\/strong>: Po losov\u00e1n\u00ed a kontrole.<\/p>\n<\/li>\n<li data-start=\"4467\" data-end=\"4601\">\n<p data-start=\"4469\" data-end=\"4601\"><strong data-start=\"4469\" data-end=\"4527\">Informace o jackpotech, speci\u00e1ln\u00edch taz\u00edch a novink\u00e1ch<\/strong>:<br data-start=\"4528\" data-end=\"4531\" \/>\u27a4 <a class=\"\" href=\"https:\/\/lottohoy.com\/cs\/loterijni-jackpoty\/\" target=\"_new\" rel=\"noopener\" data-start=\"4535\" data-end=\"4599\">https:\/\/lottohoy.com\/es\/jackpoty<\/a><\/p>\n<\/li>\n<li data-start=\"4602\" data-end=\"4646\">\n<p data-start=\"4604\" data-end=\"4646\"><strong data-start=\"4604\" data-end=\"4646\">Automatick\u00e9 zas\u00edl\u00e1n\u00ed v\u00fdsledk\u016f e-mailem<\/strong><\/p>\n<\/li>\n<\/ul>\n","protected":false},"excerpt":{"rendered":"<p>Hr\u00e1t EuroMillions UK \u2013 \u00davod EuroMillions je loterijn\u00ed hra, kterou spravuje ka\u017ed\u00e1 z\u00fa\u010dastn\u011bn\u00e1 zem\u011b nez\u00e1visle.Vznikla v roce 2004 z iniciativy francouzsk\u00e9 spole\u010dnosti \u201eFran\u00e7aise des Jeux\u201c, \u0161pan\u011blsk\u00e9 loterie \u201eLoter\u00edas y Apuestas del Estado\u201c a britsk\u00e9 \u201eCamelot\u201c. Pozd\u011bji se p\u0159idaly i ofici\u00e1ln\u00ed loterie dal\u0161\u00edch evropsk\u00fdch zem\u00ed a\u017e do celkov\u00e9ho po\u010dtu 9 (Francie, \u0160pan\u011blsko, Velk\u00e1 Brit\u00e1nie, Rakousko, Belgie, [&hellip;]<\/p>\n","protected":false},"author":8,"featured_media":0,"parent":16577,"menu_order":0,"comment_status":"closed","ping_status":"closed","template":"euromillions.php","meta":{"_et_pb_use_builder":"","_et_pb_old_content":"","_et_gb_content_width":"","exclude_from_search":false,"footnotes":""},"class_list":["post-20517","page","type-page","status-publish","hentry"],"yoast_head":"<!-- This site is optimized with the Yoast SEO plugin v23.7 - https:\/\/yoast.com\/wordpress\/plugins\/seo\/ -->\n<title>Hr\u00e1t EuroMillions UK online \u2013 Jak funguje a jak vyhr\u00e1t | LottoHoy<\/title>\n<meta name=\"description\" content=\"Zjist\u011bte, jak hr\u00e1t britsk\u00e9 EuroMillions online. Pravidla, druhy s\u00e1zek, losovac\u00ed \u010dasy a bonus UK Millionaire Maker. Bezpe\u010dn\u00e9 a pohodln\u00e9 hran\u00ed s LottoHoy.\" \/>\n<meta name=\"robots\" content=\"index, follow, max-snippet:-1, max-image-preview:large, max-video-preview:-1\" \/>\n<link rel=\"canonical\" href=\"https:\/\/lottohoy.com\/cs\/hrat\/hrat-euromillions-uk\/\" \/>\n<meta property=\"og:locale\" content=\"cs_CZ\" \/>\n<meta property=\"og:type\" content=\"article\" \/>\n<meta property=\"og:title\" content=\"Hr\u00e1t EuroMillions UK online \u2013 Jak funguje a jak vyhr\u00e1t | LottoHoy\" \/>\n<meta property=\"og:description\" content=\"Zjist\u011bte, jak hr\u00e1t britsk\u00e9 EuroMillions online. Pravidla, druhy s\u00e1zek, losovac\u00ed \u010dasy a bonus UK Millionaire Maker. Bezpe\u010dn\u00e9 a pohodln\u00e9 hran\u00ed s LottoHoy.\" \/>\n<meta property=\"og:url\" content=\"https:\/\/lottohoy.com\/cs\/hrat\/hrat-euromillions-uk\/\" \/>\n<meta property=\"og:site_name\" content=\"Lottohoy\" \/>\n<meta property=\"article:modified_time\" content=\"2025-06-14T11:11:27+00:00\" \/>\n<meta name=\"twitter:card\" content=\"summary_large_image\" \/>\n<meta name=\"twitter:label1\" content=\"Odhadovan\u00e1 doba \u010dten\u00ed\" \/>\n\t<meta name=\"twitter:data1\" content=\"3 minuty\" \/>\n<script type=\"application\/ld+json\" class=\"yoast-schema-graph\">{\"@context\":\"https:\/\/schema.org\",\"@graph\":[{\"@type\":\"WebPage\",\"@id\":\"https:\/\/lottohoy.com\/cs\/hrat\/hrat-euromillions-uk\/\",\"url\":\"https:\/\/lottohoy.com\/cs\/hrat\/hrat-euromillions-uk\/\",\"name\":\"Hr\u00e1t EuroMillions UK online \u2013 Jak funguje a jak vyhr\u00e1t | LottoHoy\",\"isPartOf\":{\"@id\":\"https:\/\/lottohoy.com\/cs\/#website\"},\"datePublished\":\"2025-06-13T11:40:52+00:00\",\"dateModified\":\"2025-06-14T11:11:27+00:00\",\"description\":\"Zjist\u011bte, jak hr\u00e1t britsk\u00e9 EuroMillions online. Pravidla, druhy s\u00e1zek, losovac\u00ed \u010dasy a bonus UK Millionaire Maker. Bezpe\u010dn\u00e9 a pohodln\u00e9 hran\u00ed s LottoHoy.\",\"breadcrumb\":{\"@id\":\"https:\/\/lottohoy.com\/cs\/hrat\/hrat-euromillions-uk\/#breadcrumb\"},\"inLanguage\":\"cs\",\"potentialAction\":[{\"@type\":\"ReadAction\",\"target\":[\"https:\/\/lottohoy.com\/cs\/hrat\/hrat-euromillions-uk\/\"]}]},{\"@type\":\"BreadcrumbList\",\"@id\":\"https:\/\/lottohoy.com\/cs\/hrat\/hrat-euromillions-uk\/#breadcrumb\",\"itemListElement\":[{\"@type\":\"ListItem\",\"position\":1,\"name\":\"Home\",\"item\":\"https:\/\/lottohoy.com\/cs\/\"},{\"@type\":\"ListItem\",\"position\":2,\"name\":\"Hr\u00e1t loterie\",\"item\":\"https:\/\/lottohoy.com\/cs\/hrat\/\"},{\"@type\":\"ListItem\",\"position\":3,\"name\":\"Hr\u00e1t EuroMillions UK\"}]},{\"@type\":\"WebSite\",\"@id\":\"https:\/\/lottohoy.com\/cs\/#website\",\"url\":\"https:\/\/lottohoy.com\/cs\/\",\"name\":\"Lottohoy\",\"description\":\"\",\"potentialAction\":[{\"@type\":\"SearchAction\",\"target\":{\"@type\":\"EntryPoint\",\"urlTemplate\":\"https:\/\/lottohoy.com\/cs\/?s={search_term_string}\"},\"query-input\":{\"@type\":\"PropertyValueSpecification\",\"valueRequired\":true,\"valueName\":\"search_term_string\"}}],\"inLanguage\":\"cs\"}]}<\/script>\n<!-- \/ Yoast SEO plugin. -->","yoast_head_json":{"title":"Hr\u00e1t EuroMillions UK online \u2013 Jak funguje a jak vyhr\u00e1t | LottoHoy","description":"Zjist\u011bte, jak hr\u00e1t britsk\u00e9 EuroMillions online. Pravidla, druhy s\u00e1zek, losovac\u00ed \u010dasy a bonus UK Millionaire Maker. Bezpe\u010dn\u00e9 a pohodln\u00e9 hran\u00ed s LottoHoy.","robots":{"index":"index","follow":"follow","max-snippet":"max-snippet:-1","max-image-preview":"max-image-preview:large","max-video-preview":"max-video-preview:-1"},"canonical":"https:\/\/lottohoy.com\/cs\/hrat\/hrat-euromillions-uk\/","og_locale":"cs_CZ","og_type":"article","og_title":"Hr\u00e1t EuroMillions UK online \u2013 Jak funguje a jak vyhr\u00e1t | LottoHoy","og_description":"Zjist\u011bte, jak hr\u00e1t britsk\u00e9 EuroMillions online. Pravidla, druhy s\u00e1zek, losovac\u00ed \u010dasy a bonus UK Millionaire Maker. Bezpe\u010dn\u00e9 a pohodln\u00e9 hran\u00ed s LottoHoy.","og_url":"https:\/\/lottohoy.com\/cs\/hrat\/hrat-euromillions-uk\/","og_site_name":"Lottohoy","article_modified_time":"2025-06-14T11:11:27+00:00","twitter_card":"summary_large_image","twitter_misc":{"Odhadovan\u00e1 doba \u010dten\u00ed":"3 minuty"},"schema":{"@context":"https:\/\/schema.org","@graph":[{"@type":"WebPage","@id":"https:\/\/lottohoy.com\/cs\/hrat\/hrat-euromillions-uk\/","url":"https:\/\/lottohoy.com\/cs\/hrat\/hrat-euromillions-uk\/","name":"Hr\u00e1t EuroMillions UK online \u2013 Jak funguje a jak vyhr\u00e1t | LottoHoy","isPartOf":{"@id":"https:\/\/lottohoy.com\/cs\/#website"},"datePublished":"2025-06-13T11:40:52+00:00","dateModified":"2025-06-14T11:11:27+00:00","description":"Zjist\u011bte, jak hr\u00e1t britsk\u00e9 EuroMillions online. Pravidla, druhy s\u00e1zek, losovac\u00ed \u010dasy a bonus UK Millionaire Maker. Bezpe\u010dn\u00e9 a pohodln\u00e9 hran\u00ed s LottoHoy.","breadcrumb":{"@id":"https:\/\/lottohoy.com\/cs\/hrat\/hrat-euromillions-uk\/#breadcrumb"},"inLanguage":"cs","potentialAction":[{"@type":"ReadAction","target":["https:\/\/lottohoy.com\/cs\/hrat\/hrat-euromillions-uk\/"]}]},{"@type":"BreadcrumbList","@id":"https:\/\/lottohoy.com\/cs\/hrat\/hrat-euromillions-uk\/#breadcrumb","itemListElement":[{"@type":"ListItem","position":1,"name":"Home","item":"https:\/\/lottohoy.com\/cs\/"},{"@type":"ListItem","position":2,"name":"Hr\u00e1t loterie","item":"https:\/\/lottohoy.com\/cs\/hrat\/"},{"@type":"ListItem","position":3,"name":"Hr\u00e1t EuroMillions UK"}]},{"@type":"WebSite","@id":"https:\/\/lottohoy.com\/cs\/#website","url":"https:\/\/lottohoy.com\/cs\/","name":"Lottohoy","description":"","potentialAction":[{"@type":"SearchAction","target":{"@type":"EntryPoint","urlTemplate":"https:\/\/lottohoy.com\/cs\/?s={search_term_string}"},"query-input":{"@type":"PropertyValueSpecification","valueRequired":true,"valueName":"search_term_string"}}],"inLanguage":"cs"}]}},"_links":{"self":[{"href":"https:\/\/lottohoy.com\/cs\/wp-json\/wp\/v2\/pages\/20517","targetHints":{"allow":["GET"]}}],"collection":[{"href":"https:\/\/lottohoy.com\/cs\/wp-json\/wp\/v2\/pages"}],"about":[{"href":"https:\/\/lottohoy.com\/cs\/wp-json\/wp\/v2\/types\/page"}],"author":[{"embeddable":true,"href":"https:\/\/lottohoy.com\/cs\/wp-json\/wp\/v2\/users\/8"}],"replies":[{"embeddable":true,"href":"https:\/\/lottohoy.com\/cs\/wp-json\/wp\/v2\/comments?post=20517"}],"version-history":[{"count":1,"href":"https:\/\/lottohoy.com\/cs\/wp-json\/wp\/v2\/pages\/20517\/revisions"}],"predecessor-version":[{"id":20518,"href":"https:\/\/lottohoy.com\/cs\/wp-json\/wp\/v2\/pages\/20517\/revisions\/20518"}],"up":[{"embeddable":true,"href":"https:\/\/lottohoy.com\/cs\/wp-json\/wp\/v2\/pages\/16577"}],"wp:attachment":[{"href":"https:\/\/lottohoy.com\/cs\/wp-json\/wp\/v2\/media?parent=20517"}],"curies":[{"name":"wp","href":"https:\/\/api.w.org\/{rel}","templated":true}]}}