{"id":17039,"date":"2024-10-23T09:10:38","date_gmt":"2024-10-23T08:10:38","guid":{"rendered":"https:\/\/lottohoy.com\/loterijni-jackpoty\/"},"modified":"2024-10-23T09:10:38","modified_gmt":"2024-10-23T08:10:38","slug":"loterijni-jackpoty","status":"publish","type":"page","link":"https:\/\/lottohoy.com\/cs\/loterijni-jackpoty\/","title":{"rendered":"Loterijn\u00ed jackpoty"},"content":{"rendered":"<p>N\u00ed\u017ee najdete souhrnnou tabulku se v\u0161emi <strong>loterijn\u00edmi jackpoty<\/strong> pro dne\u0161ek a nadch\u00e1zej\u00edc\u00ed t\u00fdden. Tato sekce se automaticky aktualizuje po ka\u017ed\u00e9m losov\u00e1n\u00ed a zobrazuje nejnov\u011bj\u0161\u00ed jackpoty.<\/p>\n<h2><b>Co je to jackpot a jak funguje?<\/b><\/h2>\n<p>Ve hr\u00e1ch a loteri\u00edch se slovem \u201e<strong>jackpot<\/strong>\u201c ozna\u010duje pen\u011b\u017en\u00ed \u010d\u00e1stka nashrom\u00e1\u017ed\u011bn\u00e1 z v\u00fdher, kter\u00e9 nebyly ud\u011bleny v p\u0159edchoz\u00edch taz\u00edch.<\/p>\n<p>V\u0161echny modern\u00ed <strong>loterie<\/strong> upravily sv\u00e1 pravidla tak, aby p\u0159il\u00e1kaly hr\u00e1\u010de a zv\u00fd\u0161ily \u00fa\u010dast, \u010d\u00edm\u017e se poku\u0161en\u00ed hr\u00e1t stalo neodolateln\u00fdm.<\/p>\n<p>Jackpot za\u010d\u00edn\u00e1, kdy\u017e v losov\u00e1n\u00ed loterie nen\u00ed \u017e\u00e1dn\u00fd v\u00fdherce v \u017e\u00e1dn\u00e9 z kategori\u00ed. Ka\u017ed\u00e1 hra m\u00e1 vlastn\u00ed zp\u016fsob stanoven\u00ed v\u00fd\u0161e mo\u017en\u00fdch jackpot\u016f pro ka\u017ed\u00e9 losov\u00e1n\u00ed, zp\u016fsob rozd\u011blen\u00ed pen\u011bz, jak\u00e1 \u010d\u00e1st p\u0159ipad\u00e1 na jednotliv\u00e9 v\u00fdhern\u00ed kategorie, zda je <strong>garantov\u00e1no minimum,<\/strong> nebo zda je stanoven <strong>maxim\u00e1ln\u00ed po\u010det opakov\u00e1n\u00ed<\/strong> v\u00fdhry.<\/p>\n<h2><b>Minim\u00e1ln\u00ed a maxim\u00e1ln\u00ed garantovan\u00e9 jackpoty loterie<\/b><\/h2>\n<p>Po p\u0159ezkoum\u00e1n\u00ed loteri\u00ed, kter\u00e9 kumuluj\u00ed <strong>v\u011bt\u0161\u00ed jackpoty<\/strong>, m\u016f\u017eeme zjistit, \u017ee n\u011bkter\u00e9 maj\u00ed garantovanou minim\u00e1ln\u00ed \u010d\u00e1stku pro prvn\u00ed v\u00fdhru, ke kter\u00e9 se p\u0159i\u010d\u00edt\u00e1 odpov\u00eddaj\u00edc\u00ed \u010d\u00e1stka na slosov\u00e1n\u00ed. Ka\u017ed\u00fd po\u0159\u00e1daj\u00edc\u00ed subjekt rozhoduje o minim\u00e1ln\u00ed v\u00fd\u0161i v z\u00e1vislosti na odhadovan\u00e9m p\u0159\u00edjmu. <strong>Americk\u00e9 loterie<\/strong> obvykle za\u010d\u00ednaj\u00ed nejv\u011bt\u0161\u00edmi jackpoty.<\/p>\n<p><b>Minim\u00e1ln\u00ed garantovan\u00fd jackpot Maximun Rollover<\/b><\/p>\n<p>PowerBall jackpot 40 milion\u016f dolar\u016f Bez limitu Bez limitu<\/p>\n<p>MegaMillions jackpot 40 milion\u016f dolar\u016f* Bez limitu Bez limitu<\/p>\n<p>Euromiliony jackpot 20 milion\u016f eur 250 milion\u016f eur 4<\/p>\n<p>Eurojackpot jackpot 10 milion\u016f \u20ac 120 milion\u016f \u20ac 1<\/p>\n<p>SuperEnalotto jackpot 2 miliony \u20ac Bez omezen\u00ed Bez omezen\u00ed<\/p>\n<p>La Primitiva jackpot 2 miliony \u20ac Bez omezen\u00ed Bez omezen\u00ed<\/p>\n<p>OZ PowerBall jackpot AU 3 miliony dolar\u016f Bez limitu Bez limitu<\/p>\n<p>BonoLoto jackpot 0,400 milion\u016f \u20ac bez limitu bez limitu<\/p>\n<p>Gordo Primitiva jackpot 5 milion\u016f \u20ac bez omezen\u00ed bez omezen\u00ed<\/p>\n<p>UK Lottery jackpot \u00a3 2 miliony** \u00a3 22 milion\u016f 4<\/p>\n<p>Polsk\u00fd Lotto jackpot z\u0142 2 miliony Bez limitu Bez limitu<\/p>\n<p>*<em> B\u011bhem pandemie COVID 19 byla minim\u00e1ln\u00ed garantovan\u00e1 v\u00fdhra sn\u00ed\u017eena na 20 milion\u016f dolar\u016f.<\/em><\/p>\n<p><em>** Nen\u00ed garantov\u00e1na, minim\u00e1ln\u00ed \u010d\u00e1stka je odhadov\u00e1na.<\/em><\/p>\n<h2><b>Jak se kumuluj\u00ed loterijn\u00ed jackpoty<\/b><\/h2>\n<p>Nez\u00e1visle na tom, \u017ee ka\u017ed\u00e1 dan\u00e1 loterie m\u00e1 <strong>garantovanou minim\u00e1ln\u00ed v\u00fd\u0161i<\/strong> hlavn\u00ed v\u00fdhry, jsou sou\u010d\u00e1st\u00ed t\u011bchto milionov\u00fdch v\u00fdher tak\u00e9 procenta inkasa stanoven\u00e1 jednotliv\u00fdmi p\u0159edpisy pro zb\u00fdvaj\u00edc\u00ed kategorie.<\/p>\n<p>Existuj\u00ed v\u0161ak loterie, jako je <a href=\"https:\/\/lottohoy.com\/play\/powerball\/\"><strong>PowerBall<\/strong><\/a>, MegaMillions a dal\u0161\u00ed, kter\u00e9 maj\u00ed <strong>pevn\u011b stanoven\u00e9 \u010d\u00e1stky<\/strong> pro kategorii druh\u00e9ho m\u00edsta a n\u00e1sledn\u00e9 ceny.<\/p>\n<h3>Rozd\u011blen\u00ed jackpot\u016f v loteri\u00edch<\/h3>\n<p>Obecn\u011b plat\u00ed, \u017ee pokud ji\u017e existuje d\u0159\u00edve z\u00edskan\u00fd jackpot z p\u0159edchoz\u00edch loteri\u00ed, <strong>procento<\/strong> inkasa pro dal\u0161\u00ed loterii se p\u0159i\u010d\u00edt\u00e1 ke st\u00e1vaj\u00edc\u00edmu jackpotu.<\/p>\n<p>Existuj\u00ed loterie, kter\u00e9 p\u0159id\u011bluj\u00ed <strong>vysok\u00e9 procento<\/strong> z inkasa ka\u017ed\u00e9ho losov\u00e1n\u00ed na zv\u00fd\u0161en\u00ed banku, a jin\u00e9 d\u00e1vaj\u00ed p\u0159ednost rozd\u011blen\u00ed mezi jednotliv\u00e9 poskytovan\u00e9 kategorie.<\/p>\n<p>Pod\u00edvejme se, jak se akumuluj\u00ed loterie, kter\u00e9 maj\u00ed nejvy\u0161\u0161\u00ed jackpoty:<\/p>\n<p><b>Procento sb\u00edrky pro jackpot<\/b><\/p>\n<p><b>PowerBall <\/b>68,01 % sb\u00edrky + jackpot<\/p>\n<p><b>MegaMillion <\/b>65,15 % sb\u00edrky + jackpot<\/p>\n<p><b>Euromillones EU <\/b>43,20 % 6 slosov\u00e1n\u00ed a 27 % po nich<\/p>\n<p><b>Eurojackpot <\/b>18 % sb\u00edrky + jackpot<\/p>\n<p><b>SuperEnalotto <\/b>17,4 % <\/p>\n<p><b>La Primitiva.<\/b> <b>ES <\/b>6,18 %<\/p>\n<p><b>OZ PowerBall AU <\/b>35% <\/p>\n<p><b>Bono Loto.<\/b> <b>ES <\/b>45% <\/p>\n<p><b>El Gordo ES <\/b>22% <\/p>\n<p><b>UK Lottery <\/b>83 % zpo\u010d\u00e1tku a 27 % pot\u00e9<\/p>\n<p><b>Polsk\u00e9 Lotto PL <\/b>44 % zpo\u010d\u00e1tku a 27 % pot\u00e9<\/p>\n<h2>Nejv\u011bt\u0161\u00ed dosud vyhran\u00e9 jackpoty<\/h2>\n<h4>Zde ponech\u00e1v\u00e1me seznam nejv\u011bt\u0161\u00edch jackpot\u016f v historii americk\u00fdch loteri\u00ed:<\/h4>\n<p><strong>2,04 miliardy dolar\u016f<\/strong>, aktu\u00e1ln\u011b v roce 2025, nejv\u011bt\u0161\u00ed jackpot ud\u011blen\u00fd <strong>loteri\u00ed Powerball<\/strong>, v listopadu 2022.<\/p>\n<p><strong>1,6 miliardy dolar\u016f<\/strong>. Nov\u00fd rekord padl 23. \u0159\u00edjna 2018 ve h\u0159e MegaMillions.<\/p>\n<p>Nejv\u011bt\u0161\u00ed v\u00fdhry v evropsk\u00fdch loteri\u00edch<\/p>\n<p>Na rozd\u00edl od americk\u00fdch loteri\u00ed nepodl\u00e9haj\u00ed v\u00fdhry v evropsk\u00fdch loteri\u00edch EuroMillions, Eurojackpot a dal\u0161\u00edch obecn\u011b dani, s v\u00fdjimkou n\u011bkter\u00fdch zem\u00ed, jako je \u0160pan\u011blsko, Portugalsko nebo It\u00e1lie.<\/p>\n<h4>Nejv\u011bt\u0161\u00ed v\u00fdhry v evropsk\u00fdch loteri\u00edch byly doposud n\u00e1sleduj\u00edc\u00ed:<\/h4>\n<p>Nejvy\u0161\u0161\u00ed jackpot <strong>loterie EuroMillions <\/strong>je <strong>240 milion\u016f eur,<\/strong> kter\u00fd 8. prosince 2023 z\u00edskal v\u00fdherce z Rakouska.<\/p>\n<p>Nejv\u011bt\u0161\u00ed jackpot v <strong>loterii SuperEnalotto.<\/strong> byl <strong>371,1 milionu eur<\/strong> dne 16. 2. 2023 <strong>.<\/strong><\/p>\n<p><strong>V loterii Eurojackpot<\/strong> je v sou\u010dasn\u00e9 dob\u011b maxim\u00e1ln\u00ed jackpot <strong>120 milion\u016f eur<\/strong> a b\u011bhem roku 2024 byl ud\u011blen a\u017e \u010dty\u0159ikr\u00e1t. \u201e<em>D\u0159\u00edve byl maxim\u00e1ln\u00ed jackpot 90 milion\u016f eur a byl ud\u011blen p\u011btkr\u00e1t\u201c<\/em><\/p>\n<p>Nejvy\u0161\u0161\u00ed jackpot <strong>BonoLoto<\/strong> je <strong>10,6 milionu<\/strong> eur, a to 17. 1. 2024.<\/p>\n<p><strong>Loterie La Primitiva<\/strong> <strong>101,7 milionu eur<\/strong>, k dne\u0161n\u00edmu dni nebyla za 10 let p\u0159ekro\u010dena.<\/p>\n<p><strong>66 070 646 liber<\/strong> dne 9. 1. 2016 v <strong>britsk\u00e9 loterii.<\/strong> Pozd\u011bji byla omezena na 22 milion\u016f liber.<\/p>\n<p><strong>Z\u0142 56 milion\u016f<\/strong> (t\u00e9m\u011b\u0159 13 milion\u016f eur) v z\u00e1\u0159\u00ed 2011 v <strong>polsk\u00e9 loterii.<\/strong><\/p>\n<p>Pokud chcete zkusit sv\u00e9 \u0161t\u011bst\u00ed a z\u00fa\u010dastnit se dal\u0161\u00edho losov\u00e1n\u00ed hlavn\u00edch sv\u011btov\u00fdch loteri\u00ed a vyhr\u00e1t dal\u0161\u00ed jackpot, sta\u010d\u00ed kliknout na n\u011bkter\u00fd z odkaz\u016f \u201eHr\u00e1t\u201c, kter\u00e9 najdete v tabulce v horn\u00ed \u010d\u00e1sti t\u00e9to str\u00e1nky.<\/p>\n<p>Na co je\u0161t\u011b \u010dek\u00e1te? M\u016f\u017eete b\u00fdt p\u0159\u00ed\u0161t\u00edm v\u00fdhercem jednoho z t\u011bchto <strong>loterijn\u00edch jackpot\u016f<\/strong>.<\/p>\n","protected":false},"excerpt":{"rendered":"<p>N\u00ed\u017ee najdete souhrnnou tabulku se v\u0161emi loterijn\u00edmi jackpoty pro dne\u0161ek a nadch\u00e1zej\u00edc\u00ed t\u00fdden. Tato sekce se automaticky aktualizuje po ka\u017ed\u00e9m losov\u00e1n\u00ed a zobrazuje nejnov\u011bj\u0161\u00ed jackpoty. Co je to jackpot a jak funguje? Ve hr\u00e1ch a loteri\u00edch se slovem \u201ejackpot\u201c ozna\u010duje pen\u011b\u017en\u00ed \u010d\u00e1stka nashrom\u00e1\u017ed\u011bn\u00e1 z v\u00fdher, kter\u00e9 nebyly ud\u011bleny v p\u0159edchoz\u00edch taz\u00edch. V\u0161echny modern\u00ed loterie upravily [&hellip;]<\/p>\n","protected":false},"author":1,"featured_media":0,"parent":0,"menu_order":6,"comment_status":"closed","ping_status":"closed","template":"","meta":{"_et_pb_use_builder":"","_et_pb_old_content":"","_et_gb_content_width":"","exclude_from_search":false,"footnotes":""},"class_list":["post-17039","page","type-page","status-publish","hentry"],"yoast_head":"<!-- This site is optimized with the Yoast SEO plugin v23.7 - https:\/\/yoast.com\/wordpress\/plugins\/seo\/ -->\n<title>Nejv\u011bt\u0161\u00ed loterijn\u00ed jackpoty - Hrajte online loterii - LottoHoy<\/title>\n<meta name=\"description\" content=\"Hled\u00e1te dal\u0161\u00ed velk\u00fd jackpot? Najd\u011bte nejv\u011bt\u0161\u00ed loterijn\u00ed jackpoty a kupte si sv\u016fj los online. 100% bezpe\u010dn\u00e9!\" \/>\n<meta name=\"robots\" content=\"index, follow, max-snippet:-1, max-image-preview:large, max-video-preview:-1\" \/>\n<link rel=\"canonical\" href=\"https:\/\/lottohoy.com\/cs\/loterijni-jackpoty\/\" \/>\n<meta property=\"og:locale\" content=\"cs_CZ\" \/>\n<meta property=\"og:type\" content=\"article\" \/>\n<meta property=\"og:title\" content=\"Nejv\u011bt\u0161\u00ed loterijn\u00ed jackpoty - Hrajte online loterii - LottoHoy\" \/>\n<meta property=\"og:description\" content=\"Hled\u00e1te dal\u0161\u00ed velk\u00fd jackpot? Najd\u011bte nejv\u011bt\u0161\u00ed loterijn\u00ed jackpoty a kupte si sv\u016fj los online. 100% bezpe\u010dn\u00e9!\" \/>\n<meta property=\"og:url\" content=\"https:\/\/lottohoy.com\/cs\/loterijni-jackpoty\/\" \/>\n<meta property=\"og:site_name\" content=\"Lottohoy\" \/>\n<meta name=\"twitter:card\" content=\"summary_large_image\" \/>\n<meta name=\"twitter:label1\" content=\"Odhadovan\u00e1 doba \u010dten\u00ed\" \/>\n\t<meta name=\"twitter:data1\" content=\"4 minuty\" \/>\n<script type=\"application\/ld+json\" class=\"yoast-schema-graph\">{\"@context\":\"https:\/\/schema.org\",\"@graph\":[{\"@type\":\"WebPage\",\"@id\":\"https:\/\/lottohoy.com\/cs\/loterijni-jackpoty\/\",\"url\":\"https:\/\/lottohoy.com\/cs\/loterijni-jackpoty\/\",\"name\":\"Nejv\u011bt\u0161\u00ed loterijn\u00ed jackpoty - Hrajte online loterii - LottoHoy\",\"isPartOf\":{\"@id\":\"https:\/\/lottohoy.com\/cs\/#website\"},\"datePublished\":\"2024-10-23T08:10:38+00:00\",\"dateModified\":\"2024-10-23T08:10:38+00:00\",\"description\":\"Hled\u00e1te dal\u0161\u00ed velk\u00fd jackpot? Najd\u011bte nejv\u011bt\u0161\u00ed loterijn\u00ed jackpoty a kupte si sv\u016fj los online. 100% bezpe\u010dn\u00e9!\",\"breadcrumb\":{\"@id\":\"https:\/\/lottohoy.com\/cs\/loterijni-jackpoty\/#breadcrumb\"},\"inLanguage\":\"cs\",\"potentialAction\":[{\"@type\":\"ReadAction\",\"target\":[\"https:\/\/lottohoy.com\/cs\/loterijni-jackpoty\/\"]}]},{\"@type\":\"BreadcrumbList\",\"@id\":\"https:\/\/lottohoy.com\/cs\/loterijni-jackpoty\/#breadcrumb\",\"itemListElement\":[{\"@type\":\"ListItem\",\"position\":1,\"name\":\"Home\",\"item\":\"https:\/\/lottohoy.com\/cs\/\"},{\"@type\":\"ListItem\",\"position\":2,\"name\":\"Loterijn\u00ed jackpoty\"}]},{\"@type\":\"WebSite\",\"@id\":\"https:\/\/lottohoy.com\/cs\/#website\",\"url\":\"https:\/\/lottohoy.com\/cs\/\",\"name\":\"Lottohoy\",\"description\":\"\",\"potentialAction\":[{\"@type\":\"SearchAction\",\"target\":{\"@type\":\"EntryPoint\",\"urlTemplate\":\"https:\/\/lottohoy.com\/cs\/?s={search_term_string}\"},\"query-input\":{\"@type\":\"PropertyValueSpecification\",\"valueRequired\":true,\"valueName\":\"search_term_string\"}}],\"inLanguage\":\"cs\"}]}<\/script>\n<!-- \/ Yoast SEO plugin. -->","yoast_head_json":{"title":"Nejv\u011bt\u0161\u00ed loterijn\u00ed jackpoty - Hrajte online loterii - LottoHoy","description":"Hled\u00e1te dal\u0161\u00ed velk\u00fd jackpot? Najd\u011bte nejv\u011bt\u0161\u00ed loterijn\u00ed jackpoty a kupte si sv\u016fj los online. 100% bezpe\u010dn\u00e9!","robots":{"index":"index","follow":"follow","max-snippet":"max-snippet:-1","max-image-preview":"max-image-preview:large","max-video-preview":"max-video-preview:-1"},"canonical":"https:\/\/lottohoy.com\/cs\/loterijni-jackpoty\/","og_locale":"cs_CZ","og_type":"article","og_title":"Nejv\u011bt\u0161\u00ed loterijn\u00ed jackpoty - Hrajte online loterii - LottoHoy","og_description":"Hled\u00e1te dal\u0161\u00ed velk\u00fd jackpot? Najd\u011bte nejv\u011bt\u0161\u00ed loterijn\u00ed jackpoty a kupte si sv\u016fj los online. 100% bezpe\u010dn\u00e9!","og_url":"https:\/\/lottohoy.com\/cs\/loterijni-jackpoty\/","og_site_name":"Lottohoy","twitter_card":"summary_large_image","twitter_misc":{"Odhadovan\u00e1 doba \u010dten\u00ed":"4 minuty"},"schema":{"@context":"https:\/\/schema.org","@graph":[{"@type":"WebPage","@id":"https:\/\/lottohoy.com\/cs\/loterijni-jackpoty\/","url":"https:\/\/lottohoy.com\/cs\/loterijni-jackpoty\/","name":"Nejv\u011bt\u0161\u00ed loterijn\u00ed jackpoty - Hrajte online loterii - LottoHoy","isPartOf":{"@id":"https:\/\/lottohoy.com\/cs\/#website"},"datePublished":"2024-10-23T08:10:38+00:00","dateModified":"2024-10-23T08:10:38+00:00","description":"Hled\u00e1te dal\u0161\u00ed velk\u00fd jackpot? Najd\u011bte nejv\u011bt\u0161\u00ed loterijn\u00ed jackpoty a kupte si sv\u016fj los online. 100% bezpe\u010dn\u00e9!","breadcrumb":{"@id":"https:\/\/lottohoy.com\/cs\/loterijni-jackpoty\/#breadcrumb"},"inLanguage":"cs","potentialAction":[{"@type":"ReadAction","target":["https:\/\/lottohoy.com\/cs\/loterijni-jackpoty\/"]}]},{"@type":"BreadcrumbList","@id":"https:\/\/lottohoy.com\/cs\/loterijni-jackpoty\/#breadcrumb","itemListElement":[{"@type":"ListItem","position":1,"name":"Home","item":"https:\/\/lottohoy.com\/cs\/"},{"@type":"ListItem","position":2,"name":"Loterijn\u00ed jackpoty"}]},{"@type":"WebSite","@id":"https:\/\/lottohoy.com\/cs\/#website","url":"https:\/\/lottohoy.com\/cs\/","name":"Lottohoy","description":"","potentialAction":[{"@type":"SearchAction","target":{"@type":"EntryPoint","urlTemplate":"https:\/\/lottohoy.com\/cs\/?s={search_term_string}"},"query-input":{"@type":"PropertyValueSpecification","valueRequired":true,"valueName":"search_term_string"}}],"inLanguage":"cs"}]}},"_links":{"self":[{"href":"https:\/\/lottohoy.com\/cs\/wp-json\/wp\/v2\/pages\/17039","targetHints":{"allow":["GET"]}}],"collection":[{"href":"https:\/\/lottohoy.com\/cs\/wp-json\/wp\/v2\/pages"}],"about":[{"href":"https:\/\/lottohoy.com\/cs\/wp-json\/wp\/v2\/types\/page"}],"author":[{"embeddable":true,"href":"https:\/\/lottohoy.com\/cs\/wp-json\/wp\/v2\/users\/1"}],"replies":[{"embeddable":true,"href":"https:\/\/lottohoy.com\/cs\/wp-json\/wp\/v2\/comments?post=17039"}],"version-history":[{"count":0,"href":"https:\/\/lottohoy.com\/cs\/wp-json\/wp\/v2\/pages\/17039\/revisions"}],"wp:attachment":[{"href":"https:\/\/lottohoy.com\/cs\/wp-json\/wp\/v2\/media?parent=17039"}],"curies":[{"name":"wp","href":"https:\/\/api.w.org\/{rel}","templated":true}]}}