{"id":17025,"date":"2018-08-22T10:28:14","date_gmt":"2018-08-22T09:28:14","guid":{"rendered":"https:\/\/lottohoy.com\/?page_id=17025"},"modified":"2025-03-26T06:08:24","modified_gmt":"2025-03-26T06:08:24","slug":"powerball-au-vysledky","status":"publish","type":"page","link":"https:\/\/lottohoy.com\/cs\/vysledky-loterie\/powerball-au-vysledky\/","title":{"rendered":"Powerball AU V\u00fdsledky"},"content":{"rendered":"<p>Na t\u00e9to str\u00e1nce najdete v\u0161echny v\u00fdsledky australsk\u00e9 loterie Powerball, odhadovan\u00fd jackpot pro losov\u00e1n\u00ed a dal\u0161\u00ed zaj\u00edmav\u00e9 informace.<\/p>\n<h2>Dne\u0161n\u00ed v\u00fdsledky loterie PowerBall AU<\/h2>\n<p>V r\u00e1me\u010dku jsou uvedeny v\u00fdsledky posledn\u00edho uskute\u010dn\u011bn\u00e9ho losov\u00e1n\u00ed a rozd\u011blen\u00ed v\u00fdher v jednotliv\u00fdch kategori\u00edch.<\/p>\n<p>D\u00e1le odhadovan\u00fd po\u010det v\u00fdherc\u016f v jednotliv\u00fdch kategori\u00edch a \u010d\u00e1stku, kter\u00e1 mezi n\u011b bude rozd\u011blena, vzhledem k tomu, \u017ee ni\u017e\u0161\u00ed kategorie nemaj\u00ed p\u0159id\u011blenou pevnou \u010d\u00e1stku.<\/p>\n<h2>V\u0161echny v\u00fdsledky australsk\u00e9 sout\u011b\u017ee PowerBall<\/h2>\n<p>Krom\u011b v\u00fdsledk\u016f uveden\u00fdch v r\u00e1me\u010dku pro toto posledn\u00ed slosov\u00e1n\u00ed m\u00e1te na t\u00e9to str\u00e1nce p\u0159\u00edstup tak\u00e9 k v\u00fdsledk\u016fm v\u0161ech p\u0159edchoz\u00edch slosov\u00e1n\u00ed, kter\u00e1 se konala od posledn\u00ed aktualizace<sup>19.<\/sup> dubna 2018.<\/p>\n<p>Napravo od v\u00fdhern\u00ed kombinace zobrazen\u00e9 v posledn\u00edm losov\u00e1n\u00ed se nach\u00e1z\u00ed n\u011bkolik \u0161ed\u00fdch pol\u00ed\u010dek se sm\u011brov\u00fdmi \u0161ipkami, kter\u00e9 umo\u017e\u0148uj\u00ed zkontrolovat v\u00fdsledky p\u0159edchoz\u00edch losov\u00e1n\u00ed.<\/p>\n","protected":false},"excerpt":{"rendered":"<p>Na t\u00e9to str\u00e1nce najdete v\u0161echny v\u00fdsledky australsk\u00e9 loterie Powerball, odhadovan\u00fd jackpot pro losov\u00e1n\u00ed a dal\u0161\u00ed zaj\u00edmav\u00e9 informace. Dne\u0161n\u00ed v\u00fdsledky loterie PowerBall AU V r\u00e1me\u010dku jsou uvedeny v\u00fdsledky posledn\u00edho uskute\u010dn\u011bn\u00e9ho losov\u00e1n\u00ed a rozd\u011blen\u00ed v\u00fdher v jednotliv\u00fdch kategori\u00edch. D\u00e1le odhadovan\u00fd po\u010det v\u00fdherc\u016f v jednotliv\u00fdch kategori\u00edch a \u010d\u00e1stku, kter\u00e1 mezi n\u011b bude rozd\u011blena, vzhledem k tomu, \u017ee ni\u017e\u0161\u00ed [&hellip;]<\/p>\n","protected":false},"author":7,"featured_media":0,"parent":16887,"menu_order":17,"comment_status":"closed","ping_status":"closed","template":"powerball-au-results.php","meta":{"_et_pb_use_builder":"","_et_pb_old_content":"","_et_gb_content_width":"","exclude_from_search":false,"footnotes":""},"class_list":["post-17025","page","type-page","status-publish","hentry"],"yoast_head":"<!-- This site is optimized with the Yoast SEO plugin v23.7 - https:\/\/yoast.com\/wordpress\/plugins\/seo\/ -->\n<title>V\u00fdsledky PowerBall AU - Zkontrolujte sv\u00e1 \u010d\u00edsla - LottoHoy<\/title>\n<meta name=\"description\" content=\"Na t\u00e9to str\u00e1nce naleznete v\u0161echny v\u00fdsledky australsk\u00e9 loterie Powerball, stejn\u011b jako odhadovan\u00fd jackpot pro dan\u00e9 losov\u00e1n\u00ed a dal\u0161\u00ed zaj\u00edmav\u00e9 informace.\" \/>\n<meta name=\"robots\" content=\"index, follow, max-snippet:-1, max-image-preview:large, max-video-preview:-1\" \/>\n<link rel=\"canonical\" href=\"https:\/\/lottohoy.com\/cs\/vysledky-loterie\/powerball-au-vysledky\/\" \/>\n<meta property=\"og:locale\" content=\"cs_CZ\" \/>\n<meta property=\"og:type\" content=\"article\" \/>\n<meta property=\"og:title\" content=\"V\u00fdsledky PowerBall AU - Zkontrolujte sv\u00e1 \u010d\u00edsla - LottoHoy\" \/>\n<meta property=\"og:description\" content=\"Na t\u00e9to str\u00e1nce naleznete v\u0161echny v\u00fdsledky australsk\u00e9 loterie Powerball, stejn\u011b jako odhadovan\u00fd jackpot pro dan\u00e9 losov\u00e1n\u00ed a dal\u0161\u00ed zaj\u00edmav\u00e9 informace.\" \/>\n<meta property=\"og:url\" content=\"https:\/\/lottohoy.com\/cs\/vysledky-loterie\/powerball-au-vysledky\/\" \/>\n<meta property=\"og:site_name\" content=\"Lottohoy\" \/>\n<meta property=\"article:modified_time\" content=\"2025-03-26T06:08:24+00:00\" \/>\n<meta name=\"twitter:card\" content=\"summary_large_image\" \/>\n<meta name=\"twitter:label1\" content=\"Odhadovan\u00e1 doba \u010dten\u00ed\" \/>\n\t<meta name=\"twitter:data1\" content=\"1 minuta\" \/>\n<script type=\"application\/ld+json\" class=\"yoast-schema-graph\">{\"@context\":\"https:\/\/schema.org\",\"@graph\":[{\"@type\":\"WebPage\",\"@id\":\"https:\/\/lottohoy.com\/cs\/vysledky-loterie\/powerball-au-vysledky\/\",\"url\":\"https:\/\/lottohoy.com\/cs\/vysledky-loterie\/powerball-au-vysledky\/\",\"name\":\"V\u00fdsledky PowerBall AU - Zkontrolujte sv\u00e1 \u010d\u00edsla - LottoHoy\",\"isPartOf\":{\"@id\":\"https:\/\/lottohoy.com\/cs\/#website\"},\"datePublished\":\"2018-08-22T09:28:14+00:00\",\"dateModified\":\"2025-03-26T06:08:24+00:00\",\"description\":\"Na t\u00e9to str\u00e1nce naleznete v\u0161echny v\u00fdsledky australsk\u00e9 loterie Powerball, stejn\u011b jako odhadovan\u00fd jackpot pro dan\u00e9 losov\u00e1n\u00ed a dal\u0161\u00ed zaj\u00edmav\u00e9 informace.\",\"breadcrumb\":{\"@id\":\"https:\/\/lottohoy.com\/cs\/vysledky-loterie\/powerball-au-vysledky\/#breadcrumb\"},\"inLanguage\":\"cs\",\"potentialAction\":[{\"@type\":\"ReadAction\",\"target\":[\"https:\/\/lottohoy.com\/cs\/vysledky-loterie\/powerball-au-vysledky\/\"]}]},{\"@type\":\"BreadcrumbList\",\"@id\":\"https:\/\/lottohoy.com\/cs\/vysledky-loterie\/powerball-au-vysledky\/#breadcrumb\",\"itemListElement\":[{\"@type\":\"ListItem\",\"position\":1,\"name\":\"Home\",\"item\":\"https:\/\/lottohoy.com\/cs\/\"},{\"@type\":\"ListItem\",\"position\":2,\"name\":\"V\u00fdsledky loterie\",\"item\":\"https:\/\/lottohoy.com\/cs\/vysledky-loterie\/\"},{\"@type\":\"ListItem\",\"position\":3,\"name\":\"Powerball AU V\u00fdsledky\"}]},{\"@type\":\"WebSite\",\"@id\":\"https:\/\/lottohoy.com\/cs\/#website\",\"url\":\"https:\/\/lottohoy.com\/cs\/\",\"name\":\"Lottohoy\",\"description\":\"\",\"potentialAction\":[{\"@type\":\"SearchAction\",\"target\":{\"@type\":\"EntryPoint\",\"urlTemplate\":\"https:\/\/lottohoy.com\/cs\/?s={search_term_string}\"},\"query-input\":{\"@type\":\"PropertyValueSpecification\",\"valueRequired\":true,\"valueName\":\"search_term_string\"}}],\"inLanguage\":\"cs\"}]}<\/script>\n<!-- \/ Yoast SEO plugin. -->","yoast_head_json":{"title":"V\u00fdsledky PowerBall AU - Zkontrolujte sv\u00e1 \u010d\u00edsla - LottoHoy","description":"Na t\u00e9to str\u00e1nce naleznete v\u0161echny v\u00fdsledky australsk\u00e9 loterie Powerball, stejn\u011b jako odhadovan\u00fd jackpot pro dan\u00e9 losov\u00e1n\u00ed a dal\u0161\u00ed zaj\u00edmav\u00e9 informace.","robots":{"index":"index","follow":"follow","max-snippet":"max-snippet:-1","max-image-preview":"max-image-preview:large","max-video-preview":"max-video-preview:-1"},"canonical":"https:\/\/lottohoy.com\/cs\/vysledky-loterie\/powerball-au-vysledky\/","og_locale":"cs_CZ","og_type":"article","og_title":"V\u00fdsledky PowerBall AU - Zkontrolujte sv\u00e1 \u010d\u00edsla - LottoHoy","og_description":"Na t\u00e9to str\u00e1nce naleznete v\u0161echny v\u00fdsledky australsk\u00e9 loterie Powerball, stejn\u011b jako odhadovan\u00fd jackpot pro dan\u00e9 losov\u00e1n\u00ed a dal\u0161\u00ed zaj\u00edmav\u00e9 informace.","og_url":"https:\/\/lottohoy.com\/cs\/vysledky-loterie\/powerball-au-vysledky\/","og_site_name":"Lottohoy","article_modified_time":"2025-03-26T06:08:24+00:00","twitter_card":"summary_large_image","twitter_misc":{"Odhadovan\u00e1 doba \u010dten\u00ed":"1 minuta"},"schema":{"@context":"https:\/\/schema.org","@graph":[{"@type":"WebPage","@id":"https:\/\/lottohoy.com\/cs\/vysledky-loterie\/powerball-au-vysledky\/","url":"https:\/\/lottohoy.com\/cs\/vysledky-loterie\/powerball-au-vysledky\/","name":"V\u00fdsledky PowerBall AU - Zkontrolujte sv\u00e1 \u010d\u00edsla - LottoHoy","isPartOf":{"@id":"https:\/\/lottohoy.com\/cs\/#website"},"datePublished":"2018-08-22T09:28:14+00:00","dateModified":"2025-03-26T06:08:24+00:00","description":"Na t\u00e9to str\u00e1nce naleznete v\u0161echny v\u00fdsledky australsk\u00e9 loterie Powerball, stejn\u011b jako odhadovan\u00fd jackpot pro dan\u00e9 losov\u00e1n\u00ed a dal\u0161\u00ed zaj\u00edmav\u00e9 informace.","breadcrumb":{"@id":"https:\/\/lottohoy.com\/cs\/vysledky-loterie\/powerball-au-vysledky\/#breadcrumb"},"inLanguage":"cs","potentialAction":[{"@type":"ReadAction","target":["https:\/\/lottohoy.com\/cs\/vysledky-loterie\/powerball-au-vysledky\/"]}]},{"@type":"BreadcrumbList","@id":"https:\/\/lottohoy.com\/cs\/vysledky-loterie\/powerball-au-vysledky\/#breadcrumb","itemListElement":[{"@type":"ListItem","position":1,"name":"Home","item":"https:\/\/lottohoy.com\/cs\/"},{"@type":"ListItem","position":2,"name":"V\u00fdsledky loterie","item":"https:\/\/lottohoy.com\/cs\/vysledky-loterie\/"},{"@type":"ListItem","position":3,"name":"Powerball AU V\u00fdsledky"}]},{"@type":"WebSite","@id":"https:\/\/lottohoy.com\/cs\/#website","url":"https:\/\/lottohoy.com\/cs\/","name":"Lottohoy","description":"","potentialAction":[{"@type":"SearchAction","target":{"@type":"EntryPoint","urlTemplate":"https:\/\/lottohoy.com\/cs\/?s={search_term_string}"},"query-input":{"@type":"PropertyValueSpecification","valueRequired":true,"valueName":"search_term_string"}}],"inLanguage":"cs"}]}},"_links":{"self":[{"href":"https:\/\/lottohoy.com\/cs\/wp-json\/wp\/v2\/pages\/17025","targetHints":{"allow":["GET"]}}],"collection":[{"href":"https:\/\/lottohoy.com\/cs\/wp-json\/wp\/v2\/pages"}],"about":[{"href":"https:\/\/lottohoy.com\/cs\/wp-json\/wp\/v2\/types\/page"}],"author":[{"embeddable":true,"href":"https:\/\/lottohoy.com\/cs\/wp-json\/wp\/v2\/users\/7"}],"replies":[{"embeddable":true,"href":"https:\/\/lottohoy.com\/cs\/wp-json\/wp\/v2\/comments?post=17025"}],"version-history":[{"count":1,"href":"https:\/\/lottohoy.com\/cs\/wp-json\/wp\/v2\/pages\/17025\/revisions"}],"predecessor-version":[{"id":17026,"href":"https:\/\/lottohoy.com\/cs\/wp-json\/wp\/v2\/pages\/17025\/revisions\/17026"}],"up":[{"embeddable":true,"href":"https:\/\/lottohoy.com\/cs\/wp-json\/wp\/v2\/pages\/16887"}],"wp:attachment":[{"href":"https:\/\/lottohoy.com\/cs\/wp-json\/wp\/v2\/media?parent=17025"}],"curies":[{"name":"wp","href":"https:\/\/api.w.org\/{rel}","templated":true}]}}