{"id":17007,"date":"2020-08-10T15:58:35","date_gmt":"2020-08-10T14:58:35","guid":{"rendered":"https:\/\/lottohoy.com\/vysledky-loterie\/mega-sena-loterie-vysledky\/"},"modified":"2020-08-10T15:58:35","modified_gmt":"2020-08-10T14:58:35","slug":"mega-sena-loterie-vysledky","status":"publish","type":"page","link":"https:\/\/lottohoy.com\/cs\/vysledky-loterie\/mega-sena-loterie-vysledky\/","title":{"rendered":"Mega Sena loterie V\u00fdsledky"},"content":{"rendered":"<h2>Zkontrolujte v\u00fdsledky Mega Sena<\/h2>\n<p>Chcete-li zkontrolovat v\u00fdhern\u00ed kombinaci losov\u00e1n\u00ed loterie Mega Sena, jednodu\u0161e porovnejte \u010d\u00edsla v kombinaci uveden\u00e9 na tiketu s v\u00fdsledkem uveden\u00fdm na t\u00e9to str\u00e1nce.<\/p>\n<p>M\u016f\u017eete tak\u00e9 vstoupit do u\u017eivatelsk\u00e9ho \u00fa\u010dtu, kde se prom\u00edtnou v\u0161echny pohyby v\u010detn\u011b z\u00edskan\u00fdch v\u00fdher.<\/p>\n<p>Na t\u00e9\u017ee str\u00e1nce si m\u016f\u017eete tak\u00e9 prohl\u00e9dnout nahromad\u011bn\u00e9, v\u00fdherce a v\u00fdhry v jednotliv\u00fdch kategori\u00edch a p\u0159edchoz\u00ed slosov\u00e1n\u00ed star\u00e1 a\u017e 24 m\u011bs\u00edc\u016f.<\/p>\n<h2>Jak prob\u00edh\u00e1 rozd\u011blov\u00e1n\u00ed v\u00fdher?<\/h2>\n<p>Na t\u00e9to str\u00e1nce si m\u016f\u017eete prohl\u00e9dnout v\u00fdhern\u00ed kombinaci posledn\u00edho slosov\u00e1n\u00ed a rozd\u011blen\u00ed v\u00fdher odpov\u00eddaj\u00edc\u00ed ka\u017ed\u00e9 z kategori\u00ed.<\/p>\n<p>V p\u0159\u00edpad\u011b, \u017ee jste registrovan\u00fdm u\u017eivatelem, jsou z\u00edskan\u00e9 v\u00fdhry ulo\u017eeny p\u0159\u00edmo na u\u017eivatelsk\u00fd \u00fa\u010det a pen\u00edze m\u016f\u017eete m\u00edt na sv\u00e9m \u00fa\u010dtu, tak\u017ee m\u016f\u017eete znovu hr\u00e1t nebo po\u017e\u00e1dat o v\u00fdb\u011br.<\/p>\n<h2>Hlavn\u00ed ceny a jackpoty loterie Mega Sena<\/h2>\n<p>Minim\u00e1ln\u00ed garantovan\u00e1 v\u00fdhra je 2 000 000 R$. V\u00fdhra prvn\u00ed kategorie je kumulativn\u00ed v p\u0159\u00edpad\u011b, \u017ee v losov\u00e1n\u00ed nen\u00ed \u017e\u00e1dn\u00fd v\u00fdherce, a v\u00fdhra se d\u00e1le neomezen\u011b kumuluje.<\/p>\n<p>Nejv\u011bt\u0161\u00ed kumulovan\u00fd jackpot v historii t\u00e9to loterie byl v roce 2017, kdy dos\u00e1hl rekordn\u00ed v\u00fd\u0161e 306 718 743, 71 R$ (v p\u0159epo\u010dtu 49 074 999).<\/p>\n<p>Mega Sena, je loterie, kterou bychom mohli pova\u017eovat za \u201esnadnou\u201c, a p\u0159esto\u017ee m\u00e1 garantovanou minim\u00e1ln\u00ed v\u00fdhru 2 000 000 eur pro v\u00fdherce prvn\u00ed kategorie (6 v\u00fdher), obvykle se u n\u00ed nedo\u010dk\u00e1te kumulativn\u00edch jackpot\u016f v supermilionov\u00fdch \u010d\u00e1stk\u00e1ch jako u jin\u00fdch evropsk\u00fdch nebo americk\u00fdch loteri\u00ed.<\/p>\n<p>Je to proto, \u017ee je \u010dasto \u00fasp\u011b\u0161n\u00e1 a existuje mnoho milion\u00e1\u0159\u016f, kte\u0159\u00ed tuto loterii vytvo\u0159ili.<\/p>\n<h2>Nej\u010dast\u011bj\u0161\u00ed \u010d\u00edsla ve h\u0159e Mega Sena<\/h2>\n<p>Od za\u010d\u00e1tku losov\u00e1n\u00ed v b\u0159eznu 1996 byla nej\u010dast\u011bji losov\u00e1na tato \u010d\u00edsla<\/p>\n<p>takzvan\u00e1 \u201e<strong>hork\u00e1 \u010d\u00edsla<\/strong>\u201c 10, 53, 23, 5, 4 a 33<\/p>\n<p>takzvan\u00e1 \u201e<strong>studen\u00e1 \u010d\u00edsla<\/strong>\u201c 25, 55, 21, 22, 3 a 15<\/p>\n<p>Z hlavn\u00edch \u010d\u00edsel se nej\u010dast\u011bji objevovala tato \u010d\u00edsla<\/p>\n<p>&#8211; \u010d\u00edslo 10 s 262 zjeven\u00edmi<\/p>\n<p>&#8211; \u010d\u00edslo 55 s 261 zjeven\u00edmi<\/p>\n<p>Naopak, kdy\u017e se pod\u00edv\u00e1me na \u010d\u00edsla, kter\u00e1 se objevila nejm\u00e9n\u011b, vid\u00edme, \u017ee \u010d\u00edslo 26, m\u011blo pouze 187 zjeven\u00ed.<\/p>\n<p>A pro ty z v\u00e1s, kte\u0159\u00ed maj\u00ed r\u00e1di statistiky:<\/p>\n<p>&#8211; Nej\u010dast\u011bj\u0161\u00edmi dvojicemi byly 5 a 33 nebo 5 a 27.<\/p>\n<p>&#8211; Po sob\u011b jdouc\u00edmi dvojicemi byly 51 a 52 nebo 41 a 42<\/p>\n<p>&#8211; Nej\u010dast\u011bj\u0161\u00edmi trojicemi byly: 24-25 a 42<\/p>\n<p>&#8211; A kone\u010dn\u011b po sob\u011b jdouc\u00ed trojice byly: 6-7 a 8<\/p>\n","protected":false},"excerpt":{"rendered":"<p>Zkontrolujte v\u00fdsledky Mega Sena Chcete-li zkontrolovat v\u00fdhern\u00ed kombinaci losov\u00e1n\u00ed loterie Mega Sena, jednodu\u0161e porovnejte \u010d\u00edsla v kombinaci uveden\u00e9 na tiketu s v\u00fdsledkem uveden\u00fdm na t\u00e9to str\u00e1nce. M\u016f\u017eete tak\u00e9 vstoupit do u\u017eivatelsk\u00e9ho \u00fa\u010dtu, kde se prom\u00edtnou v\u0161echny pohyby v\u010detn\u011b z\u00edskan\u00fdch v\u00fdher. Na t\u00e9\u017ee str\u00e1nce si m\u016f\u017eete tak\u00e9 prohl\u00e9dnout nahromad\u011bn\u00e9, v\u00fdherce a v\u00fdhry v jednotliv\u00fdch kategori\u00edch a [&hellip;]<\/p>\n","protected":false},"author":2,"featured_media":0,"parent":16887,"menu_order":16,"comment_status":"closed","ping_status":"closed","template":"megasena-results.php","meta":{"_et_pb_use_builder":"","_et_pb_old_content":"","_et_gb_content_width":"","exclude_from_search":false,"footnotes":""},"class_list":["post-17007","page","type-page","status-publish","hentry"],"yoast_head":"<!-- This site is optimized with the Yoast SEO plugin v23.7 - https:\/\/yoast.com\/wordpress\/plugins\/seo\/ -->\n<title>Zobrazen\u00e9 v\u00fdsledky Mega Sena - LottoHoy.com<\/title>\n<meta name=\"description\" content=\"Zkontrolujte si, zda jste v losov\u00e1n\u00ed vyhr\u00e1li a porovnejte si s\u00e1zku, kterou jste uzav\u0159eli, zobrazuj\u00ed se v\u00fdsledky Mega Seny z posledn\u00edho losov\u00e1n\u00ed.\" \/>\n<meta name=\"robots\" content=\"index, follow, max-snippet:-1, max-image-preview:large, max-video-preview:-1\" \/>\n<link rel=\"canonical\" href=\"https:\/\/lottohoy.com\/cs\/vysledky-loterie\/mega-sena-loterie-vysledky\/\" \/>\n<meta property=\"og:locale\" content=\"cs_CZ\" \/>\n<meta property=\"og:type\" content=\"article\" \/>\n<meta property=\"og:title\" content=\"Zobrazen\u00e9 v\u00fdsledky Mega Sena - LottoHoy.com\" \/>\n<meta property=\"og:description\" content=\"Zkontrolujte si, zda jste v losov\u00e1n\u00ed vyhr\u00e1li a porovnejte si s\u00e1zku, kterou jste uzav\u0159eli, zobrazuj\u00ed se v\u00fdsledky Mega Seny z posledn\u00edho losov\u00e1n\u00ed.\" \/>\n<meta property=\"og:url\" content=\"https:\/\/lottohoy.com\/cs\/vysledky-loterie\/mega-sena-loterie-vysledky\/\" \/>\n<meta property=\"og:site_name\" content=\"Lottohoy\" \/>\n<meta name=\"twitter:card\" content=\"summary_large_image\" \/>\n<meta name=\"twitter:label1\" content=\"Odhadovan\u00e1 doba \u010dten\u00ed\" \/>\n\t<meta name=\"twitter:data1\" content=\"2 minuty\" \/>\n<script type=\"application\/ld+json\" class=\"yoast-schema-graph\">{\"@context\":\"https:\/\/schema.org\",\"@graph\":[{\"@type\":\"WebPage\",\"@id\":\"https:\/\/lottohoy.com\/cs\/vysledky-loterie\/mega-sena-loterie-vysledky\/\",\"url\":\"https:\/\/lottohoy.com\/cs\/vysledky-loterie\/mega-sena-loterie-vysledky\/\",\"name\":\"Zobrazen\u00e9 v\u00fdsledky Mega Sena - LottoHoy.com\",\"isPartOf\":{\"@id\":\"https:\/\/lottohoy.com\/cs\/#website\"},\"datePublished\":\"2020-08-10T14:58:35+00:00\",\"dateModified\":\"2020-08-10T14:58:35+00:00\",\"description\":\"Zkontrolujte si, zda jste v losov\u00e1n\u00ed vyhr\u00e1li a porovnejte si s\u00e1zku, kterou jste uzav\u0159eli, zobrazuj\u00ed se v\u00fdsledky Mega Seny z posledn\u00edho losov\u00e1n\u00ed.\",\"breadcrumb\":{\"@id\":\"https:\/\/lottohoy.com\/cs\/vysledky-loterie\/mega-sena-loterie-vysledky\/#breadcrumb\"},\"inLanguage\":\"cs\",\"potentialAction\":[{\"@type\":\"ReadAction\",\"target\":[\"https:\/\/lottohoy.com\/cs\/vysledky-loterie\/mega-sena-loterie-vysledky\/\"]}]},{\"@type\":\"BreadcrumbList\",\"@id\":\"https:\/\/lottohoy.com\/cs\/vysledky-loterie\/mega-sena-loterie-vysledky\/#breadcrumb\",\"itemListElement\":[{\"@type\":\"ListItem\",\"position\":1,\"name\":\"Home\",\"item\":\"https:\/\/lottohoy.com\/cs\/\"},{\"@type\":\"ListItem\",\"position\":2,\"name\":\"V\u00fdsledky loterie\",\"item\":\"https:\/\/lottohoy.com\/cs\/vysledky-loterie\/\"},{\"@type\":\"ListItem\",\"position\":3,\"name\":\"Mega Sena loterie V\u00fdsledky\"}]},{\"@type\":\"WebSite\",\"@id\":\"https:\/\/lottohoy.com\/cs\/#website\",\"url\":\"https:\/\/lottohoy.com\/cs\/\",\"name\":\"Lottohoy\",\"description\":\"\",\"potentialAction\":[{\"@type\":\"SearchAction\",\"target\":{\"@type\":\"EntryPoint\",\"urlTemplate\":\"https:\/\/lottohoy.com\/cs\/?s={search_term_string}\"},\"query-input\":{\"@type\":\"PropertyValueSpecification\",\"valueRequired\":true,\"valueName\":\"search_term_string\"}}],\"inLanguage\":\"cs\"}]}<\/script>\n<!-- \/ Yoast SEO plugin. -->","yoast_head_json":{"title":"Zobrazen\u00e9 v\u00fdsledky Mega Sena - LottoHoy.com","description":"Zkontrolujte si, zda jste v losov\u00e1n\u00ed vyhr\u00e1li a porovnejte si s\u00e1zku, kterou jste uzav\u0159eli, zobrazuj\u00ed se v\u00fdsledky Mega Seny z posledn\u00edho losov\u00e1n\u00ed.","robots":{"index":"index","follow":"follow","max-snippet":"max-snippet:-1","max-image-preview":"max-image-preview:large","max-video-preview":"max-video-preview:-1"},"canonical":"https:\/\/lottohoy.com\/cs\/vysledky-loterie\/mega-sena-loterie-vysledky\/","og_locale":"cs_CZ","og_type":"article","og_title":"Zobrazen\u00e9 v\u00fdsledky Mega Sena - LottoHoy.com","og_description":"Zkontrolujte si, zda jste v losov\u00e1n\u00ed vyhr\u00e1li a porovnejte si s\u00e1zku, kterou jste uzav\u0159eli, zobrazuj\u00ed se v\u00fdsledky Mega Seny z posledn\u00edho losov\u00e1n\u00ed.","og_url":"https:\/\/lottohoy.com\/cs\/vysledky-loterie\/mega-sena-loterie-vysledky\/","og_site_name":"Lottohoy","twitter_card":"summary_large_image","twitter_misc":{"Odhadovan\u00e1 doba \u010dten\u00ed":"2 minuty"},"schema":{"@context":"https:\/\/schema.org","@graph":[{"@type":"WebPage","@id":"https:\/\/lottohoy.com\/cs\/vysledky-loterie\/mega-sena-loterie-vysledky\/","url":"https:\/\/lottohoy.com\/cs\/vysledky-loterie\/mega-sena-loterie-vysledky\/","name":"Zobrazen\u00e9 v\u00fdsledky Mega Sena - LottoHoy.com","isPartOf":{"@id":"https:\/\/lottohoy.com\/cs\/#website"},"datePublished":"2020-08-10T14:58:35+00:00","dateModified":"2020-08-10T14:58:35+00:00","description":"Zkontrolujte si, zda jste v losov\u00e1n\u00ed vyhr\u00e1li a porovnejte si s\u00e1zku, kterou jste uzav\u0159eli, zobrazuj\u00ed se v\u00fdsledky Mega Seny z posledn\u00edho losov\u00e1n\u00ed.","breadcrumb":{"@id":"https:\/\/lottohoy.com\/cs\/vysledky-loterie\/mega-sena-loterie-vysledky\/#breadcrumb"},"inLanguage":"cs","potentialAction":[{"@type":"ReadAction","target":["https:\/\/lottohoy.com\/cs\/vysledky-loterie\/mega-sena-loterie-vysledky\/"]}]},{"@type":"BreadcrumbList","@id":"https:\/\/lottohoy.com\/cs\/vysledky-loterie\/mega-sena-loterie-vysledky\/#breadcrumb","itemListElement":[{"@type":"ListItem","position":1,"name":"Home","item":"https:\/\/lottohoy.com\/cs\/"},{"@type":"ListItem","position":2,"name":"V\u00fdsledky loterie","item":"https:\/\/lottohoy.com\/cs\/vysledky-loterie\/"},{"@type":"ListItem","position":3,"name":"Mega Sena loterie V\u00fdsledky"}]},{"@type":"WebSite","@id":"https:\/\/lottohoy.com\/cs\/#website","url":"https:\/\/lottohoy.com\/cs\/","name":"Lottohoy","description":"","potentialAction":[{"@type":"SearchAction","target":{"@type":"EntryPoint","urlTemplate":"https:\/\/lottohoy.com\/cs\/?s={search_term_string}"},"query-input":{"@type":"PropertyValueSpecification","valueRequired":true,"valueName":"search_term_string"}}],"inLanguage":"cs"}]}},"_links":{"self":[{"href":"https:\/\/lottohoy.com\/cs\/wp-json\/wp\/v2\/pages\/17007","targetHints":{"allow":["GET"]}}],"collection":[{"href":"https:\/\/lottohoy.com\/cs\/wp-json\/wp\/v2\/pages"}],"about":[{"href":"https:\/\/lottohoy.com\/cs\/wp-json\/wp\/v2\/types\/page"}],"author":[{"embeddable":true,"href":"https:\/\/lottohoy.com\/cs\/wp-json\/wp\/v2\/users\/2"}],"replies":[{"embeddable":true,"href":"https:\/\/lottohoy.com\/cs\/wp-json\/wp\/v2\/comments?post=17007"}],"version-history":[{"count":0,"href":"https:\/\/lottohoy.com\/cs\/wp-json\/wp\/v2\/pages\/17007\/revisions"}],"up":[{"embeddable":true,"href":"https:\/\/lottohoy.com\/cs\/wp-json\/wp\/v2\/pages\/16887"}],"wp:attachment":[{"href":"https:\/\/lottohoy.com\/cs\/wp-json\/wp\/v2\/media?parent=17007"}],"curies":[{"name":"wp","href":"https:\/\/api.w.org\/{rel}","templated":true}]}}