{"id":17005,"date":"2020-08-10T21:40:33","date_gmt":"2020-08-10T20:40:33","guid":{"rendered":"https:\/\/lottohoy.com\/vysledky-loterie\/lotto-america-vysledky\/"},"modified":"2020-08-10T21:40:33","modified_gmt":"2020-08-10T20:40:33","slug":"lotto-america-vysledky","status":"publish","type":"page","link":"https:\/\/lottohoy.com\/cs\/vysledky-loterie\/lotto-america-vysledky\/","title":{"rendered":"Lotto America V\u00fdsledky"},"content":{"rendered":"<p>Na t\u00e9to str\u00e1nce najdete podrobn\u00fd rozpis v\u00fdsledk\u016f losov\u00e1n\u00ed Lotto America, odhadovan\u00fd jackpot (a\u017e do z\u00e1v\u011bre\u010dn\u00e9 kontroly) pro dan\u00e9 losov\u00e1n\u00ed a dal\u0161\u00ed zaj\u00edmav\u00e9 informace.<\/p>\n<h2>Nejnov\u011bj\u0161\u00ed v\u00fdsledky Lotto America<\/h2>\n<p>Na t\u00e9to obrazovce si m\u016f\u017eete prohl\u00e9dnout tabulku s v\u00fdsledky posledn\u00edho uskute\u010dn\u011bn\u00e9ho losov\u00e1n\u00ed a rozd\u011blen\u00ed v\u00fdher pro jednotliv\u00e9 v\u00fdhern\u00ed kategorie, odhadovan\u00fd po\u010det v\u00fdherc\u016f v ka\u017ed\u00e9 kategorii a \u010d\u00e1stku, kter\u00e1 mezi n\u011b bude rozd\u011blena.<\/p>\n<h2>V\u0161echny v\u00fdsledky Lotto America<\/h2>\n<p>Krom\u011b v\u00fdsledk\u016f zobrazen\u00fdch v r\u00e1me\u010dku pro toto posledn\u00ed losov\u00e1n\u00ed m\u016f\u017eete na t\u00e9to str\u00e1nce tak\u00e9 zobrazit v\u00fdsledky v\u0161ech p\u0159edchoz\u00edch losov\u00e1n\u00ed, kter\u00e1 se konala b\u011bhem posledn\u00edch 2 let.<\/p>\n<p>M\u016f\u017eete si vybrat konkr\u00e9tn\u00ed datum, jeho\u017e v\u00fdsledek chcete zkontrolovat, a ceny rozd\u011blen\u00e9 v jednotliv\u00fdch v\u00fdhern\u00edch \u00farovn\u00edch.<\/p>\n","protected":false},"excerpt":{"rendered":"<p>Na t\u00e9to str\u00e1nce najdete podrobn\u00fd rozpis v\u00fdsledk\u016f losov\u00e1n\u00ed Lotto America, odhadovan\u00fd jackpot (a\u017e do z\u00e1v\u011bre\u010dn\u00e9 kontroly) pro dan\u00e9 losov\u00e1n\u00ed a dal\u0161\u00ed zaj\u00edmav\u00e9 informace. Nejnov\u011bj\u0161\u00ed v\u00fdsledky Lotto America Na t\u00e9to obrazovce si m\u016f\u017eete prohl\u00e9dnout tabulku s v\u00fdsledky posledn\u00edho uskute\u010dn\u011bn\u00e9ho losov\u00e1n\u00ed a rozd\u011blen\u00ed v\u00fdher pro jednotliv\u00e9 v\u00fdhern\u00ed kategorie, odhadovan\u00fd po\u010det v\u00fdherc\u016f v ka\u017ed\u00e9 kategorii a \u010d\u00e1stku, kter\u00e1 [&hellip;]<\/p>\n","protected":false},"author":2,"featured_media":0,"parent":16887,"menu_order":15,"comment_status":"closed","ping_status":"closed","template":"lotto-america-results.php","meta":{"_et_pb_use_builder":"","_et_pb_old_content":"","_et_gb_content_width":"","exclude_from_search":false,"footnotes":""},"class_list":["post-17005","page","type-page","status-publish","hentry"],"yoast_head":"<!-- This site is optimized with the Yoast SEO plugin v23.7 - https:\/\/yoast.com\/wordpress\/plugins\/seo\/ -->\n<title>Lotto America, v\u00fdsledky loterie - LottoHoy.com<\/title>\n<meta name=\"description\" content=\"Pod\u00edvejte se na v\u00fdsledky loterie Lotto America, rozd\u011blen\u00ed osmi kategori\u00ed pevn\u00fdch v\u00fdher a jackpotu.\" \/>\n<meta name=\"robots\" content=\"index, follow, max-snippet:-1, max-image-preview:large, max-video-preview:-1\" \/>\n<link rel=\"canonical\" href=\"https:\/\/lottohoy.com\/cs\/vysledky-loterie\/lotto-america-vysledky\/\" \/>\n<meta property=\"og:locale\" content=\"cs_CZ\" \/>\n<meta property=\"og:type\" content=\"article\" \/>\n<meta property=\"og:title\" content=\"Lotto America, v\u00fdsledky loterie - LottoHoy.com\" \/>\n<meta property=\"og:description\" content=\"Pod\u00edvejte se na v\u00fdsledky loterie Lotto America, rozd\u011blen\u00ed osmi kategori\u00ed pevn\u00fdch v\u00fdher a jackpotu.\" \/>\n<meta property=\"og:url\" content=\"https:\/\/lottohoy.com\/cs\/vysledky-loterie\/lotto-america-vysledky\/\" \/>\n<meta property=\"og:site_name\" content=\"Lottohoy\" \/>\n<meta name=\"twitter:card\" content=\"summary_large_image\" \/>\n<meta name=\"twitter:label1\" content=\"Odhadovan\u00e1 doba \u010dten\u00ed\" \/>\n\t<meta name=\"twitter:data1\" content=\"1 minuta\" \/>\n<script type=\"application\/ld+json\" class=\"yoast-schema-graph\">{\"@context\":\"https:\/\/schema.org\",\"@graph\":[{\"@type\":\"WebPage\",\"@id\":\"https:\/\/lottohoy.com\/cs\/vysledky-loterie\/lotto-america-vysledky\/\",\"url\":\"https:\/\/lottohoy.com\/cs\/vysledky-loterie\/lotto-america-vysledky\/\",\"name\":\"Lotto America, v\u00fdsledky loterie - LottoHoy.com\",\"isPartOf\":{\"@id\":\"https:\/\/lottohoy.com\/cs\/#website\"},\"datePublished\":\"2020-08-10T20:40:33+00:00\",\"dateModified\":\"2020-08-10T20:40:33+00:00\",\"description\":\"Pod\u00edvejte se na v\u00fdsledky loterie Lotto America, rozd\u011blen\u00ed osmi kategori\u00ed pevn\u00fdch v\u00fdher a jackpotu.\",\"breadcrumb\":{\"@id\":\"https:\/\/lottohoy.com\/cs\/vysledky-loterie\/lotto-america-vysledky\/#breadcrumb\"},\"inLanguage\":\"cs\",\"potentialAction\":[{\"@type\":\"ReadAction\",\"target\":[\"https:\/\/lottohoy.com\/cs\/vysledky-loterie\/lotto-america-vysledky\/\"]}]},{\"@type\":\"BreadcrumbList\",\"@id\":\"https:\/\/lottohoy.com\/cs\/vysledky-loterie\/lotto-america-vysledky\/#breadcrumb\",\"itemListElement\":[{\"@type\":\"ListItem\",\"position\":1,\"name\":\"Home\",\"item\":\"https:\/\/lottohoy.com\/cs\/\"},{\"@type\":\"ListItem\",\"position\":2,\"name\":\"V\u00fdsledky loterie\",\"item\":\"https:\/\/lottohoy.com\/cs\/vysledky-loterie\/\"},{\"@type\":\"ListItem\",\"position\":3,\"name\":\"Lotto America V\u00fdsledky\"}]},{\"@type\":\"WebSite\",\"@id\":\"https:\/\/lottohoy.com\/cs\/#website\",\"url\":\"https:\/\/lottohoy.com\/cs\/\",\"name\":\"Lottohoy\",\"description\":\"\",\"potentialAction\":[{\"@type\":\"SearchAction\",\"target\":{\"@type\":\"EntryPoint\",\"urlTemplate\":\"https:\/\/lottohoy.com\/cs\/?s={search_term_string}\"},\"query-input\":{\"@type\":\"PropertyValueSpecification\",\"valueRequired\":true,\"valueName\":\"search_term_string\"}}],\"inLanguage\":\"cs\"}]}<\/script>\n<!-- \/ Yoast SEO plugin. -->","yoast_head_json":{"title":"Lotto America, v\u00fdsledky loterie - LottoHoy.com","description":"Pod\u00edvejte se na v\u00fdsledky loterie Lotto America, rozd\u011blen\u00ed osmi kategori\u00ed pevn\u00fdch v\u00fdher a jackpotu.","robots":{"index":"index","follow":"follow","max-snippet":"max-snippet:-1","max-image-preview":"max-image-preview:large","max-video-preview":"max-video-preview:-1"},"canonical":"https:\/\/lottohoy.com\/cs\/vysledky-loterie\/lotto-america-vysledky\/","og_locale":"cs_CZ","og_type":"article","og_title":"Lotto America, v\u00fdsledky loterie - LottoHoy.com","og_description":"Pod\u00edvejte se na v\u00fdsledky loterie Lotto America, rozd\u011blen\u00ed osmi kategori\u00ed pevn\u00fdch v\u00fdher a jackpotu.","og_url":"https:\/\/lottohoy.com\/cs\/vysledky-loterie\/lotto-america-vysledky\/","og_site_name":"Lottohoy","twitter_card":"summary_large_image","twitter_misc":{"Odhadovan\u00e1 doba \u010dten\u00ed":"1 minuta"},"schema":{"@context":"https:\/\/schema.org","@graph":[{"@type":"WebPage","@id":"https:\/\/lottohoy.com\/cs\/vysledky-loterie\/lotto-america-vysledky\/","url":"https:\/\/lottohoy.com\/cs\/vysledky-loterie\/lotto-america-vysledky\/","name":"Lotto America, v\u00fdsledky loterie - LottoHoy.com","isPartOf":{"@id":"https:\/\/lottohoy.com\/cs\/#website"},"datePublished":"2020-08-10T20:40:33+00:00","dateModified":"2020-08-10T20:40:33+00:00","description":"Pod\u00edvejte se na v\u00fdsledky loterie Lotto America, rozd\u011blen\u00ed osmi kategori\u00ed pevn\u00fdch v\u00fdher a jackpotu.","breadcrumb":{"@id":"https:\/\/lottohoy.com\/cs\/vysledky-loterie\/lotto-america-vysledky\/#breadcrumb"},"inLanguage":"cs","potentialAction":[{"@type":"ReadAction","target":["https:\/\/lottohoy.com\/cs\/vysledky-loterie\/lotto-america-vysledky\/"]}]},{"@type":"BreadcrumbList","@id":"https:\/\/lottohoy.com\/cs\/vysledky-loterie\/lotto-america-vysledky\/#breadcrumb","itemListElement":[{"@type":"ListItem","position":1,"name":"Home","item":"https:\/\/lottohoy.com\/cs\/"},{"@type":"ListItem","position":2,"name":"V\u00fdsledky loterie","item":"https:\/\/lottohoy.com\/cs\/vysledky-loterie\/"},{"@type":"ListItem","position":3,"name":"Lotto America V\u00fdsledky"}]},{"@type":"WebSite","@id":"https:\/\/lottohoy.com\/cs\/#website","url":"https:\/\/lottohoy.com\/cs\/","name":"Lottohoy","description":"","potentialAction":[{"@type":"SearchAction","target":{"@type":"EntryPoint","urlTemplate":"https:\/\/lottohoy.com\/cs\/?s={search_term_string}"},"query-input":{"@type":"PropertyValueSpecification","valueRequired":true,"valueName":"search_term_string"}}],"inLanguage":"cs"}]}},"_links":{"self":[{"href":"https:\/\/lottohoy.com\/cs\/wp-json\/wp\/v2\/pages\/17005","targetHints":{"allow":["GET"]}}],"collection":[{"href":"https:\/\/lottohoy.com\/cs\/wp-json\/wp\/v2\/pages"}],"about":[{"href":"https:\/\/lottohoy.com\/cs\/wp-json\/wp\/v2\/types\/page"}],"author":[{"embeddable":true,"href":"https:\/\/lottohoy.com\/cs\/wp-json\/wp\/v2\/users\/2"}],"replies":[{"embeddable":true,"href":"https:\/\/lottohoy.com\/cs\/wp-json\/wp\/v2\/comments?post=17005"}],"version-history":[{"count":0,"href":"https:\/\/lottohoy.com\/cs\/wp-json\/wp\/v2\/pages\/17005\/revisions"}],"up":[{"embeddable":true,"href":"https:\/\/lottohoy.com\/cs\/wp-json\/wp\/v2\/pages\/16887"}],"wp:attachment":[{"href":"https:\/\/lottohoy.com\/cs\/wp-json\/wp\/v2\/media?parent=17005"}],"curies":[{"name":"wp","href":"https:\/\/api.w.org\/{rel}","templated":true}]}}