{"id":16993,"date":"2020-08-10T22:51:41","date_gmt":"2020-08-10T21:51:41","guid":{"rendered":"https:\/\/lottohoy.com\/vysledky-loterie\/lotto-6aus49-vysledky\/"},"modified":"2020-08-10T22:51:41","modified_gmt":"2020-08-10T21:51:41","slug":"lotto-6aus49-vysledky","status":"publish","type":"page","link":"https:\/\/lottohoy.com\/cs\/vysledky-loterie\/lotto-6aus49-vysledky\/","title":{"rendered":"Lotto 6aus49 V\u00fdsledky"},"content":{"rendered":"<p>Chcete-li zjistit, zda jste vyhr\u00e1li Lotto 6aus49, sta\u010d\u00ed porovnat \u010d\u00edsla kombinace vybran\u00e9 na va\u0161em tiketu s v\u00fdsledky uveden\u00fdmi na t\u00e9to str\u00e1nce.<\/p>\n<p>Pokud vyhrajete v n\u011bkter\u00e9 z kategori\u00ed uveden\u00fdch na 6aus49, bude va\u0161e v\u00fdhra automaticky p\u0159ips\u00e1na na v\u00e1\u0161 \u00fa\u010det.<\/p>\n<h2>V\u00fdsledky loterie Lotto 6aus49<\/h2>\n<p>Na t\u00e9to str\u00e1nce najdete podrobn\u00e9 informace o v\u00fdsledc\u00edch losov\u00e1n\u00ed Lotto 6aus49, odhadovan\u00fd jackpot pro toto losov\u00e1n\u00ed, jako\u017e i dal\u0161\u00ed \u00fadaje, kter\u00e9 v\u00e1s budou maxim\u00e1ln\u011b zaj\u00edmat p\u0159i p\u0159edv\u00edd\u00e1n\u00ed budouc\u00edch her.<\/p>\n<p>M\u016f\u017eete si tak\u00e9 prohl\u00e9dnout kumulovan\u00fd jackpot, v\u00fdherce a v\u00fdhry v jednotliv\u00fdch kategori\u00edch a p\u0159edchoz\u00ed losov\u00e1n\u00ed star\u00e1 a\u017e 24 m\u011bs\u00edc\u016f.<\/p>\n<p>Napravo od v\u00fdhern\u00ed kombinace tohoto posledn\u00edho tahu jsou t\u0159i \u010dtverce. Prost\u0159edn\u00ed \u010dtverec zobrazuje datum posledn\u00edho losov\u00e1n\u00ed a po obou stran\u00e1ch tohoto prost\u0159edn\u00edho \u010dtverce jsou \u0161ipky vpravo a vlevo, kter\u00e9 umo\u017e\u0148uj\u00ed nav\u0161t\u00edvit data p\u0159edchoz\u00edch losov\u00e1n\u00ed a posunout se od t\u011bchto losov\u00e1n\u00ed k nejaktu\u00e1ln\u011bj\u0161\u00edmu datu.<\/p>\n<h3>Zkontrolujte v\u00fdsledky a ceny posledn\u00edho losov\u00e1n\u00ed<\/h3>\n<p>Zobrazuje se velk\u00e1 tabulka s v\u00fdsledky a rozd\u011blen\u00edm v\u00fdher podle kategori\u00ed posledn\u00edho dne\u0161n\u00edho losov\u00e1n\u00ed loterie Lotto 6aus49.<\/p>\n<p>Kategorie v\u00fdher (a\u017e 9 r\u016fzn\u00fdch kategori\u00ed), pot\u0159ebn\u00e9 z\u00e1sahy pro z\u00edsk\u00e1n\u00ed n\u011bkter\u00e9 z kategori\u00ed v\u00fdher.<\/p>\n<p>V\u00fdherci jednotliv\u00fdch kategori\u00ed a tak\u00e9 cena, kterou ka\u017ed\u00fd z v\u00fdherc\u016f z\u00edsk\u00e1.<\/p>\n<p>V z\u00e1v\u011bru tohoto velk\u00e9ho r\u00e1me\u010dku je uveden celkov\u00fd po\u010det v\u00fdherc\u016f v tomto losov\u00e1n\u00ed a celkov\u00e1 \u010d\u00e1stka, kter\u00e1 se rozd\u011bl\u00ed mezi v\u0161echny v\u00fdherce.<\/p>\n<h2>Mo\u017enosti v\u00fdhry v Lotto 6aus49<\/h2>\n<p>S pouh\u00fdmi dv\u011bma hlavn\u00edmi \u010d\u00edsly + Superzak\u00e1zkou ji\u017e z\u00edsk\u00e1te pevnou v\u00fdhru. Hodnota v\u00fdher se v jednotliv\u00fdch taz\u00edch li\u0161\u00ed, proto\u017ee se odv\u00edj\u00ed od prodeje tiket\u016f a v\u00fdherc\u016f v jednotliv\u00fdch kategori\u00edch.<\/p>\n","protected":false},"excerpt":{"rendered":"<p>Chcete-li zjistit, zda jste vyhr\u00e1li Lotto 6aus49, sta\u010d\u00ed porovnat \u010d\u00edsla kombinace vybran\u00e9 na va\u0161em tiketu s v\u00fdsledky uveden\u00fdmi na t\u00e9to str\u00e1nce. Pokud vyhrajete v n\u011bkter\u00e9 z kategori\u00ed uveden\u00fdch na 6aus49, bude va\u0161e v\u00fdhra automaticky p\u0159ips\u00e1na na v\u00e1\u0161 \u00fa\u010det. V\u00fdsledky loterie Lotto 6aus49 Na t\u00e9to str\u00e1nce najdete podrobn\u00e9 informace o v\u00fdsledc\u00edch losov\u00e1n\u00ed Lotto 6aus49, odhadovan\u00fd jackpot [&hellip;]<\/p>\n","protected":false},"author":2,"featured_media":0,"parent":16887,"menu_order":13,"comment_status":"closed","ping_status":"closed","template":"lotto-german-results.php","meta":{"_et_pb_use_builder":"","_et_pb_old_content":"","_et_gb_content_width":"","exclude_from_search":false,"footnotes":""},"class_list":["post-16993","page","type-page","status-publish","hentry"],"yoast_head":"<!-- This site is optimized with the Yoast SEO plugin v23.7 - https:\/\/yoast.com\/wordpress\/plugins\/seo\/ -->\n<title>V\u00fdsledky losov\u00e1n\u00ed Lotto 6aus49 - LottoHoy.com<\/title>\n<meta name=\"description\" content=\"Pokud jste vyhr\u00e1li cenu, obdr\u017eeli jste potvrzuj\u00edc\u00ed e-mail. Ka\u017edop\u00e1dn\u011b si zde ale m\u016f\u017eete zkontrolovat v\u00fdsledky lotto 6aus49.\" \/>\n<meta name=\"robots\" content=\"index, follow, max-snippet:-1, max-image-preview:large, max-video-preview:-1\" \/>\n<link rel=\"canonical\" href=\"https:\/\/lottohoy.com\/cs\/vysledky-loterie\/lotto-6aus49-vysledky\/\" \/>\n<meta property=\"og:locale\" content=\"cs_CZ\" \/>\n<meta property=\"og:type\" content=\"article\" \/>\n<meta property=\"og:title\" content=\"V\u00fdsledky losov\u00e1n\u00ed Lotto 6aus49 - LottoHoy.com\" \/>\n<meta property=\"og:description\" content=\"Pokud jste vyhr\u00e1li cenu, obdr\u017eeli jste potvrzuj\u00edc\u00ed e-mail. Ka\u017edop\u00e1dn\u011b si zde ale m\u016f\u017eete zkontrolovat v\u00fdsledky lotto 6aus49.\" \/>\n<meta property=\"og:url\" content=\"https:\/\/lottohoy.com\/cs\/vysledky-loterie\/lotto-6aus49-vysledky\/\" \/>\n<meta property=\"og:site_name\" content=\"Lottohoy\" \/>\n<meta name=\"twitter:card\" content=\"summary_large_image\" \/>\n<meta name=\"twitter:label1\" content=\"Odhadovan\u00e1 doba \u010dten\u00ed\" \/>\n\t<meta name=\"twitter:data1\" content=\"2 minuty\" \/>\n<script type=\"application\/ld+json\" class=\"yoast-schema-graph\">{\"@context\":\"https:\/\/schema.org\",\"@graph\":[{\"@type\":\"WebPage\",\"@id\":\"https:\/\/lottohoy.com\/cs\/vysledky-loterie\/lotto-6aus49-vysledky\/\",\"url\":\"https:\/\/lottohoy.com\/cs\/vysledky-loterie\/lotto-6aus49-vysledky\/\",\"name\":\"V\u00fdsledky losov\u00e1n\u00ed Lotto 6aus49 - LottoHoy.com\",\"isPartOf\":{\"@id\":\"https:\/\/lottohoy.com\/cs\/#website\"},\"datePublished\":\"2020-08-10T21:51:41+00:00\",\"dateModified\":\"2020-08-10T21:51:41+00:00\",\"description\":\"Pokud jste vyhr\u00e1li cenu, obdr\u017eeli jste potvrzuj\u00edc\u00ed e-mail. Ka\u017edop\u00e1dn\u011b si zde ale m\u016f\u017eete zkontrolovat v\u00fdsledky lotto 6aus49.\",\"breadcrumb\":{\"@id\":\"https:\/\/lottohoy.com\/cs\/vysledky-loterie\/lotto-6aus49-vysledky\/#breadcrumb\"},\"inLanguage\":\"cs\",\"potentialAction\":[{\"@type\":\"ReadAction\",\"target\":[\"https:\/\/lottohoy.com\/cs\/vysledky-loterie\/lotto-6aus49-vysledky\/\"]}]},{\"@type\":\"BreadcrumbList\",\"@id\":\"https:\/\/lottohoy.com\/cs\/vysledky-loterie\/lotto-6aus49-vysledky\/#breadcrumb\",\"itemListElement\":[{\"@type\":\"ListItem\",\"position\":1,\"name\":\"Home\",\"item\":\"https:\/\/lottohoy.com\/cs\/\"},{\"@type\":\"ListItem\",\"position\":2,\"name\":\"V\u00fdsledky loterie\",\"item\":\"https:\/\/lottohoy.com\/cs\/vysledky-loterie\/\"},{\"@type\":\"ListItem\",\"position\":3,\"name\":\"Lotto 6aus49 V\u00fdsledky\"}]},{\"@type\":\"WebSite\",\"@id\":\"https:\/\/lottohoy.com\/cs\/#website\",\"url\":\"https:\/\/lottohoy.com\/cs\/\",\"name\":\"Lottohoy\",\"description\":\"\",\"potentialAction\":[{\"@type\":\"SearchAction\",\"target\":{\"@type\":\"EntryPoint\",\"urlTemplate\":\"https:\/\/lottohoy.com\/cs\/?s={search_term_string}\"},\"query-input\":{\"@type\":\"PropertyValueSpecification\",\"valueRequired\":true,\"valueName\":\"search_term_string\"}}],\"inLanguage\":\"cs\"}]}<\/script>\n<!-- \/ Yoast SEO plugin. -->","yoast_head_json":{"title":"V\u00fdsledky losov\u00e1n\u00ed Lotto 6aus49 - LottoHoy.com","description":"Pokud jste vyhr\u00e1li cenu, obdr\u017eeli jste potvrzuj\u00edc\u00ed e-mail. Ka\u017edop\u00e1dn\u011b si zde ale m\u016f\u017eete zkontrolovat v\u00fdsledky lotto 6aus49.","robots":{"index":"index","follow":"follow","max-snippet":"max-snippet:-1","max-image-preview":"max-image-preview:large","max-video-preview":"max-video-preview:-1"},"canonical":"https:\/\/lottohoy.com\/cs\/vysledky-loterie\/lotto-6aus49-vysledky\/","og_locale":"cs_CZ","og_type":"article","og_title":"V\u00fdsledky losov\u00e1n\u00ed Lotto 6aus49 - LottoHoy.com","og_description":"Pokud jste vyhr\u00e1li cenu, obdr\u017eeli jste potvrzuj\u00edc\u00ed e-mail. Ka\u017edop\u00e1dn\u011b si zde ale m\u016f\u017eete zkontrolovat v\u00fdsledky lotto 6aus49.","og_url":"https:\/\/lottohoy.com\/cs\/vysledky-loterie\/lotto-6aus49-vysledky\/","og_site_name":"Lottohoy","twitter_card":"summary_large_image","twitter_misc":{"Odhadovan\u00e1 doba \u010dten\u00ed":"2 minuty"},"schema":{"@context":"https:\/\/schema.org","@graph":[{"@type":"WebPage","@id":"https:\/\/lottohoy.com\/cs\/vysledky-loterie\/lotto-6aus49-vysledky\/","url":"https:\/\/lottohoy.com\/cs\/vysledky-loterie\/lotto-6aus49-vysledky\/","name":"V\u00fdsledky losov\u00e1n\u00ed Lotto 6aus49 - LottoHoy.com","isPartOf":{"@id":"https:\/\/lottohoy.com\/cs\/#website"},"datePublished":"2020-08-10T21:51:41+00:00","dateModified":"2020-08-10T21:51:41+00:00","description":"Pokud jste vyhr\u00e1li cenu, obdr\u017eeli jste potvrzuj\u00edc\u00ed e-mail. Ka\u017edop\u00e1dn\u011b si zde ale m\u016f\u017eete zkontrolovat v\u00fdsledky lotto 6aus49.","breadcrumb":{"@id":"https:\/\/lottohoy.com\/cs\/vysledky-loterie\/lotto-6aus49-vysledky\/#breadcrumb"},"inLanguage":"cs","potentialAction":[{"@type":"ReadAction","target":["https:\/\/lottohoy.com\/cs\/vysledky-loterie\/lotto-6aus49-vysledky\/"]}]},{"@type":"BreadcrumbList","@id":"https:\/\/lottohoy.com\/cs\/vysledky-loterie\/lotto-6aus49-vysledky\/#breadcrumb","itemListElement":[{"@type":"ListItem","position":1,"name":"Home","item":"https:\/\/lottohoy.com\/cs\/"},{"@type":"ListItem","position":2,"name":"V\u00fdsledky loterie","item":"https:\/\/lottohoy.com\/cs\/vysledky-loterie\/"},{"@type":"ListItem","position":3,"name":"Lotto 6aus49 V\u00fdsledky"}]},{"@type":"WebSite","@id":"https:\/\/lottohoy.com\/cs\/#website","url":"https:\/\/lottohoy.com\/cs\/","name":"Lottohoy","description":"","potentialAction":[{"@type":"SearchAction","target":{"@type":"EntryPoint","urlTemplate":"https:\/\/lottohoy.com\/cs\/?s={search_term_string}"},"query-input":{"@type":"PropertyValueSpecification","valueRequired":true,"valueName":"search_term_string"}}],"inLanguage":"cs"}]}},"_links":{"self":[{"href":"https:\/\/lottohoy.com\/cs\/wp-json\/wp\/v2\/pages\/16993","targetHints":{"allow":["GET"]}}],"collection":[{"href":"https:\/\/lottohoy.com\/cs\/wp-json\/wp\/v2\/pages"}],"about":[{"href":"https:\/\/lottohoy.com\/cs\/wp-json\/wp\/v2\/types\/page"}],"author":[{"embeddable":true,"href":"https:\/\/lottohoy.com\/cs\/wp-json\/wp\/v2\/users\/2"}],"replies":[{"embeddable":true,"href":"https:\/\/lottohoy.com\/cs\/wp-json\/wp\/v2\/comments?post=16993"}],"version-history":[{"count":0,"href":"https:\/\/lottohoy.com\/cs\/wp-json\/wp\/v2\/pages\/16993\/revisions"}],"up":[{"embeddable":true,"href":"https:\/\/lottohoy.com\/cs\/wp-json\/wp\/v2\/pages\/16887"}],"wp:attachment":[{"href":"https:\/\/lottohoy.com\/cs\/wp-json\/wp\/v2\/media?parent=16993"}],"curies":[{"name":"wp","href":"https:\/\/api.w.org\/{rel}","templated":true}]}}