{"id":16990,"date":"2024-10-23T06:14:09","date_gmt":"2024-10-23T05:14:09","guid":{"rendered":"https:\/\/lottohoy.com\/vysledky-loterie\/vysledky-francouzske-lotto\/"},"modified":"2024-10-23T06:14:09","modified_gmt":"2024-10-23T05:14:09","slug":"vysledky-francouzske-lotto","status":"publish","type":"page","link":"https:\/\/lottohoy.com\/cs\/vysledky-loterie\/vysledky-francouzske-lotto\/","title":{"rendered":"V\u00fdsledky Francouzsk\u00e9 Lotto"},"content":{"rendered":"<h2>Pod\u00edvejte se na v\u00fdsledky francouzsk\u00e9ho Lotto<\/h2>\n<p>Chcete-li zkontrolovat v\u00fdhern\u00ed kombinaci losov\u00e1n\u00ed francouzsk\u00e9ho Lotto, sta\u010d\u00ed porovnat \u010d\u00edsla kombinace uveden\u00e9 na va\u0161em tiketu s v\u00fdsledkem uveden\u00fdm na t\u00e9to str\u00e1nce. Pokud jste si tiket zakoupili, uvid\u00edte jej tak\u00e9 ve sv\u00e9m u\u017eivatelsk\u00e9m profilu.<\/p>\n<p>M\u016f\u017eete tak\u00e9 zkontrolovat <a href=\"https:\/\/lottohoy.com\/jackpots\/\"><strong>dne\u0161n\u00ed kumulovan\u00e9 v\u00fdhry<\/strong><\/a>, v\u00fdherce a ceny v jednotliv\u00fdch kategori\u00edch a p\u0159edchoz\u00ed losov\u00e1n\u00ed a\u017e 24 m\u011bs\u00edc\u016f zp\u011btn\u011b.<\/p>\n<h2>Rozd\u011blen\u00ed v\u00fdher francouzsk\u00e9 loterie<\/h2>\n<p>V p\u0159\u00edpad\u011b, \u017ee jste registrovan\u00fdm u\u017eivatelem, jsou z\u00edskan\u00e9 v\u00fdhry ulo\u017eeny p\u0159\u00edmo na u\u017eivatelsk\u00fd \u00fa\u010det a v p\u0159\u00edpad\u011b pot\u0159eby m\u016f\u017eete hr\u00e1t znovu s prost\u0159edky na sv\u00e9m \u00fa\u010dtu.<\/p>\n<p>Na t\u00e9to str\u00e1nce najdete v\u00fdhern\u00ed kombinaci posledn\u00edho losov\u00e1n\u00ed a rozd\u011blen\u00ed v\u00fdher odpov\u00eddaj\u00edc\u00ed jednotliv\u00fdm kategori\u00edm.<\/p>\n<p>V tabulce je uvedena kombinace p\u011bti hlavn\u00edch \u010d\u00edsel a dopl\u0148kov\u00e9ho \u010d\u00edsla, naz\u00fdvan\u00e9ho tak\u00e9 <em>&#8222;n\u00e1hoda<\/em> \u201c, kter\u00e1 ur\u010duje v\u00fdhru prvn\u00ed kategorie.<\/p>\n<h2>Nejvy\u0161\u0161\u00ed francouzsk\u00e9 ceny a jackpoty v programu Lotto<\/h2>\n<p>Nejvy\u0161\u0161\u00ed v\u00fdhry nashrom\u00e1\u017ed\u011bn\u00e9 v historii t\u00e9to loterie byly:<\/p>\n<ul>\n<li>Tah konan\u00fd <sup>16<\/sup>. \u010dervna 2011, v n\u011bm\u017e jedin\u00fd v\u00fdherce z\u00edskal v\u00fdhru ve v\u00fd\u0161i 24 milion\u016f eur.<\/li>\n<li>Dne<sup>19.<\/sup> kv\u011btna 2014 byla ud\u011blena prvn\u00ed v\u00fdhra v celkov\u00e9 v\u00fd\u0161i 23 milion\u016f eur.<\/li>\n<\/ul>\n<p><a href=\"\u201ehttps:\/\/lottohoy.com\/play\/lotto-fr\/\u201c\"><strong>Francouzsk\u00e9 Lotto<\/strong><\/a><strong>,<\/strong> je loterie, kterou bychom mohli pova\u017eovat za \u201esnadnou\u201c, a p\u0159esto\u017ee m\u00e1 garantovan\u00fd minim\u00e1ln\u00ed jackpot ve v\u00fd\u0161i 2 000 000 eur pro nejlep\u0161\u00ed v\u00fdherce (5 + 1), kumulativn\u00ed jackpoty v supermilionov\u00fdch \u010d\u00e1stk\u00e1ch eur se obvykle nez\u00edsk\u00e1vaj\u00ed jako v evropsk\u00fdch nebo americk\u00fdch loteri\u00edch vzhledem k tomu, \u017ee jackpot pad\u00e1 \u010dasto a vznik\u00e1 mnoho nov\u00fdch milion\u00e1\u0159\u016f.<\/p>\n<h2>Nej\u010dast\u011bj\u0161\u00ed \u010d\u00edsla ve francouzsk\u00e9m Lotto<\/h2>\n<p>V 35 losov\u00e1n\u00edch, kter\u00e1 se konala v roce 2019, od prvn\u00edho losov\u00e1n\u00ed<sup>2.<\/sup> ledna a\u017e po losov\u00e1n\u00ed <sup>23<\/sup>. b\u0159ezna , m\u011bla n\u011bkter\u00e1 \u010d\u00edsla tendenci vych\u00e1zet \u010dast\u011bji (n\u011bkte\u0159\u00ed je naz\u00fdvaj\u00ed \u201e<em><strong>hork\u00e1 \u010d\u00edsla<\/strong><\/em>\u201c) a z\u00e1rove\u0148 jin\u00e1 \u010d\u00edsla, kter\u00e1 se zdr\u00e1haj\u00ed odej\u00edt a maj\u00ed m\u00e9n\u011b v\u00fdskyt\u016f (tzv <em><strong>. \u201estuden\u00e1 \u010d\u00edsla\u201c<\/strong><\/em>).<\/p>\n<p>Provedeme-li malou studii t\u011bchto 35 posledn\u00edch tah\u016f, zjist\u00edme, \u017ee v r\u00e1mci \u010d\u00edsel pova\u017eovan\u00fdch za \u201e<em>studen\u00e1<\/em>\u201c nevy\u0161lo \u010d\u00edslo 49 v \u017e\u00e1dn\u00e9m z nich.<\/p>\n<p>Mezi hlavn\u00edmi \u010d\u00edsly, kter\u00e1 m\u011bla nejv\u00edce v\u00fdskyt\u016f, jsou:<\/p>\n<ul>\n<li>\u010d\u00edslo 15, kter\u00e9 se objevilo v 10 p\u0159\u00edpadech (28,57 %).<\/li>\n<li>\u010d\u00edsla 7, 11 a 25, kter\u00e1 se objevila v\u017edy po sedmi v\u00fdskytech (20 %).<\/li>\n<li>\u010d\u00edslo 1 se \u0161esti vystoupen\u00edmi (17,14 %).<\/li>\n<\/ul>\n<p>Na druhou stranu, kdy\u017e se pod\u00edv\u00e1me na \u010d\u00edsla, kter\u00e1 ode\u0161la nejm\u00e9n\u011bkr\u00e1t, krom\u011b \u010d\u00edsla 49, kter\u00e9 je\u0161t\u011b nebylo vylosov\u00e1no, m\u00e1me n\u00e1sleduj\u00edc\u00ed \u010d\u00edsla:<\/p>\n<ul>\n<li>\u010d\u00edsla 9, 27, 28 a 39, kter\u00e1 vy\u0161la pouze jednou (2,86 %).<\/li>\n<\/ul>\n<p>Co se t\u00fd\u010de \u010d\u00edsel nav\u00edc neboli \u201en\u00e1hody\u201c, vid\u00edme tak\u00e9, \u017ee \u010d\u00edslo 4 je\u0161t\u011b nebylo vylosov\u00e1no, zat\u00edmco \u010d\u00edslo 10 bylo vylosov\u00e1no \u0161estkr\u00e1t.<\/p>\n","protected":false},"excerpt":{"rendered":"<p>Pod\u00edvejte se na v\u00fdsledky francouzsk\u00e9ho Lotto Chcete-li zkontrolovat v\u00fdhern\u00ed kombinaci losov\u00e1n\u00ed francouzsk\u00e9ho Lotto, sta\u010d\u00ed porovnat \u010d\u00edsla kombinace uveden\u00e9 na va\u0161em tiketu s v\u00fdsledkem uveden\u00fdm na t\u00e9to str\u00e1nce. Pokud jste si tiket zakoupili, uvid\u00edte jej tak\u00e9 ve sv\u00e9m u\u017eivatelsk\u00e9m profilu. M\u016f\u017eete tak\u00e9 zkontrolovat dne\u0161n\u00ed kumulovan\u00e9 v\u00fdhry, v\u00fdherce a ceny v jednotliv\u00fdch kategori\u00edch a p\u0159edchoz\u00ed losov\u00e1n\u00ed a\u017e [&hellip;]<\/p>\n","protected":false},"author":1,"featured_media":0,"parent":16887,"menu_order":12,"comment_status":"closed","ping_status":"closed","template":"lotto-fr-results.php","meta":{"_et_pb_use_builder":"","_et_pb_old_content":"","_et_gb_content_width":"","exclude_from_search":false,"footnotes":""},"class_list":["post-16990","page","type-page","status-publish","hentry"],"yoast_head":"<!-- This site is optimized with the Yoast SEO plugin v23.7 - https:\/\/yoast.com\/wordpress\/plugins\/seo\/ -->\n<title>Pod\u00edvejte se na nejnov\u011bj\u0161\u00ed v\u00fdsledky francouzsk\u00e9 loterie | LottoHoy.com<\/title>\n<meta name=\"description\" content=\"V\u0161echny v\u00fdsledky francouzsk\u00e9ho Lotto denn\u011b aktualizovan\u00e9 s jeho rozd\u011blen\u00edm v\u00fdher a dal\u0161\u00edm jackpotem \u010dekaj\u00edc\u00edm na v\u00fdhru. Nenechte si uj\u00edt \u017e\u00e1dn\u00fd v\u00fdsledek!\" \/>\n<meta name=\"robots\" content=\"index, follow, max-snippet:-1, max-image-preview:large, max-video-preview:-1\" \/>\n<link rel=\"canonical\" href=\"https:\/\/lottohoy.com\/cs\/vysledky-loterie\/vysledky-francouzske-lotto\/\" \/>\n<meta property=\"og:locale\" content=\"cs_CZ\" \/>\n<meta property=\"og:type\" content=\"article\" \/>\n<meta property=\"og:title\" content=\"Pod\u00edvejte se na nejnov\u011bj\u0161\u00ed v\u00fdsledky francouzsk\u00e9 loterie | LottoHoy.com\" \/>\n<meta property=\"og:description\" content=\"V\u0161echny v\u00fdsledky francouzsk\u00e9ho Lotto denn\u011b aktualizovan\u00e9 s jeho rozd\u011blen\u00edm v\u00fdher a dal\u0161\u00edm jackpotem \u010dekaj\u00edc\u00edm na v\u00fdhru. Nenechte si uj\u00edt \u017e\u00e1dn\u00fd v\u00fdsledek!\" \/>\n<meta property=\"og:url\" content=\"https:\/\/lottohoy.com\/cs\/vysledky-loterie\/vysledky-francouzske-lotto\/\" \/>\n<meta property=\"og:site_name\" content=\"Lottohoy\" \/>\n<meta name=\"twitter:card\" content=\"summary_large_image\" \/>\n<meta name=\"twitter:label1\" content=\"Odhadovan\u00e1 doba \u010dten\u00ed\" \/>\n\t<meta name=\"twitter:data1\" content=\"2 minuty\" \/>\n<script type=\"application\/ld+json\" class=\"yoast-schema-graph\">{\"@context\":\"https:\/\/schema.org\",\"@graph\":[{\"@type\":\"WebPage\",\"@id\":\"https:\/\/lottohoy.com\/cs\/vysledky-loterie\/vysledky-francouzske-lotto\/\",\"url\":\"https:\/\/lottohoy.com\/cs\/vysledky-loterie\/vysledky-francouzske-lotto\/\",\"name\":\"Pod\u00edvejte se na nejnov\u011bj\u0161\u00ed v\u00fdsledky francouzsk\u00e9 loterie | LottoHoy.com\",\"isPartOf\":{\"@id\":\"https:\/\/lottohoy.com\/cs\/#website\"},\"datePublished\":\"2024-10-23T05:14:09+00:00\",\"dateModified\":\"2024-10-23T05:14:09+00:00\",\"description\":\"V\u0161echny v\u00fdsledky francouzsk\u00e9ho Lotto denn\u011b aktualizovan\u00e9 s jeho rozd\u011blen\u00edm v\u00fdher a dal\u0161\u00edm jackpotem \u010dekaj\u00edc\u00edm na v\u00fdhru. Nenechte si uj\u00edt \u017e\u00e1dn\u00fd v\u00fdsledek!\",\"breadcrumb\":{\"@id\":\"https:\/\/lottohoy.com\/cs\/vysledky-loterie\/vysledky-francouzske-lotto\/#breadcrumb\"},\"inLanguage\":\"cs\",\"potentialAction\":[{\"@type\":\"ReadAction\",\"target\":[\"https:\/\/lottohoy.com\/cs\/vysledky-loterie\/vysledky-francouzske-lotto\/\"]}]},{\"@type\":\"BreadcrumbList\",\"@id\":\"https:\/\/lottohoy.com\/cs\/vysledky-loterie\/vysledky-francouzske-lotto\/#breadcrumb\",\"itemListElement\":[{\"@type\":\"ListItem\",\"position\":1,\"name\":\"Home\",\"item\":\"https:\/\/lottohoy.com\/cs\/\"},{\"@type\":\"ListItem\",\"position\":2,\"name\":\"V\u00fdsledky loterie\",\"item\":\"https:\/\/lottohoy.com\/cs\/vysledky-loterie\/\"},{\"@type\":\"ListItem\",\"position\":3,\"name\":\"V\u00fdsledky Francouzsk\u00e9 Lotto\"}]},{\"@type\":\"WebSite\",\"@id\":\"https:\/\/lottohoy.com\/cs\/#website\",\"url\":\"https:\/\/lottohoy.com\/cs\/\",\"name\":\"Lottohoy\",\"description\":\"\",\"potentialAction\":[{\"@type\":\"SearchAction\",\"target\":{\"@type\":\"EntryPoint\",\"urlTemplate\":\"https:\/\/lottohoy.com\/cs\/?s={search_term_string}\"},\"query-input\":{\"@type\":\"PropertyValueSpecification\",\"valueRequired\":true,\"valueName\":\"search_term_string\"}}],\"inLanguage\":\"cs\"}]}<\/script>\n<!-- \/ Yoast SEO plugin. -->","yoast_head_json":{"title":"Pod\u00edvejte se na nejnov\u011bj\u0161\u00ed v\u00fdsledky francouzsk\u00e9 loterie | LottoHoy.com","description":"V\u0161echny v\u00fdsledky francouzsk\u00e9ho Lotto denn\u011b aktualizovan\u00e9 s jeho rozd\u011blen\u00edm v\u00fdher a dal\u0161\u00edm jackpotem \u010dekaj\u00edc\u00edm na v\u00fdhru. Nenechte si uj\u00edt \u017e\u00e1dn\u00fd v\u00fdsledek!","robots":{"index":"index","follow":"follow","max-snippet":"max-snippet:-1","max-image-preview":"max-image-preview:large","max-video-preview":"max-video-preview:-1"},"canonical":"https:\/\/lottohoy.com\/cs\/vysledky-loterie\/vysledky-francouzske-lotto\/","og_locale":"cs_CZ","og_type":"article","og_title":"Pod\u00edvejte se na nejnov\u011bj\u0161\u00ed v\u00fdsledky francouzsk\u00e9 loterie | LottoHoy.com","og_description":"V\u0161echny v\u00fdsledky francouzsk\u00e9ho Lotto denn\u011b aktualizovan\u00e9 s jeho rozd\u011blen\u00edm v\u00fdher a dal\u0161\u00edm jackpotem \u010dekaj\u00edc\u00edm na v\u00fdhru. Nenechte si uj\u00edt \u017e\u00e1dn\u00fd v\u00fdsledek!","og_url":"https:\/\/lottohoy.com\/cs\/vysledky-loterie\/vysledky-francouzske-lotto\/","og_site_name":"Lottohoy","twitter_card":"summary_large_image","twitter_misc":{"Odhadovan\u00e1 doba \u010dten\u00ed":"2 minuty"},"schema":{"@context":"https:\/\/schema.org","@graph":[{"@type":"WebPage","@id":"https:\/\/lottohoy.com\/cs\/vysledky-loterie\/vysledky-francouzske-lotto\/","url":"https:\/\/lottohoy.com\/cs\/vysledky-loterie\/vysledky-francouzske-lotto\/","name":"Pod\u00edvejte se na nejnov\u011bj\u0161\u00ed v\u00fdsledky francouzsk\u00e9 loterie | LottoHoy.com","isPartOf":{"@id":"https:\/\/lottohoy.com\/cs\/#website"},"datePublished":"2024-10-23T05:14:09+00:00","dateModified":"2024-10-23T05:14:09+00:00","description":"V\u0161echny v\u00fdsledky francouzsk\u00e9ho Lotto denn\u011b aktualizovan\u00e9 s jeho rozd\u011blen\u00edm v\u00fdher a dal\u0161\u00edm jackpotem \u010dekaj\u00edc\u00edm na v\u00fdhru. Nenechte si uj\u00edt \u017e\u00e1dn\u00fd v\u00fdsledek!","breadcrumb":{"@id":"https:\/\/lottohoy.com\/cs\/vysledky-loterie\/vysledky-francouzske-lotto\/#breadcrumb"},"inLanguage":"cs","potentialAction":[{"@type":"ReadAction","target":["https:\/\/lottohoy.com\/cs\/vysledky-loterie\/vysledky-francouzske-lotto\/"]}]},{"@type":"BreadcrumbList","@id":"https:\/\/lottohoy.com\/cs\/vysledky-loterie\/vysledky-francouzske-lotto\/#breadcrumb","itemListElement":[{"@type":"ListItem","position":1,"name":"Home","item":"https:\/\/lottohoy.com\/cs\/"},{"@type":"ListItem","position":2,"name":"V\u00fdsledky loterie","item":"https:\/\/lottohoy.com\/cs\/vysledky-loterie\/"},{"@type":"ListItem","position":3,"name":"V\u00fdsledky Francouzsk\u00e9 Lotto"}]},{"@type":"WebSite","@id":"https:\/\/lottohoy.com\/cs\/#website","url":"https:\/\/lottohoy.com\/cs\/","name":"Lottohoy","description":"","potentialAction":[{"@type":"SearchAction","target":{"@type":"EntryPoint","urlTemplate":"https:\/\/lottohoy.com\/cs\/?s={search_term_string}"},"query-input":{"@type":"PropertyValueSpecification","valueRequired":true,"valueName":"search_term_string"}}],"inLanguage":"cs"}]}},"_links":{"self":[{"href":"https:\/\/lottohoy.com\/cs\/wp-json\/wp\/v2\/pages\/16990","targetHints":{"allow":["GET"]}}],"collection":[{"href":"https:\/\/lottohoy.com\/cs\/wp-json\/wp\/v2\/pages"}],"about":[{"href":"https:\/\/lottohoy.com\/cs\/wp-json\/wp\/v2\/types\/page"}],"author":[{"embeddable":true,"href":"https:\/\/lottohoy.com\/cs\/wp-json\/wp\/v2\/users\/1"}],"replies":[{"embeddable":true,"href":"https:\/\/lottohoy.com\/cs\/wp-json\/wp\/v2\/comments?post=16990"}],"version-history":[{"count":0,"href":"https:\/\/lottohoy.com\/cs\/wp-json\/wp\/v2\/pages\/16990\/revisions"}],"up":[{"embeddable":true,"href":"https:\/\/lottohoy.com\/cs\/wp-json\/wp\/v2\/pages\/16887"}],"wp:attachment":[{"href":"https:\/\/lottohoy.com\/cs\/wp-json\/wp\/v2\/media?parent=16990"}],"curies":[{"name":"wp","href":"https:\/\/api.w.org\/{rel}","templated":true}]}}