{"id":16978,"date":"2020-08-10T17:06:25","date_gmt":"2020-08-10T16:06:25","guid":{"rendered":"https:\/\/lottohoy.com\/vysledky-loterie\/set-for-life-velka-britanie-vysledky\/"},"modified":"2020-08-10T17:06:25","modified_gmt":"2020-08-10T16:06:25","slug":"set-for-life-velka-britanie-vysledky","status":"publish","type":"page","link":"https:\/\/lottohoy.com\/cs\/vysledky-loterie\/set-for-life-velka-britanie-vysledky\/","title":{"rendered":"Set For Life (Velk\u00e1 Brit\u00e1nie) V\u00fdsledky"},"content":{"rendered":"<p>Chcete-li zkontrolovat, zda va\u0161e hra Set for Life vyhr\u00e1la, jednodu\u0161e porovnejte \u010d\u00edsla kombinace vybran\u00e9 na tiketu s v\u00fdsledky uveden\u00fdmi na t\u00e9to str\u00e1nce.<\/p>\n<p>Pokud vyhrajete v n\u011bkter\u00e9 z kategori\u00ed hry Set for Life UK, bude v\u00e1m v\u00fdhra automaticky p\u0159ips\u00e1na na \u00fa\u010det a bude v\u00e1m okam\u017eit\u011b k dispozici.<\/p>\n<h2>V\u00fdsledky hry Set for Life (UK)<\/h2>\n<p>Na t\u00e9to str\u00e1nce naleznete v\u00fdsledky slosov\u00e1n\u00ed Set for Life (UK), odhadovanou v\u00fd\u0161i jackpotu pro toto slosov\u00e1n\u00ed a dal\u0161\u00ed \u00fadaje, kter\u00e9 v\u00e1s budou maxim\u00e1ln\u011b zaj\u00edmat p\u0159i p\u0159edv\u00edd\u00e1n\u00ed budouc\u00edch her.<\/p>\n<p>M\u016f\u017eete si tak\u00e9 prohl\u00e9dnout kumulativn\u00ed jackpot, v\u00fdherce a ceny v jednotliv\u00fdch kategori\u00edch a p\u0159edchoz\u00ed slosov\u00e1n\u00ed star\u00e1 a\u017e 24 m\u011bs\u00edc\u016f.<\/p>\n<p>Napravo od v\u00fdhern\u00ed kombinace tohoto posledn\u00edho tahu jsou t\u0159i \u010dtverce. Prost\u0159edn\u00ed \u010dtverec zobrazuje datum posledn\u00edho losov\u00e1n\u00ed a po obou stran\u00e1ch tohoto st\u0159edn\u00edho \u010dtverce jsou \u0161ipky vpravo a vlevo, kter\u00fdmi m\u016f\u017eete nav\u0161t\u00edvit data p\u0159edchoz\u00edch losov\u00e1n\u00ed a p\u0159ej\u00edt z t\u011bchto losov\u00e1n\u00ed na nejaktu\u00e1ln\u011bj\u0161\u00ed datum.<\/p>\n<h2>Zkontrolujte v\u00fdsledky a ceny posledn\u00edho losov\u00e1n\u00ed<\/h2>\n<p>Dnes je zobrazena velk\u00e1 tabulka s v\u00fdsledky a rozd\u011blen\u00edm v\u00fdher podle kategori\u00ed posledn\u00edho losov\u00e1n\u00ed slosov\u00e1n\u00ed Set for Life UK.<\/p>\n<p>V\u00fdhern\u00ed kategorie (a\u017e 8 r\u016fzn\u00fdch kategori\u00ed), po\u017eadovan\u00e9 z\u00e1pasy pro z\u00edsk\u00e1n\u00ed n\u011bkter\u00e9 z v\u00fdhern\u00edch kategori\u00ed.<\/p>\n<p>V\u00fdherci jednotliv\u00fdch kategori\u00ed a tak\u00e9 cena, kterou ka\u017ed\u00fd z v\u00fdherc\u016f z\u00edsk\u00e1.<\/p>\n<p>Po zav\u0159en\u00ed tohoto velk\u00e9ho r\u00e1me\u010dku se zobraz\u00ed celkov\u00fd po\u010det v\u00fdherc\u016f v tomto losov\u00e1n\u00ed a celkov\u00e1 \u010d\u00e1stka, kter\u00e1 se rozd\u011bl\u00ed mezi v\u0161echny v\u00fdherce.<\/p>\n","protected":false},"excerpt":{"rendered":"<p>Chcete-li zkontrolovat, zda va\u0161e hra Set for Life vyhr\u00e1la, jednodu\u0161e porovnejte \u010d\u00edsla kombinace vybran\u00e9 na tiketu s v\u00fdsledky uveden\u00fdmi na t\u00e9to str\u00e1nce. Pokud vyhrajete v n\u011bkter\u00e9 z kategori\u00ed hry Set for Life UK, bude v\u00e1m v\u00fdhra automaticky p\u0159ips\u00e1na na \u00fa\u010det a bude v\u00e1m okam\u017eit\u011b k dispozici. V\u00fdsledky hry Set for Life (UK) Na t\u00e9to str\u00e1nce [&hellip;]<\/p>\n","protected":false},"author":2,"featured_media":0,"parent":16887,"menu_order":11,"comment_status":"closed","ping_status":"closed","template":"set-for-life-results.php","meta":{"_et_pb_use_builder":"","_et_pb_old_content":"","_et_gb_content_width":"","exclude_from_search":false,"footnotes":""},"class_list":["post-16978","page","type-page","status-publish","hentry"],"yoast_head":"<!-- This site is optimized with the Yoast SEO plugin v23.7 - https:\/\/yoast.com\/wordpress\/plugins\/seo\/ -->\n<title>Pod\u00edvejte se na v\u00fdsledky losov\u00e1n\u00ed Set for Life (UK) - LottoHoy.com<\/title>\n<meta name=\"description\" content=\"Na t\u00e9to str\u00e1nce si m\u016f\u017eete prohl\u00e9dnout v\u0161echny v\u00fdsledky losov\u00e1n\u00ed Sady pro \u017eivot (UK) a zkontrolovat sv\u00e9 tikety podle z\u00edskan\u00fdch v\u00fdher.\" \/>\n<meta name=\"robots\" content=\"index, follow, max-snippet:-1, max-image-preview:large, max-video-preview:-1\" \/>\n<link rel=\"canonical\" href=\"https:\/\/lottohoy.com\/cs\/vysledky-loterie\/set-for-life-velka-britanie-vysledky\/\" \/>\n<meta property=\"og:locale\" content=\"cs_CZ\" \/>\n<meta property=\"og:type\" content=\"article\" \/>\n<meta property=\"og:title\" content=\"Pod\u00edvejte se na v\u00fdsledky losov\u00e1n\u00ed Set for Life (UK) - LottoHoy.com\" \/>\n<meta property=\"og:description\" content=\"Na t\u00e9to str\u00e1nce si m\u016f\u017eete prohl\u00e9dnout v\u0161echny v\u00fdsledky losov\u00e1n\u00ed Sady pro \u017eivot (UK) a zkontrolovat sv\u00e9 tikety podle z\u00edskan\u00fdch v\u00fdher.\" \/>\n<meta property=\"og:url\" content=\"https:\/\/lottohoy.com\/cs\/vysledky-loterie\/set-for-life-velka-britanie-vysledky\/\" \/>\n<meta property=\"og:site_name\" content=\"Lottohoy\" \/>\n<meta name=\"twitter:card\" content=\"summary_large_image\" \/>\n<meta name=\"twitter:label1\" content=\"Odhadovan\u00e1 doba \u010dten\u00ed\" \/>\n\t<meta name=\"twitter:data1\" content=\"2 minuty\" \/>\n<script type=\"application\/ld+json\" class=\"yoast-schema-graph\">{\"@context\":\"https:\/\/schema.org\",\"@graph\":[{\"@type\":\"WebPage\",\"@id\":\"https:\/\/lottohoy.com\/cs\/vysledky-loterie\/set-for-life-velka-britanie-vysledky\/\",\"url\":\"https:\/\/lottohoy.com\/cs\/vysledky-loterie\/set-for-life-velka-britanie-vysledky\/\",\"name\":\"Pod\u00edvejte se na v\u00fdsledky losov\u00e1n\u00ed Set for Life (UK) - LottoHoy.com\",\"isPartOf\":{\"@id\":\"https:\/\/lottohoy.com\/cs\/#website\"},\"datePublished\":\"2020-08-10T16:06:25+00:00\",\"dateModified\":\"2020-08-10T16:06:25+00:00\",\"description\":\"Na t\u00e9to str\u00e1nce si m\u016f\u017eete prohl\u00e9dnout v\u0161echny v\u00fdsledky losov\u00e1n\u00ed Sady pro \u017eivot (UK) a zkontrolovat sv\u00e9 tikety podle z\u00edskan\u00fdch v\u00fdher.\",\"breadcrumb\":{\"@id\":\"https:\/\/lottohoy.com\/cs\/vysledky-loterie\/set-for-life-velka-britanie-vysledky\/#breadcrumb\"},\"inLanguage\":\"cs\",\"potentialAction\":[{\"@type\":\"ReadAction\",\"target\":[\"https:\/\/lottohoy.com\/cs\/vysledky-loterie\/set-for-life-velka-britanie-vysledky\/\"]}]},{\"@type\":\"BreadcrumbList\",\"@id\":\"https:\/\/lottohoy.com\/cs\/vysledky-loterie\/set-for-life-velka-britanie-vysledky\/#breadcrumb\",\"itemListElement\":[{\"@type\":\"ListItem\",\"position\":1,\"name\":\"Home\",\"item\":\"https:\/\/lottohoy.com\/cs\/\"},{\"@type\":\"ListItem\",\"position\":2,\"name\":\"V\u00fdsledky loterie\",\"item\":\"https:\/\/lottohoy.com\/cs\/vysledky-loterie\/\"},{\"@type\":\"ListItem\",\"position\":3,\"name\":\"Set For Life (Velk\u00e1 Brit\u00e1nie) V\u00fdsledky\"}]},{\"@type\":\"WebSite\",\"@id\":\"https:\/\/lottohoy.com\/cs\/#website\",\"url\":\"https:\/\/lottohoy.com\/cs\/\",\"name\":\"Lottohoy\",\"description\":\"\",\"potentialAction\":[{\"@type\":\"SearchAction\",\"target\":{\"@type\":\"EntryPoint\",\"urlTemplate\":\"https:\/\/lottohoy.com\/cs\/?s={search_term_string}\"},\"query-input\":{\"@type\":\"PropertyValueSpecification\",\"valueRequired\":true,\"valueName\":\"search_term_string\"}}],\"inLanguage\":\"cs\"}]}<\/script>\n<!-- \/ Yoast SEO plugin. -->","yoast_head_json":{"title":"Pod\u00edvejte se na v\u00fdsledky losov\u00e1n\u00ed Set for Life (UK) - LottoHoy.com","description":"Na t\u00e9to str\u00e1nce si m\u016f\u017eete prohl\u00e9dnout v\u0161echny v\u00fdsledky losov\u00e1n\u00ed Sady pro \u017eivot (UK) a zkontrolovat sv\u00e9 tikety podle z\u00edskan\u00fdch v\u00fdher.","robots":{"index":"index","follow":"follow","max-snippet":"max-snippet:-1","max-image-preview":"max-image-preview:large","max-video-preview":"max-video-preview:-1"},"canonical":"https:\/\/lottohoy.com\/cs\/vysledky-loterie\/set-for-life-velka-britanie-vysledky\/","og_locale":"cs_CZ","og_type":"article","og_title":"Pod\u00edvejte se na v\u00fdsledky losov\u00e1n\u00ed Set for Life (UK) - LottoHoy.com","og_description":"Na t\u00e9to str\u00e1nce si m\u016f\u017eete prohl\u00e9dnout v\u0161echny v\u00fdsledky losov\u00e1n\u00ed Sady pro \u017eivot (UK) a zkontrolovat sv\u00e9 tikety podle z\u00edskan\u00fdch v\u00fdher.","og_url":"https:\/\/lottohoy.com\/cs\/vysledky-loterie\/set-for-life-velka-britanie-vysledky\/","og_site_name":"Lottohoy","twitter_card":"summary_large_image","twitter_misc":{"Odhadovan\u00e1 doba \u010dten\u00ed":"2 minuty"},"schema":{"@context":"https:\/\/schema.org","@graph":[{"@type":"WebPage","@id":"https:\/\/lottohoy.com\/cs\/vysledky-loterie\/set-for-life-velka-britanie-vysledky\/","url":"https:\/\/lottohoy.com\/cs\/vysledky-loterie\/set-for-life-velka-britanie-vysledky\/","name":"Pod\u00edvejte se na v\u00fdsledky losov\u00e1n\u00ed Set for Life (UK) - LottoHoy.com","isPartOf":{"@id":"https:\/\/lottohoy.com\/cs\/#website"},"datePublished":"2020-08-10T16:06:25+00:00","dateModified":"2020-08-10T16:06:25+00:00","description":"Na t\u00e9to str\u00e1nce si m\u016f\u017eete prohl\u00e9dnout v\u0161echny v\u00fdsledky losov\u00e1n\u00ed Sady pro \u017eivot (UK) a zkontrolovat sv\u00e9 tikety podle z\u00edskan\u00fdch v\u00fdher.","breadcrumb":{"@id":"https:\/\/lottohoy.com\/cs\/vysledky-loterie\/set-for-life-velka-britanie-vysledky\/#breadcrumb"},"inLanguage":"cs","potentialAction":[{"@type":"ReadAction","target":["https:\/\/lottohoy.com\/cs\/vysledky-loterie\/set-for-life-velka-britanie-vysledky\/"]}]},{"@type":"BreadcrumbList","@id":"https:\/\/lottohoy.com\/cs\/vysledky-loterie\/set-for-life-velka-britanie-vysledky\/#breadcrumb","itemListElement":[{"@type":"ListItem","position":1,"name":"Home","item":"https:\/\/lottohoy.com\/cs\/"},{"@type":"ListItem","position":2,"name":"V\u00fdsledky loterie","item":"https:\/\/lottohoy.com\/cs\/vysledky-loterie\/"},{"@type":"ListItem","position":3,"name":"Set For Life (Velk\u00e1 Brit\u00e1nie) V\u00fdsledky"}]},{"@type":"WebSite","@id":"https:\/\/lottohoy.com\/cs\/#website","url":"https:\/\/lottohoy.com\/cs\/","name":"Lottohoy","description":"","potentialAction":[{"@type":"SearchAction","target":{"@type":"EntryPoint","urlTemplate":"https:\/\/lottohoy.com\/cs\/?s={search_term_string}"},"query-input":{"@type":"PropertyValueSpecification","valueRequired":true,"valueName":"search_term_string"}}],"inLanguage":"cs"}]}},"_links":{"self":[{"href":"https:\/\/lottohoy.com\/cs\/wp-json\/wp\/v2\/pages\/16978","targetHints":{"allow":["GET"]}}],"collection":[{"href":"https:\/\/lottohoy.com\/cs\/wp-json\/wp\/v2\/pages"}],"about":[{"href":"https:\/\/lottohoy.com\/cs\/wp-json\/wp\/v2\/types\/page"}],"author":[{"embeddable":true,"href":"https:\/\/lottohoy.com\/cs\/wp-json\/wp\/v2\/users\/2"}],"replies":[{"embeddable":true,"href":"https:\/\/lottohoy.com\/cs\/wp-json\/wp\/v2\/comments?post=16978"}],"version-history":[{"count":0,"href":"https:\/\/lottohoy.com\/cs\/wp-json\/wp\/v2\/pages\/16978\/revisions"}],"up":[{"embeddable":true,"href":"https:\/\/lottohoy.com\/cs\/wp-json\/wp\/v2\/pages\/16887"}],"wp:attachment":[{"href":"https:\/\/lottohoy.com\/cs\/wp-json\/wp\/v2\/media?parent=16978"}],"curies":[{"name":"wp","href":"https:\/\/api.w.org\/{rel}","templated":true}]}}