{"id":16977,"date":"2020-08-10T17:41:07","date_gmt":"2020-08-10T16:41:07","guid":{"rendered":"https:\/\/lottohoy.com\/vysledky-loterie\/thunderball-vysledky\/"},"modified":"2020-08-10T17:41:07","modified_gmt":"2020-08-10T16:41:07","slug":"thunderball-vysledky","status":"publish","type":"page","link":"https:\/\/lottohoy.com\/cs\/vysledky-loterie\/thunderball-vysledky\/","title":{"rendered":"Thunderball V\u00fdsledky"},"content":{"rendered":"<h2>Jak zjistit v\u00fdsledky Thunderball?<\/h2>\n<p>Chcete-li zjistit v\u00fdhern\u00ed kombinaci losov\u00e1n\u00ed loterie Thunderball, sta\u010d\u00ed porovnat \u010d\u00edsla kombinace na tiketu s v\u00fdsledkem uveden\u00fdm na t\u00e9to str\u00e1nce. M\u016f\u017eete tak\u00e9 vstoupit do sv\u00e9ho u\u017eivatelsk\u00e9ho \u00fa\u010dtu, kde se v\u00e1m zobraz\u00ed v\u0161echny pohyby v\u010detn\u011b vyhran\u00fdch cen<\/p>\n<p>Na t\u00e9\u017ee str\u00e1nce si m\u016f\u017eete tak\u00e9 prohl\u00e9dnout nahromad\u011bn\u00e9, v\u00fdhern\u00ed a v\u00fdhry v jednotliv\u00fdch kategori\u00edch a p\u0159edchoz\u00ed slosov\u00e1n\u00ed star\u00e1 a\u017e 24 m\u011bs\u00edc\u016f.<\/p>\n<p>Jak se rozd\u011bluj\u00ed v\u00fdhry v Thunderballu?<\/p>\n<p>Thunderball je loterie, kter\u00e1 rozd\u011bluje a\u017e 9 kategori\u00ed v\u00fdher, tak\u017ee sta\u010d\u00ed, kdy\u017e padne dopl\u0148kov\u00e9 \u010d\u00edslo Thunderballu, a z\u00edsk\u00e1te v\u00fdhru, p\u0159i\u010dem\u017e \u0161ance je 36.<\/p>\n<p>Jste-li registrovan\u00fdm u\u017eivatelem, z\u00edskan\u00e9 v\u00fdhry se v\u00e1m p\u0159ipisuj\u00ed p\u0159\u00edmo na v\u00e1\u0161 u\u017eivatelsk\u00fd \u00fa\u010det a pen\u00edze m\u016f\u017eete m\u00edt na sv\u00e9m \u00fa\u010dtu, tak\u017ee si m\u016f\u017eete zahr\u00e1t znovu nebo po\u017e\u00e1dat o v\u00fdb\u011br, pokud si to budete p\u0159\u00e1t.<\/p>\n<h2>Hlavn\u00ed cena Thunderball<\/h2>\n<p>Pro ka\u017ed\u00e9ho v\u00fdherce prvn\u00ed kategorie je stanovena pevn\u00e1 v\u00fdhra ve v\u00fd\u0161i 500 000 liber.<\/p>\n<p>Pokud se v prvn\u00ed kategorii nevyhraje \u017e\u00e1dn\u00e1 v\u00fdhra, v\u00fdhra se nekumuluje, proto\u017ee bude v\u017edy ve stejn\u00e9 v\u00fd\u0161i jako v\u00fdhra 500 000 GBP.<\/p>\n<p>V ostatn\u00edch kategori\u00edch je rovn\u011b\u017e stanovena pevn\u00e1 cena pro ka\u017ed\u00e9ho v\u00edt\u011bze dan\u00e9 kategorie<\/p>\n<h2>Jak\u00e9 jsou \u0161ance na z\u00edsk\u00e1n\u00ed ceny?<\/h2>\n<p>\u0160ance na v\u00fdhru jackpotu je 1 ku 8 060 598.<\/p>\n<p>Zat\u00edmco \u0161ance na v\u00fdhru jak\u00e9koli ceny je 1 ku 13.<\/p>\n","protected":false},"excerpt":{"rendered":"<p>Jak zjistit v\u00fdsledky Thunderball? Chcete-li zjistit v\u00fdhern\u00ed kombinaci losov\u00e1n\u00ed loterie Thunderball, sta\u010d\u00ed porovnat \u010d\u00edsla kombinace na tiketu s v\u00fdsledkem uveden\u00fdm na t\u00e9to str\u00e1nce. M\u016f\u017eete tak\u00e9 vstoupit do sv\u00e9ho u\u017eivatelsk\u00e9ho \u00fa\u010dtu, kde se v\u00e1m zobraz\u00ed v\u0161echny pohyby v\u010detn\u011b vyhran\u00fdch cen Na t\u00e9\u017ee str\u00e1nce si m\u016f\u017eete tak\u00e9 prohl\u00e9dnout nahromad\u011bn\u00e9, v\u00fdhern\u00ed a v\u00fdhry v jednotliv\u00fdch kategori\u00edch a p\u0159edchoz\u00ed [&hellip;]<\/p>\n","protected":false},"author":2,"featured_media":0,"parent":16887,"menu_order":10,"comment_status":"closed","ping_status":"closed","template":"thunderball-results.php","meta":{"_et_pb_use_builder":"","_et_pb_old_content":"","_et_gb_content_width":"","exclude_from_search":false,"footnotes":""},"class_list":["post-16977","page","type-page","status-publish","hentry"],"yoast_head":"<!-- This site is optimized with the Yoast SEO plugin v23.7 - https:\/\/yoast.com\/wordpress\/plugins\/seo\/ -->\n<title>V\u00fdsledky slosov\u00e1n\u00ed Thunderball \u21d2 pod\u00edvejte se na v\u00fdsledky slosov\u00e1n\u00ed Thunderball<\/title>\n<meta name=\"description\" content=\"Pod\u00edvejte se na v\u00fdsledky Thunderballu z tohoto posledn\u00edho slosov\u00e1n\u00ed a tak\u00e9 z p\u0159edchoz\u00edch slosov\u00e1n\u00ed a zjist\u011bte, zda jste m\u011bli \u0161t\u011bst\u00ed a jste v\u00fdhercem ceny\" \/>\n<meta name=\"robots\" content=\"index, follow, max-snippet:-1, max-image-preview:large, max-video-preview:-1\" \/>\n<link rel=\"canonical\" href=\"https:\/\/lottohoy.com\/cs\/vysledky-loterie\/thunderball-vysledky\/\" \/>\n<meta property=\"og:locale\" content=\"cs_CZ\" \/>\n<meta property=\"og:type\" content=\"article\" \/>\n<meta property=\"og:title\" content=\"V\u00fdsledky slosov\u00e1n\u00ed Thunderball \u21d2 pod\u00edvejte se na v\u00fdsledky slosov\u00e1n\u00ed Thunderball\" \/>\n<meta property=\"og:description\" content=\"Pod\u00edvejte se na v\u00fdsledky Thunderballu z tohoto posledn\u00edho slosov\u00e1n\u00ed a tak\u00e9 z p\u0159edchoz\u00edch slosov\u00e1n\u00ed a zjist\u011bte, zda jste m\u011bli \u0161t\u011bst\u00ed a jste v\u00fdhercem ceny\" \/>\n<meta property=\"og:url\" content=\"https:\/\/lottohoy.com\/cs\/vysledky-loterie\/thunderball-vysledky\/\" \/>\n<meta property=\"og:site_name\" content=\"Lottohoy\" \/>\n<meta name=\"twitter:card\" content=\"summary_large_image\" \/>\n<meta name=\"twitter:label1\" content=\"Odhadovan\u00e1 doba \u010dten\u00ed\" \/>\n\t<meta name=\"twitter:data1\" content=\"1 minuta\" \/>\n<script type=\"application\/ld+json\" class=\"yoast-schema-graph\">{\"@context\":\"https:\/\/schema.org\",\"@graph\":[{\"@type\":\"WebPage\",\"@id\":\"https:\/\/lottohoy.com\/cs\/vysledky-loterie\/thunderball-vysledky\/\",\"url\":\"https:\/\/lottohoy.com\/cs\/vysledky-loterie\/thunderball-vysledky\/\",\"name\":\"V\u00fdsledky slosov\u00e1n\u00ed Thunderball \u21d2 pod\u00edvejte se na v\u00fdsledky slosov\u00e1n\u00ed Thunderball\",\"isPartOf\":{\"@id\":\"https:\/\/lottohoy.com\/cs\/#website\"},\"datePublished\":\"2020-08-10T16:41:07+00:00\",\"dateModified\":\"2020-08-10T16:41:07+00:00\",\"description\":\"Pod\u00edvejte se na v\u00fdsledky Thunderballu z tohoto posledn\u00edho slosov\u00e1n\u00ed a tak\u00e9 z p\u0159edchoz\u00edch slosov\u00e1n\u00ed a zjist\u011bte, zda jste m\u011bli \u0161t\u011bst\u00ed a jste v\u00fdhercem ceny\",\"breadcrumb\":{\"@id\":\"https:\/\/lottohoy.com\/cs\/vysledky-loterie\/thunderball-vysledky\/#breadcrumb\"},\"inLanguage\":\"cs\",\"potentialAction\":[{\"@type\":\"ReadAction\",\"target\":[\"https:\/\/lottohoy.com\/cs\/vysledky-loterie\/thunderball-vysledky\/\"]}]},{\"@type\":\"BreadcrumbList\",\"@id\":\"https:\/\/lottohoy.com\/cs\/vysledky-loterie\/thunderball-vysledky\/#breadcrumb\",\"itemListElement\":[{\"@type\":\"ListItem\",\"position\":1,\"name\":\"Home\",\"item\":\"https:\/\/lottohoy.com\/cs\/\"},{\"@type\":\"ListItem\",\"position\":2,\"name\":\"V\u00fdsledky loterie\",\"item\":\"https:\/\/lottohoy.com\/cs\/vysledky-loterie\/\"},{\"@type\":\"ListItem\",\"position\":3,\"name\":\"Thunderball V\u00fdsledky\"}]},{\"@type\":\"WebSite\",\"@id\":\"https:\/\/lottohoy.com\/cs\/#website\",\"url\":\"https:\/\/lottohoy.com\/cs\/\",\"name\":\"Lottohoy\",\"description\":\"\",\"potentialAction\":[{\"@type\":\"SearchAction\",\"target\":{\"@type\":\"EntryPoint\",\"urlTemplate\":\"https:\/\/lottohoy.com\/cs\/?s={search_term_string}\"},\"query-input\":{\"@type\":\"PropertyValueSpecification\",\"valueRequired\":true,\"valueName\":\"search_term_string\"}}],\"inLanguage\":\"cs\"}]}<\/script>\n<!-- \/ Yoast SEO plugin. -->","yoast_head_json":{"title":"V\u00fdsledky slosov\u00e1n\u00ed Thunderball \u21d2 pod\u00edvejte se na v\u00fdsledky slosov\u00e1n\u00ed Thunderball","description":"Pod\u00edvejte se na v\u00fdsledky Thunderballu z tohoto posledn\u00edho slosov\u00e1n\u00ed a tak\u00e9 z p\u0159edchoz\u00edch slosov\u00e1n\u00ed a zjist\u011bte, zda jste m\u011bli \u0161t\u011bst\u00ed a jste v\u00fdhercem ceny","robots":{"index":"index","follow":"follow","max-snippet":"max-snippet:-1","max-image-preview":"max-image-preview:large","max-video-preview":"max-video-preview:-1"},"canonical":"https:\/\/lottohoy.com\/cs\/vysledky-loterie\/thunderball-vysledky\/","og_locale":"cs_CZ","og_type":"article","og_title":"V\u00fdsledky slosov\u00e1n\u00ed Thunderball \u21d2 pod\u00edvejte se na v\u00fdsledky slosov\u00e1n\u00ed Thunderball","og_description":"Pod\u00edvejte se na v\u00fdsledky Thunderballu z tohoto posledn\u00edho slosov\u00e1n\u00ed a tak\u00e9 z p\u0159edchoz\u00edch slosov\u00e1n\u00ed a zjist\u011bte, zda jste m\u011bli \u0161t\u011bst\u00ed a jste v\u00fdhercem ceny","og_url":"https:\/\/lottohoy.com\/cs\/vysledky-loterie\/thunderball-vysledky\/","og_site_name":"Lottohoy","twitter_card":"summary_large_image","twitter_misc":{"Odhadovan\u00e1 doba \u010dten\u00ed":"1 minuta"},"schema":{"@context":"https:\/\/schema.org","@graph":[{"@type":"WebPage","@id":"https:\/\/lottohoy.com\/cs\/vysledky-loterie\/thunderball-vysledky\/","url":"https:\/\/lottohoy.com\/cs\/vysledky-loterie\/thunderball-vysledky\/","name":"V\u00fdsledky slosov\u00e1n\u00ed Thunderball \u21d2 pod\u00edvejte se na v\u00fdsledky slosov\u00e1n\u00ed Thunderball","isPartOf":{"@id":"https:\/\/lottohoy.com\/cs\/#website"},"datePublished":"2020-08-10T16:41:07+00:00","dateModified":"2020-08-10T16:41:07+00:00","description":"Pod\u00edvejte se na v\u00fdsledky Thunderballu z tohoto posledn\u00edho slosov\u00e1n\u00ed a tak\u00e9 z p\u0159edchoz\u00edch slosov\u00e1n\u00ed a zjist\u011bte, zda jste m\u011bli \u0161t\u011bst\u00ed a jste v\u00fdhercem ceny","breadcrumb":{"@id":"https:\/\/lottohoy.com\/cs\/vysledky-loterie\/thunderball-vysledky\/#breadcrumb"},"inLanguage":"cs","potentialAction":[{"@type":"ReadAction","target":["https:\/\/lottohoy.com\/cs\/vysledky-loterie\/thunderball-vysledky\/"]}]},{"@type":"BreadcrumbList","@id":"https:\/\/lottohoy.com\/cs\/vysledky-loterie\/thunderball-vysledky\/#breadcrumb","itemListElement":[{"@type":"ListItem","position":1,"name":"Home","item":"https:\/\/lottohoy.com\/cs\/"},{"@type":"ListItem","position":2,"name":"V\u00fdsledky loterie","item":"https:\/\/lottohoy.com\/cs\/vysledky-loterie\/"},{"@type":"ListItem","position":3,"name":"Thunderball V\u00fdsledky"}]},{"@type":"WebSite","@id":"https:\/\/lottohoy.com\/cs\/#website","url":"https:\/\/lottohoy.com\/cs\/","name":"Lottohoy","description":"","potentialAction":[{"@type":"SearchAction","target":{"@type":"EntryPoint","urlTemplate":"https:\/\/lottohoy.com\/cs\/?s={search_term_string}"},"query-input":{"@type":"PropertyValueSpecification","valueRequired":true,"valueName":"search_term_string"}}],"inLanguage":"cs"}]}},"_links":{"self":[{"href":"https:\/\/lottohoy.com\/cs\/wp-json\/wp\/v2\/pages\/16977","targetHints":{"allow":["GET"]}}],"collection":[{"href":"https:\/\/lottohoy.com\/cs\/wp-json\/wp\/v2\/pages"}],"about":[{"href":"https:\/\/lottohoy.com\/cs\/wp-json\/wp\/v2\/types\/page"}],"author":[{"embeddable":true,"href":"https:\/\/lottohoy.com\/cs\/wp-json\/wp\/v2\/users\/2"}],"replies":[{"embeddable":true,"href":"https:\/\/lottohoy.com\/cs\/wp-json\/wp\/v2\/comments?post=16977"}],"version-history":[{"count":0,"href":"https:\/\/lottohoy.com\/cs\/wp-json\/wp\/v2\/pages\/16977\/revisions"}],"up":[{"embeddable":true,"href":"https:\/\/lottohoy.com\/cs\/wp-json\/wp\/v2\/pages\/16887"}],"wp:attachment":[{"href":"https:\/\/lottohoy.com\/cs\/wp-json\/wp\/v2\/media?parent=16977"}],"curies":[{"name":"wp","href":"https:\/\/api.w.org\/{rel}","templated":true}]}}