{"id":16964,"date":"2018-05-03T14:23:40","date_gmt":"2018-05-03T13:23:40","guid":{"rendered":"https:\/\/lottohoy.com\/vysledky-loterie\/uk-lotto-vysledky\/"},"modified":"2018-05-03T14:23:40","modified_gmt":"2018-05-03T13:23:40","slug":"uk-lotto-vysledky","status":"publish","type":"page","link":"https:\/\/lottohoy.com\/cs\/vysledky-loterie\/uk-lotto-vysledky\/","title":{"rendered":"UK Lotto V\u00fdsledky"},"content":{"rendered":"<p>Zde jsou nejnov\u011bj\u0161\u00ed v\u00fdsledky UK Lotto. M\u016f\u017eete se tak\u00e9 pod\u00edvat na archivn\u00ed v\u00fdsledky losov\u00e1n\u00ed britsk\u00e9 loterie.<\/p>\n<h2><strong>Nejnov\u011bj\u0161\u00ed v\u00fdsledky UK Lotto<\/strong><\/h2>\n<p>Pot\u00e9, co si <a href=\"https:\/\/lottohoy.com\/play\/lotto-uk\/\"><b>zahrajete UK Lotto<\/b><\/a>, m\u016f\u017eete si na t\u00e9to str\u00e1nce zkontrolovat v\u00fdhern\u00ed \u010d\u00edselnou kombinaci p\u0159edchoz\u00edho losov\u00e1n\u00ed a tak\u00e9 rozd\u011blen\u00ed v\u00fdher loterie odpov\u00eddaj\u00edc\u00ed jednotliv\u00fdm kategori\u00edm.<\/p>\n<p>V tabulce je uvedena kombinace \u0161esti hlavn\u00edch \u010d\u00edsel. Je tak\u00e9 mo\u017en\u00e9 vybrat dodate\u010dn\u00fd \u201ebonusov\u00fd\u201c m\u00ed\u010dek, kter\u00fd poskytne v\u00fdhru lidem, kte\u0159\u00ed trefili \u0161est hlavn\u00edch m\u00ed\u010dk\u016f.<\/p>\n<h2><strong>P\u0159edchoz\u00ed losov\u00e1n\u00ed UK Lotto<\/strong><\/h2>\n<p>Na t\u00e9to str\u00e1nce m\u00e1me tak\u00e9 mo\u017enost p\u0159\u00edstupu k v\u00fdsledk\u016fm p\u0159edchoz\u00edch losov\u00e1n\u00ed, abychom vid\u011bli nejen v\u00fdhern\u00ed kombinace, ale tak\u00e9 rozd\u011blen\u00ed v\u00fdher v jednotliv\u00fdch kategori\u00edch loterie.<\/p>\n<p>V prav\u00e9 horn\u00ed \u010d\u00e1sti v \u0161ed\u00e9 barv\u011b m\u00e1te k dispozici kalend\u00e1\u0159, kde si m\u016f\u017eete vybrat datum, jeho\u017e v\u00fdsledky chcete zkontrolovat. M\u00e1te p\u0159\u00edstup k v\u00fdsledk\u016fm za posledn\u00ed dva roky.<\/p>\n<h2>Ceny loterie pro sobotu<\/h2>\n<p>UK Lotto se hraje ka\u017edou st\u0159edu a sobotu a zde si budete moci zkontrolovat rozpis v\u00fdher pro ob\u011b t\u00fddenn\u00ed losov\u00e1n\u00ed hned po potvrzen\u00ed ofici\u00e1ln\u00edch v\u00fdsledk\u016f.<\/p>\n","protected":false},"excerpt":{"rendered":"<p>Zde jsou nejnov\u011bj\u0161\u00ed v\u00fdsledky UK Lotto. M\u016f\u017eete se tak\u00e9 pod\u00edvat na archivn\u00ed v\u00fdsledky losov\u00e1n\u00ed britsk\u00e9 loterie. Nejnov\u011bj\u0161\u00ed v\u00fdsledky UK Lotto Pot\u00e9, co si zahrajete UK Lotto, m\u016f\u017eete si na t\u00e9to str\u00e1nce zkontrolovat v\u00fdhern\u00ed \u010d\u00edselnou kombinaci p\u0159edchoz\u00edho losov\u00e1n\u00ed a tak\u00e9 rozd\u011blen\u00ed v\u00fdher loterie odpov\u00eddaj\u00edc\u00ed jednotliv\u00fdm kategori\u00edm. V tabulce je uvedena kombinace \u0161esti hlavn\u00edch \u010d\u00edsel. Je tak\u00e9 [&hellip;]<\/p>\n","protected":false},"author":2,"featured_media":0,"parent":16887,"menu_order":9,"comment_status":"closed","ping_status":"closed","template":"lotto-uk-results.php","meta":{"_et_pb_use_builder":"","_et_pb_old_content":"","_et_gb_content_width":"","exclude_from_search":false,"footnotes":""},"class_list":["post-16964","page","type-page","status-publish","hentry"],"yoast_head":"<!-- This site is optimized with the Yoast SEO plugin v23.7 - https:\/\/yoast.com\/wordpress\/plugins\/seo\/ -->\n<title>V\u00fdsledky UK Lotto \u25b7 Rozd\u011blen\u00ed v\u00fdher v Lotto | Lottohoy<\/title>\n<meta name=\"description\" content=\"Pod\u00edvejte se na nejnov\u011bj\u0161\u00ed v\u00fdsledky UK Lotto, nejobl\u00edben\u011bj\u0161\u00ed loterijn\u00ed hry ve Spojen\u00e9m kr\u00e1lovstv\u00ed. Najdete zde aktu\u00e1ln\u00ed \u00fadaje ihned po skon\u010den\u00ed losov\u00e1n\u00ed.\" \/>\n<meta name=\"robots\" content=\"index, follow, max-snippet:-1, max-image-preview:large, max-video-preview:-1\" \/>\n<link rel=\"canonical\" href=\"https:\/\/lottohoy.com\/cs\/vysledky-loterie\/uk-lotto-vysledky\/\" \/>\n<meta property=\"og:locale\" content=\"cs_CZ\" \/>\n<meta property=\"og:type\" content=\"article\" \/>\n<meta property=\"og:title\" content=\"V\u00fdsledky UK Lotto \u25b7 Rozd\u011blen\u00ed v\u00fdher v Lotto | Lottohoy\" \/>\n<meta property=\"og:description\" content=\"Pod\u00edvejte se na nejnov\u011bj\u0161\u00ed v\u00fdsledky UK Lotto, nejobl\u00edben\u011bj\u0161\u00ed loterijn\u00ed hry ve Spojen\u00e9m kr\u00e1lovstv\u00ed. Najdete zde aktu\u00e1ln\u00ed \u00fadaje ihned po skon\u010den\u00ed losov\u00e1n\u00ed.\" \/>\n<meta property=\"og:url\" content=\"https:\/\/lottohoy.com\/cs\/vysledky-loterie\/uk-lotto-vysledky\/\" \/>\n<meta property=\"og:site_name\" content=\"Lottohoy\" \/>\n<meta name=\"twitter:card\" content=\"summary_large_image\" \/>\n<meta name=\"twitter:label1\" content=\"Odhadovan\u00e1 doba \u010dten\u00ed\" \/>\n\t<meta name=\"twitter:data1\" content=\"1 minuta\" \/>\n<script type=\"application\/ld+json\" class=\"yoast-schema-graph\">{\"@context\":\"https:\/\/schema.org\",\"@graph\":[{\"@type\":\"WebPage\",\"@id\":\"https:\/\/lottohoy.com\/cs\/vysledky-loterie\/uk-lotto-vysledky\/\",\"url\":\"https:\/\/lottohoy.com\/cs\/vysledky-loterie\/uk-lotto-vysledky\/\",\"name\":\"V\u00fdsledky UK Lotto \u25b7 Rozd\u011blen\u00ed v\u00fdher v Lotto | Lottohoy\",\"isPartOf\":{\"@id\":\"https:\/\/lottohoy.com\/cs\/#website\"},\"datePublished\":\"2018-05-03T13:23:40+00:00\",\"dateModified\":\"2018-05-03T13:23:40+00:00\",\"description\":\"Pod\u00edvejte se na nejnov\u011bj\u0161\u00ed v\u00fdsledky UK Lotto, nejobl\u00edben\u011bj\u0161\u00ed loterijn\u00ed hry ve Spojen\u00e9m kr\u00e1lovstv\u00ed. Najdete zde aktu\u00e1ln\u00ed \u00fadaje ihned po skon\u010den\u00ed losov\u00e1n\u00ed.\",\"breadcrumb\":{\"@id\":\"https:\/\/lottohoy.com\/cs\/vysledky-loterie\/uk-lotto-vysledky\/#breadcrumb\"},\"inLanguage\":\"cs\",\"potentialAction\":[{\"@type\":\"ReadAction\",\"target\":[\"https:\/\/lottohoy.com\/cs\/vysledky-loterie\/uk-lotto-vysledky\/\"]}]},{\"@type\":\"BreadcrumbList\",\"@id\":\"https:\/\/lottohoy.com\/cs\/vysledky-loterie\/uk-lotto-vysledky\/#breadcrumb\",\"itemListElement\":[{\"@type\":\"ListItem\",\"position\":1,\"name\":\"Home\",\"item\":\"https:\/\/lottohoy.com\/cs\/\"},{\"@type\":\"ListItem\",\"position\":2,\"name\":\"V\u00fdsledky loterie\",\"item\":\"https:\/\/lottohoy.com\/cs\/vysledky-loterie\/\"},{\"@type\":\"ListItem\",\"position\":3,\"name\":\"UK Lotto V\u00fdsledky\"}]},{\"@type\":\"WebSite\",\"@id\":\"https:\/\/lottohoy.com\/cs\/#website\",\"url\":\"https:\/\/lottohoy.com\/cs\/\",\"name\":\"Lottohoy\",\"description\":\"\",\"potentialAction\":[{\"@type\":\"SearchAction\",\"target\":{\"@type\":\"EntryPoint\",\"urlTemplate\":\"https:\/\/lottohoy.com\/cs\/?s={search_term_string}\"},\"query-input\":{\"@type\":\"PropertyValueSpecification\",\"valueRequired\":true,\"valueName\":\"search_term_string\"}}],\"inLanguage\":\"cs\"}]}<\/script>\n<!-- \/ Yoast SEO plugin. -->","yoast_head_json":{"title":"V\u00fdsledky UK Lotto \u25b7 Rozd\u011blen\u00ed v\u00fdher v Lotto | Lottohoy","description":"Pod\u00edvejte se na nejnov\u011bj\u0161\u00ed v\u00fdsledky UK Lotto, nejobl\u00edben\u011bj\u0161\u00ed loterijn\u00ed hry ve Spojen\u00e9m kr\u00e1lovstv\u00ed. Najdete zde aktu\u00e1ln\u00ed \u00fadaje ihned po skon\u010den\u00ed losov\u00e1n\u00ed.","robots":{"index":"index","follow":"follow","max-snippet":"max-snippet:-1","max-image-preview":"max-image-preview:large","max-video-preview":"max-video-preview:-1"},"canonical":"https:\/\/lottohoy.com\/cs\/vysledky-loterie\/uk-lotto-vysledky\/","og_locale":"cs_CZ","og_type":"article","og_title":"V\u00fdsledky UK Lotto \u25b7 Rozd\u011blen\u00ed v\u00fdher v Lotto | Lottohoy","og_description":"Pod\u00edvejte se na nejnov\u011bj\u0161\u00ed v\u00fdsledky UK Lotto, nejobl\u00edben\u011bj\u0161\u00ed loterijn\u00ed hry ve Spojen\u00e9m kr\u00e1lovstv\u00ed. Najdete zde aktu\u00e1ln\u00ed \u00fadaje ihned po skon\u010den\u00ed losov\u00e1n\u00ed.","og_url":"https:\/\/lottohoy.com\/cs\/vysledky-loterie\/uk-lotto-vysledky\/","og_site_name":"Lottohoy","twitter_card":"summary_large_image","twitter_misc":{"Odhadovan\u00e1 doba \u010dten\u00ed":"1 minuta"},"schema":{"@context":"https:\/\/schema.org","@graph":[{"@type":"WebPage","@id":"https:\/\/lottohoy.com\/cs\/vysledky-loterie\/uk-lotto-vysledky\/","url":"https:\/\/lottohoy.com\/cs\/vysledky-loterie\/uk-lotto-vysledky\/","name":"V\u00fdsledky UK Lotto \u25b7 Rozd\u011blen\u00ed v\u00fdher v Lotto | Lottohoy","isPartOf":{"@id":"https:\/\/lottohoy.com\/cs\/#website"},"datePublished":"2018-05-03T13:23:40+00:00","dateModified":"2018-05-03T13:23:40+00:00","description":"Pod\u00edvejte se na nejnov\u011bj\u0161\u00ed v\u00fdsledky UK Lotto, nejobl\u00edben\u011bj\u0161\u00ed loterijn\u00ed hry ve Spojen\u00e9m kr\u00e1lovstv\u00ed. Najdete zde aktu\u00e1ln\u00ed \u00fadaje ihned po skon\u010den\u00ed losov\u00e1n\u00ed.","breadcrumb":{"@id":"https:\/\/lottohoy.com\/cs\/vysledky-loterie\/uk-lotto-vysledky\/#breadcrumb"},"inLanguage":"cs","potentialAction":[{"@type":"ReadAction","target":["https:\/\/lottohoy.com\/cs\/vysledky-loterie\/uk-lotto-vysledky\/"]}]},{"@type":"BreadcrumbList","@id":"https:\/\/lottohoy.com\/cs\/vysledky-loterie\/uk-lotto-vysledky\/#breadcrumb","itemListElement":[{"@type":"ListItem","position":1,"name":"Home","item":"https:\/\/lottohoy.com\/cs\/"},{"@type":"ListItem","position":2,"name":"V\u00fdsledky loterie","item":"https:\/\/lottohoy.com\/cs\/vysledky-loterie\/"},{"@type":"ListItem","position":3,"name":"UK Lotto V\u00fdsledky"}]},{"@type":"WebSite","@id":"https:\/\/lottohoy.com\/cs\/#website","url":"https:\/\/lottohoy.com\/cs\/","name":"Lottohoy","description":"","potentialAction":[{"@type":"SearchAction","target":{"@type":"EntryPoint","urlTemplate":"https:\/\/lottohoy.com\/cs\/?s={search_term_string}"},"query-input":{"@type":"PropertyValueSpecification","valueRequired":true,"valueName":"search_term_string"}}],"inLanguage":"cs"}]}},"_links":{"self":[{"href":"https:\/\/lottohoy.com\/cs\/wp-json\/wp\/v2\/pages\/16964","targetHints":{"allow":["GET"]}}],"collection":[{"href":"https:\/\/lottohoy.com\/cs\/wp-json\/wp\/v2\/pages"}],"about":[{"href":"https:\/\/lottohoy.com\/cs\/wp-json\/wp\/v2\/types\/page"}],"author":[{"embeddable":true,"href":"https:\/\/lottohoy.com\/cs\/wp-json\/wp\/v2\/users\/2"}],"replies":[{"embeddable":true,"href":"https:\/\/lottohoy.com\/cs\/wp-json\/wp\/v2\/comments?post=16964"}],"version-history":[{"count":0,"href":"https:\/\/lottohoy.com\/cs\/wp-json\/wp\/v2\/pages\/16964\/revisions"}],"up":[{"embeddable":true,"href":"https:\/\/lottohoy.com\/cs\/wp-json\/wp\/v2\/pages\/16887"}],"wp:attachment":[{"href":"https:\/\/lottohoy.com\/cs\/wp-json\/wp\/v2\/media?parent=16964"}],"curies":[{"name":"wp","href":"https:\/\/api.w.org\/{rel}","templated":true}]}}