{"id":16962,"date":"2018-08-21T10:11:29","date_gmt":"2018-08-21T09:11:29","guid":{"rendered":"https:\/\/lottohoy.com\/vysledky-loterie\/vysledky-la-primitiva\/"},"modified":"2018-08-21T10:11:29","modified_gmt":"2018-08-21T09:11:29","slug":"vysledky-la-primitiva","status":"publish","type":"page","link":"https:\/\/lottohoy.com\/cs\/vysledky-loterie\/vysledky-la-primitiva\/","title":{"rendered":"V\u00fdsledky La Primitiva"},"content":{"rendered":"<p>Na t\u00e9to str\u00e1nce najdete podrobn\u00fd rozpis v\u00fdsledk\u016f losov\u00e1n\u00ed loterie Primitiva, odhadovan\u00fd jackpot pro toto posledn\u00ed losov\u00e1n\u00ed a dal\u0161\u00ed zaj\u00edmav\u00e9 informace.<\/p>\n<h2>V\u00fdsledky losov\u00e1n\u00ed Primitiva dnes<\/h2>\n<p>V tomto r\u00e1me\u010dku jsou zobrazeny v\u00fdsledky posledn\u00edho losov\u00e1n\u00ed, rozd\u011blen\u00ed v\u00fdher pro ka\u017edou ze sedmi kategori\u00ed, odhadovan\u00fd po\u010det v\u00fdherc\u016f v jednotliv\u00fdch kategori\u00edch a \u010d\u00e1stka, kter\u00e1 mezi n\u011b bude rozd\u011blena.<\/p>\n<h2>V\u0161echny v\u00fdsledky sout\u011b\u017ee Primitiva<\/h2>\n<p>Krom\u011b v\u00fdsledk\u016f posledn\u00edho uskute\u010dn\u011bn\u00e9ho slosov\u00e1n\u00ed najdete na t\u00e9to str\u00e1nce tak\u00e9 v\u0161echny v\u00fdsledky slosov\u00e1n\u00ed za posledn\u00edch 24 m\u011bs\u00edc\u016f.<\/p>\n<p>Napravo od v\u00fdhern\u00ed kombinace v posledn\u00edm losov\u00e1n\u00ed se objev\u00ed \u0161ed\u00e1 pole s n\u011bkolika sm\u011brov\u00fdmi \u0161ipkami, kter\u00e9 v\u00e1m umo\u017en\u00ed proch\u00e1zet data p\u0159edchoz\u00edch losov\u00e1n\u00ed.<\/p>\n","protected":false},"excerpt":{"rendered":"<p>Na t\u00e9to str\u00e1nce najdete podrobn\u00fd rozpis v\u00fdsledk\u016f losov\u00e1n\u00ed loterie Primitiva, odhadovan\u00fd jackpot pro toto posledn\u00ed losov\u00e1n\u00ed a dal\u0161\u00ed zaj\u00edmav\u00e9 informace. V\u00fdsledky losov\u00e1n\u00ed Primitiva dnes V tomto r\u00e1me\u010dku jsou zobrazeny v\u00fdsledky posledn\u00edho losov\u00e1n\u00ed, rozd\u011blen\u00ed v\u00fdher pro ka\u017edou ze sedmi kategori\u00ed, odhadovan\u00fd po\u010det v\u00fdherc\u016f v jednotliv\u00fdch kategori\u00edch a \u010d\u00e1stka, kter\u00e1 mezi n\u011b bude rozd\u011blena. V\u0161echny v\u00fdsledky sout\u011b\u017ee [&hellip;]<\/p>\n","protected":false},"author":2,"featured_media":0,"parent":16887,"menu_order":6,"comment_status":"closed","ping_status":"closed","template":"la-primitiva-results.php","meta":{"_et_pb_use_builder":"","_et_pb_old_content":"","_et_gb_content_width":"","exclude_from_search":false,"footnotes":""},"class_list":["post-16962","page","type-page","status-publish","hentry"],"yoast_head":"<!-- This site is optimized with the Yoast SEO plugin v23.7 - https:\/\/yoast.com\/wordpress\/plugins\/seo\/ -->\n<title>V\u00fdsledky losov\u00e1n\u00ed La Primitiva - v\u00fdhern\u00ed \u010d\u00edsla loterie \u2713<\/title>\n<meta name=\"description\" content=\"Podrobn\u00fd rozpis v\u00fdsledk\u016f nejzn\u00e1m\u011bj\u0161\u00ed \u0161pan\u011blsk\u00e9 loterie La Primitiva. Pod\u00edvejte se na nejnov\u011bj\u0161\u00ed vylosovan\u00e1 \u010d\u00edsla a po\u0159i\u010fte si sv\u016fj tiket hned te\u010f!\" \/>\n<meta name=\"robots\" content=\"index, follow, max-snippet:-1, max-image-preview:large, max-video-preview:-1\" \/>\n<link rel=\"canonical\" href=\"https:\/\/lottohoy.com\/cs\/vysledky-loterie\/vysledky-la-primitiva\/\" \/>\n<meta property=\"og:locale\" content=\"cs_CZ\" \/>\n<meta property=\"og:type\" content=\"article\" \/>\n<meta property=\"og:title\" content=\"V\u00fdsledky losov\u00e1n\u00ed La Primitiva - v\u00fdhern\u00ed \u010d\u00edsla loterie \u2713\" \/>\n<meta property=\"og:description\" content=\"Podrobn\u00fd rozpis v\u00fdsledk\u016f nejzn\u00e1m\u011bj\u0161\u00ed \u0161pan\u011blsk\u00e9 loterie La Primitiva. Pod\u00edvejte se na nejnov\u011bj\u0161\u00ed vylosovan\u00e1 \u010d\u00edsla a po\u0159i\u010fte si sv\u016fj tiket hned te\u010f!\" \/>\n<meta property=\"og:url\" content=\"https:\/\/lottohoy.com\/cs\/vysledky-loterie\/vysledky-la-primitiva\/\" \/>\n<meta property=\"og:site_name\" content=\"Lottohoy\" \/>\n<meta name=\"twitter:card\" content=\"summary_large_image\" \/>\n<meta name=\"twitter:label1\" content=\"Odhadovan\u00e1 doba \u010dten\u00ed\" \/>\n\t<meta name=\"twitter:data1\" content=\"1 minuta\" \/>\n<script type=\"application\/ld+json\" class=\"yoast-schema-graph\">{\"@context\":\"https:\/\/schema.org\",\"@graph\":[{\"@type\":\"WebPage\",\"@id\":\"https:\/\/lottohoy.com\/cs\/vysledky-loterie\/vysledky-la-primitiva\/\",\"url\":\"https:\/\/lottohoy.com\/cs\/vysledky-loterie\/vysledky-la-primitiva\/\",\"name\":\"V\u00fdsledky losov\u00e1n\u00ed La Primitiva - v\u00fdhern\u00ed \u010d\u00edsla loterie \u2713\",\"isPartOf\":{\"@id\":\"https:\/\/lottohoy.com\/cs\/#website\"},\"datePublished\":\"2018-08-21T09:11:29+00:00\",\"dateModified\":\"2018-08-21T09:11:29+00:00\",\"description\":\"Podrobn\u00fd rozpis v\u00fdsledk\u016f nejzn\u00e1m\u011bj\u0161\u00ed \u0161pan\u011blsk\u00e9 loterie La Primitiva. Pod\u00edvejte se na nejnov\u011bj\u0161\u00ed vylosovan\u00e1 \u010d\u00edsla a po\u0159i\u010fte si sv\u016fj tiket hned te\u010f!\",\"breadcrumb\":{\"@id\":\"https:\/\/lottohoy.com\/cs\/vysledky-loterie\/vysledky-la-primitiva\/#breadcrumb\"},\"inLanguage\":\"cs\",\"potentialAction\":[{\"@type\":\"ReadAction\",\"target\":[\"https:\/\/lottohoy.com\/cs\/vysledky-loterie\/vysledky-la-primitiva\/\"]}]},{\"@type\":\"BreadcrumbList\",\"@id\":\"https:\/\/lottohoy.com\/cs\/vysledky-loterie\/vysledky-la-primitiva\/#breadcrumb\",\"itemListElement\":[{\"@type\":\"ListItem\",\"position\":1,\"name\":\"Home\",\"item\":\"https:\/\/lottohoy.com\/cs\/\"},{\"@type\":\"ListItem\",\"position\":2,\"name\":\"V\u00fdsledky loterie\",\"item\":\"https:\/\/lottohoy.com\/cs\/vysledky-loterie\/\"},{\"@type\":\"ListItem\",\"position\":3,\"name\":\"V\u00fdsledky La Primitiva\"}]},{\"@type\":\"WebSite\",\"@id\":\"https:\/\/lottohoy.com\/cs\/#website\",\"url\":\"https:\/\/lottohoy.com\/cs\/\",\"name\":\"Lottohoy\",\"description\":\"\",\"potentialAction\":[{\"@type\":\"SearchAction\",\"target\":{\"@type\":\"EntryPoint\",\"urlTemplate\":\"https:\/\/lottohoy.com\/cs\/?s={search_term_string}\"},\"query-input\":{\"@type\":\"PropertyValueSpecification\",\"valueRequired\":true,\"valueName\":\"search_term_string\"}}],\"inLanguage\":\"cs\"}]}<\/script>\n<!-- \/ Yoast SEO plugin. -->","yoast_head_json":{"title":"V\u00fdsledky losov\u00e1n\u00ed La Primitiva - v\u00fdhern\u00ed \u010d\u00edsla loterie \u2713","description":"Podrobn\u00fd rozpis v\u00fdsledk\u016f nejzn\u00e1m\u011bj\u0161\u00ed \u0161pan\u011blsk\u00e9 loterie La Primitiva. Pod\u00edvejte se na nejnov\u011bj\u0161\u00ed vylosovan\u00e1 \u010d\u00edsla a po\u0159i\u010fte si sv\u016fj tiket hned te\u010f!","robots":{"index":"index","follow":"follow","max-snippet":"max-snippet:-1","max-image-preview":"max-image-preview:large","max-video-preview":"max-video-preview:-1"},"canonical":"https:\/\/lottohoy.com\/cs\/vysledky-loterie\/vysledky-la-primitiva\/","og_locale":"cs_CZ","og_type":"article","og_title":"V\u00fdsledky losov\u00e1n\u00ed La Primitiva - v\u00fdhern\u00ed \u010d\u00edsla loterie \u2713","og_description":"Podrobn\u00fd rozpis v\u00fdsledk\u016f nejzn\u00e1m\u011bj\u0161\u00ed \u0161pan\u011blsk\u00e9 loterie La Primitiva. Pod\u00edvejte se na nejnov\u011bj\u0161\u00ed vylosovan\u00e1 \u010d\u00edsla a po\u0159i\u010fte si sv\u016fj tiket hned te\u010f!","og_url":"https:\/\/lottohoy.com\/cs\/vysledky-loterie\/vysledky-la-primitiva\/","og_site_name":"Lottohoy","twitter_card":"summary_large_image","twitter_misc":{"Odhadovan\u00e1 doba \u010dten\u00ed":"1 minuta"},"schema":{"@context":"https:\/\/schema.org","@graph":[{"@type":"WebPage","@id":"https:\/\/lottohoy.com\/cs\/vysledky-loterie\/vysledky-la-primitiva\/","url":"https:\/\/lottohoy.com\/cs\/vysledky-loterie\/vysledky-la-primitiva\/","name":"V\u00fdsledky losov\u00e1n\u00ed La Primitiva - v\u00fdhern\u00ed \u010d\u00edsla loterie \u2713","isPartOf":{"@id":"https:\/\/lottohoy.com\/cs\/#website"},"datePublished":"2018-08-21T09:11:29+00:00","dateModified":"2018-08-21T09:11:29+00:00","description":"Podrobn\u00fd rozpis v\u00fdsledk\u016f nejzn\u00e1m\u011bj\u0161\u00ed \u0161pan\u011blsk\u00e9 loterie La Primitiva. Pod\u00edvejte se na nejnov\u011bj\u0161\u00ed vylosovan\u00e1 \u010d\u00edsla a po\u0159i\u010fte si sv\u016fj tiket hned te\u010f!","breadcrumb":{"@id":"https:\/\/lottohoy.com\/cs\/vysledky-loterie\/vysledky-la-primitiva\/#breadcrumb"},"inLanguage":"cs","potentialAction":[{"@type":"ReadAction","target":["https:\/\/lottohoy.com\/cs\/vysledky-loterie\/vysledky-la-primitiva\/"]}]},{"@type":"BreadcrumbList","@id":"https:\/\/lottohoy.com\/cs\/vysledky-loterie\/vysledky-la-primitiva\/#breadcrumb","itemListElement":[{"@type":"ListItem","position":1,"name":"Home","item":"https:\/\/lottohoy.com\/cs\/"},{"@type":"ListItem","position":2,"name":"V\u00fdsledky loterie","item":"https:\/\/lottohoy.com\/cs\/vysledky-loterie\/"},{"@type":"ListItem","position":3,"name":"V\u00fdsledky La Primitiva"}]},{"@type":"WebSite","@id":"https:\/\/lottohoy.com\/cs\/#website","url":"https:\/\/lottohoy.com\/cs\/","name":"Lottohoy","description":"","potentialAction":[{"@type":"SearchAction","target":{"@type":"EntryPoint","urlTemplate":"https:\/\/lottohoy.com\/cs\/?s={search_term_string}"},"query-input":{"@type":"PropertyValueSpecification","valueRequired":true,"valueName":"search_term_string"}}],"inLanguage":"cs"}]}},"_links":{"self":[{"href":"https:\/\/lottohoy.com\/cs\/wp-json\/wp\/v2\/pages\/16962","targetHints":{"allow":["GET"]}}],"collection":[{"href":"https:\/\/lottohoy.com\/cs\/wp-json\/wp\/v2\/pages"}],"about":[{"href":"https:\/\/lottohoy.com\/cs\/wp-json\/wp\/v2\/types\/page"}],"author":[{"embeddable":true,"href":"https:\/\/lottohoy.com\/cs\/wp-json\/wp\/v2\/users\/2"}],"replies":[{"embeddable":true,"href":"https:\/\/lottohoy.com\/cs\/wp-json\/wp\/v2\/comments?post=16962"}],"version-history":[{"count":0,"href":"https:\/\/lottohoy.com\/cs\/wp-json\/wp\/v2\/pages\/16962\/revisions"}],"up":[{"embeddable":true,"href":"https:\/\/lottohoy.com\/cs\/wp-json\/wp\/v2\/pages\/16887"}],"wp:attachment":[{"href":"https:\/\/lottohoy.com\/cs\/wp-json\/wp\/v2\/media?parent=16962"}],"curies":[{"name":"wp","href":"https:\/\/api.w.org\/{rel}","templated":true}]}}