{"id":16948,"date":"2019-02-13T18:37:04","date_gmt":"2019-02-13T18:37:04","guid":{"rendered":"https:\/\/lottohoy.com\/vysledky-loterie\/gordo-de-la-primitiva-loterie-vysledky\/"},"modified":"2019-02-13T18:37:04","modified_gmt":"2019-02-13T18:37:04","slug":"gordo-de-la-primitiva-loterie-vysledky","status":"publish","type":"page","link":"https:\/\/lottohoy.com\/cs\/vysledky-loterie\/gordo-de-la-primitiva-loterie-vysledky\/","title":{"rendered":"Gordo de la Primitiva loterie V\u00fdsledky"},"content":{"rendered":"<p>Chcete-li zkontrolovat, zda byla va\u0161e s\u00e1zka El Gordo de la Primitiva vyhodnocena, porovnejte \u010d\u00edsla kombinace uveden\u00e9 na tiketu s v\u00fdsledky uveden\u00fdmi na t\u00e9to str\u00e1nce.<\/p>\n<p>V p\u0159\u00edpad\u011b v\u00fdhry v n\u011bkter\u00e9 z r\u016fzn\u00fdch <strong>kategori\u00ed s\u00e1zky Gordo de la Primitiva<\/strong>, budou vylosovan\u00e1 \u010d\u00edsla a v\u00fd\u0161e v\u00fdhry automaticky p\u0159ips\u00e1ny na v\u00e1\u0161 u\u017eivatelsk\u00fd \u00fa\u010det a od tohoto okam\u017eiku budou k dispozici.<\/p>\n<p>M\u016f\u017eete si tak\u00e9 zkontrolovat nahromad\u011bn\u00fd jackpot, v\u00fdherce a v\u00fdhry v jednotliv\u00fdch kategori\u00edch a p\u0159edchoz\u00ed slosov\u00e1n\u00ed a\u017e 24 m\u011bs\u00edc\u016f zp\u011btn\u011b.<\/p>\n<h2>Pod\u00edvejte se na v\u00fdsledky hry el Gordo de la Primitiva<\/h2>\n<p>Tato str\u00e1nka podrobn\u011b odr\u00e1\u017e\u00ed v\u00fdsledky slosov\u00e1n\u00ed Gordo de la Primitiva, odhadovan\u00fd jackpot pro p\u0159\u00ed\u0161t\u00ed slosov\u00e1n\u00ed a dal\u0161\u00ed \u00fadaje, kter\u00e9 v\u00e1s budou v budoucnu maxim\u00e1ln\u011b zaj\u00edmat.<\/p>\n<p>Vpravo od v\u00fdhern\u00ed kombinace posledn\u00edho tahu jsou t\u0159i \u010dtverce. Prost\u0159edn\u00ed \u010dtverec zobrazuje datum zkouman\u00e9ho losov\u00e1n\u00ed a po obou stran\u00e1ch tohoto prost\u0159edn\u00edho \u010dtverce jsou \u0161ipky vlevo a vpravo pro zobrazen\u00ed dat p\u0159edchoz\u00edch losov\u00e1n\u00ed.<\/p>\n<h2>Pod\u00edvejte se na el Gordo de la Primitiva dnes<\/h2>\n<p>Zobrazuje velkou tabulku s v\u00fdsledky a rozd\u011blen\u00edm cen podle kategori\u00ed posledn\u00edho losov\u00e1n\u00ed El Gordo.<\/p>\n<p>Kategorie cen (a\u017e dev\u011bt r\u016fzn\u00fdch kategori\u00ed), pot\u0159ebn\u00e1 \u00fasp\u011b\u0161nost pro z\u00edsk\u00e1n\u00ed n\u011bkter\u00e9 z kategori\u00ed cen.<\/p>\n<p>V\u00edt\u011bzov\u00e9 jednotliv\u00fdch kategori\u00ed a tak\u00e9 cena, kterou ka\u017ed\u00fd z v\u00edt\u011bz\u016f z\u00edsk\u00e1.<\/p>\n<p>Uzav\u0159en\u00ed tohoto velk\u00e9ho r\u00e1me\u010dku, ten ud\u00e1v\u00e1 celkov\u00fd po\u010det v\u00fdherc\u016f v tomto losov\u00e1n\u00ed a celkovou \u010d\u00e1stku, kter\u00e1 se rozd\u011bl\u00ed mezi v\u0161echny v\u00fdherce.<\/p>\n<h2>Ceny Gordo de la Primitiva<\/h2>\n<p>P\u0159i uhodnut\u00ed pouze dvou hlavn\u00edch \u010d\u00edsel z\u00edsk\u00e1te pevnou v\u00fdhru ve v\u00fd\u0161i 3 \u20ac, zat\u00edmco p\u0159i uhodnut\u00ed pouze kl\u00ed\u010dov\u00e9ho \u010d\u00edsla nebo slevy se v\u00fdhra rovn\u00e1 vr\u00e1cen\u00ed z\u00e1kladn\u00ed \u010d\u00e1stky s\u00e1zky.<\/p>\n<p>Hodnota v\u00fdher se v jednotliv\u00fdch loteri\u00edch li\u0161\u00ed, proto\u017ee se odv\u00edj\u00ed od prodeje tiket\u016f a v\u00fdherc\u016f jednotliv\u00fdch kategori\u00ed.<\/p>\n<p>N\u00e1sleduj\u00edc\u00ed tabulka uv\u00e1d\u00ed r\u016fzn\u00e9 kategorie cen spolu s procentem na sb\u011br, kter\u00e9 se ud\u011bluje ka\u017ed\u00e9 z nich.<\/p>\n<p><b>Kategorie cen Po\u010det spr\u00e1vn\u00fdch odpov\u011bd\u00ed P\u0159id\u011blen\u00e1 procenta<\/b><\/p>\n<p>Prvn\u00ed kategorie 5 \u010d\u00edsel + n\u00e1hrada 22 %<\/p>\n<p>Druh\u00e1 kategorie 5 \u010d\u00edsel 33 %<\/p>\n<p>T\u0159et\u00ed kategorie 4 \u010d\u00edsla + n\u00e1hrada 6 %<\/p>\n<p>\u010ctvrt\u00e1 kategorie 4 \u010d\u00edsla 7%<\/p>\n<p>P\u00e1t\u00e1 kategorie 3 \u010d\u00edsla + n\u00e1hrada 8%<\/p>\n<p>\u0160est\u00e1 kategorie 3 \u010d\u00edsla 26%<\/p>\n<p>Sedm\u00e1 kategorie 2 \u010d\u00edsla + n\u00e1hrada 20%<\/p>\n<p>Osm\u00e1 kategorie 2\u010d\u00edsla Pevn\u00e13 \u20ac<\/p>\n<p>N\u00e1hrada Kl\u00ed\u010dov\u00e9 \u010d\u00edslo 10%<\/p>\n<h2>El Gordo de la Primitiva nejv\u011bt\u0161\u00ed jackpoty<\/h2>\n<p>Pro Gordo je garantov\u00e1n minim\u00e1ln\u00ed jackpot 5 milion\u016f eur, kter\u00fd se kumuluje pro p\u0159\u00ed\u0161t\u00ed slosov\u00e1n\u00ed, pokud nen\u00ed v\u00fdherce prvn\u00ed kategorie.<\/p>\n<p>Jackpot m\u016f\u017ee d\u00e1le neomezen\u011b nar\u016fstat, dokud se nenajde v\u00fdherce, kter\u00fd tref\u00ed p\u011bt hlavn\u00edch \u010d\u00edsel a \u010d\u00edslo n\u00e1hrady.<\/p>\n<p>Nejv\u011bt\u0161\u00ed v\u00fdhry v losov\u00e1n\u00ed Gordo de la Primitiva od jeho zalo\u017een\u00ed v roce 1993 do sou\u010dasnosti jsou n\u00e1sleduj\u00edc\u00ed:<\/p>\n<p><b>Datum \u010c\u00e1stka<\/b> <\/p>\n<p>19\/09\/2010 36,675,630.47 \u20ac <\/p>\n<p>12\/09\/2010 34,230,938.33 \u20ac <\/p>\n<p>14\/08\/2011 30,000,000.00 \u20ac <\/p>\n<p>5\/9\/2010 32,390,368.22 \u20ac <\/p>\n<p>14\/08\/2011 31,626,895.12 \u20ac <\/p>\n<p>20\/08\/2010 30,714,123.47 \u20ac<\/p>\n","protected":false},"excerpt":{"rendered":"<p>Chcete-li zkontrolovat, zda byla va\u0161e s\u00e1zka El Gordo de la Primitiva vyhodnocena, porovnejte \u010d\u00edsla kombinace uveden\u00e9 na tiketu s v\u00fdsledky uveden\u00fdmi na t\u00e9to str\u00e1nce. V p\u0159\u00edpad\u011b v\u00fdhry v n\u011bkter\u00e9 z r\u016fzn\u00fdch kategori\u00ed s\u00e1zky Gordo de la Primitiva, budou vylosovan\u00e1 \u010d\u00edsla a v\u00fd\u0161e v\u00fdhry automaticky p\u0159ips\u00e1ny na v\u00e1\u0161 u\u017eivatelsk\u00fd \u00fa\u010det a od tohoto okam\u017eiku budou k [&hellip;]<\/p>\n","protected":false},"author":2,"featured_media":0,"parent":16887,"menu_order":6,"comment_status":"closed","ping_status":"closed","template":"el-gordo-results.php","meta":{"_et_pb_use_builder":"","_et_pb_old_content":"","_et_gb_content_width":"","exclude_from_search":false,"footnotes":""},"class_list":["post-16948","page","type-page","status-publish","hentry"],"yoast_head":"<!-- This site is optimized with the Yoast SEO plugin v23.7 - https:\/\/yoast.com\/wordpress\/plugins\/seo\/ -->\n<title>Gordo de La Primitiva - v\u00edt\u011bzov\u00e9 a nejnov\u011bj\u0161\u00ed v\u00fdsledky - Lottohoy<\/title>\n<meta name=\"description\" content=\"Na co je\u0161t\u011b \u010dek\u00e1te? Zjist\u011bte, zda jste posledn\u00edm v\u00fdhercem hry Gordo de La Primitiva.\" \/>\n<meta name=\"robots\" content=\"index, follow, max-snippet:-1, max-image-preview:large, max-video-preview:-1\" \/>\n<link rel=\"canonical\" href=\"https:\/\/lottohoy.com\/cs\/vysledky-loterie\/gordo-de-la-primitiva-loterie-vysledky\/\" \/>\n<meta property=\"og:locale\" content=\"cs_CZ\" \/>\n<meta property=\"og:type\" content=\"article\" \/>\n<meta property=\"og:title\" content=\"Gordo de La Primitiva - v\u00edt\u011bzov\u00e9 a nejnov\u011bj\u0161\u00ed v\u00fdsledky - Lottohoy\" \/>\n<meta property=\"og:description\" content=\"Na co je\u0161t\u011b \u010dek\u00e1te? Zjist\u011bte, zda jste posledn\u00edm v\u00fdhercem hry Gordo de La Primitiva.\" \/>\n<meta property=\"og:url\" content=\"https:\/\/lottohoy.com\/cs\/vysledky-loterie\/gordo-de-la-primitiva-loterie-vysledky\/\" \/>\n<meta property=\"og:site_name\" content=\"Lottohoy\" \/>\n<meta name=\"twitter:card\" content=\"summary_large_image\" \/>\n<meta name=\"twitter:label1\" content=\"Odhadovan\u00e1 doba \u010dten\u00ed\" \/>\n\t<meta name=\"twitter:data1\" content=\"3 minuty\" \/>\n<script type=\"application\/ld+json\" class=\"yoast-schema-graph\">{\"@context\":\"https:\/\/schema.org\",\"@graph\":[{\"@type\":\"WebPage\",\"@id\":\"https:\/\/lottohoy.com\/cs\/vysledky-loterie\/gordo-de-la-primitiva-loterie-vysledky\/\",\"url\":\"https:\/\/lottohoy.com\/cs\/vysledky-loterie\/gordo-de-la-primitiva-loterie-vysledky\/\",\"name\":\"Gordo de La Primitiva - v\u00edt\u011bzov\u00e9 a nejnov\u011bj\u0161\u00ed v\u00fdsledky - Lottohoy\",\"isPartOf\":{\"@id\":\"https:\/\/lottohoy.com\/cs\/#website\"},\"datePublished\":\"2019-02-13T18:37:04+00:00\",\"dateModified\":\"2019-02-13T18:37:04+00:00\",\"description\":\"Na co je\u0161t\u011b \u010dek\u00e1te? Zjist\u011bte, zda jste posledn\u00edm v\u00fdhercem hry Gordo de La Primitiva.\",\"breadcrumb\":{\"@id\":\"https:\/\/lottohoy.com\/cs\/vysledky-loterie\/gordo-de-la-primitiva-loterie-vysledky\/#breadcrumb\"},\"inLanguage\":\"cs\",\"potentialAction\":[{\"@type\":\"ReadAction\",\"target\":[\"https:\/\/lottohoy.com\/cs\/vysledky-loterie\/gordo-de-la-primitiva-loterie-vysledky\/\"]}]},{\"@type\":\"BreadcrumbList\",\"@id\":\"https:\/\/lottohoy.com\/cs\/vysledky-loterie\/gordo-de-la-primitiva-loterie-vysledky\/#breadcrumb\",\"itemListElement\":[{\"@type\":\"ListItem\",\"position\":1,\"name\":\"Home\",\"item\":\"https:\/\/lottohoy.com\/cs\/\"},{\"@type\":\"ListItem\",\"position\":2,\"name\":\"V\u00fdsledky loterie\",\"item\":\"https:\/\/lottohoy.com\/cs\/vysledky-loterie\/\"},{\"@type\":\"ListItem\",\"position\":3,\"name\":\"Gordo de la Primitiva loterie V\u00fdsledky\"}]},{\"@type\":\"WebSite\",\"@id\":\"https:\/\/lottohoy.com\/cs\/#website\",\"url\":\"https:\/\/lottohoy.com\/cs\/\",\"name\":\"Lottohoy\",\"description\":\"\",\"potentialAction\":[{\"@type\":\"SearchAction\",\"target\":{\"@type\":\"EntryPoint\",\"urlTemplate\":\"https:\/\/lottohoy.com\/cs\/?s={search_term_string}\"},\"query-input\":{\"@type\":\"PropertyValueSpecification\",\"valueRequired\":true,\"valueName\":\"search_term_string\"}}],\"inLanguage\":\"cs\"}]}<\/script>\n<!-- \/ Yoast SEO plugin. -->","yoast_head_json":{"title":"Gordo de La Primitiva - v\u00edt\u011bzov\u00e9 a nejnov\u011bj\u0161\u00ed v\u00fdsledky - Lottohoy","description":"Na co je\u0161t\u011b \u010dek\u00e1te? Zjist\u011bte, zda jste posledn\u00edm v\u00fdhercem hry Gordo de La Primitiva.","robots":{"index":"index","follow":"follow","max-snippet":"max-snippet:-1","max-image-preview":"max-image-preview:large","max-video-preview":"max-video-preview:-1"},"canonical":"https:\/\/lottohoy.com\/cs\/vysledky-loterie\/gordo-de-la-primitiva-loterie-vysledky\/","og_locale":"cs_CZ","og_type":"article","og_title":"Gordo de La Primitiva - v\u00edt\u011bzov\u00e9 a nejnov\u011bj\u0161\u00ed v\u00fdsledky - Lottohoy","og_description":"Na co je\u0161t\u011b \u010dek\u00e1te? Zjist\u011bte, zda jste posledn\u00edm v\u00fdhercem hry Gordo de La Primitiva.","og_url":"https:\/\/lottohoy.com\/cs\/vysledky-loterie\/gordo-de-la-primitiva-loterie-vysledky\/","og_site_name":"Lottohoy","twitter_card":"summary_large_image","twitter_misc":{"Odhadovan\u00e1 doba \u010dten\u00ed":"3 minuty"},"schema":{"@context":"https:\/\/schema.org","@graph":[{"@type":"WebPage","@id":"https:\/\/lottohoy.com\/cs\/vysledky-loterie\/gordo-de-la-primitiva-loterie-vysledky\/","url":"https:\/\/lottohoy.com\/cs\/vysledky-loterie\/gordo-de-la-primitiva-loterie-vysledky\/","name":"Gordo de La Primitiva - v\u00edt\u011bzov\u00e9 a nejnov\u011bj\u0161\u00ed v\u00fdsledky - Lottohoy","isPartOf":{"@id":"https:\/\/lottohoy.com\/cs\/#website"},"datePublished":"2019-02-13T18:37:04+00:00","dateModified":"2019-02-13T18:37:04+00:00","description":"Na co je\u0161t\u011b \u010dek\u00e1te? Zjist\u011bte, zda jste posledn\u00edm v\u00fdhercem hry Gordo de La Primitiva.","breadcrumb":{"@id":"https:\/\/lottohoy.com\/cs\/vysledky-loterie\/gordo-de-la-primitiva-loterie-vysledky\/#breadcrumb"},"inLanguage":"cs","potentialAction":[{"@type":"ReadAction","target":["https:\/\/lottohoy.com\/cs\/vysledky-loterie\/gordo-de-la-primitiva-loterie-vysledky\/"]}]},{"@type":"BreadcrumbList","@id":"https:\/\/lottohoy.com\/cs\/vysledky-loterie\/gordo-de-la-primitiva-loterie-vysledky\/#breadcrumb","itemListElement":[{"@type":"ListItem","position":1,"name":"Home","item":"https:\/\/lottohoy.com\/cs\/"},{"@type":"ListItem","position":2,"name":"V\u00fdsledky loterie","item":"https:\/\/lottohoy.com\/cs\/vysledky-loterie\/"},{"@type":"ListItem","position":3,"name":"Gordo de la Primitiva loterie V\u00fdsledky"}]},{"@type":"WebSite","@id":"https:\/\/lottohoy.com\/cs\/#website","url":"https:\/\/lottohoy.com\/cs\/","name":"Lottohoy","description":"","potentialAction":[{"@type":"SearchAction","target":{"@type":"EntryPoint","urlTemplate":"https:\/\/lottohoy.com\/cs\/?s={search_term_string}"},"query-input":{"@type":"PropertyValueSpecification","valueRequired":true,"valueName":"search_term_string"}}],"inLanguage":"cs"}]}},"_links":{"self":[{"href":"https:\/\/lottohoy.com\/cs\/wp-json\/wp\/v2\/pages\/16948","targetHints":{"allow":["GET"]}}],"collection":[{"href":"https:\/\/lottohoy.com\/cs\/wp-json\/wp\/v2\/pages"}],"about":[{"href":"https:\/\/lottohoy.com\/cs\/wp-json\/wp\/v2\/types\/page"}],"author":[{"embeddable":true,"href":"https:\/\/lottohoy.com\/cs\/wp-json\/wp\/v2\/users\/2"}],"replies":[{"embeddable":true,"href":"https:\/\/lottohoy.com\/cs\/wp-json\/wp\/v2\/comments?post=16948"}],"version-history":[{"count":0,"href":"https:\/\/lottohoy.com\/cs\/wp-json\/wp\/v2\/pages\/16948\/revisions"}],"up":[{"embeddable":true,"href":"https:\/\/lottohoy.com\/cs\/wp-json\/wp\/v2\/pages\/16887"}],"wp:attachment":[{"href":"https:\/\/lottohoy.com\/cs\/wp-json\/wp\/v2\/media?parent=16948"}],"curies":[{"name":"wp","href":"https:\/\/api.w.org\/{rel}","templated":true}]}}