{"id":16944,"date":"2018-05-03T14:23:39","date_gmt":"2018-05-03T13:23:39","guid":{"rendered":"https:\/\/lottohoy.com\/vysledky-loterie\/vysledky-superenalotto\/"},"modified":"2018-05-03T14:23:39","modified_gmt":"2018-05-03T13:23:39","slug":"vysledky-superenalotto","status":"publish","type":"page","link":"https:\/\/lottohoy.com\/cs\/vysledky-loterie\/vysledky-superenalotto\/","title":{"rendered":"V\u00fdsledky SuperEnalotto"},"content":{"rendered":"<p>Pod\u00edvejte se na aktu\u00e1ln\u00ed v\u00fdsledky losov\u00e1n\u00ed <strong>SuperEnalotto<\/strong>. Uv\u00e1d\u00edme tak\u00e9 archivn\u00ed v\u00fdsledky losov\u00e1n\u00ed. V\u0161echny zve\u0159ejn\u011bn\u00e9 v\u00fdsledky jsou p\u0159evzaty z ofici\u00e1ln\u00edho losov\u00e1n\u00ed loterie, tak\u017ee <a href=\"https:\/\/lottohoy.com\/play\/superenalotto\/\"><b>si Superenalotto<\/b><\/a> m\u016f\u017eete <a href=\"https:\/\/lottohoy.com\/play\/superenalotto\/\"><b>zahr\u00e1t<\/b><\/a> se v\u0161\u00ed jistotou.<\/p>\n<h2><strong>Dne\u0161n\u00ed v\u00fdsledky losov\u00e1n\u00ed SuperEnalotto<\/strong><\/h2>\n<p>Na t\u00e9to str\u00e1nce najdete <strong>v\u00fdhern\u00ed kombinaci<\/strong> z minul\u00e9ho losov\u00e1n\u00ed Superenalotto a ofici\u00e1ln\u00ed <strong>rozd\u011blen\u00ed v\u00fdher<\/strong> odpov\u00eddaj\u00edc\u00ed jednotliv\u00fdm v\u00fdhern\u00edm kategori\u00edm.<\/p>\n<h2><strong>Minul\u00e9 v\u00fdsledky SuperEnalotto<\/strong><\/h2>\n<p>Na t\u00e9to str\u00e1nce m\u00e1te p\u0159\u00edstup k v\u00fdsledk\u016fm p\u0159edchoz\u00edch slosov\u00e1n\u00ed, kter\u00e9 mohou slou\u017eit jako vod\u00edtko pro statistiky a budouc\u00ed s\u00e1zkov\u00e9 kombinace. Krom\u011b toho v\u00e1m umo\u017en\u00ed prohl\u00e9dnout si nejen <strong>v\u00fdhern\u00ed kombinace<\/strong>, ale tak\u00e9 rozd\u011blen\u00ed v\u00fdher pro r\u016fzn\u00e9 kategorie.<\/p>\n<p>V prav\u00e9m horn\u00edm rohu str\u00e1nky najdete funkci kalend\u00e1\u0159e, kter\u00e1 v\u00e1m umo\u017en\u00ed kontrolu nap\u0159\u00ed\u010d posledn\u00edmi dv\u011bma roky.<\/p>\n","protected":false},"excerpt":{"rendered":"<p>Pod\u00edvejte se na aktu\u00e1ln\u00ed v\u00fdsledky losov\u00e1n\u00ed SuperEnalotto. Uv\u00e1d\u00edme tak\u00e9 archivn\u00ed v\u00fdsledky losov\u00e1n\u00ed. V\u0161echny zve\u0159ejn\u011bn\u00e9 v\u00fdsledky jsou p\u0159evzaty z ofici\u00e1ln\u00edho losov\u00e1n\u00ed loterie, tak\u017ee si Superenalotto m\u016f\u017eete zahr\u00e1t se v\u0161\u00ed jistotou. Dne\u0161n\u00ed v\u00fdsledky losov\u00e1n\u00ed SuperEnalotto Na t\u00e9to str\u00e1nce najdete v\u00fdhern\u00ed kombinaci z minul\u00e9ho losov\u00e1n\u00ed Superenalotto a ofici\u00e1ln\u00ed rozd\u011blen\u00ed v\u00fdher odpov\u00eddaj\u00edc\u00ed jednotliv\u00fdm v\u00fdhern\u00edm kategori\u00edm. Minul\u00e9 v\u00fdsledky SuperEnalotto Na [&hellip;]<\/p>\n","protected":false},"author":2,"featured_media":0,"parent":16887,"menu_order":5,"comment_status":"closed","ping_status":"closed","template":"superenalotto-results.php","meta":{"_et_pb_use_builder":"","_et_pb_old_content":"","_et_gb_content_width":"","exclude_from_search":false,"footnotes":""},"class_list":["post-16944","page","type-page","status-publish","hentry"],"yoast_head":"<!-- This site is optimized with the Yoast SEO plugin v23.7 - https:\/\/yoast.com\/wordpress\/plugins\/seo\/ -->\n<title>V\u00fdsledky SuperEnalotto | Vylosovan\u00e1 \u010d\u00edsla a v\u00fdhry \u25b7<\/title>\n<meta name=\"description\" content=\"Na t\u00e9to str\u00e1nce najdete v\u00fdhern\u00ed kombinace posledn\u00edho losov\u00e1n\u00ed Superenalotto a ofici\u00e1ln\u00ed rozd\u011blen\u00ed v\u00fdher odpov\u00eddaj\u00edc\u00ed jednotliv\u00fdm kategori\u00edm.\" \/>\n<meta name=\"robots\" content=\"index, follow, max-snippet:-1, max-image-preview:large, max-video-preview:-1\" \/>\n<link rel=\"canonical\" href=\"https:\/\/lottohoy.com\/cs\/vysledky-loterie\/vysledky-superenalotto\/\" \/>\n<meta property=\"og:locale\" content=\"cs_CZ\" \/>\n<meta property=\"og:type\" content=\"article\" \/>\n<meta property=\"og:title\" content=\"V\u00fdsledky SuperEnalotto | Vylosovan\u00e1 \u010d\u00edsla a v\u00fdhry \u25b7\" \/>\n<meta property=\"og:description\" content=\"Na t\u00e9to str\u00e1nce najdete v\u00fdhern\u00ed kombinace posledn\u00edho losov\u00e1n\u00ed Superenalotto a ofici\u00e1ln\u00ed rozd\u011blen\u00ed v\u00fdher odpov\u00eddaj\u00edc\u00ed jednotliv\u00fdm kategori\u00edm.\" \/>\n<meta property=\"og:url\" content=\"https:\/\/lottohoy.com\/cs\/vysledky-loterie\/vysledky-superenalotto\/\" \/>\n<meta property=\"og:site_name\" content=\"Lottohoy\" \/>\n<meta name=\"twitter:card\" content=\"summary_large_image\" \/>\n<meta name=\"twitter:label1\" content=\"Odhadovan\u00e1 doba \u010dten\u00ed\" \/>\n\t<meta name=\"twitter:data1\" content=\"1 minuta\" \/>\n<script type=\"application\/ld+json\" class=\"yoast-schema-graph\">{\"@context\":\"https:\/\/schema.org\",\"@graph\":[{\"@type\":\"WebPage\",\"@id\":\"https:\/\/lottohoy.com\/cs\/vysledky-loterie\/vysledky-superenalotto\/\",\"url\":\"https:\/\/lottohoy.com\/cs\/vysledky-loterie\/vysledky-superenalotto\/\",\"name\":\"V\u00fdsledky SuperEnalotto | Vylosovan\u00e1 \u010d\u00edsla a v\u00fdhry \u25b7\",\"isPartOf\":{\"@id\":\"https:\/\/lottohoy.com\/cs\/#website\"},\"datePublished\":\"2018-05-03T13:23:39+00:00\",\"dateModified\":\"2018-05-03T13:23:39+00:00\",\"description\":\"Na t\u00e9to str\u00e1nce najdete v\u00fdhern\u00ed kombinace posledn\u00edho losov\u00e1n\u00ed Superenalotto a ofici\u00e1ln\u00ed rozd\u011blen\u00ed v\u00fdher odpov\u00eddaj\u00edc\u00ed jednotliv\u00fdm kategori\u00edm.\",\"breadcrumb\":{\"@id\":\"https:\/\/lottohoy.com\/cs\/vysledky-loterie\/vysledky-superenalotto\/#breadcrumb\"},\"inLanguage\":\"cs\",\"potentialAction\":[{\"@type\":\"ReadAction\",\"target\":[\"https:\/\/lottohoy.com\/cs\/vysledky-loterie\/vysledky-superenalotto\/\"]}]},{\"@type\":\"BreadcrumbList\",\"@id\":\"https:\/\/lottohoy.com\/cs\/vysledky-loterie\/vysledky-superenalotto\/#breadcrumb\",\"itemListElement\":[{\"@type\":\"ListItem\",\"position\":1,\"name\":\"Home\",\"item\":\"https:\/\/lottohoy.com\/cs\/\"},{\"@type\":\"ListItem\",\"position\":2,\"name\":\"V\u00fdsledky loterie\",\"item\":\"https:\/\/lottohoy.com\/cs\/vysledky-loterie\/\"},{\"@type\":\"ListItem\",\"position\":3,\"name\":\"V\u00fdsledky SuperEnalotto\"}]},{\"@type\":\"WebSite\",\"@id\":\"https:\/\/lottohoy.com\/cs\/#website\",\"url\":\"https:\/\/lottohoy.com\/cs\/\",\"name\":\"Lottohoy\",\"description\":\"\",\"potentialAction\":[{\"@type\":\"SearchAction\",\"target\":{\"@type\":\"EntryPoint\",\"urlTemplate\":\"https:\/\/lottohoy.com\/cs\/?s={search_term_string}\"},\"query-input\":{\"@type\":\"PropertyValueSpecification\",\"valueRequired\":true,\"valueName\":\"search_term_string\"}}],\"inLanguage\":\"cs\"}]}<\/script>\n<!-- \/ Yoast SEO plugin. -->","yoast_head_json":{"title":"V\u00fdsledky SuperEnalotto | Vylosovan\u00e1 \u010d\u00edsla a v\u00fdhry \u25b7","description":"Na t\u00e9to str\u00e1nce najdete v\u00fdhern\u00ed kombinace posledn\u00edho losov\u00e1n\u00ed Superenalotto a ofici\u00e1ln\u00ed rozd\u011blen\u00ed v\u00fdher odpov\u00eddaj\u00edc\u00ed jednotliv\u00fdm kategori\u00edm.","robots":{"index":"index","follow":"follow","max-snippet":"max-snippet:-1","max-image-preview":"max-image-preview:large","max-video-preview":"max-video-preview:-1"},"canonical":"https:\/\/lottohoy.com\/cs\/vysledky-loterie\/vysledky-superenalotto\/","og_locale":"cs_CZ","og_type":"article","og_title":"V\u00fdsledky SuperEnalotto | Vylosovan\u00e1 \u010d\u00edsla a v\u00fdhry \u25b7","og_description":"Na t\u00e9to str\u00e1nce najdete v\u00fdhern\u00ed kombinace posledn\u00edho losov\u00e1n\u00ed Superenalotto a ofici\u00e1ln\u00ed rozd\u011blen\u00ed v\u00fdher odpov\u00eddaj\u00edc\u00ed jednotliv\u00fdm kategori\u00edm.","og_url":"https:\/\/lottohoy.com\/cs\/vysledky-loterie\/vysledky-superenalotto\/","og_site_name":"Lottohoy","twitter_card":"summary_large_image","twitter_misc":{"Odhadovan\u00e1 doba \u010dten\u00ed":"1 minuta"},"schema":{"@context":"https:\/\/schema.org","@graph":[{"@type":"WebPage","@id":"https:\/\/lottohoy.com\/cs\/vysledky-loterie\/vysledky-superenalotto\/","url":"https:\/\/lottohoy.com\/cs\/vysledky-loterie\/vysledky-superenalotto\/","name":"V\u00fdsledky SuperEnalotto | Vylosovan\u00e1 \u010d\u00edsla a v\u00fdhry \u25b7","isPartOf":{"@id":"https:\/\/lottohoy.com\/cs\/#website"},"datePublished":"2018-05-03T13:23:39+00:00","dateModified":"2018-05-03T13:23:39+00:00","description":"Na t\u00e9to str\u00e1nce najdete v\u00fdhern\u00ed kombinace posledn\u00edho losov\u00e1n\u00ed Superenalotto a ofici\u00e1ln\u00ed rozd\u011blen\u00ed v\u00fdher odpov\u00eddaj\u00edc\u00ed jednotliv\u00fdm kategori\u00edm.","breadcrumb":{"@id":"https:\/\/lottohoy.com\/cs\/vysledky-loterie\/vysledky-superenalotto\/#breadcrumb"},"inLanguage":"cs","potentialAction":[{"@type":"ReadAction","target":["https:\/\/lottohoy.com\/cs\/vysledky-loterie\/vysledky-superenalotto\/"]}]},{"@type":"BreadcrumbList","@id":"https:\/\/lottohoy.com\/cs\/vysledky-loterie\/vysledky-superenalotto\/#breadcrumb","itemListElement":[{"@type":"ListItem","position":1,"name":"Home","item":"https:\/\/lottohoy.com\/cs\/"},{"@type":"ListItem","position":2,"name":"V\u00fdsledky loterie","item":"https:\/\/lottohoy.com\/cs\/vysledky-loterie\/"},{"@type":"ListItem","position":3,"name":"V\u00fdsledky SuperEnalotto"}]},{"@type":"WebSite","@id":"https:\/\/lottohoy.com\/cs\/#website","url":"https:\/\/lottohoy.com\/cs\/","name":"Lottohoy","description":"","potentialAction":[{"@type":"SearchAction","target":{"@type":"EntryPoint","urlTemplate":"https:\/\/lottohoy.com\/cs\/?s={search_term_string}"},"query-input":{"@type":"PropertyValueSpecification","valueRequired":true,"valueName":"search_term_string"}}],"inLanguage":"cs"}]}},"_links":{"self":[{"href":"https:\/\/lottohoy.com\/cs\/wp-json\/wp\/v2\/pages\/16944","targetHints":{"allow":["GET"]}}],"collection":[{"href":"https:\/\/lottohoy.com\/cs\/wp-json\/wp\/v2\/pages"}],"about":[{"href":"https:\/\/lottohoy.com\/cs\/wp-json\/wp\/v2\/types\/page"}],"author":[{"embeddable":true,"href":"https:\/\/lottohoy.com\/cs\/wp-json\/wp\/v2\/users\/2"}],"replies":[{"embeddable":true,"href":"https:\/\/lottohoy.com\/cs\/wp-json\/wp\/v2\/comments?post=16944"}],"version-history":[{"count":0,"href":"https:\/\/lottohoy.com\/cs\/wp-json\/wp\/v2\/pages\/16944\/revisions"}],"up":[{"embeddable":true,"href":"https:\/\/lottohoy.com\/cs\/wp-json\/wp\/v2\/pages\/16887"}],"wp:attachment":[{"href":"https:\/\/lottohoy.com\/cs\/wp-json\/wp\/v2\/media?parent=16944"}],"curies":[{"name":"wp","href":"https:\/\/api.w.org\/{rel}","templated":true}]}}