{"id":16931,"date":"2018-05-03T14:23:37","date_gmt":"2018-05-03T13:23:37","guid":{"rendered":"https:\/\/lottohoy.com\/vysledky-loterie\/vysledky-eurojackpotu\/"},"modified":"2018-05-03T14:23:37","modified_gmt":"2018-05-03T13:23:37","slug":"vysledky-eurojackpotu","status":"publish","type":"page","link":"https:\/\/lottohoy.com\/cs\/vysledky-loterie\/vysledky-eurojackpotu\/","title":{"rendered":"V\u00fdsledky Eurojackpotu"},"content":{"rendered":"<h2>Zkontrolujte v\u00fdsledky Eurojackpotu<\/h2>\n<p>Je d\u016fle\u017eit\u00e9 zkontrolovat kombinaci \u010d\u00edsel, kter\u00e1 se objevila na tiketu, s \u010d\u00edsly uveden\u00fdmi na <strong>ofici\u00e1ln\u00ed str\u00e1nce v\u00fdsledk\u016f Eurojackpotu<\/strong>. Abyste se vyhnuli chyb\u00e1m p\u0159i \u010dten\u00ed a p\u0159episu s ofici\u00e1ln\u00edm v\u00fdsledkem, doporu\u010dujeme kombinaci, kter\u00e1 se objev\u00ed na tiketu, n\u011bkolikr\u00e1t zkontrolovat, ne\u017e se j\u00ed zbav\u00edte.<\/p>\n<p>Na t\u00e9to str\u00e1nce si prohl\u00e9dn\u011bte <strong>v\u00fdsledky posledn\u00edho losov\u00e1n\u00ed Eurojackpotu<\/strong> a rozd\u011blen\u00ed v\u00fdher. <a href=\"\u201ehttps:\/\/lottohoy.com\/results\/\u201c\"><strong>V\u00fdsledky v\u0161ech loteri\u00ed<\/strong><\/a> si m\u016f\u017eete zkontrolovat tak\u00e9 po uplynut\u00ed doby losov\u00e1n\u00ed.<\/p>\n<h2>Dne\u0161n\u00ed v\u00fdsledky Eurojackpotu<\/h2>\n<p>Na t\u00e9to str\u00e1nce si m\u016f\u017eete prohl\u00e9dnout vylosovan\u00e1 \u010d\u00edsla a v\u00fdsledky posledn\u00edho losov\u00e1n\u00ed <strong>Eurojackpotu<\/strong>, a tak\u00e9 historii v\u00fdsledk\u016f a\u017e dva roky zp\u011btn\u011b. Krom\u011b toho si m\u016f\u017eete prohl\u00e9dnout <a href=\"https:\/\/lottohoy.com\/jackpots\/\"><strong>dne\u0161n\u00ed nashrom\u00e1\u017ed\u011bn\u00fd jackpot<\/strong><\/a>, v\u00fdherce a ceny v jednotliv\u00fdch kategori\u00edch.<\/p>\n<h3>V\u00fdhody hran\u00ed Eurojackpotu v LottoHoy<\/h3>\n<p><a href=\"https:\/\/lottohoy.com\/signup\/\"><strong>Vytvo\u0159en\u00edm u\u017eivatelsk\u00e9ho \u00fa\u010dtu<\/strong><\/a> v na\u0161\u00ed platform\u011b z\u00edsk\u00e1te p\u0159esn\u00e9 informace o v\u00fdsledc\u00edch, kter\u00e9 byly vytvo\u0159eny v ka\u017ed\u00e9 z va\u0161ich loteri\u00ed.<\/p>\n<p>V p\u0159\u00edpad\u011b v\u00fdhry v r\u016fzn\u00fdch <strong>kategori\u00edch loterie Eurojackpot<\/strong>, se vylosovan\u00e1 \u010d\u00edsla a v\u00fd\u0161e va\u0161\u00ed v\u00fdhry automaticky prom\u00edtnou do va\u0161eho u\u017eivatelsk\u00e9ho \u00fa\u010dtu a od tohoto okam\u017eiku budou k dispozici.<\/p>\n<h2>P\u0159edchoz\u00ed loterie Eurojackpot<\/h2>\n<p>V prav\u00e9 horn\u00ed \u010d\u00e1sti str\u00e1nky je k dispozici <strong>funkce kalend\u00e1\u0159e<\/strong>, prost\u0159ednictv\u00edm kter\u00e9 m\u016f\u017eete vybrat datum odpov\u00eddaj\u00edc\u00ed tombole, kterou chcete zkontrolovat.<\/p>\n<p>Kliknut\u00edm na kter\u00e9koli z t\u011bchto dat se dostanete k dan\u00e9mu losov\u00e1n\u00ed, v\u00fdhern\u00ed kombinaci a rozd\u011blen\u00ed v\u00fdher podle kategori\u00ed. Nezapome\u0148te, \u017ee pokud v\u00fdhru z\u00edsk\u00e1te, automaticky se zap\u00ed\u0161e do va\u0161eho z\u016fstatku, tak\u017ee m\u016f\u017eete <a href=\"https:\/\/lottohoy.com\/play\/eurojackpot\/\"><strong>hr\u00e1t Eurojackpot<\/strong><\/a> znovu.<\/p>\n<h2>Rozd\u011blen\u00ed v\u00fdher v Eurojackpotu<\/h2>\n<p>V tabulce v\u00fdsledk\u016f na t\u00e9to str\u00e1nce si m\u016f\u017eete prohl\u00e9dnout <strong>rozd\u011blen\u00ed v\u00fdher,<\/strong> kter\u00e9 odpov\u00eddalo ka\u017ed\u00e9 z 12 kategori\u00ed v\u00fdher, kter\u00e9 Eurojackpot p\u0159edpokl\u00e1d\u00e1.<\/p>\n<p>V tabulce jsou uvedeny r\u016fzn\u00e9 kombinace \u010d\u00edsel, kter\u00e9 maj\u00ed n\u00e1rok na z\u00edsk\u00e1n\u00ed v\u00fdhry v n\u011bkter\u00e9 z kategori\u00ed, a tak\u00e9 \u010d\u00e1stka v eurech (\u20ac), kter\u00e1 by p\u0159ipadla ka\u017ed\u00e9mu v\u00fdherci.<\/p>\n<h2>Nejv\u011bt\u0161\u00ed ceny a jackpoty ud\u011blovan\u00e9 v Eurojackpotu.<\/h2>\n<p>Pro nejlep\u0161\u00ed v\u00fdherce je garantov\u00e1n <strong>minim\u00e1ln\u00ed jackpot ve v\u00fd\u0161i 10 000 000 \u20ac,<\/strong> kter\u00fd se z\u00edsk\u00e1v\u00e1 p\u0159i shod\u011b p\u011bti a dvou \u010d\u00edsel. V p\u0159\u00edpad\u011b, \u017ee by nebyl \u017e\u00e1dn\u00fd z hlavn\u00edch v\u00fdherc\u016f, odhadovan\u00fd jackpot pro danou kategorii by se postupn\u011b ka\u017ed\u00fd t\u00fdden kumuloval, dokud by nedos\u00e1hl maxim\u00e1ln\u00ed v\u00fd\u0161e <strong>120 000 000 \u20ac<\/strong>.<\/p>\n<p>Jakmile kumulovan\u00fd bank dos\u00e1hne hodnoty <strong>120 milion\u016f eur<\/strong>, zb\u00fdvaj\u00edc\u00ed mno\u017estv\u00ed, kter\u00e1 jsou generov\u00e1na pro danou kategorii, zvy\u0161uj\u00ed \u010d\u00e1stku p\u0159edpokl\u00e1danou pro druhou kategorii, tak\u017ee \u0161ance na v\u00fdhru vysok\u00e9 \u010d\u00e1stky se zvy\u0161uj\u00ed. Druh\u00e1 kategorie v\u00fdher m\u00e1 tak\u00e9 maxim\u00e1ln\u00ed limit 90 000 000 eur pro postupn\u00e9 kumulace a zbytek by postupn\u011b p\u0159e\u0161el do ni\u017e\u0161\u00edch kategori\u00ed.<\/p>\n<p>Od za\u010d\u00e1tku losov\u00e1n\u00ed Eurojackpotu byl v p\u011bti p\u0159\u00edpadech doru\u010den jackpot s maxim\u00e1ln\u00ed \u010d\u00e1stkou 120 000 000 \u20ac.<\/p>\n<p><b>Datum slosov\u00e1n\u00ed<\/b><\/p>\n<p><b>V\u00fd\u0161e v\u00fdhry<\/b><\/p>\n<p><b>V\u00fdhern\u00ed zem\u011b\/zem\u011b<\/b><\/p>\n<p>6\/12\/ 2024<\/p>\n<p>120.000.000 \u20ac<\/p>\n<p>Alemania<\/p>\n<p>4\/6\/2024<\/p>\n<p>120.000.000 \u20ac<\/p>\n<p>Dinamarca<\/p>\n<p>23 \/4\/ 2024<\/p>\n<p>120.000.000 \u20ac<\/p>\n<p>Alemania, Eslovenia<\/p>\n<p>16 \/1\/2024<\/p>\n<p>120.000.000 \u20ac<\/p>\n<p>Noruega<\/p>\n<p>23\/6\/ 2023<\/p>\n<p>120.000.000 \u20ac<\/p>\n<p>Alemania<\/p>\n<p>8\/11\/2022<\/p>\n<p>120.000.000 \u20ac<\/p>\n<p>Alemania<\/p>\n<p>22\/6\/ 2022<\/p>\n<p>120.000.000 \u20ac<\/p>\n<p>Dinamarca<\/p>\n<p>Loterie Eurojackpot pat\u0159\u00ed mezi obl\u00edben\u00e9 hry hr\u00e1\u010d\u016f z cel\u00e9ho sv\u011bta. Od \u0160v\u00e9dska po Jihoafrickou republiku &#8211; ka\u017ed\u00fd chce zkusit sv\u00e9 \u0161t\u011bst\u00ed a odn\u00e9st si dom\u016f velkou v\u00fdhru v Eurojackpotu.<\/p>\n","protected":false},"excerpt":{"rendered":"<p>Zkontrolujte v\u00fdsledky Eurojackpotu Je d\u016fle\u017eit\u00e9 zkontrolovat kombinaci \u010d\u00edsel, kter\u00e1 se objevila na tiketu, s \u010d\u00edsly uveden\u00fdmi na ofici\u00e1ln\u00ed str\u00e1nce v\u00fdsledk\u016f Eurojackpotu. Abyste se vyhnuli chyb\u00e1m p\u0159i \u010dten\u00ed a p\u0159episu s ofici\u00e1ln\u00edm v\u00fdsledkem, doporu\u010dujeme kombinaci, kter\u00e1 se objev\u00ed na tiketu, n\u011bkolikr\u00e1t zkontrolovat, ne\u017e se j\u00ed zbav\u00edte. Na t\u00e9to str\u00e1nce si prohl\u00e9dn\u011bte v\u00fdsledky posledn\u00edho losov\u00e1n\u00ed Eurojackpotu a [&hellip;]<\/p>\n","protected":false},"author":2,"featured_media":0,"parent":16887,"menu_order":4,"comment_status":"closed","ping_status":"closed","template":"eurojackpot-results.php","meta":{"_et_pb_use_builder":"","_et_pb_old_content":"","_et_gb_content_width":"","exclude_from_search":false,"footnotes":""},"class_list":["post-16931","page","type-page","status-publish","hentry"],"yoast_head":"<!-- This site is optimized with the Yoast SEO plugin v23.7 - https:\/\/yoast.com\/wordpress\/plugins\/seo\/ -->\n<title>\u25b7 Nejnov\u011bj\u0161\u00ed v\u00fdsledky Eurojackpotu | Dne\u0161n\u00ed v\u00fdsledky Eurojackpotu<\/title>\n<meta name=\"description\" content=\"Pod\u00edvejte se na nejnov\u011bj\u0161\u00ed v\u00fdsledky hry Eurojackpot . M\u016f\u017eete se tak\u00e9 pod\u00edvat na kumulovan\u00fd jackpot, v\u00fdherce a ceny v jednotliv\u00fdch kategori\u00edch. Zkontrolujte si sv\u016fj tiket pr\u00e1v\u011b te\u010f!\" \/>\n<meta name=\"robots\" content=\"index, follow, max-snippet:-1, max-image-preview:large, max-video-preview:-1\" \/>\n<link rel=\"canonical\" href=\"https:\/\/lottohoy.com\/cs\/vysledky-loterie\/vysledky-eurojackpotu\/\" \/>\n<meta property=\"og:locale\" content=\"cs_CZ\" \/>\n<meta property=\"og:type\" content=\"article\" \/>\n<meta property=\"og:title\" content=\"\u25b7 Nejnov\u011bj\u0161\u00ed v\u00fdsledky Eurojackpotu | Dne\u0161n\u00ed v\u00fdsledky Eurojackpotu\" \/>\n<meta property=\"og:description\" content=\"Pod\u00edvejte se na nejnov\u011bj\u0161\u00ed v\u00fdsledky hry Eurojackpot . M\u016f\u017eete se tak\u00e9 pod\u00edvat na kumulovan\u00fd jackpot, v\u00fdherce a ceny v jednotliv\u00fdch kategori\u00edch. Zkontrolujte si sv\u016fj tiket pr\u00e1v\u011b te\u010f!\" \/>\n<meta property=\"og:url\" content=\"https:\/\/lottohoy.com\/cs\/vysledky-loterie\/vysledky-eurojackpotu\/\" \/>\n<meta property=\"og:site_name\" content=\"Lottohoy\" \/>\n<meta name=\"twitter:card\" content=\"summary_large_image\" \/>\n<meta name=\"twitter:label1\" content=\"Odhadovan\u00e1 doba \u010dten\u00ed\" \/>\n\t<meta name=\"twitter:data1\" content=\"3 minuty\" \/>\n<script type=\"application\/ld+json\" class=\"yoast-schema-graph\">{\"@context\":\"https:\/\/schema.org\",\"@graph\":[{\"@type\":\"WebPage\",\"@id\":\"https:\/\/lottohoy.com\/cs\/vysledky-loterie\/vysledky-eurojackpotu\/\",\"url\":\"https:\/\/lottohoy.com\/cs\/vysledky-loterie\/vysledky-eurojackpotu\/\",\"name\":\"\u25b7 Nejnov\u011bj\u0161\u00ed v\u00fdsledky Eurojackpotu | Dne\u0161n\u00ed v\u00fdsledky Eurojackpotu\",\"isPartOf\":{\"@id\":\"https:\/\/lottohoy.com\/cs\/#website\"},\"datePublished\":\"2018-05-03T13:23:37+00:00\",\"dateModified\":\"2018-05-03T13:23:37+00:00\",\"description\":\"Pod\u00edvejte se na nejnov\u011bj\u0161\u00ed v\u00fdsledky hry Eurojackpot . M\u016f\u017eete se tak\u00e9 pod\u00edvat na kumulovan\u00fd jackpot, v\u00fdherce a ceny v jednotliv\u00fdch kategori\u00edch. Zkontrolujte si sv\u016fj tiket pr\u00e1v\u011b te\u010f!\",\"breadcrumb\":{\"@id\":\"https:\/\/lottohoy.com\/cs\/vysledky-loterie\/vysledky-eurojackpotu\/#breadcrumb\"},\"inLanguage\":\"cs\",\"potentialAction\":[{\"@type\":\"ReadAction\",\"target\":[\"https:\/\/lottohoy.com\/cs\/vysledky-loterie\/vysledky-eurojackpotu\/\"]}]},{\"@type\":\"BreadcrumbList\",\"@id\":\"https:\/\/lottohoy.com\/cs\/vysledky-loterie\/vysledky-eurojackpotu\/#breadcrumb\",\"itemListElement\":[{\"@type\":\"ListItem\",\"position\":1,\"name\":\"Home\",\"item\":\"https:\/\/lottohoy.com\/cs\/\"},{\"@type\":\"ListItem\",\"position\":2,\"name\":\"V\u00fdsledky loterie\",\"item\":\"https:\/\/lottohoy.com\/cs\/vysledky-loterie\/\"},{\"@type\":\"ListItem\",\"position\":3,\"name\":\"V\u00fdsledky Eurojackpotu\"}]},{\"@type\":\"WebSite\",\"@id\":\"https:\/\/lottohoy.com\/cs\/#website\",\"url\":\"https:\/\/lottohoy.com\/cs\/\",\"name\":\"Lottohoy\",\"description\":\"\",\"potentialAction\":[{\"@type\":\"SearchAction\",\"target\":{\"@type\":\"EntryPoint\",\"urlTemplate\":\"https:\/\/lottohoy.com\/cs\/?s={search_term_string}\"},\"query-input\":{\"@type\":\"PropertyValueSpecification\",\"valueRequired\":true,\"valueName\":\"search_term_string\"}}],\"inLanguage\":\"cs\"}]}<\/script>\n<!-- \/ Yoast SEO plugin. -->","yoast_head_json":{"title":"\u25b7 Nejnov\u011bj\u0161\u00ed v\u00fdsledky Eurojackpotu | Dne\u0161n\u00ed v\u00fdsledky Eurojackpotu","description":"Pod\u00edvejte se na nejnov\u011bj\u0161\u00ed v\u00fdsledky hry Eurojackpot . M\u016f\u017eete se tak\u00e9 pod\u00edvat na kumulovan\u00fd jackpot, v\u00fdherce a ceny v jednotliv\u00fdch kategori\u00edch. Zkontrolujte si sv\u016fj tiket pr\u00e1v\u011b te\u010f!","robots":{"index":"index","follow":"follow","max-snippet":"max-snippet:-1","max-image-preview":"max-image-preview:large","max-video-preview":"max-video-preview:-1"},"canonical":"https:\/\/lottohoy.com\/cs\/vysledky-loterie\/vysledky-eurojackpotu\/","og_locale":"cs_CZ","og_type":"article","og_title":"\u25b7 Nejnov\u011bj\u0161\u00ed v\u00fdsledky Eurojackpotu | Dne\u0161n\u00ed v\u00fdsledky Eurojackpotu","og_description":"Pod\u00edvejte se na nejnov\u011bj\u0161\u00ed v\u00fdsledky hry Eurojackpot . M\u016f\u017eete se tak\u00e9 pod\u00edvat na kumulovan\u00fd jackpot, v\u00fdherce a ceny v jednotliv\u00fdch kategori\u00edch. Zkontrolujte si sv\u016fj tiket pr\u00e1v\u011b te\u010f!","og_url":"https:\/\/lottohoy.com\/cs\/vysledky-loterie\/vysledky-eurojackpotu\/","og_site_name":"Lottohoy","twitter_card":"summary_large_image","twitter_misc":{"Odhadovan\u00e1 doba \u010dten\u00ed":"3 minuty"},"schema":{"@context":"https:\/\/schema.org","@graph":[{"@type":"WebPage","@id":"https:\/\/lottohoy.com\/cs\/vysledky-loterie\/vysledky-eurojackpotu\/","url":"https:\/\/lottohoy.com\/cs\/vysledky-loterie\/vysledky-eurojackpotu\/","name":"\u25b7 Nejnov\u011bj\u0161\u00ed v\u00fdsledky Eurojackpotu | Dne\u0161n\u00ed v\u00fdsledky Eurojackpotu","isPartOf":{"@id":"https:\/\/lottohoy.com\/cs\/#website"},"datePublished":"2018-05-03T13:23:37+00:00","dateModified":"2018-05-03T13:23:37+00:00","description":"Pod\u00edvejte se na nejnov\u011bj\u0161\u00ed v\u00fdsledky hry Eurojackpot . M\u016f\u017eete se tak\u00e9 pod\u00edvat na kumulovan\u00fd jackpot, v\u00fdherce a ceny v jednotliv\u00fdch kategori\u00edch. Zkontrolujte si sv\u016fj tiket pr\u00e1v\u011b te\u010f!","breadcrumb":{"@id":"https:\/\/lottohoy.com\/cs\/vysledky-loterie\/vysledky-eurojackpotu\/#breadcrumb"},"inLanguage":"cs","potentialAction":[{"@type":"ReadAction","target":["https:\/\/lottohoy.com\/cs\/vysledky-loterie\/vysledky-eurojackpotu\/"]}]},{"@type":"BreadcrumbList","@id":"https:\/\/lottohoy.com\/cs\/vysledky-loterie\/vysledky-eurojackpotu\/#breadcrumb","itemListElement":[{"@type":"ListItem","position":1,"name":"Home","item":"https:\/\/lottohoy.com\/cs\/"},{"@type":"ListItem","position":2,"name":"V\u00fdsledky loterie","item":"https:\/\/lottohoy.com\/cs\/vysledky-loterie\/"},{"@type":"ListItem","position":3,"name":"V\u00fdsledky Eurojackpotu"}]},{"@type":"WebSite","@id":"https:\/\/lottohoy.com\/cs\/#website","url":"https:\/\/lottohoy.com\/cs\/","name":"Lottohoy","description":"","potentialAction":[{"@type":"SearchAction","target":{"@type":"EntryPoint","urlTemplate":"https:\/\/lottohoy.com\/cs\/?s={search_term_string}"},"query-input":{"@type":"PropertyValueSpecification","valueRequired":true,"valueName":"search_term_string"}}],"inLanguage":"cs"}]}},"_links":{"self":[{"href":"https:\/\/lottohoy.com\/cs\/wp-json\/wp\/v2\/pages\/16931","targetHints":{"allow":["GET"]}}],"collection":[{"href":"https:\/\/lottohoy.com\/cs\/wp-json\/wp\/v2\/pages"}],"about":[{"href":"https:\/\/lottohoy.com\/cs\/wp-json\/wp\/v2\/types\/page"}],"author":[{"embeddable":true,"href":"https:\/\/lottohoy.com\/cs\/wp-json\/wp\/v2\/users\/2"}],"replies":[{"embeddable":true,"href":"https:\/\/lottohoy.com\/cs\/wp-json\/wp\/v2\/comments?post=16931"}],"version-history":[{"count":0,"href":"https:\/\/lottohoy.com\/cs\/wp-json\/wp\/v2\/pages\/16931\/revisions"}],"up":[{"embeddable":true,"href":"https:\/\/lottohoy.com\/cs\/wp-json\/wp\/v2\/pages\/16887"}],"wp:attachment":[{"href":"https:\/\/lottohoy.com\/cs\/wp-json\/wp\/v2\/media?parent=16931"}],"curies":[{"name":"wp","href":"https:\/\/api.w.org\/{rel}","templated":true}]}}