{"id":16928,"date":"2018-05-03T14:23:37","date_gmt":"2018-05-03T13:23:37","guid":{"rendered":"https:\/\/lottohoy.com\/vysledky-loterie\/vysledky-euromillions\/"},"modified":"2018-05-03T14:23:37","modified_gmt":"2018-05-03T13:23:37","slug":"vysledky-euromillions","status":"publish","type":"page","link":"https:\/\/lottohoy.com\/cs\/vysledky-loterie\/vysledky-euromillions\/","title":{"rendered":"V\u00fdsledky EuroMillions"},"content":{"rendered":"<h2>Zkontrolujte v\u00fdsledky EuroMillions<\/h2>\n<p>Chcete-li zkontrolovat <strong>euromillions<\/strong>, sta\u010d\u00ed porovnat \u010d\u00edsla kombinace uveden\u00e9 na va\u0161em tiketu s v\u00fdsledkem uveden\u00fdm na t\u00e9to str\u00e1nce. Pro \u00faplnou jistotu doporu\u010dujeme zkontrolovat tiket EuroMillions n\u011bkolikr\u00e1t, ne\u017e tiket nebo tikety vyhod\u00edte.<\/p>\n<p>M\u016f\u017eete si tak\u00e9 zkontrolovat <a href=\"https:\/\/lottohoy.com\/jackpots\/\"><strong>dne\u0161n\u00ed nashrom\u00e1\u017ed\u011bn\u00e9 jackpoty<\/strong><\/a>, v\u00fdherce a rozd\u011blen\u00ed v\u00fdher v jednotliv\u00fdch kategori\u00edch a p\u0159edchoz\u00ed slosov\u00e1n\u00ed a\u017e 24 m\u011bs\u00edc\u016f zp\u011btn\u011b.<\/p>\n<h3>V\u00fdhody kontroly Euromilion\u016f v LottoHoy<\/h3>\n<p>Po <a href=\"https:\/\/lottohoy.com\/signup\/\"><strong>vytvo\u0159en\u00ed u\u017eivatelsk\u00e9ho \u00fa\u010dtu<\/strong><\/a> v na\u0161\u00ed platform\u011b budete m\u00edt k dispozici p\u0159esn\u00e9 informace o pozitivn\u00edch v\u00fdsledc\u00edch, kter\u00e9 byly dosa\u017eeny v ka\u017ed\u00e9 va\u0161\u00ed <strong>loterijn\u00ed h\u0159e<\/strong>.<\/p>\n<p>V p\u0159\u00edpad\u011b v\u00fdhry v <a href=\"https:\/\/lottohoy.com\/play\/euromillions\/\"><strong>r\u016fzn\u00fdch kategori\u00edch EuroMillions<\/strong><\/a>, se vylosovan\u00e1 \u010d\u00edsla a v\u00fd\u0161e va\u0161\u00ed v\u00fdhry automaticky prom\u00edtnou do u\u017eivatelsk\u00e9ho \u00fa\u010dtu klientsk\u00e9 z\u00f3ny a od tohoto okam\u017eiku budou k dispozici.<\/p>\n<h2>Rozd\u011blen\u00ed v\u00fdher v sout\u011b\u017ei Euromiliony<\/h2>\n<p>V t\u00e9to tabulce jsou uvedeny v\u00fdhern\u00ed kombinace <strong>posledn\u00edho losov\u00e1n\u00ed Euromilion\u016f<\/strong> a rozd\u011blen\u00ed v\u00fdher odpov\u00eddaj\u00edc\u00ed ka\u017ed\u00e9 ze 13 kategori\u00ed.<\/p>\n<p>Tabulka n\u00e1m ukazuje kombinace \u010d\u00edsel a \u0161\u0165astn\u00fdch hv\u011bzd, kter\u00e9 je t\u0159eba spr\u00e1vn\u011b uhodnout pro z\u00edsk\u00e1n\u00ed hlavn\u00ed ceny a ostatn\u00edch kategori\u00ed, <strong>v\u00fdherce,<\/strong> kte\u0159\u00ed byli v ka\u017ed\u00e9 z kategori\u00ed, a <strong>v\u00fdhru<\/strong> v eurech (\u20ac), kter\u00e1 odpov\u00edd\u00e1 ka\u017ed\u00e9mu v\u00fdherci.<\/p>\n<h2>Vyhr\u00e1v\u00e1te v sout\u011b\u017ei Euromiliony se dv\u011bma \u010d\u00edsly?<\/h2>\n<p>Ano, se 2 \u010d\u00edsly z\u00edsk\u00e1te v\u00fdhru nejni\u017e\u0161\u00ed kategorie. Celkem je k dispozici 13 v\u00fdhern\u00edch kategori\u00ed.<\/p>\n<h2>P\u0159edchoz\u00ed v\u00fdsledky sout\u011b\u017ee Euromiliony<\/h2>\n<p>Na t\u00e9\u017ee str\u00e1nce m\u00e1me mo\u017enost nahl\u00e9dnout do v\u00fdsledk\u016f <strong>p\u0159edchoz\u00edch losov\u00e1n\u00ed Euromilion\u016f<\/strong> a prohl\u00e9dnout si nejen v\u00fdhern\u00ed kombinace, ale tak\u00e9 rozd\u011blen\u00ed jednotliv\u00fdch v\u00fdhern\u00edch \u00farovn\u00ed.<\/p>\n<p>V prav\u00e9 horn\u00ed \u010d\u00e1sti t\u00e9to str\u00e1nky se nach\u00e1z\u00ed funkce kalend\u00e1\u0159e. Pomoc\u00ed n\u00ed m\u016f\u017eeme p\u0159ech\u00e1zet na p\u0159edchoz\u00ed v\u00fdsledky jeden po druh\u00e9m nebo vybrat prost\u0159ednictv\u00edm seznamu konkr\u00e9tn\u00ed datum, kter\u00e9 chceme konzultovat.<\/p>\n<p>U ka\u017ed\u00e9ho data si m\u016f\u017eeme prohl\u00e9dnout v\u00fdhern\u00ed kombinaci, v\u00fdherce a ceny, kter\u00e9 ka\u017ed\u00fd z nich obdr\u017eel.<\/p>\n<h2>V\u011bt\u0161\u00ed v\u00fdhry a jackpoty v loterii Euromiliony<\/h2>\n<p><a href=\"https:\/\/lottohoy.com\/the-biggest-prizes-in-euromillions-history\/\"><strong>Jackpoty v loterii Euromillions<\/strong><\/a> jsou sv\u011btozn\u00e1m\u00e9. Minim\u00e1ln\u00ed garantovan\u00e1 v\u00fdhra pro nejlep\u0161\u00ed v\u00fdherce je 17 000 000 <strong>eur <\/strong>(17 milion\u016f eur). Poka\u017ed\u00e9, kdy\u017e n\u011bkdo vyhraje jackpot , za\u010d\u00edn\u00e1 se znovu.<\/p>\n<p>Pokud nen\u00ed \u017e\u00e1dn\u00fd v\u00fdherce prvn\u00ed kategorie, jackpot se v ka\u017ed\u00e9m losov\u00e1n\u00ed p\u0159eklop\u00ed a\u017e do maxim\u00e1ln\u00ed v\u00fd\u0161e <strong>190 000 000 eur<\/strong> (od<sup>1.<\/sup> \u00fanora 2020 bude tato \u010d\u00e1stka \u010dinit <strong>200 000 000 eur<\/strong>). Po dosa\u017een\u00ed t\u00e9to \u010d\u00e1stky bude jackpot ponech\u00e1n po dobu \u010dty\u0159 slosov\u00e1n\u00ed, a pokud v n\u011bkter\u00e9m z t\u011bchto slosov\u00e1n\u00ed nebude \u017e\u00e1dn\u00fd v\u00fdherce t\u00e9to kategorie, bude od n\u00e1sleduj\u00edc\u00edho slosov\u00e1n\u00ed v\u00fdhra rozd\u011blena s v\u00fdherci kategorie bezprost\u0159edn\u011b n\u00e1sleduj\u00edc\u00ed, tj. p\u011bt \u010d\u00edsel a hv\u011bzdi\u010dka.<\/p>\n<p>Dal\u0161\u00ed d\u016fle\u017eitou zm\u011bnou, kterou bude m\u00edt jackpot v Euromilionech od \u00fanora 2020, je, \u017ee jakmile bude v\u00fdhra <strong>200 milion\u016f<\/strong> p\u0159ed\u00e1na v\u00fdherci prvn\u00ed kategorie nebo \u017ee tato v\u00fdhra bude rozd\u011blena mezi v\u00fdherce n\u00e1sleduj\u00edc\u00ed kategorie, bude \u010d\u00e1stka na v\u00fdhru pro dal\u0161\u00ed slosov\u00e1n\u00ed nav\u00fd\u0161ena o <strong>10 000 000<\/strong> eur, tak\u017ee maxim\u00e1ln\u00ed mo\u017en\u00e1 v\u00fdhra, kter\u00e9 bude mo\u017en\u00e9 dos\u00e1hnout, bude <strong>210 00 000 eur<\/strong>. Hodnota jackpotu se zv\u00fd\u0161\u00ed o dal\u0161\u00edch <strong>10 000 000 \u20ac<\/strong>, aby bylo dosa\u017eeno maxim\u00e1ln\u00ed \u010d\u00e1stky <strong>250 000 000 \u20ac<\/strong>, kterou organizace pl\u00e1nuje jako nejv\u011bt\u0161\u00ed loterijn\u00ed jackpot v Evrop\u011b.<\/p>\n<p>Euromiliony jsou zn\u00e1m\u00e9 jako evropsk\u00fd milion\u00e1\u0159, proto\u017ee ka\u017ed\u00e9 \u00fater\u00fd a p\u00e1tek rozd\u00e1vaj\u00ed miliony eur.<\/p>\n<p>A nyn\u00ed se pokovov\u00e1n\u00ed online Euromillions stalo nejjednodu\u0161\u0161\u00edm zp\u016fsobem, jak dos\u00e1hnout okam\u017eit\u00e9 v\u00fdhry v\u00fdb\u011brem sv\u00fdch tip\u016f. Hr\u00e1\u010di z cel\u00e9ho sv\u011bta, ze \u0160v\u00e9dska, Finska, \u0160pan\u011blska, Kolumbie, Jihoafri\u010dan\u00e9 jsou schopni hr\u00e1t a vyhr\u00e1t dne\u0161n\u00ed losov\u00e1n\u00ed Euromillions.<\/p>\n","protected":false},"excerpt":{"rendered":"<p>Zkontrolujte v\u00fdsledky EuroMillions Chcete-li zkontrolovat euromillions, sta\u010d\u00ed porovnat \u010d\u00edsla kombinace uveden\u00e9 na va\u0161em tiketu s v\u00fdsledkem uveden\u00fdm na t\u00e9to str\u00e1nce. Pro \u00faplnou jistotu doporu\u010dujeme zkontrolovat tiket EuroMillions n\u011bkolikr\u00e1t, ne\u017e tiket nebo tikety vyhod\u00edte. M\u016f\u017eete si tak\u00e9 zkontrolovat dne\u0161n\u00ed nashrom\u00e1\u017ed\u011bn\u00e9 jackpoty, v\u00fdherce a rozd\u011blen\u00ed v\u00fdher v jednotliv\u00fdch kategori\u00edch a p\u0159edchoz\u00ed slosov\u00e1n\u00ed a\u017e 24 m\u011bs\u00edc\u016f zp\u011btn\u011b. V\u00fdhody [&hellip;]<\/p>\n","protected":false},"author":2,"featured_media":0,"parent":16887,"menu_order":3,"comment_status":"closed","ping_status":"closed","template":"euromillions-results.php","meta":{"_et_pb_use_builder":"","_et_pb_old_content":"","_et_gb_content_width":"","exclude_from_search":false,"footnotes":""},"class_list":["post-16928","page","type-page","status-publish","hentry"],"yoast_head":"<!-- This site is optimized with the Yoast SEO plugin v23.7 - https:\/\/yoast.com\/wordpress\/plugins\/seo\/ -->\n<title>V\u00fdsledky sout\u011b\u017ee Euromillions \u25b7 Seznam v\u00fdher v sout\u011b\u017ei Euromillions<\/title>\n<meta name=\"description\" content=\"Zjist\u011bte, zda jste v\u00fdhercem posledn\u00edho jackpotu v loterii Euromillions. Z\u00edskejte sv\u016fj tiket online nyn\u00ed v na\u0161\u00ed bezpe\u010dn\u00e9 a rychl\u00e9 platform\u011b.\" \/>\n<meta name=\"robots\" content=\"index, follow, max-snippet:-1, max-image-preview:large, max-video-preview:-1\" \/>\n<link rel=\"canonical\" href=\"https:\/\/lottohoy.com\/cs\/vysledky-loterie\/vysledky-euromillions\/\" \/>\n<meta property=\"og:locale\" content=\"cs_CZ\" \/>\n<meta property=\"og:type\" content=\"article\" \/>\n<meta property=\"og:title\" content=\"V\u00fdsledky sout\u011b\u017ee Euromillions \u25b7 Seznam v\u00fdher v sout\u011b\u017ei Euromillions\" \/>\n<meta property=\"og:description\" content=\"Zjist\u011bte, zda jste v\u00fdhercem posledn\u00edho jackpotu v loterii Euromillions. Z\u00edskejte sv\u016fj tiket online nyn\u00ed v na\u0161\u00ed bezpe\u010dn\u00e9 a rychl\u00e9 platform\u011b.\" \/>\n<meta property=\"og:url\" content=\"https:\/\/lottohoy.com\/cs\/vysledky-loterie\/vysledky-euromillions\/\" \/>\n<meta property=\"og:site_name\" content=\"Lottohoy\" \/>\n<meta name=\"twitter:card\" content=\"summary_large_image\" \/>\n<meta name=\"twitter:label1\" content=\"Odhadovan\u00e1 doba \u010dten\u00ed\" \/>\n\t<meta name=\"twitter:data1\" content=\"3 minuty\" \/>\n<script type=\"application\/ld+json\" class=\"yoast-schema-graph\">{\"@context\":\"https:\/\/schema.org\",\"@graph\":[{\"@type\":\"WebPage\",\"@id\":\"https:\/\/lottohoy.com\/cs\/vysledky-loterie\/vysledky-euromillions\/\",\"url\":\"https:\/\/lottohoy.com\/cs\/vysledky-loterie\/vysledky-euromillions\/\",\"name\":\"V\u00fdsledky sout\u011b\u017ee Euromillions \u25b7 Seznam v\u00fdher v sout\u011b\u017ei Euromillions\",\"isPartOf\":{\"@id\":\"https:\/\/lottohoy.com\/cs\/#website\"},\"datePublished\":\"2018-05-03T13:23:37+00:00\",\"dateModified\":\"2018-05-03T13:23:37+00:00\",\"description\":\"Zjist\u011bte, zda jste v\u00fdhercem posledn\u00edho jackpotu v loterii Euromillions. Z\u00edskejte sv\u016fj tiket online nyn\u00ed v na\u0161\u00ed bezpe\u010dn\u00e9 a rychl\u00e9 platform\u011b.\",\"breadcrumb\":{\"@id\":\"https:\/\/lottohoy.com\/cs\/vysledky-loterie\/vysledky-euromillions\/#breadcrumb\"},\"inLanguage\":\"cs\",\"potentialAction\":[{\"@type\":\"ReadAction\",\"target\":[\"https:\/\/lottohoy.com\/cs\/vysledky-loterie\/vysledky-euromillions\/\"]}]},{\"@type\":\"BreadcrumbList\",\"@id\":\"https:\/\/lottohoy.com\/cs\/vysledky-loterie\/vysledky-euromillions\/#breadcrumb\",\"itemListElement\":[{\"@type\":\"ListItem\",\"position\":1,\"name\":\"Home\",\"item\":\"https:\/\/lottohoy.com\/cs\/\"},{\"@type\":\"ListItem\",\"position\":2,\"name\":\"V\u00fdsledky loterie\",\"item\":\"https:\/\/lottohoy.com\/cs\/vysledky-loterie\/\"},{\"@type\":\"ListItem\",\"position\":3,\"name\":\"V\u00fdsledky EuroMillions\"}]},{\"@type\":\"WebSite\",\"@id\":\"https:\/\/lottohoy.com\/cs\/#website\",\"url\":\"https:\/\/lottohoy.com\/cs\/\",\"name\":\"Lottohoy\",\"description\":\"\",\"potentialAction\":[{\"@type\":\"SearchAction\",\"target\":{\"@type\":\"EntryPoint\",\"urlTemplate\":\"https:\/\/lottohoy.com\/cs\/?s={search_term_string}\"},\"query-input\":{\"@type\":\"PropertyValueSpecification\",\"valueRequired\":true,\"valueName\":\"search_term_string\"}}],\"inLanguage\":\"cs\"}]}<\/script>\n<!-- \/ Yoast SEO plugin. -->","yoast_head_json":{"title":"V\u00fdsledky sout\u011b\u017ee Euromillions \u25b7 Seznam v\u00fdher v sout\u011b\u017ei Euromillions","description":"Zjist\u011bte, zda jste v\u00fdhercem posledn\u00edho jackpotu v loterii Euromillions. Z\u00edskejte sv\u016fj tiket online nyn\u00ed v na\u0161\u00ed bezpe\u010dn\u00e9 a rychl\u00e9 platform\u011b.","robots":{"index":"index","follow":"follow","max-snippet":"max-snippet:-1","max-image-preview":"max-image-preview:large","max-video-preview":"max-video-preview:-1"},"canonical":"https:\/\/lottohoy.com\/cs\/vysledky-loterie\/vysledky-euromillions\/","og_locale":"cs_CZ","og_type":"article","og_title":"V\u00fdsledky sout\u011b\u017ee Euromillions \u25b7 Seznam v\u00fdher v sout\u011b\u017ei Euromillions","og_description":"Zjist\u011bte, zda jste v\u00fdhercem posledn\u00edho jackpotu v loterii Euromillions. Z\u00edskejte sv\u016fj tiket online nyn\u00ed v na\u0161\u00ed bezpe\u010dn\u00e9 a rychl\u00e9 platform\u011b.","og_url":"https:\/\/lottohoy.com\/cs\/vysledky-loterie\/vysledky-euromillions\/","og_site_name":"Lottohoy","twitter_card":"summary_large_image","twitter_misc":{"Odhadovan\u00e1 doba \u010dten\u00ed":"3 minuty"},"schema":{"@context":"https:\/\/schema.org","@graph":[{"@type":"WebPage","@id":"https:\/\/lottohoy.com\/cs\/vysledky-loterie\/vysledky-euromillions\/","url":"https:\/\/lottohoy.com\/cs\/vysledky-loterie\/vysledky-euromillions\/","name":"V\u00fdsledky sout\u011b\u017ee Euromillions \u25b7 Seznam v\u00fdher v sout\u011b\u017ei Euromillions","isPartOf":{"@id":"https:\/\/lottohoy.com\/cs\/#website"},"datePublished":"2018-05-03T13:23:37+00:00","dateModified":"2018-05-03T13:23:37+00:00","description":"Zjist\u011bte, zda jste v\u00fdhercem posledn\u00edho jackpotu v loterii Euromillions. Z\u00edskejte sv\u016fj tiket online nyn\u00ed v na\u0161\u00ed bezpe\u010dn\u00e9 a rychl\u00e9 platform\u011b.","breadcrumb":{"@id":"https:\/\/lottohoy.com\/cs\/vysledky-loterie\/vysledky-euromillions\/#breadcrumb"},"inLanguage":"cs","potentialAction":[{"@type":"ReadAction","target":["https:\/\/lottohoy.com\/cs\/vysledky-loterie\/vysledky-euromillions\/"]}]},{"@type":"BreadcrumbList","@id":"https:\/\/lottohoy.com\/cs\/vysledky-loterie\/vysledky-euromillions\/#breadcrumb","itemListElement":[{"@type":"ListItem","position":1,"name":"Home","item":"https:\/\/lottohoy.com\/cs\/"},{"@type":"ListItem","position":2,"name":"V\u00fdsledky loterie","item":"https:\/\/lottohoy.com\/cs\/vysledky-loterie\/"},{"@type":"ListItem","position":3,"name":"V\u00fdsledky EuroMillions"}]},{"@type":"WebSite","@id":"https:\/\/lottohoy.com\/cs\/#website","url":"https:\/\/lottohoy.com\/cs\/","name":"Lottohoy","description":"","potentialAction":[{"@type":"SearchAction","target":{"@type":"EntryPoint","urlTemplate":"https:\/\/lottohoy.com\/cs\/?s={search_term_string}"},"query-input":{"@type":"PropertyValueSpecification","valueRequired":true,"valueName":"search_term_string"}}],"inLanguage":"cs"}]}},"_links":{"self":[{"href":"https:\/\/lottohoy.com\/cs\/wp-json\/wp\/v2\/pages\/16928","targetHints":{"allow":["GET"]}}],"collection":[{"href":"https:\/\/lottohoy.com\/cs\/wp-json\/wp\/v2\/pages"}],"about":[{"href":"https:\/\/lottohoy.com\/cs\/wp-json\/wp\/v2\/types\/page"}],"author":[{"embeddable":true,"href":"https:\/\/lottohoy.com\/cs\/wp-json\/wp\/v2\/users\/2"}],"replies":[{"embeddable":true,"href":"https:\/\/lottohoy.com\/cs\/wp-json\/wp\/v2\/comments?post=16928"}],"version-history":[{"count":0,"href":"https:\/\/lottohoy.com\/cs\/wp-json\/wp\/v2\/pages\/16928\/revisions"}],"up":[{"embeddable":true,"href":"https:\/\/lottohoy.com\/cs\/wp-json\/wp\/v2\/pages\/16887"}],"wp:attachment":[{"href":"https:\/\/lottohoy.com\/cs\/wp-json\/wp\/v2\/media?parent=16928"}],"curies":[{"name":"wp","href":"https:\/\/api.w.org\/{rel}","templated":true}]}}