{"id":16914,"date":"2018-05-03T14:23:38","date_gmt":"2018-05-03T13:23:38","guid":{"rendered":"https:\/\/lottohoy.com\/vysledky-loterie\/vysledky-souteze-mega-millions\/"},"modified":"2025-05-27T18:34:41","modified_gmt":"2025-05-27T17:34:41","slug":"vysledky-souteze-mega-millions","status":"publish","type":"page","link":"https:\/\/lottohoy.com\/cs\/vysledky-loterie\/vysledky-souteze-mega-millions\/","title":{"rendered":"V\u00fdsledky sout\u011b\u017ee Mega Millions"},"content":{"rendered":"<h1 data-start=\"121\" data-end=\"155\"><strong data-start=\"123\" data-end=\"155\">Dne\u0161n\u00ed v\u00fdsledky MegaMillions<\/strong><\/h1>\n<p data-start=\"157\" data-end=\"388\">Zde si m\u016f\u017eete ov\u011b\u0159it nejnov\u011bj\u0161\u00ed a aktu\u00e1ln\u00ed v\u00fdsledky losov\u00e1n\u00ed loterie <strong data-start=\"226\" data-end=\"242\">MegaMillions<\/strong>. Pokud se shoduj\u00ed s kombinac\u00ed, kterou jste si vybrali \u2013 gratulujeme! M\u016f\u017eete vyhr\u00e1t p\u011bknou \u010d\u00e1stku, nebo se dokonce st\u00e1t nov\u00fdm multimilion\u00e1\u0159em.<\/p>\n<p data-start=\"390\" data-end=\"535\">Tak\u00e9 si m\u016f\u017eete prohl\u00e9dnout v\u00fdsledky p\u0159edchoz\u00edch slosov\u00e1n\u00ed v archivu, abyste mohli napl\u00e1novat svou strategii a hr\u00e1t sv\u00e9 <a href=\"https:\/\/lottohoy.com\/cs\/hrat\/zahrajte-si-mega-millions\/\">tikety <strong data-start=\"518\" data-end=\"534\">MegaMillions<\/strong><\/a>.<\/p>\n<h2 data-start=\"542\" data-end=\"578\"><strong data-start=\"545\" data-end=\"578\">V\u0161echny v\u00fdsledky MegaMillions<\/strong><\/h2>\n<p data-start=\"580\" data-end=\"700\">Na t\u00e9to str\u00e1nce si m\u016f\u017eete ov\u011b\u0159it v\u0161echny v\u00fdsledky p\u0159edchoz\u00edch slosov\u00e1n\u00ed a rozd\u011blen\u00ed v\u00fdher v loterii <strong data-start=\"682\" data-end=\"699\">MEGA MILLIONS<\/strong>.<\/p>\n<p data-start=\"702\" data-end=\"887\">Pokud p\u0159ejdete do prav\u00e9ho horn\u00edho rohu str\u00e1nky, uvid\u00edte n\u00e1stroj <strong data-start=\"768\" data-end=\"781\">kalend\u00e1\u0159e<\/strong>, kter\u00fd jsme vytvo\u0159ili, abyste si mohli vybrat datum, kter\u00e9 chcete ov\u011b\u0159it \u2014 v\u010detn\u011b speci\u00e1ln\u00edch losov\u00e1n\u00ed.<\/p>\n<p data-start=\"938\" data-end=\"1124\"><strong data-start=\"938\" data-end=\"953\">\u0160ipka vlevo<\/strong> v\u00e1m umo\u017en\u00ed p\u0159\u00edstup k bezprost\u0159edn\u011b p\u0159edchoz\u00edmu losov\u00e1n\u00ed, a <strong data-start=\"1015\" data-end=\"1047\">st\u0159edov\u00e9 pole se \u0161ipkou dol\u016f<\/strong> otev\u0159e rozbalovac\u00ed nab\u00eddku se v\u0161emi daty losov\u00e1n\u00ed za posledn\u00edch 20 m\u011bs\u00edc\u016f.<\/p>\n<p data-start=\"1126\" data-end=\"1319\">Pokud se chcete st\u00e1t jedn\u00edm z dal\u0161\u00edch v\u00edt\u011bz\u016f t\u011bchto <a href=\"https:\/\/lottohoy.com\/cs\/loterijni-jackpoty\/\">obrovsk\u00fdch jackpot\u016f<\/a>, <a href=\"https:\/\/lottohoy.com\/cs\/registrace\/\"><strong data-start=\"1201\" data-end=\"1238\">zaregistrujte se nyn\u00ed na LottoHoy<\/strong><\/a> a vyberte si sv\u00e1 obl\u00edben\u00e1 \u010d\u00edsla. <strong data-start=\"1274\" data-end=\"1319\">Hrajte Mega Millions! Na co je\u0161t\u011b \u010dek\u00e1te?<\/strong><\/p>\n","protected":false},"excerpt":{"rendered":"<p>Dne\u0161n\u00ed v\u00fdsledky MegaMillions Zde si m\u016f\u017eete ov\u011b\u0159it nejnov\u011bj\u0161\u00ed a aktu\u00e1ln\u00ed v\u00fdsledky losov\u00e1n\u00ed loterie MegaMillions. Pokud se shoduj\u00ed s kombinac\u00ed, kterou jste si vybrali \u2013 gratulujeme! M\u016f\u017eete vyhr\u00e1t p\u011bknou \u010d\u00e1stku, nebo se dokonce st\u00e1t nov\u00fdm multimilion\u00e1\u0159em. Tak\u00e9 si m\u016f\u017eete prohl\u00e9dnout v\u00fdsledky p\u0159edchoz\u00edch slosov\u00e1n\u00ed v archivu, abyste mohli napl\u00e1novat svou strategii a hr\u00e1t sv\u00e9 tikety MegaMillions. V\u0161echny [&hellip;]<\/p>\n","protected":false},"author":2,"featured_media":0,"parent":16887,"menu_order":2,"comment_status":"closed","ping_status":"closed","template":"megamillion-results.php","meta":{"_et_pb_use_builder":"","_et_pb_old_content":"","_et_gb_content_width":"","exclude_from_search":false,"footnotes":""},"class_list":["post-16914","page","type-page","status-publish","hentry"],"yoast_head":"<!-- This site is optimized with the Yoast SEO plugin v23.7 - https:\/\/yoast.com\/wordpress\/plugins\/seo\/ -->\n<title>V\u00fdsledky Mega Millions - LottoHoy<\/title>\n<meta name=\"description\" content=\"Pod\u00edvejte se na v\u00fdsledky loterie Mega Millions za posledn\u00ed 2 roky. Vytvo\u0159te si vlastn\u00ed strategii s nej\u010dast\u011bj\u0161\u00edmi \u010d\u00edsly a vyhrajte velk\u00e9 \u010d\u00e1stky!\" \/>\n<meta name=\"robots\" content=\"index, follow, max-snippet:-1, max-image-preview:large, max-video-preview:-1\" \/>\n<link rel=\"canonical\" href=\"https:\/\/lottohoy.com\/cs\/vysledky-loterie\/vysledky-souteze-mega-millions\/\" \/>\n<meta property=\"og:locale\" content=\"cs_CZ\" \/>\n<meta property=\"og:type\" content=\"article\" \/>\n<meta property=\"og:title\" content=\"V\u00fdsledky Mega Millions - LottoHoy\" \/>\n<meta property=\"og:description\" content=\"Pod\u00edvejte se na v\u00fdsledky loterie Mega Millions za posledn\u00ed 2 roky. Vytvo\u0159te si vlastn\u00ed strategii s nej\u010dast\u011bj\u0161\u00edmi \u010d\u00edsly a vyhrajte velk\u00e9 \u010d\u00e1stky!\" \/>\n<meta property=\"og:url\" content=\"https:\/\/lottohoy.com\/cs\/vysledky-loterie\/vysledky-souteze-mega-millions\/\" \/>\n<meta property=\"og:site_name\" content=\"Lottohoy\" \/>\n<meta property=\"article:modified_time\" content=\"2025-05-27T17:34:41+00:00\" \/>\n<meta name=\"twitter:card\" content=\"summary_large_image\" \/>\n<meta name=\"twitter:label1\" content=\"Odhadovan\u00e1 doba \u010dten\u00ed\" \/>\n\t<meta name=\"twitter:data1\" content=\"1 minuta\" \/>\n<script type=\"application\/ld+json\" class=\"yoast-schema-graph\">{\"@context\":\"https:\/\/schema.org\",\"@graph\":[{\"@type\":\"WebPage\",\"@id\":\"https:\/\/lottohoy.com\/cs\/vysledky-loterie\/vysledky-souteze-mega-millions\/\",\"url\":\"https:\/\/lottohoy.com\/cs\/vysledky-loterie\/vysledky-souteze-mega-millions\/\",\"name\":\"V\u00fdsledky Mega Millions - LottoHoy\",\"isPartOf\":{\"@id\":\"https:\/\/lottohoy.com\/cs\/#website\"},\"datePublished\":\"2018-05-03T13:23:38+00:00\",\"dateModified\":\"2025-05-27T17:34:41+00:00\",\"description\":\"Pod\u00edvejte se na v\u00fdsledky loterie Mega Millions za posledn\u00ed 2 roky. Vytvo\u0159te si vlastn\u00ed strategii s nej\u010dast\u011bj\u0161\u00edmi \u010d\u00edsly a vyhrajte velk\u00e9 \u010d\u00e1stky!\",\"breadcrumb\":{\"@id\":\"https:\/\/lottohoy.com\/cs\/vysledky-loterie\/vysledky-souteze-mega-millions\/#breadcrumb\"},\"inLanguage\":\"cs\",\"potentialAction\":[{\"@type\":\"ReadAction\",\"target\":[\"https:\/\/lottohoy.com\/cs\/vysledky-loterie\/vysledky-souteze-mega-millions\/\"]}]},{\"@type\":\"BreadcrumbList\",\"@id\":\"https:\/\/lottohoy.com\/cs\/vysledky-loterie\/vysledky-souteze-mega-millions\/#breadcrumb\",\"itemListElement\":[{\"@type\":\"ListItem\",\"position\":1,\"name\":\"Home\",\"item\":\"https:\/\/lottohoy.com\/cs\/\"},{\"@type\":\"ListItem\",\"position\":2,\"name\":\"V\u00fdsledky loterie\",\"item\":\"https:\/\/lottohoy.com\/cs\/vysledky-loterie\/\"},{\"@type\":\"ListItem\",\"position\":3,\"name\":\"V\u00fdsledky sout\u011b\u017ee Mega Millions\"}]},{\"@type\":\"WebSite\",\"@id\":\"https:\/\/lottohoy.com\/cs\/#website\",\"url\":\"https:\/\/lottohoy.com\/cs\/\",\"name\":\"Lottohoy\",\"description\":\"\",\"potentialAction\":[{\"@type\":\"SearchAction\",\"target\":{\"@type\":\"EntryPoint\",\"urlTemplate\":\"https:\/\/lottohoy.com\/cs\/?s={search_term_string}\"},\"query-input\":{\"@type\":\"PropertyValueSpecification\",\"valueRequired\":true,\"valueName\":\"search_term_string\"}}],\"inLanguage\":\"cs\"}]}<\/script>\n<!-- \/ Yoast SEO plugin. -->","yoast_head_json":{"title":"V\u00fdsledky Mega Millions - LottoHoy","description":"Pod\u00edvejte se na v\u00fdsledky loterie Mega Millions za posledn\u00ed 2 roky. Vytvo\u0159te si vlastn\u00ed strategii s nej\u010dast\u011bj\u0161\u00edmi \u010d\u00edsly a vyhrajte velk\u00e9 \u010d\u00e1stky!","robots":{"index":"index","follow":"follow","max-snippet":"max-snippet:-1","max-image-preview":"max-image-preview:large","max-video-preview":"max-video-preview:-1"},"canonical":"https:\/\/lottohoy.com\/cs\/vysledky-loterie\/vysledky-souteze-mega-millions\/","og_locale":"cs_CZ","og_type":"article","og_title":"V\u00fdsledky Mega Millions - LottoHoy","og_description":"Pod\u00edvejte se na v\u00fdsledky loterie Mega Millions za posledn\u00ed 2 roky. Vytvo\u0159te si vlastn\u00ed strategii s nej\u010dast\u011bj\u0161\u00edmi \u010d\u00edsly a vyhrajte velk\u00e9 \u010d\u00e1stky!","og_url":"https:\/\/lottohoy.com\/cs\/vysledky-loterie\/vysledky-souteze-mega-millions\/","og_site_name":"Lottohoy","article_modified_time":"2025-05-27T17:34:41+00:00","twitter_card":"summary_large_image","twitter_misc":{"Odhadovan\u00e1 doba \u010dten\u00ed":"1 minuta"},"schema":{"@context":"https:\/\/schema.org","@graph":[{"@type":"WebPage","@id":"https:\/\/lottohoy.com\/cs\/vysledky-loterie\/vysledky-souteze-mega-millions\/","url":"https:\/\/lottohoy.com\/cs\/vysledky-loterie\/vysledky-souteze-mega-millions\/","name":"V\u00fdsledky Mega Millions - LottoHoy","isPartOf":{"@id":"https:\/\/lottohoy.com\/cs\/#website"},"datePublished":"2018-05-03T13:23:38+00:00","dateModified":"2025-05-27T17:34:41+00:00","description":"Pod\u00edvejte se na v\u00fdsledky loterie Mega Millions za posledn\u00ed 2 roky. Vytvo\u0159te si vlastn\u00ed strategii s nej\u010dast\u011bj\u0161\u00edmi \u010d\u00edsly a vyhrajte velk\u00e9 \u010d\u00e1stky!","breadcrumb":{"@id":"https:\/\/lottohoy.com\/cs\/vysledky-loterie\/vysledky-souteze-mega-millions\/#breadcrumb"},"inLanguage":"cs","potentialAction":[{"@type":"ReadAction","target":["https:\/\/lottohoy.com\/cs\/vysledky-loterie\/vysledky-souteze-mega-millions\/"]}]},{"@type":"BreadcrumbList","@id":"https:\/\/lottohoy.com\/cs\/vysledky-loterie\/vysledky-souteze-mega-millions\/#breadcrumb","itemListElement":[{"@type":"ListItem","position":1,"name":"Home","item":"https:\/\/lottohoy.com\/cs\/"},{"@type":"ListItem","position":2,"name":"V\u00fdsledky loterie","item":"https:\/\/lottohoy.com\/cs\/vysledky-loterie\/"},{"@type":"ListItem","position":3,"name":"V\u00fdsledky sout\u011b\u017ee Mega Millions"}]},{"@type":"WebSite","@id":"https:\/\/lottohoy.com\/cs\/#website","url":"https:\/\/lottohoy.com\/cs\/","name":"Lottohoy","description":"","potentialAction":[{"@type":"SearchAction","target":{"@type":"EntryPoint","urlTemplate":"https:\/\/lottohoy.com\/cs\/?s={search_term_string}"},"query-input":{"@type":"PropertyValueSpecification","valueRequired":true,"valueName":"search_term_string"}}],"inLanguage":"cs"}]}},"_links":{"self":[{"href":"https:\/\/lottohoy.com\/cs\/wp-json\/wp\/v2\/pages\/16914","targetHints":{"allow":["GET"]}}],"collection":[{"href":"https:\/\/lottohoy.com\/cs\/wp-json\/wp\/v2\/pages"}],"about":[{"href":"https:\/\/lottohoy.com\/cs\/wp-json\/wp\/v2\/types\/page"}],"author":[{"embeddable":true,"href":"https:\/\/lottohoy.com\/cs\/wp-json\/wp\/v2\/users\/2"}],"replies":[{"embeddable":true,"href":"https:\/\/lottohoy.com\/cs\/wp-json\/wp\/v2\/comments?post=16914"}],"version-history":[{"count":2,"href":"https:\/\/lottohoy.com\/cs\/wp-json\/wp\/v2\/pages\/16914\/revisions"}],"predecessor-version":[{"id":19950,"href":"https:\/\/lottohoy.com\/cs\/wp-json\/wp\/v2\/pages\/16914\/revisions\/19950"}],"up":[{"embeddable":true,"href":"https:\/\/lottohoy.com\/cs\/wp-json\/wp\/v2\/pages\/16887"}],"wp:attachment":[{"href":"https:\/\/lottohoy.com\/cs\/wp-json\/wp\/v2\/media?parent=16914"}],"curies":[{"name":"wp","href":"https:\/\/api.w.org\/{rel}","templated":true}]}}