{"id":16898,"date":"2018-05-03T14:23:39","date_gmt":"2018-05-03T13:23:39","guid":{"rendered":"https:\/\/lottohoy.com\/vysledky-loterie\/powerball-vysledky\/"},"modified":"2018-05-03T14:23:39","modified_gmt":"2018-05-03T13:23:39","slug":"powerball-vysledky","status":"publish","type":"page","link":"https:\/\/lottohoy.com\/cs\/vysledky-loterie\/powerball-vysledky\/","title":{"rendered":"Powerball V\u00fdsledky"},"content":{"rendered":"<h2><strong>Powerball lotto v\u00fdsledky<\/strong><\/h2>\n<p>V p\u0159edchoz\u00ed tabulce najdete <strong>v\u00fdhern\u00ed \u010d\u00edsla<\/strong> v posledn\u00ed loterii Powerball a tak\u00e9 ceny rozd\u011blen\u00e9 v jednotliv\u00fdch kategori\u00edch a po\u010det v\u00fdherc\u016f.<\/p>\n<p>Tato tabulka se automaticky aktualizuje po ka\u017ed\u00e9m losov\u00e1n\u00ed, tak\u017ee ji m\u016f\u017eete zkontrolovat, kdykoli pot\u0159ebujete m\u00edt p\u0159ehled o nejnov\u011bj\u0161\u00edch v\u00fdsledc\u00edch, a pokud vyhrajete, m\u016f\u017eete <a href=\"https:\/\/lottohoy.com\/play\/powerball\/\"><b>si Powerball zahr\u00e1t<\/b><\/a> znovu <strong>zdarma<\/strong>.<\/p>\n<h2><strong>P\u0159edchoz\u00ed losov\u00e1n\u00ed hry Powerball<\/strong><\/h2>\n<p>Na t\u00e9to str\u00e1nce si m\u016f\u017eete prohl\u00e9dnout <strong>posledn\u00ed v\u00fdhern\u00ed kombinaci<\/strong> a rozd\u011blen\u00ed v\u00fdher v dev\u00edti kategori\u00edch. Stejn\u011b tak si m\u016f\u017eete prohl\u00e9dnout \u0161ipky, kter\u00e9 v\u00e1m umo\u017en\u00ed zobrazit <strong>v\u00fdsledky p\u0159edchoz\u00edch losov\u00e1n\u00ed<\/strong>.<\/p>\n<p>Pomoc\u00ed t\u00e9to funkce kalend\u00e1\u0159e si m\u016f\u017eeme prohl\u00e9dnout historii v\u00fdsledk\u016f Powerball kliknut\u00edm na \u0161ipku vlevo . Pokud m\u00edsto toho d\u00e1v\u00e1te p\u0159ednost v\u00fdb\u011bru konkr\u00e9tn\u00edho data losov\u00e1n\u00ed, m\u016f\u017eete kliknout na prost\u0159edn\u00ed pole, kter\u00e9 v\u00e1m umo\u017en\u00ed otev\u0159\u00edt rozbalovac\u00ed nab\u00eddku s losov\u00e1n\u00edmi za posledn\u00ed dva roky.<\/p>\n<h3><strong>Nej\u010dast\u011bj\u0161\u00ed a nejm\u00e9n\u011b \u010dast\u00e1 \u010d\u00edsla ve h\u0159e Powerball<\/strong><\/h3>\n<p>Nej\u010dast\u011bji ta\u017een\u00e1 \u010d\u00edsla ve v\u00fdhern\u00ed kombinaci byla: <strong>8, 26, 22, 23 a 36<\/strong> u b\u00edl\u00fdch m\u00ed\u010dk\u016f prvn\u00ed tabulky 69. \u010c\u00edsla <strong>9, 6, 21, 24 a 19<\/strong> \u010derven\u00fdch m\u00ed\u010dk\u016f ve spodn\u00ed tabulce 26 \u010d\u00edsel.<\/p>\n<p>Pou\u017eit\u00edm t\u011bchto \u010d\u00edsel m\u016f\u017eete zv\u00fd\u0161it sv\u00e9 celkov\u00e9 \u0161ance na v\u00fdhru v konkr\u00e9tn\u00edm tahu.<\/p>\n<p>Naopak \u010d\u00edsla, kter\u00e1 se objevovala m\u00e9n\u011b \u010dasto: <strong>15, 51, 37, 47, 12, 4 a 24<\/strong> z b\u00edl\u00fdch m\u00ed\u010dk\u016f v prvn\u00ed tabulce 69 \u010d\u00edsel. A <strong>14, 23, 1, 2 a 16<\/strong> \u010derven\u00fdch m\u00ed\u010dk\u016f Powerballu ve spodn\u00edm poli 26.<\/p>\n<h2><strong>Nejv\u011bt\u0161\u00ed jackpoty ve h\u0159e Powerball<\/strong><\/h2>\n<p>Powerball pravd\u011bpodobn\u011b rozd\u011bluje <a href=\"https:\/\/lottohoy.com\/the-biggest-jackpot-in-the-history-of-powerball\/\"><b>nejv\u011bt\u0161\u00ed loterijn\u00ed v\u00fdhry<\/b><\/a> na sv\u011bt\u011b, proto\u017ee v\u017edy za\u010d\u00edn\u00e1 od po\u010d\u00e1te\u010dn\u00edho minim\u00e1ln\u00edho jackpotu ve v\u00fd\u0161i <strong> 40 000 000 USD<\/strong> (jackpot mnohem vy\u0161\u0161\u00ed ne\u017e u ostatn\u00edch loteri\u00ed), kter\u00fd se v p\u0159\u00edpad\u011b nev\u00fdherce zvy\u0161uje. Nav\u00edc se p\u0159evaluje bez mno\u017estevn\u00edho omezen\u00ed.<\/p>\n<p>Nejvy\u0161\u0161\u00ed dosavadn\u00ed v\u00fdhra v loterii Powerball \u010dinila n\u011bco m\u00e1lo p\u0159es <strong><del>1 500 milion\u016f dolar\u016f<\/del><\/strong><del>, kter\u00e9 si rozd\u011blili t\u0159i jedine\u010dn\u00ed v\u00fdherci<\/del>.<strong>v listopadu 2022 tuto \u010d\u00e1stku p\u0159ekonala a zanechala za sebou celoro\u010dn\u00ed rekord ve v\u00fd\u0161i 2,04 miliardy dolar\u016f.<\/strong><\/p>\n<p>Pokud v\u00e1m padne p\u011bt spr\u00e1vn\u00fdch \u010d\u00edsel plus \u010d\u00edslo Pwerball a odnesete si avizovan\u00fd jackpot, budete m\u00edt dv\u011b mo\u017enosti: Vezm\u011bte si pen\u011b\u017en\u00ed hodnotu nebo stanoven\u00e9 ro\u010dn\u00ed v\u00fdplaty.<\/p>\n","protected":false},"excerpt":{"rendered":"<p>Powerball lotto v\u00fdsledky V p\u0159edchoz\u00ed tabulce najdete v\u00fdhern\u00ed \u010d\u00edsla v posledn\u00ed loterii Powerball a tak\u00e9 ceny rozd\u011blen\u00e9 v jednotliv\u00fdch kategori\u00edch a po\u010det v\u00fdherc\u016f. Tato tabulka se automaticky aktualizuje po ka\u017ed\u00e9m losov\u00e1n\u00ed, tak\u017ee ji m\u016f\u017eete zkontrolovat, kdykoli pot\u0159ebujete m\u00edt p\u0159ehled o nejnov\u011bj\u0161\u00edch v\u00fdsledc\u00edch, a pokud vyhrajete, m\u016f\u017eete si Powerball zahr\u00e1t znovu zdarma. P\u0159edchoz\u00ed losov\u00e1n\u00ed hry Powerball [&hellip;]<\/p>\n","protected":false},"author":2,"featured_media":0,"parent":16887,"menu_order":1,"comment_status":"closed","ping_status":"closed","template":"powerball-usa-results.php","meta":{"_et_pb_use_builder":"","_et_pb_old_content":"","_et_gb_content_width":"","exclude_from_search":false,"footnotes":""},"class_list":["post-16898","page","type-page","status-publish","hentry"],"yoast_head":"<!-- This site is optimized with the Yoast SEO plugin v23.7 - https:\/\/yoast.com\/wordpress\/plugins\/seo\/ -->\n<title>V\u00fdsledky Powerball - nejnov\u011bj\u0161\u00ed v\u00fdhern\u00ed \u010d\u00edsla \u2713<\/title>\n<meta name=\"description\" content=\"Pod\u00edvejte se na v\u00fdsledky v\u0161ech loteri\u00ed Powerball a tak\u00e9 na ceny v jednotliv\u00fdch kategori\u00edch nebo po\u010det v\u00fdherc\u016f. Po\u0159i\u010fte si tiket na p\u0159\u00ed\u0161t\u00ed losov\u00e1n\u00ed Powerball hned te\u010f!\" \/>\n<meta name=\"robots\" content=\"index, follow, max-snippet:-1, max-image-preview:large, max-video-preview:-1\" \/>\n<link rel=\"canonical\" href=\"https:\/\/lottohoy.com\/cs\/vysledky-loterie\/powerball-vysledky\/\" \/>\n<meta property=\"og:locale\" content=\"cs_CZ\" \/>\n<meta property=\"og:type\" content=\"article\" \/>\n<meta property=\"og:title\" content=\"V\u00fdsledky Powerball - nejnov\u011bj\u0161\u00ed v\u00fdhern\u00ed \u010d\u00edsla \u2713\" \/>\n<meta property=\"og:description\" content=\"Pod\u00edvejte se na v\u00fdsledky v\u0161ech loteri\u00ed Powerball a tak\u00e9 na ceny v jednotliv\u00fdch kategori\u00edch nebo po\u010det v\u00fdherc\u016f. Po\u0159i\u010fte si tiket na p\u0159\u00ed\u0161t\u00ed losov\u00e1n\u00ed Powerball hned te\u010f!\" \/>\n<meta property=\"og:url\" content=\"https:\/\/lottohoy.com\/cs\/vysledky-loterie\/powerball-vysledky\/\" \/>\n<meta property=\"og:site_name\" content=\"Lottohoy\" \/>\n<meta name=\"twitter:card\" content=\"summary_large_image\" \/>\n<meta name=\"twitter:label1\" content=\"Odhadovan\u00e1 doba \u010dten\u00ed\" \/>\n\t<meta name=\"twitter:data1\" content=\"2 minuty\" \/>\n<script type=\"application\/ld+json\" class=\"yoast-schema-graph\">{\"@context\":\"https:\/\/schema.org\",\"@graph\":[{\"@type\":\"WebPage\",\"@id\":\"https:\/\/lottohoy.com\/cs\/vysledky-loterie\/powerball-vysledky\/\",\"url\":\"https:\/\/lottohoy.com\/cs\/vysledky-loterie\/powerball-vysledky\/\",\"name\":\"V\u00fdsledky Powerball - nejnov\u011bj\u0161\u00ed v\u00fdhern\u00ed \u010d\u00edsla \u2713\",\"isPartOf\":{\"@id\":\"https:\/\/lottohoy.com\/cs\/#website\"},\"datePublished\":\"2018-05-03T13:23:39+00:00\",\"dateModified\":\"2018-05-03T13:23:39+00:00\",\"description\":\"Pod\u00edvejte se na v\u00fdsledky v\u0161ech loteri\u00ed Powerball a tak\u00e9 na ceny v jednotliv\u00fdch kategori\u00edch nebo po\u010det v\u00fdherc\u016f. Po\u0159i\u010fte si tiket na p\u0159\u00ed\u0161t\u00ed losov\u00e1n\u00ed Powerball hned te\u010f!\",\"breadcrumb\":{\"@id\":\"https:\/\/lottohoy.com\/cs\/vysledky-loterie\/powerball-vysledky\/#breadcrumb\"},\"inLanguage\":\"cs\",\"potentialAction\":[{\"@type\":\"ReadAction\",\"target\":[\"https:\/\/lottohoy.com\/cs\/vysledky-loterie\/powerball-vysledky\/\"]}]},{\"@type\":\"BreadcrumbList\",\"@id\":\"https:\/\/lottohoy.com\/cs\/vysledky-loterie\/powerball-vysledky\/#breadcrumb\",\"itemListElement\":[{\"@type\":\"ListItem\",\"position\":1,\"name\":\"Home\",\"item\":\"https:\/\/lottohoy.com\/cs\/\"},{\"@type\":\"ListItem\",\"position\":2,\"name\":\"V\u00fdsledky loterie\",\"item\":\"https:\/\/lottohoy.com\/cs\/vysledky-loterie\/\"},{\"@type\":\"ListItem\",\"position\":3,\"name\":\"Powerball V\u00fdsledky\"}]},{\"@type\":\"WebSite\",\"@id\":\"https:\/\/lottohoy.com\/cs\/#website\",\"url\":\"https:\/\/lottohoy.com\/cs\/\",\"name\":\"Lottohoy\",\"description\":\"\",\"potentialAction\":[{\"@type\":\"SearchAction\",\"target\":{\"@type\":\"EntryPoint\",\"urlTemplate\":\"https:\/\/lottohoy.com\/cs\/?s={search_term_string}\"},\"query-input\":{\"@type\":\"PropertyValueSpecification\",\"valueRequired\":true,\"valueName\":\"search_term_string\"}}],\"inLanguage\":\"cs\"}]}<\/script>\n<!-- \/ Yoast SEO plugin. -->","yoast_head_json":{"title":"V\u00fdsledky Powerball - nejnov\u011bj\u0161\u00ed v\u00fdhern\u00ed \u010d\u00edsla \u2713","description":"Pod\u00edvejte se na v\u00fdsledky v\u0161ech loteri\u00ed Powerball a tak\u00e9 na ceny v jednotliv\u00fdch kategori\u00edch nebo po\u010det v\u00fdherc\u016f. Po\u0159i\u010fte si tiket na p\u0159\u00ed\u0161t\u00ed losov\u00e1n\u00ed Powerball hned te\u010f!","robots":{"index":"index","follow":"follow","max-snippet":"max-snippet:-1","max-image-preview":"max-image-preview:large","max-video-preview":"max-video-preview:-1"},"canonical":"https:\/\/lottohoy.com\/cs\/vysledky-loterie\/powerball-vysledky\/","og_locale":"cs_CZ","og_type":"article","og_title":"V\u00fdsledky Powerball - nejnov\u011bj\u0161\u00ed v\u00fdhern\u00ed \u010d\u00edsla \u2713","og_description":"Pod\u00edvejte se na v\u00fdsledky v\u0161ech loteri\u00ed Powerball a tak\u00e9 na ceny v jednotliv\u00fdch kategori\u00edch nebo po\u010det v\u00fdherc\u016f. Po\u0159i\u010fte si tiket na p\u0159\u00ed\u0161t\u00ed losov\u00e1n\u00ed Powerball hned te\u010f!","og_url":"https:\/\/lottohoy.com\/cs\/vysledky-loterie\/powerball-vysledky\/","og_site_name":"Lottohoy","twitter_card":"summary_large_image","twitter_misc":{"Odhadovan\u00e1 doba \u010dten\u00ed":"2 minuty"},"schema":{"@context":"https:\/\/schema.org","@graph":[{"@type":"WebPage","@id":"https:\/\/lottohoy.com\/cs\/vysledky-loterie\/powerball-vysledky\/","url":"https:\/\/lottohoy.com\/cs\/vysledky-loterie\/powerball-vysledky\/","name":"V\u00fdsledky Powerball - nejnov\u011bj\u0161\u00ed v\u00fdhern\u00ed \u010d\u00edsla \u2713","isPartOf":{"@id":"https:\/\/lottohoy.com\/cs\/#website"},"datePublished":"2018-05-03T13:23:39+00:00","dateModified":"2018-05-03T13:23:39+00:00","description":"Pod\u00edvejte se na v\u00fdsledky v\u0161ech loteri\u00ed Powerball a tak\u00e9 na ceny v jednotliv\u00fdch kategori\u00edch nebo po\u010det v\u00fdherc\u016f. Po\u0159i\u010fte si tiket na p\u0159\u00ed\u0161t\u00ed losov\u00e1n\u00ed Powerball hned te\u010f!","breadcrumb":{"@id":"https:\/\/lottohoy.com\/cs\/vysledky-loterie\/powerball-vysledky\/#breadcrumb"},"inLanguage":"cs","potentialAction":[{"@type":"ReadAction","target":["https:\/\/lottohoy.com\/cs\/vysledky-loterie\/powerball-vysledky\/"]}]},{"@type":"BreadcrumbList","@id":"https:\/\/lottohoy.com\/cs\/vysledky-loterie\/powerball-vysledky\/#breadcrumb","itemListElement":[{"@type":"ListItem","position":1,"name":"Home","item":"https:\/\/lottohoy.com\/cs\/"},{"@type":"ListItem","position":2,"name":"V\u00fdsledky loterie","item":"https:\/\/lottohoy.com\/cs\/vysledky-loterie\/"},{"@type":"ListItem","position":3,"name":"Powerball V\u00fdsledky"}]},{"@type":"WebSite","@id":"https:\/\/lottohoy.com\/cs\/#website","url":"https:\/\/lottohoy.com\/cs\/","name":"Lottohoy","description":"","potentialAction":[{"@type":"SearchAction","target":{"@type":"EntryPoint","urlTemplate":"https:\/\/lottohoy.com\/cs\/?s={search_term_string}"},"query-input":{"@type":"PropertyValueSpecification","valueRequired":true,"valueName":"search_term_string"}}],"inLanguage":"cs"}]}},"_links":{"self":[{"href":"https:\/\/lottohoy.com\/cs\/wp-json\/wp\/v2\/pages\/16898","targetHints":{"allow":["GET"]}}],"collection":[{"href":"https:\/\/lottohoy.com\/cs\/wp-json\/wp\/v2\/pages"}],"about":[{"href":"https:\/\/lottohoy.com\/cs\/wp-json\/wp\/v2\/types\/page"}],"author":[{"embeddable":true,"href":"https:\/\/lottohoy.com\/cs\/wp-json\/wp\/v2\/users\/2"}],"replies":[{"embeddable":true,"href":"https:\/\/lottohoy.com\/cs\/wp-json\/wp\/v2\/comments?post=16898"}],"version-history":[{"count":0,"href":"https:\/\/lottohoy.com\/cs\/wp-json\/wp\/v2\/pages\/16898\/revisions"}],"up":[{"embeddable":true,"href":"https:\/\/lottohoy.com\/cs\/wp-json\/wp\/v2\/pages\/16887"}],"wp:attachment":[{"href":"https:\/\/lottohoy.com\/cs\/wp-json\/wp\/v2\/media?parent=16898"}],"curies":[{"name":"wp","href":"https:\/\/api.w.org\/{rel}","templated":true}]}}