{"id":16887,"date":"2018-05-03T14:23:36","date_gmt":"2018-05-03T13:23:36","guid":{"rendered":"https:\/\/lottohoy.com\/vysledky-loterie\/"},"modified":"2018-05-03T14:23:36","modified_gmt":"2018-05-03T13:23:36","slug":"vysledky-loterie","status":"publish","type":"page","link":"https:\/\/lottohoy.com\/cs\/vysledky-loterie\/","title":{"rendered":"V\u00fdsledky loterie"},"content":{"rendered":"<p>Po skon\u010den\u00ed loterie <a href=\"https:\/\/lottohoy.com\/play\/\"><strong>v\u0161ichni<\/strong><\/a> organiz\u00e1to\u0159i <a href=\"https:\/\/lottohoy.com\/play\/\"><strong>loterie<\/strong><\/a> zve\u0159ejn\u00ed ofici\u00e1ln\u00ed v\u00fdsledky v m\u00e9di\u00edch. V n\u011bkter\u00fdch p\u0159\u00edpadech lze losov\u00e1n\u00ed dokonce sledovat v p\u0159\u00edm\u00e9m p\u0159enosu a je vys\u00edl\u00e1no v televizi.<\/p>\n<p>Na LottoHoy zve\u0159ej\u0148ujeme v\u0161echny v\u00fdhern\u00ed v\u00fdsledky provozovatel\u016f loteri\u00ed ihned po skon\u010den\u00ed ofici\u00e1ln\u00edho losov\u00e1n\u00ed, tak\u017ee v\u0161ichni u\u017eivatel\u00e9 maj\u00ed mo\u017enost zkontrolovat <strong>rozd\u011blen\u00ed v\u00fdher<\/strong>.<\/p>\n<h2>Nejnov\u011bj\u0161\u00ed v\u00fdsledky loterie<\/h2>\n<p>Chcete-li se pod\u00edvat na v\u00fdsledky loterie, m\u016f\u017eete se pod\u00edvat na p\u0159\u00edslu\u0161n\u00e9 organiz\u00e1tory loterie nebo na v\u0161eobecn\u00e1 informa\u010dn\u00ed m\u00e9dia (r\u00e1dio a televize, p\u0159\u00edpadn\u011b tisk n\u00e1sleduj\u00edc\u00edho dne).<\/p>\n<p>U\u017eivatel\u00e9 na\u0161\u00ed platformy na\u0161t\u011bst\u00ed dost\u00e1vaj\u00ed informace o v\u00fdsledc\u00edch do sv\u00e9ho \u00fa\u010dtu a odr\u00e1\u017e\u00ed se to i na webu. V p\u0159\u00edpad\u011b v\u00fdhry je \u010d\u00e1stka p\u0159ips\u00e1na p\u0159\u00edmo na \u00fa\u010det u\u017eivatele.<\/p>\n<p>Tak\u00e9 pokud si chcete zkontrolovat \u00fatern\u00ed v\u00fdsledky libovoln\u00e9 loterie, v\u00fdsledky loterie USA Powerball, Euromiliony nebo jak\u00e9hokoli jin\u00e9ho hran\u00e9ho losu, m\u016f\u017eete si je ov\u011b\u0159it na na\u0161ich webov\u00fdch str\u00e1nk\u00e1ch.<\/p>\n<h2>V\u00fdhry v loterii a rozd\u011blen\u00ed v\u00fdher<\/h2>\n<p>Ka\u017ed\u00e1 loterie m\u00e1 sv\u00e1 vlastn\u00ed pravidla a sv\u00e9 vlastn\u00ed rozd\u011blen\u00ed v\u00fdher. V n\u011bkter\u00fdch p\u0159\u00edpadech a s v\u00fdjimkou hlavn\u00ed v\u00fdhry prvn\u00ed kategorie (odhadovan\u00fd jackpot) je \u010d\u00e1stka p\u0159id\u011blen\u00e1 t\u011bmto kategori\u00edm ur\u010dena procenty z inkasa pro dan\u00e9 slosov\u00e1n\u00ed, v jin\u00fdch loteri\u00edch se jedn\u00e1 o pevnou \u010d\u00e1stku.<\/p>\n<p>Hlavn\u00ed v\u00fdhra m\u00e1 obvykle garantovanou pevnou minim\u00e1ln\u00ed \u010d\u00e1stku a procento z inkasa pro dan\u00e9 slosov\u00e1n\u00ed. Stejn\u011b tak n\u011bkter\u00e9 loterie omezuj\u00ed maxim\u00e1ln\u00ed \u010d\u00e1stku pro jackpot nebo maxim\u00e1ln\u00ed po\u010det slosov\u00e1n\u00ed.<\/p>\n<p>V n\u011bkter\u00fdch loteri\u00edch se v p\u0159\u00edpad\u011b, \u017ee v prvn\u00ed kategorii nen\u00ed \u017e\u00e1dn\u00fd v\u00fdherce, \u010d\u00e1stka stanoven\u00e1 na v\u00fdhru v t\u00e9to kategorii, rozd\u011bl\u00ed do ostatn\u00edch kategori\u00ed<\/p>\n<p>V jin\u00fdch p\u0159\u00edpadech, a v tom se n\u011bkter\u00e9 loterie st\u00e1vaj\u00ed l\u00e1kav\u011bj\u0161\u00edmi, se v p\u0159\u00edpad\u011b, \u017ee nen\u00ed \u017e\u00e1dn\u00fd v\u00fdherce t\u00e9to prvn\u00ed kategorie, tato \u010d\u00e1stka kumuluje a p\u0159ev\u00e1d\u00ed se do dal\u0161\u00edho losov\u00e1n\u00ed, \u010d\u00edm\u017e vznikaj\u00ed kumulovan\u00e9 jackpoty, kter\u00e9 dosahuj\u00ed astronomick\u00fdch \u010d\u00e1stek za jedinou v\u00fdhru v loterii.<\/p>\n<p>Dosud nejvy\u0161\u0161\u00ed v\u00fdhra byla ud\u011blena v <a href=\"https:\/\/lottohoy.com\/play\/powerball\/\"><strong>loterii Powerball<\/strong><\/a> s odhadovanou v\u00fd\u0161\u00ed jackpotu <del>1,5 miliardy dolar\u016f<\/del>. V listopadu 2022 tuto \u010d\u00e1stku p\u0159ekonala; zanechala dosavadn\u00ed rekord ve v\u00fd\u0161i 2,04 miliardy dolar\u016f.<\/p>\n","protected":false},"excerpt":{"rendered":"<p>Po skon\u010den\u00ed loterie v\u0161ichni organiz\u00e1to\u0159i loterie zve\u0159ejn\u00ed ofici\u00e1ln\u00ed v\u00fdsledky v m\u00e9di\u00edch. V n\u011bkter\u00fdch p\u0159\u00edpadech lze losov\u00e1n\u00ed dokonce sledovat v p\u0159\u00edm\u00e9m p\u0159enosu a je vys\u00edl\u00e1no v televizi. Na LottoHoy zve\u0159ej\u0148ujeme v\u0161echny v\u00fdhern\u00ed v\u00fdsledky provozovatel\u016f loteri\u00ed ihned po skon\u010den\u00ed ofici\u00e1ln\u00edho losov\u00e1n\u00ed, tak\u017ee v\u0161ichni u\u017eivatel\u00e9 maj\u00ed mo\u017enost zkontrolovat rozd\u011blen\u00ed v\u00fdher. Nejnov\u011bj\u0161\u00ed v\u00fdsledky loterie Chcete-li se pod\u00edvat na v\u00fdsledky [&hellip;]<\/p>\n","protected":false},"author":2,"featured_media":0,"parent":0,"menu_order":4,"comment_status":"closed","ping_status":"closed","template":"Results.php","meta":{"_et_pb_use_builder":"","_et_pb_old_content":"","_et_gb_content_width":"","exclude_from_search":false,"footnotes":""},"class_list":["post-16887","page","type-page","status-publish","hentry"],"yoast_head":"<!-- This site is optimized with the Yoast SEO plugin v23.7 - https:\/\/yoast.com\/wordpress\/plugins\/seo\/ -->\n<title>V\u00fdsledky loterie - v\u00edt\u011bzov\u00e9 a rozd\u011blen\u00ed v\u00fdher \u2794<\/title>\n<meta name=\"description\" content=\"V\u00fdsledky loterie ihned po ka\u017ed\u00e9m losov\u00e1n\u00ed. Zjist\u011bte, zda jste v\u00edt\u011bzem Powerball, Mega Millions, Euromillions, UK Lotto a mnoha dal\u0161\u00edch loteri\u00ed!\" \/>\n<meta name=\"robots\" content=\"index, follow, max-snippet:-1, max-image-preview:large, max-video-preview:-1\" \/>\n<link rel=\"canonical\" href=\"https:\/\/lottohoy.com\/cs\/vysledky-loterie\/\" \/>\n<meta property=\"og:locale\" content=\"cs_CZ\" \/>\n<meta property=\"og:type\" content=\"article\" \/>\n<meta property=\"og:title\" content=\"V\u00fdsledky loterie - v\u00edt\u011bzov\u00e9 a rozd\u011blen\u00ed v\u00fdher \u2794\" \/>\n<meta property=\"og:description\" content=\"V\u00fdsledky loterie ihned po ka\u017ed\u00e9m losov\u00e1n\u00ed. Zjist\u011bte, zda jste v\u00edt\u011bzem Powerball, Mega Millions, Euromillions, UK Lotto a mnoha dal\u0161\u00edch loteri\u00ed!\" \/>\n<meta property=\"og:url\" content=\"https:\/\/lottohoy.com\/cs\/vysledky-loterie\/\" \/>\n<meta property=\"og:site_name\" content=\"Lottohoy\" \/>\n<meta name=\"twitter:card\" content=\"summary_large_image\" \/>\n<meta name=\"twitter:label1\" content=\"Odhadovan\u00e1 doba \u010dten\u00ed\" \/>\n\t<meta name=\"twitter:data1\" content=\"2 minuty\" \/>\n<script type=\"application\/ld+json\" class=\"yoast-schema-graph\">{\"@context\":\"https:\/\/schema.org\",\"@graph\":[{\"@type\":\"WebPage\",\"@id\":\"https:\/\/lottohoy.com\/cs\/vysledky-loterie\/\",\"url\":\"https:\/\/lottohoy.com\/cs\/vysledky-loterie\/\",\"name\":\"V\u00fdsledky loterie - v\u00edt\u011bzov\u00e9 a rozd\u011blen\u00ed v\u00fdher \u2794\",\"isPartOf\":{\"@id\":\"https:\/\/lottohoy.com\/cs\/#website\"},\"datePublished\":\"2018-05-03T13:23:36+00:00\",\"dateModified\":\"2018-05-03T13:23:36+00:00\",\"description\":\"V\u00fdsledky loterie ihned po ka\u017ed\u00e9m losov\u00e1n\u00ed. Zjist\u011bte, zda jste v\u00edt\u011bzem Powerball, Mega Millions, Euromillions, UK Lotto a mnoha dal\u0161\u00edch loteri\u00ed!\",\"breadcrumb\":{\"@id\":\"https:\/\/lottohoy.com\/cs\/vysledky-loterie\/#breadcrumb\"},\"inLanguage\":\"cs\",\"potentialAction\":[{\"@type\":\"ReadAction\",\"target\":[\"https:\/\/lottohoy.com\/cs\/vysledky-loterie\/\"]}]},{\"@type\":\"BreadcrumbList\",\"@id\":\"https:\/\/lottohoy.com\/cs\/vysledky-loterie\/#breadcrumb\",\"itemListElement\":[{\"@type\":\"ListItem\",\"position\":1,\"name\":\"Home\",\"item\":\"https:\/\/lottohoy.com\/cs\/\"},{\"@type\":\"ListItem\",\"position\":2,\"name\":\"V\u00fdsledky loterie\"}]},{\"@type\":\"WebSite\",\"@id\":\"https:\/\/lottohoy.com\/cs\/#website\",\"url\":\"https:\/\/lottohoy.com\/cs\/\",\"name\":\"Lottohoy\",\"description\":\"\",\"potentialAction\":[{\"@type\":\"SearchAction\",\"target\":{\"@type\":\"EntryPoint\",\"urlTemplate\":\"https:\/\/lottohoy.com\/cs\/?s={search_term_string}\"},\"query-input\":{\"@type\":\"PropertyValueSpecification\",\"valueRequired\":true,\"valueName\":\"search_term_string\"}}],\"inLanguage\":\"cs\"}]}<\/script>\n<!-- \/ Yoast SEO plugin. -->","yoast_head_json":{"title":"V\u00fdsledky loterie - v\u00edt\u011bzov\u00e9 a rozd\u011blen\u00ed v\u00fdher \u2794","description":"V\u00fdsledky loterie ihned po ka\u017ed\u00e9m losov\u00e1n\u00ed. Zjist\u011bte, zda jste v\u00edt\u011bzem Powerball, Mega Millions, Euromillions, UK Lotto a mnoha dal\u0161\u00edch loteri\u00ed!","robots":{"index":"index","follow":"follow","max-snippet":"max-snippet:-1","max-image-preview":"max-image-preview:large","max-video-preview":"max-video-preview:-1"},"canonical":"https:\/\/lottohoy.com\/cs\/vysledky-loterie\/","og_locale":"cs_CZ","og_type":"article","og_title":"V\u00fdsledky loterie - v\u00edt\u011bzov\u00e9 a rozd\u011blen\u00ed v\u00fdher \u2794","og_description":"V\u00fdsledky loterie ihned po ka\u017ed\u00e9m losov\u00e1n\u00ed. Zjist\u011bte, zda jste v\u00edt\u011bzem Powerball, Mega Millions, Euromillions, UK Lotto a mnoha dal\u0161\u00edch loteri\u00ed!","og_url":"https:\/\/lottohoy.com\/cs\/vysledky-loterie\/","og_site_name":"Lottohoy","twitter_card":"summary_large_image","twitter_misc":{"Odhadovan\u00e1 doba \u010dten\u00ed":"2 minuty"},"schema":{"@context":"https:\/\/schema.org","@graph":[{"@type":"WebPage","@id":"https:\/\/lottohoy.com\/cs\/vysledky-loterie\/","url":"https:\/\/lottohoy.com\/cs\/vysledky-loterie\/","name":"V\u00fdsledky loterie - v\u00edt\u011bzov\u00e9 a rozd\u011blen\u00ed v\u00fdher \u2794","isPartOf":{"@id":"https:\/\/lottohoy.com\/cs\/#website"},"datePublished":"2018-05-03T13:23:36+00:00","dateModified":"2018-05-03T13:23:36+00:00","description":"V\u00fdsledky loterie ihned po ka\u017ed\u00e9m losov\u00e1n\u00ed. Zjist\u011bte, zda jste v\u00edt\u011bzem Powerball, Mega Millions, Euromillions, UK Lotto a mnoha dal\u0161\u00edch loteri\u00ed!","breadcrumb":{"@id":"https:\/\/lottohoy.com\/cs\/vysledky-loterie\/#breadcrumb"},"inLanguage":"cs","potentialAction":[{"@type":"ReadAction","target":["https:\/\/lottohoy.com\/cs\/vysledky-loterie\/"]}]},{"@type":"BreadcrumbList","@id":"https:\/\/lottohoy.com\/cs\/vysledky-loterie\/#breadcrumb","itemListElement":[{"@type":"ListItem","position":1,"name":"Home","item":"https:\/\/lottohoy.com\/cs\/"},{"@type":"ListItem","position":2,"name":"V\u00fdsledky loterie"}]},{"@type":"WebSite","@id":"https:\/\/lottohoy.com\/cs\/#website","url":"https:\/\/lottohoy.com\/cs\/","name":"Lottohoy","description":"","potentialAction":[{"@type":"SearchAction","target":{"@type":"EntryPoint","urlTemplate":"https:\/\/lottohoy.com\/cs\/?s={search_term_string}"},"query-input":{"@type":"PropertyValueSpecification","valueRequired":true,"valueName":"search_term_string"}}],"inLanguage":"cs"}]}},"_links":{"self":[{"href":"https:\/\/lottohoy.com\/cs\/wp-json\/wp\/v2\/pages\/16887","targetHints":{"allow":["GET"]}}],"collection":[{"href":"https:\/\/lottohoy.com\/cs\/wp-json\/wp\/v2\/pages"}],"about":[{"href":"https:\/\/lottohoy.com\/cs\/wp-json\/wp\/v2\/types\/page"}],"author":[{"embeddable":true,"href":"https:\/\/lottohoy.com\/cs\/wp-json\/wp\/v2\/users\/2"}],"replies":[{"embeddable":true,"href":"https:\/\/lottohoy.com\/cs\/wp-json\/wp\/v2\/comments?post=16887"}],"version-history":[{"count":0,"href":"https:\/\/lottohoy.com\/cs\/wp-json\/wp\/v2\/pages\/16887\/revisions"}],"wp:attachment":[{"href":"https:\/\/lottohoy.com\/cs\/wp-json\/wp\/v2\/media?parent=16887"}],"curies":[{"name":"wp","href":"https:\/\/api.w.org\/{rel}","templated":true}]}}