{"id":16885,"date":"2018-08-23T10:32:43","date_gmt":"2018-08-23T09:32:43","guid":{"rendered":"https:\/\/lottohoy.com\/nejcastejsi-dotazy-k-online-loterii\/casto-kladene-dotazy-k-sobotnimu-lotto\/"},"modified":"2018-08-23T10:32:43","modified_gmt":"2018-08-23T09:32:43","slug":"casto-kladene-dotazy-k-sobotnimu-lotto","status":"publish","type":"page","link":"https:\/\/lottohoy.com\/cs\/nejcastejsi-dotazy-k-online-loterii\/casto-kladene-dotazy-k-sobotnimu-lotto\/","title":{"rendered":"\u010casto kladen\u00e9 dotazy k sobotn\u00edmu Lotto"},"content":{"rendered":"<p>Saturday Lotto je n\u00e1rodn\u00ed loterie Austr\u00e1lie, kter\u00e1 se losuje v sobotu ve\u010der. P\u0159esto\u017ee se jedn\u00e1 o loterii s celost\u00e1tn\u00ed p\u016fsobnost\u00ed, je zn\u00e1ma pod r\u016fzn\u00fdmi n\u00e1zvy v z\u00e1vislosti na \u00fazem\u00ed, kde se prod\u00e1v\u00e1.<\/p>\n<h2><b>Pravidla australsk\u00e9 sobotn\u00ed loterie<\/b><\/h2>\n<p>Saturday Lotto je snadno pochopiteln\u00e1 a hrateln\u00e1 loterie. Hr\u00e1\u010d mus\u00ed jednodu\u0161e vybrat \u0161est \u010d\u00edsel ze 45 mo\u017en\u00fdch, kter\u00e1 odpov\u00eddaj\u00ed m\u00ed\u010dk\u016fm o\u010d\u00edslovan\u00fdm od 1 do 45 v\u010detn\u011b.<\/p>\n<p>V\u00fdhry jsou rozd\u011bleny do kategori\u00ed podle z\u00e1sah\u016f hr\u00e1\u010de, kter\u00e9 jsou uvedeny v tomto r\u00e1me\u010dku:<\/p>\n<p>1. kategorie 6 z\u00e1sah\u016f<\/p>\n<p>2. Kategorie 5 z\u00e1sah\u016f + 1 nebo 2 dopl\u0148kov\u00e9 m\u00ed\u010dky<\/p>\n<p>3. Kategorie 5 z\u00e1sah\u016f<\/p>\n<p>4. Z\u00e1sahy kategorie 4<\/p>\n<p>5. Z\u00e1sahy kategorie 3 + 1 nebo 2 dopl\u0148kov\u00e9 m\u00ed\u010de <\/p>\n<p>6. Z\u00e1sahy 1. nebo 2. kategorie + 2 dopl\u0148kov\u00e9 m\u00ed\u010de. <\/p>\n<p><strong>Jak\u00e1 jsou sobotn\u00ed dopl\u0148kov\u00e1 \u010d\u00edsla loterie Lotto?<\/strong><\/p>\n<p>Krom\u011b \u0161esti m\u00ed\u010dk\u016f, kter\u00e9 budou tvo\u0159it kombinaci vylosovan\u00fdch \u010d\u00edsel, se vylosuj\u00ed je\u0161t\u011b dva m\u00ed\u010dky, tzv. dopl\u0148kov\u00e9.<\/p>\n<p>Tyto dodate\u010dn\u00e9 neboli dopl\u0148kov\u00e9 kuli\u010dky nemaj\u00ed vliv na maxim\u00e1ln\u00ed v\u00fdhern\u00ed kategorii, ale slou\u017e\u00ed k ur\u010den\u00ed druh\u00e9 a p\u00e1t\u00e9 v\u00fdhern\u00ed kategorie.<\/p>\n<p>Stejn\u011b tak je nutn\u00e9, aby tato dopl\u0148kov\u00e1 \u010d\u00edsla doplnila jeden nebo dva z\u00e1sahy z hlavn\u00ed kombinace, a t\u00edm se nastav\u00ed \u0161est\u00e1 kategorie v\u00fdher.<\/p>\n<p><strong>Sobotn\u00ed Lotto Jackpot<\/strong><\/p>\n<p>V Saturday Lotto nem\u016f\u017eete pova\u017eovat v\u00fdhru prvn\u00ed kategorie za jackpot jako v jin\u00fdch loteri\u00edch, proto\u017ee v\u00fdhra je p\u0159edem ur\u010dena. Tato v\u00fdhra \u010din\u00ed 1 000 000 australsk\u00fdch dolar\u016f na v\u00fdherce, maxim\u00e1ln\u011b v\u0161ak \u010dty\u0159i miliony.<\/p>\n<p>V p\u0159\u00edpad\u011b, \u017ee jsou v\u00edce ne\u017e \u010dty\u0159i v\u00fdherci, je tato celkov\u00e1 \u010d\u00e1stka 4 000 000 AUD rozd\u011blena rovn\u00fdm d\u00edlem mezi v\u0161echny v\u00fdherce.<\/p>\n<p>Obecn\u011b plat\u00ed, \u017ee vzhledem k tomu, \u017ee je pom\u011brn\u011b snadn\u00e9 z\u00edskat \u0161est \u010d\u00edsel ze 45, je u mnoha tombol velmi \u010dast\u00e9, \u017ee je n\u011bkolik hlavn\u00edch v\u00fdherc\u016f a \u017ee se v\u00fdhra d\u011bl\u00ed.<\/p>\n","protected":false},"excerpt":{"rendered":"<p>Saturday Lotto je n\u00e1rodn\u00ed loterie Austr\u00e1lie, kter\u00e1 se losuje v sobotu ve\u010der. P\u0159esto\u017ee se jedn\u00e1 o loterii s celost\u00e1tn\u00ed p\u016fsobnost\u00ed, je zn\u00e1ma pod r\u016fzn\u00fdmi n\u00e1zvy v z\u00e1vislosti na \u00fazem\u00ed, kde se prod\u00e1v\u00e1. Pravidla australsk\u00e9 sobotn\u00ed loterie Saturday Lotto je snadno pochopiteln\u00e1 a hrateln\u00e1 loterie. Hr\u00e1\u010d mus\u00ed jednodu\u0161e vybrat \u0161est \u010d\u00edsel ze 45 mo\u017en\u00fdch, kter\u00e1 odpov\u00eddaj\u00ed [&hellip;]<\/p>\n","protected":false},"author":2,"featured_media":0,"parent":16747,"menu_order":19,"comment_status":"closed","ping_status":"closed","template":"saturday-lotto-info.php","meta":{"_et_pb_use_builder":"","_et_pb_old_content":"","_et_gb_content_width":"","exclude_from_search":false,"footnotes":""},"class_list":["post-16885","page","type-page","status-publish","hentry"],"yoast_head":"<!-- This site is optimized with the Yoast SEO plugin v23.7 - https:\/\/yoast.com\/wordpress\/plugins\/seo\/ -->\n<title>Nej\u010dast\u011bj\u0161\u00ed dotazy k sobotn\u00edmu Lotto - V\u00edkendov\u00e1 loterie aussie<\/title>\n<meta name=\"description\" content=\"Saturday Lotto je snadno pochopiteln\u00e1 a hrateln\u00e1 hra. Sta\u010d\u00ed vybrat pouze 6 \u010d\u00edsel ze 45 mo\u017en\u00fdch Leanr v\u0161echna pravidla a nejlep\u0161\u00ed triky!\" \/>\n<meta name=\"robots\" content=\"index, follow, max-snippet:-1, max-image-preview:large, max-video-preview:-1\" \/>\n<link rel=\"canonical\" href=\"https:\/\/lottohoy.com\/cs\/nejcastejsi-dotazy-k-online-loterii\/casto-kladene-dotazy-k-sobotnimu-lotto\/\" \/>\n<meta property=\"og:locale\" content=\"cs_CZ\" \/>\n<meta property=\"og:type\" content=\"article\" \/>\n<meta property=\"og:title\" content=\"Nej\u010dast\u011bj\u0161\u00ed dotazy k sobotn\u00edmu Lotto - V\u00edkendov\u00e1 loterie aussie\" \/>\n<meta property=\"og:description\" content=\"Saturday Lotto je snadno pochopiteln\u00e1 a hrateln\u00e1 hra. Sta\u010d\u00ed vybrat pouze 6 \u010d\u00edsel ze 45 mo\u017en\u00fdch Leanr v\u0161echna pravidla a nejlep\u0161\u00ed triky!\" \/>\n<meta property=\"og:url\" content=\"https:\/\/lottohoy.com\/cs\/nejcastejsi-dotazy-k-online-loterii\/casto-kladene-dotazy-k-sobotnimu-lotto\/\" \/>\n<meta property=\"og:site_name\" content=\"Lottohoy\" \/>\n<meta name=\"twitter:card\" content=\"summary_large_image\" \/>\n<meta name=\"twitter:label1\" content=\"Odhadovan\u00e1 doba \u010dten\u00ed\" \/>\n\t<meta name=\"twitter:data1\" content=\"2 minuty\" \/>\n<script type=\"application\/ld+json\" class=\"yoast-schema-graph\">{\"@context\":\"https:\/\/schema.org\",\"@graph\":[{\"@type\":\"WebPage\",\"@id\":\"https:\/\/lottohoy.com\/cs\/nejcastejsi-dotazy-k-online-loterii\/casto-kladene-dotazy-k-sobotnimu-lotto\/\",\"url\":\"https:\/\/lottohoy.com\/cs\/nejcastejsi-dotazy-k-online-loterii\/casto-kladene-dotazy-k-sobotnimu-lotto\/\",\"name\":\"Nej\u010dast\u011bj\u0161\u00ed dotazy k sobotn\u00edmu Lotto - V\u00edkendov\u00e1 loterie aussie\",\"isPartOf\":{\"@id\":\"https:\/\/lottohoy.com\/cs\/#website\"},\"datePublished\":\"2018-08-23T09:32:43+00:00\",\"dateModified\":\"2018-08-23T09:32:43+00:00\",\"description\":\"Saturday Lotto je snadno pochopiteln\u00e1 a hrateln\u00e1 hra. Sta\u010d\u00ed vybrat pouze 6 \u010d\u00edsel ze 45 mo\u017en\u00fdch Leanr v\u0161echna pravidla a nejlep\u0161\u00ed triky!\",\"breadcrumb\":{\"@id\":\"https:\/\/lottohoy.com\/cs\/nejcastejsi-dotazy-k-online-loterii\/casto-kladene-dotazy-k-sobotnimu-lotto\/#breadcrumb\"},\"inLanguage\":\"cs\",\"potentialAction\":[{\"@type\":\"ReadAction\",\"target\":[\"https:\/\/lottohoy.com\/cs\/nejcastejsi-dotazy-k-online-loterii\/casto-kladene-dotazy-k-sobotnimu-lotto\/\"]}]},{\"@type\":\"BreadcrumbList\",\"@id\":\"https:\/\/lottohoy.com\/cs\/nejcastejsi-dotazy-k-online-loterii\/casto-kladene-dotazy-k-sobotnimu-lotto\/#breadcrumb\",\"itemListElement\":[{\"@type\":\"ListItem\",\"position\":1,\"name\":\"Home\",\"item\":\"https:\/\/lottohoy.com\/cs\/\"},{\"@type\":\"ListItem\",\"position\":2,\"name\":\"Informace o loterii\",\"item\":\"https:\/\/lottohoy.com\/cs\/nejcastejsi-dotazy-k-online-loterii\/\"},{\"@type\":\"ListItem\",\"position\":3,\"name\":\"\u010casto kladen\u00e9 dotazy k sobotn\u00edmu Lotto\"}]},{\"@type\":\"WebSite\",\"@id\":\"https:\/\/lottohoy.com\/cs\/#website\",\"url\":\"https:\/\/lottohoy.com\/cs\/\",\"name\":\"Lottohoy\",\"description\":\"\",\"potentialAction\":[{\"@type\":\"SearchAction\",\"target\":{\"@type\":\"EntryPoint\",\"urlTemplate\":\"https:\/\/lottohoy.com\/cs\/?s={search_term_string}\"},\"query-input\":{\"@type\":\"PropertyValueSpecification\",\"valueRequired\":true,\"valueName\":\"search_term_string\"}}],\"inLanguage\":\"cs\"}]}<\/script>\n<!-- \/ Yoast SEO plugin. -->","yoast_head_json":{"title":"Nej\u010dast\u011bj\u0161\u00ed dotazy k sobotn\u00edmu Lotto - V\u00edkendov\u00e1 loterie aussie","description":"Saturday Lotto je snadno pochopiteln\u00e1 a hrateln\u00e1 hra. Sta\u010d\u00ed vybrat pouze 6 \u010d\u00edsel ze 45 mo\u017en\u00fdch Leanr v\u0161echna pravidla a nejlep\u0161\u00ed triky!","robots":{"index":"index","follow":"follow","max-snippet":"max-snippet:-1","max-image-preview":"max-image-preview:large","max-video-preview":"max-video-preview:-1"},"canonical":"https:\/\/lottohoy.com\/cs\/nejcastejsi-dotazy-k-online-loterii\/casto-kladene-dotazy-k-sobotnimu-lotto\/","og_locale":"cs_CZ","og_type":"article","og_title":"Nej\u010dast\u011bj\u0161\u00ed dotazy k sobotn\u00edmu Lotto - V\u00edkendov\u00e1 loterie aussie","og_description":"Saturday Lotto je snadno pochopiteln\u00e1 a hrateln\u00e1 hra. Sta\u010d\u00ed vybrat pouze 6 \u010d\u00edsel ze 45 mo\u017en\u00fdch Leanr v\u0161echna pravidla a nejlep\u0161\u00ed triky!","og_url":"https:\/\/lottohoy.com\/cs\/nejcastejsi-dotazy-k-online-loterii\/casto-kladene-dotazy-k-sobotnimu-lotto\/","og_site_name":"Lottohoy","twitter_card":"summary_large_image","twitter_misc":{"Odhadovan\u00e1 doba \u010dten\u00ed":"2 minuty"},"schema":{"@context":"https:\/\/schema.org","@graph":[{"@type":"WebPage","@id":"https:\/\/lottohoy.com\/cs\/nejcastejsi-dotazy-k-online-loterii\/casto-kladene-dotazy-k-sobotnimu-lotto\/","url":"https:\/\/lottohoy.com\/cs\/nejcastejsi-dotazy-k-online-loterii\/casto-kladene-dotazy-k-sobotnimu-lotto\/","name":"Nej\u010dast\u011bj\u0161\u00ed dotazy k sobotn\u00edmu Lotto - V\u00edkendov\u00e1 loterie aussie","isPartOf":{"@id":"https:\/\/lottohoy.com\/cs\/#website"},"datePublished":"2018-08-23T09:32:43+00:00","dateModified":"2018-08-23T09:32:43+00:00","description":"Saturday Lotto je snadno pochopiteln\u00e1 a hrateln\u00e1 hra. Sta\u010d\u00ed vybrat pouze 6 \u010d\u00edsel ze 45 mo\u017en\u00fdch Leanr v\u0161echna pravidla a nejlep\u0161\u00ed triky!","breadcrumb":{"@id":"https:\/\/lottohoy.com\/cs\/nejcastejsi-dotazy-k-online-loterii\/casto-kladene-dotazy-k-sobotnimu-lotto\/#breadcrumb"},"inLanguage":"cs","potentialAction":[{"@type":"ReadAction","target":["https:\/\/lottohoy.com\/cs\/nejcastejsi-dotazy-k-online-loterii\/casto-kladene-dotazy-k-sobotnimu-lotto\/"]}]},{"@type":"BreadcrumbList","@id":"https:\/\/lottohoy.com\/cs\/nejcastejsi-dotazy-k-online-loterii\/casto-kladene-dotazy-k-sobotnimu-lotto\/#breadcrumb","itemListElement":[{"@type":"ListItem","position":1,"name":"Home","item":"https:\/\/lottohoy.com\/cs\/"},{"@type":"ListItem","position":2,"name":"Informace o loterii","item":"https:\/\/lottohoy.com\/cs\/nejcastejsi-dotazy-k-online-loterii\/"},{"@type":"ListItem","position":3,"name":"\u010casto kladen\u00e9 dotazy k sobotn\u00edmu Lotto"}]},{"@type":"WebSite","@id":"https:\/\/lottohoy.com\/cs\/#website","url":"https:\/\/lottohoy.com\/cs\/","name":"Lottohoy","description":"","potentialAction":[{"@type":"SearchAction","target":{"@type":"EntryPoint","urlTemplate":"https:\/\/lottohoy.com\/cs\/?s={search_term_string}"},"query-input":{"@type":"PropertyValueSpecification","valueRequired":true,"valueName":"search_term_string"}}],"inLanguage":"cs"}]}},"_links":{"self":[{"href":"https:\/\/lottohoy.com\/cs\/wp-json\/wp\/v2\/pages\/16885","targetHints":{"allow":["GET"]}}],"collection":[{"href":"https:\/\/lottohoy.com\/cs\/wp-json\/wp\/v2\/pages"}],"about":[{"href":"https:\/\/lottohoy.com\/cs\/wp-json\/wp\/v2\/types\/page"}],"author":[{"embeddable":true,"href":"https:\/\/lottohoy.com\/cs\/wp-json\/wp\/v2\/users\/2"}],"replies":[{"embeddable":true,"href":"https:\/\/lottohoy.com\/cs\/wp-json\/wp\/v2\/comments?post=16885"}],"version-history":[{"count":0,"href":"https:\/\/lottohoy.com\/cs\/wp-json\/wp\/v2\/pages\/16885\/revisions"}],"up":[{"embeddable":true,"href":"https:\/\/lottohoy.com\/cs\/wp-json\/wp\/v2\/pages\/16747"}],"wp:attachment":[{"href":"https:\/\/lottohoy.com\/cs\/wp-json\/wp\/v2\/media?parent=16885"}],"curies":[{"name":"wp","href":"https:\/\/api.w.org\/{rel}","templated":true}]}}