{"id":16873,"date":"2018-08-21T10:29:37","date_gmt":"2018-08-21T09:29:37","guid":{"rendered":"https:\/\/lottohoy.com\/nejcastejsi-dotazy-k-online-loterii\/powerball-au-faq\/"},"modified":"2018-08-21T10:29:37","modified_gmt":"2018-08-21T09:29:37","slug":"powerball-au-faq","status":"publish","type":"page","link":"https:\/\/lottohoy.com\/cs\/nejcastejsi-dotazy-k-online-loterii\/powerball-au-faq\/","title":{"rendered":"Powerball AU FAQ"},"content":{"rendered":"<p>PowerBall AU se na trhu objevuje 23. b\u0159ezna 1996. Zpo\u010d\u00e1tku musel hr\u00e1\u010d vybrat 5 \u010d\u00edsel ze 45, kter\u00e1 tvo\u0159ila prvn\u00ed \u010d\u00e1st tabulky, a tak\u00e9 vybrat 1 dal\u0161\u00ed \u010d\u00edslo zn\u00e1m\u00e9 jako \u201ePowerball\u201c z druh\u00e9 skupiny.<\/p>\n<h2>Pravidla hry AU Powerball<\/h2>\n<p>V b\u0159eznu 2013 byla pravidla zm\u011bn\u011bna a bylo stanoveno, \u017ee v\u00fdhern\u00ed kombinaci je t\u0159eba z\u00edskat ze 6 \u010d\u00edsel ze 40 z prvn\u00ed skupiny ve sloupci a kuli\u010dku z 20 mo\u017en\u00fdch \u010d\u00edsel ze spodn\u00ed \u010d\u00e1sti. Tato zm\u011bna vedla k zaveden\u00ed nov\u00e9 kategorie v\u00fdher.<\/p>\n<p>Od dubna 2018 do\u0161lo k nov\u00e9 variant\u011b, bylo stanoveno, \u017ee po\u010det m\u00ed\u010dk\u016f, kter\u00e9 jsou sou\u010d\u00e1st\u00ed prvn\u00ed skupiny, byl sn\u00ed\u017een na 35 a \u017ee m\u00edsto 6 m\u00ed\u010dk\u016f pro z\u00edsk\u00e1n\u00ed v\u00fdhern\u00ed kombinace mus\u00ed b\u00fdt 7 m\u00ed\u010dk\u016f plus m\u00ed\u010dek Powerball z druh\u00e9 skupiny, co\u017e z\u016fstalo beze zm\u011bny.<\/p>\n<h2><strong>Ceny PowerBall Australia<\/strong><\/h2>\n<p>Kategorie cen ve h\u0159e PowerBall AU jsou n\u00e1sleduj\u00edc\u00ed:<\/p>\n<p>1. kategorie 7 koul\u00ed + powerball<\/p>\n<p>2. kategorie 7 m\u00ed\u010dk\u016f<\/p>\n<p>3. kategorie 6 koul\u00ed + powerball<\/p>\n<p>4. kategorie 6 m\u00ed\u010dk\u016f<\/p>\n<p>5. kategorie 5 m\u00ed\u010dk\u016f + powerball<\/p>\n<p>6. kategorie 4 koule + powerball<\/p>\n<p>7. kategorie 5 m\u00ed\u010dk\u016f<\/p>\n<p>8. kategorie 3 koule + powerball<\/p>\n<p>9. kategorie 2 koule + powerball<\/p>\n<h2>V\u00fdhody hran\u00ed australsk\u00e9ho powerballu online<\/h2>\n<ul>\n<li>Hrajte snadno, rychle a pohodln\u011b<\/li>\n<li>Bez nutnosti cestovat do Austr\u00e1lie, abyste se mohli z\u00fa\u010dastnit jejich milion\u00e1\u0159sk\u00fdch jackpot\u016f<\/li>\n<li>Hrajte z jak\u00e9hokoli mobiln\u00edho za\u0159\u00edzen\u00ed, tabletu nebo stoln\u00edho po\u010d\u00edta\u010de se z\u00e1kladn\u00edm p\u0159ipojen\u00edm k internetu.<\/li>\n<li>M\u00e1te neust\u00e1le k dispozici informace o v\u0161ech slosov\u00e1n\u00edch, nasb\u00edran\u00fdch jackpotech a vyhran\u00fdch cen\u00e1ch<\/li>\n<li>Je bezpe\u010dn\u00e1 a spolehliv\u00e1 pro v\u0161echny platebn\u00ed metody.<\/li>\n<li>Kdy\u017e registrovan\u00fd u\u017eivatel vyhraje cenu, automaticky mu tuto \u010d\u00e1stku zavedeme na jeho u\u017eivatelsk\u00fd \u00fa\u010det.<\/li>\n<\/ul>\n<h2>Jackpot PowerBall AU<\/h2>\n<p>Minim\u00e1ln\u00ed garantovan\u00fd jackpot ve h\u0159e PowerBall AU \u010din\u00ed 3 miliony australsk\u00fdch dolar\u016f a nen\u00ed zde \u017e\u00e1dn\u00fd limit pro kumulaci, tak\u017ee jackpot m\u016f\u017ee postupn\u011b dos\u00e1hnout a\u017e n\u011bkolikamilionov\u00e9 v\u00fd\u0161e.<\/p>\n<p>Dosavadn\u00ed rekordn\u00ed jackpot \u010din\u00ed 80 milion\u016f AUD, kter\u00e9ho bylo dosa\u017eeno v \u010dervenci 2009 a o kter\u00fd se pod\u011blili dva v\u00fdherci z Nov\u00e9ho Ji\u017en\u00edho Walesu a Victorie.<\/p>\n<p>Od posledn\u00ed aktualizace pravidel v dubnu 2018 byl jackpot vyhr\u00e1n pouze dvakr\u00e1t:<\/p>\n<ul>\n<li>Dne<sup>19.<\/sup> dubna 2018 a odpov\u00eddaj\u00edc\u00edmu prvn\u00edmu slosov\u00e1n\u00ed nov\u00fdch pravidel byla doru\u010dena v\u00fdhra prvn\u00ed kategorie ve v\u00fd\u0161i 8 milion\u016f australsk\u00fdch dolar\u016f.<\/li>\n<li>Dne<sup>7.<\/sup> \u010dervna 2018 z\u00edskal v\u00fdherce cenu prvn\u00ed kategorie s \u010d\u00e1stkou 50 milion\u016f australsk\u00fdch dolar\u016f.<\/li>\n<\/ul>\n<p>Saturday Lotto je n\u00e1rodn\u00ed loterie Austr\u00e1lie, kter\u00e1 se losuje v sobotu ve\u010der. P\u0159esto\u017ee se jedn\u00e1 o loterii s celost\u00e1tn\u00ed p\u016fsobnost\u00ed, je uzn\u00e1v\u00e1na pod r\u016fzn\u00fdmi n\u00e1zvy v z\u00e1vislosti na \u00fazem\u00ed, kde je uv\u00e1d\u011bna na trh.<\/p>\n","protected":false},"excerpt":{"rendered":"<p>PowerBall AU se na trhu objevuje 23. b\u0159ezna 1996. Zpo\u010d\u00e1tku musel hr\u00e1\u010d vybrat 5 \u010d\u00edsel ze 45, kter\u00e1 tvo\u0159ila prvn\u00ed \u010d\u00e1st tabulky, a tak\u00e9 vybrat 1 dal\u0161\u00ed \u010d\u00edslo zn\u00e1m\u00e9 jako \u201ePowerball\u201c z druh\u00e9 skupiny. Pravidla hry AU Powerball V b\u0159eznu 2013 byla pravidla zm\u011bn\u011bna a bylo stanoveno, \u017ee v\u00fdhern\u00ed kombinaci je t\u0159eba z\u00edskat ze 6 [&hellip;]<\/p>\n","protected":false},"author":2,"featured_media":0,"parent":16747,"menu_order":17,"comment_status":"closed","ping_status":"closed","template":"powerball-au-info.php","meta":{"_et_pb_use_builder":"","_et_pb_old_content":"","_et_gb_content_width":"","exclude_from_search":false,"footnotes":""},"class_list":["post-16873","page","type-page","status-publish","hentry"],"yoast_head":"<!-- This site is optimized with the Yoast SEO plugin v23.7 - https:\/\/yoast.com\/wordpress\/plugins\/seo\/ -->\n<title>\u25b7 Powerball AU FAQ \u25b7 Pravidla Powerball Australia | Lottohoy<\/title>\n<meta name=\"description\" content=\"PowerBall AU je nejv\u011bt\u0161\u00ed loterie z Austr\u00e1lie. N\u00ed\u017ee najdete v\u0161echny informace o t\u00e9to h\u0159e: pravidla, reuslty, jackpoty a n\u011bkolik trik\u016f, jak vyhr\u00e1t v\u00edce.\" \/>\n<meta name=\"robots\" content=\"index, follow, max-snippet:-1, max-image-preview:large, max-video-preview:-1\" \/>\n<link rel=\"canonical\" href=\"https:\/\/lottohoy.com\/cs\/nejcastejsi-dotazy-k-online-loterii\/powerball-au-faq\/\" \/>\n<meta property=\"og:locale\" content=\"cs_CZ\" \/>\n<meta property=\"og:type\" content=\"article\" \/>\n<meta property=\"og:title\" content=\"\u25b7 Powerball AU FAQ \u25b7 Pravidla Powerball Australia | Lottohoy\" \/>\n<meta property=\"og:description\" content=\"PowerBall AU je nejv\u011bt\u0161\u00ed loterie z Austr\u00e1lie. N\u00ed\u017ee najdete v\u0161echny informace o t\u00e9to h\u0159e: pravidla, reuslty, jackpoty a n\u011bkolik trik\u016f, jak vyhr\u00e1t v\u00edce.\" \/>\n<meta property=\"og:url\" content=\"https:\/\/lottohoy.com\/cs\/nejcastejsi-dotazy-k-online-loterii\/powerball-au-faq\/\" \/>\n<meta property=\"og:site_name\" content=\"Lottohoy\" \/>\n<meta name=\"twitter:card\" content=\"summary_large_image\" \/>\n<meta name=\"twitter:label1\" content=\"Odhadovan\u00e1 doba \u010dten\u00ed\" \/>\n\t<meta name=\"twitter:data1\" content=\"2 minuty\" \/>\n<script type=\"application\/ld+json\" class=\"yoast-schema-graph\">{\"@context\":\"https:\/\/schema.org\",\"@graph\":[{\"@type\":\"WebPage\",\"@id\":\"https:\/\/lottohoy.com\/cs\/nejcastejsi-dotazy-k-online-loterii\/powerball-au-faq\/\",\"url\":\"https:\/\/lottohoy.com\/cs\/nejcastejsi-dotazy-k-online-loterii\/powerball-au-faq\/\",\"name\":\"\u25b7 Powerball AU FAQ \u25b7 Pravidla Powerball Australia | Lottohoy\",\"isPartOf\":{\"@id\":\"https:\/\/lottohoy.com\/cs\/#website\"},\"datePublished\":\"2018-08-21T09:29:37+00:00\",\"dateModified\":\"2018-08-21T09:29:37+00:00\",\"description\":\"PowerBall AU je nejv\u011bt\u0161\u00ed loterie z Austr\u00e1lie. N\u00ed\u017ee najdete v\u0161echny informace o t\u00e9to h\u0159e: pravidla, reuslty, jackpoty a n\u011bkolik trik\u016f, jak vyhr\u00e1t v\u00edce.\",\"breadcrumb\":{\"@id\":\"https:\/\/lottohoy.com\/cs\/nejcastejsi-dotazy-k-online-loterii\/powerball-au-faq\/#breadcrumb\"},\"inLanguage\":\"cs\",\"potentialAction\":[{\"@type\":\"ReadAction\",\"target\":[\"https:\/\/lottohoy.com\/cs\/nejcastejsi-dotazy-k-online-loterii\/powerball-au-faq\/\"]}]},{\"@type\":\"BreadcrumbList\",\"@id\":\"https:\/\/lottohoy.com\/cs\/nejcastejsi-dotazy-k-online-loterii\/powerball-au-faq\/#breadcrumb\",\"itemListElement\":[{\"@type\":\"ListItem\",\"position\":1,\"name\":\"Home\",\"item\":\"https:\/\/lottohoy.com\/cs\/\"},{\"@type\":\"ListItem\",\"position\":2,\"name\":\"Informace o loterii\",\"item\":\"https:\/\/lottohoy.com\/cs\/nejcastejsi-dotazy-k-online-loterii\/\"},{\"@type\":\"ListItem\",\"position\":3,\"name\":\"Powerball AU FAQ\"}]},{\"@type\":\"WebSite\",\"@id\":\"https:\/\/lottohoy.com\/cs\/#website\",\"url\":\"https:\/\/lottohoy.com\/cs\/\",\"name\":\"Lottohoy\",\"description\":\"\",\"potentialAction\":[{\"@type\":\"SearchAction\",\"target\":{\"@type\":\"EntryPoint\",\"urlTemplate\":\"https:\/\/lottohoy.com\/cs\/?s={search_term_string}\"},\"query-input\":{\"@type\":\"PropertyValueSpecification\",\"valueRequired\":true,\"valueName\":\"search_term_string\"}}],\"inLanguage\":\"cs\"}]}<\/script>\n<!-- \/ Yoast SEO plugin. -->","yoast_head_json":{"title":"\u25b7 Powerball AU FAQ \u25b7 Pravidla Powerball Australia | Lottohoy","description":"PowerBall AU je nejv\u011bt\u0161\u00ed loterie z Austr\u00e1lie. N\u00ed\u017ee najdete v\u0161echny informace o t\u00e9to h\u0159e: pravidla, reuslty, jackpoty a n\u011bkolik trik\u016f, jak vyhr\u00e1t v\u00edce.","robots":{"index":"index","follow":"follow","max-snippet":"max-snippet:-1","max-image-preview":"max-image-preview:large","max-video-preview":"max-video-preview:-1"},"canonical":"https:\/\/lottohoy.com\/cs\/nejcastejsi-dotazy-k-online-loterii\/powerball-au-faq\/","og_locale":"cs_CZ","og_type":"article","og_title":"\u25b7 Powerball AU FAQ \u25b7 Pravidla Powerball Australia | Lottohoy","og_description":"PowerBall AU je nejv\u011bt\u0161\u00ed loterie z Austr\u00e1lie. N\u00ed\u017ee najdete v\u0161echny informace o t\u00e9to h\u0159e: pravidla, reuslty, jackpoty a n\u011bkolik trik\u016f, jak vyhr\u00e1t v\u00edce.","og_url":"https:\/\/lottohoy.com\/cs\/nejcastejsi-dotazy-k-online-loterii\/powerball-au-faq\/","og_site_name":"Lottohoy","twitter_card":"summary_large_image","twitter_misc":{"Odhadovan\u00e1 doba \u010dten\u00ed":"2 minuty"},"schema":{"@context":"https:\/\/schema.org","@graph":[{"@type":"WebPage","@id":"https:\/\/lottohoy.com\/cs\/nejcastejsi-dotazy-k-online-loterii\/powerball-au-faq\/","url":"https:\/\/lottohoy.com\/cs\/nejcastejsi-dotazy-k-online-loterii\/powerball-au-faq\/","name":"\u25b7 Powerball AU FAQ \u25b7 Pravidla Powerball Australia | Lottohoy","isPartOf":{"@id":"https:\/\/lottohoy.com\/cs\/#website"},"datePublished":"2018-08-21T09:29:37+00:00","dateModified":"2018-08-21T09:29:37+00:00","description":"PowerBall AU je nejv\u011bt\u0161\u00ed loterie z Austr\u00e1lie. N\u00ed\u017ee najdete v\u0161echny informace o t\u00e9to h\u0159e: pravidla, reuslty, jackpoty a n\u011bkolik trik\u016f, jak vyhr\u00e1t v\u00edce.","breadcrumb":{"@id":"https:\/\/lottohoy.com\/cs\/nejcastejsi-dotazy-k-online-loterii\/powerball-au-faq\/#breadcrumb"},"inLanguage":"cs","potentialAction":[{"@type":"ReadAction","target":["https:\/\/lottohoy.com\/cs\/nejcastejsi-dotazy-k-online-loterii\/powerball-au-faq\/"]}]},{"@type":"BreadcrumbList","@id":"https:\/\/lottohoy.com\/cs\/nejcastejsi-dotazy-k-online-loterii\/powerball-au-faq\/#breadcrumb","itemListElement":[{"@type":"ListItem","position":1,"name":"Home","item":"https:\/\/lottohoy.com\/cs\/"},{"@type":"ListItem","position":2,"name":"Informace o loterii","item":"https:\/\/lottohoy.com\/cs\/nejcastejsi-dotazy-k-online-loterii\/"},{"@type":"ListItem","position":3,"name":"Powerball AU FAQ"}]},{"@type":"WebSite","@id":"https:\/\/lottohoy.com\/cs\/#website","url":"https:\/\/lottohoy.com\/cs\/","name":"Lottohoy","description":"","potentialAction":[{"@type":"SearchAction","target":{"@type":"EntryPoint","urlTemplate":"https:\/\/lottohoy.com\/cs\/?s={search_term_string}"},"query-input":{"@type":"PropertyValueSpecification","valueRequired":true,"valueName":"search_term_string"}}],"inLanguage":"cs"}]}},"_links":{"self":[{"href":"https:\/\/lottohoy.com\/cs\/wp-json\/wp\/v2\/pages\/16873","targetHints":{"allow":["GET"]}}],"collection":[{"href":"https:\/\/lottohoy.com\/cs\/wp-json\/wp\/v2\/pages"}],"about":[{"href":"https:\/\/lottohoy.com\/cs\/wp-json\/wp\/v2\/types\/page"}],"author":[{"embeddable":true,"href":"https:\/\/lottohoy.com\/cs\/wp-json\/wp\/v2\/users\/2"}],"replies":[{"embeddable":true,"href":"https:\/\/lottohoy.com\/cs\/wp-json\/wp\/v2\/comments?post=16873"}],"version-history":[{"count":0,"href":"https:\/\/lottohoy.com\/cs\/wp-json\/wp\/v2\/pages\/16873\/revisions"}],"up":[{"embeddable":true,"href":"https:\/\/lottohoy.com\/cs\/wp-json\/wp\/v2\/pages\/16747"}],"wp:attachment":[{"href":"https:\/\/lottohoy.com\/cs\/wp-json\/wp\/v2\/media?parent=16873"}],"curies":[{"name":"wp","href":"https:\/\/api.w.org\/{rel}","templated":true}]}}