{"id":16870,"date":"2020-08-10T16:00:00","date_gmt":"2020-08-10T15:00:00","guid":{"rendered":"https:\/\/lottohoy.com\/?page_id=16870"},"modified":"2025-03-25T15:06:08","modified_gmt":"2025-03-25T15:06:08","slug":"mega-sena-informace","status":"publish","type":"page","link":"https:\/\/lottohoy.com\/cs\/nejcastejsi-dotazy-k-online-loterii\/mega-sena-informace\/","title":{"rendered":"Mega Sena Informace"},"content":{"rendered":"<h2>Co je Mega Sena?<\/h2>\n<p>Tato loterie byla vytvo\u0159ena v b\u0159eznu 1996 a je provozov\u00e1na prost\u0159ednictv\u00edm feder\u00e1ln\u00ed banky Caixa Economica, finan\u010dn\u00ed instituce, kter\u00e1 je z\u00e1visl\u00e1 na brazilsk\u00e9 feder\u00e1ln\u00ed vl\u00e1d\u011b jako ve\u0159ejn\u00e1 spole\u010dnost se 100% pod\u00edlem na kapit\u00e1lu.<\/p>\n<p>Tato loterie, kter\u00e1 je nejv\u011bt\u0161\u00ed v cel\u00e9 Ji\u017en\u00ed Americe, m\u00e1 garantovanou minim\u00e1ln\u00ed v\u00fdhru 2 000 000 rupi\u00ed pro v\u00fdherce prvn\u00ed kategorie (6 v\u00fdher).<\/p>\n<p>V p\u0159\u00edpad\u011b, \u017ee se v prvn\u00ed kategorii nenajde \u017e\u00e1dn\u00fd v\u00fdherce, bude se \u010d\u00e1stka neomezen\u011b kumulovat pro n\u00e1sleduj\u00edc\u00ed losov\u00e1n\u00ed, dokud se nenajdou v\u00fdherci.<\/p>\n<h2>Jak hr\u00e1t Mega Senu?<\/h2>\n<p>Pro hran\u00ed slosov\u00e1n\u00ed Mega Sena online mus\u00ed hr\u00e1\u010d nastavit svou progn\u00f3zu v\u00fdb\u011brem 6 \u010d\u00edsel v rozmez\u00ed 1 a\u017e 60. M\u016f\u017ee tak u\u010dinit tradi\u010dn\u00edm zp\u016fsobem, tj. ru\u010dn\u00edm ozna\u010den\u00edm \u0161esti pol\u00ed\u010dek, nebo t\u00edm, \u017ee nech\u00e1 syst\u00e9m, aby s\u00e1m n\u00e1hodn\u011b vybral kombinaci.<\/p>\n<p>V\u00edcen\u00e1sobn\u00e9 s\u00e1zky, kter\u00e9 lze uzav\u0159\u00edt s fyzick\u00fdmi tikety, nejsou na na\u0161\u00ed online platform\u011b (alespo\u0148 prozat\u00edm) mo\u017en\u00e9.<\/p>\n<h2>Cena s\u00e1zek<\/h2>\n<p>Cena ka\u017ed\u00e9 s\u00e1zky na Mega Senu v LottoHoy je 2 \u20ac.<\/p>\n<h2>Speci\u00e1ln\u00ed losov\u00e1n\u00ed Mega Sena na konci roku<\/h2>\n<p>Na konci roku se kon\u00e1 speci\u00e1ln\u00ed slosov\u00e1n\u00ed, jeho\u017e v\u00fdhra se kumuluje ze shrom\u00e1\u017ed\u011bn\u00ed 5 % v\u00fdher v b\u011b\u017en\u00fdch slosov\u00e1n\u00edch v pr\u016fb\u011bhu roku.<\/p>\n<p>Toto speci\u00e1ln\u00ed losov\u00e1n\u00ed se naz\u00fdv\u00e1 Mega Sena da Virada a prod\u00e1vaj\u00ed se v n\u011bm tikety od listopadu do prosince pro losov\u00e1n\u00ed 31. prosince.<\/p>\n<p>Rozd\u011blen\u00ed v\u00fdher je velmi podobn\u00e9 b\u011b\u017en\u00fdm slosov\u00e1n\u00edm v ka\u017ed\u00e9m t\u00fddnu, a 62 % z vybran\u00fdch v\u00fdher p\u0159ipadne na v\u00fdherce prvn\u00ed kategorie (6 z\u00e1pas\u016f) zvan\u00e9 tak\u00e9 Sena,<\/p>\n<p>Druh\u00e1 kategorie v\u00fdher (neboli Kina 5 z\u00e1sah\u016f) Mega Virada, rozd\u011bluje 19 % vybran\u00fdch pen\u011bz, stejn\u011b jako t\u0159et\u00ed kategorie (Quadra 4 z\u00e1sahy).<\/p>\n<p>Pokud v prvn\u00ed kategorii nen\u00ed \u017e\u00e1dn\u00fd v\u00fdherce, kumuluje se v\u00fdhra pro p\u0159\u00edpadn\u00e9 v\u00fdherce druh\u00e9 kategorie, a pokud nen\u00ed \u017e\u00e1dn\u00fd v\u00fdherce v prvn\u00ed ani druh\u00e9 kategorii, rozd\u011bl\u00ed se v\u00fdhra mezi v\u00fdherce 4 z\u00e1pas\u016f ve t\u0159et\u00ed kategorii.<\/p>\n<p>Pokud nebude \u017e\u00e1dn\u00fd v\u00fdherce v \u017e\u00e1dn\u00e9 z kategori\u00ed, bude v\u00fd\u0161e cen kumulov\u00e1na pro dal\u0161\u00ed losov\u00e1n\u00ed v p\u0159\u00edslu\u0161n\u00fdch kategori\u00edch.<\/p>\n<h2>Mimo\u0159\u00e1dn\u00e1 losov\u00e1n\u00ed loterie Mega Sena<\/h2>\n<p>Krom\u011b mimo\u0159\u00e1dn\u00e9ho silvestrovsk\u00e9ho slosov\u00e1n\u00ed Mega Sena da Virada existuje n\u011bkolik dal\u0161\u00edch slosov\u00e1n\u00ed, ve kter\u00fdch mohou hr\u00e1\u010di zkusit sv\u00e9 \u0161t\u011bst\u00ed.<\/p>\n<p>Lotof\u00e1cil da Independ\u00eancia, kter\u00e9 se shoduje s datem nez\u00e1vislosti zem\u011b 7. z\u00e1\u0159\u00ed.<\/p>\n<p>A DuplaSena, kter\u00e9 se shoduje s Velikonocemi a jmenuje se Dupla de Pascoa.<\/p>\n<h3>Kategorie cen<\/h3>\n<p>Celkem existuj\u00ed 3 kategorie cen, jak je patrn\u00e9 z n\u00e1sleduj\u00edc\u00ed tabulky<\/p>\n","protected":false},"excerpt":{"rendered":"<p>Co je Mega Sena? Tato loterie byla vytvo\u0159ena v b\u0159eznu 1996 a je provozov\u00e1na prost\u0159ednictv\u00edm feder\u00e1ln\u00ed banky Caixa Economica, finan\u010dn\u00ed instituce, kter\u00e1 je z\u00e1visl\u00e1 na brazilsk\u00e9 feder\u00e1ln\u00ed vl\u00e1d\u011b jako ve\u0159ejn\u00e1 spole\u010dnost se 100% pod\u00edlem na kapit\u00e1lu. Tato loterie, kter\u00e1 je nejv\u011bt\u0161\u00ed v cel\u00e9 Ji\u017en\u00ed Americe, m\u00e1 garantovanou minim\u00e1ln\u00ed v\u00fdhru 2 000 000 rupi\u00ed pro v\u00fdherce [&hellip;]<\/p>\n","protected":false},"author":7,"featured_media":0,"parent":16747,"menu_order":16,"comment_status":"closed","ping_status":"closed","template":"megasena-info.php","meta":{"_et_pb_use_builder":"","_et_pb_old_content":"","_et_gb_content_width":"","exclude_from_search":false,"footnotes":""},"class_list":["post-16870","page","type-page","status-publish","hentry"],"yoast_head":"<!-- This site is optimized with the Yoast SEO plugin v23.7 - https:\/\/yoast.com\/wordpress\/plugins\/seo\/ -->\n<title>Informace o loterii Mega Sena - Lottohoy.com<\/title>\n<meta name=\"description\" content=\"V\u0161echny podrobnosti a informace o loterii Mega Sena, podrobnosti o cen\u00e1ch, hr\u00e1ch a v\u00fdhod\u00e1ch hran\u00ed online.\" \/>\n<meta name=\"robots\" content=\"index, follow, max-snippet:-1, max-image-preview:large, max-video-preview:-1\" \/>\n<link rel=\"canonical\" href=\"https:\/\/lottohoy.com\/cs\/nejcastejsi-dotazy-k-online-loterii\/mega-sena-informace\/\" \/>\n<meta property=\"og:locale\" content=\"cs_CZ\" \/>\n<meta property=\"og:type\" content=\"article\" \/>\n<meta property=\"og:title\" content=\"Informace o loterii Mega Sena - Lottohoy.com\" \/>\n<meta property=\"og:description\" content=\"V\u0161echny podrobnosti a informace o loterii Mega Sena, podrobnosti o cen\u00e1ch, hr\u00e1ch a v\u00fdhod\u00e1ch hran\u00ed online.\" \/>\n<meta property=\"og:url\" content=\"https:\/\/lottohoy.com\/cs\/nejcastejsi-dotazy-k-online-loterii\/mega-sena-informace\/\" \/>\n<meta property=\"og:site_name\" content=\"Lottohoy\" \/>\n<meta property=\"article:modified_time\" content=\"2025-03-25T15:06:08+00:00\" \/>\n<meta name=\"twitter:card\" content=\"summary_large_image\" \/>\n<meta name=\"twitter:label1\" content=\"Odhadovan\u00e1 doba \u010dten\u00ed\" \/>\n\t<meta name=\"twitter:data1\" content=\"2 minuty\" \/>\n<script type=\"application\/ld+json\" class=\"yoast-schema-graph\">{\"@context\":\"https:\/\/schema.org\",\"@graph\":[{\"@type\":\"WebPage\",\"@id\":\"https:\/\/lottohoy.com\/cs\/nejcastejsi-dotazy-k-online-loterii\/mega-sena-informace\/\",\"url\":\"https:\/\/lottohoy.com\/cs\/nejcastejsi-dotazy-k-online-loterii\/mega-sena-informace\/\",\"name\":\"Informace o loterii Mega Sena - Lottohoy.com\",\"isPartOf\":{\"@id\":\"https:\/\/lottohoy.com\/cs\/#website\"},\"datePublished\":\"2020-08-10T15:00:00+00:00\",\"dateModified\":\"2025-03-25T15:06:08+00:00\",\"description\":\"V\u0161echny podrobnosti a informace o loterii Mega Sena, podrobnosti o cen\u00e1ch, hr\u00e1ch a v\u00fdhod\u00e1ch hran\u00ed online.\",\"breadcrumb\":{\"@id\":\"https:\/\/lottohoy.com\/cs\/nejcastejsi-dotazy-k-online-loterii\/mega-sena-informace\/#breadcrumb\"},\"inLanguage\":\"cs\",\"potentialAction\":[{\"@type\":\"ReadAction\",\"target\":[\"https:\/\/lottohoy.com\/cs\/nejcastejsi-dotazy-k-online-loterii\/mega-sena-informace\/\"]}]},{\"@type\":\"BreadcrumbList\",\"@id\":\"https:\/\/lottohoy.com\/cs\/nejcastejsi-dotazy-k-online-loterii\/mega-sena-informace\/#breadcrumb\",\"itemListElement\":[{\"@type\":\"ListItem\",\"position\":1,\"name\":\"Home\",\"item\":\"https:\/\/lottohoy.com\/cs\/\"},{\"@type\":\"ListItem\",\"position\":2,\"name\":\"Informace o loterii\",\"item\":\"https:\/\/lottohoy.com\/cs\/nejcastejsi-dotazy-k-online-loterii\/\"},{\"@type\":\"ListItem\",\"position\":3,\"name\":\"Mega Sena Informace\"}]},{\"@type\":\"WebSite\",\"@id\":\"https:\/\/lottohoy.com\/cs\/#website\",\"url\":\"https:\/\/lottohoy.com\/cs\/\",\"name\":\"Lottohoy\",\"description\":\"\",\"potentialAction\":[{\"@type\":\"SearchAction\",\"target\":{\"@type\":\"EntryPoint\",\"urlTemplate\":\"https:\/\/lottohoy.com\/cs\/?s={search_term_string}\"},\"query-input\":{\"@type\":\"PropertyValueSpecification\",\"valueRequired\":true,\"valueName\":\"search_term_string\"}}],\"inLanguage\":\"cs\"}]}<\/script>\n<!-- \/ Yoast SEO plugin. -->","yoast_head_json":{"title":"Informace o loterii Mega Sena - Lottohoy.com","description":"V\u0161echny podrobnosti a informace o loterii Mega Sena, podrobnosti o cen\u00e1ch, hr\u00e1ch a v\u00fdhod\u00e1ch hran\u00ed online.","robots":{"index":"index","follow":"follow","max-snippet":"max-snippet:-1","max-image-preview":"max-image-preview:large","max-video-preview":"max-video-preview:-1"},"canonical":"https:\/\/lottohoy.com\/cs\/nejcastejsi-dotazy-k-online-loterii\/mega-sena-informace\/","og_locale":"cs_CZ","og_type":"article","og_title":"Informace o loterii Mega Sena - Lottohoy.com","og_description":"V\u0161echny podrobnosti a informace o loterii Mega Sena, podrobnosti o cen\u00e1ch, hr\u00e1ch a v\u00fdhod\u00e1ch hran\u00ed online.","og_url":"https:\/\/lottohoy.com\/cs\/nejcastejsi-dotazy-k-online-loterii\/mega-sena-informace\/","og_site_name":"Lottohoy","article_modified_time":"2025-03-25T15:06:08+00:00","twitter_card":"summary_large_image","twitter_misc":{"Odhadovan\u00e1 doba \u010dten\u00ed":"2 minuty"},"schema":{"@context":"https:\/\/schema.org","@graph":[{"@type":"WebPage","@id":"https:\/\/lottohoy.com\/cs\/nejcastejsi-dotazy-k-online-loterii\/mega-sena-informace\/","url":"https:\/\/lottohoy.com\/cs\/nejcastejsi-dotazy-k-online-loterii\/mega-sena-informace\/","name":"Informace o loterii Mega Sena - Lottohoy.com","isPartOf":{"@id":"https:\/\/lottohoy.com\/cs\/#website"},"datePublished":"2020-08-10T15:00:00+00:00","dateModified":"2025-03-25T15:06:08+00:00","description":"V\u0161echny podrobnosti a informace o loterii Mega Sena, podrobnosti o cen\u00e1ch, hr\u00e1ch a v\u00fdhod\u00e1ch hran\u00ed online.","breadcrumb":{"@id":"https:\/\/lottohoy.com\/cs\/nejcastejsi-dotazy-k-online-loterii\/mega-sena-informace\/#breadcrumb"},"inLanguage":"cs","potentialAction":[{"@type":"ReadAction","target":["https:\/\/lottohoy.com\/cs\/nejcastejsi-dotazy-k-online-loterii\/mega-sena-informace\/"]}]},{"@type":"BreadcrumbList","@id":"https:\/\/lottohoy.com\/cs\/nejcastejsi-dotazy-k-online-loterii\/mega-sena-informace\/#breadcrumb","itemListElement":[{"@type":"ListItem","position":1,"name":"Home","item":"https:\/\/lottohoy.com\/cs\/"},{"@type":"ListItem","position":2,"name":"Informace o loterii","item":"https:\/\/lottohoy.com\/cs\/nejcastejsi-dotazy-k-online-loterii\/"},{"@type":"ListItem","position":3,"name":"Mega Sena Informace"}]},{"@type":"WebSite","@id":"https:\/\/lottohoy.com\/cs\/#website","url":"https:\/\/lottohoy.com\/cs\/","name":"Lottohoy","description":"","potentialAction":[{"@type":"SearchAction","target":{"@type":"EntryPoint","urlTemplate":"https:\/\/lottohoy.com\/cs\/?s={search_term_string}"},"query-input":{"@type":"PropertyValueSpecification","valueRequired":true,"valueName":"search_term_string"}}],"inLanguage":"cs"}]}},"_links":{"self":[{"href":"https:\/\/lottohoy.com\/cs\/wp-json\/wp\/v2\/pages\/16870","targetHints":{"allow":["GET"]}}],"collection":[{"href":"https:\/\/lottohoy.com\/cs\/wp-json\/wp\/v2\/pages"}],"about":[{"href":"https:\/\/lottohoy.com\/cs\/wp-json\/wp\/v2\/types\/page"}],"author":[{"embeddable":true,"href":"https:\/\/lottohoy.com\/cs\/wp-json\/wp\/v2\/users\/7"}],"replies":[{"embeddable":true,"href":"https:\/\/lottohoy.com\/cs\/wp-json\/wp\/v2\/comments?post=16870"}],"version-history":[{"count":1,"href":"https:\/\/lottohoy.com\/cs\/wp-json\/wp\/v2\/pages\/16870\/revisions"}],"predecessor-version":[{"id":16871,"href":"https:\/\/lottohoy.com\/cs\/wp-json\/wp\/v2\/pages\/16870\/revisions\/16871"}],"up":[{"embeddable":true,"href":"https:\/\/lottohoy.com\/cs\/wp-json\/wp\/v2\/pages\/16747"}],"wp:attachment":[{"href":"https:\/\/lottohoy.com\/cs\/wp-json\/wp\/v2\/media?parent=16870"}],"curies":[{"name":"wp","href":"https:\/\/api.w.org\/{rel}","templated":true}]}}