{"id":16859,"date":"2020-08-10T21:42:04","date_gmt":"2020-08-10T20:42:04","guid":{"rendered":"https:\/\/lottohoy.com\/nejcastejsi-dotazy-k-online-loterii\/lotto-america-informace\/"},"modified":"2020-08-10T21:42:04","modified_gmt":"2020-08-10T20:42:04","slug":"lotto-america-informace","status":"publish","type":"page","link":"https:\/\/lottohoy.com\/cs\/nejcastejsi-dotazy-k-online-loterii\/lotto-america-informace\/","title":{"rendered":"Lotto America Informace"},"content":{"rendered":"<p>Lotto America je v\u00edcest\u00e1tn\u00ed loterie, kter\u00e1 vznikla v roce 1988 a byla provozov\u00e1na asociac\u00ed Multi-State Lottery Association za \u00fa\u010dasti 7 st\u00e1t\u016f a v pr\u016fb\u011bhu let se vyv\u00edjela a\u017e do roku 1992, kdy vznikl sou\u010dasn\u00fd Powerball. V listopadu 2017 bude znovu spu\u0161t\u011bna se sv\u00fdm sou\u010dasn\u00fdm syst\u00e9mem, kter\u00fd \u00fa\u010dastn\u00edk\u016fm d\u00e1v\u00e1 mo\u017enost vyhr\u00e1t ceny v dev\u00edti r\u016fzn\u00fdch kategori\u00edch.<\/p>\n<h2>Pravidla programu Lotto America<\/h2>\n<p>Lotto America, je snadno pochopiteln\u00e1 a hrateln\u00e1 loterie. Na tiketu s jednou s\u00e1zkou mus\u00ed hr\u00e1\u010d vybrat 5 \u010d\u00edsel z 52 mo\u017en\u00fdch \u010d\u00edsel v prvn\u00edm kvadrantu a dal\u0161\u00ed 1 \u010d\u00edslo pro hv\u011bzdn\u00fd m\u00ed\u010dek od 1l 1 do 10, ve spodn\u00edm poli sloupce.<\/p>\n<p>Ke stejn\u00e9mu tiketu lze nav\u00edc hlavn\u00ed tah doplnit tiketem All Star, kter\u00fd za p\u0159\u00edplatek d\u00e1v\u00e1 hr\u00e1\u010d\u016fm mo\u017enost vyhr\u00e1t v\u00fdhru (krom\u011b prvn\u00ed kategorie) vyn\u00e1sobenou 2, 3 nebo 4kr\u00e1t. (Funkce All Star, nen\u00ed v tuto chv\u00edli na LottoHoy k dispozici).<\/p>\n<p>Chcete-li hr\u00e1t Lotto America, mus\u00edte b\u00fdt plnolet\u00ed (ve st\u00e1t\u011b Iowa je plnoletost 21 let).<\/p>\n<h2>V\u00fdhody hran\u00ed Lotto America online<\/h2>\n<p>Pro \u00fa\u010dast v jejich milion\u00e1\u0159sk\u00fdch jackpotech nen\u00ed t\u0159eba cestovat do \u017e\u00e1dn\u00e9ho ze st\u00e1t\u016f USA, kter\u00e9 jsou sou\u010d\u00e1st\u00ed t\u00e9to loterie (Delaware, Idaho, Iowa, Kansas, Maine, Minnesota, Montana, Nov\u00e9 Mexiko, Severn\u00ed Dkota, Ji\u017en\u00ed Dakota, Oklahoma, Tennessee, Z\u00e1padn\u00ed Virginie.<\/p>\n<p>Prost\u0159ednictv\u00edm na\u0161\u00ed platformy m\u00e1te p\u0159\u00edstup k hran\u00ed loteri\u00ed z cel\u00e9ho sv\u011bta, jako je tomu v p\u0159\u00edpad\u011b Lotto America. Z jak\u00e9hokoli mobiln\u00edho za\u0159\u00edzen\u00ed, tabletu nebo stoln\u00edho po\u010d\u00edta\u010de.<\/p>\n<p>K dispozici jsou neust\u00e1l\u00e9 informace o v\u0161ech losov\u00e1n\u00edch, nasb\u00edran\u00fdch jackpotech, v\u00fdhr\u00e1ch a mnoha dal\u0161\u00edch v\u011bcech.<\/p>\n<p>Hran\u00ed Lotto America prost\u0159ednictv\u00edm online platformy, jako je LottoHoy.com, je bezpe\u010dn\u00e9 a spolehliv\u00e9 pro v\u0161echny vklady a v\u00fdb\u011bry.<\/p>\n<p>Pokud vyhrajete, automaticky se v\u00e1m \u010d\u00e1stka t\u00e9to v\u00fdhry, a\u017e do v\u00fd\u0161e 2500 eur, okam\u017eit\u011b p\u0159ip\u00ed\u0161e na v\u00e1\u0161 u\u017eivatelsk\u00fd \u00fa\u010det.<\/p>\n<h2>Podl\u00e9haj\u00ed v\u00fdhry v Lotto America zdan\u011bn\u00ed?<\/h2>\n<p>Ano, v\u0161echny v\u00fdhry nad 600 USD jsou zdan\u011bny feder\u00e1ln\u00ed sr\u00e1\u017ekovou dan\u00ed ve v\u00fd\u0161i 28 % (nerezidenti nebo hr\u00e1\u010di z jin\u00fdch zem\u00ed 30 %).<\/p>\n<h2>Jak\u00e9 jsou \u0161ance na v\u00fdhru jackpotu Lotto America?<\/h2>\n<p>Pravd\u011bpodobnost v\u00fdhry jackpotu Lotto America je 1 ku 25 989 600. To z n\u00ed \u010din\u00ed jednu z loteri\u00ed s jednou z nejvy\u0161\u0161\u00edch \u0161anc\u00ed na v\u00fdhru.<\/p>\n<h2>Jak\u00e9 jsou \u0161ance na v\u00fdhru jak\u00e9koli ceny Lotto America?<\/h2>\n<p>Pravd\u011bpodobnost v\u00fdhry ceny v n\u011bkter\u00e9 z kategori\u00ed standardn\u00ed hry je 1 ku 17.<\/p>\n","protected":false},"excerpt":{"rendered":"<p>Lotto America je v\u00edcest\u00e1tn\u00ed loterie, kter\u00e1 vznikla v roce 1988 a byla provozov\u00e1na asociac\u00ed Multi-State Lottery Association za \u00fa\u010dasti 7 st\u00e1t\u016f a v pr\u016fb\u011bhu let se vyv\u00edjela a\u017e do roku 1992, kdy vznikl sou\u010dasn\u00fd Powerball. V listopadu 2017 bude znovu spu\u0161t\u011bna se sv\u00fdm sou\u010dasn\u00fdm syst\u00e9mem, kter\u00fd \u00fa\u010dastn\u00edk\u016fm d\u00e1v\u00e1 mo\u017enost vyhr\u00e1t ceny v dev\u00edti r\u016fzn\u00fdch kategori\u00edch. [&hellip;]<\/p>\n","protected":false},"author":2,"featured_media":0,"parent":16747,"menu_order":15,"comment_status":"closed","ping_status":"closed","template":"lotto-america-info.php","meta":{"_et_pb_use_builder":"","_et_pb_old_content":"","_et_gb_content_width":"","exclude_from_search":false,"footnotes":""},"class_list":["post-16859","page","type-page","status-publish","hentry"],"yoast_head":"<!-- This site is optimized with the Yoast SEO plugin v23.7 - https:\/\/yoast.com\/wordpress\/plugins\/seo\/ -->\n<title>Informace o Lotto America, pravidla a p\u0159edpisy - LottoHoy.com<\/title>\n<meta name=\"description\" content=\"Osm z dev\u00edti kategori\u00ed s pevn\u011b stanoven\u00fdmi v\u00fdhrami a prvn\u00ed kategorie se speci\u00e1ln\u00ed v\u00fdhrou a progresivn\u00edm jackpotem, Lotto America Informace.\" \/>\n<meta name=\"robots\" content=\"index, follow, max-snippet:-1, max-image-preview:large, max-video-preview:-1\" \/>\n<link rel=\"canonical\" href=\"https:\/\/lottohoy.com\/cs\/nejcastejsi-dotazy-k-online-loterii\/lotto-america-informace\/\" \/>\n<meta property=\"og:locale\" content=\"cs_CZ\" \/>\n<meta property=\"og:type\" content=\"article\" \/>\n<meta property=\"og:title\" content=\"Informace o Lotto America, pravidla a p\u0159edpisy - LottoHoy.com\" \/>\n<meta property=\"og:description\" content=\"Osm z dev\u00edti kategori\u00ed s pevn\u011b stanoven\u00fdmi v\u00fdhrami a prvn\u00ed kategorie se speci\u00e1ln\u00ed v\u00fdhrou a progresivn\u00edm jackpotem, Lotto America Informace.\" \/>\n<meta property=\"og:url\" content=\"https:\/\/lottohoy.com\/cs\/nejcastejsi-dotazy-k-online-loterii\/lotto-america-informace\/\" \/>\n<meta property=\"og:site_name\" content=\"Lottohoy\" \/>\n<meta name=\"twitter:card\" content=\"summary_large_image\" \/>\n<meta name=\"twitter:label1\" content=\"Odhadovan\u00e1 doba \u010dten\u00ed\" \/>\n\t<meta name=\"twitter:data1\" content=\"2 minuty\" \/>\n<script type=\"application\/ld+json\" class=\"yoast-schema-graph\">{\"@context\":\"https:\/\/schema.org\",\"@graph\":[{\"@type\":\"WebPage\",\"@id\":\"https:\/\/lottohoy.com\/cs\/nejcastejsi-dotazy-k-online-loterii\/lotto-america-informace\/\",\"url\":\"https:\/\/lottohoy.com\/cs\/nejcastejsi-dotazy-k-online-loterii\/lotto-america-informace\/\",\"name\":\"Informace o Lotto America, pravidla a p\u0159edpisy - LottoHoy.com\",\"isPartOf\":{\"@id\":\"https:\/\/lottohoy.com\/cs\/#website\"},\"datePublished\":\"2020-08-10T20:42:04+00:00\",\"dateModified\":\"2020-08-10T20:42:04+00:00\",\"description\":\"Osm z dev\u00edti kategori\u00ed s pevn\u011b stanoven\u00fdmi v\u00fdhrami a prvn\u00ed kategorie se speci\u00e1ln\u00ed v\u00fdhrou a progresivn\u00edm jackpotem, Lotto America Informace.\",\"breadcrumb\":{\"@id\":\"https:\/\/lottohoy.com\/cs\/nejcastejsi-dotazy-k-online-loterii\/lotto-america-informace\/#breadcrumb\"},\"inLanguage\":\"cs\",\"potentialAction\":[{\"@type\":\"ReadAction\",\"target\":[\"https:\/\/lottohoy.com\/cs\/nejcastejsi-dotazy-k-online-loterii\/lotto-america-informace\/\"]}]},{\"@type\":\"BreadcrumbList\",\"@id\":\"https:\/\/lottohoy.com\/cs\/nejcastejsi-dotazy-k-online-loterii\/lotto-america-informace\/#breadcrumb\",\"itemListElement\":[{\"@type\":\"ListItem\",\"position\":1,\"name\":\"Home\",\"item\":\"https:\/\/lottohoy.com\/cs\/\"},{\"@type\":\"ListItem\",\"position\":2,\"name\":\"Informace o loterii\",\"item\":\"https:\/\/lottohoy.com\/cs\/nejcastejsi-dotazy-k-online-loterii\/\"},{\"@type\":\"ListItem\",\"position\":3,\"name\":\"Lotto America Informace\"}]},{\"@type\":\"WebSite\",\"@id\":\"https:\/\/lottohoy.com\/cs\/#website\",\"url\":\"https:\/\/lottohoy.com\/cs\/\",\"name\":\"Lottohoy\",\"description\":\"\",\"potentialAction\":[{\"@type\":\"SearchAction\",\"target\":{\"@type\":\"EntryPoint\",\"urlTemplate\":\"https:\/\/lottohoy.com\/cs\/?s={search_term_string}\"},\"query-input\":{\"@type\":\"PropertyValueSpecification\",\"valueRequired\":true,\"valueName\":\"search_term_string\"}}],\"inLanguage\":\"cs\"}]}<\/script>\n<!-- \/ Yoast SEO plugin. -->","yoast_head_json":{"title":"Informace o Lotto America, pravidla a p\u0159edpisy - LottoHoy.com","description":"Osm z dev\u00edti kategori\u00ed s pevn\u011b stanoven\u00fdmi v\u00fdhrami a prvn\u00ed kategorie se speci\u00e1ln\u00ed v\u00fdhrou a progresivn\u00edm jackpotem, Lotto America Informace.","robots":{"index":"index","follow":"follow","max-snippet":"max-snippet:-1","max-image-preview":"max-image-preview:large","max-video-preview":"max-video-preview:-1"},"canonical":"https:\/\/lottohoy.com\/cs\/nejcastejsi-dotazy-k-online-loterii\/lotto-america-informace\/","og_locale":"cs_CZ","og_type":"article","og_title":"Informace o Lotto America, pravidla a p\u0159edpisy - LottoHoy.com","og_description":"Osm z dev\u00edti kategori\u00ed s pevn\u011b stanoven\u00fdmi v\u00fdhrami a prvn\u00ed kategorie se speci\u00e1ln\u00ed v\u00fdhrou a progresivn\u00edm jackpotem, Lotto America Informace.","og_url":"https:\/\/lottohoy.com\/cs\/nejcastejsi-dotazy-k-online-loterii\/lotto-america-informace\/","og_site_name":"Lottohoy","twitter_card":"summary_large_image","twitter_misc":{"Odhadovan\u00e1 doba \u010dten\u00ed":"2 minuty"},"schema":{"@context":"https:\/\/schema.org","@graph":[{"@type":"WebPage","@id":"https:\/\/lottohoy.com\/cs\/nejcastejsi-dotazy-k-online-loterii\/lotto-america-informace\/","url":"https:\/\/lottohoy.com\/cs\/nejcastejsi-dotazy-k-online-loterii\/lotto-america-informace\/","name":"Informace o Lotto America, pravidla a p\u0159edpisy - LottoHoy.com","isPartOf":{"@id":"https:\/\/lottohoy.com\/cs\/#website"},"datePublished":"2020-08-10T20:42:04+00:00","dateModified":"2020-08-10T20:42:04+00:00","description":"Osm z dev\u00edti kategori\u00ed s pevn\u011b stanoven\u00fdmi v\u00fdhrami a prvn\u00ed kategorie se speci\u00e1ln\u00ed v\u00fdhrou a progresivn\u00edm jackpotem, Lotto America Informace.","breadcrumb":{"@id":"https:\/\/lottohoy.com\/cs\/nejcastejsi-dotazy-k-online-loterii\/lotto-america-informace\/#breadcrumb"},"inLanguage":"cs","potentialAction":[{"@type":"ReadAction","target":["https:\/\/lottohoy.com\/cs\/nejcastejsi-dotazy-k-online-loterii\/lotto-america-informace\/"]}]},{"@type":"BreadcrumbList","@id":"https:\/\/lottohoy.com\/cs\/nejcastejsi-dotazy-k-online-loterii\/lotto-america-informace\/#breadcrumb","itemListElement":[{"@type":"ListItem","position":1,"name":"Home","item":"https:\/\/lottohoy.com\/cs\/"},{"@type":"ListItem","position":2,"name":"Informace o loterii","item":"https:\/\/lottohoy.com\/cs\/nejcastejsi-dotazy-k-online-loterii\/"},{"@type":"ListItem","position":3,"name":"Lotto America Informace"}]},{"@type":"WebSite","@id":"https:\/\/lottohoy.com\/cs\/#website","url":"https:\/\/lottohoy.com\/cs\/","name":"Lottohoy","description":"","potentialAction":[{"@type":"SearchAction","target":{"@type":"EntryPoint","urlTemplate":"https:\/\/lottohoy.com\/cs\/?s={search_term_string}"},"query-input":{"@type":"PropertyValueSpecification","valueRequired":true,"valueName":"search_term_string"}}],"inLanguage":"cs"}]}},"_links":{"self":[{"href":"https:\/\/lottohoy.com\/cs\/wp-json\/wp\/v2\/pages\/16859","targetHints":{"allow":["GET"]}}],"collection":[{"href":"https:\/\/lottohoy.com\/cs\/wp-json\/wp\/v2\/pages"}],"about":[{"href":"https:\/\/lottohoy.com\/cs\/wp-json\/wp\/v2\/types\/page"}],"author":[{"embeddable":true,"href":"https:\/\/lottohoy.com\/cs\/wp-json\/wp\/v2\/users\/2"}],"replies":[{"embeddable":true,"href":"https:\/\/lottohoy.com\/cs\/wp-json\/wp\/v2\/comments?post=16859"}],"version-history":[{"count":0,"href":"https:\/\/lottohoy.com\/cs\/wp-json\/wp\/v2\/pages\/16859\/revisions"}],"up":[{"embeddable":true,"href":"https:\/\/lottohoy.com\/cs\/wp-json\/wp\/v2\/pages\/16747"}],"wp:attachment":[{"href":"https:\/\/lottohoy.com\/cs\/wp-json\/wp\/v2\/media?parent=16859"}],"curies":[{"name":"wp","href":"https:\/\/api.w.org\/{rel}","templated":true}]}}