{"id":16858,"date":"2020-08-10T22:53:11","date_gmt":"2020-08-10T21:53:11","guid":{"rendered":"https:\/\/lottohoy.com\/nejcastejsi-dotazy-k-online-loterii\/lotto-6aus49-informace\/"},"modified":"2020-08-10T22:53:11","modified_gmt":"2020-08-10T21:53:11","slug":"lotto-6aus49-informace","status":"publish","type":"page","link":"https:\/\/lottohoy.com\/cs\/nejcastejsi-dotazy-k-online-loterii\/lotto-6aus49-informace\/","title":{"rendered":"Lotto 6aus49 Informace"},"content":{"rendered":"<h2>N\u011bmeck\u00e1 loterie, zn\u00e1m\u00e1 tak\u00e9 jako Lotto 6aus49<\/h2>\n<p>Je jednou z nejstar\u0161\u00edch evropsk\u00fdch loteri\u00ed, jej\u00ed prvn\u00ed losov\u00e1n\u00ed se datuje k 9. \u0159\u00edjnu 1955. V sou\u010dasn\u00e9 dob\u011b tuto loterii provozuje Deutscher Lotto- und Totoblock, skupina 16 provozovatel\u016f loteri\u00ed v N\u011bmecku.<\/p>\n<p>Ka\u017ed\u00fd z nich se st\u0159\u00edd\u00e1 ve veden\u00ed skupiny a ka\u017ed\u00e9 t\u0159i roky je jeden z nich pov\u011b\u0159en veden\u00edm skupiny.<\/p>\n<p>Losov\u00e1n\u00ed n\u011bmeck\u00e9 loterie se p\u016fvodn\u011b konalo jednou t\u00fddn\u011b v sobotu, ale v roce 1982 bylo p\u0159id\u00e1no nov\u00e9 t\u00fddenn\u00ed losov\u00e1n\u00ed, a to v\u017edy ve st\u0159edu.<\/p>\n<p>P\u016fvodn\u011b byla hern\u00ed matice 7\/38, tj. v\u00fdb\u011br 7 \u010d\u00edsel z 38, kter\u00e1 tvo\u0159ila hrac\u00ed plochu. V \u010dervnu 1986 byla zm\u011bn\u011bna na 6\/40, kter\u00e1 je sou\u010dasn\u00e1, a v kv\u011btnu 2013, tedy v dob\u011b, kdy byl p\u0159id\u00e1n Superzahl, kter\u00fd v\u00fdrazn\u011b zv\u00fd\u0161il \u0161anci na v\u00fdhru, a to z celkov\u00e9 1 ku 54 na 1 ku 31.<\/p>\n<h2>V\u00fdhody hran\u00ed Lotto 6aus49 online<\/h2>\n<p>&#8211; Jednou z velk\u00fdch v\u00fdhod hran\u00ed n\u011bmeck\u00e9 loterie 6aus49 je pohodl\u00ed, kter\u00e9 nab\u00edz\u00ed mo\u017enost hr\u00e1t kdykoli b\u011bhem dne i noci, 24 hodin denn\u011b, 7 dn\u00ed v t\u00fddnu, 365 dn\u00ed v roce. Sta\u010d\u00ed m\u00edt k dispozici mobiln\u00ed za\u0159\u00edzen\u00ed, tablet nebo stoln\u00ed po\u010d\u00edta\u010d, a to odkudkoli na sv\u011bt\u011b.<\/p>\n<p>&#8211; Nerezidenti N\u011bmecka maj\u00ed prost\u0159ednictv\u00edm online platforem, jako je LottoHoy.com, re\u00e1lnou mo\u017enost p\u0159\u00edstupu k t\u00e9to \u0161\u0165avnat\u00e9 loterii a jej\u00edm velk\u00fdm jackpot\u016fm.<\/p>\n<p>&#8211; Tiket se kupuje p\u0159\u00edmo u autorizovan\u00e9ho prodejce, a \u00fa\u010dast je tedy re\u00e1ln\u00e1.<\/p>\n<p>&#8211; Vyhran\u00e9 ceny se vkl\u00e1daj\u00ed okam\u017eit\u011b, a to a\u017e do v\u00fd\u0161e 2500 eur, po zve\u0159ejn\u011bn\u00ed ofici\u00e1ln\u00edch v\u00fdsledk\u016f.<\/p>\n<p>&#8211; K dispozici je tak\u00e9 informa\u010dn\u00ed banka v\u0161ech proveden\u00fdch operac\u00ed, \u00faschova zakoupen\u00fdch tiket\u016f, \u010d\u00edm\u017e se p\u0159edejde p\u0159\u00edpadn\u00fdm ztr\u00e1t\u00e1m nebo zapomenut\u00edm.<\/p>\n<p>&#8211; V\u010dasn\u00e9 informace o v\u0161ech lod\u00edch, jak se hromad\u00ed, aby nebyla prome\u0161k\u00e1na p\u0159\u00edle\u017eitost se jich z\u00fa\u010dastnit.<\/p>\n<p>&#8211; \u0160irok\u00e1 \u0161k\u00e1la platebn\u00edch metod, vklad\u016f a v\u00fdb\u011br\u016f.<\/p>\n<h2>Pravd\u011bpodobnost v\u00fdhry v Lotto 6aus49<\/h2>\n<p>V tabulce n\u00ed\u017ee najdete pr\u016fm\u011brnou \u010d\u00e1stku, kterou lze vyhr\u00e1t v ka\u017ed\u00e9 z kategori\u00ed, a statistickou pravd\u011bpodobnost v\u00fdhry jackpotu nebo n\u011bkter\u00e9 z dal\u0161\u00edch cen ve zb\u00fdvaj\u00edc\u00edch 8 kategori\u00edch.<\/p>\n","protected":false},"excerpt":{"rendered":"<p>N\u011bmeck\u00e1 loterie, zn\u00e1m\u00e1 tak\u00e9 jako Lotto 6aus49 Je jednou z nejstar\u0161\u00edch evropsk\u00fdch loteri\u00ed, jej\u00ed prvn\u00ed losov\u00e1n\u00ed se datuje k 9. \u0159\u00edjnu 1955. V sou\u010dasn\u00e9 dob\u011b tuto loterii provozuje Deutscher Lotto- und Totoblock, skupina 16 provozovatel\u016f loteri\u00ed v N\u011bmecku. Ka\u017ed\u00fd z nich se st\u0159\u00edd\u00e1 ve veden\u00ed skupiny a ka\u017ed\u00e9 t\u0159i roky je jeden z nich pov\u011b\u0159en [&hellip;]<\/p>\n","protected":false},"author":2,"featured_media":0,"parent":16747,"menu_order":13,"comment_status":"closed","ping_status":"closed","template":"lotto-german-info.php","meta":{"_et_pb_use_builder":"","_et_pb_old_content":"","_et_gb_content_width":"","exclude_from_search":false,"footnotes":""},"class_list":["post-16858","page","type-page","status-publish","hentry"],"yoast_head":"<!-- This site is optimized with the Yoast SEO plugin v23.7 - https:\/\/yoast.com\/wordpress\/plugins\/seo\/ -->\n<title>V\u0161echny informace z lotto 6aus49 - LottoHoy.com<\/title>\n<meta name=\"description\" content=\"Budete m\u00edt v ruce informace z lotto 6aus49, nebo\u0165 va\u0161e loterijn\u00ed s\u00e1zky jsou neust\u00e1le studov\u00e1ny.\" \/>\n<meta name=\"robots\" content=\"index, follow, max-snippet:-1, max-image-preview:large, max-video-preview:-1\" \/>\n<link rel=\"canonical\" href=\"https:\/\/lottohoy.com\/cs\/nejcastejsi-dotazy-k-online-loterii\/lotto-6aus49-informace\/\" \/>\n<meta property=\"og:locale\" content=\"cs_CZ\" \/>\n<meta property=\"og:type\" content=\"article\" \/>\n<meta property=\"og:title\" content=\"V\u0161echny informace z lotto 6aus49 - LottoHoy.com\" \/>\n<meta property=\"og:description\" content=\"Budete m\u00edt v ruce informace z lotto 6aus49, nebo\u0165 va\u0161e loterijn\u00ed s\u00e1zky jsou neust\u00e1le studov\u00e1ny.\" \/>\n<meta property=\"og:url\" content=\"https:\/\/lottohoy.com\/cs\/nejcastejsi-dotazy-k-online-loterii\/lotto-6aus49-informace\/\" \/>\n<meta property=\"og:site_name\" content=\"Lottohoy\" \/>\n<meta name=\"twitter:card\" content=\"summary_large_image\" \/>\n<meta name=\"twitter:label1\" content=\"Odhadovan\u00e1 doba \u010dten\u00ed\" \/>\n\t<meta name=\"twitter:data1\" content=\"2 minuty\" \/>\n<script type=\"application\/ld+json\" class=\"yoast-schema-graph\">{\"@context\":\"https:\/\/schema.org\",\"@graph\":[{\"@type\":\"WebPage\",\"@id\":\"https:\/\/lottohoy.com\/cs\/nejcastejsi-dotazy-k-online-loterii\/lotto-6aus49-informace\/\",\"url\":\"https:\/\/lottohoy.com\/cs\/nejcastejsi-dotazy-k-online-loterii\/lotto-6aus49-informace\/\",\"name\":\"V\u0161echny informace z lotto 6aus49 - LottoHoy.com\",\"isPartOf\":{\"@id\":\"https:\/\/lottohoy.com\/cs\/#website\"},\"datePublished\":\"2020-08-10T21:53:11+00:00\",\"dateModified\":\"2020-08-10T21:53:11+00:00\",\"description\":\"Budete m\u00edt v ruce informace z lotto 6aus49, nebo\u0165 va\u0161e loterijn\u00ed s\u00e1zky jsou neust\u00e1le studov\u00e1ny.\",\"breadcrumb\":{\"@id\":\"https:\/\/lottohoy.com\/cs\/nejcastejsi-dotazy-k-online-loterii\/lotto-6aus49-informace\/#breadcrumb\"},\"inLanguage\":\"cs\",\"potentialAction\":[{\"@type\":\"ReadAction\",\"target\":[\"https:\/\/lottohoy.com\/cs\/nejcastejsi-dotazy-k-online-loterii\/lotto-6aus49-informace\/\"]}]},{\"@type\":\"BreadcrumbList\",\"@id\":\"https:\/\/lottohoy.com\/cs\/nejcastejsi-dotazy-k-online-loterii\/lotto-6aus49-informace\/#breadcrumb\",\"itemListElement\":[{\"@type\":\"ListItem\",\"position\":1,\"name\":\"Home\",\"item\":\"https:\/\/lottohoy.com\/cs\/\"},{\"@type\":\"ListItem\",\"position\":2,\"name\":\"Informace o loterii\",\"item\":\"https:\/\/lottohoy.com\/cs\/nejcastejsi-dotazy-k-online-loterii\/\"},{\"@type\":\"ListItem\",\"position\":3,\"name\":\"Lotto 6aus49 Informace\"}]},{\"@type\":\"WebSite\",\"@id\":\"https:\/\/lottohoy.com\/cs\/#website\",\"url\":\"https:\/\/lottohoy.com\/cs\/\",\"name\":\"Lottohoy\",\"description\":\"\",\"potentialAction\":[{\"@type\":\"SearchAction\",\"target\":{\"@type\":\"EntryPoint\",\"urlTemplate\":\"https:\/\/lottohoy.com\/cs\/?s={search_term_string}\"},\"query-input\":{\"@type\":\"PropertyValueSpecification\",\"valueRequired\":true,\"valueName\":\"search_term_string\"}}],\"inLanguage\":\"cs\"}]}<\/script>\n<!-- \/ Yoast SEO plugin. -->","yoast_head_json":{"title":"V\u0161echny informace z lotto 6aus49 - LottoHoy.com","description":"Budete m\u00edt v ruce informace z lotto 6aus49, nebo\u0165 va\u0161e loterijn\u00ed s\u00e1zky jsou neust\u00e1le studov\u00e1ny.","robots":{"index":"index","follow":"follow","max-snippet":"max-snippet:-1","max-image-preview":"max-image-preview:large","max-video-preview":"max-video-preview:-1"},"canonical":"https:\/\/lottohoy.com\/cs\/nejcastejsi-dotazy-k-online-loterii\/lotto-6aus49-informace\/","og_locale":"cs_CZ","og_type":"article","og_title":"V\u0161echny informace z lotto 6aus49 - LottoHoy.com","og_description":"Budete m\u00edt v ruce informace z lotto 6aus49, nebo\u0165 va\u0161e loterijn\u00ed s\u00e1zky jsou neust\u00e1le studov\u00e1ny.","og_url":"https:\/\/lottohoy.com\/cs\/nejcastejsi-dotazy-k-online-loterii\/lotto-6aus49-informace\/","og_site_name":"Lottohoy","twitter_card":"summary_large_image","twitter_misc":{"Odhadovan\u00e1 doba \u010dten\u00ed":"2 minuty"},"schema":{"@context":"https:\/\/schema.org","@graph":[{"@type":"WebPage","@id":"https:\/\/lottohoy.com\/cs\/nejcastejsi-dotazy-k-online-loterii\/lotto-6aus49-informace\/","url":"https:\/\/lottohoy.com\/cs\/nejcastejsi-dotazy-k-online-loterii\/lotto-6aus49-informace\/","name":"V\u0161echny informace z lotto 6aus49 - LottoHoy.com","isPartOf":{"@id":"https:\/\/lottohoy.com\/cs\/#website"},"datePublished":"2020-08-10T21:53:11+00:00","dateModified":"2020-08-10T21:53:11+00:00","description":"Budete m\u00edt v ruce informace z lotto 6aus49, nebo\u0165 va\u0161e loterijn\u00ed s\u00e1zky jsou neust\u00e1le studov\u00e1ny.","breadcrumb":{"@id":"https:\/\/lottohoy.com\/cs\/nejcastejsi-dotazy-k-online-loterii\/lotto-6aus49-informace\/#breadcrumb"},"inLanguage":"cs","potentialAction":[{"@type":"ReadAction","target":["https:\/\/lottohoy.com\/cs\/nejcastejsi-dotazy-k-online-loterii\/lotto-6aus49-informace\/"]}]},{"@type":"BreadcrumbList","@id":"https:\/\/lottohoy.com\/cs\/nejcastejsi-dotazy-k-online-loterii\/lotto-6aus49-informace\/#breadcrumb","itemListElement":[{"@type":"ListItem","position":1,"name":"Home","item":"https:\/\/lottohoy.com\/cs\/"},{"@type":"ListItem","position":2,"name":"Informace o loterii","item":"https:\/\/lottohoy.com\/cs\/nejcastejsi-dotazy-k-online-loterii\/"},{"@type":"ListItem","position":3,"name":"Lotto 6aus49 Informace"}]},{"@type":"WebSite","@id":"https:\/\/lottohoy.com\/cs\/#website","url":"https:\/\/lottohoy.com\/cs\/","name":"Lottohoy","description":"","potentialAction":[{"@type":"SearchAction","target":{"@type":"EntryPoint","urlTemplate":"https:\/\/lottohoy.com\/cs\/?s={search_term_string}"},"query-input":{"@type":"PropertyValueSpecification","valueRequired":true,"valueName":"search_term_string"}}],"inLanguage":"cs"}]}},"_links":{"self":[{"href":"https:\/\/lottohoy.com\/cs\/wp-json\/wp\/v2\/pages\/16858","targetHints":{"allow":["GET"]}}],"collection":[{"href":"https:\/\/lottohoy.com\/cs\/wp-json\/wp\/v2\/pages"}],"about":[{"href":"https:\/\/lottohoy.com\/cs\/wp-json\/wp\/v2\/types\/page"}],"author":[{"embeddable":true,"href":"https:\/\/lottohoy.com\/cs\/wp-json\/wp\/v2\/users\/2"}],"replies":[{"embeddable":true,"href":"https:\/\/lottohoy.com\/cs\/wp-json\/wp\/v2\/comments?post=16858"}],"version-history":[{"count":0,"href":"https:\/\/lottohoy.com\/cs\/wp-json\/wp\/v2\/pages\/16858\/revisions"}],"up":[{"embeddable":true,"href":"https:\/\/lottohoy.com\/cs\/wp-json\/wp\/v2\/pages\/16747"}],"wp:attachment":[{"href":"https:\/\/lottohoy.com\/cs\/wp-json\/wp\/v2\/media?parent=16858"}],"curies":[{"name":"wp","href":"https:\/\/api.w.org\/{rel}","templated":true}]}}