{"id":16847,"date":"2019-03-22T16:10:01","date_gmt":"2019-03-22T16:10:01","guid":{"rendered":"https:\/\/lottohoy.com\/nejcastejsi-dotazy-k-online-loterii\/francouzske-lotto-faq\/"},"modified":"2019-03-22T16:10:01","modified_gmt":"2019-03-22T16:10:01","slug":"francouzske-lotto-faq","status":"publish","type":"page","link":"https:\/\/lottohoy.com\/cs\/nejcastejsi-dotazy-k-online-loterii\/francouzske-lotto-faq\/","title":{"rendered":"Francouzsk\u00e9 Lotto FAQ"},"content":{"rendered":"<h2><b>Co je francouzsk\u00e9 Lotto?<\/b><\/h2>\n<p>Tato loterie vznikla v roce 1976 a provozuje ji francouzsk\u00e1 vl\u00e1da. Od roku 2018 v\u0161ak bylo 50 % z n\u00ed zve\u0159ejn\u011bno s c\u00edlem zv\u00fd\u0161it jej\u00ed konkurenceschopnost.<\/p>\n<p>Minim\u00e1ln\u00ed garantovan\u00e1 v\u00fd\u0161e jackpotu pro nejlep\u0161\u00ed v\u00fdherce (5 + 1) \u010din\u00ed 2 000 000 eur. Tato \u010d\u00e1stka se zvy\u0161uje o 1 000 000 \u20ac, pokud nen\u00ed \u017e\u00e1dn\u00fd v\u00fdherce, \u010d\u00edm\u017e se konfiguruje jackpot, kter\u00fd lze nashrom\u00e1\u017edit maxim\u00e1ln\u011b pro 34 tah\u016f.<\/p>\n<p>V p\u0159\u00edpad\u011b, \u017ee se po t\u011bchto 34 n\u00e1sledn\u00fdch taz\u00edch nenajde \u017e\u00e1dn\u00fd n\u00e1sledovn\u00edk, bude kumulovan\u00e1 \u010d\u00e1stka v dal\u0161\u00edm tahu rozd\u011blena mezi n\u00e1sleduj\u00edc\u00ed kategorie.<\/p>\n<h2><b>Jak hr\u00e1t francouzsk\u00e9 Lotto?<\/b><\/h2>\n<p>Pro hran\u00ed losov\u00e1n\u00ed <a href=\"https:\/\/lottohoy.com\/play\/lotto-fr\/\"><strong>Francouzsk\u00e9 loterie<\/strong><\/a> mus\u00ed hr\u00e1\u010d nakonfigurovat sv\u00e9 s\u00e1zky v\u00fdb\u011brem p\u011bti \u010d\u00edsel v rozmez\u00ed 1 a\u017e 49 a dopl\u0148kov\u00e9ho m\u00ed\u010dku s \u010d\u00edsly 1 a\u017e 10 v\u010detn\u011b.<\/p>\n<h2><strong>Kategorie v\u00fdhern\u00edho fondu<\/strong><\/h2>\n<p>Celkem je k dispozici dev\u011bt v\u00fdhern\u00edch kategori\u00ed. S v\u00fdjimkou prvn\u00ed kategorie (jackpot) maj\u00ed ostatn\u00ed v\u00fdhern\u00ed kategorie pro ka\u017edou z nich pevn\u011b stanovenou \u010d\u00e1stku, jak m\u016f\u017eeme vid\u011bt v n\u00e1sleduj\u00edc\u00ed tabulce:<\/p>\n<p><b>Kategorie Z\u00e1pasy V\u00fd\u0161e v\u00fdhry<\/b><\/p>\n<p>1. Kategorie 5 + \u0161ance na v\u00fdhru Jackpot<\/p>\n<p>2. Kategorie 5 100 000 \u20ac<\/p>\n<p>3. Kategorie 4 + m\u00ed\u010dov\u00e1 \u0161ance 1000 \u20ac<\/p>\n<p>4. Kategorie 4 500 \u20ac<\/p>\n<p>5. Kategorie 3 + \u0161ance 50 \u20ac<\/p>\n<p>6. Kategorie 3 20 \u20ac<\/p>\n<p>7. Kategorie 2 + \u0161ance 10 \u20ac<\/p>\n<p>8. kategorie 2 5 \u20ac<\/p>\n<p>9. kategorie M\u00ed\u010d \u0161ance 2,20 \u20ac<\/p>\n<p>V ka\u017ed\u00e9m form\u00e1tu losov\u00e1n\u00ed je nav\u00edc ve h\u0159e 10 cen v hodnot\u011b 20 000 \u20ac, tak\u017ee v\u0161echny fyzick\u00e9 vstupenky vstupuj\u00ed do hry a \u0161ance na v\u00fdhru z\u00e1vis\u00ed na po\u010dtu \u00fa\u010dastn\u00edk\u016f losov\u00e1n\u00ed.<\/p>\n<h2><strong>Kolik stoj\u00ed hran\u00ed francouzsk\u00e9ho Lotta?<\/strong><\/h2>\n<p>Cena ka\u017ed\u00e9ho tiketu French Lotto na LottoHoy je 3,50 \u20ac.<\/p>\n<h2><b>Zvl\u00e1\u0161tn\u00ed losov\u00e1n\u00ed francouzsk\u00e9ho Lotto<\/b><\/h2>\n<p>V z\u00e1sad\u011b existuj\u00ed dv\u011b speci\u00e1ln\u00ed losov\u00e1n\u00ed: <strong>Losov\u00e1n\u00ed v p\u00e1tek 13<\/strong><sup><strong>.<\/strong><\/sup><strong> tahu<\/strong> a <strong>Grand Loto de No\u00ebl:<\/strong><\/p>\n<p><strong>V p\u00e1tek 13<\/strong><sup><strong>.<\/strong><\/sup><strong> losov\u00e1n\u00ed.<\/strong> Poka\u017ed\u00e9, kdy\u017e <sup>13<\/sup>. den v m\u011bs\u00edci p\u0159ipadne na p\u00e1tek, kon\u00e1 se mimo\u0159\u00e1dn\u00e9 losov\u00e1n\u00ed se speci\u00e1ln\u00ed v\u00fdhrou 13 000 000 \u20ac a 50 pevn\u00fdmi v\u00fdhrami v syst\u00e9mu losov\u00e1n\u00ed o 20 000 \u20ac.<\/p>\n<p>Pro mnoh\u00e9 je p\u00e1tek t\u0159in\u00e1ct\u00e9ho pov\u011br\u010div\u00fd, ale v p\u0159\u00edpad\u011b francouzsk\u00e9 loterie Lotto je v\u00fdjime\u010dn\u00fd &#8211; prvn\u00ed losov\u00e1n\u00ed francouzsk\u00e9 n\u00e1rodn\u00ed loterie se konalo v p\u00e1tek <sup>13<\/sup>. v roce 1930.<\/p>\n<p><strong>Grand Loto de No\u00ebl<\/strong>. Grand Loto de No\u00ebl je dal\u0161\u00ed speci\u00e1ln\u00ed losov\u00e1n\u00ed, kter\u00e9 se ve Francii kon\u00e1 v\u017edy <sup>22<\/sup>. prosince , stejn\u011b jako <strong>v\u00e1no\u010dn\u00ed Gordo ve \u0160pan\u011blsku<\/strong>.<\/p>\n<p>V\u00fdhra v prvn\u00ed kategorii m\u00e1 hodnotu 20 000 000 eur a krom\u011b v\u00fdher v dal\u0161\u00edch osmi kategori\u00edch se losuje i speci\u00e1ln\u00ed slosov\u00e1n\u00ed o 100 slosovac\u00edch k\u00f3d\u016f, z nich\u017e ka\u017ed\u00fd m\u00e1 garantovanou v\u00fdhru 20 000 eur.<\/p>\n<h2><b>\u0160ance na v\u00fdhru ve francouzsk\u00e9m Lotto<\/b><\/h2>\n<p>\u0160ance na v\u00fdhru v prvn\u00ed kategorii je 1 ku 19 068 840, pokud padne 5 nejlep\u0161\u00edch \u010d\u00edsel a n\u00e1hodn\u00fd tip.<\/p>\n<p>Zat\u00edmco \u0161ance na z\u00edsk\u00e1n\u00ed kter\u00e9koli z nab\u00edzen\u00fdch cen je 1 ku 5,99.<\/p>\n<p>V n\u00e1sleduj\u00edc\u00edm r\u00e1me\u010dku si m\u016f\u017eeme prohl\u00e9dnout v\u0161echny matematick\u00e9 pravd\u011bpodobnosti:<\/p>\n","protected":false},"excerpt":{"rendered":"<p>Co je francouzsk\u00e9 Lotto? Tato loterie vznikla v roce 1976 a provozuje ji francouzsk\u00e1 vl\u00e1da. Od roku 2018 v\u0161ak bylo 50 % z n\u00ed zve\u0159ejn\u011bno s c\u00edlem zv\u00fd\u0161it jej\u00ed konkurenceschopnost. Minim\u00e1ln\u00ed garantovan\u00e1 v\u00fd\u0161e jackpotu pro nejlep\u0161\u00ed v\u00fdherce (5 + 1) \u010din\u00ed 2 000 000 eur. Tato \u010d\u00e1stka se zvy\u0161uje o 1 000 000 \u20ac, pokud [&hellip;]<\/p>\n","protected":false},"author":2,"featured_media":0,"parent":16747,"menu_order":12,"comment_status":"closed","ping_status":"closed","template":"lotto-fr-info.php","meta":{"_et_pb_use_builder":"","_et_pb_old_content":"","_et_gb_content_width":"","exclude_from_search":false,"footnotes":""},"class_list":["post-16847","page","type-page","status-publish","hentry"],"yoast_head":"<!-- This site is optimized with the Yoast SEO plugin v23.7 - https:\/\/yoast.com\/wordpress\/plugins\/seo\/ -->\n<title>\u25b7 V\u0161echny ot\u00e1zky a odpov\u011bdi o francouzsk\u00e9m Lotto | LottoHoy<\/title>\n<meta name=\"description\" content=\"V\u0161echny informace, kter\u00e9 pot\u0159ebujete v\u011bd\u011bt o nejv\u011bt\u0161\u00ed loterii hran\u00e9 ve Francii. Pravidla, kurzy, v\u00fdhern\u00ed kategorie a dal\u0161\u00ed ot\u00e1zky, kter\u00e9 v\u00e1s mohou zaj\u00edmat.\" \/>\n<meta name=\"robots\" content=\"index, follow, max-snippet:-1, max-image-preview:large, max-video-preview:-1\" \/>\n<link rel=\"canonical\" href=\"https:\/\/lottohoy.com\/cs\/nejcastejsi-dotazy-k-online-loterii\/francouzske-lotto-faq\/\" \/>\n<meta property=\"og:locale\" content=\"cs_CZ\" \/>\n<meta property=\"og:type\" content=\"article\" \/>\n<meta property=\"og:title\" content=\"\u25b7 V\u0161echny ot\u00e1zky a odpov\u011bdi o francouzsk\u00e9m Lotto | LottoHoy\" \/>\n<meta property=\"og:description\" content=\"V\u0161echny informace, kter\u00e9 pot\u0159ebujete v\u011bd\u011bt o nejv\u011bt\u0161\u00ed loterii hran\u00e9 ve Francii. Pravidla, kurzy, v\u00fdhern\u00ed kategorie a dal\u0161\u00ed ot\u00e1zky, kter\u00e9 v\u00e1s mohou zaj\u00edmat.\" \/>\n<meta property=\"og:url\" content=\"https:\/\/lottohoy.com\/cs\/nejcastejsi-dotazy-k-online-loterii\/francouzske-lotto-faq\/\" \/>\n<meta property=\"og:site_name\" content=\"Lottohoy\" \/>\n<meta name=\"twitter:card\" content=\"summary_large_image\" \/>\n<meta name=\"twitter:label1\" content=\"Odhadovan\u00e1 doba \u010dten\u00ed\" \/>\n\t<meta name=\"twitter:data1\" content=\"3 minuty\" \/>\n<script type=\"application\/ld+json\" class=\"yoast-schema-graph\">{\"@context\":\"https:\/\/schema.org\",\"@graph\":[{\"@type\":\"WebPage\",\"@id\":\"https:\/\/lottohoy.com\/cs\/nejcastejsi-dotazy-k-online-loterii\/francouzske-lotto-faq\/\",\"url\":\"https:\/\/lottohoy.com\/cs\/nejcastejsi-dotazy-k-online-loterii\/francouzske-lotto-faq\/\",\"name\":\"\u25b7 V\u0161echny ot\u00e1zky a odpov\u011bdi o francouzsk\u00e9m Lotto | LottoHoy\",\"isPartOf\":{\"@id\":\"https:\/\/lottohoy.com\/cs\/#website\"},\"datePublished\":\"2019-03-22T16:10:01+00:00\",\"dateModified\":\"2019-03-22T16:10:01+00:00\",\"description\":\"V\u0161echny informace, kter\u00e9 pot\u0159ebujete v\u011bd\u011bt o nejv\u011bt\u0161\u00ed loterii hran\u00e9 ve Francii. Pravidla, kurzy, v\u00fdhern\u00ed kategorie a dal\u0161\u00ed ot\u00e1zky, kter\u00e9 v\u00e1s mohou zaj\u00edmat.\",\"breadcrumb\":{\"@id\":\"https:\/\/lottohoy.com\/cs\/nejcastejsi-dotazy-k-online-loterii\/francouzske-lotto-faq\/#breadcrumb\"},\"inLanguage\":\"cs\",\"potentialAction\":[{\"@type\":\"ReadAction\",\"target\":[\"https:\/\/lottohoy.com\/cs\/nejcastejsi-dotazy-k-online-loterii\/francouzske-lotto-faq\/\"]}]},{\"@type\":\"BreadcrumbList\",\"@id\":\"https:\/\/lottohoy.com\/cs\/nejcastejsi-dotazy-k-online-loterii\/francouzske-lotto-faq\/#breadcrumb\",\"itemListElement\":[{\"@type\":\"ListItem\",\"position\":1,\"name\":\"Home\",\"item\":\"https:\/\/lottohoy.com\/cs\/\"},{\"@type\":\"ListItem\",\"position\":2,\"name\":\"Informace o loterii\",\"item\":\"https:\/\/lottohoy.com\/cs\/nejcastejsi-dotazy-k-online-loterii\/\"},{\"@type\":\"ListItem\",\"position\":3,\"name\":\"Francouzsk\u00e9 Lotto FAQ\"}]},{\"@type\":\"WebSite\",\"@id\":\"https:\/\/lottohoy.com\/cs\/#website\",\"url\":\"https:\/\/lottohoy.com\/cs\/\",\"name\":\"Lottohoy\",\"description\":\"\",\"potentialAction\":[{\"@type\":\"SearchAction\",\"target\":{\"@type\":\"EntryPoint\",\"urlTemplate\":\"https:\/\/lottohoy.com\/cs\/?s={search_term_string}\"},\"query-input\":{\"@type\":\"PropertyValueSpecification\",\"valueRequired\":true,\"valueName\":\"search_term_string\"}}],\"inLanguage\":\"cs\"}]}<\/script>\n<!-- \/ Yoast SEO plugin. -->","yoast_head_json":{"title":"\u25b7 V\u0161echny ot\u00e1zky a odpov\u011bdi o francouzsk\u00e9m Lotto | LottoHoy","description":"V\u0161echny informace, kter\u00e9 pot\u0159ebujete v\u011bd\u011bt o nejv\u011bt\u0161\u00ed loterii hran\u00e9 ve Francii. Pravidla, kurzy, v\u00fdhern\u00ed kategorie a dal\u0161\u00ed ot\u00e1zky, kter\u00e9 v\u00e1s mohou zaj\u00edmat.","robots":{"index":"index","follow":"follow","max-snippet":"max-snippet:-1","max-image-preview":"max-image-preview:large","max-video-preview":"max-video-preview:-1"},"canonical":"https:\/\/lottohoy.com\/cs\/nejcastejsi-dotazy-k-online-loterii\/francouzske-lotto-faq\/","og_locale":"cs_CZ","og_type":"article","og_title":"\u25b7 V\u0161echny ot\u00e1zky a odpov\u011bdi o francouzsk\u00e9m Lotto | LottoHoy","og_description":"V\u0161echny informace, kter\u00e9 pot\u0159ebujete v\u011bd\u011bt o nejv\u011bt\u0161\u00ed loterii hran\u00e9 ve Francii. Pravidla, kurzy, v\u00fdhern\u00ed kategorie a dal\u0161\u00ed ot\u00e1zky, kter\u00e9 v\u00e1s mohou zaj\u00edmat.","og_url":"https:\/\/lottohoy.com\/cs\/nejcastejsi-dotazy-k-online-loterii\/francouzske-lotto-faq\/","og_site_name":"Lottohoy","twitter_card":"summary_large_image","twitter_misc":{"Odhadovan\u00e1 doba \u010dten\u00ed":"3 minuty"},"schema":{"@context":"https:\/\/schema.org","@graph":[{"@type":"WebPage","@id":"https:\/\/lottohoy.com\/cs\/nejcastejsi-dotazy-k-online-loterii\/francouzske-lotto-faq\/","url":"https:\/\/lottohoy.com\/cs\/nejcastejsi-dotazy-k-online-loterii\/francouzske-lotto-faq\/","name":"\u25b7 V\u0161echny ot\u00e1zky a odpov\u011bdi o francouzsk\u00e9m Lotto | LottoHoy","isPartOf":{"@id":"https:\/\/lottohoy.com\/cs\/#website"},"datePublished":"2019-03-22T16:10:01+00:00","dateModified":"2019-03-22T16:10:01+00:00","description":"V\u0161echny informace, kter\u00e9 pot\u0159ebujete v\u011bd\u011bt o nejv\u011bt\u0161\u00ed loterii hran\u00e9 ve Francii. Pravidla, kurzy, v\u00fdhern\u00ed kategorie a dal\u0161\u00ed ot\u00e1zky, kter\u00e9 v\u00e1s mohou zaj\u00edmat.","breadcrumb":{"@id":"https:\/\/lottohoy.com\/cs\/nejcastejsi-dotazy-k-online-loterii\/francouzske-lotto-faq\/#breadcrumb"},"inLanguage":"cs","potentialAction":[{"@type":"ReadAction","target":["https:\/\/lottohoy.com\/cs\/nejcastejsi-dotazy-k-online-loterii\/francouzske-lotto-faq\/"]}]},{"@type":"BreadcrumbList","@id":"https:\/\/lottohoy.com\/cs\/nejcastejsi-dotazy-k-online-loterii\/francouzske-lotto-faq\/#breadcrumb","itemListElement":[{"@type":"ListItem","position":1,"name":"Home","item":"https:\/\/lottohoy.com\/cs\/"},{"@type":"ListItem","position":2,"name":"Informace o loterii","item":"https:\/\/lottohoy.com\/cs\/nejcastejsi-dotazy-k-online-loterii\/"},{"@type":"ListItem","position":3,"name":"Francouzsk\u00e9 Lotto FAQ"}]},{"@type":"WebSite","@id":"https:\/\/lottohoy.com\/cs\/#website","url":"https:\/\/lottohoy.com\/cs\/","name":"Lottohoy","description":"","potentialAction":[{"@type":"SearchAction","target":{"@type":"EntryPoint","urlTemplate":"https:\/\/lottohoy.com\/cs\/?s={search_term_string}"},"query-input":{"@type":"PropertyValueSpecification","valueRequired":true,"valueName":"search_term_string"}}],"inLanguage":"cs"}]}},"_links":{"self":[{"href":"https:\/\/lottohoy.com\/cs\/wp-json\/wp\/v2\/pages\/16847","targetHints":{"allow":["GET"]}}],"collection":[{"href":"https:\/\/lottohoy.com\/cs\/wp-json\/wp\/v2\/pages"}],"about":[{"href":"https:\/\/lottohoy.com\/cs\/wp-json\/wp\/v2\/types\/page"}],"author":[{"embeddable":true,"href":"https:\/\/lottohoy.com\/cs\/wp-json\/wp\/v2\/users\/2"}],"replies":[{"embeddable":true,"href":"https:\/\/lottohoy.com\/cs\/wp-json\/wp\/v2\/comments?post=16847"}],"version-history":[{"count":0,"href":"https:\/\/lottohoy.com\/cs\/wp-json\/wp\/v2\/pages\/16847\/revisions"}],"up":[{"embeddable":true,"href":"https:\/\/lottohoy.com\/cs\/wp-json\/wp\/v2\/pages\/16747"}],"wp:attachment":[{"href":"https:\/\/lottohoy.com\/cs\/wp-json\/wp\/v2\/media?parent=16847"}],"curies":[{"name":"wp","href":"https:\/\/api.w.org\/{rel}","templated":true}]}}