{"id":16844,"date":"2020-08-10T17:08:14","date_gmt":"2020-08-10T16:08:14","guid":{"rendered":"https:\/\/lottohoy.com\/nejcastejsi-dotazy-k-online-loterii\/set-for-life-uk-informace\/"},"modified":"2020-08-10T17:08:14","modified_gmt":"2020-08-10T16:08:14","slug":"set-for-life-uk-informace","status":"publish","type":"page","link":"https:\/\/lottohoy.com\/cs\/nejcastejsi-dotazy-k-online-loterii\/set-for-life-uk-informace\/","title":{"rendered":"Set For Life (UK) Informace"},"content":{"rendered":"<h2>N\u00e1rodn\u00ed loterie Set for Life (UK)<\/h2>\n<p>P\u0159i hled\u00e1n\u00ed jin\u00e9ho zp\u016fsobu odm\u011b\u0148ov\u00e1n\u00ed hr\u00e1\u010d\u016f N\u00e1rodn\u00ed loterie ve Spojen\u00e9m kr\u00e1lovstv\u00ed byla vytvo\u0159ena hra Set for Life, naz\u00fdvan\u00e1 tak\u00e9 \u201erenty\u201c, kter\u00e1 jako hlavn\u00ed l\u00e1kadlo stanovila v\u00fdplaty v\u00fdher prvn\u00ed a druh\u00e9 kategorie, tak\u017ee v\u00fdherci budou ka\u017ed\u00fd m\u011bs\u00edc dost\u00e1vat v\u00fdplatu zna\u010dn\u00e9 \u010d\u00e1stky.<\/p>\n<p>Pro prvn\u00ed kategorii byla stanovena v\u00fdplata 10 000 liber m\u011bs\u00ed\u010dn\u011b po dobu 30 let pro ka\u017ed\u00e9ho ze \u010dty\u0159 mo\u017en\u00fdch v\u00fdherc\u016f, a pokud by bylo v\u00fdherc\u016f v prvn\u00ed kategorii v\u00edce, maxim\u00e1ln\u00ed v\u00fdhra 80 000 liber m\u011bs\u00ed\u010dn\u011b by se rozd\u011blila pom\u011brn\u011b mezi v\u00fdherce prvn\u00ed kategorie.<\/p>\n<p>V p\u0159\u00edpad\u011b druh\u00e9 kategorie se cena skl\u00e1dala z v\u00fdplaty 10 000 liber m\u011bs\u00ed\u010dn\u011b po dobu cel\u00e9ho roku. V p\u0159\u00edpad\u011b, \u017ee v dan\u00e9 kategorii usp\u011bj\u00ed v\u00edce ne\u017e 4 osoby, je rozd\u011blen\u00ed \u010d\u00e1stky omezeno \u010d\u00e1stkou a\u017e 2 000 000 liber.<\/p>\n<p>Lze tak\u00e9 po\u017e\u00e1dat o jednor\u00e1zovou platbu. Osoby s trval\u00fdm pobytem mimo Spojen\u00e9 kr\u00e1lovstv\u00ed mohou k v\u00fdh\u0159e p\u0159istoupit pouze jednor\u00e1zov\u011b.<\/p>\n<p>Losov\u00e1n\u00ed loterie Set for Life se kon\u00e1 ka\u017ed\u00e9 pond\u011bl\u00ed a \u010dtvrtek ve 20:00. GMT<\/p>\n<h2>V\u00fdhody hran\u00ed online hry Set for Life UK<\/h2>\n<p>&#8211; Jednou z velk\u00fdch v\u00fdhod hran\u00ed loterie Set for Life UK je pohodln\u00e1 mo\u017enost hr\u00e1t kdykoli b\u011bhem dne i noci, 24 hodin denn\u011b, 7 dn\u00ed v t\u00fddnu, 365 dn\u00ed v roce. Sta\u010d\u00ed m\u00edt k dispozici mobiln\u00ed za\u0159\u00edzen\u00ed, tablet nebo stoln\u00ed po\u010d\u00edta\u010d, a to odkudkoli na sv\u011bt\u011b.<\/p>\n<p>&#8211; Osoby, kter\u00e9 nejsou obyvateli Spojen\u00e9ho kr\u00e1lovstv\u00ed, maj\u00ed prost\u0159ednictv\u00edm online platforem, jako je LottoHoy.com, re\u00e1lnou \u0161anci z\u00edskat p\u0159\u00edstup k t\u00e9to \u0161\u0165avnat\u00e9 loterii a jej\u00edm velk\u00fdm jackpot\u016fm.<\/p>\n<p>&#8211; Tiket se kupuje p\u0159\u00edmo od autorizovan\u00e9 provozovny, a \u00fa\u010dast je tedy re\u00e1ln\u00e1.<\/p>\n<p>&#8211; Vyhran\u00e9 ceny se vkl\u00e1daj\u00ed okam\u017eit\u011b, a to a\u017e do v\u00fd\u0161e 2500 eur, po zve\u0159ejn\u011bn\u00ed ofici\u00e1ln\u00edch v\u00fdsledk\u016f.<\/p>\n<p>&#8211; K dispozici je tak\u00e9 informa\u010dn\u00ed banka v\u0161ech proveden\u00fdch operac\u00ed, \u00faschova zakoupen\u00fdch tiket\u016f, \u010d\u00edm\u017e se p\u0159edejde p\u0159\u00edpadn\u00fdm ztr\u00e1t\u00e1m nebo zapomenut\u00edm.<\/p>\n<p>&#8211; V\u010dasn\u00e9 informace o v\u0161ech lod\u00edch, jak se hromad\u00ed, aby nebyla prome\u0161k\u00e1na p\u0159\u00edle\u017eitost se jich z\u00fa\u010dastnit.<\/p>\n<p>&#8211; \u0160irok\u00e1 \u0161k\u00e1la platebn\u00edch metod, vklad\u016f a v\u00fdb\u011br\u016f.<\/p>\n<h2>Mo\u017enosti v\u00fdhry ve h\u0159e Set for Life (UK)<\/h2>\n<p>\u0160ance na spr\u00e1vnou kombinaci prvn\u00ed kategorie je p\u0159ibli\u017en\u011b 1 ku 15 milion\u016fm.<\/p>\n<p>Zat\u00edmco \u0161ance na \u00fasp\u011bch u druh\u00e9 kategorie je p\u0159ibli\u017en\u011b 1 ku 1,7 milionu.<\/p>\n<p>Z\u00edsk\u00e1n\u00ed jedn\u00e9 z v\u00fdher nab\u00edzen\u00fdch spole\u010dnost\u00ed Set for Life m\u00e1 \u0161anci 1 ku 12.<\/p>\n","protected":false},"excerpt":{"rendered":"<p>N\u00e1rodn\u00ed loterie Set for Life (UK) P\u0159i hled\u00e1n\u00ed jin\u00e9ho zp\u016fsobu odm\u011b\u0148ov\u00e1n\u00ed hr\u00e1\u010d\u016f N\u00e1rodn\u00ed loterie ve Spojen\u00e9m kr\u00e1lovstv\u00ed byla vytvo\u0159ena hra Set for Life, naz\u00fdvan\u00e1 tak\u00e9 \u201erenty\u201c, kter\u00e1 jako hlavn\u00ed l\u00e1kadlo stanovila v\u00fdplaty v\u00fdher prvn\u00ed a druh\u00e9 kategorie, tak\u017ee v\u00fdherci budou ka\u017ed\u00fd m\u011bs\u00edc dost\u00e1vat v\u00fdplatu zna\u010dn\u00e9 \u010d\u00e1stky. Pro prvn\u00ed kategorii byla stanovena v\u00fdplata 10 000 liber [&hellip;]<\/p>\n","protected":false},"author":2,"featured_media":0,"parent":16747,"menu_order":11,"comment_status":"closed","ping_status":"closed","template":"set-for-life-info.php","meta":{"_et_pb_use_builder":"","_et_pb_old_content":"","_et_gb_content_width":"","exclude_from_search":false,"footnotes":""},"class_list":["post-16844","page","type-page","status-publish","hentry"],"yoast_head":"<!-- This site is optimized with the Yoast SEO plugin v23.7 - https:\/\/yoast.com\/wordpress\/plugins\/seo\/ -->\n<title>V\u0161echny informace o loterii Set for Life (UK) - LottoHoy.com<\/title>\n<meta name=\"description\" content=\"Jin\u00e1 loterie. Jackpot lze z\u00edskat ve spl\u00e1tk\u00e1ch 20 000 eur m\u011bs\u00ed\u010dn\u011b po dobu 30 let. Pod\u00edvejte se na informace o loterii Set for Life (UK)\" \/>\n<meta name=\"robots\" content=\"index, follow, max-snippet:-1, max-image-preview:large, max-video-preview:-1\" \/>\n<link rel=\"canonical\" href=\"https:\/\/lottohoy.com\/cs\/nejcastejsi-dotazy-k-online-loterii\/set-for-life-uk-informace\/\" \/>\n<meta property=\"og:locale\" content=\"cs_CZ\" \/>\n<meta property=\"og:type\" content=\"article\" \/>\n<meta property=\"og:title\" content=\"V\u0161echny informace o loterii Set for Life (UK) - LottoHoy.com\" \/>\n<meta property=\"og:description\" content=\"Jin\u00e1 loterie. Jackpot lze z\u00edskat ve spl\u00e1tk\u00e1ch 20 000 eur m\u011bs\u00ed\u010dn\u011b po dobu 30 let. Pod\u00edvejte se na informace o loterii Set for Life (UK)\" \/>\n<meta property=\"og:url\" content=\"https:\/\/lottohoy.com\/cs\/nejcastejsi-dotazy-k-online-loterii\/set-for-life-uk-informace\/\" \/>\n<meta property=\"og:site_name\" content=\"Lottohoy\" \/>\n<meta name=\"twitter:card\" content=\"summary_large_image\" \/>\n<meta name=\"twitter:label1\" content=\"Odhadovan\u00e1 doba \u010dten\u00ed\" \/>\n\t<meta name=\"twitter:data1\" content=\"2 minuty\" \/>\n<script type=\"application\/ld+json\" class=\"yoast-schema-graph\">{\"@context\":\"https:\/\/schema.org\",\"@graph\":[{\"@type\":\"WebPage\",\"@id\":\"https:\/\/lottohoy.com\/cs\/nejcastejsi-dotazy-k-online-loterii\/set-for-life-uk-informace\/\",\"url\":\"https:\/\/lottohoy.com\/cs\/nejcastejsi-dotazy-k-online-loterii\/set-for-life-uk-informace\/\",\"name\":\"V\u0161echny informace o loterii Set for Life (UK) - LottoHoy.com\",\"isPartOf\":{\"@id\":\"https:\/\/lottohoy.com\/cs\/#website\"},\"datePublished\":\"2020-08-10T16:08:14+00:00\",\"dateModified\":\"2020-08-10T16:08:14+00:00\",\"description\":\"Jin\u00e1 loterie. Jackpot lze z\u00edskat ve spl\u00e1tk\u00e1ch 20 000 eur m\u011bs\u00ed\u010dn\u011b po dobu 30 let. Pod\u00edvejte se na informace o loterii Set for Life (UK)\",\"breadcrumb\":{\"@id\":\"https:\/\/lottohoy.com\/cs\/nejcastejsi-dotazy-k-online-loterii\/set-for-life-uk-informace\/#breadcrumb\"},\"inLanguage\":\"cs\",\"potentialAction\":[{\"@type\":\"ReadAction\",\"target\":[\"https:\/\/lottohoy.com\/cs\/nejcastejsi-dotazy-k-online-loterii\/set-for-life-uk-informace\/\"]}]},{\"@type\":\"BreadcrumbList\",\"@id\":\"https:\/\/lottohoy.com\/cs\/nejcastejsi-dotazy-k-online-loterii\/set-for-life-uk-informace\/#breadcrumb\",\"itemListElement\":[{\"@type\":\"ListItem\",\"position\":1,\"name\":\"Home\",\"item\":\"https:\/\/lottohoy.com\/cs\/\"},{\"@type\":\"ListItem\",\"position\":2,\"name\":\"Informace o loterii\",\"item\":\"https:\/\/lottohoy.com\/cs\/nejcastejsi-dotazy-k-online-loterii\/\"},{\"@type\":\"ListItem\",\"position\":3,\"name\":\"Set For Life (UK) Informace\"}]},{\"@type\":\"WebSite\",\"@id\":\"https:\/\/lottohoy.com\/cs\/#website\",\"url\":\"https:\/\/lottohoy.com\/cs\/\",\"name\":\"Lottohoy\",\"description\":\"\",\"potentialAction\":[{\"@type\":\"SearchAction\",\"target\":{\"@type\":\"EntryPoint\",\"urlTemplate\":\"https:\/\/lottohoy.com\/cs\/?s={search_term_string}\"},\"query-input\":{\"@type\":\"PropertyValueSpecification\",\"valueRequired\":true,\"valueName\":\"search_term_string\"}}],\"inLanguage\":\"cs\"}]}<\/script>\n<!-- \/ Yoast SEO plugin. -->","yoast_head_json":{"title":"V\u0161echny informace o loterii Set for Life (UK) - LottoHoy.com","description":"Jin\u00e1 loterie. Jackpot lze z\u00edskat ve spl\u00e1tk\u00e1ch 20 000 eur m\u011bs\u00ed\u010dn\u011b po dobu 30 let. Pod\u00edvejte se na informace o loterii Set for Life (UK)","robots":{"index":"index","follow":"follow","max-snippet":"max-snippet:-1","max-image-preview":"max-image-preview:large","max-video-preview":"max-video-preview:-1"},"canonical":"https:\/\/lottohoy.com\/cs\/nejcastejsi-dotazy-k-online-loterii\/set-for-life-uk-informace\/","og_locale":"cs_CZ","og_type":"article","og_title":"V\u0161echny informace o loterii Set for Life (UK) - LottoHoy.com","og_description":"Jin\u00e1 loterie. Jackpot lze z\u00edskat ve spl\u00e1tk\u00e1ch 20 000 eur m\u011bs\u00ed\u010dn\u011b po dobu 30 let. Pod\u00edvejte se na informace o loterii Set for Life (UK)","og_url":"https:\/\/lottohoy.com\/cs\/nejcastejsi-dotazy-k-online-loterii\/set-for-life-uk-informace\/","og_site_name":"Lottohoy","twitter_card":"summary_large_image","twitter_misc":{"Odhadovan\u00e1 doba \u010dten\u00ed":"2 minuty"},"schema":{"@context":"https:\/\/schema.org","@graph":[{"@type":"WebPage","@id":"https:\/\/lottohoy.com\/cs\/nejcastejsi-dotazy-k-online-loterii\/set-for-life-uk-informace\/","url":"https:\/\/lottohoy.com\/cs\/nejcastejsi-dotazy-k-online-loterii\/set-for-life-uk-informace\/","name":"V\u0161echny informace o loterii Set for Life (UK) - LottoHoy.com","isPartOf":{"@id":"https:\/\/lottohoy.com\/cs\/#website"},"datePublished":"2020-08-10T16:08:14+00:00","dateModified":"2020-08-10T16:08:14+00:00","description":"Jin\u00e1 loterie. Jackpot lze z\u00edskat ve spl\u00e1tk\u00e1ch 20 000 eur m\u011bs\u00ed\u010dn\u011b po dobu 30 let. Pod\u00edvejte se na informace o loterii Set for Life (UK)","breadcrumb":{"@id":"https:\/\/lottohoy.com\/cs\/nejcastejsi-dotazy-k-online-loterii\/set-for-life-uk-informace\/#breadcrumb"},"inLanguage":"cs","potentialAction":[{"@type":"ReadAction","target":["https:\/\/lottohoy.com\/cs\/nejcastejsi-dotazy-k-online-loterii\/set-for-life-uk-informace\/"]}]},{"@type":"BreadcrumbList","@id":"https:\/\/lottohoy.com\/cs\/nejcastejsi-dotazy-k-online-loterii\/set-for-life-uk-informace\/#breadcrumb","itemListElement":[{"@type":"ListItem","position":1,"name":"Home","item":"https:\/\/lottohoy.com\/cs\/"},{"@type":"ListItem","position":2,"name":"Informace o loterii","item":"https:\/\/lottohoy.com\/cs\/nejcastejsi-dotazy-k-online-loterii\/"},{"@type":"ListItem","position":3,"name":"Set For Life (UK) Informace"}]},{"@type":"WebSite","@id":"https:\/\/lottohoy.com\/cs\/#website","url":"https:\/\/lottohoy.com\/cs\/","name":"Lottohoy","description":"","potentialAction":[{"@type":"SearchAction","target":{"@type":"EntryPoint","urlTemplate":"https:\/\/lottohoy.com\/cs\/?s={search_term_string}"},"query-input":{"@type":"PropertyValueSpecification","valueRequired":true,"valueName":"search_term_string"}}],"inLanguage":"cs"}]}},"_links":{"self":[{"href":"https:\/\/lottohoy.com\/cs\/wp-json\/wp\/v2\/pages\/16844","targetHints":{"allow":["GET"]}}],"collection":[{"href":"https:\/\/lottohoy.com\/cs\/wp-json\/wp\/v2\/pages"}],"about":[{"href":"https:\/\/lottohoy.com\/cs\/wp-json\/wp\/v2\/types\/page"}],"author":[{"embeddable":true,"href":"https:\/\/lottohoy.com\/cs\/wp-json\/wp\/v2\/users\/2"}],"replies":[{"embeddable":true,"href":"https:\/\/lottohoy.com\/cs\/wp-json\/wp\/v2\/comments?post=16844"}],"version-history":[{"count":0,"href":"https:\/\/lottohoy.com\/cs\/wp-json\/wp\/v2\/pages\/16844\/revisions"}],"up":[{"embeddable":true,"href":"https:\/\/lottohoy.com\/cs\/wp-json\/wp\/v2\/pages\/16747"}],"wp:attachment":[{"href":"https:\/\/lottohoy.com\/cs\/wp-json\/wp\/v2\/media?parent=16844"}],"curies":[{"name":"wp","href":"https:\/\/api.w.org\/{rel}","templated":true}]}}