{"id":16828,"date":"2018-08-21T10:17:14","date_gmt":"2018-08-21T09:17:14","guid":{"rendered":"https:\/\/lottohoy.com\/?page_id=16828"},"modified":"2025-03-25T13:09:06","modified_gmt":"2025-03-25T13:09:06","slug":"la-primitiva-faq","status":"publish","type":"page","link":"https:\/\/lottohoy.com\/cs\/nejcastejsi-dotazy-k-online-loterii\/la-primitiva-faq\/","title":{"rendered":"La Primitiva FAQ"},"content":{"rendered":"<p>La Primitiva je loterijn\u00ed hra zalo\u017een\u00e1 na p\u0159edpov\u00edd\u00e1n\u00ed \u0161esti \u010d\u00edsel ze 49 mo\u017en\u00fdch. Hra La Primitiva sah\u00e1 a\u017e k po\u010d\u00e1tk\u016fm \u0161pan\u011blsk\u00e9 loterie v roce 1763.<\/p>\n<h2>Pravidla hry La Primitiva<\/h2>\n<p>Pravidla hry La Primitiva jsou velmi jednoduch\u00e1. Hra spo\u010d\u00edv\u00e1 v p\u0159edpov\u00edd\u00e1n\u00ed \u0161esti \u010d\u00edsel z tabulky obsahuj\u00edc\u00ed 49 pol\u00ed\u010dek s \u010d\u00edsly 1 a\u017e 49. Hra se hraje na dv\u011b strany.<\/p>\n<p>Krom\u011b toho lze uzav\u00edrat jednoduch\u00e9 nebo v\u00edcen\u00e1sobn\u00e9 s\u00e1zky. V jednom mus\u00ed b\u00fdt p\u0159edpov\u011bzeno 6 \u010d\u00edsel a m\u016f\u017eete hr\u00e1t libovoln\u00fd po\u010det sloupc\u016f. M\u016f\u017eete tak\u00e9 uzav\u0159\u00edt v\u00edcen\u00e1sobn\u00e9 s\u00e1zky, p\u0159i\u010dem\u017e pou\u017eijete pouze prvn\u00ed z p\u0159edpokl\u00e1dan\u00fdch sloupc\u016f a ozna\u010d\u00edte jej 7 nebo v\u00edce \u010d\u00edsly a\u017e do maxim\u00e1ln\u00edho po\u010dtu 11.<\/p>\n<ul>\n<li>V\u00edcen\u00e1sobn\u00e1 s\u00e1zka na 7 \u010d\u00edsel Primitiva se rovn\u00e1 7 s\u00e1zk\u00e1m.<\/li>\n<li>V\u00edcen\u00e1sobn\u00e1 s\u00e1zka na 8 \u010d\u00edsel Primitiva se rovn\u00e1 28 s\u00e1zk\u00e1m.<\/li>\n<li>V\u00edcen\u00e1sobn\u00e1 s\u00e1zka na 9 \u010d\u00edsel Primitiva se rovn\u00e1 84 s\u00e1zk\u00e1m.<\/li>\n<li>V\u00edcen\u00e1sobn\u00e1 s\u00e1zka na 10 \u010d\u00edsel Primitiva se rovn\u00e1 210 s\u00e1zk\u00e1m.<\/li>\n<li>V\u00edcen\u00e1sobn\u00e1 s\u00e1zka na 11 \u010d\u00edsel Primitiva se rovn\u00e1 462 s\u00e1zk\u00e1m.<\/li>\n<\/ul>\n<p>Krom\u011b t\u011bchto s\u00e1zek je mo\u017en\u00e9 na ofici\u00e1ln\u00edm tiketu zahr\u00e1t tak\u00e9 5 \u010d\u00edsel, co\u017e je v\u00edcen\u00e1sobn\u00e1 s\u00e1zka, ve kter\u00e9 je chyb\u011bj\u00edc\u00ed \u010d\u00edslo v\u017edy automaticky spr\u00e1vn\u00e9. V tomto p\u0159\u00edpad\u011b by to odpov\u00eddalo 44 s\u00e1zk\u00e1m.<\/p>\n<h2><b>Jak\u00e9 je \u010d\u00edslo pro vr\u00e1cen\u00ed s\u00e1zky La Primitiva?<\/b><\/h2>\n<p>\u010c\u00edslo pro vr\u00e1cen\u00ed s\u00e1zky La Primitiva je \u010d\u00edslo n\u00e1hodn\u011b p\u0159id\u011blen\u00e9 syst\u00e9mem v okam\u017eiku potvrzen\u00ed s\u00e1zky.<\/p>\n<p>Odm\u011bna se skl\u00e1d\u00e1 z pevn\u00e9 platby odpov\u00eddaj\u00edc\u00ed \u010d\u00e1stce za jednoduchou s\u00e1zku, a to za ka\u017ed\u00fd tiket s t\u00edmto \u010d\u00edslem, kter\u00fd je vyta\u017een z druh\u00e9ho bubnu obsahuj\u00edc\u00edho m\u00ed\u010dky s \u010d\u00edsly 0 a\u017e 9. Odm\u011bna se vypl\u00e1c\u00ed za ka\u017ed\u00fd tiket s t\u00edmto \u010d\u00edslem.<\/p>\n<h2><b>V\u00fdhody hry Primitiva online<\/b><\/h2>\n<p>D\u00edky nov\u00fdm trend\u016fm na trhu je <a href=\"https:\/\/lottohoy.com\/play\/la-primitiva\/\"><strong>hran\u00ed la Primitiva<\/strong><\/a> stejn\u011b jednoduch\u00e9 jako navigace po internetu.<\/p>\n<p>Z pohodl\u00ed domova, pracovi\u0161t\u011b nebo ve voln\u00e9m \u010dase, s jednoduch\u00fdm p\u0159ipojen\u00edm k internetu, m\u016f\u017eete m\u00edt okam\u017eit\u00fd p\u0159\u00edstup k s\u00e1zen\u00ed na v\u0161echny loterie a samoz\u0159ejm\u011b i na Primitivu.<\/p>\n<p>Hran\u00ed online m\u00e1 spoustu v\u00fdhod:<\/p>\n<ul>\n<li>Je to jednoduch\u00e9, rychl\u00e9 a pohodln\u00e9 a nen\u00ed nutn\u00e9 st\u00e1t ve front\u011b.<\/li>\n<li>M\u00edt u\u017eivatelsk\u00fd \u00fa\u010det na online loterijn\u00ed platform\u011b tak\u00e9 znamen\u00e1 m\u00edt neust\u00e1l\u00e9 informace o v\u0161ech losov\u00e1n\u00edch, nasb\u00edran\u00fdch jackpotech a vyhran\u00fdch cen\u00e1ch.<\/li>\n<li>Je to bezpe\u010dn\u00fd a spolehliv\u00fd zp\u016fsob pro v\u0161echny bankovn\u00ed transakce.<\/li>\n<li>Jako registrovan\u00fd u\u017eivatel nikdy nep\u0159ijdete o tiket, v\u017edy jste okam\u017eit\u011b informov\u00e1ni o v\u0161ech proveden\u00fdch operac\u00edch: n\u00e1kupech, platb\u00e1ch, inkasu atd.<\/li>\n<li>Kdy\u017e registrovan\u00fd u\u017eivatel vyhraje v\u00fdhru, \u010d\u00e1stka uveden\u00e9 v\u00fdhry je automaticky p\u0159ips\u00e1na na jeho u\u017eivatelsk\u00fd \u00fa\u010det.<\/li>\n<\/ul>\n<h2><b>Jackpot La Primitiva<\/b><\/h2>\n<p>V\u00fdhra zvl\u00e1\u0161tn\u00ed kategorie, zn\u00e1m\u00e1 tak\u00e9 jako jackpot, v\u017edy za\u010d\u00edn\u00e1 na garantovan\u00e9m minimu 2 000 000 EUR.<\/p>\n<p>V p\u0159\u00edpad\u011b, \u017ee v losov\u00e1n\u00ed nen\u00ed \u017e\u00e1dn\u00fd v\u00fdherce maxim\u00e1ln\u00ed kategorie, \u010d\u00e1stka se kumuluje pro dal\u0161\u00ed losov\u00e1n\u00ed ve stejn\u00e9 kategorii, dokud n\u011bkdo nakonec nez\u00edsk\u00e1 velkou v\u00fdhru.<\/p>\n<p>Prvn\u00ed vyplacen\u00fd jackpot v historii La Primitiva \u010dinil 62 milion\u016f peset (p\u0159ibli\u017en\u011b p\u0159es 372 000 \u20ac). Nejvy\u0161\u0161\u00ed dosud vyplacen\u00fd jackpot byl 101 724 559,10 \u20ac, kter\u00fd m\u011bl jedin\u00e9ho v\u00fdherce v Barcelon\u011b, a to <sup>15<\/sup>. \u0159\u00edjna 2015.<\/p>\n<h2>\u017dol\u00edk La Primitiva<\/h2>\n<p>\u201e\u017dol\u00edk\u201c, to je voliteln\u00e1 hra spojen\u00e1 s Primitivou, kter\u00e1 je k dispozici od roku 2012.<\/p>\n<p>Kdy\u017e si zahrajete fyzick\u00fd tiket a p\u0159ejete si hr\u00e1t tak\u00e9 \u017eol\u00edka, sta\u010d\u00ed za\u0161krtnout p\u0159\u00edslu\u0161n\u00e9 pol\u00ed\u010dko. Syst\u00e9m automaticky a n\u00e1hodn\u011b p\u0159i\u0159ad\u00ed tiketu La Primitiva kombinaci 7 \u010d\u00edslic v rozsahu od 0 000 000 do 9 999 999 v\u010detn\u011b. Toto \u010d\u00edslo je jedine\u010dn\u00e9, tak\u017ee v\u00edce ne\u017e jeden v\u00fdherce prvn\u00ed kategorie nen\u00ed mo\u017en\u00fd.<\/p>\n<h3><b>Losov\u00e1n\u00ed \u017eol\u00edka<\/b><\/h3>\n<p>Losov\u00e1n\u00ed se prov\u00e1d\u00ed vyta\u017een\u00edm sedmi kuli\u010dek z jin\u00e9ho bubnu, ne\u017e kter\u00fd se pou\u017e\u00edv\u00e1 pro primitivn\u00ed losov\u00e1n\u00ed. Tento buben obsahuje 10 m\u00ed\u010dk\u016f o\u010d\u00edslovan\u00fdch 0 a\u017e 9. Po ka\u017ed\u00e9m vyta\u017een\u00ed se kuli\u010dka znovu vlo\u017e\u00ed do bubnu, co\u017e znamen\u00e1, \u017ee stejn\u00e1 kuli\u010dka m\u016f\u017ee vypadnout v\u00edcekr\u00e1t.<\/p>\n<h3><b>\u017dol\u00edkov\u00e9 v\u00fdhry<\/b><\/h3>\n<p>Abyste z\u00edskali v\u00fdhru, mus\u00ed se \u010d\u00edsla shodovat s \u010d\u00edsly vyta\u017een\u00fdmi p\u0159i losov\u00e1n\u00ed.<\/p>\n<p>Existuje \u0161est kategori\u00ed v\u00fdher s pevn\u011b stanoven\u00fdm p\u0159\u00edd\u011blem pro ka\u017edou kategorii.<\/p>\n<p><b>kategorie Ceny za z\u00e1sah<\/b><\/p>\n<p>1 a\u017e 7 1 000 000 \u20ac<\/p>\n<p>2a\u017e 6 100 000 \u20ac<\/p>\n<p>3a\u017e 5 10 000 \u20ac<\/p>\n<p>4a\u017e 4 1 000 \u20ac<\/p>\n<p>5-3 \u20ac 100<\/p>\n<p>6-2 10 \u20ac<\/p>\n","protected":false},"excerpt":{"rendered":"<p>La Primitiva je loterijn\u00ed hra zalo\u017een\u00e1 na p\u0159edpov\u00edd\u00e1n\u00ed \u0161esti \u010d\u00edsel ze 49 mo\u017en\u00fdch. Hra La Primitiva sah\u00e1 a\u017e k po\u010d\u00e1tk\u016fm \u0161pan\u011blsk\u00e9 loterie v roce 1763. Pravidla hry La Primitiva Pravidla hry La Primitiva jsou velmi jednoduch\u00e1. Hra spo\u010d\u00edv\u00e1 v p\u0159edpov\u00edd\u00e1n\u00ed \u0161esti \u010d\u00edsel z tabulky obsahuj\u00edc\u00ed 49 pol\u00ed\u010dek s \u010d\u00edsly 1 a\u017e 49. Hra se hraje [&hellip;]<\/p>\n","protected":false},"author":7,"featured_media":0,"parent":16747,"menu_order":6,"comment_status":"closed","ping_status":"closed","template":"la-primitiva-info.php","meta":{"_et_pb_use_builder":"","_et_pb_old_content":"","_et_gb_content_width":"","exclude_from_search":false,"footnotes":""},"class_list":["post-16828","page","type-page","status-publish","hentry"],"yoast_head":"<!-- This site is optimized with the Yoast SEO plugin v23.7 - https:\/\/yoast.com\/wordpress\/plugins\/seo\/ -->\n<title>La Primitiva FAQ - Online loterijn\u00ed pr\u016fvodce - Lottohoy<\/title>\n<meta name=\"description\" content=\"Pravidla hry La Primitiva jsou velmi jednoduch\u00e1. Hra spo\u010d\u00edv\u00e1 v p\u0159edpov\u011bdi 6 \u010d\u00edsel z tabulky obsahuj\u00edc\u00ed 49 pol\u00ed\u010dek o\u010d\u00edslovan\u00fdch od 1 do 49. V\u017edy se jedn\u00e1 o 6 \u010d\u00edsel.\" \/>\n<meta name=\"robots\" content=\"index, follow, max-snippet:-1, max-image-preview:large, max-video-preview:-1\" \/>\n<link rel=\"canonical\" href=\"https:\/\/lottohoy.com\/cs\/nejcastejsi-dotazy-k-online-loterii\/la-primitiva-faq\/\" \/>\n<meta property=\"og:locale\" content=\"cs_CZ\" \/>\n<meta property=\"og:type\" content=\"article\" \/>\n<meta property=\"og:title\" content=\"La Primitiva FAQ - Online loterijn\u00ed pr\u016fvodce - Lottohoy\" \/>\n<meta property=\"og:description\" content=\"Pravidla hry La Primitiva jsou velmi jednoduch\u00e1. Hra spo\u010d\u00edv\u00e1 v p\u0159edpov\u011bdi 6 \u010d\u00edsel z tabulky obsahuj\u00edc\u00ed 49 pol\u00ed\u010dek o\u010d\u00edslovan\u00fdch od 1 do 49. V\u017edy se jedn\u00e1 o 6 \u010d\u00edsel.\" \/>\n<meta property=\"og:url\" content=\"https:\/\/lottohoy.com\/cs\/nejcastejsi-dotazy-k-online-loterii\/la-primitiva-faq\/\" \/>\n<meta property=\"og:site_name\" content=\"Lottohoy\" \/>\n<meta property=\"article:modified_time\" content=\"2025-03-25T13:09:06+00:00\" \/>\n<meta name=\"twitter:card\" content=\"summary_large_image\" \/>\n<meta name=\"twitter:label1\" content=\"Odhadovan\u00e1 doba \u010dten\u00ed\" \/>\n\t<meta name=\"twitter:data1\" content=\"3 minuty\" \/>\n<script type=\"application\/ld+json\" class=\"yoast-schema-graph\">{\"@context\":\"https:\/\/schema.org\",\"@graph\":[{\"@type\":\"WebPage\",\"@id\":\"https:\/\/lottohoy.com\/cs\/nejcastejsi-dotazy-k-online-loterii\/la-primitiva-faq\/\",\"url\":\"https:\/\/lottohoy.com\/cs\/nejcastejsi-dotazy-k-online-loterii\/la-primitiva-faq\/\",\"name\":\"La Primitiva FAQ - Online loterijn\u00ed pr\u016fvodce - Lottohoy\",\"isPartOf\":{\"@id\":\"https:\/\/lottohoy.com\/cs\/#website\"},\"datePublished\":\"2018-08-21T09:17:14+00:00\",\"dateModified\":\"2025-03-25T13:09:06+00:00\",\"description\":\"Pravidla hry La Primitiva jsou velmi jednoduch\u00e1. Hra spo\u010d\u00edv\u00e1 v p\u0159edpov\u011bdi 6 \u010d\u00edsel z tabulky obsahuj\u00edc\u00ed 49 pol\u00ed\u010dek o\u010d\u00edslovan\u00fdch od 1 do 49. V\u017edy se jedn\u00e1 o 6 \u010d\u00edsel.\",\"breadcrumb\":{\"@id\":\"https:\/\/lottohoy.com\/cs\/nejcastejsi-dotazy-k-online-loterii\/la-primitiva-faq\/#breadcrumb\"},\"inLanguage\":\"cs\",\"potentialAction\":[{\"@type\":\"ReadAction\",\"target\":[\"https:\/\/lottohoy.com\/cs\/nejcastejsi-dotazy-k-online-loterii\/la-primitiva-faq\/\"]}]},{\"@type\":\"BreadcrumbList\",\"@id\":\"https:\/\/lottohoy.com\/cs\/nejcastejsi-dotazy-k-online-loterii\/la-primitiva-faq\/#breadcrumb\",\"itemListElement\":[{\"@type\":\"ListItem\",\"position\":1,\"name\":\"Home\",\"item\":\"https:\/\/lottohoy.com\/cs\/\"},{\"@type\":\"ListItem\",\"position\":2,\"name\":\"Informace o loterii\",\"item\":\"https:\/\/lottohoy.com\/cs\/nejcastejsi-dotazy-k-online-loterii\/\"},{\"@type\":\"ListItem\",\"position\":3,\"name\":\"La Primitiva FAQ\"}]},{\"@type\":\"WebSite\",\"@id\":\"https:\/\/lottohoy.com\/cs\/#website\",\"url\":\"https:\/\/lottohoy.com\/cs\/\",\"name\":\"Lottohoy\",\"description\":\"\",\"potentialAction\":[{\"@type\":\"SearchAction\",\"target\":{\"@type\":\"EntryPoint\",\"urlTemplate\":\"https:\/\/lottohoy.com\/cs\/?s={search_term_string}\"},\"query-input\":{\"@type\":\"PropertyValueSpecification\",\"valueRequired\":true,\"valueName\":\"search_term_string\"}}],\"inLanguage\":\"cs\"}]}<\/script>\n<!-- \/ Yoast SEO plugin. -->","yoast_head_json":{"title":"La Primitiva FAQ - Online loterijn\u00ed pr\u016fvodce - Lottohoy","description":"Pravidla hry La Primitiva jsou velmi jednoduch\u00e1. Hra spo\u010d\u00edv\u00e1 v p\u0159edpov\u011bdi 6 \u010d\u00edsel z tabulky obsahuj\u00edc\u00ed 49 pol\u00ed\u010dek o\u010d\u00edslovan\u00fdch od 1 do 49. V\u017edy se jedn\u00e1 o 6 \u010d\u00edsel.","robots":{"index":"index","follow":"follow","max-snippet":"max-snippet:-1","max-image-preview":"max-image-preview:large","max-video-preview":"max-video-preview:-1"},"canonical":"https:\/\/lottohoy.com\/cs\/nejcastejsi-dotazy-k-online-loterii\/la-primitiva-faq\/","og_locale":"cs_CZ","og_type":"article","og_title":"La Primitiva FAQ - Online loterijn\u00ed pr\u016fvodce - Lottohoy","og_description":"Pravidla hry La Primitiva jsou velmi jednoduch\u00e1. Hra spo\u010d\u00edv\u00e1 v p\u0159edpov\u011bdi 6 \u010d\u00edsel z tabulky obsahuj\u00edc\u00ed 49 pol\u00ed\u010dek o\u010d\u00edslovan\u00fdch od 1 do 49. V\u017edy se jedn\u00e1 o 6 \u010d\u00edsel.","og_url":"https:\/\/lottohoy.com\/cs\/nejcastejsi-dotazy-k-online-loterii\/la-primitiva-faq\/","og_site_name":"Lottohoy","article_modified_time":"2025-03-25T13:09:06+00:00","twitter_card":"summary_large_image","twitter_misc":{"Odhadovan\u00e1 doba \u010dten\u00ed":"3 minuty"},"schema":{"@context":"https:\/\/schema.org","@graph":[{"@type":"WebPage","@id":"https:\/\/lottohoy.com\/cs\/nejcastejsi-dotazy-k-online-loterii\/la-primitiva-faq\/","url":"https:\/\/lottohoy.com\/cs\/nejcastejsi-dotazy-k-online-loterii\/la-primitiva-faq\/","name":"La Primitiva FAQ - Online loterijn\u00ed pr\u016fvodce - Lottohoy","isPartOf":{"@id":"https:\/\/lottohoy.com\/cs\/#website"},"datePublished":"2018-08-21T09:17:14+00:00","dateModified":"2025-03-25T13:09:06+00:00","description":"Pravidla hry La Primitiva jsou velmi jednoduch\u00e1. Hra spo\u010d\u00edv\u00e1 v p\u0159edpov\u011bdi 6 \u010d\u00edsel z tabulky obsahuj\u00edc\u00ed 49 pol\u00ed\u010dek o\u010d\u00edslovan\u00fdch od 1 do 49. V\u017edy se jedn\u00e1 o 6 \u010d\u00edsel.","breadcrumb":{"@id":"https:\/\/lottohoy.com\/cs\/nejcastejsi-dotazy-k-online-loterii\/la-primitiva-faq\/#breadcrumb"},"inLanguage":"cs","potentialAction":[{"@type":"ReadAction","target":["https:\/\/lottohoy.com\/cs\/nejcastejsi-dotazy-k-online-loterii\/la-primitiva-faq\/"]}]},{"@type":"BreadcrumbList","@id":"https:\/\/lottohoy.com\/cs\/nejcastejsi-dotazy-k-online-loterii\/la-primitiva-faq\/#breadcrumb","itemListElement":[{"@type":"ListItem","position":1,"name":"Home","item":"https:\/\/lottohoy.com\/cs\/"},{"@type":"ListItem","position":2,"name":"Informace o loterii","item":"https:\/\/lottohoy.com\/cs\/nejcastejsi-dotazy-k-online-loterii\/"},{"@type":"ListItem","position":3,"name":"La Primitiva FAQ"}]},{"@type":"WebSite","@id":"https:\/\/lottohoy.com\/cs\/#website","url":"https:\/\/lottohoy.com\/cs\/","name":"Lottohoy","description":"","potentialAction":[{"@type":"SearchAction","target":{"@type":"EntryPoint","urlTemplate":"https:\/\/lottohoy.com\/cs\/?s={search_term_string}"},"query-input":{"@type":"PropertyValueSpecification","valueRequired":true,"valueName":"search_term_string"}}],"inLanguage":"cs"}]}},"_links":{"self":[{"href":"https:\/\/lottohoy.com\/cs\/wp-json\/wp\/v2\/pages\/16828","targetHints":{"allow":["GET"]}}],"collection":[{"href":"https:\/\/lottohoy.com\/cs\/wp-json\/wp\/v2\/pages"}],"about":[{"href":"https:\/\/lottohoy.com\/cs\/wp-json\/wp\/v2\/types\/page"}],"author":[{"embeddable":true,"href":"https:\/\/lottohoy.com\/cs\/wp-json\/wp\/v2\/users\/7"}],"replies":[{"embeddable":true,"href":"https:\/\/lottohoy.com\/cs\/wp-json\/wp\/v2\/comments?post=16828"}],"version-history":[{"count":1,"href":"https:\/\/lottohoy.com\/cs\/wp-json\/wp\/v2\/pages\/16828\/revisions"}],"predecessor-version":[{"id":16829,"href":"https:\/\/lottohoy.com\/cs\/wp-json\/wp\/v2\/pages\/16828\/revisions\/16829"}],"up":[{"embeddable":true,"href":"https:\/\/lottohoy.com\/cs\/wp-json\/wp\/v2\/pages\/16747"}],"wp:attachment":[{"href":"https:\/\/lottohoy.com\/cs\/wp-json\/wp\/v2\/media?parent=16828"}],"curies":[{"name":"wp","href":"https:\/\/api.w.org\/{rel}","templated":true}]}}