{"id":16811,"date":"2019-02-13T18:30:53","date_gmt":"2019-02-13T18:30:53","guid":{"rendered":"https:\/\/lottohoy.com\/nejcastejsi-dotazy-k-online-loterii\/informace-o-el-gordo-de-la-primitiva\/"},"modified":"2019-02-13T18:30:53","modified_gmt":"2019-02-13T18:30:53","slug":"informace-o-el-gordo-de-la-primitiva","status":"publish","type":"page","link":"https:\/\/lottohoy.com\/cs\/nejcastejsi-dotazy-k-online-loterii\/informace-o-el-gordo-de-la-primitiva\/","title":{"rendered":"Informace o El Gordo de la Primitiva"},"content":{"rendered":"<p>El Gordo de la Primitiva byla vytvo\u0159ena spole\u010dnost\u00ed Loterias y Apuestas del Estado (LAE) ve \u0160pan\u011blsku jako dopln\u011bk k dal\u0161\u00edm dv\u011bma lotto hr\u00e1m (Primitiva a BonoLoto).<\/p>\n<p>Prvn\u00ed losov\u00e1n\u00ed se konalo <sup>31<\/sup>. \u0159\u00edjna 1993 a neobvykle se konalo pouze jedno m\u011bs\u00ed\u010dn\u00ed losov\u00e1n\u00ed, a to posledn\u00ed ned\u011bli v m\u011bs\u00edci.<\/p>\n<p>S po\u010d\u00e1te\u010dn\u00ed cenou 500 peset (ekvivalent dne\u0161n\u00edch 3,00 EUR) m\u011bli hr\u00e1\u010di dvojn\u00e1sobnou \u0161anci z\u00fa\u010dastnit se hry. Mohli se rozhodnout pro zakoupen\u00ed p\u0159edti\u0161t\u011bn\u00e9ho tiketu s kombinac\u00ed 5 hlavn\u00edch \u010d\u00edsel a \u010d\u00edsla pro vr\u00e1cen\u00ed pen\u011bz. Druh\u00e1 mo\u017enost umo\u017e\u0148ovala hr\u00e1\u010di zvolit si vlastn\u00ed \u010d\u00edsla prost\u0159ednictv\u00edm losu jin\u00e9 barvy.<\/p>\n<p>Tento syst\u00e9m se udr\u017eel a\u017e do doby o \u010dty\u0159i roky pozd\u011bji, kdy se v \u0159\u00edjnu 1997 slosov\u00e1n\u00ed stalo t\u00fddenn\u00edm a prob\u00edhalo v ned\u011bli, p\u0159i\u010dem\u017e do\u0161lo k n\u011bkolika v\u00fdznamn\u00fdm zm\u011bn\u00e1m v jeho pravidlech.<\/p>\n<p>Vzhledem k tomu, \u017ee losov\u00e1n\u00ed jsou ur\u010dena a vyhrazena pro v\u00fdherce prvn\u00ed kategorie, je mo\u017en\u00e9 z\u00edskat p\u0159\u00edstup ke kumulovan\u00e9mu jackpotu pouze v p\u0159\u00edpad\u011b, \u017ee v p\u0159edchoz\u00edm losov\u00e1n\u00ed nebyl \u017e\u00e1dn\u00fd v\u00fdherce.<\/p>\n<p>Dne <sup>31<\/sup>. ledna 2005 do\u0161lo k v\u00fdznamn\u00e9 zm\u011bn\u011b pravidel, kter\u00e1 zahrnovala garantovan\u00fd minim\u00e1ln\u00ed jackpot ve v\u00fd\u0161i 5 000 000 EUR a a\u017e osm v\u00fdhern\u00edch kategori\u00ed plus n\u00e1hradu. O\u010dek\u00e1v\u00e1n\u00ed na z\u00edsk\u00e1n\u00ed v\u00fdhry se v\u00fdrazn\u011b zv\u00fd\u0161ilo.<\/p>\n<h2><b>Co je El Gordo de la Primitiva?<\/b><\/h2>\n<p>El Gordo de la Primitiva je v podstat\u011b hazardn\u00ed hra, ve kter\u00e9 mus\u00ed hr\u00e1\u010d z\u00edskat co nejv\u00edce shodn\u00fdch \u010d\u00edsel.<\/p>\n<p>P\u0159i tombole se n\u00e1hodn\u011b vylosuje p\u011bt m\u00ed\u010dk\u016f z jednoho z 54 s \u010d\u00edsly od 1 do 54. V p\u0159\u00edpad\u011b, \u017ee se losuje, vylosuje se p\u011bt m\u00ed\u010dk\u016f s \u010d\u00edsly od 1 do 54.<\/p>\n<p>Stejn\u011b tak se z druh\u00e9ho bubnu vyt\u00e1hne kuli\u010dka s \u010d\u00edsly od 0 do 9, kter\u00e1 obsahuje kl\u00ed\u010dov\u00e9 \u010d\u00edslo nebo n\u00e1hradu.<\/p>\n<p>Hr\u00e1\u010d m\u016f\u017ee uzav\u0159\u00edt libovoln\u00fd po\u010det s\u00e1zek a m\u016f\u017ee tak u\u010dinit ru\u010dn\u011b v\u00fdb\u011brem vlastn\u00edch \u010d\u00edsel nebo t\u00edm, \u017ee nech\u00e1 syst\u00e9m vybrat n\u00e1hodnou kombinaci.<\/p>\n<h2><strong>El Gordo de la Primitiva Cena<\/strong><\/h2>\n<p>Ka\u017ed\u00fd tiket El Gordo stoj\u00ed 3 \u20ac a m\u016f\u017eete uzav\u0159\u00edt libovoln\u00fd po\u010det s\u00e1zek.<\/p>\n<h2><b>\u0160ance na v\u00fdhru v El Gordo of la Primitiva<\/b><\/h2>\n<p>\u0160ance na v\u00fdhru je 1 ku 19 (shoda dvou hlavn\u00edch \u010d\u00edsel), zat\u00edmco \u0161ance na v\u00fdhru ceny prvn\u00ed kategorie se sni\u017euje na 1 ku 31 625 100.<\/p>\n<p>M\u016f\u017ee se to zd\u00e1t velmi vzd\u00e1len\u00e9, pokud to srovn\u00e1me s <strong>La Primitivou,<\/strong> kde je \u0161ance 1 ku 13 983 816, a mnohem snaz\u0161\u00ed ne\u017e u Euromilion\u016f, kde je \u0161ance 1 ku 76 275 360.<\/p>\n<h2>Nej\u010dast\u011bji vylosovan\u00e1 \u010d\u00edsla hry El Gordo<\/h2>\n<p>Deset nej\u010dast\u011bji vylosovan\u00fdch \u010d\u00edsel od prvn\u00edho slosov\u00e1n\u00ed ve vzestupn\u00e9m po\u0159ad\u00ed je n\u00e1sleduj\u00edc\u00edch: 3, 6, 18, 21, 23, 11, 34, 27 a 4.<\/p>\n<p>Naopak \u010d\u00edsla, kter\u00e1 se v losov\u00e1n\u00ed objevuj\u00ed nej\u010dast\u011bji, jsou: 52, 50, 54, 51, 49, 46, 48, 47, 43 a 53.<\/p>\n<p>Zaj\u00edmav\u00e9, \u017ee? Zd\u00e1 se, \u017ee \u010d\u00edsla, u nich\u017e je nejm\u00e9n\u011b pravd\u011bpodobn\u00e9, \u017ee se objev\u00ed, maj\u00ed v\u011bt\u0161\u00ed hodnotu.<\/p>\n","protected":false},"excerpt":{"rendered":"<p>El Gordo de la Primitiva byla vytvo\u0159ena spole\u010dnost\u00ed Loterias y Apuestas del Estado (LAE) ve \u0160pan\u011blsku jako dopln\u011bk k dal\u0161\u00edm dv\u011bma lotto hr\u00e1m (Primitiva a BonoLoto). Prvn\u00ed losov\u00e1n\u00ed se konalo 31. \u0159\u00edjna 1993 a neobvykle se konalo pouze jedno m\u011bs\u00ed\u010dn\u00ed losov\u00e1n\u00ed, a to posledn\u00ed ned\u011bli v m\u011bs\u00edci. S po\u010d\u00e1te\u010dn\u00ed cenou 500 peset (ekvivalent dne\u0161n\u00edch 3,00 [&hellip;]<\/p>\n","protected":false},"author":2,"featured_media":0,"parent":16747,"menu_order":6,"comment_status":"closed","ping_status":"closed","template":"el-gordo-info.php","meta":{"_et_pb_use_builder":"","_et_pb_old_content":"","_et_gb_content_width":"","exclude_from_search":false,"footnotes":""},"class_list":["post-16811","page","type-page","status-publish","hentry"],"yoast_head":"<!-- This site is optimized with the Yoast SEO plugin v23.7 - https:\/\/yoast.com\/wordpress\/plugins\/seo\/ -->\n<title>Informace o El Gordo de la Primitiva - Lottohoy<\/title>\n<meta name=\"description\" content=\"V\u0161e, co pot\u0159ebujete v\u011bd\u011bt o El Gordo de la Primitiva, jedn\u00e9 z nejzn\u00e1m\u011bj\u0161\u00edch \u0161pan\u011blsk\u00fdch loteri\u00ed, najdete v na\u0161em pr\u016fvodci loteri\u00ed.\" \/>\n<meta name=\"robots\" content=\"index, follow, max-snippet:-1, max-image-preview:large, max-video-preview:-1\" \/>\n<link rel=\"canonical\" href=\"https:\/\/lottohoy.com\/cs\/nejcastejsi-dotazy-k-online-loterii\/informace-o-el-gordo-de-la-primitiva\/\" \/>\n<meta property=\"og:locale\" content=\"cs_CZ\" \/>\n<meta property=\"og:type\" content=\"article\" \/>\n<meta property=\"og:title\" content=\"Informace o El Gordo de la Primitiva - Lottohoy\" \/>\n<meta property=\"og:description\" content=\"V\u0161e, co pot\u0159ebujete v\u011bd\u011bt o El Gordo de la Primitiva, jedn\u00e9 z nejzn\u00e1m\u011bj\u0161\u00edch \u0161pan\u011blsk\u00fdch loteri\u00ed, najdete v na\u0161em pr\u016fvodci loteri\u00ed.\" \/>\n<meta property=\"og:url\" content=\"https:\/\/lottohoy.com\/cs\/nejcastejsi-dotazy-k-online-loterii\/informace-o-el-gordo-de-la-primitiva\/\" \/>\n<meta property=\"og:site_name\" content=\"Lottohoy\" \/>\n<meta name=\"twitter:card\" content=\"summary_large_image\" \/>\n<meta name=\"twitter:label1\" content=\"Odhadovan\u00e1 doba \u010dten\u00ed\" \/>\n\t<meta name=\"twitter:data1\" content=\"3 minuty\" \/>\n<script type=\"application\/ld+json\" class=\"yoast-schema-graph\">{\"@context\":\"https:\/\/schema.org\",\"@graph\":[{\"@type\":\"WebPage\",\"@id\":\"https:\/\/lottohoy.com\/cs\/nejcastejsi-dotazy-k-online-loterii\/informace-o-el-gordo-de-la-primitiva\/\",\"url\":\"https:\/\/lottohoy.com\/cs\/nejcastejsi-dotazy-k-online-loterii\/informace-o-el-gordo-de-la-primitiva\/\",\"name\":\"Informace o El Gordo de la Primitiva - Lottohoy\",\"isPartOf\":{\"@id\":\"https:\/\/lottohoy.com\/cs\/#website\"},\"datePublished\":\"2019-02-13T18:30:53+00:00\",\"dateModified\":\"2019-02-13T18:30:53+00:00\",\"description\":\"V\u0161e, co pot\u0159ebujete v\u011bd\u011bt o El Gordo de la Primitiva, jedn\u00e9 z nejzn\u00e1m\u011bj\u0161\u00edch \u0161pan\u011blsk\u00fdch loteri\u00ed, najdete v na\u0161em pr\u016fvodci loteri\u00ed.\",\"breadcrumb\":{\"@id\":\"https:\/\/lottohoy.com\/cs\/nejcastejsi-dotazy-k-online-loterii\/informace-o-el-gordo-de-la-primitiva\/#breadcrumb\"},\"inLanguage\":\"cs\",\"potentialAction\":[{\"@type\":\"ReadAction\",\"target\":[\"https:\/\/lottohoy.com\/cs\/nejcastejsi-dotazy-k-online-loterii\/informace-o-el-gordo-de-la-primitiva\/\"]}]},{\"@type\":\"BreadcrumbList\",\"@id\":\"https:\/\/lottohoy.com\/cs\/nejcastejsi-dotazy-k-online-loterii\/informace-o-el-gordo-de-la-primitiva\/#breadcrumb\",\"itemListElement\":[{\"@type\":\"ListItem\",\"position\":1,\"name\":\"Home\",\"item\":\"https:\/\/lottohoy.com\/cs\/\"},{\"@type\":\"ListItem\",\"position\":2,\"name\":\"Informace o loterii\",\"item\":\"https:\/\/lottohoy.com\/cs\/nejcastejsi-dotazy-k-online-loterii\/\"},{\"@type\":\"ListItem\",\"position\":3,\"name\":\"Informace o El Gordo de la Primitiva\"}]},{\"@type\":\"WebSite\",\"@id\":\"https:\/\/lottohoy.com\/cs\/#website\",\"url\":\"https:\/\/lottohoy.com\/cs\/\",\"name\":\"Lottohoy\",\"description\":\"\",\"potentialAction\":[{\"@type\":\"SearchAction\",\"target\":{\"@type\":\"EntryPoint\",\"urlTemplate\":\"https:\/\/lottohoy.com\/cs\/?s={search_term_string}\"},\"query-input\":{\"@type\":\"PropertyValueSpecification\",\"valueRequired\":true,\"valueName\":\"search_term_string\"}}],\"inLanguage\":\"cs\"}]}<\/script>\n<!-- \/ Yoast SEO plugin. -->","yoast_head_json":{"title":"Informace o El Gordo de la Primitiva - Lottohoy","description":"V\u0161e, co pot\u0159ebujete v\u011bd\u011bt o El Gordo de la Primitiva, jedn\u00e9 z nejzn\u00e1m\u011bj\u0161\u00edch \u0161pan\u011blsk\u00fdch loteri\u00ed, najdete v na\u0161em pr\u016fvodci loteri\u00ed.","robots":{"index":"index","follow":"follow","max-snippet":"max-snippet:-1","max-image-preview":"max-image-preview:large","max-video-preview":"max-video-preview:-1"},"canonical":"https:\/\/lottohoy.com\/cs\/nejcastejsi-dotazy-k-online-loterii\/informace-o-el-gordo-de-la-primitiva\/","og_locale":"cs_CZ","og_type":"article","og_title":"Informace o El Gordo de la Primitiva - Lottohoy","og_description":"V\u0161e, co pot\u0159ebujete v\u011bd\u011bt o El Gordo de la Primitiva, jedn\u00e9 z nejzn\u00e1m\u011bj\u0161\u00edch \u0161pan\u011blsk\u00fdch loteri\u00ed, najdete v na\u0161em pr\u016fvodci loteri\u00ed.","og_url":"https:\/\/lottohoy.com\/cs\/nejcastejsi-dotazy-k-online-loterii\/informace-o-el-gordo-de-la-primitiva\/","og_site_name":"Lottohoy","twitter_card":"summary_large_image","twitter_misc":{"Odhadovan\u00e1 doba \u010dten\u00ed":"3 minuty"},"schema":{"@context":"https:\/\/schema.org","@graph":[{"@type":"WebPage","@id":"https:\/\/lottohoy.com\/cs\/nejcastejsi-dotazy-k-online-loterii\/informace-o-el-gordo-de-la-primitiva\/","url":"https:\/\/lottohoy.com\/cs\/nejcastejsi-dotazy-k-online-loterii\/informace-o-el-gordo-de-la-primitiva\/","name":"Informace o El Gordo de la Primitiva - Lottohoy","isPartOf":{"@id":"https:\/\/lottohoy.com\/cs\/#website"},"datePublished":"2019-02-13T18:30:53+00:00","dateModified":"2019-02-13T18:30:53+00:00","description":"V\u0161e, co pot\u0159ebujete v\u011bd\u011bt o El Gordo de la Primitiva, jedn\u00e9 z nejzn\u00e1m\u011bj\u0161\u00edch \u0161pan\u011blsk\u00fdch loteri\u00ed, najdete v na\u0161em pr\u016fvodci loteri\u00ed.","breadcrumb":{"@id":"https:\/\/lottohoy.com\/cs\/nejcastejsi-dotazy-k-online-loterii\/informace-o-el-gordo-de-la-primitiva\/#breadcrumb"},"inLanguage":"cs","potentialAction":[{"@type":"ReadAction","target":["https:\/\/lottohoy.com\/cs\/nejcastejsi-dotazy-k-online-loterii\/informace-o-el-gordo-de-la-primitiva\/"]}]},{"@type":"BreadcrumbList","@id":"https:\/\/lottohoy.com\/cs\/nejcastejsi-dotazy-k-online-loterii\/informace-o-el-gordo-de-la-primitiva\/#breadcrumb","itemListElement":[{"@type":"ListItem","position":1,"name":"Home","item":"https:\/\/lottohoy.com\/cs\/"},{"@type":"ListItem","position":2,"name":"Informace o loterii","item":"https:\/\/lottohoy.com\/cs\/nejcastejsi-dotazy-k-online-loterii\/"},{"@type":"ListItem","position":3,"name":"Informace o El Gordo de la Primitiva"}]},{"@type":"WebSite","@id":"https:\/\/lottohoy.com\/cs\/#website","url":"https:\/\/lottohoy.com\/cs\/","name":"Lottohoy","description":"","potentialAction":[{"@type":"SearchAction","target":{"@type":"EntryPoint","urlTemplate":"https:\/\/lottohoy.com\/cs\/?s={search_term_string}"},"query-input":{"@type":"PropertyValueSpecification","valueRequired":true,"valueName":"search_term_string"}}],"inLanguage":"cs"}]}},"_links":{"self":[{"href":"https:\/\/lottohoy.com\/cs\/wp-json\/wp\/v2\/pages\/16811","targetHints":{"allow":["GET"]}}],"collection":[{"href":"https:\/\/lottohoy.com\/cs\/wp-json\/wp\/v2\/pages"}],"about":[{"href":"https:\/\/lottohoy.com\/cs\/wp-json\/wp\/v2\/types\/page"}],"author":[{"embeddable":true,"href":"https:\/\/lottohoy.com\/cs\/wp-json\/wp\/v2\/users\/2"}],"replies":[{"embeddable":true,"href":"https:\/\/lottohoy.com\/cs\/wp-json\/wp\/v2\/comments?post=16811"}],"version-history":[{"count":0,"href":"https:\/\/lottohoy.com\/cs\/wp-json\/wp\/v2\/pages\/16811\/revisions"}],"up":[{"embeddable":true,"href":"https:\/\/lottohoy.com\/cs\/wp-json\/wp\/v2\/pages\/16747"}],"wp:attachment":[{"href":"https:\/\/lottohoy.com\/cs\/wp-json\/wp\/v2\/media?parent=16811"}],"curies":[{"name":"wp","href":"https:\/\/api.w.org\/{rel}","templated":true}]}}