{"id":16808,"date":"2018-05-03T14:23:35","date_gmt":"2018-05-03T13:23:35","guid":{"rendered":"https:\/\/lottohoy.com\/?page_id=16808"},"modified":"2025-03-25T12:52:33","modified_gmt":"2025-03-25T12:52:33","slug":"superenalotto-loterie-faq","status":"publish","type":"page","link":"https:\/\/lottohoy.com\/cs\/nejcastejsi-dotazy-k-online-loterii\/superenalotto-loterie-faq\/","title":{"rendered":"SuperEnalotto loterie FAQ"},"content":{"rendered":"<h2><strong>SuperEnalotto It\u00e1lie<\/strong><\/h2>\n<p>SuperEnalotto existuje od roku 1997, kdy nahradilo sv\u00e9ho p\u0159edch\u016fdce Enalotto. Zpo\u010d\u00e1tku byl v\u00fdb\u011br v\u00fdhern\u00ed kombinace pom\u011brn\u011b slo\u017eit\u00fd, proto\u017ee byl zalo\u017een na vylosov\u00e1n\u00ed prvn\u00edho m\u00ed\u010dku z ka\u017ed\u00e9ho z bubn\u016f, kter\u00e9 se slavily ve m\u011bstech Bari, Florencie, Mil\u00e1n, \u0158\u00edm, Neapol a Palermo.<\/p>\n<p>To znamen\u00e1, \u017ee ka\u017ed\u00e9 z t\u011bchto m\u011bst uspo\u0159\u00e1dalo vlastn\u00ed loterii a prvn\u00ed kuli\u010dka, kter\u00e1 byla vyta\u017eena z ka\u017ed\u00e9ho bubnu, tvo\u0159ila v\u00fdhern\u00ed kombinaci SuperEnalotto. V p\u0159\u00edpad\u011b, \u017ee jedna z t\u011bchto kuli\u010dek vy\u0161la se stejn\u00fdm \u010d\u00edslem jako jin\u00e1 z bubn\u016f, byla tato kuli\u010dka nahrazena druhou, t\u0159et\u00ed atd.<\/p>\n<p>K dokon\u010den\u00ed cel\u00e9 hry byla vybr\u00e1na prvn\u00ed kuli\u010dka vyta\u017een\u00e1 z ben\u00e1tsk\u00e9ho bubnu a z\u00edskala kategorii Jolly, zat\u00edmco k ur\u010den\u00ed Superstar byla vybr\u00e1na prvn\u00ed kuli\u010dka vyta\u017een\u00e1 z n\u00e1rodn\u00edho bubnu.<\/p>\n<p>Cel\u00e1 tato slo\u017eitost byla v roce 2009 zjednodu\u0161ena nov\u00fdm na\u0159\u00edzen\u00edm, kter\u00e9 p\u0159istoupilo k odeb\u00edr\u00e1n\u00ed m\u00ed\u010dk\u016f p\u0159\u00edmo ze dvou unik\u00e1tn\u00edch bubn\u016f. Jeden z nich obsahuje koule, kter\u00e9 ur\u010d\u00ed kombinaci \u0161esti \u010d\u00edsel plus sedmou kouli pro Jolly, a druh\u00fd pro z\u00edsk\u00e1n\u00ed koule pro Super Star.<\/p>\n<h2><strong>Jak SuperEnalotto funguje?<\/strong><\/h2>\n<p>SuperEnalotto je jednou z nejjednodu\u0161\u0161\u00edch loteri\u00ed, kterou lze hr\u00e1t. Sta\u010d\u00ed vybrat 6 \u010d\u00edsel v rozmez\u00ed od 1 do 90 a po\u010dkat na v\u00fdsledky.<\/p>\n<p>Chcete-li hr\u00e1t v LottoHoy, sta\u010d\u00ed si vytvo\u0159it \u00fa\u010det, p\u0159ej\u00edt na str\u00e1nku <a href=\"https:\/\/lottohoy.com\/play\/superenalotto\/\"><strong>hr\u00e1t Superenalotto<\/strong><\/a> a vybrat si svou obl\u00edbenou kombinaci. Po losov\u00e1n\u00ed pak obdr\u017e\u00edte informace o vylosovan\u00fdch \u010d\u00edslech a va\u0161e v\u00fdhry budou p\u0159ips\u00e1ny na v\u00e1\u0161 u\u017eivatelsk\u00fd \u00fa\u010det.<\/p>\n<h2><strong>Kdy se SuperEnalotto losuje?<\/strong><\/h2>\n<p>Superenalotto se losuje t\u0159ikr\u00e1t t\u00fddn\u011b: Prob\u00edhaj\u00ed v\u017edy v \u00fater\u00fd, ve \u010dtvrtek a v sobotu ve 20:00 hodin st\u0159edoevropsk\u00e9ho \u010dasu.<\/p>\n<p>Pokud je den losov\u00e1n\u00ed st\u00e1tn\u00edm sv\u00e1tkem, m\u016f\u017ee b\u00fdt datum zm\u011bn\u011bno. To bude ozn\u00e1meno p\u0159edem.<\/p>\n<h2><strong>Jak hr\u00e1t SuperEnalotto online<\/strong><\/h2>\n<p>Hran\u00ed superEnalotta online m\u00e1 spoustu v\u00fdhod:<\/p>\n<ul>\n<li>Jednou z velk\u00fdch v\u00fdhod hry Superenalotto online je, \u017ee ji budete moci hr\u00e1t kdykoli b\u011bhem dne i noci, 24 hodin denn\u011b, 7 dn\u00ed v t\u00fddnu, 365 dn\u00ed v roce. Sta\u010d\u00ed m\u00edt mobiln\u00ed za\u0159\u00edzen\u00ed, tablet nebo po\u010d\u00edta\u010d, a to odkudkoli na sv\u011bt\u011b.<\/li>\n<li>Osoby, kter\u00e9 nemaj\u00ed bydli\u0161t\u011b v It\u00e1lii, maj\u00ed prost\u0159ednictv\u00edm LottoHoy.com re\u00e1lnou mo\u017enost p\u0159\u00edstupu k t\u00e9to \u0161\u0165avnat\u00e9 loterii a jej\u00edm velk\u00fdm jackpot\u016fm.<\/li>\n<li>Tiket se kupuje p\u0159\u00edmo v autorizovan\u00e9 provozovn\u011b, a t\u00edm je \u00fa\u010dast re\u00e1ln\u00e1. Nebo prost\u0159ednictv\u00edm poji\u0161t\u011bn\u00ed.<\/li>\n<li>V\u00fdhru obdr\u017e\u00edte ihned po zve\u0159ejn\u011bn\u00ed <a href=\"https:\/\/lottohoy.com\/results\/superenalotto\/\"><strong>v\u00fdsledk\u016f Superenalotto<\/strong><\/a>.<\/li>\n<li>Informace o v\u0161ech prov\u00e1d\u011bn\u00fdch operac\u00edch.<\/li>\n<li>\u00daschova zakoupen\u00fdch tiket\u016f, \u010d\u00edm\u017e se p\u0159edejde p\u0159\u00edpadn\u00fdm ztr\u00e1t\u00e1m nebo p\u0159ehl\u00e9dnut\u00edm.<\/li>\n<li>P\u0159esn\u00e9 informace o v\u0161ech jackpotech v okam\u017eiku jejich vylosov\u00e1n\u00ed, abyste neprop\u00e1sli p\u0159\u00edle\u017eitost se jich z\u00fa\u010dastnit.<\/li>\n<li>\u0160irok\u00e1 \u0161k\u00e1la platebn\u00edch metod.<\/li>\n<\/ul>\n<h2><strong>Kolik SuperEnalotto stoj\u00ed?<\/strong><\/h2>\n<p>Na LottoHoy m\u016f\u017eete hr\u00e1t SuperEnalotto od po\u010d\u00e1te\u010dn\u00ed ceny 2 \u20ac. To je nejlep\u0161\u00ed cena na internetu, abyste m\u011bli bezpe\u010dn\u00fd a rychl\u00fd z\u00e1\u017eitek.<\/p>\n<h2><strong>Pravd\u011bpodobnost v\u00fdhry v SuperEnalotto<\/strong><\/h2>\n<p>Pod\u00edvejte se na pr\u016fm\u011brnou \u010d\u00e1stku, kterou m\u016f\u017eete vyhr\u00e1t v ka\u017ed\u00e9 z kategori\u00ed, a nav\u00edc na statistickou pravd\u011bpodobnost, \u017ee tref\u00edte n\u011bkterou z v\u00fdher.<\/p>\n","protected":false},"excerpt":{"rendered":"<p>SuperEnalotto It\u00e1lie SuperEnalotto existuje od roku 1997, kdy nahradilo sv\u00e9ho p\u0159edch\u016fdce Enalotto. Zpo\u010d\u00e1tku byl v\u00fdb\u011br v\u00fdhern\u00ed kombinace pom\u011brn\u011b slo\u017eit\u00fd, proto\u017ee byl zalo\u017een na vylosov\u00e1n\u00ed prvn\u00edho m\u00ed\u010dku z ka\u017ed\u00e9ho z bubn\u016f, kter\u00e9 se slavily ve m\u011bstech Bari, Florencie, Mil\u00e1n, \u0158\u00edm, Neapol a Palermo. To znamen\u00e1, \u017ee ka\u017ed\u00e9 z t\u011bchto m\u011bst uspo\u0159\u00e1dalo vlastn\u00ed loterii a prvn\u00ed kuli\u010dka, [&hellip;]<\/p>\n","protected":false},"author":7,"featured_media":0,"parent":16747,"menu_order":5,"comment_status":"closed","ping_status":"closed","template":"superenalotto-info.php","meta":{"_et_pb_use_builder":"","_et_pb_old_content":"","_et_gb_content_width":"","exclude_from_search":false,"footnotes":""},"class_list":["post-16808","page","type-page","status-publish","hentry"],"yoast_head":"<!-- This site is optimized with the Yoast SEO plugin v23.7 - https:\/\/yoast.com\/wordpress\/plugins\/seo\/ -->\n<title>\u25b7 Nej\u010dast\u011bj\u0161\u00ed dotazy k SuperEnalotto - nejv\u011bt\u0161\u00ed italsk\u00e1 loterie<\/title>\n<meta name=\"description\" content=\"SuperEnalotto je jednou z nejlep\u0161\u00edch loteri\u00ed, kter\u00e9 m\u016f\u017eete hr\u00e1t. Sta\u010d\u00ed si vybrat 6 \u010d\u00edsel od 1 do 90 a po\u010dkat na v\u00fdsledky. Vyzkou\u0161ejte si ji online hned te\u010f!\" \/>\n<meta name=\"robots\" content=\"index, follow, max-snippet:-1, max-image-preview:large, max-video-preview:-1\" \/>\n<link rel=\"canonical\" href=\"https:\/\/lottohoy.com\/cs\/nejcastejsi-dotazy-k-online-loterii\/superenalotto-loterie-faq\/\" \/>\n<meta property=\"og:locale\" content=\"cs_CZ\" \/>\n<meta property=\"og:type\" content=\"article\" \/>\n<meta property=\"og:title\" content=\"\u25b7 Nej\u010dast\u011bj\u0161\u00ed dotazy k SuperEnalotto - nejv\u011bt\u0161\u00ed italsk\u00e1 loterie\" \/>\n<meta property=\"og:description\" content=\"SuperEnalotto je jednou z nejlep\u0161\u00edch loteri\u00ed, kter\u00e9 m\u016f\u017eete hr\u00e1t. Sta\u010d\u00ed si vybrat 6 \u010d\u00edsel od 1 do 90 a po\u010dkat na v\u00fdsledky. Vyzkou\u0161ejte si ji online hned te\u010f!\" \/>\n<meta property=\"og:url\" content=\"https:\/\/lottohoy.com\/cs\/nejcastejsi-dotazy-k-online-loterii\/superenalotto-loterie-faq\/\" \/>\n<meta property=\"og:site_name\" content=\"Lottohoy\" \/>\n<meta property=\"article:modified_time\" content=\"2025-03-25T12:52:33+00:00\" \/>\n<meta name=\"twitter:card\" content=\"summary_large_image\" \/>\n<meta name=\"twitter:label1\" content=\"Odhadovan\u00e1 doba \u010dten\u00ed\" \/>\n\t<meta name=\"twitter:data1\" content=\"2 minuty\" \/>\n<script type=\"application\/ld+json\" class=\"yoast-schema-graph\">{\"@context\":\"https:\/\/schema.org\",\"@graph\":[{\"@type\":\"WebPage\",\"@id\":\"https:\/\/lottohoy.com\/cs\/nejcastejsi-dotazy-k-online-loterii\/superenalotto-loterie-faq\/\",\"url\":\"https:\/\/lottohoy.com\/cs\/nejcastejsi-dotazy-k-online-loterii\/superenalotto-loterie-faq\/\",\"name\":\"\u25b7 Nej\u010dast\u011bj\u0161\u00ed dotazy k SuperEnalotto - nejv\u011bt\u0161\u00ed italsk\u00e1 loterie\",\"isPartOf\":{\"@id\":\"https:\/\/lottohoy.com\/cs\/#website\"},\"datePublished\":\"2018-05-03T13:23:35+00:00\",\"dateModified\":\"2025-03-25T12:52:33+00:00\",\"description\":\"SuperEnalotto je jednou z nejlep\u0161\u00edch loteri\u00ed, kter\u00e9 m\u016f\u017eete hr\u00e1t. Sta\u010d\u00ed si vybrat 6 \u010d\u00edsel od 1 do 90 a po\u010dkat na v\u00fdsledky. Vyzkou\u0161ejte si ji online hned te\u010f!\",\"breadcrumb\":{\"@id\":\"https:\/\/lottohoy.com\/cs\/nejcastejsi-dotazy-k-online-loterii\/superenalotto-loterie-faq\/#breadcrumb\"},\"inLanguage\":\"cs\",\"potentialAction\":[{\"@type\":\"ReadAction\",\"target\":[\"https:\/\/lottohoy.com\/cs\/nejcastejsi-dotazy-k-online-loterii\/superenalotto-loterie-faq\/\"]}]},{\"@type\":\"BreadcrumbList\",\"@id\":\"https:\/\/lottohoy.com\/cs\/nejcastejsi-dotazy-k-online-loterii\/superenalotto-loterie-faq\/#breadcrumb\",\"itemListElement\":[{\"@type\":\"ListItem\",\"position\":1,\"name\":\"Home\",\"item\":\"https:\/\/lottohoy.com\/cs\/\"},{\"@type\":\"ListItem\",\"position\":2,\"name\":\"Informace o loterii\",\"item\":\"https:\/\/lottohoy.com\/cs\/nejcastejsi-dotazy-k-online-loterii\/\"},{\"@type\":\"ListItem\",\"position\":3,\"name\":\"SuperEnalotto loterie FAQ\"}]},{\"@type\":\"WebSite\",\"@id\":\"https:\/\/lottohoy.com\/cs\/#website\",\"url\":\"https:\/\/lottohoy.com\/cs\/\",\"name\":\"Lottohoy\",\"description\":\"\",\"potentialAction\":[{\"@type\":\"SearchAction\",\"target\":{\"@type\":\"EntryPoint\",\"urlTemplate\":\"https:\/\/lottohoy.com\/cs\/?s={search_term_string}\"},\"query-input\":{\"@type\":\"PropertyValueSpecification\",\"valueRequired\":true,\"valueName\":\"search_term_string\"}}],\"inLanguage\":\"cs\"}]}<\/script>\n<!-- \/ Yoast SEO plugin. -->","yoast_head_json":{"title":"\u25b7 Nej\u010dast\u011bj\u0161\u00ed dotazy k SuperEnalotto - nejv\u011bt\u0161\u00ed italsk\u00e1 loterie","description":"SuperEnalotto je jednou z nejlep\u0161\u00edch loteri\u00ed, kter\u00e9 m\u016f\u017eete hr\u00e1t. Sta\u010d\u00ed si vybrat 6 \u010d\u00edsel od 1 do 90 a po\u010dkat na v\u00fdsledky. Vyzkou\u0161ejte si ji online hned te\u010f!","robots":{"index":"index","follow":"follow","max-snippet":"max-snippet:-1","max-image-preview":"max-image-preview:large","max-video-preview":"max-video-preview:-1"},"canonical":"https:\/\/lottohoy.com\/cs\/nejcastejsi-dotazy-k-online-loterii\/superenalotto-loterie-faq\/","og_locale":"cs_CZ","og_type":"article","og_title":"\u25b7 Nej\u010dast\u011bj\u0161\u00ed dotazy k SuperEnalotto - nejv\u011bt\u0161\u00ed italsk\u00e1 loterie","og_description":"SuperEnalotto je jednou z nejlep\u0161\u00edch loteri\u00ed, kter\u00e9 m\u016f\u017eete hr\u00e1t. Sta\u010d\u00ed si vybrat 6 \u010d\u00edsel od 1 do 90 a po\u010dkat na v\u00fdsledky. Vyzkou\u0161ejte si ji online hned te\u010f!","og_url":"https:\/\/lottohoy.com\/cs\/nejcastejsi-dotazy-k-online-loterii\/superenalotto-loterie-faq\/","og_site_name":"Lottohoy","article_modified_time":"2025-03-25T12:52:33+00:00","twitter_card":"summary_large_image","twitter_misc":{"Odhadovan\u00e1 doba \u010dten\u00ed":"2 minuty"},"schema":{"@context":"https:\/\/schema.org","@graph":[{"@type":"WebPage","@id":"https:\/\/lottohoy.com\/cs\/nejcastejsi-dotazy-k-online-loterii\/superenalotto-loterie-faq\/","url":"https:\/\/lottohoy.com\/cs\/nejcastejsi-dotazy-k-online-loterii\/superenalotto-loterie-faq\/","name":"\u25b7 Nej\u010dast\u011bj\u0161\u00ed dotazy k SuperEnalotto - nejv\u011bt\u0161\u00ed italsk\u00e1 loterie","isPartOf":{"@id":"https:\/\/lottohoy.com\/cs\/#website"},"datePublished":"2018-05-03T13:23:35+00:00","dateModified":"2025-03-25T12:52:33+00:00","description":"SuperEnalotto je jednou z nejlep\u0161\u00edch loteri\u00ed, kter\u00e9 m\u016f\u017eete hr\u00e1t. Sta\u010d\u00ed si vybrat 6 \u010d\u00edsel od 1 do 90 a po\u010dkat na v\u00fdsledky. Vyzkou\u0161ejte si ji online hned te\u010f!","breadcrumb":{"@id":"https:\/\/lottohoy.com\/cs\/nejcastejsi-dotazy-k-online-loterii\/superenalotto-loterie-faq\/#breadcrumb"},"inLanguage":"cs","potentialAction":[{"@type":"ReadAction","target":["https:\/\/lottohoy.com\/cs\/nejcastejsi-dotazy-k-online-loterii\/superenalotto-loterie-faq\/"]}]},{"@type":"BreadcrumbList","@id":"https:\/\/lottohoy.com\/cs\/nejcastejsi-dotazy-k-online-loterii\/superenalotto-loterie-faq\/#breadcrumb","itemListElement":[{"@type":"ListItem","position":1,"name":"Home","item":"https:\/\/lottohoy.com\/cs\/"},{"@type":"ListItem","position":2,"name":"Informace o loterii","item":"https:\/\/lottohoy.com\/cs\/nejcastejsi-dotazy-k-online-loterii\/"},{"@type":"ListItem","position":3,"name":"SuperEnalotto loterie FAQ"}]},{"@type":"WebSite","@id":"https:\/\/lottohoy.com\/cs\/#website","url":"https:\/\/lottohoy.com\/cs\/","name":"Lottohoy","description":"","potentialAction":[{"@type":"SearchAction","target":{"@type":"EntryPoint","urlTemplate":"https:\/\/lottohoy.com\/cs\/?s={search_term_string}"},"query-input":{"@type":"PropertyValueSpecification","valueRequired":true,"valueName":"search_term_string"}}],"inLanguage":"cs"}]}},"_links":{"self":[{"href":"https:\/\/lottohoy.com\/cs\/wp-json\/wp\/v2\/pages\/16808","targetHints":{"allow":["GET"]}}],"collection":[{"href":"https:\/\/lottohoy.com\/cs\/wp-json\/wp\/v2\/pages"}],"about":[{"href":"https:\/\/lottohoy.com\/cs\/wp-json\/wp\/v2\/types\/page"}],"author":[{"embeddable":true,"href":"https:\/\/lottohoy.com\/cs\/wp-json\/wp\/v2\/users\/7"}],"replies":[{"embeddable":true,"href":"https:\/\/lottohoy.com\/cs\/wp-json\/wp\/v2\/comments?post=16808"}],"version-history":[{"count":1,"href":"https:\/\/lottohoy.com\/cs\/wp-json\/wp\/v2\/pages\/16808\/revisions"}],"predecessor-version":[{"id":16809,"href":"https:\/\/lottohoy.com\/cs\/wp-json\/wp\/v2\/pages\/16808\/revisions\/16809"}],"up":[{"embeddable":true,"href":"https:\/\/lottohoy.com\/cs\/wp-json\/wp\/v2\/pages\/16747"}],"wp:attachment":[{"href":"https:\/\/lottohoy.com\/cs\/wp-json\/wp\/v2\/media?parent=16808"}],"curies":[{"name":"wp","href":"https:\/\/api.w.org\/{rel}","templated":true}]}}